{"id":14228,"date":"2026-02-26T04:19:31","date_gmt":"2026-02-26T03:19:31","guid":{"rendered":"https:\/\/rowermax.shop\/ro64\/produkt\/rower-orbea-terra-h40-2024-infinity-green-ivory-white-rozmiar-l\/"},"modified":"2026-02-26T04:19:32","modified_gmt":"2026-02-26T03:19:32","slug":"rower-orbea-terra-h40-2024-infinity-green-ivory-white-rozmiar-l","status":"publish","type":"product","link":"https:\/\/twojerowery.shop\/ro64\/produkt\/rower-orbea-terra-h40-2024-infinity-green-ivory-white-rozmiar-l\/","title":{"rendered":"Rower Orbea Terra H40 2024 infinity green\/ivory white rozmiar L"},"content":{"rendered":"<div style=\"font-family: Arial, sans-serif; line-height: 1.6; color: #333; padding: 20px; clear: both; display: block; width: 100%; float: none; position: static; overflow: hidden;\">\n<div style=\"clear: both; display: block; margin: 10px 0;\">\n<div style=\"clear: both; display: block; margin: 10px 0;\">\n<div style=\"clear: both; display: block; margin: 10px 0;\">\n<div  style=\"max-width:2000px;max-height:2000px\">\n<div style=\"clear: both; display: block; margin: 10px 0;\">\n<div style=\"clear: both; width: 100%; display: block; margin: 20px 0; padding: 0; float: none; position: static; text-align: center;\"><img decoding=\"async\"  src=\"https:\/\/a.allegroimg.com\/original\/116f6e\/53de88e24a1e8ff4749a87fc806b\/Rower-Orbea-Terra-H40-2024-infinity-green-ivory-white-rozmiar-L\" srcset=\"https:\/\/a.allegroimg.com\/original\/116f6e\/53de88e24a1e8ff4749a87fc806b\/Rower-Orbea-Terra-H40-2024-infinity-green-ivory-white-rozmiar-L 360w,https:\/\/a.allegroimg.com\/original\/116f6e\/53de88e24a1e8ff4749a87fc806b\/Rower-Orbea-Terra-H40-2024-infinity-green-ivory-white-rozmiar-L 720w,https:\/\/a.allegroimg.com\/original\/116f6e\/53de88e24a1e8ff4749a87fc806b\/Rower-Orbea-Terra-H40-2024-infinity-green-ivory-white-rozmiar-L 1024w,https:\/\/a.allegroimg.com\/original\/116f6e\/53de88e24a1e8ff4749a87fc806b\/Rower-Orbea-Terra-H40-2024-infinity-green-ivory-white-rozmiar-L 1440w,https:\/\/a.allegroimg.com\/original\/116f6e\/53de88e24a1e8ff4749a87fc806b\/Rower-Orbea-Terra-H40-2024-infinity-green-ivory-white-rozmiar-L 2000w\" sizes=\"100vw\" width=\"2000px\" alt=\"Rower Orbea Terra H40 2024 infinity green\/ivory white rozmiar L\" style=\"max-width: 100%; height: auto; display: block; margin: 0 auto;\"><\/div>\n<\/div>\n<\/div>\n<\/div>\n<\/div>\n<\/div>\n<div style=\"clear: both; display: block; margin: 10px 0;\">\n<div style=\"clear: both; display: block; margin: 10px 0;\">\n<div style=\"clear: both; display: block; margin: 10px 0;\">\n<p style=\"margin: 15px 0; line-height: 1.8; clear: both; display: block; width: 100%; float: none; position: static;\"><b>Orbea Terra H 2024<\/b>&nbsp;to wyj\u0105tkowy rower gravelowy, kt\u00f3ry dostarcza nie tylko niezawodno\u015bci i wszechstronno\u015bci, ale tak\u017ce komfortu i nowoczesnego designu.<\/p>\n<p style=\"margin: 15px 0; line-height: 1.8; clear: both; display: block; width: 100%; float: none; position: static;\">Wersja aluminiowa roweru&nbsp;<b>Orbea Terra H 2024<\/b>&nbsp;jest idealnym towarzyszem nieko\u0144cz\u0105cych si\u0119 eksploracji i nocnych przyg\u00f3d, oferuj\u0105c najwi\u0119ksz\u0105 wszechstronno\u015b\u0107.<\/p>\n<p style=\"margin: 15px 0; line-height: 1.8; clear: both; display: block; width: 100%; float: none; position: static;\">Zaawansowane hydroformowane aluminium w nowym rowerze&nbsp;<b>Orbea Terra 2024<\/b>&nbsp;zapewniaj\u0105 doskona\u0142\u0105 sztywno\u015b\u0107 i twardo\u015b\u0107. Zoptymalizowany rozmiar rur maksymalizuj\u0105 komfort podczas d\u0142ugich przeja\u017cd\u017cek, a zintegrowane punkty mocowania (MMS) baga\u017cnika tylnego umo\u017cliwiaj\u0105 dopasowanie r\u00f3\u017cnych tylnych sakw, b\u0142otnik\u00f3w.<\/p>\n<p style=\"margin: 15px 0; line-height: 1.8; clear: both; display: block; width: 100%; float: none; position: static;\"><b>Rower Orbea Terra<\/b>&nbsp;zosta\u0142 zaprojektowany do najszerszego zakresu zastosowa\u0144 i mo\u017ce by\u0107 skonfigurowana tak, aby radzi\u0142 sobie jak chcesz w terenie, na kt\u00f3rym je\u017adzisz najcz\u0119\u015bciej: po szlaku, na szosie, doje\u017adzie do pracy czy szko\u0142y. Opr\u00f3cz swojej wydajno\u015bci,&nbsp;<b>Orbea Terra &nbsp;2024<\/b>&nbsp;wyr\u00f3\u017cnia si\u0119 nowoczesnym designem i atrakcyjnymi, nowymi kolorami, co sprawia, \u017ce Terra jest tak\u017ce stylowym dodatkiem do Twojego aktywnego \u017cycia.<\/p>\n<p style=\"margin: 15px 0; line-height: 1.8; clear: both; display: block; width: 100%; float: none; position: static;\">Niezale\u017cnie od tego, czy jeste\u015b do\u015bwiadczonym rowerzyst\u0105, czy dopiero zaczynasz swoj\u0105 przygod\u0119 z gravelami, ten rower&nbsp;<b>Orbea Terra H 2024<\/b>&nbsp;spe\u0142ni Twoje oczekiwania<\/p>\n<h3 style=\"color: #2c5aa0; font-size: 18px; margin: 30px 0 15px 0; font-weight: bold; clear: both; display: block; width: 100%; float: none; position: static;\">Specyfikacja<\/h3>\n<ul style=\"margin: 15px 0; padding-left: 20px; clear: both; display: block; width: 100%; float: none; position: static;\">\n<li style=\"margin: 5px 0; padding: 2px 0; clear: both; display: list-item; float: none; position: static;\"><b>RAMA:<\/b> Orbea Terra Hydro disc, hydroformed triple butted aluminium, HS 1,5\u2033, PF, Thru Axle 12mm x 142mm rear, thread M12x2 P1, DT internal cable routing, 27,2mm seat tube, MMS system<\/li>\n<li style=\"margin: 5px 0; padding: 2px 0; clear: both; display: list-item; float: none; position: static;\"><b>WIDELEC:<\/b> Orbea Terra ICR, full carbon, 1-1\/8\u2033 \u2013 1,5\u2033 tappered head tube compatible, Thru axle 12x100mm, thread M12x2 P1<\/li>\n<li style=\"margin: 5px 0; padding: 2px 0; clear: both; display: list-item; float: none; position: static;\"><b>STERY:<\/b> FSA 1-1\/2\u2033 Integrated Aluminium Cup<\/li>\n<li style=\"margin: 5px 0; padding: 2px 0; clear: both; display: list-item; float: none; position: static;\"><b>KORBA:<\/b> Shimano GRX RX600-10 30x46t<\/li>\n<li style=\"margin: 5px 0; padding: 2px 0; clear: both; display: list-item; float: none; position: static;\"><b>MANETKI:<\/b> Shimano ST-RX400<\/li>\n<li style=\"margin: 5px 0; padding: 2px 0; clear: both; display: list-item; float: none; position: static;\"><b>KASETA:<\/b> Shimano Tiagra HG-500 11-34t 10-Speed<\/li>\n<li style=\"margin: 5px 0; padding: 2px 0; clear: both; display: list-item; float: none; position: static;\"><b>PRZERZUTKA TYLNA:<\/b> Shimano RD-RX400<\/li>\n<li style=\"margin: 5px 0; padding: 2px 0; clear: both; display: list-item; float: none; position: static;\"><b>PRZERZUTKA PRZEDNIA:<\/b> Shimano GRX RX400<\/li>\n<li style=\"margin: 5px 0; padding: 2px 0; clear: both; display: list-item; float: none; position: static;\"><b>\u0141A\u0143CUCH:<\/b> KMC X10<\/li>\n<li style=\"margin: 5px 0; padding: 2px 0; clear: both; display: list-item; float: none; position: static;\"><b>KIEROWNICA:<\/b> OC Gravel GR31-R, Rise 15, Reach 70, Drop 110<\/li>\n<li style=\"margin: 5px 0; padding: 2px 0; clear: both; display: list-item; float: none; position: static;\"><b>MOSTEK:<\/b> OC Road Performance RP21, -6\u00ba<\/li>\n<li style=\"margin: 5px 0; padding: 2px 0; clear: both; display: list-item; float: none; position: static;\"><b>HAMULCE:<\/b> Shimano RX400 Hydraulic Disc<\/li>\n<li style=\"margin: 5px 0; padding: 2px 0; clear: both; display: list-item; float: none; position: static;\"><b>KO\u0141A:<\/b> Alloy, Tubeless, 700c, 21c<\/li>\n<li style=\"margin: 5px 0; padding: 2px 0; clear: both; display: list-item; float: none; position: static;\"><b>OPONY:<\/b> Vittoria Terreno Dry Gravel 700x38c<\/li>\n<li style=\"margin: 5px 0; padding: 2px 0; clear: both; display: list-item; float: none; position: static;\"><b>PRZEDNIA O\u015a:<\/b> Orbea Thru Axle 12x100mm M12x2 P1 Solid<\/li>\n<li style=\"margin: 5px 0; padding: 2px 0; clear: both; display: list-item; float: none; position: static;\"><b>TYLNA O\u015a:<\/b> Orbea Thru Axle 12x142mm M12x2 P1 Solid inner threaded<\/li>\n<li style=\"margin: 5px 0; padding: 2px 0; clear: both; display: list-item; float: none; position: static;\"><b>SZTYCA:<\/b> SP 0.2 Carbon, 27.2mm, Setback 20<\/li>\n<li style=\"margin: 5px 0; padding: 2px 0; clear: both; display: list-item; float: none; position: static;\"><b>SIOD\u0141O:<\/b> Prologo Akero AGX STN size 155mm<\/li>\n<li style=\"margin: 5px 0; padding: 2px 0; clear: both; display: list-item; float: none; position: static;\"><b>OWIJKI:<\/b> Orbea Eva<\/li>\n<\/ul>\n<\/div>\n<\/div>\n<\/div>\n<div style=\"clear: both; display: block; margin: 10px 0;\">\n<div style=\"clear: both; display: block; margin: 10px 0;\">\n<div style=\"clear: both; display: block; margin: 10px 0;\">\n<div  style=\"max-width:2048px;max-height:1769px\">\n<div style=\"clear: both; display: block; margin: 10px 0;\">\n<div style=\"clear: both; width: 100%; display: block; margin: 20px 0; padding: 0; float: none; position: static; text-align: center;\"><img decoding=\"async\"  src=\"https:\/\/a.allegroimg.com\/original\/11507a\/d420165e45a78c3bee7caa240c17\/Rower-Orbea-Terra-H40-2024-infinity-green-ivory-white-rozmiar-L-EAN-GTIN-8434446507977\" srcset=\"https:\/\/a.allegroimg.com\/original\/11507a\/d420165e45a78c3bee7caa240c17\/Rower-Orbea-Terra-H40-2024-infinity-green-ivory-white-rozmiar-L-EAN-GTIN-8434446507977 360w,https:\/\/a.allegroimg.com\/original\/11507a\/d420165e45a78c3bee7caa240c17\/Rower-Orbea-Terra-H40-2024-infinity-green-ivory-white-rozmiar-L-EAN-GTIN-8434446507977 720w,https:\/\/a.allegroimg.com\/original\/11507a\/d420165e45a78c3bee7caa240c17\/Rower-Orbea-Terra-H40-2024-infinity-green-ivory-white-rozmiar-L-EAN-GTIN-8434446507977 1024w,https:\/\/a.allegroimg.com\/original\/11507a\/d420165e45a78c3bee7caa240c17\/Rower-Orbea-Terra-H40-2024-infinity-green-ivory-white-rozmiar-L-EAN-GTIN-8434446507977 1440w,https:\/\/a.allegroimg.com\/original\/11507a\/d420165e45a78c3bee7caa240c17\/Rower-Orbea-Terra-H40-2024-infinity-green-ivory-white-rozmiar-L-EAN-GTIN-8434446507977 2048w\" sizes=\"(min-width: 1200px) 560px, (min-width: 992px) 50vw, 100vw\" width=\"2048px\" alt=\"Rower Orbea Terra H40 2024 infinity green\/ivory white rozmiar L EAN (GTIN) 8434446507977\" style=\"max-width: 100%; height: auto; display: block; margin: 0 auto;\"><\/div>\n<\/div>\n<\/div>\n<\/div>\n<\/div>\n<div style=\"clear: both; display: block; margin: 10px 0;\">\n<div style=\"clear: both; display: block; margin: 10px 0;\">\n<div  style=\"max-width:2048px;max-height:1769px\">\n<div style=\"clear: both; display: block; margin: 10px 0;\">\n<div style=\"clear: both; width: 100%; display: block; margin: 20px 0; padding: 0; float: none; position: static; text-align: center;\"><img decoding=\"async\"  src=\"https:\/\/a.allegroimg.com\/original\/1171ad\/cd6dfe844e8e995a109242b4c73e\/Rower-Orbea-Terra-H40-2024-infinity-green-ivory-white-rozmiar-L-Kod-producenta-R14107DG\" srcset=\"https:\/\/a.allegroimg.com\/original\/1171ad\/cd6dfe844e8e995a109242b4c73e\/Rower-Orbea-Terra-H40-2024-infinity-green-ivory-white-rozmiar-L-Kod-producenta-R14107DG 360w,https:\/\/a.allegroimg.com\/original\/1171ad\/cd6dfe844e8e995a109242b4c73e\/Rower-Orbea-Terra-H40-2024-infinity-green-ivory-white-rozmiar-L-Kod-producenta-R14107DG 720w,https:\/\/a.allegroimg.com\/original\/1171ad\/cd6dfe844e8e995a109242b4c73e\/Rower-Orbea-Terra-H40-2024-infinity-green-ivory-white-rozmiar-L-Kod-producenta-R14107DG 1024w,https:\/\/a.allegroimg.com\/original\/1171ad\/cd6dfe844e8e995a109242b4c73e\/Rower-Orbea-Terra-H40-2024-infinity-green-ivory-white-rozmiar-L-Kod-producenta-R14107DG 1440w,https:\/\/a.allegroimg.com\/original\/1171ad\/cd6dfe844e8e995a109242b4c73e\/Rower-Orbea-Terra-H40-2024-infinity-green-ivory-white-rozmiar-L-Kod-producenta-R14107DG 2048w\" sizes=\"(min-width: 1200px) 560px, (min-width: 992px) 50vw, 100vw\" width=\"2048px\" alt=\"Rower Orbea Terra H40 2024 infinity green\/ivory white rozmiar L Kod producenta R14107DG\" style=\"max-width: 100%; height: auto; display: block; margin: 0 auto;\"><\/div>\n<\/div>\n<\/div>\n<\/div>\n<\/div>\n<\/div>\n<\/div>\n<\/div>\n<\/div>\n<div style=\"clear: both; display: block; margin: 10px 0;\">\n","protected":false},"excerpt":{"rendered":"<p>Orbea Terra H 2024&nbsp;to wyj\u0105tkowy rower gravelowy, kt\u00f3ry dostarcza nie tylko niezawodno\u015bci i wszechstronno\u015bci, ale tak\u017ce komfortu i nowoczesnego designu.<\/p>\n<p>Wersja aluminiowa roweru&nbsp;Orbea Terra H 2024&nbsp;jest idealnym towarzyszem nieko\u0144cz\u0105cych si\u0119 eksploracji i nocnych przyg\u00f3d, oferuj\u0105c najwi\u0119ksz\u0105 wszechstronno\u015b\u0107.<\/p>\n","protected":false},"featured_media":14229,"template":"","meta":{"_uag_custom_page_level_css":""},"product_brand":[693],"product_cat":[688,687,689],"product_tag":[],"class_list":{"0":"post-14228","1":"product","2":"type-product","3":"status-publish","4":"has-post-thumbnail","6":"product_brand-orbea","7":"product_cat-rowery","8":"product_cat-rowery-i-akcesoria","9":"product_cat-szosowe","11":"first","12":"instock","13":"sale","14":"shipping-taxable","15":"purchasable","16":"product-type-simple"},"uagb_featured_image_src":{"full":["https:\/\/twojerowery.shop\/ro64\/wp-content\/uploads\/2026\/02\/allegro-image-14228.jpg",2000,2000,false],"thumbnail":["https:\/\/twojerowery.shop\/ro64\/wp-content\/uploads\/2026\/02\/allegro-image-14228-150x150.jpg",150,150,true],"medium":["https:\/\/twojerowery.shop\/ro64\/wp-content\/uploads\/2026\/02\/allegro-image-14228-300x300.jpg",300,300,true],"medium_large":["https:\/\/twojerowery.shop\/ro64\/wp-content\/uploads\/2026\/02\/allegro-image-14228-768x768.jpg",768,768,true],"large":["https:\/\/twojerowery.shop\/ro64\/wp-content\/uploads\/2026\/02\/allegro-image-14228-1024x1024.jpg",1024,1024,true],"1536x1536":["https:\/\/twojerowery.shop\/ro64\/wp-content\/uploads\/2026\/02\/allegro-image-14228-1536x1536.jpg",1536,1536,true],"2048x2048":["https:\/\/twojerowery.shop\/ro64\/wp-content\/uploads\/2026\/02\/allegro-image-14228.jpg",2000,2000,false],"woocommerce_thumbnail":["https:\/\/twojerowery.shop\/ro64\/wp-content\/uploads\/2026\/02\/allegro-image-14228-300x300.jpg",300,300,true],"woocommerce_single":["https:\/\/twojerowery.shop\/ro64\/wp-content\/uploads\/2026\/02\/allegro-image-14228-600x600.jpg",600,600,true],"woocommerce_gallery_thumbnail":["https:\/\/twojerowery.shop\/ro64\/wp-content\/uploads\/2026\/02\/allegro-image-14228-100x100.jpg",100,100,true]},"uagb_author_info":{"display_name":"admin","author_link":"https:\/\/twojerowery.shop\/ro64\/author\/"},"uagb_comment_info":0,"uagb_excerpt":"Orbea Terra H 2024&nbsp;to wyj\u0105tkowy rower gravelowy, kt\u00f3ry dostarcza nie tylko niezawodno\u015bci i wszechstronno\u015bci, ale tak\u017ce komfortu i nowoczesnego designu. Wersja aluminiowa roweru&nbsp;Orbea Terra H 2024&nbsp;jest idealnym towarzyszem nieko\u0144cz\u0105cych si\u0119 eksploracji i nocnych przyg\u00f3d, oferuj\u0105c najwi\u0119ksz\u0105 wszechstronno\u015b\u0107.","_links":{"self":[{"href":"https:\/\/twojerowery.shop\/ro64\/wp-json\/wp\/v2\/product\/14228","targetHints":{"allow":["GET"]}}],"collection":[{"href":"https:\/\/twojerowery.shop\/ro64\/wp-json\/wp\/v2\/product"}],"about":[{"href":"https:\/\/twojerowery.shop\/ro64\/wp-json\/wp\/v2\/types\/product"}],"wp:featuredmedia":[{"embeddable":true,"href":"https:\/\/twojerowery.shop\/ro64\/wp-json\/wp\/v2\/media\/14229"}],"wp:attachment":[{"href":"https:\/\/twojerowery.shop\/ro64\/wp-json\/wp\/v2\/media?parent=14228"}],"wp:term":[{"taxonomy":"product_brand","embeddable":true,"href":"https:\/\/twojerowery.shop\/ro64\/wp-json\/wp\/v2\/product_brand?post=14228"},{"taxonomy":"product_cat","embeddable":true,"href":"https:\/\/twojerowery.shop\/ro64\/wp-json\/wp\/v2\/product_cat?post=14228"},{"taxonomy":"product_tag","embeddable":true,"href":"https:\/\/twojerowery.shop\/ro64\/wp-json\/wp\/v2\/product_tag?post=14228"}],"curies":[{"name":"wp","href":"https:\/\/api.w.org\/{rel}","templated":true}]}}