{"id":14230,"date":"2026-02-26T04:19:32","date_gmt":"2026-02-26T03:19:32","guid":{"rendered":"https:\/\/rowermax.shop\/ro64\/produkt\/rower-szosowy-sensa-romagna-disc-105-2x12-roz-55\/"},"modified":"2026-02-26T04:19:33","modified_gmt":"2026-02-26T03:19:33","slug":"rower-szosowy-sensa-romagna-disc-105-2x12-roz-55","status":"publish","type":"product","link":"https:\/\/twojerowery.shop\/ro64\/produkt\/rower-szosowy-sensa-romagna-disc-105-2x12-roz-55\/","title":{"rendered":"ROWER SZOSOWY SENSA ROMAGNA DISC 105 2&#215;12 roz. 55"},"content":{"rendered":"<div style=\"font-family: Arial, sans-serif; line-height: 1.6; color: #333; padding: 20px; clear: both; display: block; width: 100%; float: none; position: static; overflow: hidden;\">\n<div style=\"clear: both; display: block; margin: 10px 0;\">\n<div style=\"clear: both; display: block; margin: 10px 0;\">\n<div style=\"clear: both; display: block; margin: 10px 0;\">\n<div  style=\"max-width:920px;max-height:223px\">\n<div style=\"clear: both; display: block; margin: 10px 0;\">\n<div style=\"clear: both; width: 100%; display: block; margin: 20px 0; padding: 0; float: none; position: static; text-align: center;\"><img decoding=\"async\"  src=\"https:\/\/a.allegroimg.com\/original\/11f1a6\/8e4335c3478eafc732b1a9940add\/ROWER-SZOSOWY-SENSA-ROMAGNA-DISC-105-2x12-roz-55-Kod-producenta-ROMAGNA-DISC-105-2x12-2024\" srcset=\"https:\/\/a.allegroimg.com\/original\/11f1a6\/8e4335c3478eafc732b1a9940add\/ROWER-SZOSOWY-SENSA-ROMAGNA-DISC-105-2x12-roz-55-Kod-producenta-ROMAGNA-DISC-105-2x12-2024 360w,https:\/\/a.allegroimg.com\/original\/11f1a6\/8e4335c3478eafc732b1a9940add\/ROWER-SZOSOWY-SENSA-ROMAGNA-DISC-105-2x12-roz-55-Kod-producenta-ROMAGNA-DISC-105-2x12-2024 720w,https:\/\/a.allegroimg.com\/original\/11f1a6\/8e4335c3478eafc732b1a9940add\/ROWER-SZOSOWY-SENSA-ROMAGNA-DISC-105-2x12-roz-55-Kod-producenta-ROMAGNA-DISC-105-2x12-2024 920w,https:\/\/a.allegroimg.com\/original\/11f1a6\/8e4335c3478eafc732b1a9940add\/ROWER-SZOSOWY-SENSA-ROMAGNA-DISC-105-2x12-roz-55-Kod-producenta-ROMAGNA-DISC-105-2x12-2024 920w\" sizes=\"(min-width: 1200px) 560px, (min-width: 992px) 50vw, 100vw\" width=\"920px\" alt=\"ROWER SZOSOWY SENSA ROMAGNA DISC 105 2x12 roz. 55 Kod producenta ROMAGNA DISC 105 2x12 2024\" style=\"max-width: 100%; height: auto; display: block; margin: 0 auto;\"><\/div>\n<\/div>\n<\/div>\n<\/div>\n<\/div>\n<div style=\"clear: both; display: block; margin: 10px 0;\">\n<div style=\"clear: both; display: block; margin: 10px 0;\">\n<div  style=\"max-width:1024px;max-height:278px\">\n<div style=\"clear: both; display: block; margin: 10px 0;\">\n<div style=\"clear: both; width: 100%; display: block; margin: 20px 0; padding: 0; float: none; position: static; text-align: center;\"><img decoding=\"async\"  src=\"https:\/\/a.allegroimg.com\/original\/11dbe3\/5dbe8ada4372a61a8c1424241d5f\/ROWER-SZOSOWY-SENSA-ROMAGNA-DISC-105-2x12-roz-55-Marka-Sensa\" srcset=\"https:\/\/a.allegroimg.com\/original\/11dbe3\/5dbe8ada4372a61a8c1424241d5f\/ROWER-SZOSOWY-SENSA-ROMAGNA-DISC-105-2x12-roz-55-Marka-Sensa 360w,https:\/\/a.allegroimg.com\/original\/11dbe3\/5dbe8ada4372a61a8c1424241d5f\/ROWER-SZOSOWY-SENSA-ROMAGNA-DISC-105-2x12-roz-55-Marka-Sensa 720w,https:\/\/a.allegroimg.com\/original\/11dbe3\/5dbe8ada4372a61a8c1424241d5f\/ROWER-SZOSOWY-SENSA-ROMAGNA-DISC-105-2x12-roz-55-Marka-Sensa 1024w,https:\/\/a.allegroimg.com\/original\/11dbe3\/5dbe8ada4372a61a8c1424241d5f\/ROWER-SZOSOWY-SENSA-ROMAGNA-DISC-105-2x12-roz-55-Marka-Sensa 1024w\" sizes=\"(min-width: 1200px) 560px, (min-width: 992px) 50vw, 100vw\" width=\"1024px\" alt=\"ROWER SZOSOWY SENSA ROMAGNA DISC 105 2x12 roz. 55 Marka Sensa\" style=\"max-width: 100%; height: auto; display: block; margin: 0 auto;\"><\/div>\n<\/div>\n<\/div>\n<\/div>\n<\/div>\n<\/div>\n<div style=\"clear: both; display: block; margin: 10px 0;\">\n<div style=\"clear: both; display: block; margin: 10px 0;\">\n<div style=\"clear: both; display: block; margin: 10px 0;\">\n<h3 style=\"color: #2c5aa0; font-size: 18px; margin: 30px 0 15px 0; font-weight: bold; clear: both; display: block; width: 100%; float: none; position: static;\">NOWY ROWER SZOSOWY NA PE\u0141NEJ GRUPIE SHIMANO 105 R7100 2\u00d712 Z HAMULCAMI TARCZOWYMI W MEEEGA CENIE !!!<\/h3>\n<h3 style=\"color: #2c5aa0; font-size: 18px; margin: 30px 0 15px 0; font-weight: bold; clear: both; display: block; width: 100%; float: none; position: static;\">ROMAGNA Disc 105 to profesjonalna szos\u00f3wka renomowanej holenderskiej marki SENSA. Rower oparty jest na zaawansowanej technologicznie, podw\u00f3jnie cieniowanej aluminiowej ramie i karbonowym widelcu przednim. Wysokiej jako\u015bci komponenty gwarantuj\u0105 bezproblemow\u0105, d\u0142ug\u0105 i przyjemn\u0105 eksploatacj\u0119 roweru. Sprz\u0119t idealnie sprawdzi si\u0119 w roli pierwszej powa\u017cnej szos\u00f3wki, a tak\u017ce roweru na amatorskie zawody kolarskie czy triathlonowe.<\/h3>\n<h3 style=\"color: #2c5aa0; font-size: 18px; margin: 30px 0 15px 0; font-weight: bold; clear: both; display: block; width: 100%; float: none; position: static;\">Rower wyposa\u017cony jest w hydrauliczne hamulce tarczowe, kt\u00f3re gwarantuj\u0105 \u015bwietn\u0105 kontrol\u0119 nad pr\u0119dko\u015bci\u0105 w ka\u017cdych warunkach. Piasty zamontowane s\u0105 do ramy i widelca za pomoc\u0105 tzw. sztywnych osi w standardzie 12mm \u2013 co bardzo poprawia sztywno\u015b\u0107 ca\u0142ego roweru i \u015bwietnie wp\u0142ywa na prowadzenie.<\/h3>\n<h3 style=\"color: #2c5aa0; font-size: 18px; margin: 30px 0 15px 0; font-weight: bold; clear: both; display: block; width: 100%; float: none; position: static;\">Ko\u0142a Supra RA Comp s\u0105 niezwykle wytrzyma\u0142e \u2013 posiadaj\u0105 wzmacniane obr\u0119cze i 28 szprych, dzi\u0119ki czemu nie sprawiaj\u0105 problem\u00f3w nawet podczas pokonywania gorszej jako\u015bci dr\u00f3g, a co wa\u017cne \u2013 s\u0105 niezwykle proste w obs\u0142udze i serwisie.<\/h3>\n<h3 style=\"color: #2c5aa0; font-size: 18px; margin: 30px 0 15px 0; font-weight: bold; clear: both; display: block; width: 100%; float: none; position: static;\">Zaawansowan\u0105 technologi\u0119 dope\u0142nia atrakcyjny design \u2013 eleganckie detale, wewn\u0119trznie prowadzone linki oraz matowe wyko\u0144czenie.<\/h3>\n<h3 style=\"color: #2c5aa0; font-size: 18px; margin: 30px 0 15px 0; font-weight: bold; clear: both; display: block; width: 100%; float: none; position: static;\">Rower wyposa\u017cony w pe\u0142n\u0105 grup\u0119 Shimano 105 najnowszej generacji R7100 w uk\u0142adzie 2\u00d712.<\/h3>\n<h3 style=\"color: #2c5aa0; font-size: 18px; margin: 30px 0 15px 0; font-weight: bold; clear: both; display: block; width: 100%; float: none; position: static;\">Jako\u015b\u0107 wykonania roweru i design stoi na najwy\u017cszym poziomie. Rower \u015bwietnie prezentuje si\u0119 na \u017cywo.<\/h3>\n<h3 style=\"color: #2c5aa0; font-size: 18px; margin: 30px 0 15px 0; font-weight: bold; clear: both; display: block; width: 100%; float: none; position: static;\">Na tej aukcji rozmiar: 55<\/h3>\n<h3 style=\"color: #2c5aa0; font-size: 18px; margin: 30px 0 15px 0; font-weight: bold; clear: both; display: block; width: 100%; float: none; position: static;\">Na naszych pozosta\u0142ych ofertach dost\u0119pne s\u0105 inne rozmiary.<\/h3>\n<h3 style=\"color: #2c5aa0; font-size: 18px; margin: 30px 0 15px 0; font-weight: bold; clear: both; display: block; width: 100%; float: none; position: static;\">Predyspozycje wzrostowe:<\/h3>\n<h3 style=\"color: #2c5aa0; font-size: 18px; margin: 30px 0 15px 0; font-weight: bold; clear: both; display: block; width: 100%; float: none; position: static;\">-51 \/ S (na wzrost ok. 157-168 cm)<\/h3>\n<h3 style=\"color: #2c5aa0; font-size: 18px; margin: 30px 0 15px 0; font-weight: bold; clear: both; display: block; width: 100%; float: none; position: static;\">-55 \/ M (ok. 168-181 cm)<\/h3>\n<h3 style=\"color: #2c5aa0; font-size: 18px; margin: 30px 0 15px 0; font-weight: bold; clear: both; display: block; width: 100%; float: none; position: static;\">-58 \/ L (ok. 181-192 cm)<\/h3>\n<h3 style=\"color: #2c5aa0; font-size: 18px; margin: 30px 0 15px 0; font-weight: bold; clear: both; display: block; width: 100%; float: none; position: static;\">-62 \/ XL (&gt; 190 cm)<\/h3>\n<\/div>\n<\/div>\n<\/div>\n<div style=\"clear: both; display: block; margin: 10px 0;\">\n<div style=\"clear: both; display: block; margin: 10px 0;\">\n<div style=\"clear: both; display: block; margin: 10px 0;\">\n<h2>Specyfikacja<\/h2>\n<p style=\"margin: 15px 0; line-height: 1.8; clear: both; display: block; width: 100%; float: none; position: static;\">Rama<\/p>\n<p style=\"margin: 15px 0; line-height: 1.8; clear: both; display: block; width: 100%; float: none; position: static;\">Lite aluminium 6061 \u2013 2x butted \u2013 Hydroformed \u2013 Flat mount \u2013 E-thru 12mm \u2013 Internal cable routing \u2013 Tapered 1.5<\/p>\n<p style=\"margin: 15px 0; line-height: 1.8; clear: both; display: block; width: 100%; float: none; position: static;\">Widelec<\/p>\n<p style=\"margin: 15px 0; line-height: 1.8; clear: both; display: block; width: 100%; float: none; position: static;\">Supra Full carbon S2 \u2013 Flat mount \u2013 E-thru 12mm \u2013 Tapered 1.5<\/p>\n<p style=\"margin: 15px 0; line-height: 1.8; clear: both; display: block; width: 100%; float: none; position: static;\">Waga<\/p>\n<p style=\"margin: 15px 0; line-height: 1.8; clear: both; display: block; width: 100%; float: none; position: static;\">9,7 kg<\/p>\n<p style=\"margin: 15px 0; line-height: 1.8; clear: both; display: block; width: 100%; float: none; position: static;\">Hamulce<\/p>\n<p style=\"margin: 15px 0; line-height: 1.8; clear: both; display: block; width: 100%; float: none; position: static;\">Shimano 105 BR-R7170 hydrauliczne tarczowe<\/p>\n<p style=\"margin: 15px 0; line-height: 1.8; clear: both; display: block; width: 100%; float: none; position: static;\">Ko\u0142a<\/p>\n<p style=\"margin: 15px 0; line-height: 1.8; clear: both; display: block; width: 100%; float: none; position: static;\">Supra RA Comp Disc + opony Schwalbe Lugano 2 28mm<\/p>\n<p style=\"margin: 15px 0; line-height: 1.8; clear: both; display: block; width: 100%; float: none; position: static;\">Korba<\/p>\n<p style=\"margin: 15px 0; line-height: 1.8; clear: both; display: block; width: 100%; float: none; position: static;\">Shimano 105 R7100 50\u00d734<\/p>\n<p style=\"margin: 15px 0; line-height: 1.8; clear: both; display: block; width: 100%; float: none; position: static;\">Przerzutka prz\u00f3d<\/p>\n<p style=\"margin: 15px 0; line-height: 1.8; clear: both; display: block; width: 100%; float: none; position: static;\">Shimano 105 R7100<\/p>\n<p style=\"margin: 15px 0; line-height: 1.8; clear: both; display: block; width: 100%; float: none; position: static;\">Przerzutka ty\u0142<\/p>\n<p style=\"margin: 15px 0; line-height: 1.8; clear: both; display: block; width: 100%; float: none; position: static;\">Shimano 105 R7100 12s<\/p>\n<p style=\"margin: 15px 0; line-height: 1.8; clear: both; display: block; width: 100%; float: none; position: static;\">Manetki<\/p>\n<p style=\"margin: 15px 0; line-height: 1.8; clear: both; display: block; width: 100%; float: none; position: static;\">Shimano 105 R7120 2\u00d712<\/p>\n<p style=\"margin: 15px 0; line-height: 1.8; clear: both; display: block; width: 100%; float: none; position: static;\">Kaseta:<\/p>\n<p style=\"margin: 15px 0; line-height: 1.8; clear: both; display: block; width: 100%; float: none; position: static;\">Shimano 105 R7100 12s 11-34<\/p>\n<p style=\"margin: 15px 0; line-height: 1.8; clear: both; display: block; width: 100%; float: none; position: static;\">Siod\u0142o<\/p>\n<p style=\"margin: 15px 0; line-height: 1.8; clear: both; display: block; width: 100%; float: none; position: static;\">Selle Italia Model X Superflow<\/p>\n<p style=\"margin: 15px 0; line-height: 1.8; clear: both; display: block; width: 100%; float: none; position: static;\">Sztyca<\/p>\n<p style=\"margin: 15px 0; line-height: 1.8; clear: both; display: block; width: 100%; float: none; position: static;\">Supra Comp Line<\/p>\n<p style=\"margin: 15px 0; line-height: 1.8; clear: both; display: block; width: 100%; float: none; position: static;\">Kierownica<\/p>\n<p style=\"margin: 15px 0; line-height: 1.8; clear: both; display: block; width: 100%; float: none; position: static;\">Supra Comp Line<\/p>\n<p style=\"margin: 15px 0; line-height: 1.8; clear: both; display: block; width: 100%; float: none; position: static;\">Mostek<\/p>\n<p style=\"margin: 15px 0; line-height: 1.8; clear: both; display: block; width: 100%; float: none; position: static;\">Supra Comp Line<\/p>\n<\/div>\n<\/div>\n<\/div>\n<div style=\"clear: both; display: block; margin: 10px 0;\">\n<div style=\"clear: both; display: block; margin: 10px 0;\">\n<div style=\"clear: both; display: block; margin: 10px 0;\">\n<div  style=\"max-width:1610px;max-height:1050px\">\n<div style=\"clear: both; display: block; margin: 10px 0;\">\n<div style=\"clear: both; width: 100%; display: block; margin: 20px 0; padding: 0; float: none; position: static; text-align: center;\"><img decoding=\"async\"  src=\"https:\/\/a.allegroimg.com\/original\/115899\/8ba4a85d4b7697be2e35bf9fc898\/ROWER-SZOSOWY-SENSA-ROMAGNA-DISC-105-2x12-roz-55\" srcset=\"https:\/\/a.allegroimg.com\/original\/115899\/8ba4a85d4b7697be2e35bf9fc898\/ROWER-SZOSOWY-SENSA-ROMAGNA-DISC-105-2x12-roz-55 360w,https:\/\/a.allegroimg.com\/original\/115899\/8ba4a85d4b7697be2e35bf9fc898\/ROWER-SZOSOWY-SENSA-ROMAGNA-DISC-105-2x12-roz-55 720w,https:\/\/a.allegroimg.com\/original\/115899\/8ba4a85d4b7697be2e35bf9fc898\/ROWER-SZOSOWY-SENSA-ROMAGNA-DISC-105-2x12-roz-55 1024w,https:\/\/a.allegroimg.com\/original\/115899\/8ba4a85d4b7697be2e35bf9fc898\/ROWER-SZOSOWY-SENSA-ROMAGNA-DISC-105-2x12-roz-55 1440w,https:\/\/a.allegroimg.com\/original\/115899\/8ba4a85d4b7697be2e35bf9fc898\/ROWER-SZOSOWY-SENSA-ROMAGNA-DISC-105-2x12-roz-55 1610w\" sizes=\"100vw\" width=\"1610px\" alt=\"ROWER SZOSOWY SENSA ROMAGNA DISC 105 2x12 roz. 55\" style=\"max-width: 100%; height: auto; display: block; margin: 0 auto;\"><\/div>\n<\/div>\n<\/div>\n<\/div>\n<\/div>\n<\/div>\n<div style=\"clear: both; display: block; margin: 10px 0;\">\n<div style=\"clear: both; display: block; margin: 10px 0;\">\n<div style=\"clear: both; display: block; margin: 10px 0;\">\n<div  style=\"max-width:1246px;max-height:1082px\">\n<div style=\"clear: both; display: block; margin: 10px 0;\">\n<div style=\"clear: both; width: 100%; display: block; margin: 20px 0; padding: 0; float: none; position: static; text-align: center;\"><img decoding=\"async\"  src=\"https:\/\/a.allegroimg.com\/original\/11d82d\/b1253c1f4930b0595ac78a9102d7\/ROWER-SZOSOWY-SENSA-ROMAGNA-DISC-105-2x12-roz-55-EAN-GTIN-59925439\" srcset=\"https:\/\/a.allegroimg.com\/original\/11d82d\/b1253c1f4930b0595ac78a9102d7\/ROWER-SZOSOWY-SENSA-ROMAGNA-DISC-105-2x12-roz-55-EAN-GTIN-59925439 360w,https:\/\/a.allegroimg.com\/original\/11d82d\/b1253c1f4930b0595ac78a9102d7\/ROWER-SZOSOWY-SENSA-ROMAGNA-DISC-105-2x12-roz-55-EAN-GTIN-59925439 720w,https:\/\/a.allegroimg.com\/original\/11d82d\/b1253c1f4930b0595ac78a9102d7\/ROWER-SZOSOWY-SENSA-ROMAGNA-DISC-105-2x12-roz-55-EAN-GTIN-59925439 1024w,https:\/\/a.allegroimg.com\/original\/11d82d\/b1253c1f4930b0595ac78a9102d7\/ROWER-SZOSOWY-SENSA-ROMAGNA-DISC-105-2x12-roz-55-EAN-GTIN-59925439 1246w,https:\/\/a.allegroimg.com\/original\/11d82d\/b1253c1f4930b0595ac78a9102d7\/ROWER-SZOSOWY-SENSA-ROMAGNA-DISC-105-2x12-roz-55-EAN-GTIN-59925439 1246w\" sizes=\"100vw\" width=\"1246px\" alt=\"ROWER SZOSOWY SENSA ROMAGNA DISC 105 2x12 roz. 55 EAN (GTIN) 59925439\" style=\"max-width: 100%; height: auto; display: block; margin: 0 auto;\"><\/div>\n<\/div>\n<\/div>\n<\/div>\n<\/div>\n<\/div>\n<div style=\"clear: both; display: block; margin: 10px 0;\">\n<div style=\"clear: both; display: block; margin: 10px 0;\">\n<div style=\"clear: both; display: block; margin: 10px 0;\">\n<div  style=\"max-width:920px;max-height:223px\">\n<div style=\"clear: both; display: block; margin: 10px 0;\">\n<div style=\"clear: both; width: 100%; display: block; margin: 20px 0; padding: 0; float: none; position: static; text-align: center;\"><img decoding=\"async\"  src=\"https:\/\/a.allegroimg.com\/original\/11f1a6\/8e4335c3478eafc732b1a9940add\/ROWER-SZOSOWY-SENSA-ROMAGNA-DISC-105-2x12-roz-55-Kod-producenta-ROMAGNA-DISC-105-2x12-2024\" srcset=\"https:\/\/a.allegroimg.com\/original\/11f1a6\/8e4335c3478eafc732b1a9940add\/ROWER-SZOSOWY-SENSA-ROMAGNA-DISC-105-2x12-roz-55-Kod-producenta-ROMAGNA-DISC-105-2x12-2024 360w,https:\/\/a.allegroimg.com\/original\/11f1a6\/8e4335c3478eafc732b1a9940add\/ROWER-SZOSOWY-SENSA-ROMAGNA-DISC-105-2x12-roz-55-Kod-producenta-ROMAGNA-DISC-105-2x12-2024 720w,https:\/\/a.allegroimg.com\/original\/11f1a6\/8e4335c3478eafc732b1a9940add\/ROWER-SZOSOWY-SENSA-ROMAGNA-DISC-105-2x12-roz-55-Kod-producenta-ROMAGNA-DISC-105-2x12-2024 920w,https:\/\/a.allegroimg.com\/original\/11f1a6\/8e4335c3478eafc732b1a9940add\/ROWER-SZOSOWY-SENSA-ROMAGNA-DISC-105-2x12-roz-55-Kod-producenta-ROMAGNA-DISC-105-2x12-2024 920w\" sizes=\"100vw\" width=\"920px\" alt=\"ROWER SZOSOWY SENSA ROMAGNA DISC 105 2x12 roz. 55 Kod producenta ROMAGNA DISC 105 2x12 2024\" style=\"max-width: 100%; height: auto; display: block; margin: 0 auto;\"><\/div>\n<\/div>\n<\/div>\n<\/div>\n<\/div>\n<\/div>\n<\/div>\n<\/div>\n<\/div>\n<div style=\"clear: both; display: block; margin: 10px 0;\">\n","protected":false},"excerpt":{"rendered":"<p>NOWY ROWER SZOSOWY NA PE\u0141NEJ GRUPIE SHIMANO 105 R7100 2\u00d712 Z HAMULCAMI TARCZOWYMI W MEEEGA CENIE !!!<\/p>\n<p>ROMAGNA Disc 105 to profesjonalna szos\u00f3wka renomowanej holenderskiej marki SENSA. Rower oparty jest na zaawansowanej technologicznie, podw\u00f3jnie cieniowanej aluminiowej ramie i karbonowym widelcu przednim. Wysokiej jako\u015bci komponenty gwarantuj\u0105 bezproblemow\u0105, d\u0142ug\u0105 i przyjemn\u0105 eksploatacj\u0119 roweru. Sprz\u0119t idealnie sprawdzi si\u0119 w roli pierwszej powa\u017cnej szos\u00f3wki, a tak\u017ce roweru na amatorskie zawody kolarskie czy triathlonowe.<\/p>\n","protected":false},"featured_media":14231,"template":"","meta":{"_uag_custom_page_level_css":""},"product_brand":[694],"product_cat":[688,687,689],"product_tag":[],"class_list":{"0":"post-14230","1":"product","2":"type-product","3":"status-publish","4":"has-post-thumbnail","6":"product_brand-sensa","7":"product_cat-rowery","8":"product_cat-rowery-i-akcesoria","9":"product_cat-szosowe","11":"first","12":"instock","13":"sale","14":"shipping-taxable","15":"purchasable","16":"product-type-simple"},"uagb_featured_image_src":{"full":["https:\/\/twojerowery.shop\/ro64\/wp-content\/uploads\/2026\/02\/allegro-image-14230.jpg",1610,1050,false],"thumbnail":["https:\/\/twojerowery.shop\/ro64\/wp-content\/uploads\/2026\/02\/allegro-image-14230-150x150.jpg",150,150,true],"medium":["https:\/\/twojerowery.shop\/ro64\/wp-content\/uploads\/2026\/02\/allegro-image-14230-300x196.jpg",300,196,true],"medium_large":["https:\/\/twojerowery.shop\/ro64\/wp-content\/uploads\/2026\/02\/allegro-image-14230-768x501.jpg",768,501,true],"large":["https:\/\/twojerowery.shop\/ro64\/wp-content\/uploads\/2026\/02\/allegro-image-14230-1024x668.jpg",1024,668,true],"1536x1536":["https:\/\/twojerowery.shop\/ro64\/wp-content\/uploads\/2026\/02\/allegro-image-14230-1536x1002.jpg",1536,1002,true],"2048x2048":["https:\/\/twojerowery.shop\/ro64\/wp-content\/uploads\/2026\/02\/allegro-image-14230.jpg",1610,1050,false],"woocommerce_thumbnail":["https:\/\/twojerowery.shop\/ro64\/wp-content\/uploads\/2026\/02\/allegro-image-14230-300x300.jpg",300,300,true],"woocommerce_single":["https:\/\/twojerowery.shop\/ro64\/wp-content\/uploads\/2026\/02\/allegro-image-14230-600x391.jpg",600,391,true],"woocommerce_gallery_thumbnail":["https:\/\/twojerowery.shop\/ro64\/wp-content\/uploads\/2026\/02\/allegro-image-14230-100x100.jpg",100,100,true]},"uagb_author_info":{"display_name":"admin","author_link":"https:\/\/twojerowery.shop\/ro64\/author\/"},"uagb_comment_info":0,"uagb_excerpt":"NOWY ROWER SZOSOWY NA PE\u0141NEJ GRUPIE SHIMANO 105 R7100 2\u00d712 Z HAMULCAMI TARCZOWYMI W MEEEGA CENIE !!! ROMAGNA Disc 105 to profesjonalna szos\u00f3wka renomowanej holenderskiej marki SENSA. Rower oparty jest na zaawansowanej technologicznie, podw\u00f3jnie cieniowanej aluminiowej ramie i karbonowym widelcu przednim. Wysokiej jako\u015bci komponenty gwarantuj\u0105 bezproblemow\u0105, d\u0142ug\u0105 i przyjemn\u0105 eksploatacj\u0119 roweru. Sprz\u0119t idealnie sprawdzi si\u0119&hellip;","_links":{"self":[{"href":"https:\/\/twojerowery.shop\/ro64\/wp-json\/wp\/v2\/product\/14230","targetHints":{"allow":["GET"]}}],"collection":[{"href":"https:\/\/twojerowery.shop\/ro64\/wp-json\/wp\/v2\/product"}],"about":[{"href":"https:\/\/twojerowery.shop\/ro64\/wp-json\/wp\/v2\/types\/product"}],"wp:featuredmedia":[{"embeddable":true,"href":"https:\/\/twojerowery.shop\/ro64\/wp-json\/wp\/v2\/media\/14231"}],"wp:attachment":[{"href":"https:\/\/twojerowery.shop\/ro64\/wp-json\/wp\/v2\/media?parent=14230"}],"wp:term":[{"taxonomy":"product_brand","embeddable":true,"href":"https:\/\/twojerowery.shop\/ro64\/wp-json\/wp\/v2\/product_brand?post=14230"},{"taxonomy":"product_cat","embeddable":true,"href":"https:\/\/twojerowery.shop\/ro64\/wp-json\/wp\/v2\/product_cat?post=14230"},{"taxonomy":"product_tag","embeddable":true,"href":"https:\/\/twojerowery.shop\/ro64\/wp-json\/wp\/v2\/product_tag?post=14230"}],"curies":[{"name":"wp","href":"https:\/\/api.w.org\/{rel}","templated":true}]}}