{"id":14232,"date":"2026-02-26T04:19:33","date_gmt":"2026-02-26T03:19:33","guid":{"rendered":"https:\/\/rowermax.shop\/ro64\/produkt\/28530345-a-53-l-rower-romet-huragan-1-czarno-oliwkowy\/"},"modified":"2026-02-26T04:19:33","modified_gmt":"2026-02-26T03:19:33","slug":"28530345-a-53-l-rower-romet-huragan-1-czarno-oliwkowy","status":"publish","type":"product","link":"https:\/\/twojerowery.shop\/ro64\/produkt\/28530345-a-53-l-rower-romet-huragan-1-czarno-oliwkowy\/","title":{"rendered":"28530345-A &#8211; 53 L Rower ROMET Huragan 1 czarno-oliwkowy"},"content":{"rendered":"<div style=\"font-family: Arial, sans-serif; line-height: 1.6; color: #333; padding: 20px; clear: both; display: block; width: 100%; float: none; position: static; overflow: hidden;\">\n<div style=\"clear: both; display: block; margin: 10px 0;\">\n<div style=\"clear: both; display: block; margin: 10px 0;\">\n<div style=\"clear: both; display: block; margin: 10px 0;\">\n<h2>28530345-A &#8211; 53 L Rower ROMET Huragan 1 czarno-oliwkowy<\/h2>\n<p style=\"margin: 15px 0; line-height: 1.8; clear: both; display: block; width: 100%; float: none; position: static;\">Romet<\/p>\n<p style=\"margin: 15px 0; line-height: 1.8; clear: both; display: block; width: 100%; float: none; position: static;\">Romet Huragan 1 to nie tylko rower szosowy, to wst\u0119p do fascynuj\u0105cego \u015bwiata kolarstwa, skierowany zar\u00f3wno do tych, kt\u00f3rzy zaczynaj\u0105 swoj\u0105 przygod\u0119 z kolarstwem szosowym, jak i tych, kt\u00f3rzy chc\u0105 poszerzy\u0107 swoje do\u015bwiadczenia rowerowe na szosie.<\/p>\n<p style=\"margin: 15px 0; line-height: 1.8; clear: both; display: block; width: 100%; float: none; position: static;\">Wyr\u00f3\u017cniaj\u0105cy si\u0119 w kategorii performance, Huragan 1 \u0142\u0105czy w sobie najlepsze cechy bardziej zaawansowanych konstrukcji. To rower szosowy, kt\u00f3ry nie tylko oferuje szybko\u015b\u0107 i zwinno\u015b\u0107 charakterystyczn\u0105 dla rower\u00f3w racingowych, ale r\u00f3wnie\u017c komfort zwi\u0105zany z rowerami endurance. Maj\u0105 na celu wprowadzi\u0107 w \u015bwiat rower\u00f3w z barankiem osoby pocz\u0105tkuj\u0105ce, jak i pozwoli\u0107 rozwin\u0105\u0107 rowerowe skrzyd\u0142a tym, kt\u00f3rzy mieli ju\u017c styczno\u015b\u0107 z jazd\u0105 na szosie.<\/p>\n<p style=\"margin: 15px 0; line-height: 1.8; clear: both; display: block; width: 100%; float: none; position: static;\">Huragan 1 gwarantuje wyj\u0105tkowy komfort, dzi\u0119ki mniej agresywnej geometrii. Jego rama wykonana z aluminium 6061 X-Lite \u0142\u0105czy w sobie sztywno\u015b\u0107 i lekko\u015b\u0107, co przek\u0142ada si\u0119 na stabiln\u0105 jazd\u0119 i efektywn\u0105 transmisj\u0119 si\u0142y. Dla dodatkowego komfortu d\u0142oni oraz t\u0142umienia drga\u0144 zastosowano widelec w pe\u0142ni wykonany z carbonu.<\/p>\n<p style=\"margin: 15px 0; line-height: 1.8; clear: both; display: block; width: 100%; float: none; position: static;\">W Huraganie 1 zdecydowali\u015bmy si\u0119 na intuicyjn\u0105 grup\u0119 Shimano Tourney, dostosowan\u0105 pod rowery szosowe. Konfiguracja 2&#215;7 w po\u0142\u0105czeniu z dedykowanymi klamkomanetkami stanowi idealny zestaw do nauki obs\u0142ugi nap\u0119du w \u015bwiecie szosy. Skuteczne hamulce szcz\u0119kowe Promax oraz opony Deestone o szeroko\u015bci 23c zapewniaj\u0105 pewno\u015b\u0107 i kontrol\u0119 na ka\u017cdej trasie.<\/p>\n<p style=\"margin: 15px 0; line-height: 1.8; clear: both; display: block; width: 100%; float: none; position: static;\">Huragan 1 dost\u0119pny jest w 4 rozmiarach, co gwarantuje odpowiednie dopasowanie pod wzrost, a zr\u00f3\u017cnicowane d\u0142ugo\u015bci sztycy i mostka pozwalaj\u0105 na idealne dostosowanie do indywidualnych preferencji. Rozpocznij swoj\u0105 kolarsk\u0105 przygod\u0119 z pe\u0142nym entuzjazmu i niezapomnianych prze\u017cy\u0107 rowerem Huragan 1.<br \/>\nAMORTYZATOR TY\u0141: \u2014<br \/>\nHAMULEC PRZ\u00d3D: Promax RC-481 aluminiowy<br \/>\nHAMULEC TY\u0141: Promax RC-481 aluminiowy<br \/>\nKASETA\/WOLNOBIEG: Shimano MF-TZ500 14-28T, 7 bieg\u00f3w<br \/>\nKIEROWNICA: RMT Components 420mm<br \/>\nKOLOR: czarny<br \/>\nKOLOR SZCZEG\u00d3\u0141OWY: czarno-oliwkowy<br \/>\nKOLORYSTYKA: czarny; oliwkowy<br \/>\nKO\u0141A, RAMA: 700C \/ alu 6061 X-lite<br \/>\nLAMPA PRZ\u00d3D: \u2014<br \/>\nLAMPA TY\u0141: \u2014<br \/>\nMANETKI PRZ\u00d3D: Shimano Tourney ST-A070 2 biegi<br \/>\nMANETKI TY\u0141: Shimano Tourney ST-A070<br \/>\nMECHANIZM KORBOWY: Shimano  Tourney RD-A070 50\/34T 165\/170 mm<br \/>\nMOSTEK KIEROWNICY: Romet aluminiowy 90\/100\/110mm<br \/>\nNAP\u0118D: 2&#215;8<br \/>\nOBR\u0118CZE: Ryde DP16<br \/>\nOPONY: 700x23C<br \/>\nPEDA\u0141Y: FP-971<br \/>\nPIASTA PRZ\u00d3D: Aluminiowa<br \/>\nPIASTA TY\u0141: Aluminiowa<br \/>\nPRZERZUTKA PRZ\u00d3D: Shimano  Tourney FD-A070<br \/>\nPRZERZUTKA TY\u0141: Shimano  Tourney RD-A070<br \/>\nRODZAJ HAMULCA: szcz\u0119kowy<br \/>\nROK PRODUKCJI: 2024<br \/>\nROZMIAR: 53<br \/>\nROZMIAR KO\u0141A: 28<br \/>\nSIOD\u0141O: Vader<br \/>\nSZTYCA: Romet aluminiowa 27,2 mm 300\/350\/400 mm<br \/>\nTARCZA HAMULCOWA PRZ\u00d3D: \u2014<br \/>\nTARCZA HAMULCOWA TY\u0141: \u2014<br \/>\nU\u017bYTKOWNIK: Uniwersalny<br \/>\nWAGA: 9,8 kg<br \/>\nWERSJA: podstawowa<br \/>\nWIDELEC: Full Carbon Tapered<br \/>\nWZROST: 178-188<br \/>\nWZROST DO: 188<br \/>\nWZROST OD: 178<\/p>\n<\/div>\n<\/div>\n<\/div>\n<div style=\"clear: both; display: block; margin: 10px 0;\">\n<div style=\"clear: both; display: block; margin: 10px 0;\">\n<div style=\"clear: both; display: block; margin: 10px 0;\">\n<div  style=\"max-width:1200px;max-height:800px\">\n<div style=\"clear: both; display: block; margin: 10px 0;\">\n<div style=\"clear: both; width: 100%; display: block; margin: 20px 0; padding: 0; float: none; position: static; text-align: center;\"><img decoding=\"async\"  src=\"https:\/\/a.allegroimg.com\/original\/11391d\/b88e12ff49d08baa9572376fc24e\/28530345-A-53-L-Rower-ROMET-Huragan-1-czarno-oliwkowy\" srcset=\"https:\/\/a.allegroimg.com\/original\/11391d\/b88e12ff49d08baa9572376fc24e\/28530345-A-53-L-Rower-ROMET-Huragan-1-czarno-oliwkowy 360w,https:\/\/a.allegroimg.com\/original\/11391d\/b88e12ff49d08baa9572376fc24e\/28530345-A-53-L-Rower-ROMET-Huragan-1-czarno-oliwkowy 720w,https:\/\/a.allegroimg.com\/original\/11391d\/b88e12ff49d08baa9572376fc24e\/28530345-A-53-L-Rower-ROMET-Huragan-1-czarno-oliwkowy 1024w,https:\/\/a.allegroimg.com\/original\/11391d\/b88e12ff49d08baa9572376fc24e\/28530345-A-53-L-Rower-ROMET-Huragan-1-czarno-oliwkowy 1200w,https:\/\/a.allegroimg.com\/original\/11391d\/b88e12ff49d08baa9572376fc24e\/28530345-A-53-L-Rower-ROMET-Huragan-1-czarno-oliwkowy 1200w\" sizes=\"(min-width: 1200px) 560px, (min-width: 992px) 50vw, 100vw\" width=\"1200px\" alt=\"28530345-A - 53 L Rower ROMET Huragan 1 czarno-oliwkowy\" style=\"max-width: 100%; height: auto; display: block; margin: 0 auto;\"><\/div>\n<\/div>\n<\/div>\n<\/div>\n<\/div>\n<div style=\"clear: both; display: block; margin: 10px 0;\">\n<div style=\"clear: both; display: block; margin: 10px 0;\">\n<ul style=\"margin: 15px 0; padding-left: 20px; clear: both; display: block; width: 100%; float: none; position: static;\">\n<li style=\"margin: 5px 0; padding: 2px 0; clear: both; display: list-item; float: none; position: static;\"><b>AMORTYZATOR TY\u0141:<\/b> \u2014<\/li>\n<li style=\"margin: 5px 0; padding: 2px 0; clear: both; display: list-item; float: none; position: static;\"><b>HAMULEC PRZ\u00d3D:<\/b> Promax RC-481 aluminiowy<\/li>\n<li style=\"margin: 5px 0; padding: 2px 0; clear: both; display: list-item; float: none; position: static;\"><b>HAMULEC TY\u0141:<\/b> Promax RC-481 aluminiowy<\/li>\n<li style=\"margin: 5px 0; padding: 2px 0; clear: both; display: list-item; float: none; position: static;\"><b>KASETA\/WOLNOBIEG:<\/b> Shimano MF-TZ500 14-28T, 7 bieg\u00f3w<\/li>\n<li style=\"margin: 5px 0; padding: 2px 0; clear: both; display: list-item; float: none; position: static;\"><b>KIEROWNICA:<\/b> RMT Components 420mm<\/li>\n<li style=\"margin: 5px 0; padding: 2px 0; clear: both; display: list-item; float: none; position: static;\"><b>KOLOR:<\/b> czarny<\/li>\n<li style=\"margin: 5px 0; padding: 2px 0; clear: both; display: list-item; float: none; position: static;\"><b>KOLOR SZCZEG\u00d3\u0141OWY:<\/b> czarno-oliwkowy<\/li>\n<li style=\"margin: 5px 0; padding: 2px 0; clear: both; display: list-item; float: none; position: static;\"><b>KOLORYSTYKA:<\/b> czarny; oliwkowy<\/li>\n<li style=\"margin: 5px 0; padding: 2px 0; clear: both; display: list-item; float: none; position: static;\"><b>KO\u0141A, RAMA:<\/b> 700C \/ alu 6061 X-lite<\/li>\n<li style=\"margin: 5px 0; padding: 2px 0; clear: both; display: list-item; float: none; position: static;\"><b>LAMPA PRZ\u00d3D:<\/b> \u2014<\/li>\n<li style=\"margin: 5px 0; padding: 2px 0; clear: both; display: list-item; float: none; position: static;\"><b>LAMPA TY\u0141:<\/b> \u2014<\/li>\n<li style=\"margin: 5px 0; padding: 2px 0; clear: both; display: list-item; float: none; position: static;\"><b>MANETKI PRZ\u00d3D:<\/b> Shimano Tourney ST-A070 2 biegi<\/li>\n<li style=\"margin: 5px 0; padding: 2px 0; clear: both; display: list-item; float: none; position: static;\"><b>MANETKI TY\u0141:<\/b> Shimano Tourney ST-A070<\/li>\n<li style=\"margin: 5px 0; padding: 2px 0; clear: both; display: list-item; float: none; position: static;\"><b>MECHANIZM KORBOWY:<\/b> Shimano  Tourney RD-A070 50\/34T 165\/170 mm<\/li>\n<li style=\"margin: 5px 0; padding: 2px 0; clear: both; display: list-item; float: none; position: static;\"><b>MOSTEK KIEROWNICY:<\/b> Romet aluminiowy 90\/100\/110mm<\/li>\n<li style=\"margin: 5px 0; padding: 2px 0; clear: both; display: list-item; float: none; position: static;\"><b>NAP\u0118D:<\/b> 2&#215;8<\/li>\n<li style=\"margin: 5px 0; padding: 2px 0; clear: both; display: list-item; float: none; position: static;\"><b>OBR\u0118CZE:<\/b> Ryde DP16<\/li>\n<li style=\"margin: 5px 0; padding: 2px 0; clear: both; display: list-item; float: none; position: static;\"><b>OPONY:<\/b> 700x23C<\/li>\n<li style=\"margin: 5px 0; padding: 2px 0; clear: both; display: list-item; float: none; position: static;\"><b>PEDA\u0141Y:<\/b> FP-971 <\/li>\n<li style=\"margin: 5px 0; padding: 2px 0; clear: both; display: list-item; float: none; position: static;\"><b>PIASTA PRZ\u00d3D:<\/b> Aluminiowa<\/li>\n<li style=\"margin: 5px 0; padding: 2px 0; clear: both; display: list-item; float: none; position: static;\"><b>PIASTA TY\u0141:<\/b> Aluminiowa<\/li>\n<li style=\"margin: 5px 0; padding: 2px 0; clear: both; display: list-item; float: none; position: static;\"><b>PRZERZUTKA PRZ\u00d3D:<\/b> Shimano  Tourney FD-A070<\/li>\n<li style=\"margin: 5px 0; padding: 2px 0; clear: both; display: list-item; float: none; position: static;\"><b>PRZERZUTKA TY\u0141:<\/b> Shimano  Tourney RD-A070<\/li>\n<li style=\"margin: 5px 0; padding: 2px 0; clear: both; display: list-item; float: none; position: static;\"><b>RODZAJ HAMULCA:<\/b> szcz\u0119kowy<\/li>\n<li style=\"margin: 5px 0; padding: 2px 0; clear: both; display: list-item; float: none; position: static;\"><b>ROK PRODUKCJI:<\/b> 2024<\/li>\n<li style=\"margin: 5px 0; padding: 2px 0; clear: both; display: list-item; float: none; position: static;\"><b>ROZMIAR:<\/b> 53<\/li>\n<li style=\"margin: 5px 0; padding: 2px 0; clear: both; display: list-item; float: none; position: static;\"><b>ROZMIAR KO\u0141A:<\/b> 28<\/li>\n<li style=\"margin: 5px 0; padding: 2px 0; clear: both; display: list-item; float: none; position: static;\"><b>SIOD\u0141O:<\/b> Vader<\/li>\n<li style=\"margin: 5px 0; padding: 2px 0; clear: both; display: list-item; float: none; position: static;\"><b>SZTYCA:<\/b> Romet aluminiowa 27,2 mm 300\/350\/400 mm<\/li>\n<li style=\"margin: 5px 0; padding: 2px 0; clear: both; display: list-item; float: none; position: static;\"><b>TARCZA HAMULCOWA PRZ\u00d3D:<\/b> \u2014<\/li>\n<li style=\"margin: 5px 0; padding: 2px 0; clear: both; display: list-item; float: none; position: static;\"><b>TARCZA HAMULCOWA TY\u0141:<\/b> \u2014<\/li>\n<li style=\"margin: 5px 0; padding: 2px 0; clear: both; display: list-item; float: none; position: static;\"><b>U\u017bYTKOWNIK:<\/b> Uniwersalny<\/li>\n<li style=\"margin: 5px 0; padding: 2px 0; clear: both; display: list-item; float: none; position: static;\"><b>WAGA:<\/b> 9,8 kg<\/li>\n<li style=\"margin: 5px 0; padding: 2px 0; clear: both; display: list-item; float: none; position: static;\"><b>WERSJA:<\/b> podstawowa<\/li>\n<li style=\"margin: 5px 0; padding: 2px 0; clear: both; display: list-item; float: none; position: static;\"><b>WIDELEC:<\/b> Full Carbon Tapered<\/li>\n<li style=\"margin: 5px 0; padding: 2px 0; clear: both; display: list-item; float: none; position: static;\"><b>WZROST:<\/b> 178-188<\/li>\n<li style=\"margin: 5px 0; padding: 2px 0; clear: both; display: list-item; float: none; position: static;\"><b>WZROST DO:<\/b> 188<\/li>\n<li style=\"margin: 5px 0; padding: 2px 0; clear: both; display: list-item; float: none; position: static;\"><b>WZROST OD:<\/b> 178<\/li>\n<\/ul>\n<\/div>\n<\/div>\n<\/div>\n<div style=\"clear: both; display: block; margin: 10px 0;\">\n<div style=\"clear: both; display: block; margin: 10px 0;\">\n<div style=\"clear: both; display: block; margin: 10px 0;\">\n<p style=\"margin: 15px 0; line-height: 1.8; clear: both; display: block; width: 100%; float: none; position: static;\">Rower szosowy ROMET HURAGAN 1 2024<\/p>\n<\/div>\n<\/div>\n<\/div>\n<\/div>\n<\/div>\n<\/div>\n<div style=\"clear: both; display: block; margin: 10px 0;\">\n","protected":false},"excerpt":{"rendered":"<p>28530345-A &#8211; 53 L Rower ROMET Huragan 1 czarno-oliwkowy<\/p>\n<p>Romet<\/p>\n<p>Romet Huragan 1 to nie tylko rower szosowy, to wst\u0119p do fascynuj\u0105cego \u015bwiata kolarstwa, skierowany zar\u00f3wno do tych, kt\u00f3rzy zaczynaj\u0105 swoj\u0105 przygod\u0119 z kolarstwem szosowym, jak i tych, kt\u00f3rzy chc\u0105 poszerzy\u0107 swoje do\u015bwiadczenia rowerowe na szosie.<\/p>\n","protected":false},"featured_media":14233,"template":"","meta":{"_uag_custom_page_level_css":""},"product_brand":[695],"product_cat":[688,687,689],"product_tag":[],"class_list":{"0":"post-14232","1":"product","2":"type-product","3":"status-publish","4":"has-post-thumbnail","6":"product_brand-romet","7":"product_cat-rowery","8":"product_cat-rowery-i-akcesoria","9":"product_cat-szosowe","11":"first","12":"instock","13":"sale","14":"shipping-taxable","15":"purchasable","16":"product-type-simple"},"uagb_featured_image_src":{"full":["https:\/\/twojerowery.shop\/ro64\/wp-content\/uploads\/2026\/02\/allegro-image-14232.jpg",1200,800,false],"thumbnail":["https:\/\/twojerowery.shop\/ro64\/wp-content\/uploads\/2026\/02\/allegro-image-14232-150x150.jpg",150,150,true],"medium":["https:\/\/twojerowery.shop\/ro64\/wp-content\/uploads\/2026\/02\/allegro-image-14232-300x200.jpg",300,200,true],"medium_large":["https:\/\/twojerowery.shop\/ro64\/wp-content\/uploads\/2026\/02\/allegro-image-14232-768x512.jpg",768,512,true],"large":["https:\/\/twojerowery.shop\/ro64\/wp-content\/uploads\/2026\/02\/allegro-image-14232-1024x683.jpg",1024,683,true],"1536x1536":["https:\/\/twojerowery.shop\/ro64\/wp-content\/uploads\/2026\/02\/allegro-image-14232.jpg",1200,800,false],"2048x2048":["https:\/\/twojerowery.shop\/ro64\/wp-content\/uploads\/2026\/02\/allegro-image-14232.jpg",1200,800,false],"woocommerce_thumbnail":["https:\/\/twojerowery.shop\/ro64\/wp-content\/uploads\/2026\/02\/allegro-image-14232-300x300.jpg",300,300,true],"woocommerce_single":["https:\/\/twojerowery.shop\/ro64\/wp-content\/uploads\/2026\/02\/allegro-image-14232-600x400.jpg",600,400,true],"woocommerce_gallery_thumbnail":["https:\/\/twojerowery.shop\/ro64\/wp-content\/uploads\/2026\/02\/allegro-image-14232-100x100.jpg",100,100,true]},"uagb_author_info":{"display_name":"admin","author_link":"https:\/\/twojerowery.shop\/ro64\/author\/"},"uagb_comment_info":0,"uagb_excerpt":"28530345-A - 53 L Rower ROMET Huragan 1 czarno-oliwkowy Romet Romet Huragan 1 to nie tylko rower szosowy, to wst\u0119p do fascynuj\u0105cego \u015bwiata kolarstwa, skierowany zar\u00f3wno do tych, kt\u00f3rzy zaczynaj\u0105 swoj\u0105 przygod\u0119 z kolarstwem szosowym, jak i tych, kt\u00f3rzy chc\u0105 poszerzy\u0107 swoje do\u015bwiadczenia rowerowe na szosie.","_links":{"self":[{"href":"https:\/\/twojerowery.shop\/ro64\/wp-json\/wp\/v2\/product\/14232","targetHints":{"allow":["GET"]}}],"collection":[{"href":"https:\/\/twojerowery.shop\/ro64\/wp-json\/wp\/v2\/product"}],"about":[{"href":"https:\/\/twojerowery.shop\/ro64\/wp-json\/wp\/v2\/types\/product"}],"wp:featuredmedia":[{"embeddable":true,"href":"https:\/\/twojerowery.shop\/ro64\/wp-json\/wp\/v2\/media\/14233"}],"wp:attachment":[{"href":"https:\/\/twojerowery.shop\/ro64\/wp-json\/wp\/v2\/media?parent=14232"}],"wp:term":[{"taxonomy":"product_brand","embeddable":true,"href":"https:\/\/twojerowery.shop\/ro64\/wp-json\/wp\/v2\/product_brand?post=14232"},{"taxonomy":"product_cat","embeddable":true,"href":"https:\/\/twojerowery.shop\/ro64\/wp-json\/wp\/v2\/product_cat?post=14232"},{"taxonomy":"product_tag","embeddable":true,"href":"https:\/\/twojerowery.shop\/ro64\/wp-json\/wp\/v2\/product_tag?post=14232"}],"curies":[{"name":"wp","href":"https:\/\/api.w.org\/{rel}","templated":true}]}}