{"id":14234,"date":"2026-02-26T04:19:34","date_gmt":"2026-02-26T03:19:34","guid":{"rendered":"https:\/\/rowermax.shop\/ro64\/produkt\/rower-szosowy-kolarzowka-14-biegow-dla-doroslych-70032c-l\/"},"modified":"2026-02-26T04:19:34","modified_gmt":"2026-02-26T03:19:34","slug":"rower-szosowy-kolarzowka-14-biegow-dla-doroslych-70032c-l","status":"publish","type":"product","link":"https:\/\/twojerowery.shop\/ro64\/produkt\/rower-szosowy-kolarzowka-14-biegow-dla-doroslych-70032c-l\/","title":{"rendered":"Rower szosowy KOLARZ\u00d3WKA 14 bieg\u00f3w dla doros\u0142ych 700*32C L"},"content":{"rendered":"<div style=\"font-family: Arial, sans-serif; line-height: 1.6; color: #333; padding: 20px; clear: both; display: block; width: 100%; float: none; position: static; overflow: hidden;\">\n<div style=\"clear: both; display: block; margin: 10px 0;\">\n<div style=\"clear: both; display: block; margin: 10px 0;\">\n<div style=\"clear: both; display: block; margin: 10px 0;\">\n<div  style=\"max-width:799px;max-height:606px\">\n<div style=\"clear: both; display: block; margin: 10px 0;\">\n<div style=\"clear: both; width: 100%; display: block; margin: 20px 0; padding: 0; float: none; position: static; text-align: center;\"><img decoding=\"async\"  src=\"https:\/\/a.allegroimg.com\/original\/116a73\/dd35c09348d8bf0e424c79d219a9\/Rower-szosowy-KOLARZOWKA-14-biegow-dla-doroslych-700-32C-L\" srcset=\"https:\/\/a.allegroimg.com\/original\/116a73\/dd35c09348d8bf0e424c79d219a9\/Rower-szosowy-KOLARZOWKA-14-biegow-dla-doroslych-700-32C-L 360w,https:\/\/a.allegroimg.com\/original\/116a73\/dd35c09348d8bf0e424c79d219a9\/Rower-szosowy-KOLARZOWKA-14-biegow-dla-doroslych-700-32C-L 720w,https:\/\/a.allegroimg.com\/original\/116a73\/dd35c09348d8bf0e424c79d219a9\/Rower-szosowy-KOLARZOWKA-14-biegow-dla-doroslych-700-32C-L 799w,https:\/\/a.allegroimg.com\/original\/116a73\/dd35c09348d8bf0e424c79d219a9\/Rower-szosowy-KOLARZOWKA-14-biegow-dla-doroslych-700-32C-L 799w\" sizes=\"(min-width: 1200px) 560px, (min-width: 992px) 50vw, 100vw\" width=\"799px\" alt=\"Rower szosowy KOLARZ\u00d3WKA 14 bieg\u00f3w dla doros\u0142ych 700*32C L\" style=\"max-width: 100%; height: auto; display: block; margin: 0 auto;\"><\/div>\n<\/div>\n<\/div>\n<\/div>\n<\/div>\n<div style=\"clear: both; display: block; margin: 10px 0;\">\n<div style=\"clear: both; display: block; margin: 10px 0;\">\n<h1>Hiland rower wy\u015bcigowy 28&#8243;, 700C, m\u0119ski i damski rower dojazdowy, 14 bieg\u00f3w, dla doros\u0142ych, bia\u0142y, rozmiar ramy 530 mm, rower Road Hybrid<\/h1>\n<ul style=\"margin: 15px 0; padding-left: 20px; clear: both; display: block; width: 100%; float: none; position: static;\">\n<li style=\"margin: 5px 0; padding: 2px 0; clear: both; display: list-item; float: none; position: static;\">Lekka rama: miejski rower wy\u015bcigowy jest przeznaczony dla os\u00f3b, kt\u00f3re lubi\u0105 je\u017adzi\u0107 lub u\u017cywa\u0107 go do codziennej pracy. Aluminiowa rama jest lekka, sztywna, trwa\u0142a i nadaje si\u0119 do wi\u0119kszych pr\u0119dko\u015bci.<\/li>\n<li style=\"margin: 5px 0; padding: 2px 0; clear: both; display: list-item; float: none; position: static;\">Uk\u0142ad hamulcowy: Uk\u0142ad hamulcowy sk\u0142ada si\u0119 z dw\u00f3ch zacisk\u00f3w hamulcowych, kt\u00f3re s\u0105 l\u017cejsze, bardziej \u0142atwe w konserwacji i trwalsze ni\u017c hamulce tarczowe, zapewniaj\u0105c stabiln\u0105 i mocn\u0105 si\u0142\u0119 hamowania, aby bezpiecznie zatrzyma\u0107 si\u0119 w ka\u017cdych warunkach.<\/li>\n<li style=\"margin: 5px 0; padding: 2px 0; clear: both; display: list-item; float: none; position: static;\">Profesjonalna przerzutka: miejski rower wy\u015bcigowy z 14-biegow\u0105 przek\u0142adni\u0105 \u0142a\u0144cuchow\u0105 zapewnia urozmaicone wra\u017cenia z jazdy i ca\u0142kowit\u0105 kontrol\u0119 w wielu sytuacjach, niezale\u017cnie od tego, czy na ulicach miasta lub w wymagaj\u0105cym terenie.<\/li>\n<li style=\"margin: 5px 0; padding: 2px 0; clear: both; display: list-item; float: none; position: static;\">Instrukcja monta\u017cu i rozmiaru: rozmiar S (49 cm) dla kobiet i m\u0119\u017cczyzn pomi\u0119dzy 162 cm-172 cm, rozmiar M (53 cm) dla kierowcy pomi\u0119dzy 172 cm-182 cm, rozmiar L (57 cm) dla doros\u0142ych pomi\u0119dzy 182 cm-192 cm; zmontowany w 85%, \u0142atwy monta\u017c, bezp\u0142atne narz\u0119dzie monta\u017cowe w zestawie.<\/li>\n<\/ul>\n<p style=\"margin: 15px 0; line-height: 1.8; clear: both; display: block; width: 100%; float: none; position: static;\"><b>Stan:<\/b> NADWY\u017bKA MAGAZYNOWA, produkt nowy, w oryginalanym poklejonym kartonie<\/p>\n<\/div>\n<\/div>\n<\/div>\n<div style=\"clear: both; display: block; margin: 10px 0;\">\n<div style=\"clear: both; display: block; margin: 10px 0;\">\n<div style=\"clear: both; display: block; margin: 10px 0;\">\n<div  style=\"max-width:844px;max-height:514px\">\n<div style=\"clear: both; display: block; margin: 10px 0;\">\n<div style=\"clear: both; width: 100%; display: block; margin: 20px 0; padding: 0; float: none; position: static; text-align: center;\"><img decoding=\"async\"  src=\"https:\/\/a.allegroimg.com\/original\/11322b\/7655314646829d46db8d6e378d17\/Rower-szosowy-KOLARZOWKA-14-biegow-dla-doroslych-700-32C-L-Stopien-zlozenia-wstepnie-zlozony-wyregulowany\" srcset=\"https:\/\/a.allegroimg.com\/original\/11322b\/7655314646829d46db8d6e378d17\/Rower-szosowy-KOLARZOWKA-14-biegow-dla-doroslych-700-32C-L-Stopien-zlozenia-wstepnie-zlozony-wyregulowany 360w,https:\/\/a.allegroimg.com\/original\/11322b\/7655314646829d46db8d6e378d17\/Rower-szosowy-KOLARZOWKA-14-biegow-dla-doroslych-700-32C-L-Stopien-zlozenia-wstepnie-zlozony-wyregulowany 720w,https:\/\/a.allegroimg.com\/original\/11322b\/7655314646829d46db8d6e378d17\/Rower-szosowy-KOLARZOWKA-14-biegow-dla-doroslych-700-32C-L-Stopien-zlozenia-wstepnie-zlozony-wyregulowany 844w,https:\/\/a.allegroimg.com\/original\/11322b\/7655314646829d46db8d6e378d17\/Rower-szosowy-KOLARZOWKA-14-biegow-dla-doroslych-700-32C-L-Stopien-zlozenia-wstepnie-zlozony-wyregulowany 844w\" sizes=\"(min-width: 1200px) 560px, (min-width: 992px) 50vw, 100vw\" width=\"844px\" alt=\"Rower szosowy KOLARZ\u00d3WKA 14 bieg\u00f3w dla doros\u0142ych 700*32C L Stopie\u0144 z\u0142o\u017cenia wst\u0119pnie z\u0142o\u017cony, wyregulowany\" style=\"max-width: 100%; height: auto; display: block; margin: 0 auto;\"><\/div>\n<\/div>\n<\/div>\n<\/div>\n<\/div>\n<div style=\"clear: both; display: block; margin: 10px 0;\">\n<div style=\"clear: both; display: block; margin: 10px 0;\">\n<div  style=\"max-width:761px;max-height:650px\">\n<div style=\"clear: both; display: block; margin: 10px 0;\">\n<div style=\"clear: both; width: 100%; display: block; margin: 20px 0; padding: 0; float: none; position: static; text-align: center;\"><img decoding=\"async\"  src=\"https:\/\/a.allegroimg.com\/original\/1131ee\/29fda61d4d43996a3a108df4ffa2\/Rower-szosowy-KOLARZOWKA-14-biegow-dla-doroslych-700-32C-L-Kolor-szary\" srcset=\"https:\/\/a.allegroimg.com\/original\/1131ee\/29fda61d4d43996a3a108df4ffa2\/Rower-szosowy-KOLARZOWKA-14-biegow-dla-doroslych-700-32C-L-Kolor-szary 360w,https:\/\/a.allegroimg.com\/original\/1131ee\/29fda61d4d43996a3a108df4ffa2\/Rower-szosowy-KOLARZOWKA-14-biegow-dla-doroslych-700-32C-L-Kolor-szary 720w,https:\/\/a.allegroimg.com\/original\/1131ee\/29fda61d4d43996a3a108df4ffa2\/Rower-szosowy-KOLARZOWKA-14-biegow-dla-doroslych-700-32C-L-Kolor-szary 761w,https:\/\/a.allegroimg.com\/original\/1131ee\/29fda61d4d43996a3a108df4ffa2\/Rower-szosowy-KOLARZOWKA-14-biegow-dla-doroslych-700-32C-L-Kolor-szary 761w\" sizes=\"(min-width: 1200px) 560px, (min-width: 992px) 50vw, 100vw\" width=\"761px\" alt=\"Rower szosowy KOLARZ\u00d3WKA 14 bieg\u00f3w dla doros\u0142ych 700*32C L Kolor szary\" style=\"max-width: 100%; height: auto; display: block; margin: 0 auto;\"><\/div>\n<\/div>\n<\/div>\n<\/div>\n<\/div>\n<\/div>\n<div style=\"clear: both; display: block; margin: 10px 0;\">\n<div style=\"clear: both; display: block; margin: 10px 0;\">\n<div style=\"clear: both; display: block; margin: 10px 0;\">\n<div  style=\"max-width:779px;max-height:711px\">\n<div style=\"clear: both; display: block; margin: 10px 0;\">\n<div style=\"clear: both; width: 100%; display: block; margin: 20px 0; padding: 0; float: none; position: static; text-align: center;\"><img decoding=\"async\"  src=\"https:\/\/a.allegroimg.com\/original\/117fc1\/48ad9c23425396190f721fda616c\/Rower-szosowy-KOLARZOWKA-14-biegow-dla-doroslych-700-32C-L-Kod-producenta-RD23525\" srcset=\"https:\/\/a.allegroimg.com\/original\/117fc1\/48ad9c23425396190f721fda616c\/Rower-szosowy-KOLARZOWKA-14-biegow-dla-doroslych-700-32C-L-Kod-producenta-RD23525 360w,https:\/\/a.allegroimg.com\/original\/117fc1\/48ad9c23425396190f721fda616c\/Rower-szosowy-KOLARZOWKA-14-biegow-dla-doroslych-700-32C-L-Kod-producenta-RD23525 720w,https:\/\/a.allegroimg.com\/original\/117fc1\/48ad9c23425396190f721fda616c\/Rower-szosowy-KOLARZOWKA-14-biegow-dla-doroslych-700-32C-L-Kod-producenta-RD23525 779w,https:\/\/a.allegroimg.com\/original\/117fc1\/48ad9c23425396190f721fda616c\/Rower-szosowy-KOLARZOWKA-14-biegow-dla-doroslych-700-32C-L-Kod-producenta-RD23525 779w\" sizes=\"(min-width: 1200px) 560px, (min-width: 992px) 50vw, 100vw\" width=\"779px\" alt=\"Rower szosowy KOLARZ\u00d3WKA 14 bieg\u00f3w dla doros\u0142ych 700*32C L Kod producenta RD23525\" style=\"max-width: 100%; height: auto; display: block; margin: 0 auto;\"><\/div>\n<\/div>\n<\/div>\n<\/div>\n<\/div>\n<div style=\"clear: both; display: block; margin: 10px 0;\">\n<div style=\"clear: both; display: block; margin: 10px 0;\">\n<div  style=\"max-width:720px;max-height:696px\">\n<div style=\"clear: both; display: block; margin: 10px 0;\">\n<div style=\"clear: both; width: 100%; display: block; margin: 20px 0; padding: 0; float: none; position: static; text-align: center;\"><img decoding=\"async\"  src=\"https:\/\/a.allegroimg.com\/original\/1136c7\/7a6ccedf446b974cb2408412c562\/Rower-szosowy-KOLARZOWKA-14-biegow-dla-doroslych-700-32C-L-Marka-Indiana\" srcset=\"https:\/\/a.allegroimg.com\/original\/1136c7\/7a6ccedf446b974cb2408412c562\/Rower-szosowy-KOLARZOWKA-14-biegow-dla-doroslych-700-32C-L-Marka-Indiana 360w,https:\/\/a.allegroimg.com\/original\/1136c7\/7a6ccedf446b974cb2408412c562\/Rower-szosowy-KOLARZOWKA-14-biegow-dla-doroslych-700-32C-L-Marka-Indiana 720w,https:\/\/a.allegroimg.com\/original\/1136c7\/7a6ccedf446b974cb2408412c562\/Rower-szosowy-KOLARZOWKA-14-biegow-dla-doroslych-700-32C-L-Marka-Indiana 720w\" sizes=\"(min-width: 1200px) 560px, (min-width: 992px) 50vw, 100vw\" width=\"720px\" alt=\"Rower szosowy KOLARZ\u00d3WKA 14 bieg\u00f3w dla doros\u0142ych 700*32C L Marka Indiana\" style=\"max-width: 100%; height: auto; display: block; margin: 0 auto;\"><\/div>\n<\/div>\n<\/div>\n<\/div>\n<\/div>\n<\/div>\n<div style=\"clear: both; display: block; margin: 10px 0;\">\n<div style=\"clear: both; display: block; margin: 10px 0;\">\n<div style=\"clear: both; display: block; margin: 10px 0;\">\n<div  style=\"max-width:741px;max-height:715px\">\n<div style=\"clear: both; display: block; margin: 10px 0;\">\n<div style=\"clear: both; width: 100%; display: block; margin: 20px 0; padding: 0; float: none; position: static; text-align: center;\"><img decoding=\"async\"  src=\"https:\/\/a.allegroimg.com\/original\/11ff74\/1caa0b8d4d46a3a7fb2f43fdf7a2\/Rower-szosowy-KOLARZOWKA-14-biegow-dla-doroslych-700-32C-L-Model-Racing-M20\" srcset=\"https:\/\/a.allegroimg.com\/original\/11ff74\/1caa0b8d4d46a3a7fb2f43fdf7a2\/Rower-szosowy-KOLARZOWKA-14-biegow-dla-doroslych-700-32C-L-Model-Racing-M20 360w,https:\/\/a.allegroimg.com\/original\/11ff74\/1caa0b8d4d46a3a7fb2f43fdf7a2\/Rower-szosowy-KOLARZOWKA-14-biegow-dla-doroslych-700-32C-L-Model-Racing-M20 720w,https:\/\/a.allegroimg.com\/original\/11ff74\/1caa0b8d4d46a3a7fb2f43fdf7a2\/Rower-szosowy-KOLARZOWKA-14-biegow-dla-doroslych-700-32C-L-Model-Racing-M20 741w,https:\/\/a.allegroimg.com\/original\/11ff74\/1caa0b8d4d46a3a7fb2f43fdf7a2\/Rower-szosowy-KOLARZOWKA-14-biegow-dla-doroslych-700-32C-L-Model-Racing-M20 741w\" sizes=\"(min-width: 1200px) 560px, (min-width: 992px) 50vw, 100vw\" width=\"741px\" alt=\"Rower szosowy KOLARZ\u00d3WKA 14 bieg\u00f3w dla doros\u0142ych 700*32C L Model Racing M20\" style=\"max-width: 100%; height: auto; display: block; margin: 0 auto;\"><\/div>\n<\/div>\n<\/div>\n<\/div>\n<\/div>\n<div style=\"clear: both; display: block; margin: 10px 0;\">\n<div style=\"clear: both; display: block; margin: 10px 0;\">\n<div  style=\"max-width:735px;max-height:703px\">\n<div style=\"clear: both; display: block; margin: 10px 0;\">\n<div style=\"clear: both; width: 100%; display: block; margin: 20px 0; padding: 0; float: none; position: static; text-align: center;\"><img decoding=\"async\"  src=\"https:\/\/a.allegroimg.com\/original\/11c1c0\/30b50a0b4ed29080ade02d7e1c86\/Rower-szosowy-KOLARZOWKA-14-biegow-dla-doroslych-700-32C-L-Plec-nie-dotyczy\" srcset=\"https:\/\/a.allegroimg.com\/original\/11c1c0\/30b50a0b4ed29080ade02d7e1c86\/Rower-szosowy-KOLARZOWKA-14-biegow-dla-doroslych-700-32C-L-Plec-nie-dotyczy 360w,https:\/\/a.allegroimg.com\/original\/11c1c0\/30b50a0b4ed29080ade02d7e1c86\/Rower-szosowy-KOLARZOWKA-14-biegow-dla-doroslych-700-32C-L-Plec-nie-dotyczy 720w,https:\/\/a.allegroimg.com\/original\/11c1c0\/30b50a0b4ed29080ade02d7e1c86\/Rower-szosowy-KOLARZOWKA-14-biegow-dla-doroslych-700-32C-L-Plec-nie-dotyczy 735w,https:\/\/a.allegroimg.com\/original\/11c1c0\/30b50a0b4ed29080ade02d7e1c86\/Rower-szosowy-KOLARZOWKA-14-biegow-dla-doroslych-700-32C-L-Plec-nie-dotyczy 735w\" sizes=\"(min-width: 1200px) 560px, (min-width: 992px) 50vw, 100vw\" width=\"735px\" alt=\"Rower szosowy KOLARZ\u00d3WKA 14 bieg\u00f3w dla doros\u0142ych 700*32C L P\u0142e\u0107 nie dotyczy\" style=\"max-width: 100%; height: auto; display: block; margin: 0 auto;\"><\/div>\n<\/div>\n<\/div>\n<\/div>\n<\/div>\n<\/div>\n<\/div>\n<\/div>\n<\/div>\n<div style=\"clear: both; display: block; margin: 10px 0;\">\n","protected":false},"excerpt":{"rendered":"<p>Hiland rower wy\u015bcigowy 28&quot;, 700C, m\u0119ski i damski rower dojazdowy, 14 bieg\u00f3w, dla doros\u0142ych, bia\u0142y, rozmiar ramy 530 mm, rower Road Hybrid<\/p>\n<p>Lekka rama: miejski rower wy\u015bcigowy jest przeznaczony dla os\u00f3b, kt\u00f3re lubi\u0105 je\u017adzi\u0107 lub u\u017cywa\u0107 go do codziennej pracy. Aluminiowa rama jest lekka, sztywna, trwa\u0142a i nadaje si\u0119 do wi\u0119kszych pr\u0119dko\u015bci.<\/p>\n","protected":false},"featured_media":14235,"template":"","meta":{"_uag_custom_page_level_css":""},"product_brand":[696],"product_cat":[688,687,689],"product_tag":[],"class_list":{"0":"post-14234","1":"product","2":"type-product","3":"status-publish","4":"has-post-thumbnail","6":"product_brand-indiana","7":"product_cat-rowery","8":"product_cat-rowery-i-akcesoria","9":"product_cat-szosowe","11":"first","12":"instock","13":"sale","14":"shipping-taxable","15":"purchasable","16":"product-type-simple"},"uagb_featured_image_src":{"full":["https:\/\/twojerowery.shop\/ro64\/wp-content\/uploads\/2026\/02\/allegro-image-14234.jpg",799,606,false],"thumbnail":["https:\/\/twojerowery.shop\/ro64\/wp-content\/uploads\/2026\/02\/allegro-image-14234-150x150.jpg",150,150,true],"medium":["https:\/\/twojerowery.shop\/ro64\/wp-content\/uploads\/2026\/02\/allegro-image-14234-300x228.jpg",300,228,true],"medium_large":["https:\/\/twojerowery.shop\/ro64\/wp-content\/uploads\/2026\/02\/allegro-image-14234-768x582.jpg",768,582,true],"large":["https:\/\/twojerowery.shop\/ro64\/wp-content\/uploads\/2026\/02\/allegro-image-14234.jpg",799,606,false],"1536x1536":["https:\/\/twojerowery.shop\/ro64\/wp-content\/uploads\/2026\/02\/allegro-image-14234.jpg",799,606,false],"2048x2048":["https:\/\/twojerowery.shop\/ro64\/wp-content\/uploads\/2026\/02\/allegro-image-14234.jpg",799,606,false],"woocommerce_thumbnail":["https:\/\/twojerowery.shop\/ro64\/wp-content\/uploads\/2026\/02\/allegro-image-14234-300x300.jpg",300,300,true],"woocommerce_single":["https:\/\/twojerowery.shop\/ro64\/wp-content\/uploads\/2026\/02\/allegro-image-14234-600x455.jpg",600,455,true],"woocommerce_gallery_thumbnail":["https:\/\/twojerowery.shop\/ro64\/wp-content\/uploads\/2026\/02\/allegro-image-14234-100x100.jpg",100,100,true]},"uagb_author_info":{"display_name":"admin","author_link":"https:\/\/twojerowery.shop\/ro64\/author\/"},"uagb_comment_info":0,"uagb_excerpt":"Hiland rower wy\u015bcigowy 28&quot;, 700C, m\u0119ski i damski rower dojazdowy, 14 bieg\u00f3w, dla doros\u0142ych, bia\u0142y, rozmiar ramy 530 mm, rower Road Hybrid Lekka rama: miejski rower wy\u015bcigowy jest przeznaczony dla os\u00f3b, kt\u00f3re lubi\u0105 je\u017adzi\u0107 lub u\u017cywa\u0107 go do codziennej pracy. Aluminiowa rama jest lekka, sztywna, trwa\u0142a i nadaje si\u0119 do wi\u0119kszych pr\u0119dko\u015bci.","_links":{"self":[{"href":"https:\/\/twojerowery.shop\/ro64\/wp-json\/wp\/v2\/product\/14234","targetHints":{"allow":["GET"]}}],"collection":[{"href":"https:\/\/twojerowery.shop\/ro64\/wp-json\/wp\/v2\/product"}],"about":[{"href":"https:\/\/twojerowery.shop\/ro64\/wp-json\/wp\/v2\/types\/product"}],"wp:featuredmedia":[{"embeddable":true,"href":"https:\/\/twojerowery.shop\/ro64\/wp-json\/wp\/v2\/media\/14235"}],"wp:attachment":[{"href":"https:\/\/twojerowery.shop\/ro64\/wp-json\/wp\/v2\/media?parent=14234"}],"wp:term":[{"taxonomy":"product_brand","embeddable":true,"href":"https:\/\/twojerowery.shop\/ro64\/wp-json\/wp\/v2\/product_brand?post=14234"},{"taxonomy":"product_cat","embeddable":true,"href":"https:\/\/twojerowery.shop\/ro64\/wp-json\/wp\/v2\/product_cat?post=14234"},{"taxonomy":"product_tag","embeddable":true,"href":"https:\/\/twojerowery.shop\/ro64\/wp-json\/wp\/v2\/product_tag?post=14234"}],"curies":[{"name":"wp","href":"https:\/\/api.w.org\/{rel}","templated":true}]}}