{"id":14244,"date":"2026-02-26T04:19:39","date_gmt":"2026-02-26T03:19:39","guid":{"rendered":"https:\/\/rowermax.shop\/ro64\/produkt\/rower-damski-meski-skladany-20-skladak-lekki-shimano-bagaznik-swiatla\/"},"modified":"2026-02-26T04:19:41","modified_gmt":"2026-02-26T03:19:41","slug":"rower-damski-meski-skladany-20-skladak-lekki-shimano-bagaznik-swiatla","status":"publish","type":"product","link":"https:\/\/twojerowery.shop\/ro64\/produkt\/rower-damski-meski-skladany-20-skladak-lekki-shimano-bagaznik-swiatla\/","title":{"rendered":"Rower Damski M\u0119ski Sk\u0142adany 20&quot; Sk\u0142adak Lekki Shimano Baga\u017cnik \u015awiat\u0142a"},"content":{"rendered":"<div style=\"font-family: Arial, sans-serif; line-height: 1.6; color: #333; padding: 20px; clear: both; display: block; width: 100%; float: none; position: static; overflow: hidden;\">\n<div style=\"clear: both; display: block; margin: 10px 0;\">\n<div style=\"clear: both; display: block; margin: 10px 0;\">\n<div style=\"clear: both; display: block; margin: 10px 0;\">\n<h1>Z\u00fcndapp \u2013 tradycja w nowoczesnej ods\u0142onie!<\/h1>\n<p style=\"margin: 15px 0; line-height: 1.8; clear: both; display: block; width: 100%; float: none; position: static;\">Tradycyjna niemiecka marka Z\u00fcndapp, za\u0142o\u017cona w 1917 roku, przyci\u0105ga\u0142a uwag\u0119 przede wszystkim produkcj\u0105 przyst\u0119pnych cenowo lekkich rower\u00f3w \u201edla ka\u017cdego\u201d, kt\u00f3re charakteryzowa\u0142y si\u0119 przede wszystkim niezawodno\u015bci\u0105. Dzi\u015b nowoczesne e-rowery s\u0105 produkowane pod nazw\u0105 Z\u00fcndapp. Wszystkie rowery, czy to elektryczne, sk\u0142adane czy g\u00f3rskie, odpowiadaj\u0105 tradycyjnym standardom po\u0142\u0105czonym z nowoczesn\u0105 technologi\u0105.<\/p>\n<h1>Credo brzmi: \u0142atwo\u015b\u0107 obs\u0142ugi, niezawodno\u015b\u0107, przyst\u0119pne ceny!<\/h1>\n<\/div>\n<\/div>\n<div style=\"clear: both; display: block; margin: 10px 0;\">\n<div style=\"clear: both; display: block; margin: 10px 0;\">\n<div  style=\"max-width:1400px;max-height:632px\">\n<div style=\"clear: both; display: block; margin: 10px 0;\">\n<div style=\"clear: both; width: 100%; display: block; margin: 20px 0; padding: 0; float: none; position: static; text-align: center;\"><img decoding=\"async\"  src=\"https:\/\/a.allegroimg.com\/original\/11c617\/4d7c88ae44e5b4c9d53dcc10e67a\/Rower-Damski-Meski-Skladany-20-Skladak-Lekki-Shimano-Bagaznik-Swiatla-Hamulce-V-brake\" srcset=\"https:\/\/a.allegroimg.com\/original\/11c617\/4d7c88ae44e5b4c9d53dcc10e67a\/Rower-Damski-Meski-Skladany-20-Skladak-Lekki-Shimano-Bagaznik-Swiatla-Hamulce-V-brake 359w,https:\/\/a.allegroimg.com\/original\/11c617\/4d7c88ae44e5b4c9d53dcc10e67a\/Rower-Damski-Meski-Skladany-20-Skladak-Lekki-Shimano-Bagaznik-Swiatla-Hamulce-V-brake 719w,https:\/\/a.allegroimg.com\/original\/11c617\/4d7c88ae44e5b4c9d53dcc10e67a\/Rower-Damski-Meski-Skladany-20-Skladak-Lekki-Shimano-Bagaznik-Swiatla-Hamulce-V-brake 1024w,https:\/\/a.allegroimg.com\/original\/11c617\/4d7c88ae44e5b4c9d53dcc10e67a\/Rower-Damski-Meski-Skladany-20-Skladak-Lekki-Shimano-Bagaznik-Swiatla-Hamulce-V-brake 1400w,https:\/\/a.allegroimg.com\/original\/11c617\/4d7c88ae44e5b4c9d53dcc10e67a\/Rower-Damski-Meski-Skladany-20-Skladak-Lekki-Shimano-Bagaznik-Swiatla-Hamulce-V-brake 1400w\" sizes=\"(min-width: 1200px) 560px, (min-width: 992px) 50vw, 100vw\" width=\"1400px\" alt=\"Rower Damski M\u0119ski Sk\u0142adany 20&amp;quot; Sk\u0142adak Lekki Shimano Baga\u017cnik \u015awiat\u0142a Hamulce V-brake\" style=\"max-width: 100%; height: auto; display: block; margin: 0 auto;\"><\/div>\n<\/div>\n<\/div>\n<\/div>\n<\/div>\n<\/div>\n<div style=\"clear: both; display: block; margin: 10px 0;\">\n<div style=\"clear: both; display: block; margin: 10px 0;\">\n<div style=\"clear: both; display: block; margin: 10px 0;\">\n<p style=\"margin: 15px 0; line-height: 1.8; clear: both; display: block; width: 100%; float: none; position: static;\">______________________________________________________________________________________________________________<\/p>\n<h1>\u2714\ufe0fJeste\u015bmy autoryzowanym sprzedawc\u0105 rower\u00f3w&nbsp;Z\u00fcndapp!&nbsp;<\/h1>\n<\/div>\n<\/div>\n<\/div>\n<div style=\"clear: both; display: block; margin: 10px 0;\">\n<div style=\"clear: both; display: block; margin: 10px 0;\">\n<div style=\"clear: both; display: block; margin: 10px 0;\">\n<div  style=\"max-width:1308px;max-height:255px\">\n<div style=\"clear: both; display: block; margin: 10px 0;\">\n<div style=\"clear: both; width: 100%; display: block; margin: 20px 0; padding: 0; float: none; position: static; text-align: center;\"><img decoding=\"async\"  src=\"https:\/\/a.allegroimg.com\/original\/111ece\/8b97e94d4574b1ff179e8aea534e\/Rower-Damski-Meski-Skladany-20-Skladak-Lekki-Shimano-Bagaznik-Swiatla-Wyposazenie-dodatkowe-bagaznik-blotniki-dzwonek-oswietlenie-stopka\" srcset=\"https:\/\/a.allegroimg.com\/original\/111ece\/8b97e94d4574b1ff179e8aea534e\/Rower-Damski-Meski-Skladany-20-Skladak-Lekki-Shimano-Bagaznik-Swiatla-Wyposazenie-dodatkowe-bagaznik-blotniki-dzwonek-oswietlenie-stopka 360w,https:\/\/a.allegroimg.com\/original\/111ece\/8b97e94d4574b1ff179e8aea534e\/Rower-Damski-Meski-Skladany-20-Skladak-Lekki-Shimano-Bagaznik-Swiatla-Wyposazenie-dodatkowe-bagaznik-blotniki-dzwonek-oswietlenie-stopka 720w,https:\/\/a.allegroimg.com\/original\/111ece\/8b97e94d4574b1ff179e8aea534e\/Rower-Damski-Meski-Skladany-20-Skladak-Lekki-Shimano-Bagaznik-Swiatla-Wyposazenie-dodatkowe-bagaznik-blotniki-dzwonek-oswietlenie-stopka 1024w,https:\/\/a.allegroimg.com\/original\/111ece\/8b97e94d4574b1ff179e8aea534e\/Rower-Damski-Meski-Skladany-20-Skladak-Lekki-Shimano-Bagaznik-Swiatla-Wyposazenie-dodatkowe-bagaznik-blotniki-dzwonek-oswietlenie-stopka 1308w,https:\/\/a.allegroimg.com\/original\/111ece\/8b97e94d4574b1ff179e8aea534e\/Rower-Damski-Meski-Skladany-20-Skladak-Lekki-Shimano-Bagaznik-Swiatla-Wyposazenie-dodatkowe-bagaznik-blotniki-dzwonek-oswietlenie-stopka 1308w\" sizes=\"100vw\" width=\"1308px\" alt=\"Rower Damski M\u0119ski Sk\u0142adany 20&amp;quot; Sk\u0142adak Lekki Shimano Baga\u017cnik \u015awiat\u0142a Wyposa\u017cenie dodatkowe baga\u017cnik b\u0142otniki dzwonek o\u015bwietlenie stopka\" style=\"max-width: 100%; height: auto; display: block; margin: 0 auto;\"><\/div>\n<\/div>\n<\/div>\n<\/div>\n<\/div>\n<\/div>\n<div style=\"clear: both; display: block; margin: 10px 0;\">\n<div style=\"clear: both; display: block; margin: 10px 0;\">\n<div style=\"clear: both; display: block; margin: 10px 0;\">\n<h3 style=\"color: #2c5aa0; font-size: 18px; margin: 30px 0 15px 0; font-weight: bold; clear: both; display: block; width: 100%; float: none; position: static;\">Wszystkie rowery marki Z\u00fcndapp uzyska\u0142y certyfikat CE.\u2b50<\/h3>\n<p style=\"margin: 15px 0; line-height: 1.8; clear: both; display: block; width: 100%; float: none; position: static;\">Co to oznacza?<\/p>\n<p style=\"margin: 15px 0; line-height: 1.8; clear: both; display: block; width: 100%; float: none; position: static;\"><b>Znak CE<\/b>&nbsp;umieszczony na produkcie to deklaracja \u015bwiadcz\u0105ca o zastosowaniu i spe\u0142nieniu przez producenta odpowiednich wymaga\u0144 zawartych w dyrektywach \/ rozporz\u0105dzeniach europejskich. Jest to znak informuj\u0105cy o tym, \u017ce produkt&nbsp;<b>spe\u0142nia wymagania bezpiecze\u0144stwa<\/b>,&nbsp;<b>nie zagra\u017ca \u015brodowisku i jest poprawnie wprowadzony do obrotu&nbsp;<\/b>\u267b\ufe0f.<\/p>\n<\/div>\n<\/div>\n<\/div>\n<div style=\"clear: both; display: block; margin: 10px 0;\">\n<div style=\"clear: both; display: block; margin: 10px 0;\">\n<div style=\"clear: both; display: block; margin: 10px 0;\">\n<h1>\ud83d\udeb2Rower Sk\u0142adany&nbsp;Zundapp ZF20&nbsp;City Folder, 20&#8243;<\/h1>\n<p style=\"margin: 15px 0; line-height: 1.8; clear: both; display: block; width: 100%; float: none; position: static;\">Kod roweru:&nbsp;Z-4079<\/p>\n<p style=\"margin: 15px 0; line-height: 1.8; clear: both; display: block; width: 100%; float: none; position: static;\">Dowiedz si\u0119 wi\u0119cej \u27a1\ufe0f \ud83c\udfa5\ud83c\udfac&nbsp;https:\/\/www.youtube.com\/watch?v=NFAm5BKMtsY<\/p>\n<\/div>\n<\/div>\n<\/div>\n<div style=\"clear: both; display: block; margin: 10px 0;\">\n<div style=\"clear: both; display: block; margin: 10px 0;\">\n<div style=\"clear: both; display: block; margin: 10px 0;\">\n<div  style=\"max-width:2560px;max-height:2560px\">\n<div style=\"clear: both; display: block; margin: 10px 0;\">\n<div style=\"clear: both; width: 100%; display: block; margin: 20px 0; padding: 0; float: none; position: static; text-align: center;\"><img decoding=\"async\"  src=\"https:\/\/a.allegroimg.com\/original\/11ac18\/b2f85bd0478d88905f484b808a16\/Rower-Damski-Meski-Skladany-20-Skladak-Lekki-Shimano-Bagaznik-Swiatla-Model-ZF20-City-Folder\" srcset=\"https:\/\/a.allegroimg.com\/original\/11ac18\/b2f85bd0478d88905f484b808a16\/Rower-Damski-Meski-Skladany-20-Skladak-Lekki-Shimano-Bagaznik-Swiatla-Model-ZF20-City-Folder 360w,https:\/\/a.allegroimg.com\/original\/11ac18\/b2f85bd0478d88905f484b808a16\/Rower-Damski-Meski-Skladany-20-Skladak-Lekki-Shimano-Bagaznik-Swiatla-Model-ZF20-City-Folder 720w,https:\/\/a.allegroimg.com\/original\/11ac18\/b2f85bd0478d88905f484b808a16\/Rower-Damski-Meski-Skladany-20-Skladak-Lekki-Shimano-Bagaznik-Swiatla-Model-ZF20-City-Folder 1024w,https:\/\/a.allegroimg.com\/original\/11ac18\/b2f85bd0478d88905f484b808a16\/Rower-Damski-Meski-Skladany-20-Skladak-Lekki-Shimano-Bagaznik-Swiatla-Model-ZF20-City-Folder 1440w,https:\/\/a.allegroimg.com\/original\/11ac18\/b2f85bd0478d88905f484b808a16\/Rower-Damski-Meski-Skladany-20-Skladak-Lekki-Shimano-Bagaznik-Swiatla-Model-ZF20-City-Folder 2560w\" sizes=\"100vw\" width=\"2560px\" alt=\"Rower Damski M\u0119ski Sk\u0142adany 20&amp;quot; Sk\u0142adak Lekki Shimano Baga\u017cnik \u015awiat\u0142a Model ZF20 City Folder\" style=\"max-width: 100%; height: auto; display: block; margin: 0 auto;\"><\/div>\n<\/div>\n<\/div>\n<\/div>\n<\/div>\n<\/div>\n<div style=\"clear: both; display: block; margin: 10px 0;\">\n<div style=\"clear: both; display: block; margin: 10px 0;\">\n<div style=\"clear: both; display: block; margin: 10px 0;\">\n<h2>\u27a1\ufe0f Specyfikacja<\/h2>\n<ul style=\"margin: 15px 0; padding-left: 20px; clear: both; display: block; width: 100%; float: none; position: static;\">\n<li style=\"margin: 5px 0; padding: 2px 0; clear: both; display: list-item; float: none; position: static;\"><b>Rama: <\/b>12&#8243; (31 cm), sk\u0142adana, sztywna, stalowa<\/li>\n<li style=\"margin: 5px 0; padding: 2px 0; clear: both; display: list-item; float: none; position: static;\"><b>G\u00f3rna rura:&nbsp;<\/b>55 cm<\/li>\n<li style=\"margin: 5px 0; padding: 2px 0; clear: both; display: list-item; float: none; position: static;\"><b>Widelec:&nbsp;<\/b>Stalowy, sztywny<\/li>\n<li style=\"margin: 5px 0; padding: 2px 0; clear: both; display: list-item; float: none; position: static;\"><b>Rozmiar k\u00f3\u0142:&nbsp;<\/b>20&#8243;<\/li>\n<li style=\"margin: 5px 0; padding: 2px 0; clear: both; display: list-item; float: none; position: static;\"><b>Opony:&nbsp;<\/b>20 x 1,75 <\/li>\n<li style=\"margin: 5px 0; padding: 2px 0; clear: both; display: list-item; float: none; position: static;\"><b>Hamulce (prz\u00f3d\/ty\u0142): <\/b>V-brake<\/li>\n<li style=\"margin: 5px 0; padding: 2px 0; clear: both; display: list-item; float: none; position: static;\"><b>Manetka:&nbsp;<\/b>Obrotowa <b>SHIMANO <\/b>revoshfit <\/li>\n<li style=\"margin: 5px 0; padding: 2px 0; clear: both; display: list-item; float: none; position: static;\"><b>Przerzutka tylna: SHIMANO <\/b>tourney<\/li>\n<li style=\"margin: 5px 0; padding: 2px 0; clear: both; display: list-item; float: none; position: static;\"><b>Ilo\u015b\u0107 bieg\u00f3w:<\/b>&nbsp;6<\/li>\n<li style=\"margin: 5px 0; padding: 2px 0; clear: both; display: list-item; float: none; position: static;\"><b>Wysoko\u015b\u0107 siedziska: <\/b>69-88 cm, regulowana<\/li>\n<li style=\"margin: 5px 0; padding: 2px 0; clear: both; display: list-item; float: none; position: static;\"><b>Waga roweru:&nbsp;<\/b>oko\u0142o 15 kg<\/li>\n<li style=\"margin: 5px 0; padding: 2px 0; clear: both; display: list-item; float: none; position: static;\"><b>Maksymalne obci\u0105\u017cenie:<\/b> 120 kg<\/li>\n<li style=\"margin: 5px 0; padding: 2px 0; clear: both; display: list-item; float: none; position: static;\"><b>Kolor: <\/b>Niebieski mat, szaro-bia\u0142e naklejki<\/li>\n<li style=\"margin: 5px 0; padding: 2px 0; clear: both; display: list-item; float: none; position: static;\"><b>Dodatkowo: <\/b>GRATIS &#8211; b\u0142otniki, baga\u017cnik, o\u015bwietlenie, dzwonek, stopka&nbsp;i&nbsp;multitool<\/li>\n<\/ul>\n<\/div>\n<\/div>\n<\/div>\n<div style=\"clear: both; display: block; margin: 10px 0;\">\n<div style=\"clear: both; display: block; margin: 10px 0;\">\n<div style=\"clear: both; display: block; margin: 10px 0;\">\n<div  style=\"max-width:2560px;max-height:1825px\">\n<div style=\"clear: both; display: block; margin: 10px 0;\">\n<div style=\"clear: both; width: 100%; display: block; margin: 20px 0; padding: 0; float: none; position: static; text-align: center;\"><img decoding=\"async\"  src=\"https:\/\/a.allegroimg.com\/original\/115821\/8a3176604c65a3a16a741566cfbb\/Rower-Damski-Meski-Skladany-20-Skladak-Lekki-Shimano-Bagaznik-Swiatla-Stopien-zlozenia-do-samodzielnego-zlozenia-do-regulacji\" srcset=\"https:\/\/a.allegroimg.com\/original\/115821\/8a3176604c65a3a16a741566cfbb\/Rower-Damski-Meski-Skladany-20-Skladak-Lekki-Shimano-Bagaznik-Swiatla-Stopien-zlozenia-do-samodzielnego-zlozenia-do-regulacji 360w,https:\/\/a.allegroimg.com\/original\/115821\/8a3176604c65a3a16a741566cfbb\/Rower-Damski-Meski-Skladany-20-Skladak-Lekki-Shimano-Bagaznik-Swiatla-Stopien-zlozenia-do-samodzielnego-zlozenia-do-regulacji 720w,https:\/\/a.allegroimg.com\/original\/115821\/8a3176604c65a3a16a741566cfbb\/Rower-Damski-Meski-Skladany-20-Skladak-Lekki-Shimano-Bagaznik-Swiatla-Stopien-zlozenia-do-samodzielnego-zlozenia-do-regulacji 1024w,https:\/\/a.allegroimg.com\/original\/115821\/8a3176604c65a3a16a741566cfbb\/Rower-Damski-Meski-Skladany-20-Skladak-Lekki-Shimano-Bagaznik-Swiatla-Stopien-zlozenia-do-samodzielnego-zlozenia-do-regulacji 1440w,https:\/\/a.allegroimg.com\/original\/115821\/8a3176604c65a3a16a741566cfbb\/Rower-Damski-Meski-Skladany-20-Skladak-Lekki-Shimano-Bagaznik-Swiatla-Stopien-zlozenia-do-samodzielnego-zlozenia-do-regulacji 2560w\" sizes=\"100vw\" width=\"2560px\" alt=\"Rower Damski M\u0119ski Sk\u0142adany 20&amp;quot; Sk\u0142adak Lekki Shimano Baga\u017cnik \u015awiat\u0142a Stopie\u0144 z\u0142o\u017cenia do samodzielnego z\u0142o\u017cenia, do regulacji\" style=\"max-width: 100%; height: auto; display: block; margin: 0 auto;\"><\/div>\n<\/div>\n<\/div>\n<\/div>\n<\/div>\n<\/div>\n<div style=\"clear: both; display: block; margin: 10px 0;\">\n<div style=\"clear: both; display: block; margin: 10px 0;\">\n<div style=\"clear: both; display: block; margin: 10px 0;\">\n<h2>\ud83d\udeb2\u2728 Zundapp ZF20 City Folder \u2013 kompaktowy styl i miejska wygoda w sk\u0142adanej formie \ud83c\udf06\u26a1<\/h2>\n<p style=\"margin: 15px 0; line-height: 1.8; clear: both; display: block; width: 100%; float: none; position: static;\">Szukasz roweru, kt\u00f3ry bez problemu <b>zmie\u015bci si\u0119 w baga\u017cniku, windzie czy komunikacji miejskiej<\/b>, a jednocze\u015bnie zapewni komfortow\u0105 jazd\u0119 po mie\u015bcie? <b>Zundapp ZF20 City Folder<\/b> to praktyczny, solidny i \u015bwietnie wyposa\u017cony <b>rower sk\u0142adany 20&#8243;<\/b>, idealny do codziennych dojazd\u00f3w, rekreacyjnych przeja\u017cd\u017cek i miejskich przyg\u00f3d.<\/p>\n<h2>\ud83d\udca1 Dlaczego warto wybra\u0107 Zundapp ZF20 City Folder?<\/h2>\n<p style=\"margin: 15px 0; line-height: 1.8; clear: both; display: block; width: 100%; float: none; position: static;\">\ud83d\udd39 <b>Kompaktowa, sk\u0142adana konstrukcja<\/b><\/p>\n<ul style=\"margin: 15px 0; padding-left: 20px; clear: both; display: block; width: 100%; float: none; position: static;\">\n<li style=\"margin: 5px 0; padding: 2px 0; clear: both; display: list-item; float: none; position: static;\">\u27a4 Rama: <b>12&#8243; (31 cm), stalowa, sk\u0142adana<\/b> \u2013 solidna, trwa\u0142a i \u0142atwa do z\u0142o\u017cenia<\/li>\n<li style=\"margin: 5px 0; padding: 2px 0; clear: both; display: list-item; float: none; position: static;\">\u27a4 G\u00f3rna rura: <b>55 cm<\/b> \u2013 wygodna geometria zapewniaj\u0105ca stabiln\u0105 pozycj\u0119<\/li>\n<li style=\"margin: 5px 0; padding: 2px 0; clear: both; display: list-item; float: none; position: static;\">\u27a4 Widelec: <b>stalowy, sztywny<\/b> \u2013 precyzyjne prowadzenie w miejskich warunkach<\/li>\n<li style=\"margin: 5px 0; padding: 2px 0; clear: both; display: list-item; float: none; position: static;\">\u27a4 Waga: <b>ok. 15 kg<\/b> \u2013 dobry balans mi\u0119dzy solidno\u015bci\u0105 a mobilno\u015bci\u0105<\/li>\n<\/ul>\n<p style=\"margin: 15px 0; line-height: 1.8; clear: both; display: block; width: 100%; float: none; position: static;\">\ud83d\udd39 <b>Zwrotno\u015b\u0107 i komfort w mie\u015bcie<\/b><\/p>\n<ul style=\"margin: 15px 0; padding-left: 20px; clear: both; display: block; width: 100%; float: none; position: static;\">\n<li style=\"margin: 5px 0; padding: 2px 0; clear: both; display: list-item; float: none; position: static;\">\u27a4 Rozmiar k\u00f3\u0142: <b>20&#8243;<\/b> \u2013 idealne do miasta, \u0142atwe manewrowanie i szybkie reakcje<\/li>\n<li style=\"margin: 5px 0; padding: 2px 0; clear: both; display: list-item; float: none; position: static;\">\u27a4 Opony: <b>20 x 1,75<\/b> \u2013 stabilne, komfortowe i dobrze radz\u0105ce sobie z nier\u00f3wno\u015bciami<\/li>\n<li style=\"margin: 5px 0; padding: 2px 0; clear: both; display: list-item; float: none; position: static;\">\u27a4 Maksymalne obci\u0105\u017cenie: <b>120 kg<\/b> \u2013 solidna konstrukcja na co dzie\u0144<\/li>\n<\/ul>\n<p style=\"margin: 15px 0; line-height: 1.8; clear: both; display: block; width: 100%; float: none; position: static;\">\ud83d\udd39 <b>Sprawdzony nap\u0119d i prosta obs\u0142uga<\/b><\/p>\n<ul style=\"margin: 15px 0; padding-left: 20px; clear: both; display: block; width: 100%; float: none; position: static;\">\n<li style=\"margin: 5px 0; padding: 2px 0; clear: both; display: list-item; float: none; position: static;\">\u27a4 Przerzutka tylna: <b>SHIMANO Tourney<\/b> \u2013 niezawodna i \u0142atwa w regulacji<\/li>\n<li style=\"margin: 5px 0; padding: 2px 0; clear: both; display: list-item; float: none; position: static;\">\u27a4 Manetka: <b>obrotowa SHIMANO Revoshift<\/b> \u2013 intuicyjna zmiana bieg\u00f3w jednym ruchem<\/li>\n<li style=\"margin: 5px 0; padding: 2px 0; clear: both; display: list-item; float: none; position: static;\">\u27a4 Liczba bieg\u00f3w: <b>6<\/b> \u2013 idealne prze\u0142o\u017cenia na miejskie trasy i lekkie podjazdy<\/li>\n<\/ul>\n<p style=\"margin: 15px 0; line-height: 1.8; clear: both; display: block; width: 100%; float: none; position: static;\">\ud83d\udd39 <b><\/p>\n","protected":false},"excerpt":{"rendered":"<p>Z\u00fcndapp \u2013 tradycja w nowoczesnej ods\u0142onie!<\/p>\n<p>Tradycyjna niemiecka marka Z\u00fcndapp, za\u0142o\u017cona w 1917 roku, przyci\u0105ga\u0142a uwag\u0119 przede wszystkim produkcj\u0105 przyst\u0119pnych cenowo lekkich rower\u00f3w \u201edla ka\u017cdego\u201d, kt\u00f3re charakteryzowa\u0142y si\u0119 przede wszystkim niezawodno\u015bci\u0105. Dzi\u015b nowoczesne e-rowery s\u0105 produkowane pod nazw\u0105 Z\u00fcndapp. Wszystkie rowery, czy to elektryczne, sk\u0142adane czy g\u00f3rskie, odpowiadaj\u0105 tradycyjnym standardom po\u0142\u0105czonym z nowoczesn\u0105 technologi\u0105.<\/p>\n<p>Credo brzmi: \u0142atwo\u015b\u0107 obs\u0142ugi, niezawodno\u015b\u0107, przyst\u0119pne ceny!<\/p>\n","protected":false},"featured_media":14245,"template":"","meta":{"_uag_custom_page_level_css":""},"product_brand":[699],"product_cat":[688,687,697],"product_tag":[],"class_list":{"0":"post-14244","1":"product","2":"type-product","3":"status-publish","4":"has-post-thumbnail","6":"product_brand-zundapp","7":"product_cat-rowery","8":"product_cat-rowery-i-akcesoria","9":"product_cat-skladane","11":"first","12":"instock","13":"sale","14":"shipping-taxable","15":"purchasable","16":"product-type-simple"},"uagb_featured_image_src":{"full":["https:\/\/twojerowery.shop\/ro64\/wp-content\/uploads\/2026\/02\/allegro-image-14244.jpg",2560,2560,false],"thumbnail":["https:\/\/twojerowery.shop\/ro64\/wp-content\/uploads\/2026\/02\/allegro-image-14244-150x150.jpg",150,150,true],"medium":["https:\/\/twojerowery.shop\/ro64\/wp-content\/uploads\/2026\/02\/allegro-image-14244-300x300.jpg",300,300,true],"medium_large":["https:\/\/twojerowery.shop\/ro64\/wp-content\/uploads\/2026\/02\/allegro-image-14244-768x768.jpg",768,768,true],"large":["https:\/\/twojerowery.shop\/ro64\/wp-content\/uploads\/2026\/02\/allegro-image-14244-1024x1024.jpg",1024,1024,true],"1536x1536":["https:\/\/twojerowery.shop\/ro64\/wp-content\/uploads\/2026\/02\/allegro-image-14244-1536x1536.jpg",1536,1536,true],"2048x2048":["https:\/\/twojerowery.shop\/ro64\/wp-content\/uploads\/2026\/02\/allegro-image-14244-2048x2048.jpg",2048,2048,true],"woocommerce_thumbnail":["https:\/\/twojerowery.shop\/ro64\/wp-content\/uploads\/2026\/02\/allegro-image-14244-300x300.jpg",300,300,true],"woocommerce_single":["https:\/\/twojerowery.shop\/ro64\/wp-content\/uploads\/2026\/02\/allegro-image-14244-600x600.jpg",600,600,true],"woocommerce_gallery_thumbnail":["https:\/\/twojerowery.shop\/ro64\/wp-content\/uploads\/2026\/02\/allegro-image-14244-100x100.jpg",100,100,true]},"uagb_author_info":{"display_name":"admin","author_link":"https:\/\/twojerowery.shop\/ro64\/author\/"},"uagb_comment_info":0,"uagb_excerpt":"Z\u00fcndapp \u2013 tradycja w nowoczesnej ods\u0142onie! Tradycyjna niemiecka marka Z\u00fcndapp, za\u0142o\u017cona w 1917 roku, przyci\u0105ga\u0142a uwag\u0119 przede wszystkim produkcj\u0105 przyst\u0119pnych cenowo lekkich rower\u00f3w \u201edla ka\u017cdego\u201d, kt\u00f3re charakteryzowa\u0142y si\u0119 przede wszystkim niezawodno\u015bci\u0105. Dzi\u015b nowoczesne e-rowery s\u0105 produkowane pod nazw\u0105 Z\u00fcndapp. Wszystkie rowery, czy to elektryczne, sk\u0142adane czy g\u00f3rskie, odpowiadaj\u0105 tradycyjnym standardom po\u0142\u0105czonym z nowoczesn\u0105 technologi\u0105. Credo&hellip;","_links":{"self":[{"href":"https:\/\/twojerowery.shop\/ro64\/wp-json\/wp\/v2\/product\/14244","targetHints":{"allow":["GET"]}}],"collection":[{"href":"https:\/\/twojerowery.shop\/ro64\/wp-json\/wp\/v2\/product"}],"about":[{"href":"https:\/\/twojerowery.shop\/ro64\/wp-json\/wp\/v2\/types\/product"}],"wp:featuredmedia":[{"embeddable":true,"href":"https:\/\/twojerowery.shop\/ro64\/wp-json\/wp\/v2\/media\/14245"}],"wp:attachment":[{"href":"https:\/\/twojerowery.shop\/ro64\/wp-json\/wp\/v2\/media?parent=14244"}],"wp:term":[{"taxonomy":"product_brand","embeddable":true,"href":"https:\/\/twojerowery.shop\/ro64\/wp-json\/wp\/v2\/product_brand?post=14244"},{"taxonomy":"product_cat","embeddable":true,"href":"https:\/\/twojerowery.shop\/ro64\/wp-json\/wp\/v2\/product_cat?post=14244"},{"taxonomy":"product_tag","embeddable":true,"href":"https:\/\/twojerowery.shop\/ro64\/wp-json\/wp\/v2\/product_tag?post=14244"}],"curies":[{"name":"wp","href":"https:\/\/api.w.org\/{rel}","templated":true}]}}