{"id":14252,"date":"2026-02-26T04:19:44","date_gmt":"2026-02-26T03:19:44","guid":{"rendered":"https:\/\/rowermax.shop\/ro64\/produkt\/jezdzik-new-holland-t7-traktor-z-przyczepka-grabki-lopatka-jezdzik-autko\/"},"modified":"2026-02-26T04:19:45","modified_gmt":"2026-02-26T03:19:45","slug":"jezdzik-new-holland-t7-traktor-z-przyczepka-grabki-lopatka-jezdzik-autko","status":"publish","type":"product","link":"https:\/\/twojerowery.shop\/ro64\/produkt\/jezdzik-new-holland-t7-traktor-z-przyczepka-grabki-lopatka-jezdzik-autko\/","title":{"rendered":"Je\u017adzik New Holland T7 traktor z przyczepk\u0105 grabki \u0142opatka je\u017adzik autko"},"content":{"rendered":"<div style=\"font-family: Arial, sans-serif; line-height: 1.6; color: #333; padding: 20px; clear: both; display: block; width: 100%; float: none; position: static; overflow: hidden;\">\n<div style=\"clear: both; display: block; margin: 10px 0;\">\n<div style=\"clear: both; display: block; margin: 10px 0;\">\n<div style=\"clear: both; display: block; margin: 10px 0;\">\n<h1>DOST\u0118PNY KOLOR \u017b\u00d3\u0141TY !!<\/h1>\n<\/div>\n<\/div>\n<\/div>\n<div style=\"clear: both; display: block; margin: 10px 0;\">\n<div style=\"clear: both; display: block; margin: 10px 0;\">\n<div style=\"clear: both; display: block; margin: 10px 0;\">\n<div  style=\"max-width:1296px;max-height:1080px\">\n<div style=\"clear: both; display: block; margin: 10px 0;\">\n<div style=\"clear: both; width: 100%; display: block; margin: 20px 0; padding: 0; float: none; position: static; text-align: center;\"><img decoding=\"async\"  src=\"https:\/\/a.allegroimg.com\/original\/11da24\/7b1de4a046aabb56fe8d7890fbc4\/Jezdzik-New-Holland-T7-traktor-z-przyczepka-grabki-lopatka-jezdzik-autko\" srcset=\"https:\/\/a.allegroimg.com\/original\/11da24\/7b1de4a046aabb56fe8d7890fbc4\/Jezdzik-New-Holland-T7-traktor-z-przyczepka-grabki-lopatka-jezdzik-autko 360w,https:\/\/a.allegroimg.com\/original\/11da24\/7b1de4a046aabb56fe8d7890fbc4\/Jezdzik-New-Holland-T7-traktor-z-przyczepka-grabki-lopatka-jezdzik-autko 720w,https:\/\/a.allegroimg.com\/original\/11da24\/7b1de4a046aabb56fe8d7890fbc4\/Jezdzik-New-Holland-T7-traktor-z-przyczepka-grabki-lopatka-jezdzik-autko 1024w,https:\/\/a.allegroimg.com\/original\/11da24\/7b1de4a046aabb56fe8d7890fbc4\/Jezdzik-New-Holland-T7-traktor-z-przyczepka-grabki-lopatka-jezdzik-autko 1296w,https:\/\/a.allegroimg.com\/original\/11da24\/7b1de4a046aabb56fe8d7890fbc4\/Jezdzik-New-Holland-T7-traktor-z-przyczepka-grabki-lopatka-jezdzik-autko 1296w\" sizes=\"100vw\" width=\"1296px\" alt=\"Je\u017adzik New Holland T7 traktor z przyczepk\u0105 grabki \u0142opatka je\u017adzik autko\" style=\"max-width: 100%; height: auto; display: block; margin: 0 auto;\"><\/div>\n<\/div>\n<\/div>\n<\/div>\n<\/div>\n<\/div>\n<div style=\"clear: both; display: block; margin: 10px 0;\">\n<div style=\"clear: both; display: block; margin: 10px 0;\">\n<div style=\"clear: both; display: block; margin: 10px 0;\">\n<h1>NEW HOLLAND T7 TRACTOR<\/h1>\n<p style=\"margin: 15px 0; line-height: 1.8; clear: both; display: block; width: 100%; float: none; position: static;\">Licencjonowany traktorek NEW HOLLAND T7 TRACTOR zosta\u0142 wykonany z najwy\u017cszej jako\u015bci materia\u0142\u00f3w. Wysoka dba\u0142o\u015b\u0107 o najmniejsze detale w procesie produkcyjnym sprawia, \u017ce pojazd z pewno\u015bci\u0105 przypadnie do gustu ka\u017cdemu m\u0142odemu farmerowi.<\/p>\n<p style=\"margin: 15px 0; line-height: 1.8; clear: both; display: block; width: 100%; float: none; position: static;\">Wielofunkcyjno\u015b\u0107 je\u017adzika zapewni, \u017ce dziecko szybko si\u0119 nim nie znudzi, a poprzez zabaw\u0119 b\u0119dzie rozwija\u0107 swoje zdolno\u015bci manualne oraz sprawno\u015b\u0107 motoryczn\u0105. Do traktorka do\u0142\u0105czona jest przyczepka z grabkami i \u0142opatk\u0105. Mocowanie przyczepki posiada zabezpieczenie przed samoczynnym wypi\u0119ciem. Dodatkowym atutem pojazdu jest interaktywna kierownica z piszcza\u0142k\u0105, kt\u00f3ra w po\u0142\u0105czeniu z dwoma dodatkowymi przyciskami d\u017awi\u0119kowym i \u015bwietlnym (umieszczonymi na pulpicie) sprawi, \u017ce zabawa b\u0119dzie jeszcze ciekawsza!<\/p>\n<p style=\"margin: 15px 0; line-height: 1.8; clear: both; display: block; width: 100%; float: none; position: static;\">Pojazd posiada skr\u0119tne przednie ko\u0142a. Jest bardzo \u0142atwy w monta\u017cu, stabilny i bezpieczny. Wyposa\u017cony zosta\u0142 w zabezpieczenie przed wywr\u00f3ceniem do ty\u0142u. Posiada r\u00f3wnie\u017c wygodne siedzisko oraz oparcie plec\u00f3w.<\/p>\n<p style=\"margin: 15px 0; line-height: 1.8; clear: both; display: block; width: 100%; float: none; position: static;\">W naszej ofercie posiadamy traktorki w kolorach niebieskim, \u017c\u00f3\u0142tym i r\u00f3\u017cowym.<\/p>\n<h1>CHARAKTERYSTYKA:<\/h1>\n<ul style=\"margin: 15px 0; padding-left: 20px; clear: both; display: block; width: 100%; float: none; position: static;\">\n<li style=\"margin: 5px 0; padding: 2px 0; clear: both; display: list-item; float: none; position: static;\">Skr\u0119tne przednie ko\u0142a,<\/li>\n<li style=\"margin: 5px 0; padding: 2px 0; clear: both; display: list-item; float: none; position: static;\">Kierownica z logiem New Holland wyposa\u017cona w piszcza\u0142k\u0119,<\/li>\n<li style=\"margin: 5px 0; padding: 2px 0; clear: both; display: list-item; float: none; position: static;\">Dwa przyciski na pulpicie z d\u017awi\u0119kami klaksonu i odpalanego silnika oraz mo\u017cliwo\u015bci\u0105 w\u0142\u0105czania\/wy\u0142\u0105czania \u015bwiate\u0142,<\/li>\n<li style=\"margin: 5px 0; padding: 2px 0; clear: both; display: list-item; float: none; position: static;\">Przyczepka z grabkami i \u0142opatk\u0105,<\/li>\n<li style=\"margin: 5px 0; padding: 2px 0; clear: both; display: list-item; float: none; position: static;\">Wygodne siedzisko z oparciem,<\/li>\n<li style=\"margin: 5px 0; padding: 2px 0; clear: both; display: list-item; float: none; position: static;\">Metalowe osie k\u00f3\u0142,<\/li>\n<li style=\"margin: 5px 0; padding: 2px 0; clear: both; display: list-item; float: none; position: static;\">Zabezpieczenie przed wywr\u00f3ceniem pojazdu do ty\u0142u,<\/li>\n<li style=\"margin: 5px 0; padding: 2px 0; clear: both; display: list-item; float: none; position: static;\">Przedzia\u0142 wiekowy 12-36 miesi\u0119cy,<\/li>\n<li style=\"margin: 5px 0; padding: 2px 0; clear: both; display: list-item; float: none; position: static;\">\u015arednica k\u00f3\u0142: przednie-14 cm, tylne-20cm,<\/li>\n<li style=\"margin: 5px 0; padding: 2px 0; clear: both; display: list-item; float: none; position: static;\">Certyfikat bezpiecze\u0144stwa CE,<\/li>\n<li style=\"margin: 5px 0; padding: 2px 0; clear: both; display: list-item; float: none; position: static;\">Zasilanie: 2 baterie AA (niedo\u0142\u0105czone do zestawu),<\/li>\n<li style=\"margin: 5px 0; padding: 2px 0; clear: both; display: list-item; float: none; position: static;\">Dost\u0119pny w 3 kolorach (niebieski, \u017c\u00f3\u0142ty, r\u00f3\u017cowy),<\/li>\n<li style=\"margin: 5px 0; padding: 2px 0; clear: both; display: list-item; float: none; position: static;\">Kolorowe opakowanie.<\/li>\n<\/ul>\n<\/div>\n<\/div>\n<div style=\"clear: both; display: block; margin: 10px 0;\">\n<div style=\"clear: both; display: block; margin: 10px 0;\">\n<div  style=\"max-width:800px;max-height:667px\">\n<div style=\"clear: both; display: block; margin: 10px 0;\">\n<div style=\"clear: both; width: 100%; display: block; margin: 20px 0; padding: 0; float: none; position: static; text-align: center;\"><img decoding=\"async\"  src=\"https:\/\/a.allegroimg.com\/original\/110473\/dd830e544f6fac46c6fb17d24aa8\/Jezdzik-New-Holland-T7-traktor-z-przyczepka-grabki-lopatka-jezdzik-autko-Wzrost-uzytkownika-80-144-cm\" srcset=\"https:\/\/a.allegroimg.com\/original\/110473\/dd830e544f6fac46c6fb17d24aa8\/Jezdzik-New-Holland-T7-traktor-z-przyczepka-grabki-lopatka-jezdzik-autko-Wzrost-uzytkownika-80-144-cm 360w,https:\/\/a.allegroimg.com\/original\/110473\/dd830e544f6fac46c6fb17d24aa8\/Jezdzik-New-Holland-T7-traktor-z-przyczepka-grabki-lopatka-jezdzik-autko-Wzrost-uzytkownika-80-144-cm 720w,https:\/\/a.allegroimg.com\/original\/110473\/dd830e544f6fac46c6fb17d24aa8\/Jezdzik-New-Holland-T7-traktor-z-przyczepka-grabki-lopatka-jezdzik-autko-Wzrost-uzytkownika-80-144-cm 800w,https:\/\/a.allegroimg.com\/original\/110473\/dd830e544f6fac46c6fb17d24aa8\/Jezdzik-New-Holland-T7-traktor-z-przyczepka-grabki-lopatka-jezdzik-autko-Wzrost-uzytkownika-80-144-cm 800w\" sizes=\"(min-width: 1200px) 560px, (min-width: 992px) 50vw, 100vw\" width=\"800px\" alt=\"Je\u017adzik New Holland T7 traktor z przyczepk\u0105 grabki \u0142opatka je\u017adzik autko Wzrost u\u017cytkownika 80-144 cm\" style=\"max-width: 100%; height: auto; display: block; margin: 0 auto;\"><\/div>\n<\/div>\n<\/div>\n<\/div>\n<\/div>\n<\/div>\n<div style=\"clear: both; display: block; margin: 10px 0;\">\n<div style=\"clear: both; display: block; margin: 10px 0;\">\n<div style=\"clear: both; display: block; margin: 10px 0;\">\n<div  style=\"max-width:1296px;max-height:1080px\">\n<div style=\"clear: both; display: block; margin: 10px 0;\">\n<div style=\"clear: both; width: 100%; display: block; margin: 20px 0; padding: 0; float: none; position: static; text-align: center;\"><img decoding=\"async\"  src=\"https:\/\/a.allegroimg.com\/original\/110c57\/0ecf53bb4f07a557e8788ee9b97d\/Jezdzik-New-Holland-T7-traktor-z-przyczepka-grabki-lopatka-jezdzik-autko-Kod-producenta-3901\" srcset=\"https:\/\/a.allegroimg.com\/original\/110c57\/0ecf53bb4f07a557e8788ee9b97d\/Jezdzik-New-Holland-T7-traktor-z-przyczepka-grabki-lopatka-jezdzik-autko-Kod-producenta-3901 360w,https:\/\/a.allegroimg.com\/original\/110c57\/0ecf53bb4f07a557e8788ee9b97d\/Jezdzik-New-Holland-T7-traktor-z-przyczepka-grabki-lopatka-jezdzik-autko-Kod-producenta-3901 720w,https:\/\/a.allegroimg.com\/original\/110c57\/0ecf53bb4f07a557e8788ee9b97d\/Jezdzik-New-Holland-T7-traktor-z-przyczepka-grabki-lopatka-jezdzik-autko-Kod-producenta-3901 1024w,https:\/\/a.allegroimg.com\/original\/110c57\/0ecf53bb4f07a557e8788ee9b97d\/Jezdzik-New-Holland-T7-traktor-z-przyczepka-grabki-lopatka-jezdzik-autko-Kod-producenta-3901 1296w,https:\/\/a.allegroimg.com\/original\/110c57\/0ecf53bb4f07a557e8788ee9b97d\/Jezdzik-New-Holland-T7-traktor-z-przyczepka-grabki-lopatka-jezdzik-autko-Kod-producenta-3901 1296w\" sizes=\"100vw\" width=\"1296px\" alt=\"Je\u017adzik New Holland T7 traktor z przyczepk\u0105 grabki \u0142opatka je\u017adzik autko Kod producenta 3901\" style=\"max-width: 100%; height: auto; display: block; margin: 0 auto;\"><\/div>\n<\/div>\n<\/div>\n<\/div>\n<\/div>\n<\/div>\n<div style=\"clear: both; display: block; margin: 10px 0;\">\n<div style=\"clear: both; display: block; margin: 10px 0;\">\n<div style=\"clear: both; display: block; margin: 10px 0;\">\n<h1>DANE TECHNICZNE:<\/h1>\n<ul style=\"margin: 15px 0; padding-left: 20px; clear: both; display: block; width: 100%; float: none; position: static;\">\n<li style=\"margin: 5px 0; padding: 2px 0; clear: both; display: list-item; float: none; position: static;\">Wysoko\u015b\u0107 ca\u0142kowita: 45 cm<\/li>\n<li style=\"margin: 5px 0; padding: 2px 0; clear: both; display: list-item; float: none; position: static;\">Wysoko\u015b\u0107 do siedziska: 26 cm<\/li>\n<li style=\"margin: 5px 0; padding: 2px 0; clear: both; display: list-item; float: none; position: static;\">Szeroko\u015b\u0107: 28 cm<\/li>\n<li style=\"margin: 5px 0; padding: 2px 0; clear: both; display: list-item; float: none; position: static;\">D\u0142ugo\u015b\u0107 pojazdu: 56<\/li>\n<li style=\"margin: 5px 0; padding: 2px 0; clear: both; display: list-item; float: none; position: static;\">D\u0142ugo\u015b\u0107 zestawu: 90 cm<\/li>\n<li style=\"margin: 5px 0; padding: 2px 0; clear: both; display: list-item; float: none; position: static;\">\u015arednica kierownicy: 18 cm<\/li>\n<li style=\"margin: 5px 0; padding: 2px 0; clear: both; display: list-item; float: none; position: static;\">Odleg\u0142o\u015b\u0107 od kierownicy do oparcia: 24,5 cm<\/li>\n<li style=\"margin: 5px 0; padding: 2px 0; clear: both; display: list-item; float: none; position: static;\">D\u0142ugo\u015b\u0107 siedziska: 19 cm<\/li>\n<li style=\"margin: 5px 0; padding: 2px 0; clear: both; display: list-item; float: none; position: static;\">Szeroko\u015b\u0107 siedziska: 17 cm<\/li>\n<li style=\"margin: 5px 0; padding: 2px 0; clear: both; display: list-item; float: none; position: static;\">Wysoko\u015b\u0107 oparcia: 9 cm<\/li>\n<\/ul>\n<\/div>\n<\/div>\n<div style=\"clear: both; display: block; margin: 10px 0;\">\n<div style=\"clear: both; display: block; margin: 10px 0;\">\n<div  style=\"max-width:1296px;max-height:1080px\">\n<div style=\"clear: both; display: block; margin: 10px 0;\">\n<div style=\"clear: both; width: 100%; display: block; margin: 20px 0; padding: 0; float: none; position: static; text-align: center;\"><img decoding=\"async\"  src=\"https:\/\/a.allegroimg.com\/original\/110098\/f1995c674ec7ac819225a1db5fde\/Jezdzik-New-Holland-T7-traktor-z-przyczepka-grabki-lopatka-jezdzik-autko-Rozmiar-ramy-wieksza\" srcset=\"https:\/\/a.allegroimg.com\/original\/110098\/f1995c674ec7ac819225a1db5fde\/Jezdzik-New-Holland-T7-traktor-z-przyczepka-grabki-lopatka-jezdzik-autko-Rozmiar-ramy-wieksza 360w,https:\/\/a.allegroimg.com\/original\/110098\/f1995c674ec7ac819225a1db5fde\/Jezdzik-New-Holland-T7-traktor-z-przyczepka-grabki-lopatka-jezdzik-autko-Rozmiar-ramy-wieksza 720w,https:\/\/a.allegroimg.com\/original\/110098\/f1995c674ec7ac819225a1db5fde\/Jezdzik-New-Holland-T7-traktor-z-przyczepka-grabki-lopatka-jezdzik-autko-Rozmiar-ramy-wieksza 1024w,https:\/\/a.allegroimg.com\/original\/110098\/f1995c674ec7ac819225a1db5fde\/Jezdzik-New-Holland-T7-traktor-z-przyczepka-grabki-lopatka-jezdzik-autko-Rozmiar-ramy-wieksza 1296w,https:\/\/a.allegroimg.com\/original\/110098\/f1995c674ec7ac819225a1db5fde\/Jezdzik-New-Holland-T7-traktor-z-przyczepka-grabki-lopatka-jezdzik-autko-Rozmiar-ramy-wieksza 1296w\" sizes=\"(min-width: 1200px) 560px, (min-width: 992px) 50vw, 100vw\" width=\"1296px\" alt=\"Je\u017adzik New Holland T7 traktor z przyczepk\u0105 grabki \u0142opatka je\u017adzik autko Rozmiar ramy wi\u0119ksza\" style=\"max-width: 100%; height: auto; display: block; margin: 0 auto;\"><\/div>\n<\/div>\n<\/div>\n<\/div>\n<\/div>\n<\/div>\n<div style=\"clear: both; display: block; margin: 10px 0;\">\n<div style=\"clear: both; display: block; margin: 10px 0;\">\n<div style=\"clear: both; display: block; margin: 10px 0;\">\n<div  style=\"max-width:1296px;max-height:1080px\">\n<div style=\"clear: both; display: block; margin: 10px 0;\">\n<div style=\"clear: both; width: 100%; display: block; margin: 20px 0; padding: 0; float: none; position: static; text-align: center;\"><img decoding=\"async\"  src=\"https:\/\/a.allegroimg.com\/original\/11ce2e\/d0678a4047c5ae9cb47b14526390\/Jezdzik-New-Holland-T7-traktor-z-przyczepka-grabki-lopatka-jezdzik-autko-Material-ramy-inny\" srcset=\"https:\/\/a.allegroimg.com\/original\/11ce2e\/d0678a4047c5ae9cb47b14526390\/Jezdzik-New-Holland-T7-traktor-z-przyczepka-grabki-lopatka-jezdzik-autko-Material-ramy-inny 360w,https:\/\/a.allegroimg.com\/original\/11ce2e\/d0678a4047c5ae9cb47b14526390\/Jezdzik-New-Holland-T7-traktor-z-przyczepka-grabki-lopatka-jezdzik-autko-Material-ramy-inny 720w,https:\/\/a.allegroimg.com\/original\/11ce2e\/d0678a4047c5ae9cb47b14526390\/Jezdzik-New-Holland-T7-traktor-z-przyczepka-grabki-lopatka-jezdzik-autko-Material-ramy-inny 1024w,https:\/\/a.allegroimg.com\/original\/11ce2e\/d0678a4047c5ae9cb47b14526390\/Jezdzik-New-Holland-T7-traktor-z-przyczepka-grabki-lopatka-jezdzik-autko-Material-ramy-inny 1296w,https:\/\/a.allegroimg.com\/original\/11ce2e\/d0678a4047c5ae9cb47b14526390\/Jezdzik-New-Holland-T7-traktor-z-przyczepka-grabki-lopatka-jezdzik-autko-Material-ramy-inny 1296w\" sizes=\"(min-width: 1200px) 560px, (min-width: 992px) 50vw, 100vw\" width=\"1296px\" alt=\"Je\u017adzik New Holland T7 traktor z przyczepk\u0105 grabki \u0142opatka je\u017adzik autko Materia\u0142 ramy inny\" style=\"max-width: 100%; height: auto; display: block; margin: 0 auto;\"><\/div>\n<\/div>\n<\/div>\n<\/div>\n<\/div>\n<div style=\"clear: both; display: block; margin: 10px 0;\">\n<div style=\"clear: both; display: block; margin: 10px 0;\">\n<h1>Wymiary przyczepki:<\/h1>\n<ul style=\"margin: 15px 0; padding-left: 20px; clear: both; display: block; width: 100%; float: none; position: static;\">\n<li style=\"margin: 5px 0; padding: 2px 0; clear: both; display: list-item; float: none; position: static;\">D\u0142ugo\u015b\u0107: 39 cm<\/li>\n<li style=\"margin: 5px 0; padding: 2px 0; clear: both; display: list-item; float: none; position: static;\">Szeroko\u015b\u0107: 27 cm<\/li>\n<li style=\"margin: 5px 0; padding: 2px 0; clear: both; display: list-item; float: none; position: static;\">Wysoko\u015b\u0107: 19,5 cm<\/li>\n<li style=\"margin: 5px 0; padding: 2px 0; clear: both; display: list-item; float: none; position: static;\">G\u0142\u0119boko\u015b\u0107 skrzyni: 13 cm<\/li>\n<\/ul>\n<h1>WYMIARY OPAKOWANIA:<\/h1>\n<ul style=\"margin: 15px 0; padding-left: 20px; clear: both; display: block; width: 100%; float: none; position: static;\">\n<li style=\"margin: 5px 0; padding: 2px 0; clear: both; display: list-item; float: none; position: static;\">D\u0142ugo\u015b\u0107: 60,5 cm<\/li>\n<li style=\"margin: 5px 0; padding: 2px 0; clear: both; display: list-item; float: none; position: static;\">Szeroko\u015b\u0107: 32 cm<\/li>\n<li style=\"margin: 5px 0; padding: 2px 0; clear: both; display: list-item; float: none; position: static;\">Wysoko\u015b\u0107: 28 cm<\/li>\n<li style=\"margin: 5px 0; padding: 2px 0; clear: both; display: list-item; float: none; position: static;\">Waga netto: 3,0 kg<\/li>\n<li style=\"margin: 5px 0; padding: 2px 0; clear: both; display: list-item; float: none; position: static;\">Waga brutto: 3,8 kg<\/li>\n<\/ul>\n<\/div>\n<\/div>\n<\/div>\n<div style=\"clear: both; display: block; margin: 10px 0;\">\n<div style=\"clear: both; display: block; margin: 10px 0;\">\n<div style=\"clear: both; display: block; margin: 10px 0;\">\n<div  style=\"max-width:1296px;max-height:1080px\">\n<div style=\"clear: both; display: block; margin: 10px 0;\">\n<div style=\"clear: both; width: 100%; display: block; margin: 20px 0; padding: 0; float: none; position: static; text-align: center;\"><img decoding=\"async\"  src=\"https:\/\/a.allegroimg.com\/original\/112ad0\/9ae1628e4dccaf0f059aa885d4c4\/Jezdzik-New-Holland-T7-traktor-z-przyczepka-grabki-lopatka-jezdzik-autko-Kolor-niebieski\" srcset=\"https:\/\/a.allegroimg.com\/original\/112ad0\/9ae1628e4dccaf0f059aa885d4c4\/Jezdzik-New-Holland-T7-traktor-z-przyczepka-grabki-lopatka-jezdzik-autko-Kolor-niebieski 360w,https:\/\/a.allegroimg.com\/original\/112ad0\/9ae1628e4dccaf0f059aa885d4c4\/Jezdzik-New-Holland-T7-traktor-z-przyczepka-grabki-lopatka-jezdzik-autko-Kolor-niebieski 720w,https:\/\/a.allegroimg.com\/original\/112ad0\/9ae1628e4dccaf0f059aa885d4c4\/Jezdzik-New-Holland-T7-traktor-z-przyczepka-grabki-lopatka-jezdzik-autko-Kolor-niebieski 1024w,https:\/\/a.allegroimg.com\/original\/112ad0\/9ae1628e4dccaf0f059aa885d4c4\/Jezdzik-New-Holland-T7-traktor-z-przyczepka-grabki-lopatka-jezdzik-autko-Kolor-niebieski 1296w,https:\/\/a.allegroimg.com\/original\/112ad0\/9ae1628e4dccaf0f059aa885d4c4\/Jezdzik-New-Holland-T7-traktor-z-przyczepka-grabki-lopatka-jezdzik-autko-Kolor-niebieski 1296w\" sizes=\"100vw\" width=\"1296px\" alt=\"Je\u017adzik New Holland T7 traktor z przyczepk\u0105 grabki \u0142opatka je\u017adzik autko Kolor niebieski\" style=\"max-width: 100%; height: auto; display: block; margin: 0 auto;\"><\/div>\n<\/div>\n<\/div>\n<\/div>\n<\/div>\n<\/div>\n<\/div>\n<\/div>\n<\/div>\n<div style=\"clear: both; display: block; margin: 10px 0;\">\n","protected":false},"excerpt":{"rendered":"<p>DOST\u0118PNY KOLOR \u017b\u00d3\u0141TY !!<\/p>\n<p>NEW HOLLAND T7 TRACTOR<\/p>\n<p>Licencjonowany traktorek NEW HOLLAND T7 TRACTOR zosta\u0142 wykonany z najwy\u017cszej jako\u015bci materia\u0142\u00f3w. Wysoka dba\u0142o\u015b\u0107 o najmniejsze detale w procesie produkcyjnym sprawia, \u017ce pojazd z pewno\u015bci\u0105 przypadnie do gustu ka\u017cdemu m\u0142odemu farmerowi.<\/p>\n","protected":false},"featured_media":14253,"template":"","meta":{"_uag_custom_page_level_css":""},"product_brand":[700],"product_cat":[688,687,697],"product_tag":[],"class_list":{"0":"post-14252","1":"product","2":"type-product","3":"status-publish","4":"has-post-thumbnail","6":"product_brand-milly-mally","7":"product_cat-rowery","8":"product_cat-rowery-i-akcesoria","9":"product_cat-skladane","11":"first","12":"instock","13":"sale","14":"shipping-taxable","15":"purchasable","16":"product-type-simple"},"uagb_featured_image_src":{"full":["https:\/\/twojerowery.shop\/ro64\/wp-content\/uploads\/2026\/02\/allegro-image-14252.jpg",1296,1080,false],"thumbnail":["https:\/\/twojerowery.shop\/ro64\/wp-content\/uploads\/2026\/02\/allegro-image-14252-150x150.jpg",150,150,true],"medium":["https:\/\/twojerowery.shop\/ro64\/wp-content\/uploads\/2026\/02\/allegro-image-14252-300x250.jpg",300,250,true],"medium_large":["https:\/\/twojerowery.shop\/ro64\/wp-content\/uploads\/2026\/02\/allegro-image-14252-768x640.jpg",768,640,true],"large":["https:\/\/twojerowery.shop\/ro64\/wp-content\/uploads\/2026\/02\/allegro-image-14252-1024x853.jpg",1024,853,true],"1536x1536":["https:\/\/twojerowery.shop\/ro64\/wp-content\/uploads\/2026\/02\/allegro-image-14252.jpg",1296,1080,false],"2048x2048":["https:\/\/twojerowery.shop\/ro64\/wp-content\/uploads\/2026\/02\/allegro-image-14252.jpg",1296,1080,false],"woocommerce_thumbnail":["https:\/\/twojerowery.shop\/ro64\/wp-content\/uploads\/2026\/02\/allegro-image-14252-300x300.jpg",300,300,true],"woocommerce_single":["https:\/\/twojerowery.shop\/ro64\/wp-content\/uploads\/2026\/02\/allegro-image-14252-600x500.jpg",600,500,true],"woocommerce_gallery_thumbnail":["https:\/\/twojerowery.shop\/ro64\/wp-content\/uploads\/2026\/02\/allegro-image-14252-100x100.jpg",100,100,true]},"uagb_author_info":{"display_name":"admin","author_link":"https:\/\/twojerowery.shop\/ro64\/author\/"},"uagb_comment_info":0,"uagb_excerpt":"DOST\u0118PNY KOLOR \u017b\u00d3\u0141TY !! NEW HOLLAND T7 TRACTOR Licencjonowany traktorek NEW HOLLAND T7 TRACTOR zosta\u0142 wykonany z najwy\u017cszej jako\u015bci materia\u0142\u00f3w. Wysoka dba\u0142o\u015b\u0107 o najmniejsze detale w procesie produkcyjnym sprawia, \u017ce pojazd z pewno\u015bci\u0105 przypadnie do gustu ka\u017cdemu m\u0142odemu farmerowi.","_links":{"self":[{"href":"https:\/\/twojerowery.shop\/ro64\/wp-json\/wp\/v2\/product\/14252","targetHints":{"allow":["GET"]}}],"collection":[{"href":"https:\/\/twojerowery.shop\/ro64\/wp-json\/wp\/v2\/product"}],"about":[{"href":"https:\/\/twojerowery.shop\/ro64\/wp-json\/wp\/v2\/types\/product"}],"wp:featuredmedia":[{"embeddable":true,"href":"https:\/\/twojerowery.shop\/ro64\/wp-json\/wp\/v2\/media\/14253"}],"wp:attachment":[{"href":"https:\/\/twojerowery.shop\/ro64\/wp-json\/wp\/v2\/media?parent=14252"}],"wp:term":[{"taxonomy":"product_brand","embeddable":true,"href":"https:\/\/twojerowery.shop\/ro64\/wp-json\/wp\/v2\/product_brand?post=14252"},{"taxonomy":"product_cat","embeddable":true,"href":"https:\/\/twojerowery.shop\/ro64\/wp-json\/wp\/v2\/product_cat?post=14252"},{"taxonomy":"product_tag","embeddable":true,"href":"https:\/\/twojerowery.shop\/ro64\/wp-json\/wp\/v2\/product_tag?post=14252"}],"curies":[{"name":"wp","href":"https:\/\/api.w.org\/{rel}","templated":true}]}}