{"id":14260,"date":"2026-02-26T04:19:49","date_gmt":"2026-02-26T03:19:49","guid":{"rendered":"https:\/\/rowermax.shop\/ro64\/produkt\/milly-mally-rowerek-4w1-optimus-plus-z-raczka-skladany-regulacja-2-3-kola\/"},"modified":"2026-02-26T04:19:50","modified_gmt":"2026-02-26T03:19:50","slug":"milly-mally-rowerek-4w1-optimus-plus-z-raczka-skladany-regulacja-2-3-kola","status":"publish","type":"product","link":"https:\/\/twojerowery.shop\/ro64\/produkt\/milly-mally-rowerek-4w1-optimus-plus-z-raczka-skladany-regulacja-2-3-kola\/","title":{"rendered":"Milly Mally Rowerek 4w1 Optimus Plus z R\u0105czk\u0105 Sk\u0142adany Regulacja 2-3 ko\u0142a"},"content":{"rendered":"<div style=\"font-family: Arial, sans-serif; line-height: 1.6; color: #333; padding: 20px; clear: both; display: block; width: 100%; float: none; position: static; overflow: hidden;\">\n<div style=\"clear: both; display: block; margin: 10px 0;\">\n<div style=\"clear: both; display: block; margin: 10px 0;\">\n<div style=\"clear: both; display: block; margin: 10px 0;\">\n<h1>UWAGA KOLOR CZARNO \u017b\u00d3\u0141TY !!<\/h1>\n<\/div>\n<\/div>\n<\/div>\n<div style=\"clear: both; display: block; margin: 10px 0;\">\n<div style=\"clear: both; display: block; margin: 10px 0;\">\n<div style=\"clear: both; display: block; margin: 10px 0;\">\n<div  style=\"max-width:1296px;max-height:1080px\">\n<div style=\"clear: both; display: block; margin: 10px 0;\">\n<div style=\"clear: both; width: 100%; display: block; margin: 20px 0; padding: 0; float: none; position: static; text-align: center;\"><img decoding=\"async\"  src=\"https:\/\/a.allegroimg.com\/original\/11753e\/e1c42adf41428976b9ed5af2ce11\/Milly-Mally-Rowerek-4w1-Optimus-Plus-z-Raczka-Skladany-Regulacja-2-3-kola\" srcset=\"https:\/\/a.allegroimg.com\/original\/11753e\/e1c42adf41428976b9ed5af2ce11\/Milly-Mally-Rowerek-4w1-Optimus-Plus-z-Raczka-Skladany-Regulacja-2-3-kola 360w,https:\/\/a.allegroimg.com\/original\/11753e\/e1c42adf41428976b9ed5af2ce11\/Milly-Mally-Rowerek-4w1-Optimus-Plus-z-Raczka-Skladany-Regulacja-2-3-kola 720w,https:\/\/a.allegroimg.com\/original\/11753e\/e1c42adf41428976b9ed5af2ce11\/Milly-Mally-Rowerek-4w1-Optimus-Plus-z-Raczka-Skladany-Regulacja-2-3-kola 1024w,https:\/\/a.allegroimg.com\/original\/11753e\/e1c42adf41428976b9ed5af2ce11\/Milly-Mally-Rowerek-4w1-Optimus-Plus-z-Raczka-Skladany-Regulacja-2-3-kola 1296w,https:\/\/a.allegroimg.com\/original\/11753e\/e1c42adf41428976b9ed5af2ce11\/Milly-Mally-Rowerek-4w1-Optimus-Plus-z-Raczka-Skladany-Regulacja-2-3-kola 1296w\" sizes=\"100vw\" width=\"1296px\" alt=\"Milly Mally Rowerek 4w1 Optimus Plus z R\u0105czk\u0105 Sk\u0142adany Regulacja 2-3 ko\u0142a\" style=\"max-width: 100%; height: auto; display: block; margin: 0 auto;\"><\/div>\n<\/div>\n<\/div>\n<\/div>\n<\/div>\n<\/div>\n<div style=\"clear: both; display: block; margin: 10px 0;\">\n<div style=\"clear: both; display: block; margin: 10px 0;\">\n<div style=\"clear: both; display: block; margin: 10px 0;\">\n<div  style=\"max-width:1296px;max-height:1080px\">\n<div style=\"clear: both; display: block; margin: 10px 0;\">\n<div style=\"clear: both; width: 100%; display: block; margin: 20px 0; padding: 0; float: none; position: static; text-align: center;\"><img decoding=\"async\"  src=\"https:\/\/a.allegroimg.com\/original\/115dcd\/88cd08604290b32755a169b7f82f\/Milly-Mally-Rowerek-4w1-Optimus-Plus-z-Raczka-Skladany-Regulacja-2-3-kola-Model-Optimus-Plus\" srcset=\"https:\/\/a.allegroimg.com\/original\/115dcd\/88cd08604290b32755a169b7f82f\/Milly-Mally-Rowerek-4w1-Optimus-Plus-z-Raczka-Skladany-Regulacja-2-3-kola-Model-Optimus-Plus 360w,https:\/\/a.allegroimg.com\/original\/115dcd\/88cd08604290b32755a169b7f82f\/Milly-Mally-Rowerek-4w1-Optimus-Plus-z-Raczka-Skladany-Regulacja-2-3-kola-Model-Optimus-Plus 720w,https:\/\/a.allegroimg.com\/original\/115dcd\/88cd08604290b32755a169b7f82f\/Milly-Mally-Rowerek-4w1-Optimus-Plus-z-Raczka-Skladany-Regulacja-2-3-kola-Model-Optimus-Plus 1024w,https:\/\/a.allegroimg.com\/original\/115dcd\/88cd08604290b32755a169b7f82f\/Milly-Mally-Rowerek-4w1-Optimus-Plus-z-Raczka-Skladany-Regulacja-2-3-kola-Model-Optimus-Plus 1296w,https:\/\/a.allegroimg.com\/original\/115dcd\/88cd08604290b32755a169b7f82f\/Milly-Mally-Rowerek-4w1-Optimus-Plus-z-Raczka-Skladany-Regulacja-2-3-kola-Model-Optimus-Plus 1296w\" sizes=\"(min-width: 1200px) 560px, (min-width: 992px) 50vw, 100vw\" width=\"1296px\" alt=\"Milly Mally Rowerek 4w1 Optimus Plus z R\u0105czk\u0105 Sk\u0142adany Regulacja 2-3 ko\u0142a Model Optimus Plus\" style=\"max-width: 100%; height: auto; display: block; margin: 0 auto;\"><\/div>\n<\/div>\n<\/div>\n<\/div>\n<\/div>\n<div style=\"clear: both; display: block; margin: 10px 0;\">\n<div style=\"clear: both; display: block; margin: 10px 0;\">\n<h2>Milly Mally Rowerek 4w1 Optimus Plus<\/h2>\n<p style=\"margin: 15px 0; line-height: 1.8; clear: both; display: block; width: 100%; float: none; position: static;\"><b>Optimus Plus<\/b>&nbsp;zosta\u0142 zaprojektowany, aby sta\u0107 si\u0119 jednym z najlepszych wybor\u00f3w na pierwszy pojazd twojego dziecka. Dzi\u0119ki stabilnej tr\u00f3jko\u0142owej konstrukcji zapewnia dziecku odpowiedni poziom bezpiecze\u0144stwa i u\u0142atwia zdobywanie nowych umiej\u0119tno\u015bci. Kiedy dziecko ma ju\u017c opanowane podstawy jazdy i nie wymaga pomocy rodzica poprzez sterowanie r\u0105czk\u0105 do prowadzenia, mo\u017cemy doda\u0107 peda\u0142y lub zmieni\u0107 go w klasyczny rowerek biegowy.<\/p>\n<p style=\"margin: 15px 0; line-height: 1.8; clear: both; display: block; width: 100%; float: none; position: static;\">Rowerek zosta\u0142 wyprodukowany z wysokiej jako\u015bci materia\u0142\u00f3w. Piankowe ko\u0142a u\u0142atwiaj\u0105 jazd\u0119 przy zachowaniu odpowiedniego komfortu. Regulowana wysoko\u015b\u0107 siode\u0142ka pozwala dostosowa\u0107 rowerek do wzrostu dziecka. Ogranicznik skr\u0119tu kierownicy zabezpiecza przed wywrotk\u0105.<\/p>\n<p style=\"margin: 15px 0; line-height: 1.8; clear: both; display: block; width: 100%; float: none; position: static;\"><b>Rowerek 4w1 Optimus Plus<\/b>&nbsp;wyr\u00f3\u017cnia dodatkowa, r\u0105czk\u0105 dla rodzica, kt\u00f3ra w razie zm\u0119czenia mo\u017ce wspom\u00f3c dziecko podczas zm\u0119czenia czy trudno\u015bci z pokonaniem drogi lub spowalnia\u0107 podczas zje\u017cd\u017cania ze stromych zjazd\u00f3w. &nbsp;R\u0105czka do prowadzenia posiada 4 stopnie regulacji jej d\u0142ugo\u015bci, a gdy dziecko podro\u015bnie mo\u017cna j\u0105 zdemontowa\u0107.<\/p>\n<p style=\"margin: 15px 0; line-height: 1.8; clear: both; display: block; width: 100%; float: none; position: static;\">Rowerek zosta\u0142 zaprojektowany dla dzieci w wieku od 12 miesi\u0105ca \u017cycia. Rozwija motoryk\u0119, mi\u0119\u015bnie n\u00f3g i og\u00f3ln\u0105 koordynacj\u0119. Z ca\u0142\u0105 pewno\u015bci\u0105 przygotuje dziecko do jazdy na prawdziwym rowerze.<\/p>\n<p style=\"margin: 15px 0; line-height: 1.8; clear: both; display: block; width: 100%; float: none; position: static;\">Kompaktowa konstrukcja u\u0142atwia transport i przechowywanie.<\/p>\n<\/div>\n<\/div>\n<\/div>\n<div style=\"clear: both; display: block; margin: 10px 0;\">\n<div style=\"clear: both; display: block; margin: 10px 0;\">\n<div style=\"clear: both; display: block; margin: 10px 0;\">\n<h2>Optimus w 4 krokach:<\/h2>\n<p style=\"margin: 15px 0; line-height: 1.8; clear: both; display: block; width: 100%; float: none; position: static;\"><b>\u27a1\ufe0f Rowerek tr\u00f3jko\u0142owy, bez peda\u0142\u00f3w<\/b>&nbsp;\u2013 odpowiedni dla zdobywania przez dziecko pierwszych do\u015bwiadcze\u0144.<\/p>\n<p style=\"margin: 15px 0; line-height: 1.8; clear: both; display: block; width: 100%; float: none; position: static;\"><b>\u27a1\ufe0f Dodatkowa r\u0105czk\u0105 dla rodzica<\/b>&nbsp;&#8211; wspomaga dziecko podczas jazdy. R\u0105czka posiada regulacj\u0119 d\u0142ugo\u015bci.<\/p>\n<p style=\"margin: 15px 0; line-height: 1.8; clear: both; display: block; width: 100%; float: none; position: static;\"><b>\u27a1\ufe0f Tr\u00f3jko\u0142owy rowerek<\/b>&#8211; je\u017adzik z pada\u0142kami na przodzie ramy i zdemontowaniu r\u0105czki dla rodzica.<\/p>\n<p style=\"margin: 15px 0; line-height: 1.8; clear: both; display: block; width: 100%; float: none; position: static;\"><b>\u27a1\ufe0f Rowerek biegowy<\/b>&nbsp;\u2013 po z\u0142o\u017ceniu tylnych k\u00f3\u0142 otrzymujemy klasyczny rowerek biegowy.<\/p>\n<\/div>\n<\/div>\n<div style=\"clear: both; display: block; margin: 10px 0;\">\n<div style=\"clear: both; display: block; margin: 10px 0;\">\n<div  style=\"max-width:1296px;max-height:1080px\">\n<div style=\"clear: both; display: block; margin: 10px 0;\">\n<div style=\"clear: both; width: 100%; display: block; margin: 20px 0; padding: 0; float: none; position: static; text-align: center;\"><img decoding=\"async\"  src=\"https:\/\/a.allegroimg.com\/original\/11f66d\/6e042e6043f5ae1942a605a61a04\/Milly-Mally-Rowerek-4w1-Optimus-Plus-z-Raczka-Skladany-Regulacja-2-3-kola-Rozmiar-kola-inny\" srcset=\"https:\/\/a.allegroimg.com\/original\/11f66d\/6e042e6043f5ae1942a605a61a04\/Milly-Mally-Rowerek-4w1-Optimus-Plus-z-Raczka-Skladany-Regulacja-2-3-kola-Rozmiar-kola-inny 360w,https:\/\/a.allegroimg.com\/original\/11f66d\/6e042e6043f5ae1942a605a61a04\/Milly-Mally-Rowerek-4w1-Optimus-Plus-z-Raczka-Skladany-Regulacja-2-3-kola-Rozmiar-kola-inny 720w,https:\/\/a.allegroimg.com\/original\/11f66d\/6e042e6043f5ae1942a605a61a04\/Milly-Mally-Rowerek-4w1-Optimus-Plus-z-Raczka-Skladany-Regulacja-2-3-kola-Rozmiar-kola-inny 1024w,https:\/\/a.allegroimg.com\/original\/11f66d\/6e042e6043f5ae1942a605a61a04\/Milly-Mally-Rowerek-4w1-Optimus-Plus-z-Raczka-Skladany-Regulacja-2-3-kola-Rozmiar-kola-inny 1296w,https:\/\/a.allegroimg.com\/original\/11f66d\/6e042e6043f5ae1942a605a61a04\/Milly-Mally-Rowerek-4w1-Optimus-Plus-z-Raczka-Skladany-Regulacja-2-3-kola-Rozmiar-kola-inny 1296w\" sizes=\"(min-width: 1200px) 560px, (min-width: 992px) 50vw, 100vw\" width=\"1296px\" alt=\"Milly Mally Rowerek 4w1 Optimus Plus z R\u0105czk\u0105 Sk\u0142adany Regulacja 2-3 ko\u0142a Rozmiar ko\u0142a (&quot;) inny\" style=\"max-width: 100%; height: auto; display: block; margin: 0 auto;\"><\/div>\n<\/div>\n<\/div>\n<\/div>\n<\/div>\n<\/div>\n<div style=\"clear: both; display: block; margin: 10px 0;\">\n<div style=\"clear: both; display: block; margin: 10px 0;\">\n<div style=\"clear: both; display: block; margin: 10px 0;\">\n<div  style=\"max-width:1296px;max-height:1080px\">\n<div style=\"clear: both; display: block; margin: 10px 0;\">\n<div style=\"clear: both; width: 100%; display: block; margin: 20px 0; padding: 0; float: none; position: static; text-align: center;\"><img decoding=\"async\"  src=\"https:\/\/a.allegroimg.com\/original\/11f66d\/6e042e6043f5ae1942a605a61a04\/Milly-Mally-Rowerek-4w1-Optimus-Plus-z-Raczka-Skladany-Regulacja-2-3-kola-Rozmiar-kola-inny\" srcset=\"https:\/\/a.allegroimg.com\/original\/11f66d\/6e042e6043f5ae1942a605a61a04\/Milly-Mally-Rowerek-4w1-Optimus-Plus-z-Raczka-Skladany-Regulacja-2-3-kola-Rozmiar-kola-inny 360w,https:\/\/a.allegroimg.com\/original\/11f66d\/6e042e6043f5ae1942a605a61a04\/Milly-Mally-Rowerek-4w1-Optimus-Plus-z-Raczka-Skladany-Regulacja-2-3-kola-Rozmiar-kola-inny 720w,https:\/\/a.allegroimg.com\/original\/11f66d\/6e042e6043f5ae1942a605a61a04\/Milly-Mally-Rowerek-4w1-Optimus-Plus-z-Raczka-Skladany-Regulacja-2-3-kola-Rozmiar-kola-inny 1024w,https:\/\/a.allegroimg.com\/original\/11f66d\/6e042e6043f5ae1942a605a61a04\/Milly-Mally-Rowerek-4w1-Optimus-Plus-z-Raczka-Skladany-Regulacja-2-3-kola-Rozmiar-kola-inny 1296w,https:\/\/a.allegroimg.com\/original\/11f66d\/6e042e6043f5ae1942a605a61a04\/Milly-Mally-Rowerek-4w1-Optimus-Plus-z-Raczka-Skladany-Regulacja-2-3-kola-Rozmiar-kola-inny 1296w\" sizes=\"(min-width: 1200px) 560px, (min-width: 992px) 50vw, 100vw\" width=\"1296px\" alt=\"Milly Mally Rowerek 4w1 Optimus Plus z R\u0105czk\u0105 Sk\u0142adany Regulacja 2-3 ko\u0142a Rozmiar ko\u0142a (&quot;) inny\" style=\"max-width: 100%; height: auto; display: block; margin: 0 auto;\"><\/div>\n<\/div>\n<\/div>\n<\/div>\n<\/div>\n<div style=\"clear: both; display: block; margin: 10px 0;\">\n<div style=\"clear: both; display: block; margin: 10px 0;\">\n<h2>CHARAKTERYSTYKA PRODUKTU:<\/h2>\n<ul style=\"margin: 15px 0; padding-left: 20px; clear: both; display: block; width: 100%; float: none; position: static;\">\n<li style=\"margin: 5px 0; padding: 2px 0; clear: both; display: list-item; float: none; position: static;\">Wygodne wyprofilowane siode\u0142ko<\/li>\n<li style=\"margin: 5px 0; padding: 2px 0; clear: both; display: list-item; float: none; position: static;\">Regulacja wysoko\u015bci siode\u0142ka<\/li>\n<li style=\"margin: 5px 0; padding: 2px 0; clear: both; display: list-item; float: none; position: static;\">Piankowe opony<\/li>\n<li style=\"margin: 5px 0; padding: 2px 0; clear: both; display: list-item; float: none; position: static;\">Stalowa rama<\/li>\n<li style=\"margin: 5px 0; padding: 2px 0; clear: both; display: list-item; float: none; position: static;\">R\u0105czka dla rodzica<\/li>\n<li style=\"margin: 5px 0; padding: 2px 0; clear: both; display: list-item; float: none; position: static;\"><b>4 Stopniowa regulacja r\u0105czki do prowadzenia<\/b><\/li>\n<li style=\"margin: 5px 0; padding: 2px 0; clear: both; display: list-item; float: none; position: static;\">Peda\u0142y przy przednim kole, z mo\u017cliwo\u015bci\u0105 wpi\u0119cia w uchwyt znajduj\u0105cy si\u0119 w kolumnie kierownicy<\/li>\n<li style=\"margin: 5px 0; padding: 2px 0; clear: both; display: list-item; float: none; position: static;\">Regulacja nachylenia kierownicy<\/li>\n<li style=\"margin: 5px 0; padding: 2px 0; clear: both; display: list-item; float: none; position: static;\">Ogranicznik skr\u0119tu<\/li>\n<li style=\"margin: 5px 0; padding: 2px 0; clear: both; display: list-item; float: none; position: static;\"><b>Sk\u0142adany tylny widelec<\/b><\/li>\n<li style=\"margin: 5px 0; padding: 2px 0; clear: both; display: list-item; float: none; position: static;\">Podn\u00f3\u017cek<\/li>\n<li style=\"margin: 5px 0; padding: 2px 0; clear: both; display: list-item; float: none; position: static;\"><b>Przedzia\u0142 wiekowy 12M+<\/b><\/li>\n<li style=\"margin: 5px 0; padding: 2px 0; clear: both; display: list-item; float: none; position: static;\">Spe\u0142nia europejskie normy bezpiecze\u0144stwa<\/li>\n<\/ul>\n<\/div>\n<\/div>\n<\/div>\n<div style=\"clear: both; display: block; margin: 10px 0;\">\n<div style=\"clear: both; display: block; margin: 10px 0;\">\n<div style=\"clear: both; display: block; margin: 10px 0;\">\n<div  style=\"max-width:1296px;max-height:1080px\">\n<div style=\"clear: both; display: block; margin: 10px 0;\">\n<div style=\"clear: both; width: 100%; display: block; margin: 20px 0; padding: 0; float: none; position: static; text-align: center;\"><img decoding=\"async\"  src=\"https:\/\/a.allegroimg.com\/original\/11824a\/4825dc1949ebb7d1032b86122aef\/Milly-Mally-Rowerek-4w1-Optimus-Plus-z-Raczka-Skladany-Regulacja-2-3-kola-Kolor-niebieski\" srcset=\"https:\/\/a.allegroimg.com\/original\/11824a\/4825dc1949ebb7d1032b86122aef\/Milly-Mally-Rowerek-4w1-Optimus-Plus-z-Raczka-Skladany-Regulacja-2-3-kola-Kolor-niebieski 360w,https:\/\/a.allegroimg.com\/original\/11824a\/4825dc1949ebb7d1032b86122aef\/Milly-Mally-Rowerek-4w1-Optimus-Plus-z-Raczka-Skladany-Regulacja-2-3-kola-Kolor-niebieski 720w,https:\/\/a.allegroimg.com\/original\/11824a\/4825dc1949ebb7d1032b86122aef\/Milly-Mally-Rowerek-4w1-Optimus-Plus-z-Raczka-Skladany-Regulacja-2-3-kola-Kolor-niebieski 1024w,https:\/\/a.allegroimg.com\/original\/11824a\/4825dc1949ebb7d1032b86122aef\/Milly-Mally-Rowerek-4w1-Optimus-Plus-z-Raczka-Skladany-Regulacja-2-3-kola-Kolor-niebieski 1296w,https:\/\/a.allegroimg.com\/original\/11824a\/4825dc1949ebb7d1032b86122aef\/Milly-Mally-Rowerek-4w1-Optimus-Plus-z-Raczka-Skladany-Regulacja-2-3-kola-Kolor-niebieski 1296w\" sizes=\"100vw\" width=\"1296px\" alt=\"Milly Mally Rowerek 4w1 Optimus Plus z R\u0105czk\u0105 Sk\u0142adany Regulacja 2-3 ko\u0142a Kolor niebieski\" style=\"max-width: 100%; height: auto; display: block; margin: 0 auto;\"><\/div>\n<\/div>\n<\/div>\n<\/div>\n<\/div>\n<\/div>\n<div style=\"clear: both; display: block; margin: 10px 0;\">\n<div style=\"clear: both; display: block; margin: 10px 0;\">\n<div style=\"clear: both; display: block; margin: 10px 0;\">\n<h2>WYMIARY:<\/h2>\n<ul style=\"margin: 15px 0; padding-left: 20px; clear: both; display: block; width: 100%; float: none; position: static;\">\n<li style=\"margin: 5px 0; padding: 2px 0; clear: both; display: list-item; float: none; position: static;\">Wysoko\u015b\u0107: 51 cm<\/li>\n<li style=\"margin: 5px 0; padding: 2px 0; clear: both; display: list-item; float: none; position: static;\">D\u0142ugo\u015b\u0107: 66 cm<\/li>\n<li style=\"margin: 5px 0; padding: 2px 0; clear: both; display: list-item; float: none; position: static;\">Szeroko\u015b\u0107: 48,5 cm<\/li>\n<li style=\"margin: 5px 0; padding: 2px 0; clear: both; display: list-item; float: none; position: static;\">\u015arednica k\u00f3\u0142: prz\u00f3d \u2013 21 cm, ty\u0142 &#8211; 15 cm<\/li>\n<li style=\"margin: 5px 0; padding: 2px 0; clear: both; display: list-item; float: none; position: static;\">Odleg\u0142o\u015b\u0107 od kraw\u0119dzi siedziska do peda\u0142\u00f3w: 33 cm<\/li>\n<li style=\"margin: 5px 0; padding: 2px 0; clear: both; display: list-item; float: none; position: static;\">Odleg\u0142o\u015b\u0107 od kraw\u0119dzi siedziska do kierownicy: 9 cm<\/li>\n<li style=\"margin: 5px 0; padding: 2px 0; clear: both; display: list-item; float: none; position: static;\">Wysoko\u015b\u0107 r\u0105czki dla rodzica: 85-89-94-98 cm<\/li>\n<li style=\"margin: 5px 0; padding: 2px 0; clear: both; display: list-item; float: none; position: static;\">Szeroko\u015b\u0107 r\u0105czki: 26 cm<\/li>\n<li style=\"margin: 5px 0; padding: 2px 0; clear: both; display: list-item; float: none; position: static;\">Wysoko\u015b\u0107 podn\u00f3\u017cka od ziemi: 13 cm<\/li>\n<li style=\"margin: 5px 0; padding: 2px 0; clear: both; display: list-item; float: none; position: static;\">Odleg\u0142o\u015b\u0107 podn\u00f3\u017cka od siedzenia: 25 cm<\/li>\n<li style=\"margin: 5px 0; padding: 2px 0; clear: both; display: list-item; float: none; position: static;\">Wysoko\u015b\u0107 do siedziska: 30- 34 cm<\/li>\n<li style=\"margin: 5px 0; padding: 2px 0; clear: both; display: list-item; float: none; position: static;\">Maksymalne obci\u0105\u017cenie do 25 kg<\/li>\n<li style=\"margin: 5px 0; padding: 2px 0; clear: both; display: list-item; float: none; position: static;\">Waga netto: 3,8 kg<\/li>\n<\/ul>\n<p style=\"margin: 15px 0; line-height: 1.8; clear: both; display: block; width: 100%; float: none; position: static;\"><b>OPAKOWANIE<\/b>:<\/p>\n<ul style=\"margin: 15px 0; padding-left: 20px; clear: both; display: block; width: 100%; float: none; position: static;\">\n<li style=\"margin: 5px 0; padding: 2px 0; clear: both; display: list-item; float: none; position: static;\">Wysoko\u015b\u0107: 21 cm<\/li>\n<li style=\"margin: 5px 0; padding: 2px 0; clear: both; display: list-item; float: none; position: static;\">Szeroko\u015b\u0107: 23 cm<\/li>\n<li style=\"margin: 5px 0; padding: 2px 0; clear: both; display: list-item; float: none; position: static;\">D\u0142ugo\u015b\u0107: 63 cm<\/li>\n<li style=\"margin: 5px 0; padding: 2px 0; clear: both; display: list-item; float: none; position: static;\">Ilo\u015b\u0107 w kartonie zbiorczym: 3 szt.<\/li>\n<li style=\"margin: 5px 0; padding: 2px 0; clear: both; display: list-item; float: none; position: static;\">Waga brutto: 4,3 kg<\/li>\n<li style=\"margin: 5px 0; padding: 2px 0; clear: both; display: list-item; float: none; position: static;\">Instrukcja monta\u017cu<\/li>\n<\/ul>\n<\/div>\n<\/div>\n<div style=\"clear: both; display: block; margin: 10px 0;\">\n<div style=\"clear: both; display: block; margin: 10px 0;\">\n<div  style=\"max-width:1296px;max-height:1080px\">\n<div style=\"clear: both; display: block; margin: 10px 0;\">\n<div style=\"clear: both; width: 100%; display: block; margin: 20px 0; padding: 0; float: none; position: static; text-align: center;\"><img decoding=\"async\"  src=\"https:\/\/a.allegroimg.com\/original\/116657\/43250e654aa5a92feb8a804621af\/Milly-Mally-Rowerek-4w1-Optimus-Plus-z-Raczka-Skladany-Regulacja-2-3-kola-Marka-Milly-Mally\" srcset=\"https:\/\/a.allegroimg.com\/original\/116657\/43250e654aa5a92feb8a804621af\/Milly-Mally-Rowerek-4w1-Optimus-Plus-z-Raczka-Skladany-Regulacja-2-3-kola-Marka-Milly-Mally 360w,https:\/\/a.allegroimg.com\/original\/116657\/43250e654aa5a92feb8a804621af\/Milly-Mally-Rowerek-4w1-Optimus-Plus-z-Raczka-Skladany-Regulacja-2-3-kola-Marka-Milly-Mally 720w,https:\/\/a.allegroimg.com\/original\/116657\/43250e654aa5a92feb8a804621af\/Milly-Mally-Rowerek-4w1-Optimus-Plus-z-Raczka-Skladany-Regulacja-2-3-kola-Marka-Milly-Mally 1024w,https:\/\/a.allegroimg.com\/original\/116657\/43250e654aa5a92feb8a804621af\/Milly-Mally-Rowerek-4w1-Optimus-Plus-z-Raczka-Skladany-Regulacja-2-3-kola-Marka-Milly-Mally 1296w,https:\/\/a.allegroimg.com\/original\/116657\/43250e654aa5a92feb8a804621af\/Milly-Mally-Rowerek-4w1-Optimus-Plus-z-Raczka-Skladany-Regulacja-2-3-kola-Marka-Milly-Mally 1296w\" sizes=\"(min-width: 1200px) 560px, (min-width: 992px) 50vw, 100vw\" width=\"1296px\" alt=\"Milly Mally Rowerek 4w1 Optimus Plus z R\u0105czk\u0105 Sk\u0142adany Regulacja 2-3 ko\u0142a Marka Milly Mally\" style=\"max-width: 100%; height: auto; display: block; margin: 0 auto;\"><\/div>\n<\/div>\n<\/div>\n<\/div>\n<\/div>\n<\/div>\n<div style=\"clear: both; display: block; margin: 10px 0;\">\n<div style=\"clear: both; display: block; margin: 10px 0;\">\n<div style=\"clear: both; display: block; margin: 10px 0;\">\n<div  style=\"max-width:1296px;max-height:1080px\">\n<div style=\"clear: both; display: block; margin: 10px 0;\">\n<div style=\"clear: both; width: 100%; display: block; margin: 20px 0; padding: 0; float: none; position: static; text-align: center;\"><img decoding=\"async\"  src=\"https:\/\/a.allegroimg.com\/original\/115dcd\/88cd08604290b32755a169b7f82f\/Milly-Mally-Rowerek-4w1-Optimus-Plus-z-Raczka-Skladany-Regulacja-2-3-kola-Model-Optimus-Plus\" srcset=\"https:\/\/a.allegroimg.com\/original\/115dcd\/88cd08604290b32755a169b7f82f\/Milly-Mally-Rowerek-4w1-Optimus-Plus-z-Raczka-Skladany-Regulacja-2-3-kola-Model-Optimus-Plus 360w,https:\/\/a.allegroimg.com\/original\/115dcd\/88cd08604290b32755a169b7f82f\/Milly-Mally-Rowerek-4w1-Optimus-Plus-z-Raczka-Skladany-Regulacja-2-3-kola-Model-Optimus-Plus 720w,https:\/\/a.allegroimg.com\/original\/115dcd\/88cd08604290b32755a169b7f82f\/Milly-Mally-Rowerek-4w1-Optimus-Plus-z-Raczka-Skladany-Regulacja-2-3-kola-Model-Optimus-Plus 1024w,https:\/\/a.allegroimg.com\/original\/115dcd\/88cd08604290b32755a169b7f82f\/Milly-Mally-Rowerek-4w1-Optimus-Plus-z-Raczka-Skladany-Regulacja-2-3-kola-Model-Optimus-Plus 1296w,https:\/\/a.allegroimg.com\/original\/115dcd\/88cd08604290b32755a169b7f82f\/Milly-Mally-Rowerek-4w1-Optimus-Plus-z-Raczka-Skladany-Regulacja-2-3-kola-Model-Optimus-Plus 1296w\" sizes=\"100vw\" width=\"1296px\" alt=\"Milly Mally Rowerek 4w1 Optimus Plus z R\u0105czk\u0105 Sk\u0142adany Regulacja 2-3 ko\u0142a Model Optimus Plus\" style=\"max-width: 100%; height: auto; display: block; margin: 0 auto;\"><\/div>\n<\/div>\n<\/div>\n<\/div>\n<\/div>\n<\/div>\n<\/div>\n<\/div>\n<\/div>\n<div style=\"clear: both; display: block; margin: 10px 0;\">\n","protected":false},"excerpt":{"rendered":"<p>UWAGA KOLOR CZARNO \u017b\u00d3\u0141TY !!<\/p>\n<p>Milly Mally Rowerek 4w1 Optimus Plus<\/p>\n<p>Optimus Plus&nbsp;zosta\u0142 zaprojektowany, aby sta\u0107 si\u0119 jednym z najlepszych wybor\u00f3w na pierwszy pojazd twojego dziecka. Dzi\u0119ki stabilnej tr\u00f3jko\u0142owej konstrukcji zapewnia dziecku odpowiedni poziom bezpiecze\u0144stwa i u\u0142atwia zdobywanie nowych umiej\u0119tno\u015bci. Kiedy dziecko ma ju\u017c opanowane podstawy jazdy i nie wymaga pomocy rodzica poprzez sterowanie r\u0105czk\u0105 do prowadzenia, mo\u017cemy doda\u0107 peda\u0142y lub zmieni\u0107 go w klasyczny rowerek biegowy.<\/p>\n","protected":false},"featured_media":14261,"template":"","meta":{"_uag_custom_page_level_css":""},"product_brand":[700],"product_cat":[688,687,697],"product_tag":[],"class_list":{"0":"post-14260","1":"product","2":"type-product","3":"status-publish","4":"has-post-thumbnail","6":"product_brand-milly-mally","7":"product_cat-rowery","8":"product_cat-rowery-i-akcesoria","9":"product_cat-skladane","11":"first","12":"instock","13":"sale","14":"shipping-taxable","15":"purchasable","16":"product-type-simple"},"uagb_featured_image_src":{"full":["https:\/\/twojerowery.shop\/ro64\/wp-content\/uploads\/2026\/02\/allegro-image-14260.jpg",1296,1080,false],"thumbnail":["https:\/\/twojerowery.shop\/ro64\/wp-content\/uploads\/2026\/02\/allegro-image-14260-150x150.jpg",150,150,true],"medium":["https:\/\/twojerowery.shop\/ro64\/wp-content\/uploads\/2026\/02\/allegro-image-14260-300x250.jpg",300,250,true],"medium_large":["https:\/\/twojerowery.shop\/ro64\/wp-content\/uploads\/2026\/02\/allegro-image-14260-768x640.jpg",768,640,true],"large":["https:\/\/twojerowery.shop\/ro64\/wp-content\/uploads\/2026\/02\/allegro-image-14260-1024x853.jpg",1024,853,true],"1536x1536":["https:\/\/twojerowery.shop\/ro64\/wp-content\/uploads\/2026\/02\/allegro-image-14260.jpg",1296,1080,false],"2048x2048":["https:\/\/twojerowery.shop\/ro64\/wp-content\/uploads\/2026\/02\/allegro-image-14260.jpg",1296,1080,false],"woocommerce_thumbnail":["https:\/\/twojerowery.shop\/ro64\/wp-content\/uploads\/2026\/02\/allegro-image-14260-300x300.jpg",300,300,true],"woocommerce_single":["https:\/\/twojerowery.shop\/ro64\/wp-content\/uploads\/2026\/02\/allegro-image-14260-600x500.jpg",600,500,true],"woocommerce_gallery_thumbnail":["https:\/\/twojerowery.shop\/ro64\/wp-content\/uploads\/2026\/02\/allegro-image-14260-100x100.jpg",100,100,true]},"uagb_author_info":{"display_name":"admin","author_link":"https:\/\/twojerowery.shop\/ro64\/author\/"},"uagb_comment_info":0,"uagb_excerpt":"UWAGA KOLOR CZARNO \u017b\u00d3\u0141TY !! Milly Mally Rowerek 4w1 Optimus Plus Optimus Plus&nbsp;zosta\u0142 zaprojektowany, aby sta\u0107 si\u0119 jednym z najlepszych wybor\u00f3w na pierwszy pojazd twojego dziecka. Dzi\u0119ki stabilnej tr\u00f3jko\u0142owej konstrukcji zapewnia dziecku odpowiedni poziom bezpiecze\u0144stwa i u\u0142atwia zdobywanie nowych umiej\u0119tno\u015bci. Kiedy dziecko ma ju\u017c opanowane podstawy jazdy i nie wymaga pomocy rodzica poprzez sterowanie r\u0105czk\u0105&hellip;","_links":{"self":[{"href":"https:\/\/twojerowery.shop\/ro64\/wp-json\/wp\/v2\/product\/14260","targetHints":{"allow":["GET"]}}],"collection":[{"href":"https:\/\/twojerowery.shop\/ro64\/wp-json\/wp\/v2\/product"}],"about":[{"href":"https:\/\/twojerowery.shop\/ro64\/wp-json\/wp\/v2\/types\/product"}],"wp:featuredmedia":[{"embeddable":true,"href":"https:\/\/twojerowery.shop\/ro64\/wp-json\/wp\/v2\/media\/14261"}],"wp:attachment":[{"href":"https:\/\/twojerowery.shop\/ro64\/wp-json\/wp\/v2\/media?parent=14260"}],"wp:term":[{"taxonomy":"product_brand","embeddable":true,"href":"https:\/\/twojerowery.shop\/ro64\/wp-json\/wp\/v2\/product_brand?post=14260"},{"taxonomy":"product_cat","embeddable":true,"href":"https:\/\/twojerowery.shop\/ro64\/wp-json\/wp\/v2\/product_cat?post=14260"},{"taxonomy":"product_tag","embeddable":true,"href":"https:\/\/twojerowery.shop\/ro64\/wp-json\/wp\/v2\/product_tag?post=14260"}],"curies":[{"name":"wp","href":"https:\/\/api.w.org\/{rel}","templated":true}]}}