{"id":14262,"date":"2026-02-26T04:19:50","date_gmt":"2026-02-26T03:19:50","guid":{"rendered":"https:\/\/rowermax.shop\/ro64\/produkt\/gravity-lime-yellow-pojazd-dla-dzieci-jezdzik-grawitacyjny-milly-mally-3\/"},"modified":"2026-02-26T04:19:51","modified_gmt":"2026-02-26T03:19:51","slug":"gravity-lime-yellow-pojazd-dla-dzieci-jezdzik-grawitacyjny-milly-mally-3","status":"publish","type":"product","link":"https:\/\/twojerowery.shop\/ro64\/produkt\/gravity-lime-yellow-pojazd-dla-dzieci-jezdzik-grawitacyjny-milly-mally-3\/","title":{"rendered":"Gravity Lime Yellow Pojazd Dla Dzieci Je\u017adzik Grawitacyjny Milly Mally 3+"},"content":{"rendered":"<div style=\"font-family: Arial, sans-serif; line-height: 1.6; color: #333; padding: 20px; clear: both; display: block; width: 100%; float: none; position: static; overflow: hidden;\">\n<div style=\"clear: both; display: block; margin: 10px 0;\">\n<div style=\"clear: both; display: block; margin: 10px 0;\">\n<div style=\"clear: both; display: block; margin: 10px 0;\">\n<div  style=\"max-width:1296px;max-height:1080px\">\n<div style=\"clear: both; display: block; margin: 10px 0;\">\n<div style=\"clear: both; width: 100%; display: block; margin: 20px 0; padding: 0; float: none; position: static; text-align: center;\"><img decoding=\"async\"  src=\"https:\/\/a.allegroimg.com\/original\/111f90\/88d92c3a481dadd1b6a7f5770475\/Gravity-Lime-Yellow-Pojazd-Dla-Dzieci-Jezdzik-Grawitacyjny-Milly-Mally-3-Kod-producenta-5901761129908\" srcset=\"https:\/\/a.allegroimg.com\/original\/111f90\/88d92c3a481dadd1b6a7f5770475\/Gravity-Lime-Yellow-Pojazd-Dla-Dzieci-Jezdzik-Grawitacyjny-Milly-Mally-3-Kod-producenta-5901761129908 360w,https:\/\/a.allegroimg.com\/original\/111f90\/88d92c3a481dadd1b6a7f5770475\/Gravity-Lime-Yellow-Pojazd-Dla-Dzieci-Jezdzik-Grawitacyjny-Milly-Mally-3-Kod-producenta-5901761129908 720w,https:\/\/a.allegroimg.com\/original\/111f90\/88d92c3a481dadd1b6a7f5770475\/Gravity-Lime-Yellow-Pojazd-Dla-Dzieci-Jezdzik-Grawitacyjny-Milly-Mally-3-Kod-producenta-5901761129908 1024w,https:\/\/a.allegroimg.com\/original\/111f90\/88d92c3a481dadd1b6a7f5770475\/Gravity-Lime-Yellow-Pojazd-Dla-Dzieci-Jezdzik-Grawitacyjny-Milly-Mally-3-Kod-producenta-5901761129908 1296w,https:\/\/a.allegroimg.com\/original\/111f90\/88d92c3a481dadd1b6a7f5770475\/Gravity-Lime-Yellow-Pojazd-Dla-Dzieci-Jezdzik-Grawitacyjny-Milly-Mally-3-Kod-producenta-5901761129908 1296w\" sizes=\"100vw\" width=\"1296px\" alt=\"Gravity Lime Yellow Pojazd Dla Dzieci Je\u017adzik Grawitacyjny Milly Mally 3+ Kod producenta 5901761129908\" style=\"max-width: 100%; height: auto; display: block; margin: 0 auto;\"><\/div>\n<\/div>\n<\/div>\n<\/div>\n<\/div>\n<\/div>\n<div style=\"clear: both; display: block; margin: 10px 0;\">\n<div style=\"clear: both; display: block; margin: 10px 0;\">\n<div style=\"clear: both; display: block; margin: 10px 0;\">\n<div  style=\"max-width:1296px;max-height:1080px\">\n<div style=\"clear: both; display: block; margin: 10px 0;\">\n<div style=\"clear: both; width: 100%; display: block; margin: 20px 0; padding: 0; float: none; position: static; text-align: center;\"><img decoding=\"async\"  src=\"https:\/\/a.allegroimg.com\/original\/118515\/f263c20347d89070268c9070de45\/Gravity-Lime-Yellow-Pojazd-Dla-Dzieci-Jezdzik-Grawitacyjny-Milly-Mally-3-Marka-Milly-Mally\" srcset=\"https:\/\/a.allegroimg.com\/original\/118515\/f263c20347d89070268c9070de45\/Gravity-Lime-Yellow-Pojazd-Dla-Dzieci-Jezdzik-Grawitacyjny-Milly-Mally-3-Marka-Milly-Mally 360w,https:\/\/a.allegroimg.com\/original\/118515\/f263c20347d89070268c9070de45\/Gravity-Lime-Yellow-Pojazd-Dla-Dzieci-Jezdzik-Grawitacyjny-Milly-Mally-3-Marka-Milly-Mally 720w,https:\/\/a.allegroimg.com\/original\/118515\/f263c20347d89070268c9070de45\/Gravity-Lime-Yellow-Pojazd-Dla-Dzieci-Jezdzik-Grawitacyjny-Milly-Mally-3-Marka-Milly-Mally 1024w,https:\/\/a.allegroimg.com\/original\/118515\/f263c20347d89070268c9070de45\/Gravity-Lime-Yellow-Pojazd-Dla-Dzieci-Jezdzik-Grawitacyjny-Milly-Mally-3-Marka-Milly-Mally 1296w,https:\/\/a.allegroimg.com\/original\/118515\/f263c20347d89070268c9070de45\/Gravity-Lime-Yellow-Pojazd-Dla-Dzieci-Jezdzik-Grawitacyjny-Milly-Mally-3-Marka-Milly-Mally 1296w\" sizes=\"(min-width: 1200px) 560px, (min-width: 992px) 50vw, 100vw\" width=\"1296px\" alt=\"Gravity Lime Yellow Pojazd Dla Dzieci Je\u017adzik Grawitacyjny Milly Mally 3+ Marka Milly Mally\" style=\"max-width: 100%; height: auto; display: block; margin: 0 auto;\"><\/div>\n<\/div>\n<\/div>\n<\/div>\n<\/div>\n<div style=\"clear: both; display: block; margin: 10px 0;\">\n<div style=\"clear: both; display: block; margin: 10px 0;\">\n<h1>\u2b50Je\u017adzik Grawitacyjny Gravity Lime Yellow\u2b50<\/h1>\n<p style=\"margin: 15px 0; line-height: 1.8; clear: both; display: block; width: 100%; float: none; position: static;\">Pojazd grawitacyjny GRAVITY to innowacyjny je\u017adzik, kt\u00f3ry <b>dzia\u0142a wykorzystuj\u0105c si\u0142\u0119 grawitacji oraz ruch\u00f3w cia\u0142a<\/b> dziecka. Nie wymaga baterii ani peda\u0142\u00f3w. Wystarczy, \u017ce dziecko manewruje kierownic\u0105 w prawo i w lewo, aby pojazd zacz\u0105\u0142 porusza\u0107 si\u0119 do przodu.<\/p>\n<p style=\"margin: 15px 0; line-height: 1.8; clear: both; display: block; width: 100%; float: none; position: static;\">Je\u017adzik GRAVITY wykonany jest z wysokiej jako\u015bci tworzywa dzi\u0119ki czemu jest on lekki i wytrzyma\u0142y. Ergonomiczny design i <b>wyprofilowane siedzisko<\/b> zapewni\u0105 komfort podczas jazdy. <b>Stabilna i szeroka podstawa<\/b> oraz nisko po\u0142o\u017cony \u015brodek ci\u0119\u017cko\u015bci gwarantuje <b>bezpiecze\u0144stwo podczas u\u017cytkowania<\/b>. Kierownica jest \u0142atwa do uchwycenia i&nbsp;manewrowania przez ma\u0142e dzieci. Pojazd wyposa\u017cony zosta\u0142 dodatkowo w <b>\u015bwiec\u0105ce podczas jazdy k\u00f3\u0142ka LED<\/b>, co zwi\u0119ksza jego atrakcyjno\u015b\u0107.<\/p>\n<\/div>\n<\/div>\n<\/div>\n<div style=\"clear: both; display: block; margin: 10px 0;\">\n<div style=\"clear: both; display: block; margin: 10px 0;\">\n<div style=\"clear: both; display: block; margin: 10px 0;\">\n<h2>\u2705 CHARAKTERYSTYKA:<\/h2>\n<ul style=\"margin: 15px 0; padding-left: 20px; clear: both; display: block; width: 100%; float: none; position: static;\">\n<li style=\"margin: 5px 0; padding: 2px 0; clear: both; display: list-item; float: none; position: static;\">Solidna konstrukcja<\/li>\n<li style=\"margin: 5px 0; padding: 2px 0; clear: both; display: list-item; float: none; position: static;\">Kauczukowe \u015bwiec\u0105ce k\u00f3\u0142ka<\/li>\n<li style=\"margin: 5px 0; padding: 2px 0; clear: both; display: list-item; float: none; position: static;\">Wygodna kierownica<\/li>\n<li style=\"margin: 5px 0; padding: 2px 0; clear: both; display: list-item; float: none; position: static;\">Wyprofilowane siedzisko<\/li>\n<li style=\"margin: 5px 0; padding: 2px 0; clear: both; display: list-item; float: none; position: static;\">Piankowa os\u0142ona kolumny kierowniczej<\/li>\n<li style=\"margin: 5px 0; padding: 2px 0; clear: both; display: list-item; float: none; position: static;\">Przedzia\u0142 wiekowy 3+<\/li>\n<li style=\"margin: 5px 0; padding: 2px 0; clear: both; display: list-item; float: none; position: static;\">Maksymalne obci\u0105\u017cenie: 50 kg<\/li>\n<li style=\"margin: 5px 0; padding: 2px 0; clear: both; display: list-item; float: none; position: static;\">Spe\u0142nia europejskie normy bezpiecze\u0144stwa<\/li>\n<\/ul>\n<\/div>\n<\/div>\n<div style=\"clear: both; display: block; margin: 10px 0;\">\n<div style=\"clear: both; display: block; margin: 10px 0;\">\n<div  style=\"max-width:1296px;max-height:1080px\">\n<div style=\"clear: both; display: block; margin: 10px 0;\">\n<div style=\"clear: both; width: 100%; display: block; margin: 20px 0; padding: 0; float: none; position: static; text-align: center;\"><img decoding=\"async\"  src=\"https:\/\/a.allegroimg.com\/original\/118d4b\/5590f5f84d07bb3be3dbdabf404b\/Gravity-Lime-Yellow-Pojazd-Dla-Dzieci-Jezdzik-Grawitacyjny-Milly-Mally-3-Rozmiar-ramy-mniejsza\" srcset=\"https:\/\/a.allegroimg.com\/original\/118d4b\/5590f5f84d07bb3be3dbdabf404b\/Gravity-Lime-Yellow-Pojazd-Dla-Dzieci-Jezdzik-Grawitacyjny-Milly-Mally-3-Rozmiar-ramy-mniejsza 360w,https:\/\/a.allegroimg.com\/original\/118d4b\/5590f5f84d07bb3be3dbdabf404b\/Gravity-Lime-Yellow-Pojazd-Dla-Dzieci-Jezdzik-Grawitacyjny-Milly-Mally-3-Rozmiar-ramy-mniejsza 720w,https:\/\/a.allegroimg.com\/original\/118d4b\/5590f5f84d07bb3be3dbdabf404b\/Gravity-Lime-Yellow-Pojazd-Dla-Dzieci-Jezdzik-Grawitacyjny-Milly-Mally-3-Rozmiar-ramy-mniejsza 1024w,https:\/\/a.allegroimg.com\/original\/118d4b\/5590f5f84d07bb3be3dbdabf404b\/Gravity-Lime-Yellow-Pojazd-Dla-Dzieci-Jezdzik-Grawitacyjny-Milly-Mally-3-Rozmiar-ramy-mniejsza 1296w,https:\/\/a.allegroimg.com\/original\/118d4b\/5590f5f84d07bb3be3dbdabf404b\/Gravity-Lime-Yellow-Pojazd-Dla-Dzieci-Jezdzik-Grawitacyjny-Milly-Mally-3-Rozmiar-ramy-mniejsza 1296w\" sizes=\"(min-width: 1200px) 560px, (min-width: 992px) 50vw, 100vw\" width=\"1296px\" alt=\"Gravity Lime Yellow Pojazd Dla Dzieci Je\u017adzik Grawitacyjny Milly Mally 3+ Rozmiar ramy mniejsza\" style=\"max-width: 100%; height: auto; display: block; margin: 0 auto;\"><\/div>\n<\/div>\n<\/div>\n<\/div>\n<\/div>\n<\/div>\n<div style=\"clear: both; display: block; margin: 10px 0;\">\n<div style=\"clear: both; display: block; margin: 10px 0;\">\n<div style=\"clear: both; display: block; margin: 10px 0;\">\n<div  style=\"max-width:1296px;max-height:1080px\">\n<div style=\"clear: both; display: block; margin: 10px 0;\">\n<div style=\"clear: both; width: 100%; display: block; margin: 20px 0; padding: 0; float: none; position: static; text-align: center;\"><img decoding=\"async\"  src=\"https:\/\/a.allegroimg.com\/original\/11b541\/7351ec6d47be8b939e5e0bbcffdd\/Gravity-Lime-Yellow-Pojazd-Dla-Dzieci-Jezdzik-Grawitacyjny-Milly-Mally-3-Kolor-wielokolorowy\" srcset=\"https:\/\/a.allegroimg.com\/original\/11b541\/7351ec6d47be8b939e5e0bbcffdd\/Gravity-Lime-Yellow-Pojazd-Dla-Dzieci-Jezdzik-Grawitacyjny-Milly-Mally-3-Kolor-wielokolorowy 360w,https:\/\/a.allegroimg.com\/original\/11b541\/7351ec6d47be8b939e5e0bbcffdd\/Gravity-Lime-Yellow-Pojazd-Dla-Dzieci-Jezdzik-Grawitacyjny-Milly-Mally-3-Kolor-wielokolorowy 720w,https:\/\/a.allegroimg.com\/original\/11b541\/7351ec6d47be8b939e5e0bbcffdd\/Gravity-Lime-Yellow-Pojazd-Dla-Dzieci-Jezdzik-Grawitacyjny-Milly-Mally-3-Kolor-wielokolorowy 1024w,https:\/\/a.allegroimg.com\/original\/11b541\/7351ec6d47be8b939e5e0bbcffdd\/Gravity-Lime-Yellow-Pojazd-Dla-Dzieci-Jezdzik-Grawitacyjny-Milly-Mally-3-Kolor-wielokolorowy 1296w,https:\/\/a.allegroimg.com\/original\/11b541\/7351ec6d47be8b939e5e0bbcffdd\/Gravity-Lime-Yellow-Pojazd-Dla-Dzieci-Jezdzik-Grawitacyjny-Milly-Mally-3-Kolor-wielokolorowy 1296w\" sizes=\"(min-width: 1200px) 560px, (min-width: 992px) 50vw, 100vw\" width=\"1296px\" alt=\"Gravity Lime Yellow Pojazd Dla Dzieci Je\u017adzik Grawitacyjny Milly Mally 3+ Kolor wielokolorowy\" style=\"max-width: 100%; height: auto; display: block; margin: 0 auto;\"><\/div>\n<\/div>\n<\/div>\n<\/div>\n<\/div>\n<div style=\"clear: both; display: block; margin: 10px 0;\">\n<div style=\"clear: both; display: block; margin: 10px 0;\">\n<h2>\u2705 DANE TECHNICZNE:<\/h2>\n<ul style=\"margin: 15px 0; padding-left: 20px; clear: both; display: block; width: 100%; float: none; position: static;\">\n<li style=\"margin: 5px 0; padding: 2px 0; clear: both; display: list-item; float: none; position: static;\">Wysoko\u015b\u0107: 41,5 cm<\/li>\n<li style=\"margin: 5px 0; padding: 2px 0; clear: both; display: list-item; float: none; position: static;\">Szeroko\u015b\u0107: 35 cm<\/li>\n<li style=\"margin: 5px 0; padding: 2px 0; clear: both; display: list-item; float: none; position: static;\">D\u0142ugo\u015b\u0107: 80 cm<\/li>\n<li style=\"margin: 5px 0; padding: 2px 0; clear: both; display: list-item; float: none; position: static;\">Wysoko\u015b\u0107 do siedziska: 22 cm<\/li>\n<li style=\"margin: 5px 0; padding: 2px 0; clear: both; display: list-item; float: none; position: static;\">Szeroko\u015b\u0107 siedziska: 26 cm<\/li>\n<li style=\"margin: 5px 0; padding: 2px 0; clear: both; display: list-item; float: none; position: static;\">D\u0142ugo\u015b\u0107 siedziska: 20 cm<\/li>\n<li style=\"margin: 5px 0; padding: 2px 0; clear: both; display: list-item; float: none; position: static;\">Szeroko\u015b\u0107 kierownicy: 25 cm<\/li>\n<li style=\"margin: 5px 0; padding: 2px 0; clear: both; display: list-item; float: none; position: static;\">\u015arednica k\u00f3\u0142: 9 cm<\/li>\n<\/ul>\n<\/div>\n<\/div>\n<\/div>\n<div style=\"clear: both; display: block; margin: 10px 0;\">\n<div style=\"clear: both; display: block; margin: 10px 0;\">\n<div style=\"clear: both; display: block; margin: 10px 0;\">\n<div  style=\"max-width:1296px;max-height:1080px\">\n<div style=\"clear: both; display: block; margin: 10px 0;\">\n<div style=\"clear: both; width: 100%; display: block; margin: 20px 0; padding: 0; float: none; position: static; text-align: center;\"><img decoding=\"async\"  src=\"https:\/\/a.allegroimg.com\/original\/115a03\/738657a7410c8f065730586087b5\/Gravity-Lime-Yellow-Pojazd-Dla-Dzieci-Jezdzik-Grawitacyjny-Milly-Mally-3-Material-ramy-inny\" srcset=\"https:\/\/a.allegroimg.com\/original\/115a03\/738657a7410c8f065730586087b5\/Gravity-Lime-Yellow-Pojazd-Dla-Dzieci-Jezdzik-Grawitacyjny-Milly-Mally-3-Material-ramy-inny 360w,https:\/\/a.allegroimg.com\/original\/115a03\/738657a7410c8f065730586087b5\/Gravity-Lime-Yellow-Pojazd-Dla-Dzieci-Jezdzik-Grawitacyjny-Milly-Mally-3-Material-ramy-inny 720w,https:\/\/a.allegroimg.com\/original\/115a03\/738657a7410c8f065730586087b5\/Gravity-Lime-Yellow-Pojazd-Dla-Dzieci-Jezdzik-Grawitacyjny-Milly-Mally-3-Material-ramy-inny 1024w,https:\/\/a.allegroimg.com\/original\/115a03\/738657a7410c8f065730586087b5\/Gravity-Lime-Yellow-Pojazd-Dla-Dzieci-Jezdzik-Grawitacyjny-Milly-Mally-3-Material-ramy-inny 1296w,https:\/\/a.allegroimg.com\/original\/115a03\/738657a7410c8f065730586087b5\/Gravity-Lime-Yellow-Pojazd-Dla-Dzieci-Jezdzik-Grawitacyjny-Milly-Mally-3-Material-ramy-inny 1296w\" sizes=\"100vw\" width=\"1296px\" alt=\"Gravity Lime Yellow Pojazd Dla Dzieci Je\u017adzik Grawitacyjny Milly Mally 3+ Materia\u0142 ramy inny\" style=\"max-width: 100%; height: auto; display: block; margin: 0 auto;\"><\/div>\n<\/div>\n<\/div>\n<\/div>\n<\/div>\n<\/div>\n<div style=\"clear: both; display: block; margin: 10px 0;\">\n<div style=\"clear: both; display: block; margin: 10px 0;\">\n<div style=\"clear: both; display: block; margin: 10px 0;\">\n<div  style=\"max-width:1296px;max-height:1080px\">\n<div style=\"clear: both; display: block; margin: 10px 0;\">\n<div style=\"clear: both; width: 100%; display: block; margin: 20px 0; padding: 0; float: none; position: static; text-align: center;\"><img decoding=\"async\"  src=\"https:\/\/a.allegroimg.com\/original\/111f90\/88d92c3a481dadd1b6a7f5770475\/Gravity-Lime-Yellow-Pojazd-Dla-Dzieci-Jezdzik-Grawitacyjny-Milly-Mally-3-Kod-producenta-5901761129908\" srcset=\"https:\/\/a.allegroimg.com\/original\/111f90\/88d92c3a481dadd1b6a7f5770475\/Gravity-Lime-Yellow-Pojazd-Dla-Dzieci-Jezdzik-Grawitacyjny-Milly-Mally-3-Kod-producenta-5901761129908 360w,https:\/\/a.allegroimg.com\/original\/111f90\/88d92c3a481dadd1b6a7f5770475\/Gravity-Lime-Yellow-Pojazd-Dla-Dzieci-Jezdzik-Grawitacyjny-Milly-Mally-3-Kod-producenta-5901761129908 720w,https:\/\/a.allegroimg.com\/original\/111f90\/88d92c3a481dadd1b6a7f5770475\/Gravity-Lime-Yellow-Pojazd-Dla-Dzieci-Jezdzik-Grawitacyjny-Milly-Mally-3-Kod-producenta-5901761129908 1024w,https:\/\/a.allegroimg.com\/original\/111f90\/88d92c3a481dadd1b6a7f5770475\/Gravity-Lime-Yellow-Pojazd-Dla-Dzieci-Jezdzik-Grawitacyjny-Milly-Mally-3-Kod-producenta-5901761129908 1296w,https:\/\/a.allegroimg.com\/original\/111f90\/88d92c3a481dadd1b6a7f5770475\/Gravity-Lime-Yellow-Pojazd-Dla-Dzieci-Jezdzik-Grawitacyjny-Milly-Mally-3-Kod-producenta-5901761129908 1296w\" sizes=\"100vw\" width=\"1296px\" alt=\"Gravity Lime Yellow Pojazd Dla Dzieci Je\u017adzik Grawitacyjny Milly Mally 3+ Kod producenta 5901761129908\" style=\"max-width: 100%; height: auto; display: block; margin: 0 auto;\"><\/div>\n<\/div>\n<\/div>\n<\/div>\n<\/div>\n<\/div>\n<\/div>\n<\/div>\n<\/div>\n<div style=\"clear: both; display: block; margin: 10px 0;\">\n","protected":false},"excerpt":{"rendered":"<p>\u2b50Je\u017adzik Grawitacyjny Gravity Lime Yellow\u2b50<\/p>\n<p>Pojazd grawitacyjny GRAVITY to innowacyjny je\u017adzik, kt\u00f3ry dzia\u0142a wykorzystuj\u0105c si\u0142\u0119 grawitacji oraz ruch\u00f3w cia\u0142a dziecka. Nie wymaga baterii ani peda\u0142\u00f3w. Wystarczy, \u017ce dziecko manewruje kierownic\u0105 w prawo i w lewo, aby pojazd zacz\u0105\u0142 porusza\u0107 si\u0119 do przodu.<\/p>\n","protected":false},"featured_media":14263,"template":"","meta":{"_uag_custom_page_level_css":""},"product_brand":[700],"product_cat":[688,687,697],"product_tag":[],"class_list":{"0":"post-14262","1":"product","2":"type-product","3":"status-publish","4":"has-post-thumbnail","6":"product_brand-milly-mally","7":"product_cat-rowery","8":"product_cat-rowery-i-akcesoria","9":"product_cat-skladane","11":"first","12":"instock","13":"sale","14":"shipping-taxable","15":"purchasable","16":"product-type-simple"},"uagb_featured_image_src":{"full":["https:\/\/twojerowery.shop\/ro64\/wp-content\/uploads\/2026\/02\/allegro-image-14262.jpg",1296,1080,false],"thumbnail":["https:\/\/twojerowery.shop\/ro64\/wp-content\/uploads\/2026\/02\/allegro-image-14262-150x150.jpg",150,150,true],"medium":["https:\/\/twojerowery.shop\/ro64\/wp-content\/uploads\/2026\/02\/allegro-image-14262-300x250.jpg",300,250,true],"medium_large":["https:\/\/twojerowery.shop\/ro64\/wp-content\/uploads\/2026\/02\/allegro-image-14262-768x640.jpg",768,640,true],"large":["https:\/\/twojerowery.shop\/ro64\/wp-content\/uploads\/2026\/02\/allegro-image-14262-1024x853.jpg",1024,853,true],"1536x1536":["https:\/\/twojerowery.shop\/ro64\/wp-content\/uploads\/2026\/02\/allegro-image-14262.jpg",1296,1080,false],"2048x2048":["https:\/\/twojerowery.shop\/ro64\/wp-content\/uploads\/2026\/02\/allegro-image-14262.jpg",1296,1080,false],"woocommerce_thumbnail":["https:\/\/twojerowery.shop\/ro64\/wp-content\/uploads\/2026\/02\/allegro-image-14262-300x300.jpg",300,300,true],"woocommerce_single":["https:\/\/twojerowery.shop\/ro64\/wp-content\/uploads\/2026\/02\/allegro-image-14262-600x500.jpg",600,500,true],"woocommerce_gallery_thumbnail":["https:\/\/twojerowery.shop\/ro64\/wp-content\/uploads\/2026\/02\/allegro-image-14262-100x100.jpg",100,100,true]},"uagb_author_info":{"display_name":"admin","author_link":"https:\/\/twojerowery.shop\/ro64\/author\/"},"uagb_comment_info":0,"uagb_excerpt":"\u2b50Je\u017adzik Grawitacyjny Gravity Lime Yellow\u2b50 Pojazd grawitacyjny GRAVITY to innowacyjny je\u017adzik, kt\u00f3ry dzia\u0142a wykorzystuj\u0105c si\u0142\u0119 grawitacji oraz ruch\u00f3w cia\u0142a dziecka. Nie wymaga baterii ani peda\u0142\u00f3w. Wystarczy, \u017ce dziecko manewruje kierownic\u0105 w prawo i w lewo, aby pojazd zacz\u0105\u0142 porusza\u0107 si\u0119 do przodu.","_links":{"self":[{"href":"https:\/\/twojerowery.shop\/ro64\/wp-json\/wp\/v2\/product\/14262","targetHints":{"allow":["GET"]}}],"collection":[{"href":"https:\/\/twojerowery.shop\/ro64\/wp-json\/wp\/v2\/product"}],"about":[{"href":"https:\/\/twojerowery.shop\/ro64\/wp-json\/wp\/v2\/types\/product"}],"wp:featuredmedia":[{"embeddable":true,"href":"https:\/\/twojerowery.shop\/ro64\/wp-json\/wp\/v2\/media\/14263"}],"wp:attachment":[{"href":"https:\/\/twojerowery.shop\/ro64\/wp-json\/wp\/v2\/media?parent=14262"}],"wp:term":[{"taxonomy":"product_brand","embeddable":true,"href":"https:\/\/twojerowery.shop\/ro64\/wp-json\/wp\/v2\/product_brand?post=14262"},{"taxonomy":"product_cat","embeddable":true,"href":"https:\/\/twojerowery.shop\/ro64\/wp-json\/wp\/v2\/product_cat?post=14262"},{"taxonomy":"product_tag","embeddable":true,"href":"https:\/\/twojerowery.shop\/ro64\/wp-json\/wp\/v2\/product_tag?post=14262"}],"curies":[{"name":"wp","href":"https:\/\/api.w.org\/{rel}","templated":true}]}}