{"id":14268,"date":"2026-02-26T04:19:54","date_gmt":"2026-02-26T03:19:54","guid":{"rendered":"https:\/\/rowermax.shop\/ro64\/produkt\/miniby-qplay-rowerek-dzieciecy-biegowy-boczne-kolka-dzwonek-rozowy-3w1\/"},"modified":"2026-02-26T04:19:54","modified_gmt":"2026-02-26T03:19:54","slug":"miniby-qplay-rowerek-dzieciecy-biegowy-boczne-kolka-dzwonek-rozowy-3w1","status":"publish","type":"product","link":"https:\/\/twojerowery.shop\/ro64\/produkt\/miniby-qplay-rowerek-dzieciecy-biegowy-boczne-kolka-dzwonek-rozowy-3w1\/","title":{"rendered":"MINIBY QPLAY ROWEREK DZIECI\u0118CY BIEGOWY BOCZNE K\u00d3\u0141KA DZWONEK R\u00d3\u017bOWY 3w1"},"content":{"rendered":"<div style=\"font-family: Arial, sans-serif; line-height: 1.6; color: #333; padding: 20px; clear: both; display: block; width: 100%; float: none; position: static; overflow: hidden;\">\n<div style=\"clear: both; display: block; margin: 10px 0;\">\n<div style=\"clear: both; display: block; margin: 10px 0;\">\n<div style=\"clear: both; display: block; margin: 10px 0;\">\n<div  style=\"max-width:1296px;max-height:1080px\">\n<div style=\"clear: both; display: block; margin: 10px 0;\">\n<div style=\"clear: both; width: 100%; display: block; margin: 20px 0; padding: 0; float: none; position: static; text-align: center;\"><img decoding=\"async\"  src=\"https:\/\/a.allegroimg.com\/original\/111d44\/cd5e934248908c555b5549e16429\/MINIBY-QPLAY-ROWEREK-DZIECIECY-BIEGOWY-BOCZNE-KOLKA-DZWONEK-ROZOWY-3w1-Model-Miniby\" srcset=\"https:\/\/a.allegroimg.com\/original\/111d44\/cd5e934248908c555b5549e16429\/MINIBY-QPLAY-ROWEREK-DZIECIECY-BIEGOWY-BOCZNE-KOLKA-DZWONEK-ROZOWY-3w1-Model-Miniby 360w,https:\/\/a.allegroimg.com\/original\/111d44\/cd5e934248908c555b5549e16429\/MINIBY-QPLAY-ROWEREK-DZIECIECY-BIEGOWY-BOCZNE-KOLKA-DZWONEK-ROZOWY-3w1-Model-Miniby 720w,https:\/\/a.allegroimg.com\/original\/111d44\/cd5e934248908c555b5549e16429\/MINIBY-QPLAY-ROWEREK-DZIECIECY-BIEGOWY-BOCZNE-KOLKA-DZWONEK-ROZOWY-3w1-Model-Miniby 1024w,https:\/\/a.allegroimg.com\/original\/111d44\/cd5e934248908c555b5549e16429\/MINIBY-QPLAY-ROWEREK-DZIECIECY-BIEGOWY-BOCZNE-KOLKA-DZWONEK-ROZOWY-3w1-Model-Miniby 1296w,https:\/\/a.allegroimg.com\/original\/111d44\/cd5e934248908c555b5549e16429\/MINIBY-QPLAY-ROWEREK-DZIECIECY-BIEGOWY-BOCZNE-KOLKA-DZWONEK-ROZOWY-3w1-Model-Miniby 1296w\" sizes=\"100vw\" width=\"1296px\" alt=\"MINIBY QPLAY ROWEREK DZIECI\u0118CY BIEGOWY BOCZNE K\u00d3\u0141KA DZWONEK R\u00d3\u017bOWY 3w1 Model Miniby\" style=\"max-width: 100%; height: auto; display: block; margin: 0 auto;\"><\/div>\n<\/div>\n<\/div>\n<\/div>\n<\/div>\n<\/div>\n<div style=\"clear: both; display: block; margin: 10px 0;\">\n<div style=\"clear: both; display: block; margin: 10px 0;\">\n<div style=\"clear: both; display: block; margin: 10px 0;\">\n<div  style=\"max-width:1296px;max-height:1080px\">\n<div style=\"clear: both; display: block; margin: 10px 0;\">\n<div style=\"clear: both; width: 100%; display: block; margin: 20px 0; padding: 0; float: none; position: static; text-align: center;\"><img decoding=\"async\"  src=\"https:\/\/a.allegroimg.com\/original\/11324f\/26c461e94c4aba8d174ffd110e2a\/MINIBY-QPLAY-ROWEREK-DZIECIECY-BIEGOWY-BOCZNE-KOLKA-DZWONEK-ROZOWY-3w1\" srcset=\"https:\/\/a.allegroimg.com\/original\/11324f\/26c461e94c4aba8d174ffd110e2a\/MINIBY-QPLAY-ROWEREK-DZIECIECY-BIEGOWY-BOCZNE-KOLKA-DZWONEK-ROZOWY-3w1 360w,https:\/\/a.allegroimg.com\/original\/11324f\/26c461e94c4aba8d174ffd110e2a\/MINIBY-QPLAY-ROWEREK-DZIECIECY-BIEGOWY-BOCZNE-KOLKA-DZWONEK-ROZOWY-3w1 720w,https:\/\/a.allegroimg.com\/original\/11324f\/26c461e94c4aba8d174ffd110e2a\/MINIBY-QPLAY-ROWEREK-DZIECIECY-BIEGOWY-BOCZNE-KOLKA-DZWONEK-ROZOWY-3w1 1024w,https:\/\/a.allegroimg.com\/original\/11324f\/26c461e94c4aba8d174ffd110e2a\/MINIBY-QPLAY-ROWEREK-DZIECIECY-BIEGOWY-BOCZNE-KOLKA-DZWONEK-ROZOWY-3w1 1296w,https:\/\/a.allegroimg.com\/original\/11324f\/26c461e94c4aba8d174ffd110e2a\/MINIBY-QPLAY-ROWEREK-DZIECIECY-BIEGOWY-BOCZNE-KOLKA-DZWONEK-ROZOWY-3w1 1296w\" sizes=\"(min-width: 1200px) 560px, (min-width: 992px) 50vw, 100vw\" width=\"1296px\" alt=\"MINIBY QPLAY ROWEREK DZIECI\u0118CY BIEGOWY BOCZNE K\u00d3\u0141KA DZWONEK R\u00d3\u017bOWY 3w1\" style=\"max-width: 100%; height: auto; display: block; margin: 0 auto;\"><\/div>\n<\/div>\n<\/div>\n<\/div>\n<\/div>\n<div style=\"clear: both; display: block; margin: 10px 0;\">\n<div style=\"clear: both; display: block; margin: 10px 0;\">\n<h1>\u2764\ufe0fRowerek Biegowy Miniby 14 cali Rosa\u2764\ufe0f<\/h1>\n<p style=\"margin: 15px 0; line-height: 1.8; clear: both; display: block; width: 100%; float: none; position: static;\">Rowerek Dzieci\u0119cy &#8211; Rowerek Biegowy<b>Miniby<\/b> 14&#8217;ma wyj\u0105tkow\u0105 ram\u0119 i regulowane, wy\u015bcie\u0142ane siedzisko, kt\u00f3re dopasowuje si\u0119 do Twojego dziecka. Ergonomiczna konstrukcja, solidna metalowa rama i gumowe uchwyty na kierownic\u0119 zapewniaj\u0105 maluchom pewny chwyt podczas zabawy i dziecko nabierze pewno\u015bci siebie. U\u017cyte w rowerku 14&#8243; gumowe pompowane ko\u0142a- zapewni\u0105 stabilno\u015b\u0107 i bezpiecze\u0144stwo na wszystkich nawierzchniach drogowych.<\/p>\n<p style=\"margin: 15px 0; line-height: 1.8; clear: both; display: block; width: 100%; float: none; position: static;\">Rowerek biegowy <b>Qplay Miniby<\/b> 14&#8242; zdecydowanie u\u0142atwi maluchom przej\u015bcie na jazd\u0119 na rowerze bez stabilizator\u00f3w, gdy b\u0119d\u0105 starsze, poniewa\u017c ju\u017c opanowali g\u0142\u00f3wne umiej\u0119tno\u015bci potrzebne ma\u0142ym rowerzystom: r\u00f3wnowag\u0119, koordynacj\u0119 i kierowanie. W tym rowerku dzieci\u0119cym marki QPLAY zastosowany zosta\u0142 uk\u0142ad hamulcowy: przedni hamulec zaciskowy i tylny hamulec ta\u015bmowy.<\/p>\n<p style=\"margin: 15px 0; line-height: 1.8; clear: both; display: block; width: 100%; float: none; position: static;\">Regulowana kierownica i siode\u0142ko pozwol\u0105 optymalnie dopasowa\u0107 rowerek do wzrostu dziecka, zatem rowerek \u201eb\u0119dzie r\u00f3s\u0142&#8221; wraz z m\u0142odym cyklist\u0105. Antypo\u015blizgowe r\u0119koje\u015bci z os\u0142onami ochroni\u0105 r\u0105czki przed otarciami. &nbsp;Zastosowane wygodne i wyprofilowane siode\u0142ko oraz pompowane ko\u0142a zapewni\u0105 wygod\u0119 podczas odkrywania nowych tras rowerowych. Odblaski w rowerku to jeden z element\u00f3w bezpiecze\u0144stwa, zamocowane zosta\u0142y: pod kierownic\u0105, pod siode\u0142kiem oraz na kole prz\u00f3d i ty\u0142, s\u0105 one widoczne w nocy, gdy pada na nie \u015bwiat\u0142o.<\/p>\n<\/div>\n<\/div>\n<\/div>\n<div style=\"clear: both; display: block; margin: 10px 0;\">\n<div style=\"clear: both; display: block; margin: 10px 0;\">\n<div style=\"clear: both; display: block; margin: 10px 0;\">\n<h2>\u2705 CHARAKTERYSTYKA PRODUKTU:<\/h2>\n<ul style=\"margin: 15px 0; padding-left: 20px; clear: both; display: block; width: 100%; float: none; position: static;\">\n<li style=\"margin: 5px 0; padding: 2px 0; clear: both; display: list-item; float: none; position: static;\">Gumowe bie\u017cnikowane 14&#8243; ko\u0142a z wentylem<\/li>\n<li style=\"margin: 5px 0; padding: 2px 0; clear: both; display: list-item; float: none; position: static;\">Regulacja wysoko\u015bci siode\u0142ka 2 stopniowa<\/li>\n<li style=\"margin: 5px 0; padding: 2px 0; clear: both; display: list-item; float: none; position: static;\">Regulacja wysoko\u015bci kierownicy 2 stopniowa<\/li>\n<li style=\"margin: 5px 0; padding: 2px 0; clear: both; display: list-item; float: none; position: static;\">Blokada skr\u0119tu kierownicy dla dodatkowego bezpiecze\u0144stwa<\/li>\n<li style=\"margin: 5px 0; padding: 2px 0; clear: both; display: list-item; float: none; position: static;\">Stalowa lakierowana rama<\/li>\n<li style=\"margin: 5px 0; padding: 2px 0; clear: both; display: list-item; float: none; position: static;\">Odblaski pod kierownic\u0105, pod siode\u0142kiem<\/li>\n<li style=\"margin: 5px 0; padding: 2px 0; clear: both; display: list-item; float: none; position: static;\">Odblaski na kole prz\u00f3d i ty\u0142<\/li>\n<li style=\"margin: 5px 0; padding: 2px 0; clear: both; display: list-item; float: none; position: static;\">Antypo\u015blizgowe r\u0105czki z tworzywa sztucznego<\/li>\n<li style=\"margin: 5px 0; padding: 2px 0; clear: both; display: list-item; float: none; position: static;\">Wygodne wyprofilowane i wy\u015bcie\u0142ane siedzisko<\/li>\n<li style=\"margin: 5px 0; padding: 2px 0; clear: both; display: list-item; float: none; position: static;\">K\u00f3\u0142ka pomocnicze<\/li>\n<li style=\"margin: 5px 0; padding: 2px 0; clear: both; display: list-item; float: none; position: static;\">\u0141o\u017cyskowane ko\u0142a<\/li>\n<li style=\"margin: 5px 0; padding: 2px 0; clear: both; display: list-item; float: none; position: static;\">Ca\u0142kowite zabezpieczenie \u0142a\u0144cucha<\/li>\n<li style=\"margin: 5px 0; padding: 2px 0; clear: both; display: list-item; float: none; position: static;\">Na kierownicy umieszczony dzwonek<\/li>\n<li style=\"margin: 5px 0; padding: 2px 0; clear: both; display: list-item; float: none; position: static;\">Przedzia\u0142 wiekowy 3+lat<\/li>\n<li style=\"margin: 5px 0; padding: 2px 0; clear: both; display: list-item; float: none; position: static;\">\u200b\u200b\u200b\u200bMaksymalne obci\u0105\u017cenie do 30 kg<\/li>\n<li style=\"margin: 5px 0; padding: 2px 0; clear: both; display: list-item; float: none; position: static;\">Spe\u0142nia rygorystyczne wymagania europejskich norm bezpiecze\u0144stwa<\/li>\n<li style=\"margin: 5px 0; padding: 2px 0; clear: both; display: list-item; float: none; position: static;\">Do\u0142\u0105czona ilustrowana instrukcja monta\u017cu wraz z instrukcj\u0105 obs\u0142ugi i narz\u0119dziami<\/li>\n<\/ul>\n<\/div>\n<\/div>\n<div style=\"clear: both; display: block; margin: 10px 0;\">\n<div style=\"clear: both; display: block; margin: 10px 0;\">\n<div  style=\"max-width:1296px;max-height:1080px\">\n<div style=\"clear: both; display: block; margin: 10px 0;\">\n<div style=\"clear: both; width: 100%; display: block; margin: 20px 0; padding: 0; float: none; position: static; text-align: center;\"><img decoding=\"async\"  src=\"https:\/\/a.allegroimg.com\/original\/118d58\/f100d821481eb9941ea51986e2b1\/MINIBY-QPLAY-ROWEREK-DZIECIECY-BIEGOWY-BOCZNE-KOLKA-DZWONEK-ROZOWY-3w1-Rozmiar-kola-14\" srcset=\"https:\/\/a.allegroimg.com\/original\/118d58\/f100d821481eb9941ea51986e2b1\/MINIBY-QPLAY-ROWEREK-DZIECIECY-BIEGOWY-BOCZNE-KOLKA-DZWONEK-ROZOWY-3w1-Rozmiar-kola-14 360w,https:\/\/a.allegroimg.com\/original\/118d58\/f100d821481eb9941ea51986e2b1\/MINIBY-QPLAY-ROWEREK-DZIECIECY-BIEGOWY-BOCZNE-KOLKA-DZWONEK-ROZOWY-3w1-Rozmiar-kola-14 720w,https:\/\/a.allegroimg.com\/original\/118d58\/f100d821481eb9941ea51986e2b1\/MINIBY-QPLAY-ROWEREK-DZIECIECY-BIEGOWY-BOCZNE-KOLKA-DZWONEK-ROZOWY-3w1-Rozmiar-kola-14 1024w,https:\/\/a.allegroimg.com\/original\/118d58\/f100d821481eb9941ea51986e2b1\/MINIBY-QPLAY-ROWEREK-DZIECIECY-BIEGOWY-BOCZNE-KOLKA-DZWONEK-ROZOWY-3w1-Rozmiar-kola-14 1296w,https:\/\/a.allegroimg.com\/original\/118d58\/f100d821481eb9941ea51986e2b1\/MINIBY-QPLAY-ROWEREK-DZIECIECY-BIEGOWY-BOCZNE-KOLKA-DZWONEK-ROZOWY-3w1-Rozmiar-kola-14 1296w\" sizes=\"(min-width: 1200px) 560px, (min-width: 992px) 50vw, 100vw\" width=\"1296px\" alt=\"MINIBY QPLAY ROWEREK DZIECI\u0118CY BIEGOWY BOCZNE K\u00d3\u0141KA DZWONEK R\u00d3\u017bOWY 3w1 Rozmiar ko\u0142a (&quot;) 14\" style=\"max-width: 100%; height: auto; display: block; margin: 0 auto;\"><\/div>\n<\/div>\n<\/div>\n<\/div>\n<\/div>\n<\/div>\n<div style=\"clear: both; display: block; margin: 10px 0;\">\n<div style=\"clear: both; display: block; margin: 10px 0;\">\n<div style=\"clear: both; display: block; margin: 10px 0;\">\n<div  style=\"max-width:1296px;max-height:1080px\">\n<div style=\"clear: both; display: block; margin: 10px 0;\">\n<div style=\"clear: both; width: 100%; display: block; margin: 20px 0; padding: 0; float: none; position: static; text-align: center;\"><img decoding=\"async\"  src=\"https:\/\/a.allegroimg.com\/original\/118d58\/f100d821481eb9941ea51986e2b1\/MINIBY-QPLAY-ROWEREK-DZIECIECY-BIEGOWY-BOCZNE-KOLKA-DZWONEK-ROZOWY-3w1-Rozmiar-kola-14\" srcset=\"https:\/\/a.allegroimg.com\/original\/118d58\/f100d821481eb9941ea51986e2b1\/MINIBY-QPLAY-ROWEREK-DZIECIECY-BIEGOWY-BOCZNE-KOLKA-DZWONEK-ROZOWY-3w1-Rozmiar-kola-14 360w,https:\/\/a.allegroimg.com\/original\/118d58\/f100d821481eb9941ea51986e2b1\/MINIBY-QPLAY-ROWEREK-DZIECIECY-BIEGOWY-BOCZNE-KOLKA-DZWONEK-ROZOWY-3w1-Rozmiar-kola-14 720w,https:\/\/a.allegroimg.com\/original\/118d58\/f100d821481eb9941ea51986e2b1\/MINIBY-QPLAY-ROWEREK-DZIECIECY-BIEGOWY-BOCZNE-KOLKA-DZWONEK-ROZOWY-3w1-Rozmiar-kola-14 1024w,https:\/\/a.allegroimg.com\/original\/118d58\/f100d821481eb9941ea51986e2b1\/MINIBY-QPLAY-ROWEREK-DZIECIECY-BIEGOWY-BOCZNE-KOLKA-DZWONEK-ROZOWY-3w1-Rozmiar-kola-14 1296w,https:\/\/a.allegroimg.com\/original\/118d58\/f100d821481eb9941ea51986e2b1\/MINIBY-QPLAY-ROWEREK-DZIECIECY-BIEGOWY-BOCZNE-KOLKA-DZWONEK-ROZOWY-3w1-Rozmiar-kola-14 1296w\" sizes=\"(min-width: 1200px) 560px, (min-width: 992px) 50vw, 100vw\" width=\"1296px\" alt=\"MINIBY QPLAY ROWEREK DZIECI\u0118CY BIEGOWY BOCZNE K\u00d3\u0141KA DZWONEK R\u00d3\u017bOWY 3w1 Rozmiar ko\u0142a (&quot;) 14\" style=\"max-width: 100%; height: auto; display: block; margin: 0 auto;\"><\/div>\n<\/div>\n<\/div>\n<\/div>\n<\/div>\n<div style=\"clear: both; display: block; margin: 10px 0;\">\n<div style=\"clear: both; display: block; margin: 10px 0;\">\n<h2>\u2705 WYMIARY PRODUKTU:<\/h2>\n<ul style=\"margin: 15px 0; padding-left: 20px; clear: both; display: block; width: 100%; float: none; position: static;\">\n<li style=\"margin: 5px 0; padding: 2px 0; clear: both; display: list-item; float: none; position: static;\">D\u0142ugo\u015b\u0107 ca\u0142kowita: 99 cm<\/li>\n<li style=\"margin: 5px 0; padding: 2px 0; clear: both; display: list-item; float: none; position: static;\">Regulowana wysoko\u015b\u0107 kierownicy: 59 &#8211; 65 cm<\/li>\n<li style=\"margin: 5px 0; padding: 2px 0; clear: both; display: list-item; float: none; position: static;\">Regulowana wysoko\u015b\u0107 siedziska: 41 &#8211; 47 cm<\/li>\n<li style=\"margin: 5px 0; padding: 2px 0; clear: both; display: list-item; float: none; position: static;\">Wysoko\u015b\u0107 do siedziska od pod\u0142ogi: 43 cm<\/li>\n<li style=\"margin: 5px 0; padding: 2px 0; clear: both; display: list-item; float: none; position: static;\">Szeroko\u015b\u0107 ca\u0142kowita rowerka\/kierownicy: 42 cm<\/li>\n<li style=\"margin: 5px 0; padding: 2px 0; clear: both; display: list-item; float: none; position: static;\">Wysoko\u015b\u0107 ca\u0142kowita: 65 cm<\/li>\n<li style=\"margin: 5px 0; padding: 2px 0; clear: both; display: list-item; float: none; position: static;\">Wymiar siode\u0142ka: 13 cm x 20 cm<\/li>\n<li style=\"margin: 5px 0; padding: 2px 0; clear: both; display: list-item; float: none; position: static;\">Maksymalne obci\u0105\u017cenie do 30 kg.<\/li>\n<li style=\"margin: 5px 0; padding: 2px 0; clear: both; display: list-item; float: none; position: static;\">Waga: 8,6 kg<\/li>\n<\/ul>\n<\/div>\n<\/div>\n<\/div>\n<div style=\"clear: both; display: block; margin: 10px 0;\">\n<div style=\"clear: both; display: block; margin: 10px 0;\">\n<div style=\"clear: both; display: block; margin: 10px 0;\">\n<div  style=\"max-width:1296px;max-height:1080px\">\n<div style=\"clear: both; display: block; margin: 10px 0;\">\n<div style=\"clear: both; width: 100%; display: block; margin: 20px 0; padding: 0; float: none; position: static; text-align: center;\"><img decoding=\"async\"  src=\"https:\/\/a.allegroimg.com\/original\/11d205\/a5444860441b8b98fbd72fac9e44\/MINIBY-QPLAY-ROWEREK-DZIECIECY-BIEGOWY-BOCZNE-KOLKA-DZWONEK-ROZOWY-3w1-Material-ramy-stal\" srcset=\"https:\/\/a.allegroimg.com\/original\/11d205\/a5444860441b8b98fbd72fac9e44\/MINIBY-QPLAY-ROWEREK-DZIECIECY-BIEGOWY-BOCZNE-KOLKA-DZWONEK-ROZOWY-3w1-Material-ramy-stal 360w,https:\/\/a.allegroimg.com\/original\/11d205\/a5444860441b8b98fbd72fac9e44\/MINIBY-QPLAY-ROWEREK-DZIECIECY-BIEGOWY-BOCZNE-KOLKA-DZWONEK-ROZOWY-3w1-Material-ramy-stal 720w,https:\/\/a.allegroimg.com\/original\/11d205\/a5444860441b8b98fbd72fac9e44\/MINIBY-QPLAY-ROWEREK-DZIECIECY-BIEGOWY-BOCZNE-KOLKA-DZWONEK-ROZOWY-3w1-Material-ramy-stal 1024w,https:\/\/a.allegroimg.com\/original\/11d205\/a5444860441b8b98fbd72fac9e44\/MINIBY-QPLAY-ROWEREK-DZIECIECY-BIEGOWY-BOCZNE-KOLKA-DZWONEK-ROZOWY-3w1-Material-ramy-stal 1296w,https:\/\/a.allegroimg.com\/original\/11d205\/a5444860441b8b98fbd72fac9e44\/MINIBY-QPLAY-ROWEREK-DZIECIECY-BIEGOWY-BOCZNE-KOLKA-DZWONEK-ROZOWY-3w1-Material-ramy-stal 1296w\" sizes=\"(min-width: 1200px) 560px, (min-width: 992px) 50vw, 100vw\" width=\"1296px\" alt=\"MINIBY QPLAY ROWEREK DZIECI\u0118CY BIEGOWY BOCZNE K\u00d3\u0141KA DZWONEK R\u00d3\u017bOWY 3w1 Materia\u0142 ramy stal\" style=\"max-width: 100%; height: auto; display: block; margin: 0 auto;\"><\/div>\n<\/div>\n<\/div>\n<\/div>\n<\/div>\n<div style=\"clear: both; display: block; margin: 10px 0;\">\n<div style=\"clear: both; display: block; margin: 10px 0;\">\n<div  style=\"max-width:1296px;max-height:1080px\">\n<div style=\"clear: both; display: block; margin: 10px 0;\">\n<div style=\"clear: both; width: 100%; display: block; margin: 20px 0; padding: 0; float: none; position: static; text-align: center;\"><img decoding=\"async\"  src=\"https:\/\/a.allegroimg.com\/original\/112adf\/46776f464576834e8f909ca61548\/MINIBY-QPLAY-ROWEREK-DZIECIECY-BIEGOWY-BOCZNE-KOLKA-DZWONEK-ROZOWY-3w1-Stopien-zlozenia-wstepnie-zlozony-wyregulowany\" srcset=\"https:\/\/a.allegroimg.com\/original\/112adf\/46776f464576834e8f909ca61548\/MINIBY-QPLAY-ROWEREK-DZIECIECY-BIEGOWY-BOCZNE-KOLKA-DZWONEK-ROZOWY-3w1-Stopien-zlozenia-wstepnie-zlozony-wyregulowany 360w,https:\/\/a.allegroimg.com\/original\/112adf\/46776f464576834e8f909ca61548\/MINIBY-QPLAY-ROWEREK-DZIECIECY-BIEGOWY-BOCZNE-KOLKA-DZWONEK-ROZOWY-3w1-Stopien-zlozenia-wstepnie-zlozony-wyregulowany 720w,https:\/\/a.allegroimg.com\/original\/112adf\/46776f464576834e8f909ca61548\/MINIBY-QPLAY-ROWEREK-DZIECIECY-BIEGOWY-BOCZNE-KOLKA-DZWONEK-ROZOWY-3w1-Stopien-zlozenia-wstepnie-zlozony-wyregulowany 1024w,https:\/\/a.allegroimg.com\/original\/112adf\/46776f464576834e8f909ca61548\/MINIBY-QPLAY-ROWEREK-DZIECIECY-BIEGOWY-BOCZNE-KOLKA-DZWONEK-ROZOWY-3w1-Stopien-zlozenia-wstepnie-zlozony-wyregulowany 1296w,https:\/\/a.allegroimg.com\/original\/112adf\/46776f464576834e8f909ca61548\/MINIBY-QPLAY-ROWEREK-DZIECIECY-BIEGOWY-BOCZNE-KOLKA-DZWONEK-ROZOWY-3w1-Stopien-zlozenia-wstepnie-zlozony-wyregulowany 1296w\" sizes=\"(min-width: 1200px) 560px, (min-width: 992px) 50vw, 100vw\" width=\"1296px\" alt=\"MINIBY QPLAY ROWEREK DZIECI\u0118CY BIEGOWY BOCZNE K\u00d3\u0141KA DZWONEK R\u00d3\u017bOWY 3w1 Stopie\u0144 z\u0142o\u017cenia wst\u0119pnie z\u0142o\u017cony, wyregulowany\" style=\"max-width: 100%; height: auto; display: block; margin: 0 auto;\"><\/div>\n<\/div>\n<\/div>\n<\/div>\n<\/div>\n<\/div>\n<div style=\"clear: both; display: block; margin: 10px 0;\">\n<div style=\"clear: both; display: block; margin: 10px 0;\">\n<div style=\"clear: both; display: block; margin: 10px 0;\">\n<div  style=\"max-width:1296px;max-height:1080px\">\n<div style=\"clear: both; display: block; margin: 10px 0;\">\n<div style=\"clear: both; width: 100%; display: block; margin: 20px 0; padding: 0; float: none; position: static; text-align: center;\"><img decoding=\"async\"  src=\"https:\/\/a.allegroimg.com\/original\/110ab5\/eaa8f1754be5aea2aab75ed59f49\/MINIBY-QPLAY-ROWEREK-DZIECIECY-BIEGOWY-BOCZNE-KOLKA-DZWONEK-ROZOWY-3w1-EAN-GTIN-5061047481554\" srcset=\"https:\/\/a.allegroimg.com\/original\/110ab5\/eaa8f1754be5aea2aab75ed59f49\/MINIBY-QPLAY-ROWEREK-DZIECIECY-BIEGOWY-BOCZNE-KOLKA-DZWONEK-ROZOWY-3w1-EAN-GTIN-5061047481554 360w,https:\/\/a.allegroimg.com\/original\/110ab5\/eaa8f1754be5aea2aab75ed59f49\/MINIBY-QPLAY-ROWEREK-DZIECIECY-BIEGOWY-BOCZNE-KOLKA-DZWONEK-ROZOWY-3w1-EAN-GTIN-5061047481554 720w,https:\/\/a.allegroimg.com\/original\/110ab5\/eaa8f1754be5aea2aab75ed59f49\/MINIBY-QPLAY-ROWEREK-DZIECIECY-BIEGOWY-BOCZNE-KOLKA-DZWONEK-ROZOWY-3w1-EAN-GTIN-5061047481554 1024w,https:\/\/a.allegroimg.com\/original\/110ab5\/eaa8f1754be5aea2aab75ed59f49\/MINIBY-QPLAY-ROWEREK-DZIECIECY-BIEGOWY-BOCZNE-KOLKA-DZWONEK-ROZOWY-3w1-EAN-GTIN-5061047481554 1296w,https:\/\/a.allegroimg.com\/original\/110ab5\/eaa8f1754be5aea2aab75ed59f49\/MINIBY-QPLAY-ROWEREK-DZIECIECY-BIEGOWY-BOCZNE-KOLKA-DZWONEK-ROZOWY-3w1-EAN-GTIN-5061047481554 1296w\" sizes=\"100vw\" width=\"1296px\" alt=\"MINIBY QPLAY ROWEREK DZIECI\u0118CY BIEGOWY BOCZNE K\u00d3\u0141KA DZWONEK R\u00d3\u017bOWY 3w1 EAN (GTIN) 5061047481554\" style=\"max-width: 100%; height: auto; display: block; margin: 0 auto;\"><\/div>\n<\/div>\n<\/div>\n<\/div>\n<\/div>\n<\/div>\n<\/div>\n<\/div>\n<\/div>\n<div style=\"clear: both; display: block; margin: 10px 0;\">\n","protected":false},"excerpt":{"rendered":"<p>\u2764\ufe0fRowerek Biegowy Miniby 14 cali Rosa\u2764\ufe0f<\/p>\n<p>Rowerek Dzieci\u0119cy &#8211; Rowerek BiegowyMiniby 14&#039;ma wyj\u0105tkow\u0105 ram\u0119 i regulowane, wy\u015bcie\u0142ane siedzisko, kt\u00f3re dopasowuje si\u0119 do Twojego dziecka. Ergonomiczna konstrukcja, solidna metalowa rama i gumowe uchwyty na kierownic\u0119 zapewniaj\u0105 maluchom pewny chwyt podczas zabawy i dziecko nabierze pewno\u015bci siebie. U\u017cyte w rowerku 14&quot; gumowe pompowane ko\u0142a- zapewni\u0105 stabilno\u015b\u0107 i bezpiecze\u0144stwo na wszystkich nawierzchniach drogowych.<\/p>\n","protected":false},"featured_media":14269,"template":"","meta":{"_uag_custom_page_level_css":""},"product_brand":[701],"product_cat":[688,687,697],"product_tag":[],"class_list":{"0":"post-14268","1":"product","2":"type-product","3":"status-publish","4":"has-post-thumbnail","6":"product_brand-qplay","7":"product_cat-rowery","8":"product_cat-rowery-i-akcesoria","9":"product_cat-skladane","11":"first","12":"instock","13":"sale","14":"shipping-taxable","15":"purchasable","16":"product-type-simple"},"uagb_featured_image_src":{"full":["https:\/\/twojerowery.shop\/ro64\/wp-content\/uploads\/2026\/02\/allegro-image-14268.jpg",1296,1080,false],"thumbnail":["https:\/\/twojerowery.shop\/ro64\/wp-content\/uploads\/2026\/02\/allegro-image-14268-150x150.jpg",150,150,true],"medium":["https:\/\/twojerowery.shop\/ro64\/wp-content\/uploads\/2026\/02\/allegro-image-14268-300x250.jpg",300,250,true],"medium_large":["https:\/\/twojerowery.shop\/ro64\/wp-content\/uploads\/2026\/02\/allegro-image-14268-768x640.jpg",768,640,true],"large":["https:\/\/twojerowery.shop\/ro64\/wp-content\/uploads\/2026\/02\/allegro-image-14268-1024x853.jpg",1024,853,true],"1536x1536":["https:\/\/twojerowery.shop\/ro64\/wp-content\/uploads\/2026\/02\/allegro-image-14268.jpg",1296,1080,false],"2048x2048":["https:\/\/twojerowery.shop\/ro64\/wp-content\/uploads\/2026\/02\/allegro-image-14268.jpg",1296,1080,false],"woocommerce_thumbnail":["https:\/\/twojerowery.shop\/ro64\/wp-content\/uploads\/2026\/02\/allegro-image-14268-300x300.jpg",300,300,true],"woocommerce_single":["https:\/\/twojerowery.shop\/ro64\/wp-content\/uploads\/2026\/02\/allegro-image-14268-600x500.jpg",600,500,true],"woocommerce_gallery_thumbnail":["https:\/\/twojerowery.shop\/ro64\/wp-content\/uploads\/2026\/02\/allegro-image-14268-100x100.jpg",100,100,true]},"uagb_author_info":{"display_name":"admin","author_link":"https:\/\/twojerowery.shop\/ro64\/author\/"},"uagb_comment_info":0,"uagb_excerpt":"\u2764\ufe0fRowerek Biegowy Miniby 14 cali Rosa\u2764\ufe0f Rowerek Dzieci\u0119cy - Rowerek BiegowyMiniby 14&#039;ma wyj\u0105tkow\u0105 ram\u0119 i regulowane, wy\u015bcie\u0142ane siedzisko, kt\u00f3re dopasowuje si\u0119 do Twojego dziecka. Ergonomiczna konstrukcja, solidna metalowa rama i gumowe uchwyty na kierownic\u0119 zapewniaj\u0105 maluchom pewny chwyt podczas zabawy i dziecko nabierze pewno\u015bci siebie. U\u017cyte w rowerku 14&quot; gumowe pompowane ko\u0142a- zapewni\u0105 stabilno\u015b\u0107 i&hellip;","_links":{"self":[{"href":"https:\/\/twojerowery.shop\/ro64\/wp-json\/wp\/v2\/product\/14268","targetHints":{"allow":["GET"]}}],"collection":[{"href":"https:\/\/twojerowery.shop\/ro64\/wp-json\/wp\/v2\/product"}],"about":[{"href":"https:\/\/twojerowery.shop\/ro64\/wp-json\/wp\/v2\/types\/product"}],"wp:featuredmedia":[{"embeddable":true,"href":"https:\/\/twojerowery.shop\/ro64\/wp-json\/wp\/v2\/media\/14269"}],"wp:attachment":[{"href":"https:\/\/twojerowery.shop\/ro64\/wp-json\/wp\/v2\/media?parent=14268"}],"wp:term":[{"taxonomy":"product_brand","embeddable":true,"href":"https:\/\/twojerowery.shop\/ro64\/wp-json\/wp\/v2\/product_brand?post=14268"},{"taxonomy":"product_cat","embeddable":true,"href":"https:\/\/twojerowery.shop\/ro64\/wp-json\/wp\/v2\/product_cat?post=14268"},{"taxonomy":"product_tag","embeddable":true,"href":"https:\/\/twojerowery.shop\/ro64\/wp-json\/wp\/v2\/product_tag?post=14268"}],"curies":[{"name":"wp","href":"https:\/\/api.w.org\/{rel}","templated":true}]}}