{"id":14270,"date":"2026-02-26T04:19:55","date_gmt":"2026-02-26T03:19:55","guid":{"rendered":"https:\/\/rowermax.shop\/ro64\/produkt\/rower-gravel-kross-esker-6-0-rama-21-cali-kolo-28-czarny\/"},"modified":"2026-02-26T04:19:57","modified_gmt":"2026-02-26T03:19:57","slug":"rower-gravel-kross-esker-6-0-rama-21-cali-kolo-28-czarny","status":"publish","type":"product","link":"https:\/\/twojerowery.shop\/ro64\/produkt\/rower-gravel-kross-esker-6-0-rama-21-cali-kolo-28-czarny\/","title":{"rendered":"Rower gravel Kross Esker 6.0 rama 21 cali ko\u0142o 28 &quot; czarny"},"content":{"rendered":"<div style=\"font-family: Arial, sans-serif; line-height: 1.6; color: #333; padding: 20px; clear: both; display: block; width: 100%; float: none; position: static; overflow: hidden;\">\n<div style=\"clear: both; display: block; margin: 10px 0;\">\n<div style=\"clear: both; display: block; margin: 10px 0;\">\n<div style=\"clear: both; display: block; margin: 10px 0;\">\n<h1>KROSS ESKER 6.0 GEN2 Gravel GRX 2X12 RAMA XL 21&#8243; KOLEKCJA 2025!!<\/h1>\n<ul style=\"margin: 15px 0; padding-left: 20px; clear: both; display: block; width: 100%; float: none; position: static;\">\n<li style=\"margin: 5px 0; padding: 2px 0; clear: both; display: list-item; float: none; position: static;\"><b>Kolor ramy: <\/b>czarny- z\u0142oty po\u0142ysk<\/li>\n<li style=\"margin: 5px 0; padding: 2px 0; clear: both; display: list-item; float: none; position: static;\"><b>Rozmiar ramy XL pasuje dla os\u00f3b o wzro\u015bcie od 181-187cm<\/b><\/li>\n<\/ul>\n<h3 style=\"color: #2c5aa0; font-size: 18px; margin: 30px 0 15px 0; font-weight: bold; clear: both; display: block; width: 100%; float: none; position: static;\">Nowa aluminiowa rama GEN2 posiada szeroki pakiet otwor\u00f3w monta\u017cowych do torebek, baga\u017cnika, b\u0142otnik\u00f3w, koszyk\u00f3w na bidony. Pojawi\u0142o si\u0119 tak\u017ce dedykowane miejsce na monta\u017c podp\u00f3rki. KROSS Esker 6.0 zosta\u0142 wyposa\u017cony w osprz\u0119t Shimano, kt\u00f3ry doskonale sprawdzi si\u0119 zar\u00f3wno na asfalcie, jak i w terenie. Zastosowany sprawdzony nap\u0119d w systemie 2&#215;12, umo\u017cliwi komfortow\u0105 jazd\u0119 w ka\u017cdych warunkach.<\/h3>\n<\/div>\n<\/div>\n<\/div>\n<div style=\"clear: both; display: block; margin: 10px 0;\">\n<div style=\"clear: both; display: block; margin: 10px 0;\">\n<div style=\"clear: both; display: block; margin: 10px 0;\">\n<h3 style=\"color: #2c5aa0; font-size: 18px; margin: 30px 0 15px 0; font-weight: bold; clear: both; display: block; width: 100%; float: none; position: static;\">SPECYFIKACJA<\/h3>\n<h3 style=\"color: #2c5aa0; font-size: 18px; margin: 30px 0 15px 0; font-weight: bold; clear: both; display: block; width: 100%; float: none; position: static;\">Rama i widelec<\/h3>\n<ul style=\"margin: 15px 0; padding-left: 20px; clear: both; display: block; width: 100%; float: none; position: static;\">\n<li style=\"margin: 5px 0; padding: 2px 0; clear: both; display: list-item; float: none; position: static;\"><b>Wyko\u0144czenie lakieru:<\/b>&nbsp;po\u0142ysk<\/li>\n<li style=\"margin: 5px 0; padding: 2px 0; clear: both; display: list-item; float: none; position: static;\"><b>Materia\u0142 ramy:<\/b> ALUMINIUM PERFORMANCE<\/li>\n<li style=\"margin: 5px 0; padding: 2px 0; clear: both; display: list-item; float: none; position: static;\"><b>Widelec:<\/b> CARBON<\/li>\n<\/ul>\n<\/div>\n<\/div>\n<\/div>\n<div style=\"clear: both; display: block; margin: 10px 0;\">\n<div style=\"clear: both; display: block; margin: 10px 0;\">\n<div style=\"clear: both; display: block; margin: 10px 0;\">\n<h3 style=\"color: #2c5aa0; font-size: 18px; margin: 30px 0 15px 0; font-weight: bold; clear: both; display: block; width: 100%; float: none; position: static;\">Nap\u0119d<\/h3>\n<ul style=\"margin: 15px 0; padding-left: 20px; clear: both; display: block; width: 100%; float: none; position: static;\">\n<li style=\"margin: 5px 0; padding: 2px 0; clear: both; display: list-item; float: none; position: static;\"><b>Przerzutka ty\u0142: <\/b>SHIMANO GRX RX820<\/li>\n<li style=\"margin: 5px 0; padding: 2px 0; clear: both; display: list-item; float: none; position: static;\"><b>Przerzutka prz\u00f3d: <\/b>SHIMANO GRX RX820<\/li>\n<li style=\"margin: 5px 0; padding: 2px 0; clear: both; display: list-item; float: none; position: static;\"><b>Manetki:<\/b> SHIMANO GRX RX610<\/li>\n<li style=\"margin: 5px 0; padding: 2px 0; clear: both; display: list-item; float: none; position: static;\"><b>Korba:<\/b> SHIMANO GRX RX610<\/li>\n<li style=\"margin: 5px 0; padding: 2px 0; clear: both; display: list-item; float: none; position: static;\"><b>Koronki:<\/b> 46-30T\/170MM<\/li>\n<li style=\"margin: 5px 0; padding: 2px 0; clear: both; display: list-item; float: none; position: static;\"><b>Kaseta\/wolnobieg: <\/b>SHIMANO 105 R7101<\/li>\n<li style=\"margin: 5px 0; padding: 2px 0; clear: both; display: list-item; float: none; position: static;\"><b>Zakres kasety\/wolnobiegu:<\/b> 11-34T<\/li>\n<li style=\"margin: 5px 0; padding: 2px 0; clear: both; display: list-item; float: none; position: static;\"><b>Ilo\u015b\u0107 prze\u0142o\u017ce\u0144:<\/b> 24<\/li>\n<li style=\"margin: 5px 0; padding: 2px 0; clear: both; display: list-item; float: none; position: static;\"><b>Suport:<\/b> SHIMANO 105 RS501<\/li>\n<li style=\"margin: 5px 0; padding: 2px 0; clear: both; display: list-item; float: none; position: static;\"><b>\u0141a\u0144cuch: <\/b>SHIMANO M6100<\/li>\n<\/ul>\n<\/div>\n<\/div>\n<div style=\"clear: both; display: block; margin: 10px 0;\">\n<div style=\"clear: both; display: block; margin: 10px 0;\">\n<div  style=\"max-width:960px;max-height:714px\">\n<div style=\"clear: both; display: block; margin: 10px 0;\">\n<div style=\"clear: both; width: 100%; display: block; margin: 20px 0; padding: 0; float: none; position: static; text-align: center;\"><img decoding=\"async\"  src=\"https:\/\/a.allegroimg.com\/original\/11439d\/73ff03ab4d3e8490a26ee8885807\/Rower-gravel-Kross-Esker-6-0-rama-21-cali-kolo-28-czarny-Kod-producenta-KREK6Z28X21U008521\" srcset=\"https:\/\/a.allegroimg.com\/original\/11439d\/73ff03ab4d3e8490a26ee8885807\/Rower-gravel-Kross-Esker-6-0-rama-21-cali-kolo-28-czarny-Kod-producenta-KREK6Z28X21U008521 360w,https:\/\/a.allegroimg.com\/original\/11439d\/73ff03ab4d3e8490a26ee8885807\/Rower-gravel-Kross-Esker-6-0-rama-21-cali-kolo-28-czarny-Kod-producenta-KREK6Z28X21U008521 720w,https:\/\/a.allegroimg.com\/original\/11439d\/73ff03ab4d3e8490a26ee8885807\/Rower-gravel-Kross-Esker-6-0-rama-21-cali-kolo-28-czarny-Kod-producenta-KREK6Z28X21U008521 960w,https:\/\/a.allegroimg.com\/original\/11439d\/73ff03ab4d3e8490a26ee8885807\/Rower-gravel-Kross-Esker-6-0-rama-21-cali-kolo-28-czarny-Kod-producenta-KREK6Z28X21U008521 960w\" sizes=\"(min-width: 1200px) 560px, (min-width: 992px) 50vw, 100vw\" width=\"960px\" alt=\"Rower gravel Kross Esker 6.0 rama 21 cali ko\u0142o 28 &amp;quot; czarny Kod producenta KREK6Z28X21U008521\" style=\"max-width: 100%; height: auto; display: block; margin: 0 auto;\"><\/div>\n<\/div>\n<\/div>\n<\/div>\n<\/div>\n<\/div>\n<div style=\"clear: both; display: block; margin: 10px 0;\">\n<div style=\"clear: both; display: block; margin: 10px 0;\">\n<div style=\"clear: both; display: block; margin: 10px 0;\">\n<div  style=\"max-width:906px;max-height:712px\">\n<div style=\"clear: both; display: block; margin: 10px 0;\">\n<div style=\"clear: both; width: 100%; display: block; margin: 20px 0; padding: 0; float: none; position: static; text-align: center;\"><img decoding=\"async\"  src=\"https:\/\/a.allegroimg.com\/original\/11eaf9\/5942c6234303b1d20fb5a639f2c3\/Rower-gravel-Kross-Esker-6-0-rama-21-cali-kolo-28-czarny-Marka-Kross\" srcset=\"https:\/\/a.allegroimg.com\/original\/11eaf9\/5942c6234303b1d20fb5a639f2c3\/Rower-gravel-Kross-Esker-6-0-rama-21-cali-kolo-28-czarny-Marka-Kross 360w,https:\/\/a.allegroimg.com\/original\/11eaf9\/5942c6234303b1d20fb5a639f2c3\/Rower-gravel-Kross-Esker-6-0-rama-21-cali-kolo-28-czarny-Marka-Kross 720w,https:\/\/a.allegroimg.com\/original\/11eaf9\/5942c6234303b1d20fb5a639f2c3\/Rower-gravel-Kross-Esker-6-0-rama-21-cali-kolo-28-czarny-Marka-Kross 906w,https:\/\/a.allegroimg.com\/original\/11eaf9\/5942c6234303b1d20fb5a639f2c3\/Rower-gravel-Kross-Esker-6-0-rama-21-cali-kolo-28-czarny-Marka-Kross 906w\" sizes=\"(min-width: 1200px) 560px, (min-width: 992px) 50vw, 100vw\" width=\"906px\" alt=\"Rower gravel Kross Esker 6.0 rama 21 cali ko\u0142o 28 &amp;quot; czarny Marka Kross\" style=\"max-width: 100%; height: auto; display: block; margin: 0 auto;\"><\/div>\n<\/div>\n<\/div>\n<\/div>\n<\/div>\n<div style=\"clear: both; display: block; margin: 10px 0;\">\n<div style=\"clear: both; display: block; margin: 10px 0;\">\n<h3 style=\"color: #2c5aa0; font-size: 18px; margin: 30px 0 15px 0; font-weight: bold; clear: both; display: block; width: 100%; float: none; position: static;\">Ko\u0142a<\/h3>\n<ul style=\"margin: 15px 0; padding-left: 20px; clear: both; display: block; width: 100%; float: none; position: static;\">\n<li style=\"margin: 5px 0; padding: 2px 0; clear: both; display: list-item; float: none; position: static;\"><b>Piasta prz\u00f3d: <\/b>SHIMANO RS470<\/li>\n<li style=\"margin: 5px 0; padding: 2px 0; clear: both; display: list-item; float: none; position: static;\"><b>Piasta ty\u0142: <\/b>SHIMANO TC500<\/li>\n<li style=\"margin: 5px 0; padding: 2px 0; clear: both; display: list-item; float: none; position: static;\"><b>Obr\u0119cze: <\/b>DT SWISS G 540<\/li>\n<li style=\"margin: 5px 0; padding: 2px 0; clear: both; display: list-item; float: none; position: static;\"><b>Opony: <\/b>WTB RIDDLER COMP 700X45C<\/li>\n<\/ul>\n<\/div>\n<\/div>\n<\/div>\n<div style=\"clear: both; display: block; margin: 10px 0;\">\n<div style=\"clear: both; display: block; margin: 10px 0;\">\n<div style=\"clear: both; display: block; margin: 10px 0;\">\n<h3 style=\"color: #2c5aa0; font-size: 18px; margin: 30px 0 15px 0; font-weight: bold; clear: both; display: block; width: 100%; float: none; position: static;\">Hamulce<\/h3>\n<ul style=\"margin: 15px 0; padding-left: 20px; clear: both; display: block; width: 100%; float: none; position: static;\">\n<li style=\"margin: 5px 0; padding: 2px 0; clear: both; display: list-item; float: none; position: static;\"><b>Hamulec prz\u00f3d: <\/b>SHIMANO GRX RX410<\/li>\n<li style=\"margin: 5px 0; padding: 2px 0; clear: both; display: list-item; float: none; position: static;\"><b>Hamulec ty\u0142: <\/b>SHIMANO GRX RX410<\/li>\n<li style=\"margin: 5px 0; padding: 2px 0; clear: both; display: list-item; float: none; position: static;\"><b>D\u017awignie hamulca: <\/b>SHIMANO GRX RX610<\/li>\n<li style=\"margin: 5px 0; padding: 2px 0; clear: both; display: list-item; float: none; position: static;\"><b>Tarcze hamulcowe:<\/b> SHIMANO RT30 160<\/li>\n<\/ul>\n<\/div>\n<\/div>\n<div style=\"clear: both; display: block; margin: 10px 0;\">\n<div style=\"clear: both; display: block; margin: 10px 0;\">\n<div  style=\"max-width:1098px;max-height:690px\">\n<div style=\"clear: both; display: block; margin: 10px 0;\">\n<div style=\"clear: both; width: 100%; display: block; margin: 20px 0; padding: 0; float: none; position: static; text-align: center;\"><img decoding=\"async\"  src=\"https:\/\/a.allegroimg.com\/original\/11cf07\/c9adce2d44f4a991c15248d812c5\/Rower-gravel-Kross-Esker-6-0-rama-21-cali-kolo-28-czarny-Model-Esker-6-0\" srcset=\"https:\/\/a.allegroimg.com\/original\/11cf07\/c9adce2d44f4a991c15248d812c5\/Rower-gravel-Kross-Esker-6-0-rama-21-cali-kolo-28-czarny-Model-Esker-6-0 360w,https:\/\/a.allegroimg.com\/original\/11cf07\/c9adce2d44f4a991c15248d812c5\/Rower-gravel-Kross-Esker-6-0-rama-21-cali-kolo-28-czarny-Model-Esker-6-0 720w,https:\/\/a.allegroimg.com\/original\/11cf07\/c9adce2d44f4a991c15248d812c5\/Rower-gravel-Kross-Esker-6-0-rama-21-cali-kolo-28-czarny-Model-Esker-6-0 1024w,https:\/\/a.allegroimg.com\/original\/11cf07\/c9adce2d44f4a991c15248d812c5\/Rower-gravel-Kross-Esker-6-0-rama-21-cali-kolo-28-czarny-Model-Esker-6-0 1098w,https:\/\/a.allegroimg.com\/original\/11cf07\/c9adce2d44f4a991c15248d812c5\/Rower-gravel-Kross-Esker-6-0-rama-21-cali-kolo-28-czarny-Model-Esker-6-0 1098w\" sizes=\"(min-width: 1200px) 560px, (min-width: 992px) 50vw, 100vw\" width=\"1098px\" alt=\"Rower gravel Kross Esker 6.0 rama 21 cali ko\u0142o 28 &amp;quot; czarny Model Esker 6.0\" style=\"max-width: 100%; height: auto; display: block; margin: 0 auto;\"><\/div>\n<\/div>\n<\/div>\n<\/div>\n<\/div>\n<\/div>\n<div style=\"clear: both; display: block; margin: 10px 0;\">\n<div style=\"clear: both; display: block; margin: 10px 0;\">\n<div style=\"clear: both; display: block; margin: 10px 0;\">\n<div  style=\"max-width:1103px;max-height:658px\">\n<div style=\"clear: both; display: block; margin: 10px 0;\">\n<div style=\"clear: both; width: 100%; display: block; margin: 20px 0; padding: 0; float: none; position: static; text-align: center;\"><img decoding=\"async\"  src=\"https:\/\/a.allegroimg.com\/original\/113ec2\/3e3064374f88aee8583a5599f444\/Rower-gravel-Kross-Esker-6-0-rama-21-cali-kolo-28-czarny-Rozmiar-ramy-21-cali\" srcset=\"https:\/\/a.allegroimg.com\/original\/113ec2\/3e3064374f88aee8583a5599f444\/Rower-gravel-Kross-Esker-6-0-rama-21-cali-kolo-28-czarny-Rozmiar-ramy-21-cali 360w,https:\/\/a.allegroimg.com\/original\/113ec2\/3e3064374f88aee8583a5599f444\/Rower-gravel-Kross-Esker-6-0-rama-21-cali-kolo-28-czarny-Rozmiar-ramy-21-cali 720w,https:\/\/a.allegroimg.com\/original\/113ec2\/3e3064374f88aee8583a5599f444\/Rower-gravel-Kross-Esker-6-0-rama-21-cali-kolo-28-czarny-Rozmiar-ramy-21-cali 1024w,https:\/\/a.allegroimg.com\/original\/113ec2\/3e3064374f88aee8583a5599f444\/Rower-gravel-Kross-Esker-6-0-rama-21-cali-kolo-28-czarny-Rozmiar-ramy-21-cali 1103w,https:\/\/a.allegroimg.com\/original\/113ec2\/3e3064374f88aee8583a5599f444\/Rower-gravel-Kross-Esker-6-0-rama-21-cali-kolo-28-czarny-Rozmiar-ramy-21-cali 1103w\" sizes=\"(min-width: 1200px) 560px, (min-width: 992px) 50vw, 100vw\" width=\"1103px\" alt=\"Rower gravel Kross Esker 6.0 rama 21 cali ko\u0142o 28 &amp;quot; czarny Rozmiar ramy 21 cali\" style=\"max-width: 100%; height: auto; display: block; margin: 0 auto;\"><\/div>\n<\/div>\n<\/div>\n<\/div>\n<\/div>\n<div style=\"clear: both; display: block; margin: 10px 0;\">\n<div style=\"clear: both; display: block; margin: 10px 0;\">\n<h3 style=\"color: #2c5aa0; font-size: 18px; margin: 30px 0 15px 0; font-weight: bold; clear: both; display: block; width: 100%; float: none; position: static;\">Komponenty<\/h3>\n<ul style=\"margin: 15px 0; padding-left: 20px; clear: both; display: block; width: 100%; float: none; position: static;\">\n<li style=\"margin: 5px 0; padding: 2px 0; clear: both; display: list-item; float: none; position: static;\"><b>Kierownica: <\/b>ALUMINIUM 420 MM 31.8<\/li>\n<li style=\"margin: 5px 0; padding: 2px 0; clear: both; display: list-item; float: none; position: static;\"><b>Wspornik kierownicy:<\/b> ALUMINIUM 70MM\/31,8 12\u00b0<\/li>\n<li style=\"margin: 5px 0; padding: 2px 0; clear: both; display: list-item; float: none; position: static;\"><b>Siod\u0142o:<\/b> SELLE ROYAL COMFORT GROOVE<\/li>\n<li style=\"margin: 5px 0; padding: 2px 0; clear: both; display: list-item; float: none; position: static;\"><b>Wspornik siod\u0142a:<\/b> ALUMINIUM 27,2X350MM<\/li>\n<li style=\"margin: 5px 0; padding: 2px 0; clear: both; display: list-item; float: none; position: static;\"><b>Stery:<\/b> FSA 1-1\/8&#8243;-1.5&#8243; SRS<\/li>\n<li style=\"margin: 5px 0; padding: 2px 0; clear: both; display: list-item; float: none; position: static;\"><b>Peda\u0142y:<\/b>&nbsp;BRAK<\/li>\n<\/ul>\n<\/div>\n<\/div>\n<\/div>\n<div style=\"clear: both; display: block; margin: 10px 0;\">\n<div style=\"clear: both; display: block; margin: 10px 0;\">\n<div style=\"clear: both; display: block; margin: 10px 0;\">\n<div  style=\"max-width:834px;max-height:700px\">\n<div style=\"clear: both; display: block; margin: 10px 0;\">\n<div style=\"clear: both; width: 100%; display: block; margin: 20px 0; padding: 0; float: none; position: static; text-align: center;\"><img decoding=\"async\"  src=\"https:\/\/a.allegroimg.com\/original\/110506\/695456624278a17fab5014f2ca12\/Rower-gravel-Kross-Esker-6-0-rama-21-cali-kolo-28-czarny-Rozmiar-kola-28\" srcset=\"https:\/\/a.allegroimg.com\/original\/110506\/695456624278a17fab5014f2ca12\/Rower-gravel-Kross-Esker-6-0-rama-21-cali-kolo-28-czarny-Rozmiar-kola-28 360w,https:\/\/a.allegroimg.com\/original\/110506\/695456624278a17fab5014f2ca12\/Rower-gravel-Kross-Esker-6-0-rama-21-cali-kolo-28-czarny-Rozmiar-kola-28 720w,https:\/\/a.allegroimg.com\/original\/110506\/695456624278a17fab5014f2ca12\/Rower-gravel-Kross-Esker-6-0-rama-21-cali-kolo-28-czarny-Rozmiar-kola-28 834w,https:\/\/a.allegroimg.com\/original\/110506\/695456624278a17fab5014f2ca12\/Rower-gravel-Kross-Esker-6-0-rama-21-cali-kolo-28-czarny-Rozmiar-kola-28 834w\" sizes=\"(min-width: 1200px) 560px, (min-width: 992px) 50vw, 100vw\" width=\"834px\" alt=\"Rower gravel Kross Esker 6.0 rama 21 cali ko\u0142o 28 &amp;quot; czarny Rozmiar ko\u0142a (&quot;) 28\" style=\"max-width: 100%; height: auto; display: block; margin: 0 auto;\"><\/div>\n<\/div>\n<\/div>\n<\/div>\n<\/div>\n<div style=\"clear: both; display: block; margin: 10px 0;\">\n<div style=\"clear: both; display: block; margin: 10px 0;\">\n<h1>WA\u017bNA INFORMACJA<\/h1>\n<ul style=\"margin: 15px 0; padding-left: 20px; clear: both; display: block; width: 100%; float: none; position: static;\">\n<li style=\"margin: 5px 0; padding: 2px 0; clear: both; display: list-item; float: none; position: static;\">Rower jest w 85% gotowy do u\u017cytku.<\/li>\n<\/ul>\n<\/div>\n<\/div>\n<\/div>\n<\/div>\n<\/div>\n<\/div>\n<div style=\"clear: both; display: block; margin: 10px 0;\">\n","protected":false},"excerpt":{"rendered":"<p>KROSS ESKER 6.0 GEN2 Gravel GRX 2X12 RAMA XL 21&quot; KOLEKCJA 2025!!<\/p>\n<p>Kolor ramy: czarny- z\u0142oty po\u0142ysk<\/p>\n<p>Rozmiar ramy XL pasuje dla os\u00f3b o wzro\u015bcie od 181-187cm<\/p>\n<p>Nowa aluminiowa rama GEN2 posiada szeroki pakiet otwor\u00f3w monta\u017cowych do torebek, baga\u017cnika, b\u0142otnik\u00f3w, koszyk\u00f3w na bidony. Pojawi\u0142o si\u0119 tak\u017ce dedykowane miejsce na monta\u017c podp\u00f3rki. KROSS Esker 6.0 zosta\u0142 wyposa\u017cony w osprz\u0119t Shimano, kt\u00f3ry doskonale sprawdzi si\u0119 zar\u00f3wno na asfalcie, jak i w terenie. Zastosowany sprawdzony nap\u0119d w systemie 2&#215;12, umo\u017cliwi komfortow\u0105 jazd\u0119 w ka\u017cdych warunkach.<\/p>\n<p>SPECYFIKACJA<\/p>\n<p>Rama i widelec<\/p>\n","protected":false},"featured_media":14271,"template":"","meta":{"_uag_custom_page_level_css":""},"product_brand":[692],"product_cat":[702,688,687],"product_tag":[],"class_list":{"0":"post-14270","1":"product","2":"type-product","3":"status-publish","4":"has-post-thumbnail","6":"product_brand-kross","7":"product_cat-przelajowe-gravel","8":"product_cat-rowery","9":"product_cat-rowery-i-akcesoria","11":"first","12":"instock","13":"sale","14":"shipping-taxable","15":"purchasable","16":"product-type-simple"},"uagb_featured_image_src":{"full":["https:\/\/twojerowery.shop\/ro64\/wp-content\/uploads\/2026\/02\/allegro-image-14270.jpg",2500,1875,false],"thumbnail":["https:\/\/twojerowery.shop\/ro64\/wp-content\/uploads\/2026\/02\/allegro-image-14270-150x150.jpg",150,150,true],"medium":["https:\/\/twojerowery.shop\/ro64\/wp-content\/uploads\/2026\/02\/allegro-image-14270-300x225.jpg",300,225,true],"medium_large":["https:\/\/twojerowery.shop\/ro64\/wp-content\/uploads\/2026\/02\/allegro-image-14270-768x576.jpg",768,576,true],"large":["https:\/\/twojerowery.shop\/ro64\/wp-content\/uploads\/2026\/02\/allegro-image-14270-1024x768.jpg",1024,768,true],"1536x1536":["https:\/\/twojerowery.shop\/ro64\/wp-content\/uploads\/2026\/02\/allegro-image-14270-1536x1152.jpg",1536,1152,true],"2048x2048":["https:\/\/twojerowery.shop\/ro64\/wp-content\/uploads\/2026\/02\/allegro-image-14270-2048x1536.jpg",2048,1536,true],"woocommerce_thumbnail":["https:\/\/twojerowery.shop\/ro64\/wp-content\/uploads\/2026\/02\/allegro-image-14270-300x300.jpg",300,300,true],"woocommerce_single":["https:\/\/twojerowery.shop\/ro64\/wp-content\/uploads\/2026\/02\/allegro-image-14270-600x450.jpg",600,450,true],"woocommerce_gallery_thumbnail":["https:\/\/twojerowery.shop\/ro64\/wp-content\/uploads\/2026\/02\/allegro-image-14270-100x100.jpg",100,100,true]},"uagb_author_info":{"display_name":"admin","author_link":"https:\/\/twojerowery.shop\/ro64\/author\/"},"uagb_comment_info":0,"uagb_excerpt":"KROSS ESKER 6.0 GEN2 Gravel GRX 2X12 RAMA XL 21&quot; KOLEKCJA 2025!! Kolor ramy: czarny- z\u0142oty po\u0142ysk Rozmiar ramy XL pasuje dla os\u00f3b o wzro\u015bcie od 181-187cm Nowa aluminiowa rama GEN2 posiada szeroki pakiet otwor\u00f3w monta\u017cowych do torebek, baga\u017cnika, b\u0142otnik\u00f3w, koszyk\u00f3w na bidony. Pojawi\u0142o si\u0119 tak\u017ce dedykowane miejsce na monta\u017c podp\u00f3rki. KROSS Esker 6.0 zosta\u0142&hellip;","_links":{"self":[{"href":"https:\/\/twojerowery.shop\/ro64\/wp-json\/wp\/v2\/product\/14270","targetHints":{"allow":["GET"]}}],"collection":[{"href":"https:\/\/twojerowery.shop\/ro64\/wp-json\/wp\/v2\/product"}],"about":[{"href":"https:\/\/twojerowery.shop\/ro64\/wp-json\/wp\/v2\/types\/product"}],"wp:featuredmedia":[{"embeddable":true,"href":"https:\/\/twojerowery.shop\/ro64\/wp-json\/wp\/v2\/media\/14271"}],"wp:attachment":[{"href":"https:\/\/twojerowery.shop\/ro64\/wp-json\/wp\/v2\/media?parent=14270"}],"wp:term":[{"taxonomy":"product_brand","embeddable":true,"href":"https:\/\/twojerowery.shop\/ro64\/wp-json\/wp\/v2\/product_brand?post=14270"},{"taxonomy":"product_cat","embeddable":true,"href":"https:\/\/twojerowery.shop\/ro64\/wp-json\/wp\/v2\/product_cat?post=14270"},{"taxonomy":"product_tag","embeddable":true,"href":"https:\/\/twojerowery.shop\/ro64\/wp-json\/wp\/v2\/product_tag?post=14270"}],"curies":[{"name":"wp","href":"https:\/\/api.w.org\/{rel}","templated":true}]}}