{"id":14278,"date":"2026-02-26T04:20:02","date_gmt":"2026-02-26T03:20:02","guid":{"rendered":"https:\/\/rowermax.shop\/ro64\/produkt\/romet-boreas-2-grx-gravel-rama-54cm-zielony-aspre-2\/"},"modified":"2026-02-26T04:20:04","modified_gmt":"2026-02-26T03:20:04","slug":"romet-boreas-2-grx-gravel-rama-54cm-zielony-aspre-2","status":"publish","type":"product","link":"https:\/\/twojerowery.shop\/ro64\/produkt\/romet-boreas-2-grx-gravel-rama-54cm-zielony-aspre-2\/","title":{"rendered":"Romet Boreas 2 GRX gravel rama 54cm zielony ASPRE 2"},"content":{"rendered":"<div style=\"font-family: Arial, sans-serif; line-height: 1.6; color: #333; padding: 20px; clear: both; display: block; width: 100%; float: none; position: static; overflow: hidden;\">\n<div style=\"clear: both; display: block; margin: 10px 0;\">\n<div style=\"clear: both; display: block; margin: 10px 0;\">\n<div style=\"clear: both; display: block; margin: 10px 0;\">\n<p style=\"margin: 15px 0; line-height: 1.8; clear: both; display: block; width: 100%; float: none; position: static;\">Jeste\u015bmy obecni na rynku 30 lat. Posiadamy w swojej ofercie ponad 3000 rower\u00f3w: g\u00f3rskich(MTB), crossowych, szosowych, gravelowych trekkingowych, miejskich, dzieci\u0119cych. Na miejscu posiadamy r\u00f3wnie\u017c ponad 100 modeli rower\u00f3w elektrycznych. Na aukcjach prezentujemy Pa\u0144stwu tylko u\u0142amek tego co aktualnie posiadamy.<\/p>\n<\/div>\n<\/div>\n<\/div>\n<div style=\"clear: both; display: block; margin: 10px 0;\">\n<div style=\"clear: both; display: block; margin: 10px 0;\">\n<div style=\"clear: both; display: block; margin: 10px 0;\">\n<h1>Na tej aukcji chcemy zaprezentowa\u0107 Pa\u0144stwu:<\/h1>\n<\/div>\n<\/div>\n<\/div>\n<div style=\"clear: both; display: block; margin: 10px 0;\">\n<div style=\"clear: both; display: block; margin: 10px 0;\">\n<div style=\"clear: both; display: block; margin: 10px 0;\">\n<h2>rower gravelowy<\/h2>\n<h1>Romet Boreas 2 GRX<\/h1>\n<ul style=\"margin: 15px 0; padding-left: 20px; clear: both; display: block; width: 100%; float: none; position: static;\">\n<li style=\"margin: 5px 0; padding: 2px 0; clear: both; display: list-item; float: none; position: static;\"><b>model: 2023<\/b><\/li>\n<li style=\"margin: 5px 0; padding: 2px 0; clear: both; display: list-item; float: none; position: static;\"><b>kolor: zielono-grafitowy<\/b><\/li>\n<li style=\"margin: 5px 0; padding: 2px 0; clear: both; display: list-item; float: none; position: static;\"><b>rama 54cm<\/b><\/li>\n<li style=\"margin: 5px 0; padding: 2px 0; clear: both; display: list-item; float: none; position: static;\"><b>20 bieg\u00f3w (2&#215;10)<\/b><\/li>\n<li style=\"margin: 5px 0; padding: 2px 0; clear: both; display: list-item; float: none; position: static;\"><b>widelec karbonowy<\/b><\/li>\n<li style=\"margin: 5px 0; padding: 2px 0; clear: both; display: list-item; float: none; position: static;\"><b>pe\u0142ny GRX<\/b><\/li>\n<li style=\"margin: 5px 0; padding: 2px 0; clear: both; display: list-item; float: none; position: static;\"><b>hamulce tarczowe hydrauliczne<\/b><\/li>\n<\/ul>\n<h1>ZOBACZ PRZED ZAKUPEM:<\/h1>\n<h3 style=\"color: #2c5aa0; font-size: 18px; margin: 30px 0 15px 0; font-weight: bold; clear: both; display: block; width: 100%; float: none; position: static;\">youtube.com\/watch?v=BZSMKRA8ZDg<\/h3>\n<\/div>\n<\/div>\n<div style=\"clear: both; display: block; margin: 10px 0;\">\n<div style=\"clear: both; display: block; margin: 10px 0;\">\n<div  style=\"max-width:2560px;max-height:1441px\">\n<div style=\"clear: both; display: block; margin: 10px 0;\">\n<div style=\"clear: both; width: 100%; display: block; margin: 20px 0; padding: 0; float: none; position: static; text-align: center;\"><img decoding=\"async\"  src=\"https:\/\/a.allegroimg.com\/original\/11b87a\/ed59fde643689efd07bcafc2f1a9\/Romet-Boreas-2-GRX-gravel-rama-54cm-zielony-ASPRE-2-Wzrost-uzytkownika-170-182-cm\" srcset=\"https:\/\/a.allegroimg.com\/original\/11b87a\/ed59fde643689efd07bcafc2f1a9\/Romet-Boreas-2-GRX-gravel-rama-54cm-zielony-ASPRE-2-Wzrost-uzytkownika-170-182-cm 360w,https:\/\/a.allegroimg.com\/original\/11b87a\/ed59fde643689efd07bcafc2f1a9\/Romet-Boreas-2-GRX-gravel-rama-54cm-zielony-ASPRE-2-Wzrost-uzytkownika-170-182-cm 720w,https:\/\/a.allegroimg.com\/original\/11b87a\/ed59fde643689efd07bcafc2f1a9\/Romet-Boreas-2-GRX-gravel-rama-54cm-zielony-ASPRE-2-Wzrost-uzytkownika-170-182-cm 1024w,https:\/\/a.allegroimg.com\/original\/11b87a\/ed59fde643689efd07bcafc2f1a9\/Romet-Boreas-2-GRX-gravel-rama-54cm-zielony-ASPRE-2-Wzrost-uzytkownika-170-182-cm 1440w,https:\/\/a.allegroimg.com\/original\/11b87a\/ed59fde643689efd07bcafc2f1a9\/Romet-Boreas-2-GRX-gravel-rama-54cm-zielony-ASPRE-2-Wzrost-uzytkownika-170-182-cm 2560w\" sizes=\"(min-width: 1200px) 560px, (min-width: 992px) 50vw, 100vw\" width=\"2560px\" alt=\"Romet Boreas 2 GRX gravel rama 54cm zielony ASPRE 2 Wzrost u\u017cytkownika 170-182 cm\" style=\"max-width: 100%; height: auto; display: block; margin: 0 auto;\"><\/div>\n<\/div>\n<\/div>\n<\/div>\n<\/div>\n<\/div>\n<div style=\"clear: both; display: block; margin: 10px 0;\">\n<div style=\"clear: both; display: block; margin: 10px 0;\">\n<div style=\"clear: both; display: block; margin: 10px 0;\">\n<div  style=\"max-width:1441px;max-height:2560px\">\n<div style=\"clear: both; display: block; margin: 10px 0;\">\n<div style=\"clear: both; width: 100%; display: block; margin: 20px 0; padding: 0; float: none; position: static; text-align: center;\"><img decoding=\"async\"  src=\"https:\/\/a.allegroimg.com\/original\/11ac19\/b5a0f7d44c2f85c3953b49f082c0\/Romet-Boreas-2-GRX-gravel-rama-54cm-zielony-ASPRE-2-Kolor-zielony\" srcset=\"https:\/\/a.allegroimg.com\/original\/11ac19\/b5a0f7d44c2f85c3953b49f082c0\/Romet-Boreas-2-GRX-gravel-rama-54cm-zielony-ASPRE-2-Kolor-zielony 202w,https:\/\/a.allegroimg.com\/original\/11ac19\/b5a0f7d44c2f85c3953b49f082c0\/Romet-Boreas-2-GRX-gravel-rama-54cm-zielony-ASPRE-2-Kolor-zielony 405w,https:\/\/a.allegroimg.com\/original\/11ac19\/b5a0f7d44c2f85c3953b49f082c0\/Romet-Boreas-2-GRX-gravel-rama-54cm-zielony-ASPRE-2-Kolor-zielony 576w,https:\/\/a.allegroimg.com\/original\/11ac19\/b5a0f7d44c2f85c3953b49f082c0\/Romet-Boreas-2-GRX-gravel-rama-54cm-zielony-ASPRE-2-Kolor-zielony 810w,https:\/\/a.allegroimg.com\/original\/11ac19\/b5a0f7d44c2f85c3953b49f082c0\/Romet-Boreas-2-GRX-gravel-rama-54cm-zielony-ASPRE-2-Kolor-zielony 1441w\" sizes=\"(min-width: 1200px) 560px, (min-width: 992px) 50vw, 100vw\" width=\"1441px\" alt=\"Romet Boreas 2 GRX gravel rama 54cm zielony ASPRE 2 Kolor zielony\" style=\"max-width: 100%; height: auto; display: block; margin: 0 auto;\"><\/div>\n<\/div>\n<\/div>\n<\/div>\n<\/div>\n<div style=\"clear: both; display: block; margin: 10px 0;\">\n<div style=\"clear: both; display: block; margin: 10px 0;\">\n<p style=\"margin: 15px 0; line-height: 1.8; clear: both; display: block; width: 100%; float: none; position: static;\">Dane techniczne:<\/p>\n<p style=\"margin: 15px 0; line-height: 1.8; clear: both; display: block; width: 100%; float: none; position: static;\">Ko\u0142a, rama: 700C \/ alu 6061 X-lite<\/p>\n<p style=\"margin: 15px 0; line-height: 1.8; clear: both; display: block; width: 100%; float: none; position: static;\">Widelec: Carbon<\/p>\n<p style=\"margin: 15px 0; line-height: 1.8; clear: both; display: block; width: 100%; float: none; position: static;\">Manetki prz\u00f3d: Shimano GRX RX-400 \/ 2 speed<\/p>\n<p style=\"margin: 15px 0; line-height: 1.8; clear: both; display: block; width: 100%; float: none; position: static;\">Manetki ty\u0142: Shimano GRX RX-400 \/ 10 speed<\/p>\n<p style=\"margin: 15px 0; line-height: 1.8; clear: both; display: block; width: 100%; float: none; position: static;\">Przerzutka prz\u00f3d: Shimano GRX FD-RX400<\/p>\n<p style=\"margin: 15px 0; line-height: 1.8; clear: both; display: block; width: 100%; float: none; position: static;\">Przerzutka ty\u0142: Shimano GRX RD-RX400<\/p>\n<p style=\"margin: 15px 0; line-height: 1.8; clear: both; display: block; width: 100%; float: none; position: static;\">Mechanizm korbowy: Shimano GRX FC-RX600 \/ 46\/30T<\/p>\n<p style=\"margin: 15px 0; line-height: 1.8; clear: both; display: block; width: 100%; float: none; position: static;\">Hamulec prz\u00f3d: Shimano GRX BR-RX400 hydrauliczny<\/p>\n<p style=\"margin: 15px 0; line-height: 1.8; clear: both; display: block; width: 100%; float: none; position: static;\">Hamulec ty\u0142: Shimano GRX BR-RX400 hydrauliczny<\/p>\n<p style=\"margin: 15px 0; line-height: 1.8; clear: both; display: block; width: 100%; float: none; position: static;\">Tarcza hamulcowa prz\u00f3d: Shimano SM-RT10<\/p>\n<p style=\"margin: 15px 0; line-height: 1.8; clear: both; display: block; width: 100%; float: none; position: static;\">Tarcza hamulcowa ty\u0142: Shimano SM-RT10<\/p>\n<p style=\"margin: 15px 0; line-height: 1.8; clear: both; display: block; width: 100%; float: none; position: static;\">Opony: WTB Riddler \/ 700\u00d737C<\/p>\n<p style=\"margin: 15px 0; line-height: 1.8; clear: both; display: block; width: 100%; float: none; position: static;\">Obr\u0119cze: Ryde DP19<\/p>\n<p style=\"margin: 15px 0; line-height: 1.8; clear: both; display: block; width: 100%; float: none; position: static;\">Piasta prz\u00f3d: Shimano HB-RS470 \/ 12 mm \/ 100 mm<\/p>\n<p style=\"margin: 15px 0; line-height: 1.8; clear: both; display: block; width: 100%; float: none; position: static;\">Piasta ty\u0142: Shimano FH-RS470 \/ 12 mm \/ 142 mm<\/p>\n<p style=\"margin: 15px 0; line-height: 1.8; clear: both; display: block; width: 100%; float: none; position: static;\">Kaseta\/wolnobieg: Shimano CS-HG500 \/ 11-34T \/ 10 speed<\/p>\n<\/div>\n<\/div>\n<\/div>\n<div style=\"clear: both; display: block; margin: 10px 0;\">\n<div style=\"clear: both; display: block; margin: 10px 0;\">\n<div style=\"clear: both; display: block; margin: 10px 0;\">\n<div  style=\"max-width:2560px;max-height:1441px\">\n<div style=\"clear: both; display: block; margin: 10px 0;\">\n<div style=\"clear: both; width: 100%; display: block; margin: 20px 0; padding: 0; float: none; position: static; text-align: center;\"><img decoding=\"async\"  src=\"https:\/\/a.allegroimg.com\/original\/11f5ee\/3872ca514fb2b20c62b7511a148f\/Romet-Boreas-2-GRX-gravel-rama-54cm-zielony-ASPRE-2-Stopien-zlozenia-wstepnie-zlozony-wyregulowany\" srcset=\"https:\/\/a.allegroimg.com\/original\/11f5ee\/3872ca514fb2b20c62b7511a148f\/Romet-Boreas-2-GRX-gravel-rama-54cm-zielony-ASPRE-2-Stopien-zlozenia-wstepnie-zlozony-wyregulowany 360w,https:\/\/a.allegroimg.com\/original\/11f5ee\/3872ca514fb2b20c62b7511a148f\/Romet-Boreas-2-GRX-gravel-rama-54cm-zielony-ASPRE-2-Stopien-zlozenia-wstepnie-zlozony-wyregulowany 720w,https:\/\/a.allegroimg.com\/original\/11f5ee\/3872ca514fb2b20c62b7511a148f\/Romet-Boreas-2-GRX-gravel-rama-54cm-zielony-ASPRE-2-Stopien-zlozenia-wstepnie-zlozony-wyregulowany 1024w,https:\/\/a.allegroimg.com\/original\/11f5ee\/3872ca514fb2b20c62b7511a148f\/Romet-Boreas-2-GRX-gravel-rama-54cm-zielony-ASPRE-2-Stopien-zlozenia-wstepnie-zlozony-wyregulowany 1440w,https:\/\/a.allegroimg.com\/original\/11f5ee\/3872ca514fb2b20c62b7511a148f\/Romet-Boreas-2-GRX-gravel-rama-54cm-zielony-ASPRE-2-Stopien-zlozenia-wstepnie-zlozony-wyregulowany 2560w\" sizes=\"(min-width: 1200px) 560px, (min-width: 992px) 50vw, 100vw\" width=\"2560px\" alt=\"Romet Boreas 2 GRX gravel rama 54cm zielony ASPRE 2 Stopie\u0144 z\u0142o\u017cenia wst\u0119pnie z\u0142o\u017cony, wyregulowany\" style=\"max-width: 100%; height: auto; display: block; margin: 0 auto;\"><\/div>\n<\/div>\n<\/div>\n<\/div>\n<\/div>\n<div style=\"clear: both; display: block; margin: 10px 0;\">\n<div style=\"clear: both; display: block; margin: 10px 0;\">\n<div  style=\"max-width:2560px;max-height:1441px\">\n<div style=\"clear: both; display: block; margin: 10px 0;\">\n<div style=\"clear: both; width: 100%; display: block; margin: 20px 0; padding: 0; float: none; position: static; text-align: center;\"><img decoding=\"async\"  src=\"https:\/\/a.allegroimg.com\/original\/11edc6\/06878bec434f8f5b7ba18163fa9b\/Romet-Boreas-2-GRX-gravel-rama-54cm-zielony-ASPRE-2-Marka-Romet\" srcset=\"https:\/\/a.allegroimg.com\/original\/11edc6\/06878bec434f8f5b7ba18163fa9b\/Romet-Boreas-2-GRX-gravel-rama-54cm-zielony-ASPRE-2-Marka-Romet 360w,https:\/\/a.allegroimg.com\/original\/11edc6\/06878bec434f8f5b7ba18163fa9b\/Romet-Boreas-2-GRX-gravel-rama-54cm-zielony-ASPRE-2-Marka-Romet 720w,https:\/\/a.allegroimg.com\/original\/11edc6\/06878bec434f8f5b7ba18163fa9b\/Romet-Boreas-2-GRX-gravel-rama-54cm-zielony-ASPRE-2-Marka-Romet 1024w,https:\/\/a.allegroimg.com\/original\/11edc6\/06878bec434f8f5b7ba18163fa9b\/Romet-Boreas-2-GRX-gravel-rama-54cm-zielony-ASPRE-2-Marka-Romet 1440w,https:\/\/a.allegroimg.com\/original\/11edc6\/06878bec434f8f5b7ba18163fa9b\/Romet-Boreas-2-GRX-gravel-rama-54cm-zielony-ASPRE-2-Marka-Romet 2560w\" sizes=\"(min-width: 1200px) 560px, (min-width: 992px) 50vw, 100vw\" width=\"2560px\" alt=\"Romet Boreas 2 GRX gravel rama 54cm zielony ASPRE 2 Marka Romet\" style=\"max-width: 100%; height: auto; display: block; margin: 0 auto;\"><\/div>\n<\/div>\n<\/div>\n<\/div>\n<\/div>\n<\/div>\n<div style=\"clear: both; display: block; margin: 10px 0;\">\n<div style=\"clear: both; display: block; margin: 10px 0;\">\n<div style=\"clear: both; display: block; margin: 10px 0;\">\n<div  style=\"max-width:2560px;max-height:1441px\">\n<div style=\"clear: both; display: block; margin: 10px 0;\">\n<div style=\"clear: both; width: 100%; display: block; margin: 20px 0; padding: 0; float: none; position: static; text-align: center;\"><img decoding=\"async\"  src=\"https:\/\/a.allegroimg.com\/original\/11b87a\/ed59fde643689efd07bcafc2f1a9\/Romet-Boreas-2-GRX-gravel-rama-54cm-zielony-ASPRE-2-Wzrost-uzytkownika-170-182-cm\" srcset=\"https:\/\/a.allegroimg.com\/original\/11b87a\/ed59fde643689efd07bcafc2f1a9\/Romet-Boreas-2-GRX-gravel-rama-54cm-zielony-ASPRE-2-Wzrost-uzytkownika-170-182-cm 360w,https:\/\/a.allegroimg.com\/original\/11b87a\/ed59fde643689efd07bcafc2f1a9\/Romet-Boreas-2-GRX-gravel-rama-54cm-zielony-ASPRE-2-Wzrost-uzytkownika-170-182-cm 720w,https:\/\/a.allegroimg.com\/original\/11b87a\/ed59fde643689efd07bcafc2f1a9\/Romet-Boreas-2-GRX-gravel-rama-54cm-zielony-ASPRE-2-Wzrost-uzytkownika-170-182-cm 1024w,https:\/\/a.allegroimg.com\/original\/11b87a\/ed59fde643689efd07bcafc2f1a9\/Romet-Boreas-2-GRX-gravel-rama-54cm-zielony-ASPRE-2-Wzrost-uzytkownika-170-182-cm 1440w,https:\/\/a.allegroimg.com\/original\/11b87a\/ed59fde643689efd07bcafc2f1a9\/Romet-Boreas-2-GRX-gravel-rama-54cm-zielony-ASPRE-2-Wzrost-uzytkownika-170-182-cm 2560w\" sizes=\"100vw\" width=\"2560px\" alt=\"Romet Boreas 2 GRX gravel rama 54cm zielony ASPRE 2 Wzrost u\u017cytkownika 170-182 cm\" style=\"max-width: 100%; height: auto; display: block; margin: 0 auto;\"><\/div>\n<\/div>\n<\/div>\n<\/div>\n<\/div>\n<\/div>\n<div style=\"clear: both; display: block; margin: 10px 0;\">\n<div style=\"clear: both; display: block; margin: 10px 0;\">\n<div style=\"clear: both; display: block; margin: 10px 0;\">\n<h3 style=\"color: #2c5aa0; font-size: 18px; margin: 30px 0 15px 0; font-weight: bold; clear: both; display: block; width: 100%; float: none; position: static;\">Dzi\u0119kujemy za zakupy na Naszej aukcji i \u017cyczymy przyjemnej jazdy!<\/h3>\n<\/div>\n<\/div>\n<\/div>\n<\/div>\n<\/div>\n<\/div>\n<div style=\"clear: both; display: block; margin: 10px 0;\">\n","protected":false},"excerpt":{"rendered":"<p>Jeste\u015bmy obecni na rynku 30 lat. Posiadamy w swojej ofercie ponad 3000 rower\u00f3w: g\u00f3rskich(MTB), crossowych, szosowych, gravelowych trekkingowych, miejskich, dzieci\u0119cych. Na miejscu posiadamy r\u00f3wnie\u017c ponad 100 modeli rower\u00f3w elektrycznych. Na aukcjach prezentujemy Pa\u0144stwu tylko u\u0142amek tego co aktualnie posiadamy.<\/p>\n<p>Na tej aukcji chcemy zaprezentowa\u0107 Pa\u0144stwu:<\/p>\n<p>rower gravelowy<\/p>\n<p>Romet Boreas 2 GRX<\/p>\n<p>model: 2023<\/p>\n<p>kolor: zielono-grafitowy<\/p>\n<p>rama 54cm<\/p>\n<p>20 bieg\u00f3w (2&#215;10)<\/p>\n","protected":false},"featured_media":14279,"template":"","meta":{"_uag_custom_page_level_css":""},"product_brand":[695],"product_cat":[702,688,687],"product_tag":[],"class_list":{"0":"post-14278","1":"product","2":"type-product","3":"status-publish","4":"has-post-thumbnail","6":"product_brand-romet","7":"product_cat-przelajowe-gravel","8":"product_cat-rowery","9":"product_cat-rowery-i-akcesoria","11":"first","12":"instock","13":"sale","14":"shipping-taxable","15":"purchasable","16":"product-type-simple"},"uagb_featured_image_src":{"full":["https:\/\/twojerowery.shop\/ro64\/wp-content\/uploads\/2026\/02\/allegro-image-14278.jpg",2560,1707,false],"thumbnail":["https:\/\/twojerowery.shop\/ro64\/wp-content\/uploads\/2026\/02\/allegro-image-14278-150x150.jpg",150,150,true],"medium":["https:\/\/twojerowery.shop\/ro64\/wp-content\/uploads\/2026\/02\/allegro-image-14278-300x200.jpg",300,200,true],"medium_large":["https:\/\/twojerowery.shop\/ro64\/wp-content\/uploads\/2026\/02\/allegro-image-14278-768x512.jpg",768,512,true],"large":["https:\/\/twojerowery.shop\/ro64\/wp-content\/uploads\/2026\/02\/allegro-image-14278-1024x683.jpg",1024,683,true],"1536x1536":["https:\/\/twojerowery.shop\/ro64\/wp-content\/uploads\/2026\/02\/allegro-image-14278-1536x1024.jpg",1536,1024,true],"2048x2048":["https:\/\/twojerowery.shop\/ro64\/wp-content\/uploads\/2026\/02\/allegro-image-14278-2048x1366.jpg",2048,1366,true],"woocommerce_thumbnail":["https:\/\/twojerowery.shop\/ro64\/wp-content\/uploads\/2026\/02\/allegro-image-14278-300x300.jpg",300,300,true],"woocommerce_single":["https:\/\/twojerowery.shop\/ro64\/wp-content\/uploads\/2026\/02\/allegro-image-14278-600x400.jpg",600,400,true],"woocommerce_gallery_thumbnail":["https:\/\/twojerowery.shop\/ro64\/wp-content\/uploads\/2026\/02\/allegro-image-14278-100x100.jpg",100,100,true]},"uagb_author_info":{"display_name":"admin","author_link":"https:\/\/twojerowery.shop\/ro64\/author\/"},"uagb_comment_info":0,"uagb_excerpt":"Jeste\u015bmy obecni na rynku 30 lat. Posiadamy w swojej ofercie ponad 3000 rower\u00f3w: g\u00f3rskich(MTB), crossowych, szosowych, gravelowych trekkingowych, miejskich, dzieci\u0119cych. Na miejscu posiadamy r\u00f3wnie\u017c ponad 100 modeli rower\u00f3w elektrycznych. Na aukcjach prezentujemy Pa\u0144stwu tylko u\u0142amek tego co aktualnie posiadamy. Na tej aukcji chcemy zaprezentowa\u0107 Pa\u0144stwu: rower gravelowy Romet Boreas 2 GRX model: 2023 kolor: zielono-grafitowy&hellip;","_links":{"self":[{"href":"https:\/\/twojerowery.shop\/ro64\/wp-json\/wp\/v2\/product\/14278","targetHints":{"allow":["GET"]}}],"collection":[{"href":"https:\/\/twojerowery.shop\/ro64\/wp-json\/wp\/v2\/product"}],"about":[{"href":"https:\/\/twojerowery.shop\/ro64\/wp-json\/wp\/v2\/types\/product"}],"wp:featuredmedia":[{"embeddable":true,"href":"https:\/\/twojerowery.shop\/ro64\/wp-json\/wp\/v2\/media\/14279"}],"wp:attachment":[{"href":"https:\/\/twojerowery.shop\/ro64\/wp-json\/wp\/v2\/media?parent=14278"}],"wp:term":[{"taxonomy":"product_brand","embeddable":true,"href":"https:\/\/twojerowery.shop\/ro64\/wp-json\/wp\/v2\/product_brand?post=14278"},{"taxonomy":"product_cat","embeddable":true,"href":"https:\/\/twojerowery.shop\/ro64\/wp-json\/wp\/v2\/product_cat?post=14278"},{"taxonomy":"product_tag","embeddable":true,"href":"https:\/\/twojerowery.shop\/ro64\/wp-json\/wp\/v2\/product_tag?post=14278"}],"curies":[{"name":"wp","href":"https:\/\/api.w.org\/{rel}","templated":true}]}}