{"id":14286,"date":"2026-02-26T04:20:07","date_gmt":"2026-02-26T03:20:07","guid":{"rendered":"https:\/\/rowermax.shop\/ro64\/produkt\/mlodziezowy-rower-gorski-goetze-mtb-24-define-junior-aluminiowy-shimano\/"},"modified":"2026-02-26T04:20:10","modified_gmt":"2026-02-26T03:20:10","slug":"mlodziezowy-rower-gorski-goetze-mtb-24-define-junior-aluminiowy-shimano","status":"publish","type":"product","link":"https:\/\/twojerowery.shop\/ro64\/produkt\/mlodziezowy-rower-gorski-goetze-mtb-24-define-junior-aluminiowy-shimano\/","title":{"rendered":"M\u0142odzie\u017cowy rower g\u00f3rski GOETZE MTB 24 Define Junior Aluminiowy Shimano"},"content":{"rendered":"<div style=\"font-family: Arial, sans-serif; line-height: 1.6; color: #333; padding: 20px; clear: both; display: block; width: 100%; float: none; position: static; overflow: hidden;\">\n<div style=\"clear: both; display: block; margin: 10px 0;\">\n<div style=\"clear: both; display: block; margin: 10px 0;\">\n<div style=\"clear: both; display: block; margin: 10px 0;\">\n<h2>Goetze Define Junior 24&#8243;<\/h2>\n<\/div>\n<\/div>\n<\/div>\n<div style=\"clear: both; display: block; margin: 10px 0;\">\n<div style=\"clear: both; display: block; margin: 10px 0;\">\n<div style=\"clear: both; display: block; margin: 10px 0;\">\n<div  style=\"max-width:2560px;max-height:2233px\">\n<div style=\"clear: both; display: block; margin: 10px 0;\">\n<div style=\"clear: both; width: 100%; display: block; margin: 20px 0; padding: 0; float: none; position: static; text-align: center;\"><img decoding=\"async\"  src=\"https:\/\/a.allegroimg.com\/original\/11df89\/143851084b99893e494a942a7135\/Mlodziezowy-rower-gorski-GOETZE-MTB-24-Define-Junior-Aluminiowy-Shimano\" srcset=\"https:\/\/a.allegroimg.com\/original\/11df89\/143851084b99893e494a942a7135\/Mlodziezowy-rower-gorski-GOETZE-MTB-24-Define-Junior-Aluminiowy-Shimano 360w,https:\/\/a.allegroimg.com\/original\/11df89\/143851084b99893e494a942a7135\/Mlodziezowy-rower-gorski-GOETZE-MTB-24-Define-Junior-Aluminiowy-Shimano 720w,https:\/\/a.allegroimg.com\/original\/11df89\/143851084b99893e494a942a7135\/Mlodziezowy-rower-gorski-GOETZE-MTB-24-Define-Junior-Aluminiowy-Shimano 1024w,https:\/\/a.allegroimg.com\/original\/11df89\/143851084b99893e494a942a7135\/Mlodziezowy-rower-gorski-GOETZE-MTB-24-Define-Junior-Aluminiowy-Shimano 1440w,https:\/\/a.allegroimg.com\/original\/11df89\/143851084b99893e494a942a7135\/Mlodziezowy-rower-gorski-GOETZE-MTB-24-Define-Junior-Aluminiowy-Shimano 2560w\" sizes=\"100vw\" width=\"2560px\" alt=\"M\u0142odzie\u017cowy rower g\u00f3rski GOETZE MTB 24 Define Junior Aluminiowy Shimano\" style=\"max-width: 100%; height: auto; display: block; margin: 0 auto;\"><\/div>\n<\/div>\n<\/div>\n<\/div>\n<\/div>\n<\/div>\n<div style=\"clear: both; display: block; margin: 10px 0;\">\n<div style=\"clear: both; display: block; margin: 10px 0;\">\n<div style=\"clear: both; display: block; margin: 10px 0;\">\n<p style=\"margin: 15px 0; line-height: 1.8; clear: both; display: block; width: 100%; float: none; position: static;\"><b>Goetze Define Junior 24&#8243;<\/b> to idealny rower g\u00f3rski dla m\u0142odych pasjonat\u00f3w jazdy terenowej i rekreacyjnych wycieczek. Zaprojektowany z my\u015bl\u0105 o bezpiecze\u0144stwie, komforcie i wytrzyma\u0142o\u015bci, ten model stanowi doskona\u0142e wprowadzenie do \u015bwiata MTB. <b>Lekka aluminiowa rama<\/b> o ergonomicznej budowie, zapewnia wygodn\u0105 pozycj\u0119 podczas jazdy, a trwa\u0142e komponenty, oraz <b>nap\u0119d Shimano<\/b> zapewni\u0105 \u0142atwo\u015b\u0107 obs\u0142ugi i pozwol\u0105 na czerpanie niczym nie ograniczonej przyjemno\u015bci z jazdy.<\/p>\n<\/div>\n<\/div>\n<\/div>\n<div style=\"clear: both; display: block; margin: 10px 0;\">\n<div style=\"clear: both; display: block; margin: 10px 0;\">\n<div style=\"clear: both; display: block; margin: 10px 0;\">\n<h2>Cechy:<\/h2>\n<h3 style=\"color: #2c5aa0; font-size: 18px; margin: 30px 0 15px 0; font-weight: bold; clear: both; display: block; width: 100%; float: none; position: static;\">Rower na ko\u0142ach 24 przeznaczony dla starszych dzieci, jednak pod wzgl\u0119dem konstrukcyjnym nawi\u0105zuj\u0105cy do rower\u00f3w dla doros\u0142ych.<\/h3>\n<ul style=\"margin: 15px 0; padding-left: 20px; clear: both; display: block; width: 100%; float: none; position: static;\">\n<li style=\"margin: 5px 0; padding: 2px 0; clear: both; display: list-item; float: none; position: static;\"><b>lekka aluminiowa konstrukcja<\/b><\/li>\n<li style=\"margin: 5px 0; padding: 2px 0; clear: both; display: list-item; float: none; position: static;\"><b>kompletny osprz\u0119t Shimano<\/b> (manetka, wolnobieg, przerzutka)<\/li>\n<li style=\"margin: 5px 0; padding: 2px 0; clear: both; display: list-item; float: none; position: static;\"><b>21<\/b> bieg\u00f3w<\/li>\n<li style=\"margin: 5px 0; padding: 2px 0; clear: both; display: list-item; float: none; position: static;\"><b>amortyzator przedni <\/b>(znacznie podno\u015bi komfort jazdy po nier\u00f3wno\u015bciach)<\/li>\n<li style=\"margin: 5px 0; padding: 2px 0; clear: both; display: list-item; float: none; position: static;\"><b>kolorowa stylistyka<\/b><\/li>\n<li style=\"margin: 5px 0; padding: 2px 0; clear: both; display: list-item; float: none; position: static;\"><b>wysoki komfort jazdy<\/b><\/li>\n<li style=\"margin: 5px 0; padding: 2px 0; clear: both; display: list-item; float: none; position: static;\"><b>niezawodno\u015b\u0107 i bezpiecze\u0144stwo<\/b> (trwa\u0142e markowe komponenty w po\u0142\u0105czeniu z \u0142atwo\u015bci\u0105 obs\u0142ugi)<\/li>\n<\/ul>\n<\/div>\n<\/div>\n<\/div>\n<div style=\"clear: both; display: block; margin: 10px 0;\">\n<div style=\"clear: both; display: block; margin: 10px 0;\">\n<div style=\"clear: both; display: block; margin: 10px 0;\">\n<h3 style=\"color: #2c5aa0; font-size: 18px; margin: 30px 0 15px 0; font-weight: bold; clear: both; display: block; width: 100%; float: none; position: static;\">Specyfikacja:<\/h3>\n<ul style=\"margin: 15px 0; padding-left: 20px; clear: both; display: block; width: 100%; float: none; position: static;\">\n<li style=\"margin: 5px 0; padding: 2px 0; clear: both; display: list-item; float: none; position: static;\"><b>Materia\u0142 ramy:<\/b> Aluminium<\/li>\n<li style=\"margin: 5px 0; padding: 2px 0; clear: both; display: list-item; float: none; position: static;\"><b>Widelec: <\/b>Amortyzowany Goetze<\/li>\n<li style=\"margin: 5px 0; padding: 2px 0; clear: both; display: list-item; float: none; position: static;\"><b>Opony:<\/b> 24\u00d72,1<\/li>\n<li style=\"margin: 5px 0; padding: 2px 0; clear: both; display: list-item; float: none; position: static;\"><b>Obr\u0119cze:<\/b> Aluminium 24&#8243; podw\u00f3jna scianka<\/li>\n<li style=\"margin: 5px 0; padding: 2px 0; clear: both; display: list-item; float: none; position: static;\"><b>Przerzutka ty\u0142:<\/b> Shimano Tourney<\/li>\n<li style=\"margin: 5px 0; padding: 2px 0; clear: both; display: list-item; float: none; position: static;\"><b>Hamulce: <\/b>Tarczowe mechaniczne<\/li>\n<li style=\"margin: 5px 0; padding: 2px 0; clear: both; display: list-item; float: none; position: static;\"><b>Biegi:<\/b> 6<\/li>\n<li style=\"margin: 5px 0; padding: 2px 0; clear: both; display: list-item; float: none; position: static;\"><b>Manetki:<\/b> Shimano ST-EF 3&#215;7<\/li>\n<li style=\"margin: 5px 0; padding: 2px 0; clear: both; display: list-item; float: none; position: static;\"><b>Korba: <\/b>Aluminiowa<b> <\/b>3 rzedowa<\/li>\n<li style=\"margin: 5px 0; padding: 2px 0; clear: both; display: list-item; float: none; position: static;\"><b>Suport:<\/b> FP-B902<\/li>\n<li style=\"margin: 5px 0; padding: 2px 0; clear: both; display: list-item; float: none; position: static;\"><b>Kaseta \/ Wolnobieg:<\/b> Shimano<\/li>\n<li style=\"margin: 5px 0; padding: 2px 0; clear: both; display: list-item; float: none; position: static;\"><b>Siod\u0142o:<\/b> MTBLine<\/li>\n<li style=\"margin: 5px 0; padding: 2px 0; clear: both; display: list-item; float: none; position: static;\"><b>kolor:<\/b> zielono-czarny<\/li>\n<\/ul>\n<\/div>\n<\/div>\n<div style=\"clear: both; display: block; margin: 10px 0;\">\n<div style=\"clear: both; display: block; margin: 10px 0;\">\n<div  style=\"max-width:2560px;max-height:2051px\">\n<div style=\"clear: both; display: block; margin: 10px 0;\">\n<div style=\"clear: both; width: 100%; display: block; margin: 20px 0; padding: 0; float: none; position: static; text-align: center;\"><img decoding=\"async\"  src=\"https:\/\/a.allegroimg.com\/original\/11889b\/d041b9434e0f8110ecc8787b61fd\/Mlodziezowy-rower-gorski-GOETZE-MTB-24-Define-Junior-Aluminiowy-Shimano-Kod-producenta-5904172522351\" srcset=\"https:\/\/a.allegroimg.com\/original\/11889b\/d041b9434e0f8110ecc8787b61fd\/Mlodziezowy-rower-gorski-GOETZE-MTB-24-Define-Junior-Aluminiowy-Shimano-Kod-producenta-5904172522351 360w,https:\/\/a.allegroimg.com\/original\/11889b\/d041b9434e0f8110ecc8787b61fd\/Mlodziezowy-rower-gorski-GOETZE-MTB-24-Define-Junior-Aluminiowy-Shimano-Kod-producenta-5904172522351 720w,https:\/\/a.allegroimg.com\/original\/11889b\/d041b9434e0f8110ecc8787b61fd\/Mlodziezowy-rower-gorski-GOETZE-MTB-24-Define-Junior-Aluminiowy-Shimano-Kod-producenta-5904172522351 1024w,https:\/\/a.allegroimg.com\/original\/11889b\/d041b9434e0f8110ecc8787b61fd\/Mlodziezowy-rower-gorski-GOETZE-MTB-24-Define-Junior-Aluminiowy-Shimano-Kod-producenta-5904172522351 1440w,https:\/\/a.allegroimg.com\/original\/11889b\/d041b9434e0f8110ecc8787b61fd\/Mlodziezowy-rower-gorski-GOETZE-MTB-24-Define-Junior-Aluminiowy-Shimano-Kod-producenta-5904172522351 2560w\" sizes=\"(min-width: 1200px) 560px, (min-width: 992px) 50vw, 100vw\" width=\"2560px\" alt=\"M\u0142odzie\u017cowy rower g\u00f3rski GOETZE MTB 24 Define Junior Aluminiowy Shimano Kod producenta 5904172522351\" style=\"max-width: 100%; height: auto; display: block; margin: 0 auto;\"><\/div>\n<\/div>\n<\/div>\n<\/div>\n<\/div>\n<\/div>\n<div style=\"clear: both; display: block; margin: 10px 0;\">\n<div style=\"clear: both; display: block; margin: 10px 0;\">\n<div style=\"clear: both; display: block; margin: 10px 0;\">\n<div  style=\"max-width:2560px;max-height:1665px\">\n<div style=\"clear: both; display: block; margin: 10px 0;\">\n<div style=\"clear: both; width: 100%; display: block; margin: 20px 0; padding: 0; float: none; position: static; text-align: center;\"><img decoding=\"async\"  src=\"https:\/\/a.allegroimg.com\/original\/112374\/4f010ca24b389358c3cbfe1bdbed\/Mlodziezowy-rower-gorski-GOETZE-MTB-24-Define-Junior-Aluminiowy-Shimano-EAN-GTIN-5904172522351\" srcset=\"https:\/\/a.allegroimg.com\/original\/112374\/4f010ca24b389358c3cbfe1bdbed\/Mlodziezowy-rower-gorski-GOETZE-MTB-24-Define-Junior-Aluminiowy-Shimano-EAN-GTIN-5904172522351 360w,https:\/\/a.allegroimg.com\/original\/112374\/4f010ca24b389358c3cbfe1bdbed\/Mlodziezowy-rower-gorski-GOETZE-MTB-24-Define-Junior-Aluminiowy-Shimano-EAN-GTIN-5904172522351 720w,https:\/\/a.allegroimg.com\/original\/112374\/4f010ca24b389358c3cbfe1bdbed\/Mlodziezowy-rower-gorski-GOETZE-MTB-24-Define-Junior-Aluminiowy-Shimano-EAN-GTIN-5904172522351 1024w,https:\/\/a.allegroimg.com\/original\/112374\/4f010ca24b389358c3cbfe1bdbed\/Mlodziezowy-rower-gorski-GOETZE-MTB-24-Define-Junior-Aluminiowy-Shimano-EAN-GTIN-5904172522351 1440w,https:\/\/a.allegroimg.com\/original\/112374\/4f010ca24b389358c3cbfe1bdbed\/Mlodziezowy-rower-gorski-GOETZE-MTB-24-Define-Junior-Aluminiowy-Shimano-EAN-GTIN-5904172522351 2560w\" sizes=\"100vw\" width=\"2560px\" alt=\"M\u0142odzie\u017cowy rower g\u00f3rski GOETZE MTB 24 Define Junior Aluminiowy Shimano EAN (GTIN) 5904172522351\" style=\"max-width: 100%; height: auto; display: block; margin: 0 auto;\"><\/div>\n<\/div>\n<\/div>\n<\/div>\n<\/div>\n<\/div>\n<\/div>\n<\/div>\n<\/div>\n<div style=\"clear: both; display: block; margin: 10px 0;\">\n","protected":false},"excerpt":{"rendered":"<p>Goetze Define Junior 24&quot;<\/p>\n<p>Goetze Define Junior 24&quot; to idealny rower g\u00f3rski dla m\u0142odych pasjonat\u00f3w jazdy terenowej i rekreacyjnych wycieczek. Zaprojektowany z my\u015bl\u0105 o bezpiecze\u0144stwie, komforcie i wytrzyma\u0142o\u015bci, ten model stanowi doskona\u0142e wprowadzenie do \u015bwiata MTB. Lekka aluminiowa rama o ergonomicznej budowie, zapewnia wygodn\u0105 pozycj\u0119 podczas jazdy, a trwa\u0142e komponenty, oraz nap\u0119d Shimano zapewni\u0105 \u0142atwo\u015b\u0107 obs\u0142ugi i pozwol\u0105 na czerpanie niczym nie ograniczonej przyjemno\u015bci z jazdy.<\/p>\n<p>Cechy:<\/p>\n","protected":false},"featured_media":14287,"template":"","meta":{"_uag_custom_page_level_css":""},"product_brand":[708],"product_cat":[706,688,687],"product_tag":[],"class_list":{"0":"post-14286","1":"product","2":"type-product","3":"status-publish","4":"has-post-thumbnail","6":"product_brand-goetze","7":"product_cat-junior","8":"product_cat-rowery","9":"product_cat-rowery-i-akcesoria","11":"first","12":"instock","13":"sale","14":"shipping-taxable","15":"purchasable","16":"product-type-simple"},"uagb_featured_image_src":{"full":["https:\/\/twojerowery.shop\/ro64\/wp-content\/uploads\/2026\/02\/allegro-image-14286.jpg",2560,2233,false],"thumbnail":["https:\/\/twojerowery.shop\/ro64\/wp-content\/uploads\/2026\/02\/allegro-image-14286-150x150.jpg",150,150,true],"medium":["https:\/\/twojerowery.shop\/ro64\/wp-content\/uploads\/2026\/02\/allegro-image-14286-300x262.jpg",300,262,true],"medium_large":["https:\/\/twojerowery.shop\/ro64\/wp-content\/uploads\/2026\/02\/allegro-image-14286-768x670.jpg",768,670,true],"large":["https:\/\/twojerowery.shop\/ro64\/wp-content\/uploads\/2026\/02\/allegro-image-14286-1024x893.jpg",1024,893,true],"1536x1536":["https:\/\/twojerowery.shop\/ro64\/wp-content\/uploads\/2026\/02\/allegro-image-14286-1536x1340.jpg",1536,1340,true],"2048x2048":["https:\/\/twojerowery.shop\/ro64\/wp-content\/uploads\/2026\/02\/allegro-image-14286-2048x1786.jpg",2048,1786,true],"woocommerce_thumbnail":["https:\/\/twojerowery.shop\/ro64\/wp-content\/uploads\/2026\/02\/allegro-image-14286-300x300.jpg",300,300,true],"woocommerce_single":["https:\/\/twojerowery.shop\/ro64\/wp-content\/uploads\/2026\/02\/allegro-image-14286-600x523.jpg",600,523,true],"woocommerce_gallery_thumbnail":["https:\/\/twojerowery.shop\/ro64\/wp-content\/uploads\/2026\/02\/allegro-image-14286-100x100.jpg",100,100,true]},"uagb_author_info":{"display_name":"admin","author_link":"https:\/\/twojerowery.shop\/ro64\/author\/"},"uagb_comment_info":0,"uagb_excerpt":"Goetze Define Junior 24&quot; Goetze Define Junior 24&quot; to idealny rower g\u00f3rski dla m\u0142odych pasjonat\u00f3w jazdy terenowej i rekreacyjnych wycieczek. Zaprojektowany z my\u015bl\u0105 o bezpiecze\u0144stwie, komforcie i wytrzyma\u0142o\u015bci, ten model stanowi doskona\u0142e wprowadzenie do \u015bwiata MTB. Lekka aluminiowa rama o ergonomicznej budowie, zapewnia wygodn\u0105 pozycj\u0119 podczas jazdy, a trwa\u0142e komponenty, oraz nap\u0119d Shimano zapewni\u0105 \u0142atwo\u015b\u0107&hellip;","_links":{"self":[{"href":"https:\/\/twojerowery.shop\/ro64\/wp-json\/wp\/v2\/product\/14286","targetHints":{"allow":["GET"]}}],"collection":[{"href":"https:\/\/twojerowery.shop\/ro64\/wp-json\/wp\/v2\/product"}],"about":[{"href":"https:\/\/twojerowery.shop\/ro64\/wp-json\/wp\/v2\/types\/product"}],"wp:featuredmedia":[{"embeddable":true,"href":"https:\/\/twojerowery.shop\/ro64\/wp-json\/wp\/v2\/media\/14287"}],"wp:attachment":[{"href":"https:\/\/twojerowery.shop\/ro64\/wp-json\/wp\/v2\/media?parent=14286"}],"wp:term":[{"taxonomy":"product_brand","embeddable":true,"href":"https:\/\/twojerowery.shop\/ro64\/wp-json\/wp\/v2\/product_brand?post=14286"},{"taxonomy":"product_cat","embeddable":true,"href":"https:\/\/twojerowery.shop\/ro64\/wp-json\/wp\/v2\/product_cat?post=14286"},{"taxonomy":"product_tag","embeddable":true,"href":"https:\/\/twojerowery.shop\/ro64\/wp-json\/wp\/v2\/product_tag?post=14286"}],"curies":[{"name":"wp","href":"https:\/\/api.w.org\/{rel}","templated":true}]}}