{"id":14288,"date":"2026-02-26T04:20:10","date_gmt":"2026-02-26T03:20:10","guid":{"rendered":"https:\/\/rowermax.shop\/ro64\/produkt\/rower-woom-go-3-16-automagic-metalic-turquise-oryginalny-produkt-2025\/"},"modified":"2026-02-26T04:20:10","modified_gmt":"2026-02-26T03:20:10","slug":"rower-woom-go-3-16-automagic-metalic-turquise-oryginalny-produkt-2025","status":"publish","type":"product","link":"https:\/\/twojerowery.shop\/ro64\/produkt\/rower-woom-go-3-16-automagic-metalic-turquise-oryginalny-produkt-2025\/","title":{"rendered":"Rower Woom GO 3 &#8211; 16&quot; automagic metalic turquise ORYGINALNY PRODUKT 2025"},"content":{"rendered":"<div style=\"font-family: Arial, sans-serif; line-height: 1.6; color: #333; padding: 20px; clear: both; display: block; width: 100%; float: none; position: static; overflow: hidden;\">\n<div style=\"clear: both; display: block; margin: 10px 0;\">\n<div style=\"clear: both; display: block; margin: 10px 0;\">\n<div style=\"clear: both; display: block; margin: 10px 0;\">\n<h3 style=\"color: #2c5aa0; font-size: 18px; margin: 30px 0 15px 0; font-weight: bold; clear: both; display: block; width: 100%; float: none; position: static;\">Rower Woom GO 3 Automagic \u2013 Pierwszy krok w stron\u0119 niezale\u017cno\u015bci!<\/h3>\n<p style=\"margin: 15px 0; line-height: 1.8; clear: both; display: block; width: 100%; float: none; position: static;\">Poznaj <b>Woom GO 3 Automagic<\/b> \u2013 idealny rower dla dzieci w wieku 4\u20136 lat (wzrost 105\u2013120 cm), kt\u00f3re ucz\u0105 si\u0119 je\u017adzi\u0107 na dw\u00f3ch k\u00f3\u0142kach z u\u015bmiechem i pewno\u015bci\u0105 siebie! Ten ultralekki, perfekcyjnie zaprojektowany rower to nie tylko \u015brodek transportu \u2013 to pocz\u0105tek wielkiej przygody!<\/p>\n<p style=\"margin: 15px 0; line-height: 1.8; clear: both; display: block; width: 100%; float: none; position: static;\">\ud83d\udd27 <b>Cechy, kt\u00f3re pokochasz:<\/b><\/p>\n<ul style=\"margin: 15px 0; padding-left: 20px; clear: both; display: block; width: 100%; float: none; position: static;\">\n<li style=\"margin: 5px 0; padding: 2px 0; clear: both; display: list-item; float: none; position: static;\">  <b>Automagiczna przek\u0142adnia<\/b> \u2013 inteligentna piasta   zmienia biegi bez szarpni\u0119\u0107 i bez potrzeby r\u0119cznej obs\u0142ugi \u2013 dziecko mo\u017ce   skupi\u0107 si\u0119 na je\u017adzie!<\/li>\n<li style=\"margin: 5px 0; padding: 2px 0; clear: both; display: list-item; float: none; position: static;\">  <b>Ultralekka aluminiowa rama<\/b> \u2013 rower wa\u017cy zaledwie ok.   8 kg, co u\u0142atwia manewrowanie i nauk\u0119 jazdy.<\/li>\n<li style=\"margin: 5px 0; padding: 2px 0; clear: both; display: list-item; float: none; position: static;\">  <b>Ergonomiczny design<\/b> \u2013 dopasowany do dzieci\u0119cej   anatomii, zapewnia maksymalny komfort i kontrol\u0119.<\/li>\n<li style=\"margin: 5px 0; padding: 2px 0; clear: both; display: list-item; float: none; position: static;\">  <b>Bezpieczne hamulce V-brake<\/b> \u2013 ma\u0142e r\u0105czki? Nie ma   problemu \u2013 specjalnie dostosowane klamki hamulc\u00f3w dzia\u0142aj\u0105 lekko i   skutecznie.<\/li>\n<li style=\"margin: 5px 0; padding: 2px 0; clear: both; display: list-item; float: none; position: static;\">  <b>Nisko prowadzona rama<\/b> \u2013 u\u0142atwia wsiadanie i   zsiadanie, nawet pocz\u0105tkuj\u0105cym rowerzystom.<\/li>\n<\/ul>\n<p style=\"margin: 15px 0; line-height: 1.8; clear: both; display: block; width: 100%; float: none; position: static;\">\ud83c\udf31 <b>Dlaczego Woom?<\/b><\/p>\n<p style=\"margin: 15px 0; line-height: 1.8; clear: both; display: block; width: 100%; float: none; position: static;\">Woom to marka stworzona z my\u015bl\u0105 o dzieciach \u2013 ka\u017cdy element roweru zosta\u0142 zaprojektowany, by u\u0142atwi\u0107 nauk\u0119 jazdy, zapewni\u0107 bezpiecze\u0144stwo i rozwija\u0107 mi\u0142o\u015b\u0107 do ruchu na \u015bwie\u017cym powietrzu.<\/p>\n<p style=\"margin: 15px 0; line-height: 1.8; clear: both; display: block; width: 100%; float: none; position: static;\">\ud83d\udc49 <b>Woom GO 3 Automagic<\/b> to nie tylko rower \u2013 to samodzielno\u015b\u0107, zabawa i pierwszy prawdziwy \u015brodek transportu Twojego dziecka. Gotowy na wsp\u00f3lne przygody?<\/p>\n<p style=\"margin: 15px 0; line-height: 1.8; clear: both; display: block; width: 100%; float: none; position: static;\">\ud83d\uded2 Zam\u00f3w teraz i daj swojemu dziecku rower, kt\u00f3rego nie b\u0119dzie chcia\u0142o odstawi\u0107!<\/p>\n<\/div>\n<\/div>\n<\/div>\n<div style=\"clear: both; display: block; margin: 10px 0;\">\n<div style=\"clear: both; display: block; margin: 10px 0;\">\n<div style=\"clear: both; display: block; margin: 10px 0;\">\n<div  style=\"max-width:800px;max-height:800px\">\n<div style=\"clear: both; display: block; margin: 10px 0;\">\n<div style=\"clear: both; width: 100%; display: block; margin: 20px 0; padding: 0; float: none; position: static; text-align: center;\"><img decoding=\"async\"  src=\"https:\/\/a.allegroimg.com\/original\/118609\/b5a8d9454755b311b78421b02108\/Rower-Woom-GO-3-16-automagic-metalic-turquise-ORYGINALNY-PRODUKT-2025\" srcset=\"https:\/\/a.allegroimg.com\/original\/118609\/b5a8d9454755b311b78421b02108\/Rower-Woom-GO-3-16-automagic-metalic-turquise-ORYGINALNY-PRODUKT-2025 360w,https:\/\/a.allegroimg.com\/original\/118609\/b5a8d9454755b311b78421b02108\/Rower-Woom-GO-3-16-automagic-metalic-turquise-ORYGINALNY-PRODUKT-2025 720w,https:\/\/a.allegroimg.com\/original\/118609\/b5a8d9454755b311b78421b02108\/Rower-Woom-GO-3-16-automagic-metalic-turquise-ORYGINALNY-PRODUKT-2025 800w,https:\/\/a.allegroimg.com\/original\/118609\/b5a8d9454755b311b78421b02108\/Rower-Woom-GO-3-16-automagic-metalic-turquise-ORYGINALNY-PRODUKT-2025 800w\" sizes=\"100vw\" width=\"800px\" alt=\"Rower Woom GO 3 - 16&amp;quot; automagic metalic turquise ORYGINALNY PRODUKT 2025\" style=\"max-width: 100%; height: auto; display: block; margin: 0 auto;\"><\/div>\n<\/div>\n<\/div>\n<\/div>\n<\/div>\n<\/div>\n<\/div>\n<\/div>\n<\/div>\n<div style=\"clear: both; display: block; margin: 10px 0;\">\n","protected":false},"excerpt":{"rendered":"<p>Rower Woom GO 3 Automagic \u2013 Pierwszy krok w stron\u0119 niezale\u017cno\u015bci!<\/p>\n<p>Poznaj Woom GO 3 Automagic \u2013 idealny rower dla dzieci w wieku 4\u20136 lat (wzrost 105\u2013120 cm), kt\u00f3re ucz\u0105 si\u0119 je\u017adzi\u0107 na dw\u00f3ch k\u00f3\u0142kach z u\u015bmiechem i pewno\u015bci\u0105 siebie! Ten ultralekki, perfekcyjnie zaprojektowany rower to nie tylko \u015brodek transportu \u2013 to pocz\u0105tek wielkiej przygody!<\/p>\n<p>\ud83d\udd27 Cechy, kt\u00f3re pokochasz:<\/p>\n<p>Automagiczna przek\u0142adnia \u2013 inteligentna piasta zmienia biegi bez szarpni\u0119\u0107 i bez potrzeby r\u0119cznej obs\u0142ugi \u2013 dziecko mo\u017ce skupi\u0107 si\u0119 na je\u017adzie!<\/p>\n","protected":false},"featured_media":14289,"template":"","meta":{"_uag_custom_page_level_css":""},"product_brand":[705],"product_cat":[706,688,687],"product_tag":[],"class_list":{"0":"post-14288","1":"product","2":"type-product","3":"status-publish","4":"has-post-thumbnail","6":"product_brand-woom","7":"product_cat-junior","8":"product_cat-rowery","9":"product_cat-rowery-i-akcesoria","11":"first","12":"instock","13":"sale","14":"shipping-taxable","15":"purchasable","16":"product-type-simple"},"uagb_featured_image_src":{"full":["https:\/\/twojerowery.shop\/ro64\/wp-content\/uploads\/2026\/02\/allegro-image-14288.jpg",800,800,false],"thumbnail":["https:\/\/twojerowery.shop\/ro64\/wp-content\/uploads\/2026\/02\/allegro-image-14288-150x150.jpg",150,150,true],"medium":["https:\/\/twojerowery.shop\/ro64\/wp-content\/uploads\/2026\/02\/allegro-image-14288-300x300.jpg",300,300,true],"medium_large":["https:\/\/twojerowery.shop\/ro64\/wp-content\/uploads\/2026\/02\/allegro-image-14288-768x768.jpg",768,768,true],"large":["https:\/\/twojerowery.shop\/ro64\/wp-content\/uploads\/2026\/02\/allegro-image-14288.jpg",800,800,false],"1536x1536":["https:\/\/twojerowery.shop\/ro64\/wp-content\/uploads\/2026\/02\/allegro-image-14288.jpg",800,800,false],"2048x2048":["https:\/\/twojerowery.shop\/ro64\/wp-content\/uploads\/2026\/02\/allegro-image-14288.jpg",800,800,false],"woocommerce_thumbnail":["https:\/\/twojerowery.shop\/ro64\/wp-content\/uploads\/2026\/02\/allegro-image-14288-300x300.jpg",300,300,true],"woocommerce_single":["https:\/\/twojerowery.shop\/ro64\/wp-content\/uploads\/2026\/02\/allegro-image-14288-600x600.jpg",600,600,true],"woocommerce_gallery_thumbnail":["https:\/\/twojerowery.shop\/ro64\/wp-content\/uploads\/2026\/02\/allegro-image-14288-100x100.jpg",100,100,true]},"uagb_author_info":{"display_name":"admin","author_link":"https:\/\/twojerowery.shop\/ro64\/author\/"},"uagb_comment_info":0,"uagb_excerpt":"Rower Woom GO 3 Automagic \u2013 Pierwszy krok w stron\u0119 niezale\u017cno\u015bci! Poznaj Woom GO 3 Automagic \u2013 idealny rower dla dzieci w wieku 4\u20136 lat (wzrost 105\u2013120 cm), kt\u00f3re ucz\u0105 si\u0119 je\u017adzi\u0107 na dw\u00f3ch k\u00f3\u0142kach z u\u015bmiechem i pewno\u015bci\u0105 siebie! Ten ultralekki, perfekcyjnie zaprojektowany rower to nie tylko \u015brodek transportu \u2013 to pocz\u0105tek wielkiej przygody!&hellip;","_links":{"self":[{"href":"https:\/\/twojerowery.shop\/ro64\/wp-json\/wp\/v2\/product\/14288","targetHints":{"allow":["GET"]}}],"collection":[{"href":"https:\/\/twojerowery.shop\/ro64\/wp-json\/wp\/v2\/product"}],"about":[{"href":"https:\/\/twojerowery.shop\/ro64\/wp-json\/wp\/v2\/types\/product"}],"wp:featuredmedia":[{"embeddable":true,"href":"https:\/\/twojerowery.shop\/ro64\/wp-json\/wp\/v2\/media\/14289"}],"wp:attachment":[{"href":"https:\/\/twojerowery.shop\/ro64\/wp-json\/wp\/v2\/media?parent=14288"}],"wp:term":[{"taxonomy":"product_brand","embeddable":true,"href":"https:\/\/twojerowery.shop\/ro64\/wp-json\/wp\/v2\/product_brand?post=14288"},{"taxonomy":"product_cat","embeddable":true,"href":"https:\/\/twojerowery.shop\/ro64\/wp-json\/wp\/v2\/product_cat?post=14288"},{"taxonomy":"product_tag","embeddable":true,"href":"https:\/\/twojerowery.shop\/ro64\/wp-json\/wp\/v2\/product_tag?post=14288"}],"curies":[{"name":"wp","href":"https:\/\/api.w.org\/{rel}","templated":true}]}}