{"id":14294,"date":"2026-02-26T04:20:12","date_gmt":"2026-02-26T03:20:12","guid":{"rendered":"https:\/\/rowermax.shop\/ro64\/produkt\/dzieciecy-rower-gorski-goetze-mtb-20-sigma-aluminiowy-shimano\/"},"modified":"2026-02-26T04:20:14","modified_gmt":"2026-02-26T03:20:14","slug":"dzieciecy-rower-gorski-goetze-mtb-20-sigma-aluminiowy-shimano","status":"publish","type":"product","link":"https:\/\/twojerowery.shop\/ro64\/produkt\/dzieciecy-rower-gorski-goetze-mtb-20-sigma-aluminiowy-shimano\/","title":{"rendered":"Dzieci\u0119cy rower g\u00f3rski GOETZE MTB 20 SIGMA Aluminiowy Shimano"},"content":{"rendered":"<div style=\"font-family: Arial, sans-serif; line-height: 1.6; color: #333; padding: 20px; clear: both; display: block; width: 100%; float: none; position: static; overflow: hidden;\">\n<div style=\"clear: both; display: block; margin: 10px 0;\">\n<div style=\"clear: both; display: block; margin: 10px 0;\">\n<div style=\"clear: both; display: block; margin: 10px 0;\">\n<h2>Goetze Sigma 20&#8243;<\/h2>\n<\/div>\n<\/div>\n<\/div>\n<div style=\"clear: both; display: block; margin: 10px 0;\">\n<div style=\"clear: both; display: block; margin: 10px 0;\">\n<div style=\"clear: both; display: block; margin: 10px 0;\">\n<div  style=\"max-width:2560px;max-height:2117px\">\n<div style=\"clear: both; display: block; margin: 10px 0;\">\n<div style=\"clear: both; width: 100%; display: block; margin: 20px 0; padding: 0; float: none; position: static; text-align: center;\"><img decoding=\"async\"  src=\"https:\/\/a.allegroimg.com\/original\/115186\/52845c714221812623d3523aee8a\/Dzieciecy-rower-gorski-GOETZE-MTB-20-SIGMA-Aluminiowy-Shimano-EAN-GTIN-5904172523273\" srcset=\"https:\/\/a.allegroimg.com\/original\/115186\/52845c714221812623d3523aee8a\/Dzieciecy-rower-gorski-GOETZE-MTB-20-SIGMA-Aluminiowy-Shimano-EAN-GTIN-5904172523273 360w,https:\/\/a.allegroimg.com\/original\/115186\/52845c714221812623d3523aee8a\/Dzieciecy-rower-gorski-GOETZE-MTB-20-SIGMA-Aluminiowy-Shimano-EAN-GTIN-5904172523273 720w,https:\/\/a.allegroimg.com\/original\/115186\/52845c714221812623d3523aee8a\/Dzieciecy-rower-gorski-GOETZE-MTB-20-SIGMA-Aluminiowy-Shimano-EAN-GTIN-5904172523273 1024w,https:\/\/a.allegroimg.com\/original\/115186\/52845c714221812623d3523aee8a\/Dzieciecy-rower-gorski-GOETZE-MTB-20-SIGMA-Aluminiowy-Shimano-EAN-GTIN-5904172523273 1440w,https:\/\/a.allegroimg.com\/original\/115186\/52845c714221812623d3523aee8a\/Dzieciecy-rower-gorski-GOETZE-MTB-20-SIGMA-Aluminiowy-Shimano-EAN-GTIN-5904172523273 2560w\" sizes=\"100vw\" width=\"2560px\" alt=\"Dzieci\u0119cy rower g\u00f3rski GOETZE MTB 20 SIGMA Aluminiowy Shimano EAN (GTIN) 5904172523273\" style=\"max-width: 100%; height: auto; display: block; margin: 0 auto;\"><\/div>\n<\/div>\n<\/div>\n<\/div>\n<\/div>\n<\/div>\n<div style=\"clear: both; display: block; margin: 10px 0;\">\n<div style=\"clear: both; display: block; margin: 10px 0;\">\n<div style=\"clear: both; display: block; margin: 10px 0;\">\n<p style=\"margin: 15px 0; line-height: 1.8; clear: both; display: block; width: 100%; float: none; position: static;\"><b>Goetze Sigma 20&#8243;<\/b> to solidny rower g\u00f3rski dla m\u0142odszych pasjonat\u00f3w jazdy terenowej i rekreacyjnych wycieczek. Zaprojektowany z my\u015bl\u0105 o bezpiecze\u0144stwie, komforcie i wytrzyma\u0142o\u015bci, ten model stanowi doskona\u0142e wprowadzenie do \u015bwiata MTB. <b>Lekka aluminiowa rama<\/b>&nbsp;o ergonomicznej budowie, zapewnia wygodn\u0105 pozycj\u0119 podczas jazdy, a trwa\u0142e komponenty, oraz&nbsp;<b>nap\u0119d Shimano<\/b>&nbsp;zapewni\u0105 \u0142atwo\u015b\u0107 obs\u0142ugi i pozwol\u0105 na czerpanie niczym nie ograniczonej przyjemno\u015bci z jazdy.<\/p>\n<\/div>\n<\/div>\n<\/div>\n<div style=\"clear: both; display: block; margin: 10px 0;\">\n<div style=\"clear: both; display: block; margin: 10px 0;\">\n<div style=\"clear: both; display: block; margin: 10px 0;\">\n<h2>Cechy:<\/h2>\n<ul style=\"margin: 15px 0; padding-left: 20px; clear: both; display: block; width: 100%; float: none; position: static;\">\n<li style=\"margin: 5px 0; padding: 2px 0; clear: both; display: list-item; float: none; position: static;\"><b>lekka aluminiowa konstrukcja<\/b><\/li>\n<li style=\"margin: 5px 0; padding: 2px 0; clear: both; display: list-item; float: none; position: static;\"><b>kompletny osprz\u0119t Shimano<\/b>&nbsp;(manetka, wolnobieg, przerzutka)<\/li>\n<li style=\"margin: 5px 0; padding: 2px 0; clear: both; display: list-item; float: none; position: static;\"><b>6 <\/b>bieg\u00f3w<\/li>\n<li style=\"margin: 5px 0; padding: 2px 0; clear: both; display: list-item; float: none; position: static;\"><b>amortyzator przedni&nbsp;<\/b>(znacznie podno\u015bi komfort jazdy po nier\u00f3wno\u015bciach)<\/li>\n<li style=\"margin: 5px 0; padding: 2px 0; clear: both; display: list-item; float: none; position: static;\"><b>kolorowa stylistyka<\/b><\/li>\n<li style=\"margin: 5px 0; padding: 2px 0; clear: both; display: list-item; float: none; position: static;\"><b>wysoki komfort jazdy<\/b><\/li>\n<li style=\"margin: 5px 0; padding: 2px 0; clear: both; display: list-item; float: none; position: static;\"><b>niezawodno\u015b\u0107 i bezpiecze\u0144stwo<\/b>&nbsp;(trwa\u0142e markowe komponenty w po\u0142\u0105czeniu z \u0142atwo\u015bci\u0105 obs\u0142ugi)<\/li>\n<\/ul>\n<\/div>\n<\/div>\n<\/div>\n<div style=\"clear: both; display: block; margin: 10px 0;\">\n<div style=\"clear: both; display: block; margin: 10px 0;\">\n<div style=\"clear: both; display: block; margin: 10px 0;\">\n<h3 style=\"color: #2c5aa0; font-size: 18px; margin: 30px 0 15px 0; font-weight: bold; clear: both; display: block; width: 100%; float: none; position: static;\">Specyfikacja:<\/h3>\n<ul style=\"margin: 15px 0; padding-left: 20px; clear: both; display: block; width: 100%; float: none; position: static;\">\n<li style=\"margin: 5px 0; padding: 2px 0; clear: both; display: list-item; float: none; position: static;\"><b>Materia\u0142 ramy:<\/b>&nbsp;ALUMINIUM<\/li>\n<li style=\"margin: 5px 0; padding: 2px 0; clear: both; display: list-item; float: none; position: static;\"><b>Rozmiar ramy:<\/b> 11&#8243;<\/li>\n<li style=\"margin: 5px 0; padding: 2px 0; clear: both; display: list-item; float: none; position: static;\"><b>Widelec:<\/b>&nbsp;GOETZE TRAVEL Disc<\/li>\n<li style=\"margin: 5px 0; padding: 2px 0; clear: both; display: list-item; float: none; position: static;\"><b>Przerzutka ty\u0142:<\/b>&nbsp;SHMANO RD-TY21-B GS D<\/li>\n<li style=\"margin: 5px 0; padding: 2px 0; clear: both; display: list-item; float: none; position: static;\"><b>Manetki:<\/b>&nbsp;SHMANO REVOSHIFT SL-RS36-7R Right 7 SPD<\/li>\n<li style=\"margin: 5px 0; padding: 2px 0; clear: both; display: list-item; float: none; position: static;\"><b>Korba:<\/b>&nbsp;ALUMINIOWA 1rz 36T SPD4H-SMA<\/li>\n<li style=\"margin: 5px 0; padding: 2px 0; clear: both; display: list-item; float: none; position: static;\"><b>Wolnobieg:<\/b> SHIMANO 6SPD MF-TZ500 14-28T<\/li>\n<li style=\"margin: 5px 0; padding: 2px 0; clear: both; display: list-item; float: none; position: static;\"><b>Ilo\u015b\u0107 Prze\u0142o\u017ce\u0144:<\/b> 6<\/li>\n<li style=\"margin: 5px 0; padding: 2px 0; clear: both; display: list-item; float: none; position: static;\"><b>Suport:<\/b>&nbsp;THUN GOAL 128L 131mm<\/li>\n<li style=\"margin: 5px 0; padding: 2px 0; clear: both; display: list-item; float: none; position: static;\"><b>\u0141a\u0144cuch:<\/b> KMC Z7 6SPD<\/li>\n<li style=\"margin: 5px 0; padding: 2px 0; clear: both; display: list-item; float: none; position: static;\"><b>Hamulec Prz\u00f3d\/Ty\u0142:<\/b>&nbsp;Repute DSC-730A (tarczowe mechaniczne)<\/li>\n<li style=\"margin: 5px 0; padding: 2px 0; clear: both; display: list-item; float: none; position: static;\"><b>Piasta Prz\u00f3d:<\/b>&nbsp;GL-B10F-QR ALU Disc<\/li>\n<li style=\"margin: 5px 0; padding: 2px 0; clear: both; display: list-item; float: none; position: static;\"><b>Piasta Ty\u0142:<\/b>&nbsp;GL-B10R-QR ALU Disc<\/li>\n<li style=\"margin: 5px 0; padding: 2px 0; clear: both; display: list-item; float: none; position: static;\"><b>Opony:<\/b> RUBENA SCYLLA 20&#215;2,10<\/li>\n<li style=\"margin: 5px 0; padding: 2px 0; clear: both; display: list-item; float: none; position: static;\"><b>Obr\u0119cze:<\/b>&nbsp;HERRMANS<\/li>\n<li style=\"margin: 5px 0; padding: 2px 0; clear: both; display: list-item; float: none; position: static;\"><b>Siod\u0142o:<\/b>&nbsp;BASSANO MTB (DEFENDER) PT<\/li>\n<li style=\"margin: 5px 0; padding: 2px 0; clear: both; display: list-item; float: none; position: static;\"><b>Wspornik Siod\u0142a:<\/b>&nbsp;ALUMINIUM<\/li>\n<li style=\"margin: 5px 0; padding: 2px 0; clear: both; display: list-item; float: none; position: static;\"><b>Peda\u0142y:<\/b>&nbsp;FP-917N<\/li>\n<li style=\"margin: 5px 0; padding: 2px 0; clear: both; display: list-item; float: none; position: static;\"><b>Wyposa\u017cenie dodatkowe:<\/b> podp\u00f3rka regulowana<\/li>\n<li style=\"margin: 5px 0; padding: 2px 0; clear: both; display: list-item; float: none; position: static;\"><b>Kolor:<\/b> czerwony<\/li>\n<li style=\"margin: 5px 0; padding: 2px 0; clear: both; display: list-item; float: none; position: static;\"><b>Waga:<\/b> 11kg<\/li>\n<\/ul>\n<\/div>\n<\/div>\n<div style=\"clear: both; display: block; margin: 10px 0;\">\n<div style=\"clear: both; display: block; margin: 10px 0;\">\n<div  style=\"max-width:2560px;max-height:2079px\">\n<div style=\"clear: both; display: block; margin: 10px 0;\">\n<div style=\"clear: both; width: 100%; display: block; margin: 20px 0; padding: 0; float: none; position: static; text-align: center;\"><img decoding=\"async\"  src=\"https:\/\/a.allegroimg.com\/original\/113c96\/c64afa3a4556b90db3aa6ac3492e\/Dzieciecy-rower-gorski-GOETZE-MTB-20-SIGMA-Aluminiowy-Shimano-Kod-producenta-5904172523273\" srcset=\"https:\/\/a.allegroimg.com\/original\/113c96\/c64afa3a4556b90db3aa6ac3492e\/Dzieciecy-rower-gorski-GOETZE-MTB-20-SIGMA-Aluminiowy-Shimano-Kod-producenta-5904172523273 360w,https:\/\/a.allegroimg.com\/original\/113c96\/c64afa3a4556b90db3aa6ac3492e\/Dzieciecy-rower-gorski-GOETZE-MTB-20-SIGMA-Aluminiowy-Shimano-Kod-producenta-5904172523273 720w,https:\/\/a.allegroimg.com\/original\/113c96\/c64afa3a4556b90db3aa6ac3492e\/Dzieciecy-rower-gorski-GOETZE-MTB-20-SIGMA-Aluminiowy-Shimano-Kod-producenta-5904172523273 1024w,https:\/\/a.allegroimg.com\/original\/113c96\/c64afa3a4556b90db3aa6ac3492e\/Dzieciecy-rower-gorski-GOETZE-MTB-20-SIGMA-Aluminiowy-Shimano-Kod-producenta-5904172523273 1440w,https:\/\/a.allegroimg.com\/original\/113c96\/c64afa3a4556b90db3aa6ac3492e\/Dzieciecy-rower-gorski-GOETZE-MTB-20-SIGMA-Aluminiowy-Shimano-Kod-producenta-5904172523273 2560w\" sizes=\"(min-width: 1200px) 560px, (min-width: 992px) 50vw, 100vw\" width=\"2560px\" alt=\"Dzieci\u0119cy rower g\u00f3rski GOETZE MTB 20 SIGMA Aluminiowy Shimano Kod producenta 5904172523273\" style=\"max-width: 100%; height: auto; display: block; margin: 0 auto;\"><\/div>\n<\/div>\n<\/div>\n<\/div>\n<\/div>\n<\/div>\n<div style=\"clear: both; display: block; margin: 10px 0;\">\n<div style=\"clear: both; display: block; margin: 10px 0;\">\n<div style=\"clear: both; display: block; margin: 10px 0;\">\n<div  style=\"max-width:2560px;max-height:1656px\">\n<div style=\"clear: both; display: block; margin: 10px 0;\">\n<div style=\"clear: both; width: 100%; display: block; margin: 20px 0; padding: 0; float: none; position: static; text-align: center;\"><img decoding=\"async\"  src=\"https:\/\/a.allegroimg.com\/original\/117b01\/43b5ddae4d7983ae63bf1eeb9b6e\/Dzieciecy-rower-gorski-GOETZE-MTB-20-SIGMA-Aluminiowy-Shimano\" srcset=\"https:\/\/a.allegroimg.com\/original\/117b01\/43b5ddae4d7983ae63bf1eeb9b6e\/Dzieciecy-rower-gorski-GOETZE-MTB-20-SIGMA-Aluminiowy-Shimano 360w,https:\/\/a.allegroimg.com\/original\/117b01\/43b5ddae4d7983ae63bf1eeb9b6e\/Dzieciecy-rower-gorski-GOETZE-MTB-20-SIGMA-Aluminiowy-Shimano 720w,https:\/\/a.allegroimg.com\/original\/117b01\/43b5ddae4d7983ae63bf1eeb9b6e\/Dzieciecy-rower-gorski-GOETZE-MTB-20-SIGMA-Aluminiowy-Shimano 1024w,https:\/\/a.allegroimg.com\/original\/117b01\/43b5ddae4d7983ae63bf1eeb9b6e\/Dzieciecy-rower-gorski-GOETZE-MTB-20-SIGMA-Aluminiowy-Shimano 1440w,https:\/\/a.allegroimg.com\/original\/117b01\/43b5ddae4d7983ae63bf1eeb9b6e\/Dzieciecy-rower-gorski-GOETZE-MTB-20-SIGMA-Aluminiowy-Shimano 2560w\" sizes=\"100vw\" width=\"2560px\" alt=\"Dzieci\u0119cy rower g\u00f3rski GOETZE MTB 20 SIGMA Aluminiowy Shimano\" style=\"max-width: 100%; height: auto; display: block; margin: 0 auto;\"><\/div>\n<\/div>\n<\/div>\n<\/div>\n<\/div>\n<\/div>\n<\/div>\n<\/div>\n<\/div>\n<div style=\"clear: both; display: block; margin: 10px 0;\">\n","protected":false},"excerpt":{"rendered":"<p>Goetze Sigma 20&quot;<\/p>\n<p>Goetze Sigma 20&quot; to solidny rower g\u00f3rski dla m\u0142odszych pasjonat\u00f3w jazdy terenowej i rekreacyjnych wycieczek. Zaprojektowany z my\u015bl\u0105 o bezpiecze\u0144stwie, komforcie i wytrzyma\u0142o\u015bci, ten model stanowi doskona\u0142e wprowadzenie do \u015bwiata MTB. Lekka aluminiowa rama&nbsp;o ergonomicznej budowie, zapewnia wygodn\u0105 pozycj\u0119 podczas jazdy, a trwa\u0142e komponenty, oraz&nbsp;nap\u0119d Shimano&nbsp;zapewni\u0105 \u0142atwo\u015b\u0107 obs\u0142ugi i pozwol\u0105 na czerpanie niczym nie ograniczonej przyjemno\u015bci z jazdy.<\/p>\n<p>Cechy:<\/p>\n<p>lekka aluminiowa konstrukcja<\/p>\n","protected":false},"featured_media":14295,"template":"","meta":{"_uag_custom_page_level_css":""},"product_brand":[708],"product_cat":[706,688,687],"product_tag":[],"class_list":{"0":"post-14294","1":"product","2":"type-product","3":"status-publish","4":"has-post-thumbnail","6":"product_brand-goetze","7":"product_cat-junior","8":"product_cat-rowery","9":"product_cat-rowery-i-akcesoria","11":"first","12":"instock","13":"sale","14":"shipping-taxable","15":"purchasable","16":"product-type-simple"},"uagb_featured_image_src":{"full":["https:\/\/twojerowery.shop\/ro64\/wp-content\/uploads\/2026\/02\/allegro-image-14294.jpg",2560,1656,false],"thumbnail":["https:\/\/twojerowery.shop\/ro64\/wp-content\/uploads\/2026\/02\/allegro-image-14294-150x150.jpg",150,150,true],"medium":["https:\/\/twojerowery.shop\/ro64\/wp-content\/uploads\/2026\/02\/allegro-image-14294-300x194.jpg",300,194,true],"medium_large":["https:\/\/twojerowery.shop\/ro64\/wp-content\/uploads\/2026\/02\/allegro-image-14294-768x497.jpg",768,497,true],"large":["https:\/\/twojerowery.shop\/ro64\/wp-content\/uploads\/2026\/02\/allegro-image-14294-1024x662.jpg",1024,662,true],"1536x1536":["https:\/\/twojerowery.shop\/ro64\/wp-content\/uploads\/2026\/02\/allegro-image-14294-1536x994.jpg",1536,994,true],"2048x2048":["https:\/\/twojerowery.shop\/ro64\/wp-content\/uploads\/2026\/02\/allegro-image-14294-2048x1325.jpg",2048,1325,true],"woocommerce_thumbnail":["https:\/\/twojerowery.shop\/ro64\/wp-content\/uploads\/2026\/02\/allegro-image-14294-300x300.jpg",300,300,true],"woocommerce_single":["https:\/\/twojerowery.shop\/ro64\/wp-content\/uploads\/2026\/02\/allegro-image-14294-600x388.jpg",600,388,true],"woocommerce_gallery_thumbnail":["https:\/\/twojerowery.shop\/ro64\/wp-content\/uploads\/2026\/02\/allegro-image-14294-100x100.jpg",100,100,true]},"uagb_author_info":{"display_name":"admin","author_link":"https:\/\/twojerowery.shop\/ro64\/author\/"},"uagb_comment_info":0,"uagb_excerpt":"Goetze Sigma 20&quot; Goetze Sigma 20&quot; to solidny rower g\u00f3rski dla m\u0142odszych pasjonat\u00f3w jazdy terenowej i rekreacyjnych wycieczek. Zaprojektowany z my\u015bl\u0105 o bezpiecze\u0144stwie, komforcie i wytrzyma\u0142o\u015bci, ten model stanowi doskona\u0142e wprowadzenie do \u015bwiata MTB. Lekka aluminiowa rama&nbsp;o ergonomicznej budowie, zapewnia wygodn\u0105 pozycj\u0119 podczas jazdy, a trwa\u0142e komponenty, oraz&nbsp;nap\u0119d Shimano&nbsp;zapewni\u0105 \u0142atwo\u015b\u0107 obs\u0142ugi i pozwol\u0105 na czerpanie&hellip;","_links":{"self":[{"href":"https:\/\/twojerowery.shop\/ro64\/wp-json\/wp\/v2\/product\/14294","targetHints":{"allow":["GET"]}}],"collection":[{"href":"https:\/\/twojerowery.shop\/ro64\/wp-json\/wp\/v2\/product"}],"about":[{"href":"https:\/\/twojerowery.shop\/ro64\/wp-json\/wp\/v2\/types\/product"}],"wp:featuredmedia":[{"embeddable":true,"href":"https:\/\/twojerowery.shop\/ro64\/wp-json\/wp\/v2\/media\/14295"}],"wp:attachment":[{"href":"https:\/\/twojerowery.shop\/ro64\/wp-json\/wp\/v2\/media?parent=14294"}],"wp:term":[{"taxonomy":"product_brand","embeddable":true,"href":"https:\/\/twojerowery.shop\/ro64\/wp-json\/wp\/v2\/product_brand?post=14294"},{"taxonomy":"product_cat","embeddable":true,"href":"https:\/\/twojerowery.shop\/ro64\/wp-json\/wp\/v2\/product_cat?post=14294"},{"taxonomy":"product_tag","embeddable":true,"href":"https:\/\/twojerowery.shop\/ro64\/wp-json\/wp\/v2\/product_tag?post=14294"}],"curies":[{"name":"wp","href":"https:\/\/api.w.org\/{rel}","templated":true}]}}