{"id":14325,"date":"2026-02-26T04:35:02","date_gmt":"2026-02-26T03:35:02","guid":{"rendered":"https:\/\/rowermax.shop\/ro64\/produkt\/rower-miejski-goetze-mood-28-lekki-shimano-kosz\/"},"modified":"2026-03-29T05:40:28","modified_gmt":"2026-03-29T04:40:28","slug":"rower-miejski-goetze-mood-28-lekki-shimano-kosz","status":"publish","type":"product","link":"https:\/\/twojerowery.shop\/ro64\/produkt\/rower-miejski-goetze-mood-28-lekki-shimano-kosz\/","title":{"rendered":"Rower miejski GOETZE Mood 28 lekki Shimano kosz"},"content":{"rendered":"<div style=\"font-family: Arial, sans-serif; line-height: 1.6; color: #333; padding: 20px; clear: both; display: block; width: 100%; float: none; position: static; overflow: hidden;\">\n<div style=\"clear: both; display: block; margin: 10px 0;\">\n<div style=\"clear: both; display: block; margin: 10px 0;\">\n<div style=\"clear: both; display: block; margin: 10px 0;\">\n<h1>Goetze Mood 28<\/h1>\n<\/div>\n<\/div>\n<\/div>\n<div style=\"clear: both; display: block; margin: 10px 0;\">\n<div style=\"clear: both; display: block; margin: 10px 0;\">\n<div style=\"clear: both; display: block; margin: 10px 0;\">\n<div  style=\"max-width:2560px;max-height:2214px\">\n<div style=\"clear: both; display: block; margin: 10px 0;\">\n<div style=\"clear: both; width: 100%; display: block; margin: 20px 0; padding: 0; float: none; position: static; text-align: center;\"><img decoding=\"async\"  src=\"https:\/\/a.allegroimg.com\/original\/1144e4\/256800d34769872ee353f62e3629\/Rower-miejski-GOETZE-Mood-28-lekki-Shimano-kosz\" srcset=\"https:\/\/a.allegroimg.com\/original\/1144e4\/256800d34769872ee353f62e3629\/Rower-miejski-GOETZE-Mood-28-lekki-Shimano-kosz 360w,https:\/\/a.allegroimg.com\/original\/1144e4\/256800d34769872ee353f62e3629\/Rower-miejski-GOETZE-Mood-28-lekki-Shimano-kosz 720w,https:\/\/a.allegroimg.com\/original\/1144e4\/256800d34769872ee353f62e3629\/Rower-miejski-GOETZE-Mood-28-lekki-Shimano-kosz 1024w,https:\/\/a.allegroimg.com\/original\/1144e4\/256800d34769872ee353f62e3629\/Rower-miejski-GOETZE-Mood-28-lekki-Shimano-kosz 1440w,https:\/\/a.allegroimg.com\/original\/1144e4\/256800d34769872ee353f62e3629\/Rower-miejski-GOETZE-Mood-28-lekki-Shimano-kosz 2560w\" sizes=\"100vw\" width=\"2560px\" alt=\"Rower miejski GOETZE Mood 28 lekki Shimano kosz\" style=\"max-width: 100%; height: auto; display: block; margin: 0 auto;\"><\/div>\n<\/div>\n<\/div>\n<\/div>\n<\/div>\n<\/div>\n<div style=\"clear: both; display: block; margin: 10px 0;\">\n<div style=\"clear: both; display: block; margin: 10px 0;\">\n<div style=\"clear: both; display: block; margin: 10px 0;\">\n<p style=\"margin: 15px 0; line-height: 1.8; clear: both; display: block; width: 100%; float: none; position: static;\"><b>Rowery miejskie Goetze<\/b> stanowi\u0105 wyj\u0105tkow\u0105 mieszank\u0119 stylu, elegancji i pragmatyzmu w\u015br\u00f3d, kt\u00f3rych ka\u017cdy znajdzie model odpowiedni do swoich<\/p>\n<p style=\"margin: 15px 0; line-height: 1.8; clear: both; display: block; width: 100%; float: none; position: static;\">potrzeb, niezale\u017cnie czy potrzebuje stylowego roweru, czy prostego \u015brodka transportu.<\/p>\n<p style=\"margin: 15px 0; line-height: 1.8; clear: both; display: block; width: 100%; float: none; position: static;\"><b>Goetze<\/b> to rower, kt\u00f3ry pozwoli Ci wyrazi\u0107 siebie i wyrwa\u0107 si\u0119 z szaro\u015bci i monotonii dnia codziennego.<\/p>\n<\/div>\n<\/div>\n<\/div>\n<div style=\"clear: both; display: block; margin: 10px 0;\">\n<div style=\"clear: both; display: block; margin: 10px 0;\">\n<div style=\"clear: both; display: block; margin: 10px 0;\">\n<h2>Cechy:<\/h2>\n<ul style=\"margin: 15px 0; padding-left: 20px; clear: both; display: block; width: 100%; float: none; position: static;\">\n<li style=\"margin: 5px 0; padding: 2px 0; clear: both; display: list-item; float: none; position: static;\"><b>kompletny osprz\u0119t Shimano<\/b> (manetka, wolnobieg, przerzutka)<\/li>\n<li style=\"margin: 5px 0; padding: 2px 0; clear: both; display: list-item; float: none; position: static;\"><b>7<\/b> bieg\u00f3w<\/li>\n<li style=\"margin: 5px 0; padding: 2px 0; clear: both; display: list-item; float: none; position: static;\"><b>atrakcyjne design<\/b>, stanowi\u0105cy wyj\u0105tkow\u0105 mieszank\u0119 stylu, elegancji i pragmatyzmu.<\/li>\n<li style=\"margin: 5px 0; padding: 2px 0; clear: both; display: list-item; float: none; position: static;\"><b>kosz z wk\u0142adem<\/b> w zestawie<\/li>\n<li style=\"margin: 5px 0; padding: 2px 0; clear: both; display: list-item; float: none; position: static;\"><b>wysoki komfort jazdy <\/b>(mi\u0119kkie szerokie siode\u0142ko i wyprostowana pozycja podczas jazdy)<\/li>\n<li style=\"margin: 5px 0; padding: 2px 0; clear: both; display: list-item; float: none; position: static;\"><b>niezawodno\u015b\u0107 i bezpiecze\u0144stwo<\/b> (trwa\u0142e markowe komponenty w po\u0142\u0105czeniu z \u0142atwo\u015bci\u0105 obs\u0142ugi)<\/li>\n<\/ul>\n<\/div>\n<\/div>\n<\/div>\n<div style=\"clear: both; display: block; margin: 10px 0;\">\n<div style=\"clear: both; display: block; margin: 10px 0;\">\n<div style=\"clear: both; display: block; margin: 10px 0;\">\n<h2>Specyfikacja techniczna:<\/h2>\n<ul style=\"margin: 15px 0; padding-left: 20px; clear: both; display: block; width: 100%; float: none; position: static;\">\n<li style=\"margin: 5px 0; padding: 2px 0; clear: both; display: list-item; float: none; position: static;\">rama&nbsp; stalowa<\/li>\n<li style=\"margin: 5px 0; padding: 2px 0; clear: both; display: list-item; float: none; position: static;\">rozmiar ramy&nbsp; 18&#8243;<\/li>\n<li style=\"margin: 5px 0; padding: 2px 0; clear: both; display: list-item; float: none; position: static;\">obr\u0119cze&nbsp; aluminiowe wzmacniane 28&#8243;<\/li>\n<li style=\"margin: 5px 0; padding: 2px 0; clear: both; display: list-item; float: none; position: static;\">o\u015bwietlenie&nbsp; bateryjne LED<\/li>\n<li style=\"margin: 5px 0; padding: 2px 0; clear: both; display: list-item; float: none; position: static;\">ilo\u015b\u0107&nbsp; bieg\u00f3w 7<\/li>\n<li style=\"margin: 5px 0; padding: 2px 0; clear: both; display: list-item; float: none; position: static;\">wolnobieg&nbsp; Shimano 7 rz.<\/li>\n<li style=\"margin: 5px 0; padding: 2px 0; clear: both; display: list-item; float: none; position: static;\">manetka&nbsp; Shimano RevoShift<\/li>\n<li style=\"margin: 5px 0; padding: 2px 0; clear: both; display: list-item; float: none; position: static;\">przerzutka&nbsp; Shimano Turney<\/li>\n<li style=\"margin: 5px 0; padding: 2px 0; clear: both; display: list-item; float: none; position: static;\">hamulec prz\u00f3d\/ty\u0142 &nbsp;V-break\/V-break aluminiowe<\/li>\n<li style=\"margin: 5px 0; padding: 2px 0; clear: both; display: list-item; float: none; position: static;\">opony&nbsp; Deli 28&#215;1,75<\/li>\n<li style=\"margin: 5px 0; padding: 2px 0; clear: both; display: list-item; float: none; position: static;\">siode\u0142ko&nbsp; Goetze CityLine<\/li>\n<li style=\"margin: 5px 0; padding: 2px 0; clear: both; display: list-item; float: none; position: static;\">kolor: lilac-krem<\/li>\n<\/ul>\n<\/div>\n<\/div>\n<div style=\"clear: both; display: block; margin: 10px 0;\">\n<div style=\"clear: both; display: block; margin: 10px 0;\">\n<div  style=\"max-width:2560px;max-height:2086px\">\n<div style=\"clear: both; display: block; margin: 10px 0;\">\n<div style=\"clear: both; width: 100%; display: block; margin: 20px 0; padding: 0; float: none; position: static; text-align: center;\"><img decoding=\"async\"  src=\"https:\/\/a.allegroimg.com\/original\/11e0dc\/cf959c6d4015bba29516e1541cfc\/Rower-miejski-GOETZE-Mood-28-lekki-Shimano-kosz-Wzrost-uzytkownika-160-180-cm\" srcset=\"https:\/\/a.allegroimg.com\/original\/11e0dc\/cf959c6d4015bba29516e1541cfc\/Rower-miejski-GOETZE-Mood-28-lekki-Shimano-kosz-Wzrost-uzytkownika-160-180-cm 360w,https:\/\/a.allegroimg.com\/original\/11e0dc\/cf959c6d4015bba29516e1541cfc\/Rower-miejski-GOETZE-Mood-28-lekki-Shimano-kosz-Wzrost-uzytkownika-160-180-cm 720w,https:\/\/a.allegroimg.com\/original\/11e0dc\/cf959c6d4015bba29516e1541cfc\/Rower-miejski-GOETZE-Mood-28-lekki-Shimano-kosz-Wzrost-uzytkownika-160-180-cm 1024w,https:\/\/a.allegroimg.com\/original\/11e0dc\/cf959c6d4015bba29516e1541cfc\/Rower-miejski-GOETZE-Mood-28-lekki-Shimano-kosz-Wzrost-uzytkownika-160-180-cm 1440w,https:\/\/a.allegroimg.com\/original\/11e0dc\/cf959c6d4015bba29516e1541cfc\/Rower-miejski-GOETZE-Mood-28-lekki-Shimano-kosz-Wzrost-uzytkownika-160-180-cm 2560w\" sizes=\"(min-width: 1200px) 560px, (min-width: 992px) 50vw, 100vw\" width=\"2560px\" alt=\"Rower miejski GOETZE Mood 28 lekki Shimano kosz Wzrost u\u017cytkownika 160-180 cm\" style=\"max-width: 100%; height: auto; display: block; margin: 0 auto;\"><\/div>\n<\/div>\n<\/div>\n<\/div>\n<\/div>\n<\/div>\n<div style=\"clear: both; display: block; margin: 10px 0;\">\n<div style=\"clear: both; display: block; margin: 10px 0;\">\n<div style=\"clear: both; display: block; margin: 10px 0;\">\n<div  style=\"max-width:2560px;max-height:1705px\">\n<div style=\"clear: both; display: block; margin: 10px 0;\">\n<div style=\"clear: both; width: 100%; display: block; margin: 20px 0; padding: 0; float: none; position: static; text-align: center;\"><img decoding=\"async\"  src=\"https:\/\/a.allegroimg.com\/original\/114401\/5bd2580047788a170c29597731ae\/Rower-miejski-GOETZE-Mood-28-lekki-Shimano-kosz-Stopien-zlozenia-do-samodzielnego-zlozenia-do-regulacji\" srcset=\"https:\/\/a.allegroimg.com\/original\/114401\/5bd2580047788a170c29597731ae\/Rower-miejski-GOETZE-Mood-28-lekki-Shimano-kosz-Stopien-zlozenia-do-samodzielnego-zlozenia-do-regulacji 360w,https:\/\/a.allegroimg.com\/original\/114401\/5bd2580047788a170c29597731ae\/Rower-miejski-GOETZE-Mood-28-lekki-Shimano-kosz-Stopien-zlozenia-do-samodzielnego-zlozenia-do-regulacji 720w,https:\/\/a.allegroimg.com\/original\/114401\/5bd2580047788a170c29597731ae\/Rower-miejski-GOETZE-Mood-28-lekki-Shimano-kosz-Stopien-zlozenia-do-samodzielnego-zlozenia-do-regulacji 1024w,https:\/\/a.allegroimg.com\/original\/114401\/5bd2580047788a170c29597731ae\/Rower-miejski-GOETZE-Mood-28-lekki-Shimano-kosz-Stopien-zlozenia-do-samodzielnego-zlozenia-do-regulacji 1440w,https:\/\/a.allegroimg.com\/original\/114401\/5bd2580047788a170c29597731ae\/Rower-miejski-GOETZE-Mood-28-lekki-Shimano-kosz-Stopien-zlozenia-do-samodzielnego-zlozenia-do-regulacji 2560w\" sizes=\"100vw\" width=\"2560px\" alt=\"Rower miejski GOETZE Mood 28 lekki Shimano kosz Stopie\u0144 z\u0142o\u017cenia do samodzielnego z\u0142o\u017cenia, do regulacji\" style=\"max-width: 100%; height: auto; display: block; margin: 0 auto;\"><\/div>\n<\/div>\n<\/div>\n<\/div>\n<\/div>\n<\/div>\n<div style=\"clear: both; display: block; margin: 10px 0;\">\n<div style=\"clear: both; display: block; margin: 10px 0;\">\n<div style=\"clear: both; display: block; margin: 10px 0;\">\n<h3 style=\"color: #2c5aa0; font-size: 18px; margin: 30px 0 15px 0; font-weight: bold; clear: both; display: block; width: 100%; float: none; position: static;\">Oferta dotyczy roweru wraz z koszem i wk\u0142adem widocznym na zdj\u0119ciu.<\/h3>\n<\/div>\n<\/div>\n<\/div>\n<div style=\"clear: both; display: block; margin: 10px 0;\">\n<div style=\"clear: both; display: block; margin: 10px 0;\">\n<div style=\"clear: both; display: block; margin: 10px 0;\">\n<div  style=\"max-width:1500px;max-height:1500px\">\n<div style=\"clear: both; display: block; margin: 10px 0;\">\n<div style=\"clear: both; width: 100%; display: block; margin: 20px 0; padding: 0; float: none; position: static; text-align: center;\"><img decoding=\"async\"  src=\"https:\/\/a.allegroimg.com\/original\/116872\/3d63171d403d89af7b035ad971ca\/Rower-miejski-GOETZE-Mood-28-lekki-Shimano-kosz-Kolor-fioletowy\" srcset=\"https:\/\/a.allegroimg.com\/original\/116872\/3d63171d403d89af7b035ad971ca\/Rower-miejski-GOETZE-Mood-28-lekki-Shimano-kosz-Kolor-fioletowy 360w,https:\/\/a.allegroimg.com\/original\/116872\/3d63171d403d89af7b035ad971ca\/Rower-miejski-GOETZE-Mood-28-lekki-Shimano-kosz-Kolor-fioletowy 720w,https:\/\/a.allegroimg.com\/original\/116872\/3d63171d403d89af7b035ad971ca\/Rower-miejski-GOETZE-Mood-28-lekki-Shimano-kosz-Kolor-fioletowy 1024w,https:\/\/a.allegroimg.com\/original\/116872\/3d63171d403d89af7b035ad971ca\/Rower-miejski-GOETZE-Mood-28-lekki-Shimano-kosz-Kolor-fioletowy 1440w,https:\/\/a.allegroimg.com\/original\/116872\/3d63171d403d89af7b035ad971ca\/Rower-miejski-GOETZE-Mood-28-lekki-Shimano-kosz-Kolor-fioletowy 1500w\" sizes=\"(min-width: 1200px) 560px, (min-width: 992px) 50vw, 100vw\" width=\"1500px\" alt=\"Rower miejski GOETZE Mood 28 lekki Shimano kosz Kolor fioletowy\" style=\"max-width: 100%; height: auto; display: block; margin: 0 auto;\"><\/div>\n<\/div>\n<\/div>\n<\/div>\n<\/div>\n<div style=\"clear: both; display: block; margin: 10px 0;\">\n<div style=\"clear: both; display: block; margin: 10px 0;\">\n<div  style=\"max-width:1800px;max-height:1800px\">\n<div style=\"clear: both; display: block; margin: 10px 0;\">\n<div style=\"clear: both; width: 100%; display: block; margin: 20px 0; padding: 0; float: none; position: static; text-align: center;\"><img decoding=\"async\"  src=\"https:\/\/a.allegroimg.com\/original\/11057b\/927454044fbf894b44b25458d6dd\/Rower-miejski-GOETZE-Mood-28-lekki-Shimano-kosz-EAN-GTIN-5904172514714\" srcset=\"https:\/\/a.allegroimg.com\/original\/11057b\/927454044fbf894b44b25458d6dd\/Rower-miejski-GOETZE-Mood-28-lekki-Shimano-kosz-EAN-GTIN-5904172514714 360w,https:\/\/a.allegroimg.com\/original\/11057b\/927454044fbf894b44b25458d6dd\/Rower-miejski-GOETZE-Mood-28-lekki-Shimano-kosz-EAN-GTIN-5904172514714 720w,https:\/\/a.allegroimg.com\/original\/11057b\/927454044fbf894b44b25458d6dd\/Rower-miejski-GOETZE-Mood-28-lekki-Shimano-kosz-EAN-GTIN-5904172514714 1024w,https:\/\/a.allegroimg.com\/original\/11057b\/927454044fbf894b44b25458d6dd\/Rower-miejski-GOETZE-Mood-28-lekki-Shimano-kosz-EAN-GTIN-5904172514714 1440w,https:\/\/a.allegroimg.com\/original\/11057b\/927454044fbf894b44b25458d6dd\/Rower-miejski-GOETZE-Mood-28-lekki-Shimano-kosz-EAN-GTIN-5904172514714 1800w\" sizes=\"(min-width: 1200px) 560px, (min-width: 992px) 50vw, 100vw\" width=\"1800px\" alt=\"Rower miejski GOETZE Mood 28 lekki Shimano kosz EAN (GTIN) 5904172514714\" style=\"max-width: 100%; height: auto; display: block; margin: 0 auto;\"><\/div>\n<\/div>\n<\/div>\n<\/div>\n<\/div>\n<\/div>\n<div style=\"clear: both; display: block; margin: 10px 0;\">\n<div style=\"clear: both; display: block; margin: 10px 0;\">\n<div style=\"clear: both; display: block; margin: 10px 0;\">\n<div  style=\"max-width:2560px;max-height:557px\">\n<div style=\"clear: both; display: block; margin: 10px 0;\">\n<div style=\"clear: both; width: 100%; display: block; margin: 20px 0; padding: 0; float: none; position: static; text-align: center;\"><img decoding=\"async\"  src=\"https:\/\/a.allegroimg.com\/original\/1153da\/9f9ce46745d3a3216fc83ce48a5e\/Rower-miejski-GOETZE-Mood-28-lekki-Shimano-kosz-Marka-Goetze\" srcset=\"https:\/\/a.allegroimg.com\/original\/1153da\/9f9ce46745d3a3216fc83ce48a5e\/Rower-miejski-GOETZE-Mood-28-lekki-Shimano-kosz-Marka-Goetze 360w,https:\/\/a.allegroimg.com\/original\/1153da\/9f9ce46745d3a3216fc83ce48a5e\/Rower-miejski-GOETZE-Mood-28-lekki-Shimano-kosz-Marka-Goetze 720w,https:\/\/a.allegroimg.com\/original\/1153da\/9f9ce46745d3a3216fc83ce48a5e\/Rower-miejski-GOETZE-Mood-28-lekki-Shimano-kosz-Marka-Goetze 1024w,https:\/\/a.allegroimg.com\/original\/1153da\/9f9ce46745d3a3216fc83ce48a5e\/Rower-miejski-GOETZE-Mood-28-lekki-Shimano-kosz-Marka-Goetze 1440w,https:\/\/a.allegroimg.com\/original\/1153da\/9f9ce46745d3a3216fc83ce48a5e\/Rower-miejski-GOETZE-Mood-28-lekki-Shimano-kosz-Marka-Goetze 2560w\" sizes=\"100vw\" width=\"2560px\" alt=\"Rower miejski GOETZE Mood 28 lekki Shimano kosz Marka Goetze\" style=\"max-width: 100%; height: auto; display: block; margin: 0 auto;\"><\/div>\n<\/div>\n<\/div>\n<\/div>\n<\/div>\n<\/div>\n<\/div>\n<\/div>\n<\/div>\n<div style=\"clear: both; display: block; margin: 10px 0;\">\n","protected":false},"excerpt":{"rendered":"<p>Goetze Mood 28<\/p>\n<p>Rowery miejskie Goetze stanowi\u0105 wyj\u0105tkow\u0105 mieszank\u0119 stylu, elegancji i pragmatyzmu w\u015br\u00f3d, kt\u00f3rych ka\u017cdy znajdzie model odpowiedni do swoich<\/p>\n<p>potrzeb, niezale\u017cnie czy potrzebuje stylowego roweru, czy prostego \u015brodka transportu.<\/p>\n<p>Goetze to rower, kt\u00f3ry pozwoli Ci wyrazi\u0107 siebie i wyrwa\u0107 si\u0119 z szaro\u015bci i monotonii dnia codziennego.<\/p>\n<p>Cechy:<\/p>\n<p>kompletny osprz\u0119t Shimano (manetka, wolnobieg, przerzutka)<\/p>\n<p>7 bieg\u00f3w<\/p>\n<p>atrakcyjne design, stanowi\u0105cy wyj\u0105tkow\u0105 mieszank\u0119 stylu, elegancji i pragmatyzmu.<\/p>\n","protected":false},"featured_media":14326,"template":"","meta":{"_uag_custom_page_level_css":""},"product_brand":[708],"product_cat":[714,688,687],"product_tag":[],"class_list":{"0":"post-14325","1":"product","2":"type-product","3":"status-publish","4":"has-post-thumbnail","6":"product_brand-goetze","7":"product_cat-miejskie","8":"product_cat-rowery","9":"product_cat-rowery-i-akcesoria","11":"first","12":"instock","13":"sale","14":"shipping-taxable","15":"purchasable","16":"product-type-simple"},"uagb_featured_image_src":{"full":["https:\/\/twojerowery.shop\/ro64\/wp-content\/uploads\/2026\/02\/allegro-image-14325.jpg",2560,2214,false],"thumbnail":["https:\/\/twojerowery.shop\/ro64\/wp-content\/uploads\/2026\/02\/allegro-image-14325-150x150.jpg",150,150,true],"medium":["https:\/\/twojerowery.shop\/ro64\/wp-content\/uploads\/2026\/02\/allegro-image-14325-300x259.jpg",300,259,true],"medium_large":["https:\/\/twojerowery.shop\/ro64\/wp-content\/uploads\/2026\/02\/allegro-image-14325-768x664.jpg",768,664,true],"large":["https:\/\/twojerowery.shop\/ro64\/wp-content\/uploads\/2026\/02\/allegro-image-14325-1024x886.jpg",1024,886,true],"1536x1536":["https:\/\/twojerowery.shop\/ro64\/wp-content\/uploads\/2026\/02\/allegro-image-14325-1536x1328.jpg",1536,1328,true],"2048x2048":["https:\/\/twojerowery.shop\/ro64\/wp-content\/uploads\/2026\/02\/allegro-image-14325-2048x1771.jpg",2048,1771,true],"woocommerce_thumbnail":["https:\/\/twojerowery.shop\/ro64\/wp-content\/uploads\/2026\/02\/allegro-image-14325-300x300.jpg",300,300,true],"woocommerce_single":["https:\/\/twojerowery.shop\/ro64\/wp-content\/uploads\/2026\/02\/allegro-image-14325-600x519.jpg",600,519,true],"woocommerce_gallery_thumbnail":["https:\/\/twojerowery.shop\/ro64\/wp-content\/uploads\/2026\/02\/allegro-image-14325-100x100.jpg",100,100,true]},"uagb_author_info":{"display_name":"admin","author_link":"https:\/\/twojerowery.shop\/ro64\/author\/"},"uagb_comment_info":0,"uagb_excerpt":"Goetze Mood 28 Rowery miejskie Goetze stanowi\u0105 wyj\u0105tkow\u0105 mieszank\u0119 stylu, elegancji i pragmatyzmu w\u015br\u00f3d, kt\u00f3rych ka\u017cdy znajdzie model odpowiedni do swoich potrzeb, niezale\u017cnie czy potrzebuje stylowego roweru, czy prostego \u015brodka transportu. Goetze to rower, kt\u00f3ry pozwoli Ci wyrazi\u0107 siebie i wyrwa\u0107 si\u0119 z szaro\u015bci i monotonii dnia codziennego. Cechy: kompletny osprz\u0119t Shimano (manetka, wolnobieg, przerzutka)&hellip;","_links":{"self":[{"href":"https:\/\/twojerowery.shop\/ro64\/wp-json\/wp\/v2\/product\/14325","targetHints":{"allow":["GET"]}}],"collection":[{"href":"https:\/\/twojerowery.shop\/ro64\/wp-json\/wp\/v2\/product"}],"about":[{"href":"https:\/\/twojerowery.shop\/ro64\/wp-json\/wp\/v2\/types\/product"}],"wp:featuredmedia":[{"embeddable":true,"href":"https:\/\/twojerowery.shop\/ro64\/wp-json\/wp\/v2\/media\/14326"}],"wp:attachment":[{"href":"https:\/\/twojerowery.shop\/ro64\/wp-json\/wp\/v2\/media?parent=14325"}],"wp:term":[{"taxonomy":"product_brand","embeddable":true,"href":"https:\/\/twojerowery.shop\/ro64\/wp-json\/wp\/v2\/product_brand?post=14325"},{"taxonomy":"product_cat","embeddable":true,"href":"https:\/\/twojerowery.shop\/ro64\/wp-json\/wp\/v2\/product_cat?post=14325"},{"taxonomy":"product_tag","embeddable":true,"href":"https:\/\/twojerowery.shop\/ro64\/wp-json\/wp\/v2\/product_tag?post=14325"}],"curies":[{"name":"wp","href":"https:\/\/api.w.org\/{rel}","templated":true}]}}