{"id":14333,"date":"2026-02-26T04:35:09","date_gmt":"2026-02-26T03:35:09","guid":{"rendered":"https:\/\/rowermax.shop\/ro64\/produkt\/rower-damski-damka-meski-miejski-uniwersal-26\/"},"modified":"2026-02-26T04:35:09","modified_gmt":"2026-02-26T03:35:09","slug":"rower-damski-damka-meski-miejski-uniwersal-26","status":"publish","type":"product","link":"https:\/\/twojerowery.shop\/ro64\/produkt\/rower-damski-damka-meski-miejski-uniwersal-26\/","title":{"rendered":"Rower Damski Damka M\u0119ski Miejski Uniwersal 26"},"content":{"rendered":"<div style=\"font-family: Arial, sans-serif; line-height: 1.6; color: #333; padding: 20px; clear: both; display: block; width: 100%; float: none; position: static; overflow: hidden;\">\n<div style=\"clear: both; display: block; margin: 10px 0;\">\n<div style=\"clear: both; display: block; margin: 10px 0;\">\n<div style=\"clear: both; display: block; margin: 10px 0;\">\n<div  style=\"max-width:1100px;max-height:11px\">\n<div style=\"clear: both; display: block; margin: 10px 0;\">\n<div style=\"clear: both; width: 100%; display: block; margin: 20px 0; padding: 0; float: none; position: static; text-align: center;\"><img decoding=\"async\"  src=\"https:\/\/a.allegroimg.com\/original\/11efcf\/b2eaf3d44effa261efde09d11e23\/Rower-Damski-Damka-Meski-Miejski-Uniwersal-26-Liczba-biegow-1\" srcset=\"https:\/\/a.allegroimg.com\/original\/11efcf\/b2eaf3d44effa261efde09d11e23\/Rower-Damski-Damka-Meski-Miejski-Uniwersal-26-Liczba-biegow-1 360w,https:\/\/a.allegroimg.com\/original\/11efcf\/b2eaf3d44effa261efde09d11e23\/Rower-Damski-Damka-Meski-Miejski-Uniwersal-26-Liczba-biegow-1 720w,https:\/\/a.allegroimg.com\/original\/11efcf\/b2eaf3d44effa261efde09d11e23\/Rower-Damski-Damka-Meski-Miejski-Uniwersal-26-Liczba-biegow-1 1024w,https:\/\/a.allegroimg.com\/original\/11efcf\/b2eaf3d44effa261efde09d11e23\/Rower-Damski-Damka-Meski-Miejski-Uniwersal-26-Liczba-biegow-1 1100w,https:\/\/a.allegroimg.com\/original\/11efcf\/b2eaf3d44effa261efde09d11e23\/Rower-Damski-Damka-Meski-Miejski-Uniwersal-26-Liczba-biegow-1 1100w\" sizes=\"100vw\" width=\"1100px\" alt=\"Rower Damski Damka M\u0119ski Miejski Uniwersal 26 Liczba bieg\u00f3w 1\" style=\"max-width: 100%; height: auto; display: block; margin: 0 auto;\"><\/div>\n<\/div>\n<\/div>\n<\/div>\n<\/div>\n<\/div>\n<div style=\"clear: both; display: block; margin: 10px 0;\">\n<div style=\"clear: both; display: block; margin: 10px 0;\">\n<div style=\"clear: both; display: block; margin: 10px 0;\">\n<h1>Rower Miejski Uniwersal 26<\/h1>\n<p style=\"margin: 15px 0; line-height: 1.8; clear: both; display: block; width: 100%; float: none; position: static;\">Kolor: Czarny<\/p>\n<p style=\"margin: 15px 0; line-height: 1.8; clear: both; display: block; width: 100%; float: none; position: static;\">Rozmiar ko\u0142a: 26&#8242;<\/p>\n<h3 style=\"color: #2c5aa0; font-size: 18px; margin: 30px 0 15px 0; font-weight: bold; clear: both; display: block; width: 100%; float: none; position: static;\">Zalety tego modelu:<\/h3>\n<p style=\"margin: 15px 0; line-height: 1.8; clear: both; display: block; width: 100%; float: none; position: static;\"><b>\u2705<\/b>wysoka jako\u015b\u0107<\/p>\n<p style=\"margin: 15px 0; line-height: 1.8; clear: both; display: block; width: 100%; float: none; position: static;\"><b>\u2705<\/b>wygoda w trakcie jazdy<\/p>\n<p style=\"margin: 15px 0; line-height: 1.8; clear: both; display: block; width: 100%; float: none; position: static;\"><b>\u2705<\/b>uniwersalny, zar\u00f3wno dla kobiety jak i m\u0119\u017cczyzny<\/p>\n<p style=\"margin: 15px 0; line-height: 1.8; clear: both; display: block; width: 100%; float: none; position: static;\"><b>\u2705<\/b>produkt polskiego producenta, dzi\u0119ki czemu wszystkie cz\u0119\u015bci zamienne s\u0105 w ci\u0105g\u0142ej sprzeda\u017cy<\/p>\n<p style=\"margin: 15px 0; line-height: 1.8; clear: both; display: block; width: 100%; float: none; position: static;\"><b>\u2705<\/b>posiada o\u015bwietlenie LED<\/p>\n<\/div>\n<\/div>\n<\/div>\n<div style=\"clear: both; display: block; margin: 10px 0;\">\n<div style=\"clear: both; display: block; margin: 10px 0;\">\n<div style=\"clear: both; display: block; margin: 10px 0;\">\n<div  style=\"max-width:1100px;max-height:11px\">\n<div style=\"clear: both; display: block; margin: 10px 0;\">\n<div style=\"clear: both; width: 100%; display: block; margin: 20px 0; padding: 0; float: none; position: static; text-align: center;\"><img decoding=\"async\"  src=\"https:\/\/a.allegroimg.com\/original\/11efcf\/b2eaf3d44effa261efde09d11e23\/Rower-Damski-Damka-Meski-Miejski-Uniwersal-26-Liczba-biegow-1\" srcset=\"https:\/\/a.allegroimg.com\/original\/11efcf\/b2eaf3d44effa261efde09d11e23\/Rower-Damski-Damka-Meski-Miejski-Uniwersal-26-Liczba-biegow-1 360w,https:\/\/a.allegroimg.com\/original\/11efcf\/b2eaf3d44effa261efde09d11e23\/Rower-Damski-Damka-Meski-Miejski-Uniwersal-26-Liczba-biegow-1 720w,https:\/\/a.allegroimg.com\/original\/11efcf\/b2eaf3d44effa261efde09d11e23\/Rower-Damski-Damka-Meski-Miejski-Uniwersal-26-Liczba-biegow-1 1024w,https:\/\/a.allegroimg.com\/original\/11efcf\/b2eaf3d44effa261efde09d11e23\/Rower-Damski-Damka-Meski-Miejski-Uniwersal-26-Liczba-biegow-1 1100w,https:\/\/a.allegroimg.com\/original\/11efcf\/b2eaf3d44effa261efde09d11e23\/Rower-Damski-Damka-Meski-Miejski-Uniwersal-26-Liczba-biegow-1 1100w\" sizes=\"100vw\" width=\"1100px\" alt=\"Rower Damski Damka M\u0119ski Miejski Uniwersal 26 Liczba bieg\u00f3w 1\" style=\"max-width: 100%; height: auto; display: block; margin: 0 auto;\"><\/div>\n<\/div>\n<\/div>\n<\/div>\n<\/div>\n<\/div>\n<div style=\"clear: both; display: block; margin: 10px 0;\">\n<div style=\"clear: both; display: block; margin: 10px 0;\">\n<div style=\"clear: both; display: block; margin: 10px 0;\">\n<h1>CENA PROMOCYJNA 598z\u0142<\/h1>\n<h2>CENA KATALOGOWA: 799z\u0142<\/h2>\n<\/div>\n<\/div>\n<\/div>\n<div style=\"clear: both; display: block; margin: 10px 0;\">\n<div style=\"clear: both; display: block; margin: 10px 0;\">\n<div style=\"clear: both; display: block; margin: 10px 0;\">\n<h2>SPECYFIKACJA:<\/h2>\n<p style=\"margin: 15px 0; line-height: 1.8; clear: both; display: block; width: 100%; float: none; position: static;\">Rama:&nbsp;stalowa<\/p>\n<p style=\"margin: 15px 0; line-height: 1.8; clear: both; display: block; width: 100%; float: none; position: static;\">Widelec:&nbsp;sztywny<\/p>\n<p style=\"margin: 15px 0; line-height: 1.8; clear: both; display: block; width: 100%; float: none; position: static;\">Biegi&nbsp;&#8211; 1 bieg<\/p>\n<p style=\"margin: 15px 0; line-height: 1.8; clear: both; display: block; width: 100%; float: none; position: static;\">Hamulec prz\u00f3d:&nbsp;caliper<\/p>\n<p style=\"margin: 15px 0; line-height: 1.8; clear: both; display: block; width: 100%; float: none; position: static;\">Hamulec ty\u0142: torpedo Velosteel (w peda\u0142ach)<\/p>\n<p style=\"margin: 15px 0; line-height: 1.8; clear: both; display: block; width: 100%; float: none; position: static;\">Piasta prz\u00f3d: stalowa<\/p>\n<p style=\"margin: 15px 0; line-height: 1.8; clear: both; display: block; width: 100%; float: none; position: static;\">Piasta ty\u0142:&nbsp;torpedo Favorit<\/p>\n<p style=\"margin: 15px 0; line-height: 1.8; clear: both; display: block; width: 100%; float: none; position: static;\">Obr\u0119cze: stalowe<\/p>\n<p style=\"margin: 15px 0; line-height: 1.8; clear: both; display: block; width: 100%; float: none; position: static;\">Opony:&nbsp;26&#215;1,75<\/p>\n<p style=\"margin: 15px 0; line-height: 1.8; clear: both; display: block; width: 100%; float: none; position: static;\">Siod\u0142o:&nbsp;na spr\u0119\u017cynie<\/p>\n<p style=\"margin: 15px 0; line-height: 1.8; clear: both; display: block; width: 100%; float: none; position: static;\">Peda\u0142y:&nbsp;tworzywo<\/p>\n<p style=\"margin: 15px 0; line-height: 1.8; clear: both; display: block; width: 100%; float: none; position: static;\">Wyposa\u017cenie:&nbsp;metalowe b\u0142otniki, o\u015bwietlenie LED, podp\u00f3rka<\/p>\n<\/div>\n<\/div>\n<\/div>\n<div style=\"clear: both; display: block; margin: 10px 0;\">\n<div style=\"clear: both; display: block; margin: 10px 0;\">\n<div style=\"clear: both; display: block; margin: 10px 0;\">\n<div  style=\"max-width:1024px;max-height:768px\">\n<div style=\"clear: both; display: block; margin: 10px 0;\">\n<div style=\"clear: both; width: 100%; display: block; margin: 20px 0; padding: 0; float: none; position: static; text-align: center;\"><img decoding=\"async\"  src=\"https:\/\/7.allegroimg.com\/original\/0329c9\/b11cc3d14642824bfb2915170a67\/Rower-Damski-Damka-Meski-Miejski-Uniwersal-26-Stopien-zlozenia-wstepnie-zlozony-wyregulowany\" srcset=\"https:\/\/7.allegroimg.com\/original\/0329c9\/b11cc3d14642824bfb2915170a67\/Rower-Damski-Damka-Meski-Miejski-Uniwersal-26-Stopien-zlozenia-wstepnie-zlozony-wyregulowany 360w,https:\/\/7.allegroimg.com\/original\/0329c9\/b11cc3d14642824bfb2915170a67\/Rower-Damski-Damka-Meski-Miejski-Uniwersal-26-Stopien-zlozenia-wstepnie-zlozony-wyregulowany 720w,https:\/\/7.allegroimg.com\/original\/0329c9\/b11cc3d14642824bfb2915170a67\/Rower-Damski-Damka-Meski-Miejski-Uniwersal-26-Stopien-zlozenia-wstepnie-zlozony-wyregulowany 1024w,https:\/\/7.allegroimg.com\/original\/0329c9\/b11cc3d14642824bfb2915170a67\/Rower-Damski-Damka-Meski-Miejski-Uniwersal-26-Stopien-zlozenia-wstepnie-zlozony-wyregulowany 1024w\" sizes=\"100vw\" width=\"1024px\" alt=\"Rower Damski Damka M\u0119ski Miejski Uniwersal 26 Stopie\u0144 z\u0142o\u017cenia wst\u0119pnie z\u0142o\u017cony, wyregulowany\" style=\"max-width: 100%; height: auto; display: block; margin: 0 auto;\"><\/div>\n<\/div>\n<\/div>\n<\/div>\n<\/div>\n<\/div>\n<div style=\"clear: both; display: block; margin: 10px 0;\">\n<div style=\"clear: both; display: block; margin: 10px 0;\">\n<div style=\"clear: both; display: block; margin: 10px 0;\">\n<div  style=\"max-width:1024px;max-height:768px\">\n<div style=\"clear: both; display: block; margin: 10px 0;\">\n<div style=\"clear: both; width: 100%; display: block; margin: 20px 0; padding: 0; float: none; position: static; text-align: center;\"><img decoding=\"async\"  src=\"https:\/\/2.allegroimg.com\/original\/032703\/a8c0bd7e49a6877413b5249aa982\/Rower-Damski-Damka-Meski-Miejski-Uniwersal-26-Kod-producenta-Montemar-Retro-26\" srcset=\"https:\/\/2.allegroimg.com\/original\/032703\/a8c0bd7e49a6877413b5249aa982\/Rower-Damski-Damka-Meski-Miejski-Uniwersal-26-Kod-producenta-Montemar-Retro-26 360w,https:\/\/2.allegroimg.com\/original\/032703\/a8c0bd7e49a6877413b5249aa982\/Rower-Damski-Damka-Meski-Miejski-Uniwersal-26-Kod-producenta-Montemar-Retro-26 720w,https:\/\/2.allegroimg.com\/original\/032703\/a8c0bd7e49a6877413b5249aa982\/Rower-Damski-Damka-Meski-Miejski-Uniwersal-26-Kod-producenta-Montemar-Retro-26 1024w,https:\/\/2.allegroimg.com\/original\/032703\/a8c0bd7e49a6877413b5249aa982\/Rower-Damski-Damka-Meski-Miejski-Uniwersal-26-Kod-producenta-Montemar-Retro-26 1024w\" sizes=\"(min-width: 1200px) 560px, (min-width: 992px) 50vw, 100vw\" width=\"1024px\" alt=\"Rower Damski Damka M\u0119ski Miejski Uniwersal 26 Kod producenta Montemar Retro 26\" style=\"max-width: 100%; height: auto; display: block; margin: 0 auto;\"><\/div>\n<\/div>\n<\/div>\n<\/div>\n<\/div>\n<div style=\"clear: both; display: block; margin: 10px 0;\">\n<div style=\"clear: both; display: block; margin: 10px 0;\">\n<div  style=\"max-width:1024px;max-height:768px\">\n<div style=\"clear: both; display: block; margin: 10px 0;\">\n<div style=\"clear: both; width: 100%; display: block; margin: 20px 0; padding: 0; float: none; position: static; text-align: center;\"><img decoding=\"async\"  src=\"https:\/\/6.allegroimg.com\/original\/03318f\/73c46d434101bd065ede822fb356\/Rower-Damski-Damka-Meski-Miejski-Uniwersal-26-Marka-bez-marki\" srcset=\"https:\/\/6.allegroimg.com\/original\/03318f\/73c46d434101bd065ede822fb356\/Rower-Damski-Damka-Meski-Miejski-Uniwersal-26-Marka-bez-marki 360w,https:\/\/6.allegroimg.com\/original\/03318f\/73c46d434101bd065ede822fb356\/Rower-Damski-Damka-Meski-Miejski-Uniwersal-26-Marka-bez-marki 720w,https:\/\/6.allegroimg.com\/original\/03318f\/73c46d434101bd065ede822fb356\/Rower-Damski-Damka-Meski-Miejski-Uniwersal-26-Marka-bez-marki 1024w,https:\/\/6.allegroimg.com\/original\/03318f\/73c46d434101bd065ede822fb356\/Rower-Damski-Damka-Meski-Miejski-Uniwersal-26-Marka-bez-marki 1024w\" sizes=\"(min-width: 1200px) 560px, (min-width: 992px) 50vw, 100vw\" width=\"1024px\" alt=\"Rower Damski Damka M\u0119ski Miejski Uniwersal 26 Marka bez marki\" style=\"max-width: 100%; height: auto; display: block; margin: 0 auto;\"><\/div>\n<\/div>\n<\/div>\n<\/div>\n<\/div>\n<\/div>\n<div style=\"clear: both; display: block; margin: 10px 0;\">\n<div style=\"clear: both; display: block; margin: 10px 0;\">\n<div style=\"clear: both; display: block; margin: 10px 0;\">\n<div  style=\"max-width:1024px;max-height:768px\">\n<div style=\"clear: both; display: block; margin: 10px 0;\">\n<div style=\"clear: both; width: 100%; display: block; margin: 20px 0; padding: 0; float: none; position: static; text-align: center;\"><img decoding=\"async\"  src=\"https:\/\/7.allegroimg.com\/original\/03aa23\/9cd54f5e4de38d9eaa5fdceee257\/Rower-Damski-Damka-Meski-Miejski-Uniwersal-26-Rozmiar-ramy-18-cali\" srcset=\"https:\/\/7.allegroimg.com\/original\/03aa23\/9cd54f5e4de38d9eaa5fdceee257\/Rower-Damski-Damka-Meski-Miejski-Uniwersal-26-Rozmiar-ramy-18-cali 360w,https:\/\/7.allegroimg.com\/original\/03aa23\/9cd54f5e4de38d9eaa5fdceee257\/Rower-Damski-Damka-Meski-Miejski-Uniwersal-26-Rozmiar-ramy-18-cali 720w,https:\/\/7.allegroimg.com\/original\/03aa23\/9cd54f5e4de38d9eaa5fdceee257\/Rower-Damski-Damka-Meski-Miejski-Uniwersal-26-Rozmiar-ramy-18-cali 1024w,https:\/\/7.allegroimg.com\/original\/03aa23\/9cd54f5e4de38d9eaa5fdceee257\/Rower-Damski-Damka-Meski-Miejski-Uniwersal-26-Rozmiar-ramy-18-cali 1024w\" sizes=\"100vw\" width=\"1024px\" alt=\"Rower Damski Damka M\u0119ski Miejski Uniwersal 26 Rozmiar ramy 18 cali\" style=\"max-width: 100%; height: auto; display: block; margin: 0 auto;\"><\/div>\n<\/div>\n<\/div>\n<\/div>\n<\/div>\n<\/div>\n<div style=\"clear: both; display: block; margin: 10px 0;\">\n<div style=\"clear: both; display: block; margin: 10px 0;\">\n<div style=\"clear: both; display: block; margin: 10px 0;\">\n<div  style=\"max-width:1024px;max-height:768px\">\n<div style=\"clear: both; display: block; margin: 10px 0;\">\n<div style=\"clear: both; width: 100%; display: block; margin: 20px 0; padding: 0; float: none; position: static; text-align: center;\"><img decoding=\"async\"  src=\"https:\/\/3.allegroimg.com\/original\/032ce7\/e042c23c47d1bcf96d1bb14a3133\/Rower-Damski-Damka-Meski-Miejski-Uniwersal-26-Rozmiar-kola-26\" srcset=\"https:\/\/3.allegroimg.com\/original\/032ce7\/e042c23c47d1bcf96d1bb14a3133\/Rower-Damski-Damka-Meski-Miejski-Uniwersal-26-Rozmiar-kola-26 360w,https:\/\/3.allegroimg.com\/original\/032ce7\/e042c23c47d1bcf96d1bb14a3133\/Rower-Damski-Damka-Meski-Miejski-Uniwersal-26-Rozmiar-kola-26 720w,https:\/\/3.allegroimg.com\/original\/032ce7\/e042c23c47d1bcf96d1bb14a3133\/Rower-Damski-Damka-Meski-Miejski-Uniwersal-26-Rozmiar-kola-26 1024w,https:\/\/3.allegroimg.com\/original\/032ce7\/e042c23c47d1bcf96d1bb14a3133\/Rower-Damski-Damka-Meski-Miejski-Uniwersal-26-Rozmiar-kola-26 1024w\" sizes=\"(min-width: 1200px) 560px, (min-width: 992px) 50vw, 100vw\" width=\"1024px\" alt=\"Rower Damski Damka M\u0119ski Miejski Uniwersal 26 Rozmiar ko\u0142a (&quot;) 26\" style=\"max-width: 100%; height: auto; display: block; margin: 0 auto;\"><\/div>\n<\/div>\n<\/div>\n<\/div>\n<\/div>\n<div style=\"clear: both; display: block; margin: 10px 0;\">\n<div style=\"clear: both; display: block; margin: 10px 0;\">\n<div  style=\"max-width:1024px;max-height:768px\">\n<div style=\"clear: both; display: block; margin: 10px 0;\">\n<div style=\"clear: both; width: 100%; display: block; margin: 20px 0; padding: 0; float: none; position: static; text-align: center;\"><img decoding=\"async\"  src=\"https:\/\/2.allegroimg.com\/original\/0398b9\/6f2e72da4a4290bc1f29ac5a4742\/Rower-Damski-Damka-Meski-Miejski-Uniwersal-26-Kolor-czarny\" srcset=\"https:\/\/2.allegroimg.com\/original\/0398b9\/6f2e72da4a4290bc1f29ac5a4742\/Rower-Damski-Damka-Meski-Miejski-Uniwersal-26-Kolor-czarny 360w,https:\/\/2.allegroimg.com\/original\/0398b9\/6f2e72da4a4290bc1f29ac5a4742\/Rower-Damski-Damka-Meski-Miejski-Uniwersal-26-Kolor-czarny 720w,https:\/\/2.allegroimg.com\/original\/0398b9\/6f2e72da4a4290bc1f29ac5a4742\/Rower-Damski-Damka-Meski-Miejski-Uniwersal-26-Kolor-czarny 1024w,https:\/\/2.allegroimg.com\/original\/0398b9\/6f2e72da4a4290bc1f29ac5a4742\/Rower-Damski-Damka-Meski-Miejski-Uniwersal-26-Kolor-czarny 1024w\" sizes=\"(min-width: 1200px) 560px, (min-width: 992px) 50vw, 100vw\" width=\"1024px\" alt=\"Rower Damski Damka M\u0119ski Miejski Uniwersal 26 Kolor czarny\" style=\"max-width: 100%; height: auto; display: block; margin: 0 auto;\"><\/div>\n<\/div>\n<\/div>\n<\/div>\n<\/div>\n<\/div>\n<div style=\"clear: both; display: block; margin: 10px 0;\">\n<div style=\"clear: both; display: block; margin: 10px 0;\">\n<div style=\"clear: both; display: block; margin: 10px 0;\">\n<h1>Rower dostarczamy w pe\u0142ni wyregulowany.<\/h1>\n<h2>Po otrzymaniu roweru rozpakuj zawarto\u015b\u0107 kartonu.<\/h2>\n<\/div>\n<\/div>\n<\/div>\n<div style=\"clear: both; display: block; margin: 10px 0;\">\n<div style=\"clear: both; display: block; margin: 10px 0;\">\n<div style=\"clear: both; display: block; margin: 10px 0;\">\n<div  style=\"max-width:2544px;max-height:1404px\">\n<div style=\"clear: both; display: block; margin: 10px 0;\">\n<div style=\"clear: both; width: 100%; display: block; margin: 20px 0; padding: 0; float: none; position: static; text-align: center;\"><img decoding=\"async\"  src=\"https:\/\/a.allegroimg.com\/original\/1112de\/4840d3eb40ce928c3a6eb1c6554c\/Rower-Damski-Damka-Meski-Miejski-Uniwersal-26-Wzrost-uzytkownika-150-185-cm\" srcset=\"https:\/\/a.allegroimg.com\/original\/1112de\/4840d3eb40ce928c3a6eb1c6554c\/Rower-Damski-Damka-Meski-Miejski-Uniwersal-26-Wzrost-uzytkownika-150-185-cm 360w,https:\/\/a.allegroimg.com\/original\/1112de\/4840d3eb40ce928c3a6eb1c6554c\/Rower-Damski-Damka-Meski-Miejski-Uniwersal-26-Wzrost-uzytkownika-150-185-cm 720w,https:\/\/a.allegroimg.com\/original\/1112de\/4840d3eb40ce928c3a6eb1c6554c\/Rower-Damski-Damka-Meski-Miejski-Uniwersal-26-Wzrost-uzytkownika-150-185-cm 1024w,https:\/\/a.allegroimg.com\/original\/1112de\/4840d3eb40ce928c3a6eb1c6554c\/Rower-Damski-Damka-Meski-Miejski-Uniwersal-26-Wzrost-uzytkownika-150-185-cm 1440w,https:\/\/a.allegroimg.com\/original\/1112de\/4840d3eb40ce928c3a6eb1c6554c\/Rower-Damski-Damka-Meski-Miejski-Uniwersal-26-Wzrost-uzytkownika-150-185-cm 2544w\" sizes=\"100vw\" width=\"2544px\" alt=\"Rower Damski Damka M\u0119ski Miejski Uniwersal 26 Wzrost u\u017cytkownika 150-185 cm\" style=\"max-width: 100%; height: auto; display: block; margin: 0 auto;\"><\/div>\n<\/div>\n<\/div>\n<\/div>\n<\/div>\n<\/div>\n<div style=\"clear: both; display: block; margin: 10px 0;\">\n<div style=\"clear: both; display: block; margin: 10px 0;\">\n<div style=\"clear: both; display: block; margin: 10px 0;\">\n<h2>Zamontuj siode\u0142ko i kierownic\u0119.<\/h2>\n<\/div>\n<\/div>\n<\/div>\n<div style=\"clear: both; display: block; margin: 10px 0;\">\n<div style=\"clear: both; display: block; margin: 10px 0;\">\n<div style=\"clear: both; display: block; margin: 10px 0;\">\n<div  style=\"max-width:1498px;max-height:1348px\">\n<div style=\"clear: both; display: block; margin: 10px 0;\">\n<div style=\"clear: both; width: 100%; display: block; margin: 20px 0; padding: 0; float: none; position: static; text-align: center;\"><img decoding=\"async\"  src=\"https:\/\/a.allegroimg.com\/original\/11c8ce\/6e44ed1b4fdcbc29959a9637a018\/Rower-Damski-Damka-Meski-Miejski-Uniwersal-26-Material-ramy-stal\" srcset=\"https:\/\/a.allegroimg.com\/original\/11c8ce\/6e44ed1b4fdcbc29959a9637a018\/Rower-Damski-Damka-Meski-Miejski-Uniwersal-26-Material-ramy-stal 360w,https:\/\/a.allegroimg.com\/original\/11c8ce\/6e44ed1b4fdcbc29959a9637a018\/Rower-Damski-Damka-Meski-Miejski-Uniwersal-26-Material-ramy-stal 720w,https:\/\/a.allegroimg.com\/original\/11c8ce\/6e44ed1b4fdcbc29959a9637a018\/Rower-Damski-Damka-Meski-Miejski-Uniwersal-26-Material-ramy-stal 1024w,https:\/\/a.allegroimg.com\/original\/11c8ce\/6e44ed1b4fdcbc29959a9637a018\/Rower-Damski-Damka-Meski-Miejski-Uniwersal-26-Material-ramy-stal 1440w,https:\/\/a.allegroimg.com\/original\/11c8ce\/6e44ed1b4fdcbc29959a9637a018\/Rower-Damski-Damka-Meski-Miejski-Uniwersal-26-Material-ramy-stal 1498w\" sizes=\"100vw\" width=\"1498px\" alt=\"Rower Damski Damka M\u0119ski Miejski Uniwersal 26 Materia\u0142 ramy stal\" style=\"max-width: 100%; height: auto; display: block; margin: 0 auto;\"><\/div>\n<\/div>\n<\/div>\n<\/div>\n<\/div>\n<\/div>\n<div style=\"clear: both; display: block; margin: 10px 0;\">\n<div style=\"clear: both; display: block; margin: 10px 0;\">\n<div style=\"clear: both; display: block; margin: 10px 0;\">\n<h2>Przykr\u0119\u0107 przednie ko\u0142o i zamontuj peda\u0142y<\/h2>\n<\/div>\n<\/div>\n<\/div>\n<div style=\"clear: both; display: block; margin: 10px 0;\">\n<div style=\"clear: both; display: block; margin: 10px 0;\">\n<div style=\"clear: both; display: block; margin: 10px 0;\">\n<div  style=\"max-width:2218px;max-height:1348px\">\n<div style=\"clear: both; display: block; margin: 10px 0;\">\n<div style=\"clear: both; width: 100%; display: block; margin: 20px 0; padding: 0; float: none; position: static; text-align: center;\"><img decoding=\"async\"  src=\"https:\/\/a.allegroimg.com\/original\/117fe5\/a23d69064b3a83f529b204b2af8c\/Rower-Damski-Damka-Meski-Miejski-Uniwersal-26-Plec-produkt-uniseks\" srcset=\"https:\/\/a.allegroimg.com\/original\/117fe5\/a23d69064b3a83f529b204b2af8c\/Rower-Damski-Damka-Meski-Miejski-Uniwersal-26-Plec-produkt-uniseks 360w,https:\/\/a.allegroimg.com\/original\/117fe5\/a23d69064b3a83f529b204b2af8c\/Rower-Damski-Damka-Meski-Miejski-Uniwersal-26-Plec-produkt-uniseks 720w,https:\/\/a.allegroimg.com\/original\/117fe5\/a23d69064b3a83f529b204b2af8c\/Rower-Damski-Damka-Meski-Miejski-Uniwersal-26-Plec-produkt-uniseks 1024w,https:\/\/a.allegroimg.com\/original\/117fe5\/a23d69064b3a83f529b204b2af8c\/Rower-Damski-Damka-Meski-Miejski-Uniwersal-26-Plec-produkt-uniseks 1440w,https:\/\/a.allegroimg.com\/original\/117fe5\/a23d69064b3a83f529b204b2af8c\/Rower-Damski-Damka-Meski-Miejski-Uniwersal-26-Plec-produkt-uniseks 2218w\" sizes=\"100vw\" width=\"2218px\" alt=\"Rower Damski Damka M\u0119ski Miejski Uniwersal 26 P\u0142e\u0107 produkt uniseks\" style=\"max-width: 100%; height: auto; display: block; margin: 0 auto;\"><\/div>\n<\/div>\n<\/div>\n<\/div>\n<\/div>\n<\/div>\n<div style=\"clear: both; display: block; margin: 10px 0;\">\n<div style=\"clear: both; display: block; margin: 10px 0;\">\n<div style=\"clear: both; display: block; margin: 10px 0;\">\n<h2>Na sam koniec sprawd\u017a czy wszystkie elementy s\u0105 prawid\u0142owo zamontowane i dokr\u0119cone.<\/h2>\n<\/div>\n<\/div>\n<\/div>\n<\/div>\n<\/div>\n<\/div>\n<div style=\"clear: both; display: block; margin: 10px 0;\">\n","protected":false},"excerpt":{"rendered":"<p>Rower Miejski Uniwersal 26<\/p>\n<p>Kolor: Czarny<\/p>\n<p>Rozmiar ko\u0142a: 26&#039;<\/p>\n<p>Zalety tego modelu:<\/p>\n<p>\u2705wysoka jako\u015b\u0107<\/p>\n<p>\u2705wygoda w trakcie jazdy<\/p>\n<p>\u2705uniwersalny, zar\u00f3wno dla kobiety jak i m\u0119\u017cczyzny<\/p>\n<p>\u2705produkt polskiego producenta, dzi\u0119ki czemu wszystkie cz\u0119\u015bci zamienne s\u0105 w ci\u0105g\u0142ej sprzeda\u017cy<\/p>\n","protected":false},"featured_media":14334,"template":"","meta":{"_uag_custom_page_level_css":""},"product_brand":[447],"product_cat":[714,688,687],"product_tag":[],"class_list":{"0":"post-14333","1":"product","2":"type-product","3":"status-publish","4":"has-post-thumbnail","6":"product_brand-bez-marki","7":"product_cat-miejskie","8":"product_cat-rowery","9":"product_cat-rowery-i-akcesoria","11":"first","12":"instock","13":"sale","14":"shipping-taxable","15":"purchasable","16":"product-type-simple"},"uagb_featured_image_src":{"full":["https:\/\/twojerowery.shop\/ro64\/wp-content\/uploads\/2026\/02\/allegro-image-14333.jpg",1920,1139,false],"thumbnail":["https:\/\/twojerowery.shop\/ro64\/wp-content\/uploads\/2026\/02\/allegro-image-14333-150x150.jpg",150,150,true],"medium":["https:\/\/twojerowery.shop\/ro64\/wp-content\/uploads\/2026\/02\/allegro-image-14333-300x178.jpg",300,178,true],"medium_large":["https:\/\/twojerowery.shop\/ro64\/wp-content\/uploads\/2026\/02\/allegro-image-14333-768x456.jpg",768,456,true],"large":["https:\/\/twojerowery.shop\/ro64\/wp-content\/uploads\/2026\/02\/allegro-image-14333-1024x607.jpg",1024,607,true],"1536x1536":["https:\/\/twojerowery.shop\/ro64\/wp-content\/uploads\/2026\/02\/allegro-image-14333-1536x911.jpg",1536,911,true],"2048x2048":["https:\/\/twojerowery.shop\/ro64\/wp-content\/uploads\/2026\/02\/allegro-image-14333.jpg",1920,1139,false],"woocommerce_thumbnail":["https:\/\/twojerowery.shop\/ro64\/wp-content\/uploads\/2026\/02\/allegro-image-14333-300x300.jpg",300,300,true],"woocommerce_single":["https:\/\/twojerowery.shop\/ro64\/wp-content\/uploads\/2026\/02\/allegro-image-14333-600x356.jpg",600,356,true],"woocommerce_gallery_thumbnail":["https:\/\/twojerowery.shop\/ro64\/wp-content\/uploads\/2026\/02\/allegro-image-14333-100x100.jpg",100,100,true]},"uagb_author_info":{"display_name":"admin","author_link":"https:\/\/twojerowery.shop\/ro64\/author\/"},"uagb_comment_info":0,"uagb_excerpt":"Rower Miejski Uniwersal 26 Kolor: Czarny Rozmiar ko\u0142a: 26&#039; Zalety tego modelu: \u2705wysoka jako\u015b\u0107 \u2705wygoda w trakcie jazdy \u2705uniwersalny, zar\u00f3wno dla kobiety jak i m\u0119\u017cczyzny \u2705produkt polskiego producenta, dzi\u0119ki czemu wszystkie cz\u0119\u015bci zamienne s\u0105 w ci\u0105g\u0142ej sprzeda\u017cy","_links":{"self":[{"href":"https:\/\/twojerowery.shop\/ro64\/wp-json\/wp\/v2\/product\/14333","targetHints":{"allow":["GET"]}}],"collection":[{"href":"https:\/\/twojerowery.shop\/ro64\/wp-json\/wp\/v2\/product"}],"about":[{"href":"https:\/\/twojerowery.shop\/ro64\/wp-json\/wp\/v2\/types\/product"}],"wp:featuredmedia":[{"embeddable":true,"href":"https:\/\/twojerowery.shop\/ro64\/wp-json\/wp\/v2\/media\/14334"}],"wp:attachment":[{"href":"https:\/\/twojerowery.shop\/ro64\/wp-json\/wp\/v2\/media?parent=14333"}],"wp:term":[{"taxonomy":"product_brand","embeddable":true,"href":"https:\/\/twojerowery.shop\/ro64\/wp-json\/wp\/v2\/product_brand?post=14333"},{"taxonomy":"product_cat","embeddable":true,"href":"https:\/\/twojerowery.shop\/ro64\/wp-json\/wp\/v2\/product_cat?post=14333"},{"taxonomy":"product_tag","embeddable":true,"href":"https:\/\/twojerowery.shop\/ro64\/wp-json\/wp\/v2\/product_tag?post=14333"}],"curies":[{"name":"wp","href":"https:\/\/api.w.org\/{rel}","templated":true}]}}