{"id":14347,"date":"2026-02-26T04:35:20","date_gmt":"2026-02-26T03:35:20","guid":{"rendered":"https:\/\/rowermax.shop\/ro64\/produkt\/damski-rower-miejski-goetze-26-lekki-damka-shimano-kosz\/"},"modified":"2026-03-29T05:37:09","modified_gmt":"2026-03-29T04:37:09","slug":"damski-rower-miejski-goetze-26-lekki-damka-shimano-kosz","status":"publish","type":"product","link":"https:\/\/twojerowery.shop\/ro64\/produkt\/damski-rower-miejski-goetze-26-lekki-damka-shimano-kosz\/","title":{"rendered":"DAMSKI ROWER MIEJSKI Goetze 26 LEKKI DAMKA SHIMANO KOSZ"},"content":{"rendered":"<div style=\"font-family: Arial, sans-serif; line-height: 1.6; color: #333; padding: 20px; clear: both; display: block; width: 100%; float: none; position: static; overflow: hidden;\">\n<div style=\"clear: both; display: block; margin: 10px 0;\">\n<div style=\"clear: both; display: block; margin: 10px 0;\">\n<div style=\"clear: both; display: block; margin: 10px 0;\">\n<h1>Goetze Mood 26&#8242; NL<\/h1>\n<\/div>\n<\/div>\n<\/div>\n<div style=\"clear: both; display: block; margin: 10px 0;\">\n<div style=\"clear: both; display: block; margin: 10px 0;\">\n<div style=\"clear: both; display: block; margin: 10px 0;\">\n<div  style=\"max-width:2560px;max-height:2330px\">\n<div style=\"clear: both; display: block; margin: 10px 0;\">\n<div style=\"clear: both; width: 100%; display: block; margin: 20px 0; padding: 0; float: none; position: static; text-align: center;\"><img decoding=\"async\"  src=\"https:\/\/a.allegroimg.com\/original\/111901\/6dcd501c4e45920673b25828741d\/DAMSKI-ROWER-MIEJSKI-Goetze-26-LEKKI-DAMKA-SHIMANO-KOSZ-Stopien-zlozenia-do-samodzielnego-zlozenia-do-regulacji\" srcset=\"https:\/\/a.allegroimg.com\/original\/111901\/6dcd501c4e45920673b25828741d\/DAMSKI-ROWER-MIEJSKI-Goetze-26-LEKKI-DAMKA-SHIMANO-KOSZ-Stopien-zlozenia-do-samodzielnego-zlozenia-do-regulacji 360w,https:\/\/a.allegroimg.com\/original\/111901\/6dcd501c4e45920673b25828741d\/DAMSKI-ROWER-MIEJSKI-Goetze-26-LEKKI-DAMKA-SHIMANO-KOSZ-Stopien-zlozenia-do-samodzielnego-zlozenia-do-regulacji 720w,https:\/\/a.allegroimg.com\/original\/111901\/6dcd501c4e45920673b25828741d\/DAMSKI-ROWER-MIEJSKI-Goetze-26-LEKKI-DAMKA-SHIMANO-KOSZ-Stopien-zlozenia-do-samodzielnego-zlozenia-do-regulacji 1024w,https:\/\/a.allegroimg.com\/original\/111901\/6dcd501c4e45920673b25828741d\/DAMSKI-ROWER-MIEJSKI-Goetze-26-LEKKI-DAMKA-SHIMANO-KOSZ-Stopien-zlozenia-do-samodzielnego-zlozenia-do-regulacji 1440w,https:\/\/a.allegroimg.com\/original\/111901\/6dcd501c4e45920673b25828741d\/DAMSKI-ROWER-MIEJSKI-Goetze-26-LEKKI-DAMKA-SHIMANO-KOSZ-Stopien-zlozenia-do-samodzielnego-zlozenia-do-regulacji 2560w\" sizes=\"100vw\" width=\"2560px\" alt=\"DAMSKI ROWER MIEJSKI Goetze 26 LEKKI DAMKA SHIMANO KOSZ Stopie\u0144 z\u0142o\u017cenia do samodzielnego z\u0142o\u017cenia, do regulacji\" style=\"max-width: 100%; height: auto; display: block; margin: 0 auto;\"><\/div>\n<\/div>\n<\/div>\n<\/div>\n<\/div>\n<\/div>\n<div style=\"clear: both; display: block; margin: 10px 0;\">\n<div style=\"clear: both; display: block; margin: 10px 0;\">\n<div style=\"clear: both; display: block; margin: 10px 0;\">\n<h2>Stylowy i funkcjonalny rower miejski<\/h2>\n<p style=\"margin: 15px 0; line-height: 1.8; clear: both; display: block; width: 100%; float: none; position: static;\"><b>Goetze\u00ae Mood 26&#8243;<\/b> to idealne po\u0142\u0105czenie <b>miejskiej funkcjonalno\u015bci i nowoczesnego designu<\/b>. Zaprojektowany z my\u015bl\u0105 o <b>wygodzie<\/b>, \u015bwietnie sprawdzi si\u0119 zar\u00f3wno podczas <b>codziennych dojazd\u00f3w, jak i rekreacyjnych przeja\u017cd\u017cek po parkowych alejkach<\/b>.<\/p>\n<p style=\"margin: 15px 0; line-height: 1.8; clear: both; display: block; width: 100%; float: none; position: static;\">Dzi\u0119ki <b>ergonomicznej konstrukcji, starannie dobranym komponentom Shimano\u00ae<\/b> oraz <b>wysokiej jako\u015bci wyko\u0144czeniu, jazda staje si\u0119 p\u0142ynna, komfortowa i przyjemna<\/b>.<\/p>\n<p style=\"margin: 15px 0; line-height: 1.8; clear: both; display: block; width: 100%; float: none; position: static;\"><b>Goetze\u00ae<\/b> to rower dla os\u00f3b ceni\u0105cych <b>komfort, styl i niezawodno\u015b\u0107<\/b> w codziennej je\u017adzie miejskiej.<\/p>\n<\/div>\n<\/div>\n<\/div>\n<div style=\"clear: both; display: block; margin: 10px 0;\">\n<div style=\"clear: both; display: block; margin: 10px 0;\">\n<div style=\"clear: both; display: block; margin: 10px 0;\">\n<h2>Cechy:<\/h2>\n<ul style=\"margin: 15px 0; padding-left: 20px; clear: both; display: block; width: 100%; float: none; position: static;\">\n<li style=\"margin: 5px 0; padding: 2px 0; clear: both; display: list-item; float: none; position: static;\"><b>Kompletny osprz\u0119t Shimano\u00ae \u2013 manetka, wolnobieg i przerzutka<\/b> gwarantuj\u0105 p\u0142ynno\u015b\u0107 zmiany bieg\u00f3w<\/li>\n<li style=\"margin: 5px 0; padding: 2px 0; clear: both; display: list-item; float: none; position: static;\"><b>6 bieg\u00f3w<\/b> \u2013 optymalny zakres do jazdy miejskiej i rekreacyjnej<\/li>\n<li style=\"margin: 5px 0; padding: 2px 0; clear: both; display: list-item; float: none; position: static;\"><b>Atrakcyjny design<\/b> \u2013 <b>elegancka i praktyczna stylistyka<\/b><\/li>\n<li style=\"margin: 5px 0; padding: 2px 0; clear: both; display: list-item; float: none; position: static;\"><b>Kosz z wk\u0142adem<\/b> \u2013 funkcjonalny dodatek u\u0142atwiaj\u0105cy codzienne przejazdy<\/li>\n<li style=\"margin: 5px 0; padding: 2px 0; clear: both; display: list-item; float: none; position: static;\"><b>Wysoki komfort jazdy \u2013 szerokie, mi\u0119kkie siode\u0142ko i wyprostowana pozycja<\/b> zapewniaj\u0105 wygod\u0119 na ka\u017cdej trasie<\/li>\n<li style=\"margin: 5px 0; padding: 2px 0; clear: both; display: list-item; float: none; position: static;\"><b><br \/>\n","protected":false},"excerpt":{"rendered":"<p>Goetze Mood 26&#039; NL<\/p>\n<p>Stylowy i funkcjonalny rower miejski<\/p>\n<p>Goetze\u00ae Mood 26&quot; to idealne po\u0142\u0105czenie miejskiej funkcjonalno\u015bci i nowoczesnego designu. Zaprojektowany z my\u015bl\u0105 o wygodzie, \u015bwietnie sprawdzi si\u0119 zar\u00f3wno podczas codziennych dojazd\u00f3w, jak i rekreacyjnych przeja\u017cd\u017cek po parkowych alejkach.<\/p>\n<p>Dzi\u0119ki ergonomicznej konstrukcji, starannie dobranym komponentom Shimano\u00ae oraz wysokiej jako\u015bci wyko\u0144czeniu, jazda staje si\u0119 p\u0142ynna, komfortowa i przyjemna.<\/p>\n<p>Goetze\u00ae to rower dla os\u00f3b ceni\u0105cych komfort, styl i niezawodno\u015b\u0107 w codziennej je\u017adzie miejskiej.<\/p>\n<p>Cechy:<\/p>\n","protected":false},"featured_media":14348,"template":"","meta":{"_uag_custom_page_level_css":""},"product_brand":[708],"product_cat":[714,688,687],"product_tag":[],"class_list":{"0":"post-14347","1":"product","2":"type-product","3":"status-publish","4":"has-post-thumbnail","6":"product_brand-goetze","7":"product_cat-miejskie","8":"product_cat-rowery","9":"product_cat-rowery-i-akcesoria","11":"first","12":"instock","13":"sale","14":"shipping-taxable","15":"purchasable","16":"product-type-simple"},"uagb_featured_image_src":{"full":["https:\/\/twojerowery.shop\/ro64\/wp-content\/uploads\/2026\/02\/allegro-image-14347.jpg",2560,1718,false],"thumbnail":["https:\/\/twojerowery.shop\/ro64\/wp-content\/uploads\/2026\/02\/allegro-image-14347-150x150.jpg",150,150,true],"medium":["https:\/\/twojerowery.shop\/ro64\/wp-content\/uploads\/2026\/02\/allegro-image-14347-300x201.jpg",300,201,true],"medium_large":["https:\/\/twojerowery.shop\/ro64\/wp-content\/uploads\/2026\/02\/allegro-image-14347-768x515.jpg",768,515,true],"large":["https:\/\/twojerowery.shop\/ro64\/wp-content\/uploads\/2026\/02\/allegro-image-14347-1024x687.jpg",1024,687,true],"1536x1536":["https:\/\/twojerowery.shop\/ro64\/wp-content\/uploads\/2026\/02\/allegro-image-14347-1536x1031.jpg",1536,1031,true],"2048x2048":["https:\/\/twojerowery.shop\/ro64\/wp-content\/uploads\/2026\/02\/allegro-image-14347-2048x1374.jpg",2048,1374,true],"woocommerce_thumbnail":["https:\/\/twojerowery.shop\/ro64\/wp-content\/uploads\/2026\/02\/allegro-image-14347-300x300.jpg",300,300,true],"woocommerce_single":["https:\/\/twojerowery.shop\/ro64\/wp-content\/uploads\/2026\/02\/allegro-image-14347-600x403.jpg",600,403,true],"woocommerce_gallery_thumbnail":["https:\/\/twojerowery.shop\/ro64\/wp-content\/uploads\/2026\/02\/allegro-image-14347-100x100.jpg",100,100,true]},"uagb_author_info":{"display_name":"admin","author_link":"https:\/\/twojerowery.shop\/ro64\/author\/"},"uagb_comment_info":0,"uagb_excerpt":"Goetze Mood 26&#039; NL Stylowy i funkcjonalny rower miejski Goetze\u00ae Mood 26&quot; to idealne po\u0142\u0105czenie miejskiej funkcjonalno\u015bci i nowoczesnego designu. Zaprojektowany z my\u015bl\u0105 o wygodzie, \u015bwietnie sprawdzi si\u0119 zar\u00f3wno podczas codziennych dojazd\u00f3w, jak i rekreacyjnych przeja\u017cd\u017cek po parkowych alejkach. Dzi\u0119ki ergonomicznej konstrukcji, starannie dobranym komponentom Shimano\u00ae oraz wysokiej jako\u015bci wyko\u0144czeniu, jazda staje si\u0119 p\u0142ynna, komfortowa&hellip;","_links":{"self":[{"href":"https:\/\/twojerowery.shop\/ro64\/wp-json\/wp\/v2\/product\/14347","targetHints":{"allow":["GET"]}}],"collection":[{"href":"https:\/\/twojerowery.shop\/ro64\/wp-json\/wp\/v2\/product"}],"about":[{"href":"https:\/\/twojerowery.shop\/ro64\/wp-json\/wp\/v2\/types\/product"}],"wp:featuredmedia":[{"embeddable":true,"href":"https:\/\/twojerowery.shop\/ro64\/wp-json\/wp\/v2\/media\/14348"}],"wp:attachment":[{"href":"https:\/\/twojerowery.shop\/ro64\/wp-json\/wp\/v2\/media?parent=14347"}],"wp:term":[{"taxonomy":"product_brand","embeddable":true,"href":"https:\/\/twojerowery.shop\/ro64\/wp-json\/wp\/v2\/product_brand?post=14347"},{"taxonomy":"product_cat","embeddable":true,"href":"https:\/\/twojerowery.shop\/ro64\/wp-json\/wp\/v2\/product_cat?post=14347"},{"taxonomy":"product_tag","embeddable":true,"href":"https:\/\/twojerowery.shop\/ro64\/wp-json\/wp\/v2\/product_tag?post=14347"}],"curies":[{"name":"wp","href":"https:\/\/api.w.org\/{rel}","templated":true}]}}