{"id":14351,"date":"2026-02-26T04:35:25","date_gmt":"2026-02-26T03:35:25","guid":{"rendered":"https:\/\/rowermax.shop\/ro64\/produkt\/rower-miejski-indiana-moena-26-cali-damski-bialy-koszyk\/"},"modified":"2026-02-26T04:35:25","modified_gmt":"2026-02-26T03:35:25","slug":"rower-miejski-indiana-moena-26-cali-damski-bialy-koszyk","status":"publish","type":"product","link":"https:\/\/twojerowery.shop\/ro64\/produkt\/rower-miejski-indiana-moena-26-cali-damski-bialy-koszyk\/","title":{"rendered":"Rower miejski INDIANA Moena 26 cali damski Bia\u0142y + Koszyk"},"content":{"rendered":"<div style=\"font-family: Arial, sans-serif; line-height: 1.6; color: #333; padding: 20px; clear: both; display: block; width: 100%; float: none; position: static; overflow: hidden;\">\n<div style=\"clear: both; display: block; margin: 10px 0;\">\n<div style=\"clear: both; display: block; margin: 10px 0;\">\n<div style=\"clear: both; display: block; margin: 10px 0;\">\n<h2>Rower miejski INDIANA Moena S1B 26 cali damski Bia\u0142y + Koszyk na rower V\u00d6GEL VKS-102WH Stalowy<\/h2>\n<\/div>\n<\/div>\n<\/div>\n<div style=\"clear: both; display: block; margin: 10px 0;\">\n<div style=\"clear: both; display: block; margin: 10px 0;\">\n<div style=\"clear: both; display: block; margin: 10px 0;\">\n<div  style=\"max-width:800px;max-height:600px\">\n<div style=\"clear: both; display: block; margin: 10px 0;\">\n<div style=\"clear: both; width: 100%; display: block; margin: 20px 0; padding: 0; float: none; position: static; text-align: center;\"><img decoding=\"async\"  src=\"https:\/\/a.allegroimg.com\/original\/1162dd\/d275c89d4c55a9d1c1c0fe9e39a1\/Rower-miejski-INDIANA-Moena-26-cali-damski-Bialy-Koszyk\" srcset=\"https:\/\/a.allegroimg.com\/original\/1162dd\/d275c89d4c55a9d1c1c0fe9e39a1\/Rower-miejski-INDIANA-Moena-26-cali-damski-Bialy-Koszyk 360w,https:\/\/a.allegroimg.com\/original\/1162dd\/d275c89d4c55a9d1c1c0fe9e39a1\/Rower-miejski-INDIANA-Moena-26-cali-damski-Bialy-Koszyk 720w,https:\/\/a.allegroimg.com\/original\/1162dd\/d275c89d4c55a9d1c1c0fe9e39a1\/Rower-miejski-INDIANA-Moena-26-cali-damski-Bialy-Koszyk 800w,https:\/\/a.allegroimg.com\/original\/1162dd\/d275c89d4c55a9d1c1c0fe9e39a1\/Rower-miejski-INDIANA-Moena-26-cali-damski-Bialy-Koszyk 800w\" sizes=\"(min-width: 1200px) 560px, (min-width: 992px) 50vw, 100vw\" width=\"800px\" alt=\"Rower miejski INDIANA Moena 26 cali damski Bia\u0142y + Koszyk\" style=\"max-width: 100%; height: auto; display: block; margin: 0 auto;\"><\/div>\n<\/div>\n<\/div>\n<\/div>\n<\/div>\n<div style=\"clear: both; display: block; margin: 10px 0;\">\n<div style=\"clear: both; display: block; margin: 10px 0;\">\n<ul style=\"margin: 15px 0; padding-left: 20px; clear: both; display: block; width: 100%; float: none; position: static;\">\n<li style=\"margin: 5px 0; padding: 2px 0; clear: both; display: list-item; float: none; position: static;\"><b>Rama:<\/b>&nbsp;Stalowa, 17&#8243;<\/li>\n<li style=\"margin: 5px 0; padding: 2px 0; clear: both; display: list-item; float: none; position: static;\"><b>Przeznaczony:<\/b>&nbsp;Dla kobiety<\/li>\n<li style=\"margin: 5px 0; padding: 2px 0; clear: both; display: list-item; float: none; position: static;\"><b>Waga [kg]:<\/b>&nbsp;16<\/li>\n<li style=\"margin: 5px 0; padding: 2px 0; clear: both; display: list-item; float: none; position: static;\"><b>Wzrost [cm]:<\/b>&nbsp;150 &#8211; 175<\/li>\n<li style=\"margin: 5px 0; padding: 2px 0; clear: both; display: list-item; float: none; position: static;\"><b>Liczba prze\u0142o\u017ce\u0144:<\/b>&nbsp;1<\/li>\n<li style=\"margin: 5px 0; padding: 2px 0; clear: both; display: list-item; float: none; position: static;\"><b>Przerzutka przednia marka:<\/b>&nbsp;Brak<\/li>\n<li style=\"margin: 5px 0; padding: 2px 0; clear: both; display: list-item; float: none; position: static;\"><b>Przerzutka tylna marka:<\/b>&nbsp;Brak<\/li>\n<li style=\"margin: 5px 0; padding: 2px 0; clear: both; display: list-item; float: none; position: static;\"><b>Rozmiar ko\u0142a [cal]:<\/b>&nbsp;26<\/li>\n<\/ul>\n<ul style=\"margin: 15px 0; padding-left: 20px; clear: both; display: block; width: 100%; float: none; position: static;\">\n<li style=\"margin: 5px 0; padding: 2px 0; clear: both; display: list-item; float: none; position: static;\"><b>Indeks:&nbsp;<\/b>Z495064-5310714<\/li>\n<\/ul>\n<\/div>\n<\/div>\n<\/div>\n<div style=\"clear: both; display: block; margin: 10px 0;\">\n<div style=\"clear: both; display: block; margin: 10px 0;\">\n<div style=\"clear: both; display: block; margin: 10px 0;\">\n<p style=\"margin: 15px 0; line-height: 1.8; clear: both; display: block; width: 100%; float: none; position: static;\">Ka\u017cdy rower zakupiony w naszym sklepie jest fabrycznie zapakowany, czyli ma zdemontowan\u0105 kierownic\u0119, siod\u0142o, peda\u0142y. Elementy te nale\u017cy z\u0142o\u017cy\u0107 samodzielnie. W niekt\u00f3rych egzemplarzach mo\u017ce by\u0107 konieczne wykonanie niekt\u00f3rych podstawowych regulacji, kt\u00f3re opisuje instrukcja obs\u0142ugi. <\/p>\n<\/div>\n<\/div>\n<\/div>\n<div style=\"clear: both; display: block; margin: 10px 0;\">\n<div style=\"clear: both; display: block; margin: 10px 0;\">\n<div style=\"clear: both; display: block; margin: 10px 0;\">\n<h2>Podr\u00f3\u017cuj ekologicznie!<\/h2>\n<p style=\"margin: 15px 0; line-height: 1.8; clear: both; display: block; width: 100%; float: none; position: static;\">Rower miejski <b>INDIANA Moena S1B<\/b> to doskona\u0142y wyb\u00f3r dla os\u00f3b, kt\u00f3re szukaj\u0105 <b>funkcjonalnego i wygodnego roweru<\/b> na codzienne dojazdy do pracy, szko\u0142y czy po prostu na wycieczki po mie\u015bcie. Dzi\u0119ki solidnej konstrukcji, wygodnym siod\u0142em i ergonomicznej kierownicy, rower <b>INDIANA Moena S1B<\/b> zapewnia komfortowe i bezpieczne przemieszczanie si\u0119 po mie\u015bcie.<\/p>\n<\/div>\n<\/div>\n<div style=\"clear: both; display: block; margin: 10px 0;\">\n<div style=\"clear: both; display: block; margin: 10px 0;\">\n<div  style=\"max-width:1200px;max-height:759px\">\n<div style=\"clear: both; display: block; margin: 10px 0;\">\n<div style=\"clear: both; width: 100%; display: block; margin: 20px 0; padding: 0; float: none; position: static; text-align: center;\"><img decoding=\"async\"  src=\"https:\/\/a.allegroimg.com\/original\/1110d7\/e838a37e4d33acdae76215bde14c\/Rower-miejski-INDIANA-Moena-26-cali-damski-Bialy-Koszyk-Stopien-zlozenia-do-samodzielnego-zlozenia-do-regulacji\" srcset=\"https:\/\/a.allegroimg.com\/original\/1110d7\/e838a37e4d33acdae76215bde14c\/Rower-miejski-INDIANA-Moena-26-cali-damski-Bialy-Koszyk-Stopien-zlozenia-do-samodzielnego-zlozenia-do-regulacji 360w,https:\/\/a.allegroimg.com\/original\/1110d7\/e838a37e4d33acdae76215bde14c\/Rower-miejski-INDIANA-Moena-26-cali-damski-Bialy-Koszyk-Stopien-zlozenia-do-samodzielnego-zlozenia-do-regulacji 720w,https:\/\/a.allegroimg.com\/original\/1110d7\/e838a37e4d33acdae76215bde14c\/Rower-miejski-INDIANA-Moena-26-cali-damski-Bialy-Koszyk-Stopien-zlozenia-do-samodzielnego-zlozenia-do-regulacji 1024w,https:\/\/a.allegroimg.com\/original\/1110d7\/e838a37e4d33acdae76215bde14c\/Rower-miejski-INDIANA-Moena-26-cali-damski-Bialy-Koszyk-Stopien-zlozenia-do-samodzielnego-zlozenia-do-regulacji 1200w,https:\/\/a.allegroimg.com\/original\/1110d7\/e838a37e4d33acdae76215bde14c\/Rower-miejski-INDIANA-Moena-26-cali-damski-Bialy-Koszyk-Stopien-zlozenia-do-samodzielnego-zlozenia-do-regulacji 1200w\" sizes=\"(min-width: 1200px) 560px, (min-width: 992px) 50vw, 100vw\" width=\"1200px\" alt=\"Rower miejski INDIANA Moena 26 cali damski Bia\u0142y + Koszyk Stopie\u0144 z\u0142o\u017cenia do samodzielnego z\u0142o\u017cenia, do regulacji\" style=\"max-width: 100%; height: auto; display: block; margin: 0 auto;\"><\/div>\n<\/div>\n<\/div>\n<\/div>\n<\/div>\n<\/div>\n<div style=\"clear: both; display: block; margin: 10px 0;\">\n<div style=\"clear: both; display: block; margin: 10px 0;\">\n<div style=\"clear: both; display: block; margin: 10px 0;\">\n<div  style=\"max-width:1200px;max-height:800px\">\n<div style=\"clear: both; display: block; margin: 10px 0;\">\n<div style=\"clear: both; width: 100%; display: block; margin: 20px 0; padding: 0; float: none; position: static; text-align: center;\"><img decoding=\"async\"  src=\"https:\/\/a.allegroimg.com\/original\/116ccb\/3a02f6324d68849d3148e4cfd126\/Rower-miejski-INDIANA-Moena-26-cali-damski-Bialy-Koszyk-Marka-Indiana\" srcset=\"https:\/\/a.allegroimg.com\/original\/116ccb\/3a02f6324d68849d3148e4cfd126\/Rower-miejski-INDIANA-Moena-26-cali-damski-Bialy-Koszyk-Marka-Indiana 360w,https:\/\/a.allegroimg.com\/original\/116ccb\/3a02f6324d68849d3148e4cfd126\/Rower-miejski-INDIANA-Moena-26-cali-damski-Bialy-Koszyk-Marka-Indiana 720w,https:\/\/a.allegroimg.com\/original\/116ccb\/3a02f6324d68849d3148e4cfd126\/Rower-miejski-INDIANA-Moena-26-cali-damski-Bialy-Koszyk-Marka-Indiana 1024w,https:\/\/a.allegroimg.com\/original\/116ccb\/3a02f6324d68849d3148e4cfd126\/Rower-miejski-INDIANA-Moena-26-cali-damski-Bialy-Koszyk-Marka-Indiana 1200w,https:\/\/a.allegroimg.com\/original\/116ccb\/3a02f6324d68849d3148e4cfd126\/Rower-miejski-INDIANA-Moena-26-cali-damski-Bialy-Koszyk-Marka-Indiana 1200w\" sizes=\"(min-width: 1200px) 560px, (min-width: 992px) 50vw, 100vw\" width=\"1200px\" alt=\"Rower miejski INDIANA Moena 26 cali damski Bia\u0142y + Koszyk Marka Indiana\" style=\"max-width: 100%; height: auto; display: block; margin: 0 auto;\"><\/div>\n<\/div>\n<\/div>\n<\/div>\n<\/div>\n<div style=\"clear: both; display: block; margin: 10px 0;\">\n<div style=\"clear: both; display: block; margin: 10px 0;\">\n<h2>Wytrzyma\u0142a konstrukcja jedno\u015bladu<\/h2>\n<p style=\"margin: 15px 0; line-height: 1.8; clear: both; display: block; width: 100%; float: none; position: static;\">Rama roweru <b>INDIANA Moena S1B<\/b> wykonana jest z <b>wytrzyma\u0142ej stali<\/b> i <b>ma rozmiar 17&#8243;<\/b>. Konstrukcja <b>typu holenderskiego<\/b> zapewnia stabilno\u015b\u0107 i bezpiecze\u0144stwo podczas jazdy, a jednocze\u015bnie umo\u017cliwia wygodne wsiadanie i wysiadanie z roweru. Dzi\u0119ki temu rower <b>INDIANA Moena S1B<\/b> jest doskona\u0142ym wyborem dla os\u00f3b, kt\u00f3re ceni\u0105 sobie bezpiecze\u0144stwo i wygod\u0119 podczas jazdy.<\/p>\n<p style=\"margin: 15px 0; line-height: 1.8; clear: both; display: block; width: 100%; float: none; position: static;\"><b>Pami\u0119taj, \u017ceby dopasowa\u0107 rozmiar ramy do swojego wzrostu oraz d\u0142ugo\u015bci wewn\u0119trznej nogi<\/b>. Nie zawsze dopasowanie ramy tylko do wzrostu b\u0119dzie wystarczaj\u0105ce ze wzgl\u0119du na to, \u017ce mamy r\u00f3\u017cn\u0105 d\u0142ugo\u015b\u0107 n\u00f3g. Je\u015bli chcemy czu\u0107 si\u0119 na swoim rowerze <b>komfortowo<\/b>, przede wszystkim musimy zacz\u0105\u0107 od dopasowania d\u0142ugo\u015bci ramy. Dzi\u0119ki temu rower b\u0119dzie si\u0119 du\u017co \u0142atwiej prowadzi\u0107!<\/p>\n<\/div>\n<\/div>\n<\/div>\n<div style=\"clear: both; display: block; margin: 10px 0;\">\n<div style=\"clear: both; display: block; margin: 10px 0;\">\n<div style=\"clear: both; display: block; margin: 10px 0;\">\n<h2>Odpowiednia przyczepno\u015b\u0107 w ka\u017cdych warunkach<\/h2>\n<p style=\"margin: 15px 0; line-height: 1.8; clear: both; display: block; width: 100%; float: none; position: static;\">Rower <b>INDIANA Moena S1B<\/b> wyposa\u017cony jest w <b>ko\u0142a o rozmiarze 26&#8243;<\/b> z oponami marki <b>INDIANA<\/b>. Sto\u017ckowe obr\u0119cze <b>z aluminium<\/b> zapewniaj\u0105 lekko\u015b\u0107 i wytrzyma\u0142o\u015b\u0107 konstrukcji. Opony INDIANA zapewniaj\u0105 dobr\u0105 przyczepno\u015b\u0107 do nawierzchni i stabilno\u015b\u0107 podczas jazdy. Dzi\u0119ki temu rower <b>INDIANA Moena S1B<\/b> jest \u0142atwy w prowadzeniu i zapewnia bezpieczne przemieszczanie si\u0119 po mie\u015bcie.<\/p>\n<p style=\"margin: 15px 0; line-height: 1.8; clear: both; display: block; width: 100%; float: none; position: static;\">Pami\u0119taj, aby <b>regularnie sprawdza\u0107 ci\u015bnienie powietrza<\/b>! Wraz z up\u0142ywem czasu spada ci\u015bnienie w ko\u0142ach \u2013 <b>to naturalne zjawisko spowodowane porowato\u015bci\u0105 d\u0119tki<\/b>, kt\u00f3re mo\u017ce powodowa\u0107 <b>wi\u0119kszy wysi\u0142ek przy peda\u0142owaniu<\/b> oraz <b>szybsze zu\u017cycie i wi\u0119ksze ryzyko przebicia opony<\/b>. Zalecan\u0105 przez producenta warto\u015b\u0107 znajdziesz na bocznej cz\u0119\u015bci opony.<\/p>\n<\/div>\n<\/div>\n<div style=\"clear: both; display: block; margin: 10px 0;\">\n<div style=\"clear: both; display: block; margin: 10px 0;\">\n<div  style=\"max-width:1200px;max-height:674px\">\n<div style=\"clear: both; display: block; margin: 10px 0;\">\n<div style=\"clear: both; width: 100%; display: block; margin: 20px 0; padding: 0; float: none; position: static; text-align: center;\"><img decoding=\"async\"  src=\"https:\/\/a.allegroimg.com\/original\/11546f\/d05e8f4a4d75b88ff1aab212423c\/Rower-miejski-INDIANA-Moena-26-cali-damski-Bialy-Koszyk-Rozmiar-kola-26\" srcset=\"https:\/\/a.allegroimg.com\/original\/11546f\/d05e8f4a4d75b88ff1aab212423c\/Rower-miejski-INDIANA-Moena-26-cali-damski-Bialy-Koszyk-Rozmiar-kola-26 360w,https:\/\/a.allegroimg.com\/original\/11546f\/d05e8f4a4d75b88ff1aab212423c\/Rower-miejski-INDIANA-Moena-26-cali-damski-Bialy-Koszyk-Rozmiar-kola-26 720w,https:\/\/a.allegroimg.com\/original\/11546f\/d05e8f4a4d75b88ff1aab212423c\/Rower-miejski-INDIANA-Moena-26-cali-damski-Bialy-Koszyk-Rozmiar-kola-26 1024w,https:\/\/a.allegroimg.com\/original\/11546f\/d05e8f4a4d75b88ff1aab212423c\/Rower-miejski-INDIANA-Moena-26-cali-damski-Bialy-Koszyk-Rozmiar-kola-26 1200w,https:\/\/a.allegroimg.com\/original\/11546f\/d05e8f4a4d75b88ff1aab212423c\/Rower-miejski-INDIANA-Moena-26-cali-damski-Bialy-Koszyk-Rozmiar-kola-26 1200w\" sizes=\"(min-width: 1200px) 560px, (min-width: 992px) 50vw, 100vw\" width=\"1200px\" alt=\"Rower miejski INDIANA Moena 26 cali damski Bia\u0142y + Koszyk Rozmiar ko\u0142a (&quot;) 26\" style=\"max-width: 100%; height: auto; display: block; margin: 0 auto;\"><\/div>\n<\/div>\n<\/div>\n<\/div>\n<\/div>\n<\/div>\n<div style=\"clear: both; display: block; margin: 10px 0;\">\n<div style=\"clear: both; display: block; margin: 10px 0;\">\n<div style=\"clear: both; display: block; margin: 10px 0;\">\n<div  style=\"max-width:1200px;max-height:801px\">\n<div style=\"clear: both; display: block; margin: 10px 0;\">\n<div style=\"clear: both; width: 100%; display: block; margin: 20px 0; padding: 0; float: none; position: static; text-align: center;\"><img decoding=\"async\"  src=\"https:\/\/a.allegroimg.com\/original\/11ea89\/cbe9d1774df59c0a1e3bd0924e67\/Rower-miejski-INDIANA-Moena-26-cali-damski-Bialy-Koszyk-Rozmiar-ramy-17-cali\" srcset=\"https:\/\/a.allegroimg.com\/original\/11ea89\/cbe9d1774df59c0a1e3bd0924e67\/Rower-miejski-INDIANA-Moena-26-cali-damski-Bialy-Koszyk-Rozmiar-ramy-17-cali 360w,https:\/\/a.allegroimg.com\/original\/11ea89\/cbe9d1774df59c0a1e3bd0924e67\/Rower-miejski-INDIANA-Moena-26-cali-damski-Bialy-Koszyk-Rozmiar-ramy-17-cali 720w,https:\/\/a.allegroimg.com\/original\/11ea89\/cbe9d1774df59c0a1e3bd0924e67\/Rower-miejski-INDIANA-Moena-26-cali-damski-Bialy-Koszyk-Rozmiar-ramy-17-cali 1024w,https:\/\/a.allegroimg.com\/original\/11ea89\/cbe9d1774df59c0a1e3bd0924e67\/Rower-miejski-INDIANA-Moena-26-cali-damski-Bialy-Koszyk-Rozmiar-ramy-17-cali 1200w,https:\/\/a.allegroimg.com\/original\/11ea89\/cbe9d1774df59c0a1e3bd0924e67\/Rower-miejski-INDIANA-Moena-26-cali-damski-Bialy-Koszyk-Rozmiar-ramy-17-cali 1200w\" sizes=\"(min-width: 1200px) 560px, (min-width: 992px) 50vw, 100vw\" width=\"1200px\" alt=\"Rower miejski INDIANA Moena 26 cali damski Bia\u0142y + Koszyk Rozmiar ramy 17 cali\" style=\"max-width: 100%; height: auto; display: block; margin: 0 auto;\"><\/div>\n<\/div>\n<\/div>\n<\/div>\n<\/div>\n<div style=\"clear: both; display: block; margin: 10px 0;\">\n<div style=\"clear: both; display: block; margin: 10px 0;\">\n<h2>\n","protected":false},"excerpt":{"rendered":"<p>Rower miejski INDIANA Moena S1B 26 cali damski Bia\u0142y + Koszyk na rower V\u00d6GEL VKS-102WH Stalowy<\/p>\n<p>Rama:&nbsp;Stalowa, 17&quot;<\/p>\n<p>Przeznaczony:&nbsp;Dla kobiety<\/p>\n<p>Waga [kg]:&nbsp;16<\/p>\n<p>Wzrost [cm]:&nbsp;150 &#8211; 175<\/p>\n<p>Liczba prze\u0142o\u017ce\u0144:&nbsp;1<\/p>\n<p>Przerzutka przednia marka:&nbsp;Brak<\/p>\n<p>Przerzutka tylna marka:&nbsp;Brak<\/p>\n","protected":false},"featured_media":14352,"template":"","meta":{"_uag_custom_page_level_css":""},"product_brand":[696],"product_cat":[714,688,687],"product_tag":[],"class_list":{"0":"post-14351","1":"product","2":"type-product","3":"status-publish","4":"has-post-thumbnail","6":"product_brand-indiana","7":"product_cat-miejskie","8":"product_cat-rowery","9":"product_cat-rowery-i-akcesoria","11":"first","12":"instock","13":"sale","14":"shipping-taxable","15":"purchasable","16":"product-type-simple"},"uagb_featured_image_src":{"full":["https:\/\/twojerowery.shop\/ro64\/wp-content\/uploads\/2026\/02\/allegro-image-14351.jpg",800,600,false],"thumbnail":["https:\/\/twojerowery.shop\/ro64\/wp-content\/uploads\/2026\/02\/allegro-image-14351-150x150.jpg",150,150,true],"medium":["https:\/\/twojerowery.shop\/ro64\/wp-content\/uploads\/2026\/02\/allegro-image-14351-300x225.jpg",300,225,true],"medium_large":["https:\/\/twojerowery.shop\/ro64\/wp-content\/uploads\/2026\/02\/allegro-image-14351-768x576.jpg",768,576,true],"large":["https:\/\/twojerowery.shop\/ro64\/wp-content\/uploads\/2026\/02\/allegro-image-14351.jpg",800,600,false],"1536x1536":["https:\/\/twojerowery.shop\/ro64\/wp-content\/uploads\/2026\/02\/allegro-image-14351.jpg",800,600,false],"2048x2048":["https:\/\/twojerowery.shop\/ro64\/wp-content\/uploads\/2026\/02\/allegro-image-14351.jpg",800,600,false],"woocommerce_thumbnail":["https:\/\/twojerowery.shop\/ro64\/wp-content\/uploads\/2026\/02\/allegro-image-14351-300x300.jpg",300,300,true],"woocommerce_single":["https:\/\/twojerowery.shop\/ro64\/wp-content\/uploads\/2026\/02\/allegro-image-14351-600x450.jpg",600,450,true],"woocommerce_gallery_thumbnail":["https:\/\/twojerowery.shop\/ro64\/wp-content\/uploads\/2026\/02\/allegro-image-14351-100x100.jpg",100,100,true]},"uagb_author_info":{"display_name":"admin","author_link":"https:\/\/twojerowery.shop\/ro64\/author\/"},"uagb_comment_info":0,"uagb_excerpt":"Rower miejski INDIANA Moena S1B 26 cali damski Bia\u0142y + Koszyk na rower V\u00d6GEL VKS-102WH Stalowy Rama:&nbsp;Stalowa, 17&quot; Przeznaczony:&nbsp;Dla kobiety Waga [kg]:&nbsp;16 Wzrost [cm]:&nbsp;150 - 175 Liczba prze\u0142o\u017ce\u0144:&nbsp;1 Przerzutka przednia marka:&nbsp;Brak Przerzutka tylna marka:&nbsp;Brak","_links":{"self":[{"href":"https:\/\/twojerowery.shop\/ro64\/wp-json\/wp\/v2\/product\/14351","targetHints":{"allow":["GET"]}}],"collection":[{"href":"https:\/\/twojerowery.shop\/ro64\/wp-json\/wp\/v2\/product"}],"about":[{"href":"https:\/\/twojerowery.shop\/ro64\/wp-json\/wp\/v2\/types\/product"}],"wp:featuredmedia":[{"embeddable":true,"href":"https:\/\/twojerowery.shop\/ro64\/wp-json\/wp\/v2\/media\/14352"}],"wp:attachment":[{"href":"https:\/\/twojerowery.shop\/ro64\/wp-json\/wp\/v2\/media?parent=14351"}],"wp:term":[{"taxonomy":"product_brand","embeddable":true,"href":"https:\/\/twojerowery.shop\/ro64\/wp-json\/wp\/v2\/product_brand?post=14351"},{"taxonomy":"product_cat","embeddable":true,"href":"https:\/\/twojerowery.shop\/ro64\/wp-json\/wp\/v2\/product_cat?post=14351"},{"taxonomy":"product_tag","embeddable":true,"href":"https:\/\/twojerowery.shop\/ro64\/wp-json\/wp\/v2\/product_tag?post=14351"}],"curies":[{"name":"wp","href":"https:\/\/api.w.org\/{rel}","templated":true}]}}