{"id":14371,"date":"2026-02-26T04:35:37","date_gmt":"2026-02-26T03:35:37","guid":{"rendered":"https:\/\/rowermax.shop\/ro64\/produkt\/piekny-rozowy-rower-miejski-dziewczecy-24-cale-dla-dziewczynki-1-biegowy\/"},"modified":"2026-02-26T04:35:38","modified_gmt":"2026-02-26T03:35:38","slug":"piekny-rozowy-rower-miejski-dziewczecy-24-cale-dla-dziewczynki-1-biegowy","status":"publish","type":"product","link":"https:\/\/twojerowery.shop\/ro64\/produkt\/piekny-rozowy-rower-miejski-dziewczecy-24-cale-dla-dziewczynki-1-biegowy\/","title":{"rendered":"PI\u0118KNY R\u00d3\u017bOWY ROWER MIEJSKI DZIEWCZ\u0118CY 24 &quot; CALE dla dziewczynki 1-BIEGOWY"},"content":{"rendered":"<div style=\"font-family: Arial, sans-serif; line-height: 1.6; color: #333; padding: 20px; clear: both; display: block; width: 100%; float: none; position: static; overflow: hidden;\">\n<div style=\"clear: both; display: block; margin: 10px 0;\">\n<div style=\"clear: both; display: block; margin: 10px 0;\">\n<div style=\"clear: both; display: block; margin: 10px 0;\">\n<h1>LEKKI ROWER DAMSKI MIEJSKI GERMAN 24<\/h1>\n<p style=\"margin: 15px 0; line-height: 1.8; clear: both; display: block; width: 100%; float: none; position: static;\"><b>German<\/b>&nbsp;\u0142\u0105czy w sobie&nbsp;<b>wysokiej jako\u015bci komponenty,&nbsp;<\/b>aby tworzy\u0107 produkt spe\u0142niaj\u0105cy wymagania nie tylko jazdy miejskiej, ale i jazdy wycieczkowej.<\/p>\n<h3 style=\"color: #2c5aa0; font-size: 18px; margin: 30px 0 15px 0; font-weight: bold; clear: both; display: block; width: 100%; float: none; position: static;\">Aukcja nie zawiera koszyka.&nbsp;Koszyk na click&nbsp;dopasowany do tego modelu oraz inne akcesoria mo\u017cesz dokupi\u0107 razem z rowerem. Rozwi\u0144 zestawy.<\/h3>\n<p style=\"margin: 15px 0; line-height: 1.8; clear: both; display: block; width: 100%; float: none; position: static;\">Designerskie po\u0142\u0105czenia&nbsp;<b>nowoczesnych rozwi\u0105za\u0144 technicznych<\/b>&nbsp;oraz&nbsp;<b>zaskakuj\u0105cych kolor\u00f3w<\/b> tworz\u0105 wspania\u0142y produkt.<\/p>\n<p style=\"margin: 15px 0; line-height: 1.8; clear: both; display: block; width: 100%; float: none; position: static;\">Rowery German&nbsp;<b>zachwycaj\u0105 stylem<\/b>. To&nbsp;<b>najlepszy wyb\u00f3r<\/b>&nbsp;jako\u015bciowo-cenowy !<\/p>\n<p style=\"margin: 15px 0; line-height: 1.8; clear: both; display: block; width: 100%; float: none; position: static;\">KO\u0141A 24&#8243;. RAMA 12&#8243; .ALU D\u0179WIGNIA HAMULCA. O\u015aWIETLENIE NA BATERI\u0118 LED. BAGA\u017bNIK,OS\u0141ONA,PODN\u00d3\u017bKA, B\u0141OTNIKI W ZESTAWIE. ALUMINIOWY WSPORNIK KIEROWNICY, STALOWE KORBY, DWUKOMOROWE, WZMACNIANE OBR\u0118CZE K\u00d3\u0141. AMORTYZOWANE WYGODNE SIEDZENIE. WYPROFILOWANA ALUMINIOWA KIEROWNICA. 2 HAMULCE: VBRAKE ORAZ HAMULEC W PIA\u015aCIE (W NOGACH)<\/p>\n<p style=\"margin: 15px 0; line-height: 1.8; clear: both; display: block; width: 100%; float: none; position: static;\">tutaj kolor <b>R\u00d3\u017bOWY<\/b><\/p>\n<h3 style=\"color: #2c5aa0; font-size: 18px; margin: 30px 0 15px 0; font-weight: bold; clear: both; display: block; width: 100%; float: none; position: static;\">Na wzrost 128 &#8211; 154 cm<\/h3>\n<h3 style=\"color: #2c5aa0; font-size: 18px; margin: 30px 0 15px 0; font-weight: bold; clear: both; display: block; width: 100%; float: none; position: static;\">dost\u0119pne s\u0105 r\u00f3wnie\u017c inne kolory i rozmiary na pozosta\u0142ych aukcjach<\/h3>\n<\/div>\n<\/div>\n<\/div>\n<div style=\"clear: both; display: block; margin: 10px 0;\">\n<div style=\"clear: both; display: block; margin: 10px 0;\">\n<div style=\"clear: both; display: block; margin: 10px 0;\">\n<div  style=\"max-width:1000px;max-height:667px\">\n<div style=\"clear: both; display: block; margin: 10px 0;\">\n<div style=\"clear: both; width: 100%; display: block; margin: 20px 0; padding: 0; float: none; position: static; text-align: center;\"><img decoding=\"async\"  src=\"https:\/\/a.allegroimg.com\/original\/11a51b\/3d6fcd7a4f1fbc7d87423bea53d1\/PIEKNY-ROZOWY-ROWER-MIEJSKI-DZIEWCZECY-24-CALE-dla-dziewczynki-1-BIEGOWY\" srcset=\"https:\/\/a.allegroimg.com\/original\/11a51b\/3d6fcd7a4f1fbc7d87423bea53d1\/PIEKNY-ROZOWY-ROWER-MIEJSKI-DZIEWCZECY-24-CALE-dla-dziewczynki-1-BIEGOWY 360w,https:\/\/a.allegroimg.com\/original\/11a51b\/3d6fcd7a4f1fbc7d87423bea53d1\/PIEKNY-ROZOWY-ROWER-MIEJSKI-DZIEWCZECY-24-CALE-dla-dziewczynki-1-BIEGOWY 720w,https:\/\/a.allegroimg.com\/original\/11a51b\/3d6fcd7a4f1fbc7d87423bea53d1\/PIEKNY-ROZOWY-ROWER-MIEJSKI-DZIEWCZECY-24-CALE-dla-dziewczynki-1-BIEGOWY 1000w,https:\/\/a.allegroimg.com\/original\/11a51b\/3d6fcd7a4f1fbc7d87423bea53d1\/PIEKNY-ROZOWY-ROWER-MIEJSKI-DZIEWCZECY-24-CALE-dla-dziewczynki-1-BIEGOWY 1000w\" sizes=\"100vw\" width=\"1000px\" alt=\"PI\u0118KNY R\u00d3\u017bOWY ROWER MIEJSKI DZIEWCZ\u0118CY 24 &amp;quot; CALE dla dziewczynki 1-BIEGOWY\" style=\"max-width: 100%; height: auto; display: block; margin: 0 auto;\"><\/div>\n<\/div>\n<\/div>\n<\/div>\n<\/div>\n<\/div>\n<div style=\"clear: both; display: block; margin: 10px 0;\">\n<div style=\"clear: both; display: block; margin: 10px 0;\">\n<div style=\"clear: both; display: block; margin: 10px 0;\">\n<p style=\"margin: 15px 0; line-height: 1.8; clear: both; display: block; width: 100%; float: none; position: static;\"><b>Dopasowana kolorystyka<\/b>&nbsp;.&nbsp;<b>Wyprofilowana kierownica<\/b>&nbsp;oraz&nbsp;<b>wysoki wspornik<\/b>&nbsp;zapewnia wyprostowan\u0105 pozycj\u0119 podczas jazdy.<\/p>\n<p style=\"margin: 15px 0; line-height: 1.8; clear: both; display: block; width: 100%; float: none; position: static;\">Tylko wysoki<b>&nbsp;wspornik<\/b>&nbsp;pozwala na ustawienie w tak komfortowy spos\u00f3b, aby nie obci\u0105\u017ca\u0107 kr\u0119gos\u0142upa.<\/p>\n<p style=\"margin: 15px 0; line-height: 1.8; clear: both; display: block; width: 100%; float: none; position: static;\">Pozw\u00f3l sobie na jazd\u0119 z przyjemno\u015bci\u0105.<\/p>\n<\/div>\n<\/div>\n<\/div>\n<div style=\"clear: both; display: block; margin: 10px 0;\">\n<div style=\"clear: both; display: block; margin: 10px 0;\">\n<div style=\"clear: both; display: block; margin: 10px 0;\">\n<div  style=\"max-width:1000px;max-height:667px\">\n<div style=\"clear: both; display: block; margin: 10px 0;\">\n<div style=\"clear: both; width: 100%; display: block; margin: 20px 0; padding: 0; float: none; position: static; text-align: center;\"><img decoding=\"async\"  src=\"https:\/\/a.allegroimg.com\/original\/111a7b\/05cc8e4f4c51aaf1792fdca92262\/PIEKNY-ROZOWY-ROWER-MIEJSKI-DZIEWCZECY-24-CALE-dla-dziewczynki-1-BIEGOWY-EAN-GTIN-5903686572043\" srcset=\"https:\/\/a.allegroimg.com\/original\/111a7b\/05cc8e4f4c51aaf1792fdca92262\/PIEKNY-ROZOWY-ROWER-MIEJSKI-DZIEWCZECY-24-CALE-dla-dziewczynki-1-BIEGOWY-EAN-GTIN-5903686572043 360w,https:\/\/a.allegroimg.com\/original\/111a7b\/05cc8e4f4c51aaf1792fdca92262\/PIEKNY-ROZOWY-ROWER-MIEJSKI-DZIEWCZECY-24-CALE-dla-dziewczynki-1-BIEGOWY-EAN-GTIN-5903686572043 720w,https:\/\/a.allegroimg.com\/original\/111a7b\/05cc8e4f4c51aaf1792fdca92262\/PIEKNY-ROZOWY-ROWER-MIEJSKI-DZIEWCZECY-24-CALE-dla-dziewczynki-1-BIEGOWY-EAN-GTIN-5903686572043 1000w,https:\/\/a.allegroimg.com\/original\/111a7b\/05cc8e4f4c51aaf1792fdca92262\/PIEKNY-ROZOWY-ROWER-MIEJSKI-DZIEWCZECY-24-CALE-dla-dziewczynki-1-BIEGOWY-EAN-GTIN-5903686572043 1000w\" sizes=\"100vw\" width=\"1000px\" alt=\"PI\u0118KNY R\u00d3\u017bOWY ROWER MIEJSKI DZIEWCZ\u0118CY 24 &amp;quot; CALE dla dziewczynki 1-BIEGOWY EAN (GTIN) 5903686572043\" style=\"max-width: 100%; height: auto; display: block; margin: 0 auto;\"><\/div>\n<\/div>\n<\/div>\n<\/div>\n<\/div>\n<\/div>\n<div style=\"clear: both; display: block; margin: 10px 0;\">\n<div style=\"clear: both; display: block; margin: 10px 0;\">\n<div style=\"clear: both; display: block; margin: 10px 0;\">\n<p style=\"margin: 15px 0; line-height: 1.8; clear: both; display: block; width: 100%; float: none; position: static;\"><b>Solidny baga\u017cnik<\/b>&nbsp;wyposa\u017cony jest w tyln\u0105 energooszcz\u0119dn\u0105&nbsp; lamp\u0119&nbsp;<b>LED<\/b>.<\/p>\n<\/div>\n<\/div>\n<\/div>\n<div style=\"clear: both; display: block; margin: 10px 0;\">\n<div style=\"clear: both; display: block; margin: 10px 0;\">\n<div style=\"clear: both; display: block; margin: 10px 0;\">\n<div  style=\"max-width:1000px;max-height:667px\">\n<div style=\"clear: both; display: block; margin: 10px 0;\">\n<div style=\"clear: both; width: 100%; display: block; margin: 20px 0; padding: 0; float: none; position: static; text-align: center;\"><img decoding=\"async\"  src=\"https:\/\/a.allegroimg.com\/original\/11c07b\/0bd8ed47417188011db84f470f18\/PIEKNY-ROZOWY-ROWER-MIEJSKI-DZIEWCZECY-24-CALE-dla-dziewczynki-1-BIEGOWY-Kolor-rozowy\" srcset=\"https:\/\/a.allegroimg.com\/original\/11c07b\/0bd8ed47417188011db84f470f18\/PIEKNY-ROZOWY-ROWER-MIEJSKI-DZIEWCZECY-24-CALE-dla-dziewczynki-1-BIEGOWY-Kolor-rozowy 360w,https:\/\/a.allegroimg.com\/original\/11c07b\/0bd8ed47417188011db84f470f18\/PIEKNY-ROZOWY-ROWER-MIEJSKI-DZIEWCZECY-24-CALE-dla-dziewczynki-1-BIEGOWY-Kolor-rozowy 720w,https:\/\/a.allegroimg.com\/original\/11c07b\/0bd8ed47417188011db84f470f18\/PIEKNY-ROZOWY-ROWER-MIEJSKI-DZIEWCZECY-24-CALE-dla-dziewczynki-1-BIEGOWY-Kolor-rozowy 1000w,https:\/\/a.allegroimg.com\/original\/11c07b\/0bd8ed47417188011db84f470f18\/PIEKNY-ROZOWY-ROWER-MIEJSKI-DZIEWCZECY-24-CALE-dla-dziewczynki-1-BIEGOWY-Kolor-rozowy 1000w\" sizes=\"100vw\" width=\"1000px\" alt=\"PI\u0118KNY R\u00d3\u017bOWY ROWER MIEJSKI DZIEWCZ\u0118CY 24 &amp;quot; CALE dla dziewczynki 1-BIEGOWY Kolor r\u00f3\u017cowy\" style=\"max-width: 100%; height: auto; display: block; margin: 0 auto;\"><\/div>\n<\/div>\n<\/div>\n<\/div>\n<\/div>\n<\/div>\n<div style=\"clear: both; display: block; margin: 10px 0;\">\n<div style=\"clear: both; display: block; margin: 10px 0;\">\n<div style=\"clear: both; display: block; margin: 10px 0;\">\n<p style=\"margin: 15px 0; line-height: 1.8; clear: both; display: block; width: 100%; float: none; position: static;\">Elegancka przednia lampa Led daj\u0105ca \u015bwiat\u0142o o mocy&nbsp;<b>72 lumen\u00f3w<\/b>.<\/p>\n<\/div>\n<\/div>\n<\/div>\n<div style=\"clear: both; display: block; margin: 10px 0;\">\n<div style=\"clear: both; display: block; margin: 10px 0;\">\n<div style=\"clear: both; display: block; margin: 10px 0;\">\n<div  style=\"max-width:1000px;max-height:667px\">\n<div style=\"clear: both; display: block; margin: 10px 0;\">\n<div style=\"clear: both; width: 100%; display: block; margin: 20px 0; padding: 0; float: none; position: static; text-align: center;\"><img decoding=\"async\"  src=\"https:\/\/a.allegroimg.com\/original\/11331d\/c6f451cc42b09303b04c13873bc4\/PIEKNY-ROZOWY-ROWER-MIEJSKI-DZIEWCZECY-24-CALE-dla-dziewczynki-1-BIEGOWY-Rozmiar-kola-24\" srcset=\"https:\/\/a.allegroimg.com\/original\/11331d\/c6f451cc42b09303b04c13873bc4\/PIEKNY-ROZOWY-ROWER-MIEJSKI-DZIEWCZECY-24-CALE-dla-dziewczynki-1-BIEGOWY-Rozmiar-kola-24 360w,https:\/\/a.allegroimg.com\/original\/11331d\/c6f451cc42b09303b04c13873bc4\/PIEKNY-ROZOWY-ROWER-MIEJSKI-DZIEWCZECY-24-CALE-dla-dziewczynki-1-BIEGOWY-Rozmiar-kola-24 720w,https:\/\/a.allegroimg.com\/original\/11331d\/c6f451cc42b09303b04c13873bc4\/PIEKNY-ROZOWY-ROWER-MIEJSKI-DZIEWCZECY-24-CALE-dla-dziewczynki-1-BIEGOWY-Rozmiar-kola-24 1000w,https:\/\/a.allegroimg.com\/original\/11331d\/c6f451cc42b09303b04c13873bc4\/PIEKNY-ROZOWY-ROWER-MIEJSKI-DZIEWCZECY-24-CALE-dla-dziewczynki-1-BIEGOWY-Rozmiar-kola-24 1000w\" sizes=\"100vw\" width=\"1000px\" alt=\"PI\u0118KNY R\u00d3\u017bOWY ROWER MIEJSKI DZIEWCZ\u0118CY 24 &amp;quot; CALE dla dziewczynki 1-BIEGOWY Rozmiar ko\u0142a (&quot;) 24\" style=\"max-width: 100%; height: auto; display: block; margin: 0 auto;\"><\/div>\n<\/div>\n<\/div>\n<\/div>\n<\/div>\n<\/div>\n<div style=\"clear: both; display: block; margin: 10px 0;\">\n<div style=\"clear: both; display: block; margin: 10px 0;\">\n<div style=\"clear: both; display: block; margin: 10px 0;\">\n<p style=\"margin: 15px 0; line-height: 1.8; clear: both; display: block; width: 100%; float: none; position: static;\">Rama sugerowana jest dla dzieci o wzro\u015bcie 128-154 cm.<\/p>\n<p style=\"margin: 15px 0; line-height: 1.8; clear: both; display: block; width: 100%; float: none; position: static;\">Wysoko\u015b\u0107 ramy&nbsp;<b>: 12&#8243;<\/b><\/p>\n<p style=\"margin: 15px 0; line-height: 1.8; clear: both; display: block; width: 100%; float: none; position: static;\">Odleg\u0142o\u015b\u0107 od ziemi do najni\u017cej po\u0142o\u017conego siedzenia :&nbsp;<b>66 CM<\/b><\/p>\n<p style=\"margin: 15px 0; line-height: 1.8; clear: both; display: block; width: 100%; float: none; position: static;\">Wzmacniane, aluminiowe, dwukomorowe obr\u0119cze zapobiegaj\u0105 centrowaniu si\u0119 k\u00f3\u0142.<\/p>\n<\/div>\n<\/div>\n<\/div>\n<div style=\"clear: both; display: block; margin: 10px 0;\">\n<div style=\"clear: both; display: block; margin: 10px 0;\">\n<div style=\"clear: both; display: block; margin: 10px 0;\">\n<div  style=\"max-width:1000px;max-height:667px\">\n<div style=\"clear: both; display: block; margin: 10px 0;\">\n<div style=\"clear: both; width: 100%; display: block; margin: 20px 0; padding: 0; float: none; position: static; text-align: center;\"><img decoding=\"async\"  src=\"https:\/\/a.allegroimg.com\/original\/1186cf\/9eae16564016ae95bb13aedc46b2\/PIEKNY-ROZOWY-ROWER-MIEJSKI-DZIEWCZECY-24-CALE-dla-dziewczynki-1-BIEGOWY-Marka-German\" srcset=\"https:\/\/a.allegroimg.com\/original\/1186cf\/9eae16564016ae95bb13aedc46b2\/PIEKNY-ROZOWY-ROWER-MIEJSKI-DZIEWCZECY-24-CALE-dla-dziewczynki-1-BIEGOWY-Marka-German 360w,https:\/\/a.allegroimg.com\/original\/1186cf\/9eae16564016ae95bb13aedc46b2\/PIEKNY-ROZOWY-ROWER-MIEJSKI-DZIEWCZECY-24-CALE-dla-dziewczynki-1-BIEGOWY-Marka-German 720w,https:\/\/a.allegroimg.com\/original\/1186cf\/9eae16564016ae95bb13aedc46b2\/PIEKNY-ROZOWY-ROWER-MIEJSKI-DZIEWCZECY-24-CALE-dla-dziewczynki-1-BIEGOWY-Marka-German 1000w,https:\/\/a.allegroimg.com\/original\/1186cf\/9eae16564016ae95bb13aedc46b2\/PIEKNY-ROZOWY-ROWER-MIEJSKI-DZIEWCZECY-24-CALE-dla-dziewczynki-1-BIEGOWY-Marka-German 1000w\" sizes=\"100vw\" width=\"1000px\" alt=\"PI\u0118KNY R\u00d3\u017bOWY ROWER MIEJSKI DZIEWCZ\u0118CY 24 &amp;quot; CALE dla dziewczynki 1-BIEGOWY Marka German\" style=\"max-width: 100%; height: auto; display: block; margin: 0 auto;\"><\/div>\n<\/div>\n<\/div>\n<\/div>\n<\/div>\n<\/div>\n<div style=\"clear: both; display: block; margin: 10px 0;\">\n<div style=\"clear: both; display: block; margin: 10px 0;\">\n<div style=\"clear: both; display: block; margin: 10px 0;\">\n<p style=\"margin: 15px 0; line-height: 1.8; clear: both; display: block; width: 100%; float: none; position: static;\"><b>Metalowa os\u0142ona \u0142a\u0144cucha&nbsp;<\/b>nie uszkodzi si\u0119 tak \u0142atwo jak plastikowa.<\/p>\n<\/div>\n<\/div>\n<\/div>\n<div style=\"clear: both; display: block; margin: 10px 0;\">\n<div style=\"clear: both; display: block; margin: 10px 0;\">\n<div style=\"clear: both; display: block; margin: 10px 0;\">\n<div  style=\"max-width:1000px;max-height:667px\">\n<div style=\"clear: both; display: block; margin: 10px 0;\">\n<div style=\"clear: both; width: 100%; display: block; margin: 20px 0; padding: 0; float: none; position: static; text-align: center;\"><img decoding=\"async\"  src=\"https:\/\/a.allegroimg.com\/original\/11060d\/6721d834434c9fcec10f9e4a44e1\/PIEKNY-ROZOWY-ROWER-MIEJSKI-DZIEWCZECY-24-CALE-dla-dziewczynki-1-BIEGOWY-Rozmiar-ramy-12-cali\" srcset=\"https:\/\/a.allegroimg.com\/original\/11060d\/6721d834434c9fcec10f9e4a44e1\/PIEKNY-ROZOWY-ROWER-MIEJSKI-DZIEWCZECY-24-CALE-dla-dziewczynki-1-BIEGOWY-Rozmiar-ramy-12-cali 360w,https:\/\/a.allegroimg.com\/original\/11060d\/6721d834434c9fcec10f9e4a44e1\/PIEKNY-ROZOWY-ROWER-MIEJSKI-DZIEWCZECY-24-CALE-dla-dziewczynki-1-BIEGOWY-Rozmiar-ramy-12-cali 720w,https:\/\/a.allegroimg.com\/original\/11060d\/6721d834434c9fcec10f9e4a44e1\/PIEKNY-ROZOWY-ROWER-MIEJSKI-DZIEWCZECY-24-CALE-dla-dziewczynki-1-BIEGOWY-Rozmiar-ramy-12-cali 1000w,https:\/\/a.allegroimg.com\/original\/11060d\/6721d834434c9fcec10f9e4a44e1\/PIEKNY-ROZOWY-ROWER-MIEJSKI-DZIEWCZECY-24-CALE-dla-dziewczynki-1-BIEGOWY-Rozmiar-ramy-12-cali 1000w\" sizes=\"100vw\" width=\"1000px\" alt=\"PI\u0118KNY R\u00d3\u017bOWY ROWER MIEJSKI DZIEWCZ\u0118CY 24 &amp;quot; CALE dla dziewczynki 1-BIEGOWY Rozmiar ramy 12 cali\" style=\"max-width: 100%; height: auto; display: block; margin: 0 auto;\"><\/div>\n<\/div>\n<\/div>\n<\/div>\n<\/div>\n<\/div>\n<div style=\"clear: both; display: block; margin: 10px 0;\">\n<div style=\"clear: both; display: block; margin: 10px 0;\">\n<div style=\"clear: both; display: block; margin: 10px 0;\">\n<p style=\"margin: 15px 0; line-height: 1.8; clear: both; display: block; width: 100%; float: none; position: static;\">Aukcja nie zawiera koszyka.<b>&nbsp;Koszyk na click<\/b>&nbsp;dopasowany do tego modelu oraz inne akcesoria mo\u017cesz dokupi\u0107 razem z rowerem. Rozwi\u0144 zestawy.<\/p>\n<\/div>\n<\/div>\n<\/div>\n<div style=\"clear: both; display: block; margin: 10px 0;\">\n<div style=\"clear: both; display: block; margin: 10px 0;\">\n<div style=\"clear: both; display: block; margin: 10px 0;\">\n<div  style=\"max-width:1000px;max-height:667px\">\n<div style=\"clear: both; display: block; margin: 10px 0;\">\n<div style=\"clear: both; width: 100%; display: block; margin: 20px 0; padding: 0; float: none; position: static; text-align: center;\"><img decoding=\"async\"  src=\"https:\/\/a.allegroimg.com\/original\/117b62\/636c554f4d999ab649d7ecc29319\/PIEKNY-ROZOWY-ROWER-MIEJSKI-DZIEWCZECY-24-CALE-dla-dziewczynki-1-BIEGOWY-Kod-producenta-damski-dziewczecy-24-cale\" srcset=\"https:\/\/a.allegroimg.com\/original\/117b62\/636c554f4d999ab649d7ecc29319\/PIEKNY-ROZOWY-ROWER-MIEJSKI-DZIEWCZECY-24-CALE-dla-dziewczynki-1-BIEGOWY-Kod-producenta-damski-dziewczecy-24-cale 360w,https:\/\/a.allegroimg.com\/original\/117b62\/636c554f4d999ab649d7ecc29319\/PIEKNY-ROZOWY-ROWER-MIEJSKI-DZIEWCZECY-24-CALE-dla-dziewczynki-1-BIEGOWY-Kod-producenta-damski-dziewczecy-24-cale 720w,https:\/\/a.allegroimg.com\/original\/117b62\/636c554f4d999ab649d7ecc29319\/PIEKNY-ROZOWY-ROWER-MIEJSKI-DZIEWCZECY-24-CALE-dla-dziewczynki-1-BIEGOWY-Kod-producenta-damski-dziewczecy-24-cale 1000w,https:\/\/a.allegroimg.com\/original\/117b62\/636c554f4d999ab649d7ecc29319\/PIEKNY-ROZOWY-ROWER-MIEJSKI-DZIEWCZECY-24-CALE-dla-dziewczynki-1-BIEGOWY-Kod-producenta-damski-dziewczecy-24-cale 1000w\" sizes=\"100vw\" width=\"1000px\" alt=\"PI\u0118KNY R\u00d3\u017bOWY ROWER MIEJSKI DZIEWCZ\u0118CY 24 &amp;quot; CALE dla dziewczynki 1-BIEGOWY Kod producenta damski dziewcz\u0119cy 24 cale\" style=\"max-width: 100%; height: auto; display: block; margin: 0 auto;\"><\/div>\n<\/div>\n<\/div>\n<\/div>\n<\/div>\n<\/div>\n<div style=\"clear: both; display: block; margin: 10px 0;\">\n<div style=\"clear: both; display: block; margin: 10px 0;\">\n<div style=\"clear: both; display: block; margin: 10px 0;\">\n<p style=\"margin: 15px 0; line-height: 1.8; clear: both; display: block; width: 100%; float: none; position: static;\"><b>Amortyzowane<\/b>, szerokie&nbsp;siedzenie.<\/p>\n<\/div>\n<\/div>\n<\/div>\n<div style=\"clear: both; display: block; margin: 10px 0;\">\n<div style=\"clear: both; display: block; margin: 10px 0;\">\n<div style=\"clear: both; display: block; margin: 10px 0;\">\n<p style=\"margin: 15px 0; line-height: 1.8; clear: both; display: block; width: 100%; float: none; position: static;\"><b>Eleganckie<\/b>, wyszywane chwyty.<\/p>\n<\/div>\n<\/div>\n<\/div>\n<div style=\"clear: both; display: block; margin: 10px 0;\">\n<div style=\"clear: both; display: block; margin: 10px 0;\">\n<div style=\"clear: both; display: block; margin: 10px 0;\">\n<p style=\"margin: 15px 0; line-height: 1.8; clear: both; display: block; width: 100%; float: none; position: static;\">Wysy\u0142ane rowery s\u0105 w 85% z\u0142o\u017cone. Przed wysy\u0142k\u0105 rowery przechodz\u0105 regulacj\u0119 tak, aby uprzyjemni\u0107 Pa\u0144stwu zakup.<\/p>\n<p style=\"margin: 15px 0; line-height: 1.8; clear: both; display: block; width: 100%; float: none; position: static;\">Za regulacj\u0119 nie pobieramy dodatkowej op\u0142aty.<\/p>\n<p style=\"margin: 15px 0; line-height: 1.8; clear: both; display: block; width: 100%; float: none; position: static;\">Do produkcji u\u017cywany jest smar, rowery mog\u0105 by\u0107 prowadzone prze spakowaniem, dlatego mo\u017cliwe jest aby nowy rower mia\u0142 delikatne \u015blady.<\/p>\n<p style=\"margin: 15px 0; line-height: 1.8; clear: both; display: block; width: 100%; float: none; position: static;\">Czas dostawy wy\u015bwietlany przez allegro kupuj\u0105cym, jest to sugerowany czas dostawy, nie gwarantowany.<\/p>\n<h3 style=\"color: #2c5aa0; font-size: 18px; margin: 30px 0 15px 0; font-weight: bold; clear: both; display: block; width: 100%; float: none; position: static;\">Zaobserwuj nas na Instagram<\/h3>\n<p style=\"margin: 15px 0; line-height: 1.8; clear: both; display: block; width: 100%; float: none; position: static;\">Bogata oferta rower\u00f3w u u\u017cytkownika<b>&nbsp;GERMANONLINE_PL<\/b><\/p>\n<\/div>\n<\/div>\n<\/div>\n<div style=\"clear: both; display: block; margin: 10px 0;\">\n<div style=\"clear: both; display: block; margin: 10px 0;\">\n<div style=\"clear: both; display: block; margin: 10px 0;\">\n<div  style=\"max-width:1000px;max-height:667px\">\n<div style=\"clear: both; display: block; margin: 10px 0;\">\n<div style=\"clear: both; width: 100%; display: block; margin: 20px 0; padding: 0; float: none; position: static; text-align: center;\"><img decoding=\"async\"  src=\"https:\/\/a.allegroimg.com\/original\/11a51b\/3d6fcd7a4f1fbc7d87423bea53d1\/PIEKNY-ROZOWY-ROWER-MIEJSKI-DZIEWCZECY-24-CALE-dla-dziewczynki-1-BIEGOWY\" srcset=\"https:\/\/a.allegroimg.com\/original\/11a51b\/3d6fcd7a4f1fbc7d87423bea53d1\/PIEKNY-ROZOWY-ROWER-MIEJSKI-DZIEWCZECY-24-CALE-dla-dziewczynki-1-BIEGOWY 360w,https:\/\/a.allegroimg.com\/original\/11a51b\/3d6fcd7a4f1fbc7d87423bea53d1\/PIEKNY-ROZOWY-ROWER-MIEJSKI-DZIEWCZECY-24-CALE-dla-dziewczynki-1-BIEGOWY 720w,https:\/\/a.allegroimg.com\/original\/11a51b\/3d6fcd7a4f1fbc7d87423bea53d1\/PIEKNY-ROZOWY-ROWER-MIEJSKI-DZIEWCZECY-24-CALE-dla-dziewczynki-1-BIEGOWY 1000w,https:\/\/a.allegroimg.com\/original\/11a51b\/3d6fcd7a4f1fbc7d87423bea53d1\/PIEKNY-ROZOWY-ROWER-MIEJSKI-DZIEWCZECY-24-CALE-dla-dziewczynki-1-BIEGOWY 1000w\" sizes=\"100vw\" width=\"1000px\" alt=\"PI\u0118KNY R\u00d3\u017bOWY ROWER MIEJSKI DZIEWCZ\u0118CY 24 &amp;quot; CALE dla dziewczynki 1-BIEGOWY\" style=\"max-width: 100%; height: auto; display: block; margin: 0 auto;\"><\/div>\n<\/div>\n<\/div>\n<\/div>\n<\/div>\n<\/div>\n<\/div>\n<\/div>\n<\/div>\n<div style=\"clear: both; display: block; margin: 10px 0;\">\n","protected":false},"excerpt":{"rendered":"<p>LEKKI ROWER DAMSKI MIEJSKI GERMAN 24<\/p>\n<p>German&nbsp;\u0142\u0105czy w sobie&nbsp;wysokiej jako\u015bci komponenty,&nbsp;aby tworzy\u0107 produkt spe\u0142niaj\u0105cy wymagania nie tylko jazdy miejskiej, ale i jazdy wycieczkowej.<\/p>\n<p>Aukcja nie zawiera koszyka.&nbsp;Koszyk na click&nbsp;dopasowany do tego modelu oraz inne akcesoria mo\u017cesz dokupi\u0107 razem z rowerem. Rozwi\u0144 zestawy.<\/p>\n<p>Designerskie po\u0142\u0105czenia&nbsp;nowoczesnych rozwi\u0105za\u0144 technicznych&nbsp;oraz&nbsp;zaskakuj\u0105cych kolor\u00f3w tworz\u0105 wspania\u0142y produkt.<\/p>\n<p>Rowery German&nbsp;zachwycaj\u0105 stylem. To&nbsp;najlepszy wyb\u00f3r&nbsp;jako\u015bciowo-cenowy !<\/p>\n","protected":false},"featured_media":14372,"template":"","meta":{"_uag_custom_page_level_css":""},"product_brand":[703],"product_cat":[714,688,687],"product_tag":[],"class_list":{"0":"post-14371","1":"product","2":"type-product","3":"status-publish","4":"has-post-thumbnail","6":"product_brand-german","7":"product_cat-miejskie","8":"product_cat-rowery","9":"product_cat-rowery-i-akcesoria","11":"first","12":"instock","13":"sale","14":"shipping-taxable","15":"purchasable","16":"product-type-simple"},"uagb_featured_image_src":{"full":["https:\/\/twojerowery.shop\/ro64\/wp-content\/uploads\/2026\/02\/allegro-image-14371.jpg",1000,667,false],"thumbnail":["https:\/\/twojerowery.shop\/ro64\/wp-content\/uploads\/2026\/02\/allegro-image-14371-150x150.jpg",150,150,true],"medium":["https:\/\/twojerowery.shop\/ro64\/wp-content\/uploads\/2026\/02\/allegro-image-14371-300x200.jpg",300,200,true],"medium_large":["https:\/\/twojerowery.shop\/ro64\/wp-content\/uploads\/2026\/02\/allegro-image-14371-768x512.jpg",768,512,true],"large":["https:\/\/twojerowery.shop\/ro64\/wp-content\/uploads\/2026\/02\/allegro-image-14371.jpg",1000,667,false],"1536x1536":["https:\/\/twojerowery.shop\/ro64\/wp-content\/uploads\/2026\/02\/allegro-image-14371.jpg",1000,667,false],"2048x2048":["https:\/\/twojerowery.shop\/ro64\/wp-content\/uploads\/2026\/02\/allegro-image-14371.jpg",1000,667,false],"woocommerce_thumbnail":["https:\/\/twojerowery.shop\/ro64\/wp-content\/uploads\/2026\/02\/allegro-image-14371-300x300.jpg",300,300,true],"woocommerce_single":["https:\/\/twojerowery.shop\/ro64\/wp-content\/uploads\/2026\/02\/allegro-image-14371-600x400.jpg",600,400,true],"woocommerce_gallery_thumbnail":["https:\/\/twojerowery.shop\/ro64\/wp-content\/uploads\/2026\/02\/allegro-image-14371-100x100.jpg",100,100,true]},"uagb_author_info":{"display_name":"admin","author_link":"https:\/\/twojerowery.shop\/ro64\/author\/"},"uagb_comment_info":0,"uagb_excerpt":"LEKKI ROWER DAMSKI MIEJSKI GERMAN 24 German&nbsp;\u0142\u0105czy w sobie&nbsp;wysokiej jako\u015bci komponenty,&nbsp;aby tworzy\u0107 produkt spe\u0142niaj\u0105cy wymagania nie tylko jazdy miejskiej, ale i jazdy wycieczkowej. Aukcja nie zawiera koszyka.&nbsp;Koszyk na click&nbsp;dopasowany do tego modelu oraz inne akcesoria mo\u017cesz dokupi\u0107 razem z rowerem. Rozwi\u0144 zestawy. Designerskie po\u0142\u0105czenia&nbsp;nowoczesnych rozwi\u0105za\u0144 technicznych&nbsp;oraz&nbsp;zaskakuj\u0105cych kolor\u00f3w tworz\u0105 wspania\u0142y produkt. Rowery German&nbsp;zachwycaj\u0105 stylem. To&nbsp;najlepszy wyb\u00f3r&nbsp;jako\u015bciowo-cenowy&hellip;","_links":{"self":[{"href":"https:\/\/twojerowery.shop\/ro64\/wp-json\/wp\/v2\/product\/14371","targetHints":{"allow":["GET"]}}],"collection":[{"href":"https:\/\/twojerowery.shop\/ro64\/wp-json\/wp\/v2\/product"}],"about":[{"href":"https:\/\/twojerowery.shop\/ro64\/wp-json\/wp\/v2\/types\/product"}],"wp:featuredmedia":[{"embeddable":true,"href":"https:\/\/twojerowery.shop\/ro64\/wp-json\/wp\/v2\/media\/14372"}],"wp:attachment":[{"href":"https:\/\/twojerowery.shop\/ro64\/wp-json\/wp\/v2\/media?parent=14371"}],"wp:term":[{"taxonomy":"product_brand","embeddable":true,"href":"https:\/\/twojerowery.shop\/ro64\/wp-json\/wp\/v2\/product_brand?post=14371"},{"taxonomy":"product_cat","embeddable":true,"href":"https:\/\/twojerowery.shop\/ro64\/wp-json\/wp\/v2\/product_cat?post=14371"},{"taxonomy":"product_tag","embeddable":true,"href":"https:\/\/twojerowery.shop\/ro64\/wp-json\/wp\/v2\/product_tag?post=14371"}],"curies":[{"name":"wp","href":"https:\/\/api.w.org\/{rel}","templated":true}]}}