{"id":14387,"date":"2026-02-26T04:35:46","date_gmt":"2026-02-26T03:35:46","guid":{"rendered":"https:\/\/rowermax.shop\/ro64\/produkt\/damski-rower-miejski-goetze-26-lekki-damka-shimano-kosz-2\/"},"modified":"2026-03-29T05:37:22","modified_gmt":"2026-03-29T04:37:22","slug":"damski-rower-miejski-goetze-26-lekki-damka-shimano-kosz-2","status":"publish","type":"product","link":"https:\/\/twojerowery.shop\/ro64\/produkt\/damski-rower-miejski-goetze-26-lekki-damka-shimano-kosz-2\/","title":{"rendered":"DAMSKI ROWER MIEJSKI Goetze 26 LEKKI DAMKA SHIMANO KOSZ"},"content":{"rendered":"<div style=\"font-family: Arial, sans-serif; line-height: 1.6; color: #333; padding: 20px; clear: both; display: block; width: 100%; float: none; position: static; overflow: hidden;\">\n<div style=\"clear: both; display: block; margin: 10px 0;\">\n<div style=\"clear: both; display: block; margin: 10px 0;\">\n<div style=\"clear: both; display: block; margin: 10px 0;\">\n<h1>Goetze Mood 26&#8242; NL<\/h1>\n<\/div>\n<\/div>\n<\/div>\n<div style=\"clear: both; display: block; margin: 10px 0;\">\n<div style=\"clear: both; display: block; margin: 10px 0;\">\n<div style=\"clear: both; display: block; margin: 10px 0;\">\n<div  style=\"max-width:2560px;max-height:2412px\">\n<div style=\"clear: both; display: block; margin: 10px 0;\">\n<div style=\"clear: both; width: 100%; display: block; margin: 20px 0; padding: 0; float: none; position: static; text-align: center;\"><img decoding=\"async\"  src=\"https:\/\/a.allegroimg.com\/original\/11e545\/e0f74a1e42f3872ab9dd83062b70\/DAMSKI-ROWER-MIEJSKI-Goetze-26-LEKKI-DAMKA-SHIMANO-KOSZ\" srcset=\"https:\/\/a.allegroimg.com\/original\/11e545\/e0f74a1e42f3872ab9dd83062b70\/DAMSKI-ROWER-MIEJSKI-Goetze-26-LEKKI-DAMKA-SHIMANO-KOSZ 360w,https:\/\/a.allegroimg.com\/original\/11e545\/e0f74a1e42f3872ab9dd83062b70\/DAMSKI-ROWER-MIEJSKI-Goetze-26-LEKKI-DAMKA-SHIMANO-KOSZ 720w,https:\/\/a.allegroimg.com\/original\/11e545\/e0f74a1e42f3872ab9dd83062b70\/DAMSKI-ROWER-MIEJSKI-Goetze-26-LEKKI-DAMKA-SHIMANO-KOSZ 1024w,https:\/\/a.allegroimg.com\/original\/11e545\/e0f74a1e42f3872ab9dd83062b70\/DAMSKI-ROWER-MIEJSKI-Goetze-26-LEKKI-DAMKA-SHIMANO-KOSZ 1440w,https:\/\/a.allegroimg.com\/original\/11e545\/e0f74a1e42f3872ab9dd83062b70\/DAMSKI-ROWER-MIEJSKI-Goetze-26-LEKKI-DAMKA-SHIMANO-KOSZ 2560w\" sizes=\"100vw\" width=\"2560px\" alt=\"DAMSKI ROWER MIEJSKI Goetze 26 LEKKI DAMKA SHIMANO KOSZ\" style=\"max-width: 100%; height: auto; display: block; margin: 0 auto;\"><\/div>\n<\/div>\n<\/div>\n<\/div>\n<\/div>\n<\/div>\n<div style=\"clear: both; display: block; margin: 10px 0;\">\n<div style=\"clear: both; display: block; margin: 10px 0;\">\n<div style=\"clear: both; display: block; margin: 10px 0;\">\n<p style=\"margin: 15px 0; line-height: 1.8; clear: both; display: block; width: 100%; float: none; position: static;\"><b>Rower Goetze<\/b> to doskona\u0142e po\u0142\u0105czenie miejskiej funkcjonalno\u015bci i dopracowanej stylistyki.<\/p>\n<p style=\"margin: 15px 0; line-height: 1.8; clear: both; display: block; width: 100%; float: none; position: static;\">Zaprojektowany tak, aby zapewni\u0107 Tobie wygod\u0119 zar\u00f3wno podczas codziennego poruszania si\u0119 po mie\u015bcie jak i na parkowych alejkach.<\/p>\n<p style=\"margin: 15px 0; line-height: 1.8; clear: both; display: block; width: 100%; float: none; position: static;\">Goetze to rower, kt\u00f3ry pozwoli Ci czerpa\u0107 przyjemno\u015b\u0107 nie tylko z jady, ale tak\u017ce z pe\u0142nych zachwytu spojrze\u0144 mijanych przechodni\u00f3w.<\/p>\n<p style=\"margin: 15px 0; line-height: 1.8; clear: both; display: block; width: 100%; float: none; position: static;\">Wyra\u017a sw\u00f3j unikalny styl, wybierz Goetze.<\/p>\n<\/div>\n<\/div>\n<\/div>\n<div style=\"clear: both; display: block; margin: 10px 0;\">\n<div style=\"clear: both; display: block; margin: 10px 0;\">\n<div style=\"clear: both; display: block; margin: 10px 0;\">\n<div  style=\"max-width:2560px;max-height:1437px\">\n<div style=\"clear: both; display: block; margin: 10px 0;\">\n<div style=\"clear: both; width: 100%; display: block; margin: 20px 0; padding: 0; float: none; position: static; text-align: center;\"><img decoding=\"async\"  src=\"https:\/\/a.allegroimg.com\/original\/11f011\/0e33ddb146429c514b3e868396bf\/DAMSKI-ROWER-MIEJSKI-Goetze-26-LEKKI-DAMKA-SHIMANO-KOSZ-Marka-Goetze\" srcset=\"https:\/\/a.allegroimg.com\/original\/11f011\/0e33ddb146429c514b3e868396bf\/DAMSKI-ROWER-MIEJSKI-Goetze-26-LEKKI-DAMKA-SHIMANO-KOSZ-Marka-Goetze 360w,https:\/\/a.allegroimg.com\/original\/11f011\/0e33ddb146429c514b3e868396bf\/DAMSKI-ROWER-MIEJSKI-Goetze-26-LEKKI-DAMKA-SHIMANO-KOSZ-Marka-Goetze 720w,https:\/\/a.allegroimg.com\/original\/11f011\/0e33ddb146429c514b3e868396bf\/DAMSKI-ROWER-MIEJSKI-Goetze-26-LEKKI-DAMKA-SHIMANO-KOSZ-Marka-Goetze 1024w,https:\/\/a.allegroimg.com\/original\/11f011\/0e33ddb146429c514b3e868396bf\/DAMSKI-ROWER-MIEJSKI-Goetze-26-LEKKI-DAMKA-SHIMANO-KOSZ-Marka-Goetze 1440w,https:\/\/a.allegroimg.com\/original\/11f011\/0e33ddb146429c514b3e868396bf\/DAMSKI-ROWER-MIEJSKI-Goetze-26-LEKKI-DAMKA-SHIMANO-KOSZ-Marka-Goetze 2560w\" sizes=\"(min-width: 1200px) 560px, (min-width: 992px) 50vw, 100vw\" width=\"2560px\" alt=\"DAMSKI ROWER MIEJSKI Goetze 26 LEKKI DAMKA SHIMANO KOSZ Marka Goetze\" style=\"max-width: 100%; height: auto; display: block; margin: 0 auto;\"><\/div>\n<\/div>\n<\/div>\n<\/div>\n<\/div>\n<div style=\"clear: both; display: block; margin: 10px 0;\">\n<div style=\"clear: both; display: block; margin: 10px 0;\">\n<h2>Cechy:<\/h2>\n<ul style=\"margin: 15px 0; padding-left: 20px; clear: both; display: block; width: 100%; float: none; position: static;\">\n<li style=\"margin: 5px 0; padding: 2px 0; clear: both; display: list-item; float: none; position: static;\"><b>kompletny osprz\u0119t Shimano<\/b> (manetka, wolnobieg, przerzutka)<\/li>\n<li style=\"margin: 5px 0; padding: 2px 0; clear: both; display: list-item; float: none; position: static;\"><b>6<\/b> bieg\u00f3w<\/li>\n<li style=\"margin: 5px 0; padding: 2px 0; clear: both; display: list-item; float: none; position: static;\"><b>atrakcyjne design<\/b>, stanowi\u0105cy wyj\u0105tkow\u0105 mieszank\u0119 stylu, elegancji i pragmatyzmu.<\/li>\n<li style=\"margin: 5px 0; padding: 2px 0; clear: both; display: list-item; float: none; position: static;\"><b>kosz z wk\u0142adem<\/b> w zestawie<\/li>\n<li style=\"margin: 5px 0; padding: 2px 0; clear: both; display: list-item; float: none; position: static;\"><b>wysoki komfort jazdy <\/b>(mi\u0119kkie szerokie siode\u0142ko i wyprostowana pozycja podczas jazdy)<\/li>\n<li style=\"margin: 5px 0; padding: 2px 0; clear: both; display: list-item; float: none; position: static;\"><b>niezawodno\u015b\u0107 i bezpiecze\u0144stwo<\/b> (trwa\u0142e markowe komponenty w po\u0142\u0105czeniu z \u0142atwo\u015bci\u0105 obs\u0142ugi)<\/li>\n<\/ul>\n<\/div>\n<\/div>\n<\/div>\n<div style=\"clear: both; display: block; margin: 10px 0;\">\n<div style=\"clear: both; display: block; margin: 10px 0;\">\n<div style=\"clear: both; display: block; margin: 10px 0;\">\n<h2>Specyfikacja techniczna:<\/h2>\n<ul style=\"margin: 15px 0; padding-left: 20px; clear: both; display: block; width: 100%; float: none; position: static;\">\n<li style=\"margin: 5px 0; padding: 2px 0; clear: both; display: list-item; float: none; position: static;\">rama&nbsp; stalowa<\/li>\n<li style=\"margin: 5px 0; padding: 2px 0; clear: both; display: list-item; float: none; position: static;\">rozmiar ramy&nbsp; 17&#8243;<\/li>\n<li style=\"margin: 5px 0; padding: 2px 0; clear: both; display: list-item; float: none; position: static;\">obr\u0119cze&nbsp; aluminiowe wzmacniane 26&#8243;<\/li>\n<li style=\"margin: 5px 0; padding: 2px 0; clear: both; display: list-item; float: none; position: static;\">o\u015bwietlenie&nbsp; bateryjne LED<\/li>\n<li style=\"margin: 5px 0; padding: 2px 0; clear: both; display: list-item; float: none; position: static;\">ilo\u015b\u0107&nbsp; bieg\u00f3w 6<\/li>\n<li style=\"margin: 5px 0; padding: 2px 0; clear: both; display: list-item; float: none; position: static;\">wolnobieg&nbsp; Shimano 6 rz.<\/li>\n<li style=\"margin: 5px 0; padding: 2px 0; clear: both; display: list-item; float: none; position: static;\">manetka&nbsp; Shimano RevoShift<\/li>\n<li style=\"margin: 5px 0; padding: 2px 0; clear: both; display: list-item; float: none; position: static;\">przerzutka&nbsp; Shimano Turney<\/li>\n<li style=\"margin: 5px 0; padding: 2px 0; clear: both; display: list-item; float: none; position: static;\">hamulec prz\u00f3d\/ty\u0142 &nbsp;V-break\/V-break aluminiowe<\/li>\n<li style=\"margin: 5px 0; padding: 2px 0; clear: both; display: list-item; float: none; position: static;\">opony&nbsp; Deli 26&#215;1,75<\/li>\n<li style=\"margin: 5px 0; padding: 2px 0; clear: both; display: list-item; float: none; position: static;\">siode\u0142ko&nbsp; Goetze CityLine<\/li>\n<li style=\"margin: 5px 0; padding: 2px 0; clear: both; display: list-item; float: none; position: static;\">chwyty&nbsp; profilowane<\/li>\n<\/ul>\n<\/div>\n<\/div>\n<div style=\"clear: both; display: block; margin: 10px 0;\">\n<div style=\"clear: both; display: block; margin: 10px 0;\">\n<div  style=\"max-width:2560px;max-height:2324px\">\n<div style=\"clear: both; display: block; margin: 10px 0;\">\n<div style=\"clear: both; width: 100%; display: block; margin: 20px 0; padding: 0; float: none; position: static; text-align: center;\"><img decoding=\"async\"  src=\"https:\/\/a.allegroimg.com\/original\/115f63\/0d23e09948048a119a19c88237d6\/DAMSKI-ROWER-MIEJSKI-Goetze-26-LEKKI-DAMKA-SHIMANO-KOSZ-Kod-producenta-5904172521668\" srcset=\"https:\/\/a.allegroimg.com\/original\/115f63\/0d23e09948048a119a19c88237d6\/DAMSKI-ROWER-MIEJSKI-Goetze-26-LEKKI-DAMKA-SHIMANO-KOSZ-Kod-producenta-5904172521668 360w,https:\/\/a.allegroimg.com\/original\/115f63\/0d23e09948048a119a19c88237d6\/DAMSKI-ROWER-MIEJSKI-Goetze-26-LEKKI-DAMKA-SHIMANO-KOSZ-Kod-producenta-5904172521668 720w,https:\/\/a.allegroimg.com\/original\/115f63\/0d23e09948048a119a19c88237d6\/DAMSKI-ROWER-MIEJSKI-Goetze-26-LEKKI-DAMKA-SHIMANO-KOSZ-Kod-producenta-5904172521668 1024w,https:\/\/a.allegroimg.com\/original\/115f63\/0d23e09948048a119a19c88237d6\/DAMSKI-ROWER-MIEJSKI-Goetze-26-LEKKI-DAMKA-SHIMANO-KOSZ-Kod-producenta-5904172521668 1440w,https:\/\/a.allegroimg.com\/original\/115f63\/0d23e09948048a119a19c88237d6\/DAMSKI-ROWER-MIEJSKI-Goetze-26-LEKKI-DAMKA-SHIMANO-KOSZ-Kod-producenta-5904172521668 2560w\" sizes=\"(min-width: 1200px) 560px, (min-width: 992px) 50vw, 100vw\" width=\"2560px\" alt=\"DAMSKI ROWER MIEJSKI Goetze 26 LEKKI DAMKA SHIMANO KOSZ Kod producenta 5904172521668\" style=\"max-width: 100%; height: auto; display: block; margin: 0 auto;\"><\/div>\n<\/div>\n<\/div>\n<\/div>\n<\/div>\n<\/div>\n<div style=\"clear: both; display: block; margin: 10px 0;\">\n<div style=\"clear: both; display: block; margin: 10px 0;\">\n<div style=\"clear: both; display: block; margin: 10px 0;\">\n<div  style=\"max-width:2560px;max-height:1688px\">\n<div style=\"clear: both; display: block; margin: 10px 0;\">\n<div style=\"clear: both; width: 100%; display: block; margin: 20px 0; padding: 0; float: none; position: static; text-align: center;\"><img decoding=\"async\"  src=\"https:\/\/a.allegroimg.com\/original\/11ccd4\/299021664290911d269ccbb2fb7e\/DAMSKI-ROWER-MIEJSKI-Goetze-26-LEKKI-DAMKA-SHIMANO-KOSZ-Stopien-zlozenia-do-samodzielnego-zlozenia-do-regulacji\" srcset=\"https:\/\/a.allegroimg.com\/original\/11ccd4\/299021664290911d269ccbb2fb7e\/DAMSKI-ROWER-MIEJSKI-Goetze-26-LEKKI-DAMKA-SHIMANO-KOSZ-Stopien-zlozenia-do-samodzielnego-zlozenia-do-regulacji 360w,https:\/\/a.allegroimg.com\/original\/11ccd4\/299021664290911d269ccbb2fb7e\/DAMSKI-ROWER-MIEJSKI-Goetze-26-LEKKI-DAMKA-SHIMANO-KOSZ-Stopien-zlozenia-do-samodzielnego-zlozenia-do-regulacji 720w,https:\/\/a.allegroimg.com\/original\/11ccd4\/299021664290911d269ccbb2fb7e\/DAMSKI-ROWER-MIEJSKI-Goetze-26-LEKKI-DAMKA-SHIMANO-KOSZ-Stopien-zlozenia-do-samodzielnego-zlozenia-do-regulacji 1024w,https:\/\/a.allegroimg.com\/original\/11ccd4\/299021664290911d269ccbb2fb7e\/DAMSKI-ROWER-MIEJSKI-Goetze-26-LEKKI-DAMKA-SHIMANO-KOSZ-Stopien-zlozenia-do-samodzielnego-zlozenia-do-regulacji 1440w,https:\/\/a.allegroimg.com\/original\/11ccd4\/299021664290911d269ccbb2fb7e\/DAMSKI-ROWER-MIEJSKI-Goetze-26-LEKKI-DAMKA-SHIMANO-KOSZ-Stopien-zlozenia-do-samodzielnego-zlozenia-do-regulacji 2560w\" sizes=\"100vw\" width=\"2560px\" alt=\"DAMSKI ROWER MIEJSKI Goetze 26 LEKKI DAMKA SHIMANO KOSZ Stopie\u0144 z\u0142o\u017cenia do samodzielnego z\u0142o\u017cenia, do regulacji\" style=\"max-width: 100%; height: auto; display: block; margin: 0 auto;\"><\/div>\n<\/div>\n<\/div>\n<\/div>\n<\/div>\n<\/div>\n<div style=\"clear: both; display: block; margin: 10px 0;\">\n<div style=\"clear: both; display: block; margin: 10px 0;\">\n<div style=\"clear: both; display: block; margin: 10px 0;\">\n<h3 style=\"color: #2c5aa0; font-size: 18px; margin: 30px 0 15px 0; font-weight: bold; clear: both; display: block; width: 100%; float: none; position: static;\">Oferta dotyczy roweru wraz z koszem widocznym na zdj\u0119ciu.<\/h3>\n<\/div>\n<\/div>\n<\/div>\n<div style=\"clear: both; display: block; margin: 10px 0;\">\n<div style=\"clear: both; display: block; margin: 10px 0;\">\n<div style=\"clear: both; display: block; margin: 10px 0;\">\n<div  style=\"max-width:1500px;max-height:1500px\">\n<div style=\"clear: both; display: block; margin: 10px 0;\">\n<div style=\"clear: both; width: 100%; display: block; margin: 20px 0; padding: 0; float: none; position: static; text-align: center;\"><img decoding=\"async\"  src=\"https:\/\/a.allegroimg.com\/original\/11dc64\/2dfe155249d89949db00d48ecb8c\/DAMSKI-ROWER-MIEJSKI-Goetze-26-LEKKI-DAMKA-SHIMANO-KOSZ-Rozmiar-kola-26\" srcset=\"https:\/\/a.allegroimg.com\/original\/11dc64\/2dfe155249d89949db00d48ecb8c\/DAMSKI-ROWER-MIEJSKI-Goetze-26-LEKKI-DAMKA-SHIMANO-KOSZ-Rozmiar-kola-26 360w,https:\/\/a.allegroimg.com\/original\/11dc64\/2dfe155249d89949db00d48ecb8c\/DAMSKI-ROWER-MIEJSKI-Goetze-26-LEKKI-DAMKA-SHIMANO-KOSZ-Rozmiar-kola-26 720w,https:\/\/a.allegroimg.com\/original\/11dc64\/2dfe155249d89949db00d48ecb8c\/DAMSKI-ROWER-MIEJSKI-Goetze-26-LEKKI-DAMKA-SHIMANO-KOSZ-Rozmiar-kola-26 1024w,https:\/\/a.allegroimg.com\/original\/11dc64\/2dfe155249d89949db00d48ecb8c\/DAMSKI-ROWER-MIEJSKI-Goetze-26-LEKKI-DAMKA-SHIMANO-KOSZ-Rozmiar-kola-26 1440w,https:\/\/a.allegroimg.com\/original\/11dc64\/2dfe155249d89949db00d48ecb8c\/DAMSKI-ROWER-MIEJSKI-Goetze-26-LEKKI-DAMKA-SHIMANO-KOSZ-Rozmiar-kola-26 1500w\" sizes=\"(min-width: 1200px) 560px, (min-width: 992px) 50vw, 100vw\" width=\"1500px\" alt=\"DAMSKI ROWER MIEJSKI Goetze 26 LEKKI DAMKA SHIMANO KOSZ Rozmiar ko\u0142a (&quot;) 26\" style=\"max-width: 100%; height: auto; display: block; margin: 0 auto;\"><\/div>\n<\/div>\n<\/div>\n<\/div>\n<\/div>\n<div style=\"clear: both; display: block; margin: 10px 0;\">\n<div style=\"clear: both; display: block; margin: 10px 0;\">\n<div  style=\"max-width:1800px;max-height:1800px\">\n<div style=\"clear: both; display: block; margin: 10px 0;\">\n<div style=\"clear: both; width: 100%; display: block; margin: 20px 0; padding: 0; float: none; position: static; text-align: center;\"><img decoding=\"async\"  src=\"https:\/\/a.allegroimg.com\/original\/11173f\/a73158ba407ba5e210c627cd84e1\/DAMSKI-ROWER-MIEJSKI-Goetze-26-LEKKI-DAMKA-SHIMANO-KOSZ-Kolor-zielony\" srcset=\"https:\/\/a.allegroimg.com\/original\/11173f\/a73158ba407ba5e210c627cd84e1\/DAMSKI-ROWER-MIEJSKI-Goetze-26-LEKKI-DAMKA-SHIMANO-KOSZ-Kolor-zielony 360w,https:\/\/a.allegroimg.com\/original\/11173f\/a73158ba407ba5e210c627cd84e1\/DAMSKI-ROWER-MIEJSKI-Goetze-26-LEKKI-DAMKA-SHIMANO-KOSZ-Kolor-zielony 720w,https:\/\/a.allegroimg.com\/original\/11173f\/a73158ba407ba5e210c627cd84e1\/DAMSKI-ROWER-MIEJSKI-Goetze-26-LEKKI-DAMKA-SHIMANO-KOSZ-Kolor-zielony 1024w,https:\/\/a.allegroimg.com\/original\/11173f\/a73158ba407ba5e210c627cd84e1\/DAMSKI-ROWER-MIEJSKI-Goetze-26-LEKKI-DAMKA-SHIMANO-KOSZ-Kolor-zielony 1440w,https:\/\/a.allegroimg.com\/original\/11173f\/a73158ba407ba5e210c627cd84e1\/DAMSKI-ROWER-MIEJSKI-Goetze-26-LEKKI-DAMKA-SHIMANO-KOSZ-Kolor-zielony 1800w\" sizes=\"(min-width: 1200px) 560px, (min-width: 992px) 50vw, 100vw\" width=\"1800px\" alt=\"DAMSKI ROWER MIEJSKI Goetze 26 LEKKI DAMKA SHIMANO KOSZ Kolor zielony\" style=\"max-width: 100%; height: auto; display: block; margin: 0 auto;\"><\/div>\n<\/div>\n<\/div>\n<\/div>\n<\/div>\n<\/div>\n<div style=\"clear: both; display: block; margin: 10px 0;\">\n<div style=\"clear: both; display: block; margin: 10px 0;\">\n<div style=\"clear: both; display: block; margin: 10px 0;\">\n<div  style=\"max-width:2560px;max-height:557px\">\n<div style=\"clear: both; display: block; margin: 10px 0;\">\n<div style=\"clear: both; width: 100%; display: block; margin: 20px 0; padding: 0; float: none; position: static; text-align: center;\"><img decoding=\"async\"  src=\"https:\/\/a.allegroimg.com\/original\/1119e7\/40e84e6e4ef28c038a09be4d5c66\/DAMSKI-ROWER-MIEJSKI-Goetze-26-LEKKI-DAMKA-SHIMANO-KOSZ-Rozmiar-ramy-17-cali\" srcset=\"https:\/\/a.allegroimg.com\/original\/1119e7\/40e84e6e4ef28c038a09be4d5c66\/DAMSKI-ROWER-MIEJSKI-Goetze-26-LEKKI-DAMKA-SHIMANO-KOSZ-Rozmiar-ramy-17-cali 360w,https:\/\/a.allegroimg.com\/original\/1119e7\/40e84e6e4ef28c038a09be4d5c66\/DAMSKI-ROWER-MIEJSKI-Goetze-26-LEKKI-DAMKA-SHIMANO-KOSZ-Rozmiar-ramy-17-cali 720w,https:\/\/a.allegroimg.com\/original\/1119e7\/40e84e6e4ef28c038a09be4d5c66\/DAMSKI-ROWER-MIEJSKI-Goetze-26-LEKKI-DAMKA-SHIMANO-KOSZ-Rozmiar-ramy-17-cali 1024w,https:\/\/a.allegroimg.com\/original\/1119e7\/40e84e6e4ef28c038a09be4d5c66\/DAMSKI-ROWER-MIEJSKI-Goetze-26-LEKKI-DAMKA-SHIMANO-KOSZ-Rozmiar-ramy-17-cali 1440w,https:\/\/a.allegroimg.com\/original\/1119e7\/40e84e6e4ef28c038a09be4d5c66\/DAMSKI-ROWER-MIEJSKI-Goetze-26-LEKKI-DAMKA-SHIMANO-KOSZ-Rozmiar-ramy-17-cali 2560w\" sizes=\"100vw\" width=\"2560px\" alt=\"DAMSKI ROWER MIEJSKI Goetze 26 LEKKI DAMKA SHIMANO KOSZ Rozmiar ramy 17 cali\" style=\"max-width: 100%; height: auto; display: block; margin: 0 auto;\"><\/div>\n<\/div>\n<\/div>\n<\/div>\n<\/div>\n<\/div>\n<\/div>\n<\/div>\n<\/div>\n<div style=\"clear: both; display: block; margin: 10px 0;\">\n","protected":false},"excerpt":{"rendered":"<p>Goetze Mood 26&#039; NL<\/p>\n<p>Rower Goetze to doskona\u0142e po\u0142\u0105czenie miejskiej funkcjonalno\u015bci i dopracowanej stylistyki.<\/p>\n<p>Zaprojektowany tak, aby zapewni\u0107 Tobie wygod\u0119 zar\u00f3wno podczas codziennego poruszania si\u0119 po mie\u015bcie jak i na parkowych alejkach.<\/p>\n<p>Goetze to rower, kt\u00f3ry pozwoli Ci czerpa\u0107 przyjemno\u015b\u0107 nie tylko z jady, ale tak\u017ce z pe\u0142nych zachwytu spojrze\u0144 mijanych przechodni\u00f3w.<\/p>\n<p>Wyra\u017a sw\u00f3j unikalny styl, wybierz Goetze.<\/p>\n<p>Cechy:<\/p>\n<p>kompletny osprz\u0119t Shimano (manetka, wolnobieg, przerzutka)<\/p>\n<p>6 bieg\u00f3w<\/p>\n","protected":false},"featured_media":14388,"template":"","meta":{"_uag_custom_page_level_css":""},"product_brand":[708],"product_cat":[714,688,687],"product_tag":[],"class_list":{"0":"post-14387","1":"product","2":"type-product","3":"status-publish","4":"has-post-thumbnail","6":"product_brand-goetze","7":"product_cat-miejskie","8":"product_cat-rowery","9":"product_cat-rowery-i-akcesoria","11":"first","12":"instock","13":"sale","14":"shipping-taxable","15":"purchasable","16":"product-type-simple"},"uagb_featured_image_src":{"full":["https:\/\/twojerowery.shop\/ro64\/wp-content\/uploads\/2026\/02\/allegro-image-14387.jpg",2560,2412,false],"thumbnail":["https:\/\/twojerowery.shop\/ro64\/wp-content\/uploads\/2026\/02\/allegro-image-14387-150x150.jpg",150,150,true],"medium":["https:\/\/twojerowery.shop\/ro64\/wp-content\/uploads\/2026\/02\/allegro-image-14387-300x283.jpg",300,283,true],"medium_large":["https:\/\/twojerowery.shop\/ro64\/wp-content\/uploads\/2026\/02\/allegro-image-14387-768x724.jpg",768,724,true],"large":["https:\/\/twojerowery.shop\/ro64\/wp-content\/uploads\/2026\/02\/allegro-image-14387-1024x965.jpg",1024,965,true],"1536x1536":["https:\/\/twojerowery.shop\/ro64\/wp-content\/uploads\/2026\/02\/allegro-image-14387-1536x1447.jpg",1536,1447,true],"2048x2048":["https:\/\/twojerowery.shop\/ro64\/wp-content\/uploads\/2026\/02\/allegro-image-14387-2048x1930.jpg",2048,1930,true],"woocommerce_thumbnail":["https:\/\/twojerowery.shop\/ro64\/wp-content\/uploads\/2026\/02\/allegro-image-14387-300x300.jpg",300,300,true],"woocommerce_single":["https:\/\/twojerowery.shop\/ro64\/wp-content\/uploads\/2026\/02\/allegro-image-14387-600x565.jpg",600,565,true],"woocommerce_gallery_thumbnail":["https:\/\/twojerowery.shop\/ro64\/wp-content\/uploads\/2026\/02\/allegro-image-14387-100x100.jpg",100,100,true]},"uagb_author_info":{"display_name":"admin","author_link":"https:\/\/twojerowery.shop\/ro64\/author\/"},"uagb_comment_info":0,"uagb_excerpt":"Goetze Mood 26&#039; NL Rower Goetze to doskona\u0142e po\u0142\u0105czenie miejskiej funkcjonalno\u015bci i dopracowanej stylistyki. Zaprojektowany tak, aby zapewni\u0107 Tobie wygod\u0119 zar\u00f3wno podczas codziennego poruszania si\u0119 po mie\u015bcie jak i na parkowych alejkach. Goetze to rower, kt\u00f3ry pozwoli Ci czerpa\u0107 przyjemno\u015b\u0107 nie tylko z jady, ale tak\u017ce z pe\u0142nych zachwytu spojrze\u0144 mijanych przechodni\u00f3w. Wyra\u017a sw\u00f3j unikalny&hellip;","_links":{"self":[{"href":"https:\/\/twojerowery.shop\/ro64\/wp-json\/wp\/v2\/product\/14387","targetHints":{"allow":["GET"]}}],"collection":[{"href":"https:\/\/twojerowery.shop\/ro64\/wp-json\/wp\/v2\/product"}],"about":[{"href":"https:\/\/twojerowery.shop\/ro64\/wp-json\/wp\/v2\/types\/product"}],"wp:featuredmedia":[{"embeddable":true,"href":"https:\/\/twojerowery.shop\/ro64\/wp-json\/wp\/v2\/media\/14388"}],"wp:attachment":[{"href":"https:\/\/twojerowery.shop\/ro64\/wp-json\/wp\/v2\/media?parent=14387"}],"wp:term":[{"taxonomy":"product_brand","embeddable":true,"href":"https:\/\/twojerowery.shop\/ro64\/wp-json\/wp\/v2\/product_brand?post=14387"},{"taxonomy":"product_cat","embeddable":true,"href":"https:\/\/twojerowery.shop\/ro64\/wp-json\/wp\/v2\/product_cat?post=14387"},{"taxonomy":"product_tag","embeddable":true,"href":"https:\/\/twojerowery.shop\/ro64\/wp-json\/wp\/v2\/product_tag?post=14387"}],"curies":[{"name":"wp","href":"https:\/\/api.w.org\/{rel}","templated":true}]}}