{"id":14395,"date":"2026-02-26T04:35:55","date_gmt":"2026-02-26T03:35:55","guid":{"rendered":"https:\/\/rowermax.shop\/ro64\/produkt\/damski-rower-miejski-26-lekki-damka-6-shimano-kosz\/"},"modified":"2026-03-28T18:05:34","modified_gmt":"2026-03-28T17:05:34","slug":"damski-rower-miejski-26-lekki-damka-6-shimano-kosz","status":"publish","type":"product","link":"https:\/\/twojerowery.shop\/ro64\/produkt\/damski-rower-miejski-26-lekki-damka-6-shimano-kosz\/","title":{"rendered":"DAMSKI ROWER MIEJSKI 26 LEKKI DAMKA 6 SHIMANO KOSZ"},"content":{"rendered":"<div style=\"font-family: Arial, sans-serif; line-height: 1.6; color: #333; padding: 20px; clear: both; display: block; width: 100%; float: none; position: static; overflow: hidden;\">\n<div style=\"clear: both; display: block; margin: 10px 0;\">\n<div style=\"clear: both; display: block; margin: 10px 0;\">\n<div style=\"clear: both; display: block; margin: 10px 0;\">\n<h1>Goetze Mood 26&#8242; 6 bieg\u00f3w Shimano\u00ae<\/h1>\n<\/div>\n<\/div>\n<\/div>\n<div style=\"clear: both; display: block; margin: 10px 0;\">\n<div style=\"clear: both; display: block; margin: 10px 0;\">\n<div style=\"clear: both; display: block; margin: 10px 0;\">\n<div  style=\"max-width:2560px;max-height:1692px\">\n<div style=\"clear: both; display: block; margin: 10px 0;\">\n<div style=\"clear: both; width: 100%; display: block; margin: 20px 0; padding: 0; float: none; position: static; text-align: center;\"><img decoding=\"async\"  src=\"https:\/\/a.allegroimg.com\/original\/114bea\/1dc0577143408ecfaf5fb76f8db8\/DAMSKI-ROWER-MIEJSKI-26-LEKKI-DAMKA-6-SHIMANO-KOSZ\" srcset=\"https:\/\/a.allegroimg.com\/original\/114bea\/1dc0577143408ecfaf5fb76f8db8\/DAMSKI-ROWER-MIEJSKI-26-LEKKI-DAMKA-6-SHIMANO-KOSZ 360w,https:\/\/a.allegroimg.com\/original\/114bea\/1dc0577143408ecfaf5fb76f8db8\/DAMSKI-ROWER-MIEJSKI-26-LEKKI-DAMKA-6-SHIMANO-KOSZ 720w,https:\/\/a.allegroimg.com\/original\/114bea\/1dc0577143408ecfaf5fb76f8db8\/DAMSKI-ROWER-MIEJSKI-26-LEKKI-DAMKA-6-SHIMANO-KOSZ 1024w,https:\/\/a.allegroimg.com\/original\/114bea\/1dc0577143408ecfaf5fb76f8db8\/DAMSKI-ROWER-MIEJSKI-26-LEKKI-DAMKA-6-SHIMANO-KOSZ 1440w,https:\/\/a.allegroimg.com\/original\/114bea\/1dc0577143408ecfaf5fb76f8db8\/DAMSKI-ROWER-MIEJSKI-26-LEKKI-DAMKA-6-SHIMANO-KOSZ 2560w\" sizes=\"100vw\" width=\"2560px\" alt=\"DAMSKI ROWER MIEJSKI 26 LEKKI DAMKA 6 SHIMANO KOSZ\" style=\"max-width: 100%; height: auto; display: block; margin: 0 auto;\"><\/div>\n<\/div>\n<\/div>\n<\/div>\n<\/div>\n<\/div>\n<div style=\"clear: both; display: block; margin: 10px 0;\">\n<div style=\"clear: both; display: block; margin: 10px 0;\">\n<div style=\"clear: both; display: block; margin: 10px 0;\">\n<p style=\"margin: 15px 0; line-height: 1.8; clear: both; display: block; width: 100%; float: none; position: static;\"><b>Rower Goetze<\/b> to doskona\u0142e po\u0142\u0105czenie miejskiej funkcjonalno\u015bci i dopracowanej stylistyki.<\/p>\n<p style=\"margin: 15px 0; line-height: 1.8; clear: both; display: block; width: 100%; float: none; position: static;\">Zaprojektowany tak, aby zapewni\u0107 Tobie wygod\u0119 zar\u00f3wno podczas codziennego poruszania si\u0119 po mie\u015bcie jak i na parkowych alejkach.<\/p>\n<p style=\"margin: 15px 0; line-height: 1.8; clear: both; display: block; width: 100%; float: none; position: static;\">Goetze to rower, kt\u00f3ry pozwoli Ci czerpa\u0107 przyjemno\u015b\u0107 nie tylko z jady, ale tak\u017ce z pe\u0142nych zachwytu spojrze\u0144 mijanych przechodni\u00f3w.<\/p>\n<p style=\"margin: 15px 0; line-height: 1.8; clear: both; display: block; width: 100%; float: none; position: static;\">Wyra\u017a sw\u00f3j unikalny styl, wybierz Goetze.<\/p>\n<\/div>\n<\/div>\n<\/div>\n<div style=\"clear: both; display: block; margin: 10px 0;\">\n<div style=\"clear: both; display: block; margin: 10px 0;\">\n<div style=\"clear: both; display: block; margin: 10px 0;\">\n<h2>Cechy:<\/h2>\n<ul style=\"margin: 15px 0; padding-left: 20px; clear: both; display: block; width: 100%; float: none; position: static;\">\n<li style=\"margin: 5px 0; padding: 2px 0; clear: both; display: list-item; float: none; position: static;\"><b>kompletny osprz\u0119t Shimano<\/b> (manetka, wolnobieg, przerzutka)<\/li>\n<li style=\"margin: 5px 0; padding: 2px 0; clear: both; display: list-item; float: none; position: static;\"><b>6<\/b> bieg\u00f3w<\/li>\n<li style=\"margin: 5px 0; padding: 2px 0; clear: both; display: list-item; float: none; position: static;\"><b>atrakcyjne design<\/b>, stanowi\u0105cy wyj\u0105tkow\u0105 mieszank\u0119 stylu, elegancji i pragmatyzmu.<\/li>\n<li style=\"margin: 5px 0; padding: 2px 0; clear: both; display: list-item; float: none; position: static;\"><b>kosz z wk\u0142adem<\/b> w zestawie<\/li>\n<li style=\"margin: 5px 0; padding: 2px 0; clear: both; display: list-item; float: none; position: static;\"><b>wysoki komfort jazdy <\/b>(mi\u0119kkie szerokie siode\u0142ko i wyprostowana pozycja podczas jazdy)<\/li>\n<li style=\"margin: 5px 0; padding: 2px 0; clear: both; display: list-item; float: none; position: static;\"><b>niezawodno\u015b\u0107 i bezpiecze\u0144stwo<\/b> (trwa\u0142e markowe komponenty w po\u0142\u0105czeniu z \u0142atwo\u015bci\u0105 obs\u0142ugi)<\/li>\n<\/ul>\n<\/div>\n<\/div>\n<\/div>\n<div style=\"clear: both; display: block; margin: 10px 0;\">\n<div style=\"clear: both; display: block; margin: 10px 0;\">\n<div style=\"clear: both; display: block; margin: 10px 0;\">\n<h2>Specyfikacja techniczna:<\/h2>\n<ul style=\"margin: 15px 0; padding-left: 20px; clear: both; display: block; width: 100%; float: none; position: static;\">\n<li style=\"margin: 5px 0; padding: 2px 0; clear: both; display: list-item; float: none; position: static;\">rama&nbsp; stalowa<\/li>\n<li style=\"margin: 5px 0; padding: 2px 0; clear: both; display: list-item; float: none; position: static;\">rozmiar ramy&nbsp; 17&#8243;<\/li>\n<li style=\"margin: 5px 0; padding: 2px 0; clear: both; display: list-item; float: none; position: static;\">obr\u0119cze&nbsp; aluminiowe wzmacniane 26&#8243;<\/li>\n<li style=\"margin: 5px 0; padding: 2px 0; clear: both; display: list-item; float: none; position: static;\">o\u015bwietlenie&nbsp; bateryjne LED<\/li>\n<li style=\"margin: 5px 0; padding: 2px 0; clear: both; display: list-item; float: none; position: static;\">ilo\u015b\u0107&nbsp; bieg\u00f3w 6<\/li>\n<li style=\"margin: 5px 0; padding: 2px 0; clear: both; display: list-item; float: none; position: static;\">wolnobieg&nbsp; Shimano 6 rz.<\/li>\n<li style=\"margin: 5px 0; padding: 2px 0; clear: both; display: list-item; float: none; position: static;\">manetka&nbsp; Shimano RevoShift<\/li>\n<li style=\"margin: 5px 0; padding: 2px 0; clear: both; display: list-item; float: none; position: static;\">przerzutka&nbsp; Shimano Turney<\/li>\n<li style=\"margin: 5px 0; padding: 2px 0; clear: both; display: list-item; float: none; position: static;\">hamulec prz\u00f3d\/ty\u0142 &nbsp;V-break\/V-break aluminiowe<\/li>\n<li style=\"margin: 5px 0; padding: 2px 0; clear: both; display: list-item; float: none; position: static;\">opony&nbsp; Deli 26&#215;1,75<\/li>\n<li style=\"margin: 5px 0; padding: 2px 0; clear: both; display: list-item; float: none; position: static;\">siode\u0142ko&nbsp; Goetze CityLine<\/li>\n<li style=\"margin: 5px 0; padding: 2px 0; clear: both; display: list-item; float: none; position: static;\">chwyty&nbsp; profilowane<\/li>\n<\/ul>\n<\/div>\n<\/div>\n<div style=\"clear: both; display: block; margin: 10px 0;\">\n<div style=\"clear: both; display: block; margin: 10px 0;\">\n<div  style=\"max-width:2560px;max-height:1437px\">\n<div style=\"clear: both; display: block; margin: 10px 0;\">\n<div style=\"clear: both; width: 100%; display: block; margin: 20px 0; padding: 0; float: none; position: static; text-align: center;\"><img decoding=\"async\"  src=\"https:\/\/a.allegroimg.com\/original\/11653e\/ab1558d1481aa6b7d00a9e0b8407\/DAMSKI-ROWER-MIEJSKI-26-LEKKI-DAMKA-6-SHIMANO-KOSZ-Stopien-zlozenia-do-samodzielnego-zlozenia-do-regulacji\" srcset=\"https:\/\/a.allegroimg.com\/original\/11653e\/ab1558d1481aa6b7d00a9e0b8407\/DAMSKI-ROWER-MIEJSKI-26-LEKKI-DAMKA-6-SHIMANO-KOSZ-Stopien-zlozenia-do-samodzielnego-zlozenia-do-regulacji 360w,https:\/\/a.allegroimg.com\/original\/11653e\/ab1558d1481aa6b7d00a9e0b8407\/DAMSKI-ROWER-MIEJSKI-26-LEKKI-DAMKA-6-SHIMANO-KOSZ-Stopien-zlozenia-do-samodzielnego-zlozenia-do-regulacji 720w,https:\/\/a.allegroimg.com\/original\/11653e\/ab1558d1481aa6b7d00a9e0b8407\/DAMSKI-ROWER-MIEJSKI-26-LEKKI-DAMKA-6-SHIMANO-KOSZ-Stopien-zlozenia-do-samodzielnego-zlozenia-do-regulacji 1024w,https:\/\/a.allegroimg.com\/original\/11653e\/ab1558d1481aa6b7d00a9e0b8407\/DAMSKI-ROWER-MIEJSKI-26-LEKKI-DAMKA-6-SHIMANO-KOSZ-Stopien-zlozenia-do-samodzielnego-zlozenia-do-regulacji 1440w,https:\/\/a.allegroimg.com\/original\/11653e\/ab1558d1481aa6b7d00a9e0b8407\/DAMSKI-ROWER-MIEJSKI-26-LEKKI-DAMKA-6-SHIMANO-KOSZ-Stopien-zlozenia-do-samodzielnego-zlozenia-do-regulacji 2560w\" sizes=\"(min-width: 1200px) 560px, (min-width: 992px) 50vw, 100vw\" width=\"2560px\" alt=\"DAMSKI ROWER MIEJSKI 26 LEKKI DAMKA 6 SHIMANO KOSZ Stopie\u0144 z\u0142o\u017cenia do samodzielnego z\u0142o\u017cenia, do regulacji\" style=\"max-width: 100%; height: auto; display: block; margin: 0 auto;\"><\/div>\n<\/div>\n<\/div>\n<\/div>\n<\/div>\n<\/div>\n<div style=\"clear: both; display: block; margin: 10px 0;\">\n<div style=\"clear: both; display: block; margin: 10px 0;\">\n<div style=\"clear: both; display: block; margin: 10px 0;\">\n<div  style=\"max-width:2560px;max-height:1692px\">\n<div style=\"clear: both; display: block; margin: 10px 0;\">\n<div style=\"clear: both; width: 100%; display: block; margin: 20px 0; padding: 0; float: none; position: static; text-align: center;\"><img decoding=\"async\"  src=\"https:\/\/a.allegroimg.com\/original\/114bea\/1dc0577143408ecfaf5fb76f8db8\/DAMSKI-ROWER-MIEJSKI-26-LEKKI-DAMKA-6-SHIMANO-KOSZ\" srcset=\"https:\/\/a.allegroimg.com\/original\/114bea\/1dc0577143408ecfaf5fb76f8db8\/DAMSKI-ROWER-MIEJSKI-26-LEKKI-DAMKA-6-SHIMANO-KOSZ 360w,https:\/\/a.allegroimg.com\/original\/114bea\/1dc0577143408ecfaf5fb76f8db8\/DAMSKI-ROWER-MIEJSKI-26-LEKKI-DAMKA-6-SHIMANO-KOSZ 720w,https:\/\/a.allegroimg.com\/original\/114bea\/1dc0577143408ecfaf5fb76f8db8\/DAMSKI-ROWER-MIEJSKI-26-LEKKI-DAMKA-6-SHIMANO-KOSZ 1024w,https:\/\/a.allegroimg.com\/original\/114bea\/1dc0577143408ecfaf5fb76f8db8\/DAMSKI-ROWER-MIEJSKI-26-LEKKI-DAMKA-6-SHIMANO-KOSZ 1440w,https:\/\/a.allegroimg.com\/original\/114bea\/1dc0577143408ecfaf5fb76f8db8\/DAMSKI-ROWER-MIEJSKI-26-LEKKI-DAMKA-6-SHIMANO-KOSZ 2560w\" sizes=\"100vw\" width=\"2560px\" alt=\"DAMSKI ROWER MIEJSKI 26 LEKKI DAMKA 6 SHIMANO KOSZ\" style=\"max-width: 100%; height: auto; display: block; margin: 0 auto;\"><\/div>\n<\/div>\n<\/div>\n<\/div>\n<\/div>\n<\/div>\n<div style=\"clear: both; display: block; margin: 10px 0;\">\n<div style=\"clear: both; display: block; margin: 10px 0;\">\n<div style=\"clear: both; display: block; margin: 10px 0;\">\n<h3 style=\"color: #2c5aa0; font-size: 18px; margin: 30px 0 15px 0; font-weight: bold; clear: both; display: block; width: 100%; float: none; position: static;\">Oferta dotyczy roweru wraz z koszem i wk\u0142adem widocznym na zdj\u0119ciu.<\/h3>\n<\/div>\n<\/div>\n<\/div>\n<div style=\"clear: both; display: block; margin: 10px 0;\">\n<div style=\"clear: both; display: block; margin: 10px 0;\">\n<div style=\"clear: both; display: block; margin: 10px 0;\">\n<div  style=\"max-width:1500px;max-height:1500px\">\n<div style=\"clear: both; display: block; margin: 10px 0;\">\n<div style=\"clear: both; width: 100%; display: block; margin: 20px 0; padding: 0; float: none; position: static; text-align: center;\"><img decoding=\"async\"  src=\"https:\/\/a.allegroimg.com\/original\/1160d6\/389a1754492fb739b3f32cfb89f8\/DAMSKI-ROWER-MIEJSKI-26-LEKKI-DAMKA-6-SHIMANO-KOSZ-Kod-producenta-5904172515087\" srcset=\"https:\/\/a.allegroimg.com\/original\/1160d6\/389a1754492fb739b3f32cfb89f8\/DAMSKI-ROWER-MIEJSKI-26-LEKKI-DAMKA-6-SHIMANO-KOSZ-Kod-producenta-5904172515087 360w,https:\/\/a.allegroimg.com\/original\/1160d6\/389a1754492fb739b3f32cfb89f8\/DAMSKI-ROWER-MIEJSKI-26-LEKKI-DAMKA-6-SHIMANO-KOSZ-Kod-producenta-5904172515087 720w,https:\/\/a.allegroimg.com\/original\/1160d6\/389a1754492fb739b3f32cfb89f8\/DAMSKI-ROWER-MIEJSKI-26-LEKKI-DAMKA-6-SHIMANO-KOSZ-Kod-producenta-5904172515087 1024w,https:\/\/a.allegroimg.com\/original\/1160d6\/389a1754492fb739b3f32cfb89f8\/DAMSKI-ROWER-MIEJSKI-26-LEKKI-DAMKA-6-SHIMANO-KOSZ-Kod-producenta-5904172515087 1440w,https:\/\/a.allegroimg.com\/original\/1160d6\/389a1754492fb739b3f32cfb89f8\/DAMSKI-ROWER-MIEJSKI-26-LEKKI-DAMKA-6-SHIMANO-KOSZ-Kod-producenta-5904172515087 1500w\" sizes=\"(min-width: 1200px) 560px, (min-width: 992px) 50vw, 100vw\" width=\"1500px\" alt=\"DAMSKI ROWER MIEJSKI 26 LEKKI DAMKA 6 SHIMANO KOSZ Kod producenta 5904172515087\" style=\"max-width: 100%; height: auto; display: block; margin: 0 auto;\"><\/div>\n<\/div>\n<\/div>\n<\/div>\n<\/div>\n<div style=\"clear: both; display: block; margin: 10px 0;\">\n<div style=\"clear: both; display: block; margin: 10px 0;\">\n<div  style=\"max-width:1800px;max-height:1800px\">\n<div style=\"clear: both; display: block; margin: 10px 0;\">\n<div style=\"clear: both; width: 100%; display: block; margin: 20px 0; padding: 0; float: none; position: static; text-align: center;\"><img decoding=\"async\"  src=\"https:\/\/a.allegroimg.com\/original\/117e8c\/d7887acd4702a4c20064a913cef3\/DAMSKI-ROWER-MIEJSKI-26-LEKKI-DAMKA-6-SHIMANO-KOSZ-Marka-Goetze\" srcset=\"https:\/\/a.allegroimg.com\/original\/117e8c\/d7887acd4702a4c20064a913cef3\/DAMSKI-ROWER-MIEJSKI-26-LEKKI-DAMKA-6-SHIMANO-KOSZ-Marka-Goetze 360w,https:\/\/a.allegroimg.com\/original\/117e8c\/d7887acd4702a4c20064a913cef3\/DAMSKI-ROWER-MIEJSKI-26-LEKKI-DAMKA-6-SHIMANO-KOSZ-Marka-Goetze 720w,https:\/\/a.allegroimg.com\/original\/117e8c\/d7887acd4702a4c20064a913cef3\/DAMSKI-ROWER-MIEJSKI-26-LEKKI-DAMKA-6-SHIMANO-KOSZ-Marka-Goetze 1024w,https:\/\/a.allegroimg.com\/original\/117e8c\/d7887acd4702a4c20064a913cef3\/DAMSKI-ROWER-MIEJSKI-26-LEKKI-DAMKA-6-SHIMANO-KOSZ-Marka-Goetze 1440w,https:\/\/a.allegroimg.com\/original\/117e8c\/d7887acd4702a4c20064a913cef3\/DAMSKI-ROWER-MIEJSKI-26-LEKKI-DAMKA-6-SHIMANO-KOSZ-Marka-Goetze 1800w\" sizes=\"(min-width: 1200px) 560px, (min-width: 992px) 50vw, 100vw\" width=\"1800px\" alt=\"DAMSKI ROWER MIEJSKI 26 LEKKI DAMKA 6 SHIMANO KOSZ Marka Goetze\" style=\"max-width: 100%; height: auto; display: block; margin: 0 auto;\"><\/div>\n<\/div>\n<\/div>\n<\/div>\n<\/div>\n<\/div>\n<div style=\"clear: both; display: block; margin: 10px 0;\">\n<div style=\"clear: both; display: block; margin: 10px 0;\">\n<div style=\"clear: both; display: block; margin: 10px 0;\">\n<div  style=\"max-width:2560px;max-height:557px\">\n<div style=\"clear: both; display: block; margin: 10px 0;\">\n<div style=\"clear: both; width: 100%; display: block; margin: 20px 0; padding: 0; float: none; position: static; text-align: center;\"><img decoding=\"async\"  src=\"https:\/\/a.allegroimg.com\/original\/11d9c4\/c19383d941d1ba52e2ec0a7017fd\/DAMSKI-ROWER-MIEJSKI-26-LEKKI-DAMKA-6-SHIMANO-KOSZ-Model-mood-26\" srcset=\"https:\/\/a.allegroimg.com\/original\/11d9c4\/c19383d941d1ba52e2ec0a7017fd\/DAMSKI-ROWER-MIEJSKI-26-LEKKI-DAMKA-6-SHIMANO-KOSZ-Model-mood-26 360w,https:\/\/a.allegroimg.com\/original\/11d9c4\/c19383d941d1ba52e2ec0a7017fd\/DAMSKI-ROWER-MIEJSKI-26-LEKKI-DAMKA-6-SHIMANO-KOSZ-Model-mood-26 720w,https:\/\/a.allegroimg.com\/original\/11d9c4\/c19383d941d1ba52e2ec0a7017fd\/DAMSKI-ROWER-MIEJSKI-26-LEKKI-DAMKA-6-SHIMANO-KOSZ-Model-mood-26 1024w,https:\/\/a.allegroimg.com\/original\/11d9c4\/c19383d941d1ba52e2ec0a7017fd\/DAMSKI-ROWER-MIEJSKI-26-LEKKI-DAMKA-6-SHIMANO-KOSZ-Model-mood-26 1440w,https:\/\/a.allegroimg.com\/original\/11d9c4\/c19383d941d1ba52e2ec0a7017fd\/DAMSKI-ROWER-MIEJSKI-26-LEKKI-DAMKA-6-SHIMANO-KOSZ-Model-mood-26 2560w\" sizes=\"100vw\" width=\"2560px\" alt=\"DAMSKI ROWER MIEJSKI 26 LEKKI DAMKA 6 SHIMANO KOSZ Model mood 26\" style=\"max-width: 100%; height: auto; display: block; margin: 0 auto;\"><\/div>\n<\/div>\n<\/div>\n<\/div>\n<\/div>\n<\/div>\n<\/div>\n<\/div>\n<\/div>\n<div style=\"clear: both; display: block; margin: 10px 0;\">\n","protected":false},"excerpt":{"rendered":"<p>Goetze Mood 26&#039; 6 bieg\u00f3w Shimano\u00ae<\/p>\n<p>Rower Goetze to doskona\u0142e po\u0142\u0105czenie miejskiej funkcjonalno\u015bci i dopracowanej stylistyki.<\/p>\n<p>Zaprojektowany tak, aby zapewni\u0107 Tobie wygod\u0119 zar\u00f3wno podczas codziennego poruszania si\u0119 po mie\u015bcie jak i na parkowych alejkach.<\/p>\n<p>Goetze to rower, kt\u00f3ry pozwoli Ci czerpa\u0107 przyjemno\u015b\u0107 nie tylko z jady, ale tak\u017ce z pe\u0142nych zachwytu spojrze\u0144 mijanych przechodni\u00f3w.<\/p>\n<p>Wyra\u017a sw\u00f3j unikalny styl, wybierz Goetze.<\/p>\n<p>Cechy:<\/p>\n<p>kompletny osprz\u0119t Shimano (manetka, wolnobieg, przerzutka)<\/p>\n<p>6 bieg\u00f3w<\/p>\n","protected":false},"featured_media":14396,"template":"","meta":{"_uag_custom_page_level_css":""},"product_brand":[708],"product_cat":[714,688,687],"product_tag":[],"class_list":{"0":"post-14395","1":"product","2":"type-product","3":"status-publish","4":"has-post-thumbnail","6":"product_brand-goetze","7":"product_cat-miejskie","8":"product_cat-rowery","9":"product_cat-rowery-i-akcesoria","11":"first","12":"instock","13":"sale","14":"shipping-taxable","15":"purchasable","16":"product-type-simple"},"uagb_featured_image_src":{"full":["https:\/\/twojerowery.shop\/ro64\/wp-content\/uploads\/2026\/02\/allegro-image-14395.jpg",2560,1692,false],"thumbnail":["https:\/\/twojerowery.shop\/ro64\/wp-content\/uploads\/2026\/02\/allegro-image-14395-150x150.jpg",150,150,true],"medium":["https:\/\/twojerowery.shop\/ro64\/wp-content\/uploads\/2026\/02\/allegro-image-14395-300x198.jpg",300,198,true],"medium_large":["https:\/\/twojerowery.shop\/ro64\/wp-content\/uploads\/2026\/02\/allegro-image-14395-768x508.jpg",768,508,true],"large":["https:\/\/twojerowery.shop\/ro64\/wp-content\/uploads\/2026\/02\/allegro-image-14395-1024x677.jpg",1024,677,true],"1536x1536":["https:\/\/twojerowery.shop\/ro64\/wp-content\/uploads\/2026\/02\/allegro-image-14395-1536x1015.jpg",1536,1015,true],"2048x2048":["https:\/\/twojerowery.shop\/ro64\/wp-content\/uploads\/2026\/02\/allegro-image-14395-2048x1354.jpg",2048,1354,true],"woocommerce_thumbnail":["https:\/\/twojerowery.shop\/ro64\/wp-content\/uploads\/2026\/02\/allegro-image-14395-300x300.jpg",300,300,true],"woocommerce_single":["https:\/\/twojerowery.shop\/ro64\/wp-content\/uploads\/2026\/02\/allegro-image-14395-600x397.jpg",600,397,true],"woocommerce_gallery_thumbnail":["https:\/\/twojerowery.shop\/ro64\/wp-content\/uploads\/2026\/02\/allegro-image-14395-100x100.jpg",100,100,true]},"uagb_author_info":{"display_name":"admin","author_link":"https:\/\/twojerowery.shop\/ro64\/author\/"},"uagb_comment_info":0,"uagb_excerpt":"Goetze Mood 26&#039; 6 bieg\u00f3w Shimano\u00ae Rower Goetze to doskona\u0142e po\u0142\u0105czenie miejskiej funkcjonalno\u015bci i dopracowanej stylistyki. Zaprojektowany tak, aby zapewni\u0107 Tobie wygod\u0119 zar\u00f3wno podczas codziennego poruszania si\u0119 po mie\u015bcie jak i na parkowych alejkach. Goetze to rower, kt\u00f3ry pozwoli Ci czerpa\u0107 przyjemno\u015b\u0107 nie tylko z jady, ale tak\u017ce z pe\u0142nych zachwytu spojrze\u0144 mijanych przechodni\u00f3w. Wyra\u017a&hellip;","_links":{"self":[{"href":"https:\/\/twojerowery.shop\/ro64\/wp-json\/wp\/v2\/product\/14395","targetHints":{"allow":["GET"]}}],"collection":[{"href":"https:\/\/twojerowery.shop\/ro64\/wp-json\/wp\/v2\/product"}],"about":[{"href":"https:\/\/twojerowery.shop\/ro64\/wp-json\/wp\/v2\/types\/product"}],"wp:featuredmedia":[{"embeddable":true,"href":"https:\/\/twojerowery.shop\/ro64\/wp-json\/wp\/v2\/media\/14396"}],"wp:attachment":[{"href":"https:\/\/twojerowery.shop\/ro64\/wp-json\/wp\/v2\/media?parent=14395"}],"wp:term":[{"taxonomy":"product_brand","embeddable":true,"href":"https:\/\/twojerowery.shop\/ro64\/wp-json\/wp\/v2\/product_brand?post=14395"},{"taxonomy":"product_cat","embeddable":true,"href":"https:\/\/twojerowery.shop\/ro64\/wp-json\/wp\/v2\/product_cat?post=14395"},{"taxonomy":"product_tag","embeddable":true,"href":"https:\/\/twojerowery.shop\/ro64\/wp-json\/wp\/v2\/product_tag?post=14395"}],"curies":[{"name":"wp","href":"https:\/\/api.w.org\/{rel}","templated":true}]}}