{"id":14399,"date":"2026-02-26T04:35:57","date_gmt":"2026-02-26T03:35:57","guid":{"rendered":"https:\/\/rowermax.shop\/ro64\/produkt\/evermore-rower-miejski-7-shimano-rama-18-cali-kolo-28-czarny\/"},"modified":"2026-02-26T04:35:59","modified_gmt":"2026-02-26T03:35:59","slug":"evermore-rower-miejski-7-shimano-rama-18-cali-kolo-28-czarny","status":"publish","type":"product","link":"https:\/\/twojerowery.shop\/ro64\/produkt\/evermore-rower-miejski-7-shimano-rama-18-cali-kolo-28-czarny\/","title":{"rendered":"EVERMORE Rower miejski 7 SHIMANO rama 18 cali ko\u0142o 28 &quot; CZARNY"},"content":{"rendered":"<div style=\"font-family: Arial, sans-serif; line-height: 1.6; color: #333; padding: 20px; clear: both; display: block; width: 100%; float: none; position: static; overflow: hidden;\">\n<div style=\"clear: both; display: block; margin: 10px 0;\">\n<div style=\"clear: both; display: block; margin: 10px 0;\">\n<div style=\"clear: both; display: block; margin: 10px 0;\">\n<div  style=\"max-width:1592px;max-height:988px\">\n<div style=\"clear: both; display: block; margin: 10px 0;\">\n<div style=\"clear: both; width: 100%; display: block; margin: 20px 0; padding: 0; float: none; position: static; text-align: center;\"><img decoding=\"async\"  src=\"https:\/\/a.allegroimg.com\/original\/116feb\/850ed1d4419eafcc053babf6fa76\/EVERMORE-Rower-miejski-7-SHIMANO-rama-18-cali-kolo-28-CZARNY\" srcset=\"https:\/\/a.allegroimg.com\/original\/116feb\/850ed1d4419eafcc053babf6fa76\/EVERMORE-Rower-miejski-7-SHIMANO-rama-18-cali-kolo-28-CZARNY 360w,https:\/\/a.allegroimg.com\/original\/116feb\/850ed1d4419eafcc053babf6fa76\/EVERMORE-Rower-miejski-7-SHIMANO-rama-18-cali-kolo-28-CZARNY 720w,https:\/\/a.allegroimg.com\/original\/116feb\/850ed1d4419eafcc053babf6fa76\/EVERMORE-Rower-miejski-7-SHIMANO-rama-18-cali-kolo-28-CZARNY 1024w,https:\/\/a.allegroimg.com\/original\/116feb\/850ed1d4419eafcc053babf6fa76\/EVERMORE-Rower-miejski-7-SHIMANO-rama-18-cali-kolo-28-CZARNY 1440w,https:\/\/a.allegroimg.com\/original\/116feb\/850ed1d4419eafcc053babf6fa76\/EVERMORE-Rower-miejski-7-SHIMANO-rama-18-cali-kolo-28-CZARNY 1592w\" sizes=\"(min-width: 1200px) 560px, (min-width: 992px) 50vw, 100vw\" width=\"1592px\" alt=\"EVERMORE Rower miejski 7 SHIMANO rama 18 cali ko\u0142o 28 &amp;quot; CZARNY\" style=\"max-width: 100%; height: auto; display: block; margin: 0 auto;\"><\/div>\n<\/div>\n<\/div>\n<\/div>\n<\/div>\n<div style=\"clear: both; display: block; margin: 10px 0;\">\n<div style=\"clear: both; display: block; margin: 10px 0;\">\n<p style=\"margin: 15px 0; line-height: 1.8; clear: both; display: block; width: 100%; float: none; position: static;\">EVERMORE Rower miejski 28&#8221;<\/p>\n<h3 style=\"color: #2c5aa0; font-size: 18px; margin: 30px 0 15px 0; font-weight: bold; clear: both; display: block; width: 100%; float: none; position: static;\">Oferta nie zawiera koszyka wiklinowego &#8211; do zakupu na naszej oddzielnej aukcji!<\/h3>\n<p style=\"margin: 15px 0; line-height: 1.8; clear: both; display: block; width: 100%; float: none; position: static;\">Kolor:<b> czarny<\/b><\/p>\n<p style=\"margin: 15px 0; line-height: 1.8; clear: both; display: block; width: 100%; float: none; position: static;\">Specyfikacja:<\/p>\n<ul style=\"margin: 15px 0; padding-left: 20px; clear: both; display: block; width: 100%; float: none; position: static;\">\n<li style=\"margin: 5px 0; padding: 2px 0; clear: both; display: list-item; float: none; position: static;\">waga 15kg<\/li>\n<li style=\"margin: 5px 0; padding: 2px 0; clear: both; display: list-item; float: none; position: static;\">rozmiar ramy 18\u201d<\/li>\n<li style=\"margin: 5px 0; padding: 2px 0; clear: both; display: list-item; float: none; position: static;\">rozmiar k\u00f3\u0142 28\u201d<\/li>\n<li style=\"margin: 5px 0; padding: 2px 0; clear: both; display: list-item; float: none; position: static;\">liczba przerzutek 7 SHIMANO<\/li>\n<li style=\"margin: 5px 0; padding: 2px 0; clear: both; display: list-item; float: none; position: static;\">manetka zmiany bieg\u00f3w SHIMANO<\/li>\n<\/ul>\n<p style=\"margin: 15px 0; line-height: 1.8; clear: both; display: block; width: 100%; float: none; position: static;\">Rowery miejskie&nbsp;<b>Evermore 28 cali 7 Shimano<\/b>&nbsp;to stylowe, lekkie i wygodne jedno\u015blady przeznaczone do jazdy po mie\u015bcie. G\u0142\u00f3wn\u0105 zalet\u0105 tych rower\u00f3w jest ich konstrukcja, kt\u00f3ra doskonale nadaje si\u0119 do poruszania si\u0119 po zat\u0142oczonych ulicach i dzielnicach miejskich, a tak\u017ce do przemierzania tras z du\u017c\u0105 ilo\u015bci\u0105 przeszk\u00f3d, jakie napotykamy na co dzie\u0144.<\/p>\n<\/div>\n<\/div>\n<\/div>\n<div style=\"clear: both; display: block; margin: 10px 0;\">\n<div style=\"clear: both; display: block; margin: 10px 0;\">\n<div style=\"clear: both; display: block; margin: 10px 0;\">\n<p style=\"margin: 15px 0; line-height: 1.8; clear: both; display: block; width: 100%; float: none; position: static;\">Model ten ma podstawowe wyposa\u017cenie, w tym elementy o\u015bwietlenia LED oraz wygodny kosz na baga\u017c. Wszystkie elementy wyko\u0144czenia s\u0105 starannie wykonane i dopasowane, a wiele wariant\u00f3w kolorystycznych pozwala na indywidualne dostosowanie roweru do swojego stylu. Podsumowuj\u0105c,&nbsp;<b>rowery miejskie Evermore 28 cali 7 Shimano<\/b>&nbsp;to nie tylko praktyczne, funkcjonalne i wygodne jedno\u015blady, ale r\u00f3wnie\u017c bardzo atrakcyjne wizualnie. S\u0105 doskona\u0142ym wyborem dla os\u00f3b szukaj\u0105cych uniwersalnego i niezawodnego jedno\u015bladu do poruszania si\u0119 po mie\u015bcie.<\/p>\n<\/div>\n<\/div>\n<div style=\"clear: both; display: block; margin: 10px 0;\">\n<div style=\"clear: both; display: block; margin: 10px 0;\">\n<div  style=\"max-width:2560px;max-height:1703px\">\n<div style=\"clear: both; display: block; margin: 10px 0;\">\n<div style=\"clear: both; width: 100%; display: block; margin: 20px 0; padding: 0; float: none; position: static; text-align: center;\"><img decoding=\"async\"  src=\"https:\/\/a.allegroimg.com\/original\/110f36\/f9c4bb9047b497a9c5e65980b7c3\/EVERMORE-Rower-miejski-7-SHIMANO-rama-18-cali-kolo-28-CZARNY-Rozmiar-ramy-18-cali\" srcset=\"https:\/\/a.allegroimg.com\/original\/110f36\/f9c4bb9047b497a9c5e65980b7c3\/EVERMORE-Rower-miejski-7-SHIMANO-rama-18-cali-kolo-28-CZARNY-Rozmiar-ramy-18-cali 360w,https:\/\/a.allegroimg.com\/original\/110f36\/f9c4bb9047b497a9c5e65980b7c3\/EVERMORE-Rower-miejski-7-SHIMANO-rama-18-cali-kolo-28-CZARNY-Rozmiar-ramy-18-cali 720w,https:\/\/a.allegroimg.com\/original\/110f36\/f9c4bb9047b497a9c5e65980b7c3\/EVERMORE-Rower-miejski-7-SHIMANO-rama-18-cali-kolo-28-CZARNY-Rozmiar-ramy-18-cali 1024w,https:\/\/a.allegroimg.com\/original\/110f36\/f9c4bb9047b497a9c5e65980b7c3\/EVERMORE-Rower-miejski-7-SHIMANO-rama-18-cali-kolo-28-CZARNY-Rozmiar-ramy-18-cali 1440w,https:\/\/a.allegroimg.com\/original\/110f36\/f9c4bb9047b497a9c5e65980b7c3\/EVERMORE-Rower-miejski-7-SHIMANO-rama-18-cali-kolo-28-CZARNY-Rozmiar-ramy-18-cali 2560w\" sizes=\"(min-width: 1200px) 560px, (min-width: 992px) 50vw, 100vw\" width=\"2560px\" alt=\"EVERMORE Rower miejski 7 SHIMANO rama 18 cali ko\u0142o 28 &amp;quot; CZARNY Rozmiar ramy 18 cali\" style=\"max-width: 100%; height: auto; display: block; margin: 0 auto;\"><\/div>\n<\/div>\n<\/div>\n<\/div>\n<\/div>\n<\/div>\n<div style=\"clear: both; display: block; margin: 10px 0;\">\n<div style=\"clear: both; display: block; margin: 10px 0;\">\n<div style=\"clear: both; display: block; margin: 10px 0;\">\n<div  style=\"max-width:2560px;max-height:1703px\">\n<div style=\"clear: both; display: block; margin: 10px 0;\">\n<div style=\"clear: both; width: 100%; display: block; margin: 20px 0; padding: 0; float: none; position: static; text-align: center;\"><img decoding=\"async\"  src=\"https:\/\/a.allegroimg.com\/original\/11ac0f\/17dd7cb14e688b7cc08833d44d3b\/EVERMORE-Rower-miejski-7-SHIMANO-rama-18-cali-kolo-28-CZARNY-EAN-GTIN-5904224886752\" srcset=\"https:\/\/a.allegroimg.com\/original\/11ac0f\/17dd7cb14e688b7cc08833d44d3b\/EVERMORE-Rower-miejski-7-SHIMANO-rama-18-cali-kolo-28-CZARNY-EAN-GTIN-5904224886752 360w,https:\/\/a.allegroimg.com\/original\/11ac0f\/17dd7cb14e688b7cc08833d44d3b\/EVERMORE-Rower-miejski-7-SHIMANO-rama-18-cali-kolo-28-CZARNY-EAN-GTIN-5904224886752 720w,https:\/\/a.allegroimg.com\/original\/11ac0f\/17dd7cb14e688b7cc08833d44d3b\/EVERMORE-Rower-miejski-7-SHIMANO-rama-18-cali-kolo-28-CZARNY-EAN-GTIN-5904224886752 1024w,https:\/\/a.allegroimg.com\/original\/11ac0f\/17dd7cb14e688b7cc08833d44d3b\/EVERMORE-Rower-miejski-7-SHIMANO-rama-18-cali-kolo-28-CZARNY-EAN-GTIN-5904224886752 1440w,https:\/\/a.allegroimg.com\/original\/11ac0f\/17dd7cb14e688b7cc08833d44d3b\/EVERMORE-Rower-miejski-7-SHIMANO-rama-18-cali-kolo-28-CZARNY-EAN-GTIN-5904224886752 2560w\" sizes=\"(min-width: 1200px) 560px, (min-width: 992px) 50vw, 100vw\" width=\"2560px\" alt=\"EVERMORE Rower miejski 7 SHIMANO rama 18 cali ko\u0142o 28 &amp;quot; CZARNY EAN (GTIN) 5904224886752\" style=\"max-width: 100%; height: auto; display: block; margin: 0 auto;\"><\/div>\n<\/div>\n<\/div>\n<\/div>\n<\/div>\n<div style=\"clear: both; display: block; margin: 10px 0;\">\n<div style=\"clear: both; display: block; margin: 10px 0;\">\n<p style=\"margin: 15px 0; line-height: 1.8; clear: both; display: block; width: 100%; float: none; position: static;\"><b>Rowery miejskie Evermore<\/b>&nbsp;s\u0105 wyposa\u017cone w 7-biegow\u0105 przerzutk\u0119 marki Shimano, co pozwala na bezproblemow\u0105 jazd\u0119 zar\u00f3wno na p\u0142askim terenie, jak i pod g\u00f3rk\u0119. 28-calowe ko\u0142a zapewniaj\u0105 stabilno\u015b\u0107 i przyczepno\u015b\u0107. Konstrukcja roweru opiera si\u0119 na lekkiej i wytrzyma\u0142ej stali, zapewniaj\u0105cej nie tylko wytrzyma\u0142o\u015b\u0107, ale tak\u017ce nisk\u0105 wag\u0119 roweru.<\/p>\n<p style=\"margin: 15px 0; line-height: 1.8; clear: both; display: block; width: 100%; float: none; position: static;\">Szerokie i wygodne siod\u0142o oraz ergonomiczne uchwyty na kierownicy zapewniaj\u0105 komfortow\u0105 i bezpieczn\u0105 jazd\u0119.&nbsp;<b>Rowery Evermore 28 cali 7 Shimano<\/b>&nbsp;s\u0105 wyposa\u017cone r\u00f3wnie\u017c w niezawodne hamulce, kt\u00f3re pozwalaj\u0105 na pewn\u0105 i szybk\u0105 reakcj\u0119, co zwi\u0119ksza poziom bezpiecze\u0144stwa podczas jazdy.<\/p>\n<\/div>\n<\/div>\n<\/div>\n<\/div>\n<\/div>\n<\/div>\n<div style=\"clear: both; display: block; margin: 10px 0;\">\n","protected":false},"excerpt":{"rendered":"<p>EVERMORE Rower miejski 28&#039;&#039;<\/p>\n<p>Oferta nie zawiera koszyka wiklinowego &#8211; do zakupu na naszej oddzielnej aukcji!<\/p>\n<p>Kolor: czarny<\/p>\n<p>Specyfikacja:<\/p>\n<p>waga 15kg<\/p>\n<p>rozmiar ramy 18\u201d<\/p>\n<p>rozmiar k\u00f3\u0142 28\u201d<\/p>\n<p>liczba przerzutek 7 SHIMANO<\/p>\n","protected":false},"featured_media":14400,"template":"","meta":{"_uag_custom_page_level_css":""},"product_brand":[447],"product_cat":[714,688,687],"product_tag":[],"class_list":{"0":"post-14399","1":"product","2":"type-product","3":"status-publish","4":"has-post-thumbnail","6":"product_brand-bez-marki","7":"product_cat-miejskie","8":"product_cat-rowery","9":"product_cat-rowery-i-akcesoria","11":"first","12":"instock","13":"sale","14":"shipping-taxable","15":"purchasable","16":"product-type-simple"},"uagb_featured_image_src":{"full":["https:\/\/twojerowery.shop\/ro64\/wp-content\/uploads\/2026\/02\/allegro-image-14399.jpg",1592,988,false],"thumbnail":["https:\/\/twojerowery.shop\/ro64\/wp-content\/uploads\/2026\/02\/allegro-image-14399-150x150.jpg",150,150,true],"medium":["https:\/\/twojerowery.shop\/ro64\/wp-content\/uploads\/2026\/02\/allegro-image-14399-300x186.jpg",300,186,true],"medium_large":["https:\/\/twojerowery.shop\/ro64\/wp-content\/uploads\/2026\/02\/allegro-image-14399-768x477.jpg",768,477,true],"large":["https:\/\/twojerowery.shop\/ro64\/wp-content\/uploads\/2026\/02\/allegro-image-14399-1024x635.jpg",1024,635,true],"1536x1536":["https:\/\/twojerowery.shop\/ro64\/wp-content\/uploads\/2026\/02\/allegro-image-14399-1536x953.jpg",1536,953,true],"2048x2048":["https:\/\/twojerowery.shop\/ro64\/wp-content\/uploads\/2026\/02\/allegro-image-14399.jpg",1592,988,false],"woocommerce_thumbnail":["https:\/\/twojerowery.shop\/ro64\/wp-content\/uploads\/2026\/02\/allegro-image-14399-300x300.jpg",300,300,true],"woocommerce_single":["https:\/\/twojerowery.shop\/ro64\/wp-content\/uploads\/2026\/02\/allegro-image-14399-600x372.jpg",600,372,true],"woocommerce_gallery_thumbnail":["https:\/\/twojerowery.shop\/ro64\/wp-content\/uploads\/2026\/02\/allegro-image-14399-100x100.jpg",100,100,true]},"uagb_author_info":{"display_name":"admin","author_link":"https:\/\/twojerowery.shop\/ro64\/author\/"},"uagb_comment_info":0,"uagb_excerpt":"EVERMORE Rower miejski 28&#039;&#039; Oferta nie zawiera koszyka wiklinowego - do zakupu na naszej oddzielnej aukcji! Kolor: czarny Specyfikacja: waga 15kg rozmiar ramy 18\u201d rozmiar k\u00f3\u0142 28\u201d liczba przerzutek 7 SHIMANO","_links":{"self":[{"href":"https:\/\/twojerowery.shop\/ro64\/wp-json\/wp\/v2\/product\/14399","targetHints":{"allow":["GET"]}}],"collection":[{"href":"https:\/\/twojerowery.shop\/ro64\/wp-json\/wp\/v2\/product"}],"about":[{"href":"https:\/\/twojerowery.shop\/ro64\/wp-json\/wp\/v2\/types\/product"}],"wp:featuredmedia":[{"embeddable":true,"href":"https:\/\/twojerowery.shop\/ro64\/wp-json\/wp\/v2\/media\/14400"}],"wp:attachment":[{"href":"https:\/\/twojerowery.shop\/ro64\/wp-json\/wp\/v2\/media?parent=14399"}],"wp:term":[{"taxonomy":"product_brand","embeddable":true,"href":"https:\/\/twojerowery.shop\/ro64\/wp-json\/wp\/v2\/product_brand?post=14399"},{"taxonomy":"product_cat","embeddable":true,"href":"https:\/\/twojerowery.shop\/ro64\/wp-json\/wp\/v2\/product_cat?post=14399"},{"taxonomy":"product_tag","embeddable":true,"href":"https:\/\/twojerowery.shop\/ro64\/wp-json\/wp\/v2\/product_tag?post=14399"}],"curies":[{"name":"wp","href":"https:\/\/api.w.org\/{rel}","templated":true}]}}