{"id":14401,"date":"2026-02-26T04:35:59","date_gmt":"2026-02-26T03:35:59","guid":{"rendered":"https:\/\/rowermax.shop\/ro64\/produkt\/rower-damski-damka-meski-miejski-universal-28-kosz\/"},"modified":"2026-02-26T04:36:02","modified_gmt":"2026-02-26T03:36:02","slug":"rower-damski-damka-meski-miejski-universal-28-kosz","status":"publish","type":"product","link":"https:\/\/twojerowery.shop\/ro64\/produkt\/rower-damski-damka-meski-miejski-universal-28-kosz\/","title":{"rendered":"Rower Damski Damka M\u0119ski Miejski Universal 28 Kosz"},"content":{"rendered":"<div style=\"font-family: Arial, sans-serif; line-height: 1.6; color: #333; padding: 20px; clear: both; display: block; width: 100%; float: none; position: static; overflow: hidden;\">\n<div style=\"clear: both; display: block; margin: 10px 0;\">\n<div style=\"clear: both; display: block; margin: 10px 0;\">\n<div style=\"clear: both; display: block; margin: 10px 0;\">\n<h1>STYLOWY MIEJSKI ROWER<\/h1>\n<p style=\"margin: 15px 0; line-height: 1.8; clear: both; display: block; width: 100%; float: none; position: static;\"><b>Stan<\/b>: Wszystkie rowery s\u0105 nowe z 2 letni\u0105 gwarancja!<\/p>\n<h3 style=\"color: #2c5aa0; font-size: 18px; margin: 30px 0 15px 0; font-weight: bold; clear: both; display: block; width: 100%; float: none; position: static;\">Rozmiar ko\u0142a: 28&#8242;<\/h3>\n<p style=\"margin: 15px 0; line-height: 1.8; clear: both; display: block; width: 100%; float: none; position: static;\"><b>Kolor:&nbsp;<\/b>Czarny<\/p>\n<h3 style=\"color: #2c5aa0; font-size: 18px; margin: 30px 0 15px 0; font-weight: bold; clear: both; display: block; width: 100%; float: none; position: static;\">Zalety tego modelu:<\/h3>\n<p style=\"margin: 15px 0; line-height: 1.8; clear: both; display: block; width: 100%; float: none; position: static;\"><b>\u2705<\/b>wysoka jako\u015b\u0107<\/p>\n<p style=\"margin: 15px 0; line-height: 1.8; clear: both; display: block; width: 100%; float: none; position: static;\"><b>\u2705<\/b>wygoda w trakcie jazdy<\/p>\n<p style=\"margin: 15px 0; line-height: 1.8; clear: both; display: block; width: 100%; float: none; position: static;\"><b>\u2705<\/b>uniwersalny, zar\u00f3wno dla kobiety jak i m\u0119\u017cczyzny<\/p>\n<p style=\"margin: 15px 0; line-height: 1.8; clear: both; display: block; width: 100%; float: none; position: static;\"><b>\u2705<\/b>produkt polskiego producenta, dzi\u0119ki czemu wszystkie cz\u0119\u015bci zamienne s\u0105 w ci\u0105g\u0142ej sprzeda\u017cy<\/p>\n<p style=\"margin: 15px 0; line-height: 1.8; clear: both; display: block; width: 100%; float: none; position: static;\"><b>\u2705<\/b>posiada o\u015bwietlenie LED<\/p>\n<p style=\"margin: 15px 0; line-height: 1.8; clear: both; display: block; width: 100%; float: none; position: static;\"><b>\u2705<\/b>kosz rowerowy w cenie<\/p>\n<p style=\"margin: 15px 0; line-height: 1.8; clear: both; display: block; width: 100%; float: none; position: static;\"><b>\u2705<\/b>Solidne siod\u0142o na spr\u0119\u017cynach<\/p>\n<p style=\"margin: 15px 0; line-height: 1.8; clear: both; display: block; width: 100%; float: none; position: static;\"><b>\u2705&nbsp;<\/b>Aluminiowe obr\u0119cze przy kt\u00f3rych masz pewno\u015b\u0107, \u017ce ko\u0142o nie scentruje si\u0119, a przede wszystkim nie zardzewieje<\/p>\n<\/div>\n<\/div>\n<\/div>\n<div style=\"clear: both; display: block; margin: 10px 0;\">\n<div style=\"clear: both; display: block; margin: 10px 0;\">\n<div style=\"clear: both; display: block; margin: 10px 0;\">\n<div  style=\"max-width:2560px;max-height:2331px\">\n<div style=\"clear: both; display: block; margin: 10px 0;\">\n<div style=\"clear: both; width: 100%; display: block; margin: 20px 0; padding: 0; float: none; position: static; text-align: center;\"><img decoding=\"async\"  src=\"https:\/\/a.allegroimg.com\/original\/1135b1\/3ca1f1c143f690198a38fec730bb\/Rower-Damski-Damka-Meski-Miejski-Universal-28-Kosz\" srcset=\"https:\/\/a.allegroimg.com\/original\/1135b1\/3ca1f1c143f690198a38fec730bb\/Rower-Damski-Damka-Meski-Miejski-Universal-28-Kosz 360w,https:\/\/a.allegroimg.com\/original\/1135b1\/3ca1f1c143f690198a38fec730bb\/Rower-Damski-Damka-Meski-Miejski-Universal-28-Kosz 720w,https:\/\/a.allegroimg.com\/original\/1135b1\/3ca1f1c143f690198a38fec730bb\/Rower-Damski-Damka-Meski-Miejski-Universal-28-Kosz 1024w,https:\/\/a.allegroimg.com\/original\/1135b1\/3ca1f1c143f690198a38fec730bb\/Rower-Damski-Damka-Meski-Miejski-Universal-28-Kosz 1440w,https:\/\/a.allegroimg.com\/original\/1135b1\/3ca1f1c143f690198a38fec730bb\/Rower-Damski-Damka-Meski-Miejski-Universal-28-Kosz 2560w\" sizes=\"100vw\" width=\"2560px\" alt=\"Rower Damski Damka M\u0119ski Miejski Universal 28 Kosz\" style=\"max-width: 100%; height: auto; display: block; margin: 0 auto;\"><\/div>\n<\/div>\n<\/div>\n<\/div>\n<\/div>\n<\/div>\n<div style=\"clear: both; display: block; margin: 10px 0;\">\n<div style=\"clear: both; display: block; margin: 10px 0;\">\n<div style=\"clear: both; display: block; margin: 10px 0;\">\n<div  style=\"max-width:2560px;max-height:1568px\">\n<div style=\"clear: both; display: block; margin: 10px 0;\">\n<div style=\"clear: both; width: 100%; display: block; margin: 20px 0; padding: 0; float: none; position: static; text-align: center;\"><img decoding=\"async\"  src=\"https:\/\/a.allegroimg.com\/original\/114eea\/f47f334947beac50a2473d5c1258\/Rower-Damski-Damka-Meski-Miejski-Universal-28-Kosz-Stan-opakowania-oryginalne\" srcset=\"https:\/\/a.allegroimg.com\/original\/114eea\/f47f334947beac50a2473d5c1258\/Rower-Damski-Damka-Meski-Miejski-Universal-28-Kosz-Stan-opakowania-oryginalne 360w,https:\/\/a.allegroimg.com\/original\/114eea\/f47f334947beac50a2473d5c1258\/Rower-Damski-Damka-Meski-Miejski-Universal-28-Kosz-Stan-opakowania-oryginalne 720w,https:\/\/a.allegroimg.com\/original\/114eea\/f47f334947beac50a2473d5c1258\/Rower-Damski-Damka-Meski-Miejski-Universal-28-Kosz-Stan-opakowania-oryginalne 1024w,https:\/\/a.allegroimg.com\/original\/114eea\/f47f334947beac50a2473d5c1258\/Rower-Damski-Damka-Meski-Miejski-Universal-28-Kosz-Stan-opakowania-oryginalne 1440w,https:\/\/a.allegroimg.com\/original\/114eea\/f47f334947beac50a2473d5c1258\/Rower-Damski-Damka-Meski-Miejski-Universal-28-Kosz-Stan-opakowania-oryginalne 2560w\" sizes=\"100vw\" width=\"2560px\" alt=\"Rower Damski Damka M\u0119ski Miejski Universal 28 Kosz Stan opakowania oryginalne\" style=\"max-width: 100%; height: auto; display: block; margin: 0 auto;\"><\/div>\n<\/div>\n<\/div>\n<\/div>\n<\/div>\n<\/div>\n<div style=\"clear: both; display: block; margin: 10px 0;\">\n<div style=\"clear: both; display: block; margin: 10px 0;\">\n<div style=\"clear: both; display: block; margin: 10px 0;\">\n<div  style=\"max-width:2560px;max-height:1706px\">\n<div style=\"clear: both; display: block; margin: 10px 0;\">\n<div style=\"clear: both; width: 100%; display: block; margin: 20px 0; padding: 0; float: none; position: static; text-align: center;\"><img decoding=\"async\"  src=\"https:\/\/a.allegroimg.com\/original\/113eb0\/97c2bc2b4940bfe22d3b8bd05549\/Rower-Damski-Damka-Meski-Miejski-Universal-28-Kosz-Kod-producenta-2801\" srcset=\"https:\/\/a.allegroimg.com\/original\/113eb0\/97c2bc2b4940bfe22d3b8bd05549\/Rower-Damski-Damka-Meski-Miejski-Universal-28-Kosz-Kod-producenta-2801 360w,https:\/\/a.allegroimg.com\/original\/113eb0\/97c2bc2b4940bfe22d3b8bd05549\/Rower-Damski-Damka-Meski-Miejski-Universal-28-Kosz-Kod-producenta-2801 720w,https:\/\/a.allegroimg.com\/original\/113eb0\/97c2bc2b4940bfe22d3b8bd05549\/Rower-Damski-Damka-Meski-Miejski-Universal-28-Kosz-Kod-producenta-2801 1024w,https:\/\/a.allegroimg.com\/original\/113eb0\/97c2bc2b4940bfe22d3b8bd05549\/Rower-Damski-Damka-Meski-Miejski-Universal-28-Kosz-Kod-producenta-2801 1440w,https:\/\/a.allegroimg.com\/original\/113eb0\/97c2bc2b4940bfe22d3b8bd05549\/Rower-Damski-Damka-Meski-Miejski-Universal-28-Kosz-Kod-producenta-2801 2560w\" sizes=\"100vw\" width=\"2560px\" alt=\"Rower Damski Damka M\u0119ski Miejski Universal 28 Kosz Kod producenta 2801\" style=\"max-width: 100%; height: auto; display: block; margin: 0 auto;\"><\/div>\n<\/div>\n<\/div>\n<\/div>\n<\/div>\n<\/div>\n<div style=\"clear: both; display: block; margin: 10px 0;\">\n<div style=\"clear: both; display: block; margin: 10px 0;\">\n<div style=\"clear: both; display: block; margin: 10px 0;\">\n<h2>SPECYFIKACJA TECHNICZNA<\/h2>\n<p style=\"margin: 15px 0; line-height: 1.8; clear: both; display: block; width: 100%; float: none; position: static;\">&#8211;<\/p>\n<ul style=\"margin: 15px 0; padding-left: 20px; clear: both; display: block; width: 100%; float: none; position: static;\">\n<li style=\"margin: 5px 0; padding: 2px 0; clear: both; display: list-item; float: none; position: static;\"><b>Rama<\/b> \/ rozmiar: stalowa \/ 19&#8243;<\/li>\n<li style=\"margin: 5px 0; padding: 2px 0; clear: both; display: list-item; float: none; position: static;\"><b>Korba<\/b>: jednorz\u0119dowa<\/li>\n<li style=\"margin: 5px 0; padding: 2px 0; clear: both; display: list-item; float: none; position: static;\"><b>Suport:<\/b> na \u0142o\u017cyskach maszynowych<\/li>\n<li style=\"margin: 5px 0; padding: 2px 0; clear: both; display: list-item; float: none; position: static;\"><b>Piasta<\/b> prz\u00f3d: stal<\/li>\n<li style=\"margin: 5px 0; padding: 2px 0; clear: both; display: list-item; float: none; position: static;\"><b>Obr\u0119cze<\/b>: aluminiowe<\/li>\n<li style=\"margin: 5px 0; padding: 2px 0; clear: both; display: list-item; float: none; position: static;\"><b>Opony:<\/b> 28&#215;1,75<\/li>\n<li style=\"margin: 5px 0; padding: 2px 0; clear: both; display: list-item; float: none; position: static;\"><b>Kierownica<\/b>: stalowa chromowana<\/li>\n<li style=\"margin: 5px 0; padding: 2px 0; clear: both; display: list-item; float: none; position: static;\"><b>Wspornik<\/b> kierownicy: stalowy<\/li>\n<li style=\"margin: 5px 0; padding: 2px 0; clear: both; display: list-item; float: none; position: static;\"><b>Siod\u0142o<\/b>: na spr\u0119\u017cynie<\/li>\n<li style=\"margin: 5px 0; padding: 2px 0; clear: both; display: list-item; float: none; position: static;\"><b>Peda\u0142y<\/b>: tworzywo<\/li>\n<li style=\"margin: 5px 0; padding: 2px 0; clear: both; display: list-item; float: none; position: static;\"><b>Wyposa\u017cenie<\/b> b\u0142otniki, baga\u017cnik, podp\u00f3rka, os\u0142ona \u0142a\u0144cucha, o\u015bwietlenie LED,<\/li>\n<\/ul>\n<\/div>\n<\/div>\n<\/div>\n<div style=\"clear: both; display: block; margin: 10px 0;\">\n<div style=\"clear: both; display: block; margin: 10px 0;\">\n<div style=\"clear: both; display: block; margin: 10px 0;\">\n<h1>Kosz montowany na klip w cenie roweru<\/h1>\n<\/div>\n<\/div>\n<div style=\"clear: both; display: block; margin: 10px 0;\">\n<div style=\"clear: both; display: block; margin: 10px 0;\">\n<div  style=\"max-width:744px;max-height:513px\">\n<div style=\"clear: both; display: block; margin: 10px 0;\">\n<div style=\"clear: both; width: 100%; display: block; margin: 20px 0; padding: 0; float: none; position: static; text-align: center;\"><img decoding=\"async\"  src=\"https:\/\/a.allegroimg.com\/original\/0384e6\/9afea8784e0b89b06eeda5fb2e5c\/Rower-Damski-Damka-Meski-Miejski-Universal-28-Kosz-Stopien-zlozenia-wstepnie-zlozony-wyregulowany\" srcset=\"https:\/\/a.allegroimg.com\/original\/0384e6\/9afea8784e0b89b06eeda5fb2e5c\/Rower-Damski-Damka-Meski-Miejski-Universal-28-Kosz-Stopien-zlozenia-wstepnie-zlozony-wyregulowany 360w,https:\/\/a.allegroimg.com\/original\/0384e6\/9afea8784e0b89b06eeda5fb2e5c\/Rower-Damski-Damka-Meski-Miejski-Universal-28-Kosz-Stopien-zlozenia-wstepnie-zlozony-wyregulowany 720w,https:\/\/a.allegroimg.com\/original\/0384e6\/9afea8784e0b89b06eeda5fb2e5c\/Rower-Damski-Damka-Meski-Miejski-Universal-28-Kosz-Stopien-zlozenia-wstepnie-zlozony-wyregulowany 744w,https:\/\/a.allegroimg.com\/original\/0384e6\/9afea8784e0b89b06eeda5fb2e5c\/Rower-Damski-Damka-Meski-Miejski-Universal-28-Kosz-Stopien-zlozenia-wstepnie-zlozony-wyregulowany 744w\" sizes=\"(min-width: 1200px) 560px, (min-width: 992px) 50vw, 100vw\" width=\"744px\" alt=\"Rower Damski Damka M\u0119ski Miejski Universal 28 Kosz Stopie\u0144 z\u0142o\u017cenia wst\u0119pnie z\u0142o\u017cony, wyregulowany\" style=\"max-width: 100%; height: auto; display: block; margin: 0 auto;\"><\/div>\n<\/div>\n<\/div>\n<\/div>\n<\/div>\n<\/div>\n<div style=\"clear: both; display: block; margin: 10px 0;\">\n<div style=\"clear: both; display: block; margin: 10px 0;\">\n<div style=\"clear: both; display: block; margin: 10px 0;\">\n<h2>Rower dla m\u0119\u017cczyzny jak i kobiety. Rama i rozmiar uniwersalny<\/h2>\n<h2>DOST\u0118PNY W KOLORZE:<\/h2>\n<\/div>\n<\/div>\n<\/div>\n<div style=\"clear: both; display: block; margin: 10px 0;\">\n<div style=\"clear: both; display: block; margin: 10px 0;\">\n<div style=\"clear: both; display: block; margin: 10px 0;\">\n<h1>CZARNYM<\/h1>\n<\/div>\n<\/div>\n<\/div>\n<div style=\"clear: both; display: block; margin: 10px 0;\">\n<div style=\"clear: both; display: block; margin: 10px 0;\">\n<div style=\"clear: both; display: block; margin: 10px 0;\">\n<h1>WI\u015aNIOWYM<\/h1>\n<\/div>\n<\/div>\n<\/div>\n<div style=\"clear: both; display: block; margin: 10px 0;\">\n<div style=\"clear: both; display: block; margin: 10px 0;\">\n<div style=\"clear: both; display: block; margin: 10px 0;\">\n<h1>ZIELONYM<\/h1>\n<\/div>\n<\/div>\n<\/div>\n<div style=\"clear: both; display: block; margin: 10px 0;\">\n<div style=\"clear: both; display: block; margin: 10px 0;\">\n<div style=\"clear: both; display: block; margin: 10px 0;\">\n<div  style=\"max-width:2560px;max-height:1706px\">\n<div style=\"clear: both; display: block; margin: 10px 0;\">\n<div style=\"clear: both; width: 100%; display: block; margin: 20px 0; padding: 0; float: none; position: static; text-align: center;\"><img decoding=\"async\"  src=\"https:\/\/a.allegroimg.com\/original\/113eb0\/97c2bc2b4940bfe22d3b8bd05549\/Rower-Damski-Damka-Meski-Miejski-Universal-28-Kosz-Kod-producenta-2801\" srcset=\"https:\/\/a.allegroimg.com\/original\/113eb0\/97c2bc2b4940bfe22d3b8bd05549\/Rower-Damski-Damka-Meski-Miejski-Universal-28-Kosz-Kod-producenta-2801 360w,https:\/\/a.allegroimg.com\/original\/113eb0\/97c2bc2b4940bfe22d3b8bd05549\/Rower-Damski-Damka-Meski-Miejski-Universal-28-Kosz-Kod-producenta-2801 720w,https:\/\/a.allegroimg.com\/original\/113eb0\/97c2bc2b4940bfe22d3b8bd05549\/Rower-Damski-Damka-Meski-Miejski-Universal-28-Kosz-Kod-producenta-2801 1024w,https:\/\/a.allegroimg.com\/original\/113eb0\/97c2bc2b4940bfe22d3b8bd05549\/Rower-Damski-Damka-Meski-Miejski-Universal-28-Kosz-Kod-producenta-2801 1440w,https:\/\/a.allegroimg.com\/original\/113eb0\/97c2bc2b4940bfe22d3b8bd05549\/Rower-Damski-Damka-Meski-Miejski-Universal-28-Kosz-Kod-producenta-2801 2560w\" sizes=\"(min-width: 1200px) 560px, (min-width: 992px) 50vw, 100vw\" width=\"2560px\" alt=\"Rower Damski Damka M\u0119ski Miejski Universal 28 Kosz Kod producenta 2801\" style=\"max-width: 100%; height: auto; display: block; margin: 0 auto;\"><\/div>\n<\/div>\n<\/div>\n<\/div>\n<\/div>\n<div style=\"clear: both; display: block; margin: 10px 0;\">\n<div style=\"clear: both; display: block; margin: 10px 0;\">\n<h2>CECHY PRODUKTU:<\/h2>\n<ol>\n<li style=\"margin: 5px 0; padding: 2px 0; clear: both; display: list-item; float: none; position: static;\"><b>ROWER POLSKIEJ PRODUKCJI W CA\u0141O\u015aCI PRODUKOWANY W POLSCE<\/b><\/li>\n<li style=\"margin: 5px 0; padding: 2px 0; clear: both; display: list-item; float: none; position: static;\"><b>Solidne siod\u0142o na spr\u0119\u017cynach<\/b><\/li>\n<li style=\"margin: 5px 0; padding: 2px 0; clear: both; display: list-item; float: none; position: static;\"><b>Aluminiowe obr\u0119cze przy kt\u00f3rych masz pewno\u015b\u0107, \u017ce ko\u0142o nie scentruje si\u0119, a przede wszystkim nie zardzewieje<\/b><\/li>\n<li style=\"margin: 5px 0; padding: 2px 0; clear: both; display: list-item; float: none; position: static;\"><b>Dobrej jako\u015bci opona<\/b><\/li>\n<li style=\"margin: 5px 0; padding: 2px 0; clear: both; display: list-item; float: none; position: static;\"><b>Solidny baga\u017cnik<\/b><\/li>\n<li style=\"margin: 5px 0; padding: 2px 0; clear: both; display: list-item; float: none; position: static;\"><b>Os\u0142ona \u0142a\u0144cucha w kolorze roweru<\/b><\/li>\n<\/ol>\n<\/div>\n<\/div>\n<\/div>\n<div style=\"clear: both; display: block; margin: 10px 0;\">\n<div style=\"clear: both; display: block; margin: 10px 0;\">\n<div style=\"clear: both; display: block; margin: 10px 0;\">\n<h2>NAJLEPSZA POLSKA JAKO\u015a\u0106 !<\/h2>\n<h3 style=\"color: #2c5aa0; font-size: 18px; margin: 30px 0 15px 0; font-weight: bold; clear: both; display: block; width: 100%; float: none; position: static;\">O\u015bwietlenie ledowe na baterie. 3 ledy daj\u0105ce bardzo wyra\u017ane \u015bwiat\u0142o przednie jak i tylne<\/h3>\n<h3 style=\"color: #2c5aa0; font-size: 18px; margin: 30px 0 15px 0; font-weight: bold; clear: both; display: block; width: 100%; float: none; position: static;\">Szeroka kierownica<\/h3>\n<\/div>\n<\/div>\n<\/div>\n<div style=\"clear: both; display: block; margin: 10px 0;\">\n<div style=\"clear: both; display: block; margin: 10px 0;\">\n<div style=\"clear: both; display: block; margin: 10px 0;\">\n<h2>UWAGA<\/h2>\n<h3 style=\"color: #2c5aa0; font-size: 18px; margin: 30px 0 15px 0; font-weight: bold; clear: both; display: block; width: 100%; float: none; position: static;\">Po otrzymaniu roweru wystarczy jedynie dokr\u0119ci\u0107 przednie ko\u0142o, siedzenie i peda\u0142y<\/h3>\n<\/div>\n<\/div>\n<\/div>\n<\/div>\n<\/div>\n<\/div>\n<div style=\"clear: both; display: block; margin: 10px 0;\">\n","protected":false},"excerpt":{"rendered":"<p>STYLOWY MIEJSKI ROWER<\/p>\n<p>Stan: Wszystkie rowery s\u0105 nowe z 2 letni\u0105 gwarancja!<\/p>\n<p>Rozmiar ko\u0142a: 28&#039;<\/p>\n<p>Kolor:&nbsp;Czarny<\/p>\n<p>Zalety tego modelu:<\/p>\n<p>\u2705wysoka jako\u015b\u0107<\/p>\n<p>\u2705wygoda w trakcie jazdy<\/p>\n<p>\u2705uniwersalny, zar\u00f3wno dla kobiety jak i m\u0119\u017cczyzny<\/p>\n","protected":false},"featured_media":14402,"template":"","meta":{"_uag_custom_page_level_css":""},"product_brand":[713],"product_cat":[714,688,687],"product_tag":[],"class_list":{"0":"post-14401","1":"product","2":"type-product","3":"status-publish","4":"has-post-thumbnail","6":"product_brand-dallas-bike","7":"product_cat-miejskie","8":"product_cat-rowery","9":"product_cat-rowery-i-akcesoria","11":"first","12":"instock","13":"sale","14":"shipping-taxable","15":"purchasable","16":"product-type-simple"},"uagb_featured_image_src":{"full":["https:\/\/twojerowery.shop\/ro64\/wp-content\/uploads\/2026\/02\/allegro-image-14401.jpg",2560,2331,false],"thumbnail":["https:\/\/twojerowery.shop\/ro64\/wp-content\/uploads\/2026\/02\/allegro-image-14401-150x150.jpg",150,150,true],"medium":["https:\/\/twojerowery.shop\/ro64\/wp-content\/uploads\/2026\/02\/allegro-image-14401-300x273.jpg",300,273,true],"medium_large":["https:\/\/twojerowery.shop\/ro64\/wp-content\/uploads\/2026\/02\/allegro-image-14401-768x699.jpg",768,699,true],"large":["https:\/\/twojerowery.shop\/ro64\/wp-content\/uploads\/2026\/02\/allegro-image-14401-1024x932.jpg",1024,932,true],"1536x1536":["https:\/\/twojerowery.shop\/ro64\/wp-content\/uploads\/2026\/02\/allegro-image-14401-1536x1399.jpg",1536,1399,true],"2048x2048":["https:\/\/twojerowery.shop\/ro64\/wp-content\/uploads\/2026\/02\/allegro-image-14401-2048x1865.jpg",2048,1865,true],"woocommerce_thumbnail":["https:\/\/twojerowery.shop\/ro64\/wp-content\/uploads\/2026\/02\/allegro-image-14401-300x300.jpg",300,300,true],"woocommerce_single":["https:\/\/twojerowery.shop\/ro64\/wp-content\/uploads\/2026\/02\/allegro-image-14401-600x546.jpg",600,546,true],"woocommerce_gallery_thumbnail":["https:\/\/twojerowery.shop\/ro64\/wp-content\/uploads\/2026\/02\/allegro-image-14401-100x100.jpg",100,100,true]},"uagb_author_info":{"display_name":"admin","author_link":"https:\/\/twojerowery.shop\/ro64\/author\/"},"uagb_comment_info":0,"uagb_excerpt":"STYLOWY MIEJSKI ROWER Stan: Wszystkie rowery s\u0105 nowe z 2 letni\u0105 gwarancja! Rozmiar ko\u0142a: 28&#039; Kolor:&nbsp;Czarny Zalety tego modelu: \u2705wysoka jako\u015b\u0107 \u2705wygoda w trakcie jazdy \u2705uniwersalny, zar\u00f3wno dla kobiety jak i m\u0119\u017cczyzny","_links":{"self":[{"href":"https:\/\/twojerowery.shop\/ro64\/wp-json\/wp\/v2\/product\/14401","targetHints":{"allow":["GET"]}}],"collection":[{"href":"https:\/\/twojerowery.shop\/ro64\/wp-json\/wp\/v2\/product"}],"about":[{"href":"https:\/\/twojerowery.shop\/ro64\/wp-json\/wp\/v2\/types\/product"}],"wp:featuredmedia":[{"embeddable":true,"href":"https:\/\/twojerowery.shop\/ro64\/wp-json\/wp\/v2\/media\/14402"}],"wp:attachment":[{"href":"https:\/\/twojerowery.shop\/ro64\/wp-json\/wp\/v2\/media?parent=14401"}],"wp:term":[{"taxonomy":"product_brand","embeddable":true,"href":"https:\/\/twojerowery.shop\/ro64\/wp-json\/wp\/v2\/product_brand?post=14401"},{"taxonomy":"product_cat","embeddable":true,"href":"https:\/\/twojerowery.shop\/ro64\/wp-json\/wp\/v2\/product_cat?post=14401"},{"taxonomy":"product_tag","embeddable":true,"href":"https:\/\/twojerowery.shop\/ro64\/wp-json\/wp\/v2\/product_tag?post=14401"}],"curies":[{"name":"wp","href":"https:\/\/api.w.org\/{rel}","templated":true}]}}