{"id":14403,"date":"2026-02-26T04:36:02","date_gmt":"2026-02-26T03:36:02","guid":{"rendered":"https:\/\/rowermax.shop\/ro64\/produkt\/rower-miejski-kross-sentio-2-0-rama-m-168-180-cm-kolo-28-turkus-szary\/"},"modified":"2026-02-26T04:36:03","modified_gmt":"2026-02-26T03:36:03","slug":"rower-miejski-kross-sentio-2-0-rama-m-168-180-cm-kolo-28-turkus-szary","status":"publish","type":"product","link":"https:\/\/twojerowery.shop\/ro64\/produkt\/rower-miejski-kross-sentio-2-0-rama-m-168-180-cm-kolo-28-turkus-szary\/","title":{"rendered":"Rower miejski Kross Sentio 2.0 rama M (168 &#8211; 180 cm) ko\u0142o 28&quot; turkus szary"},"content":{"rendered":"<div style=\"font-family: Arial, sans-serif; line-height: 1.6; color: #333; padding: 20px; clear: both; display: block; width: 100%; float: none; position: static; overflow: hidden;\">\n<div style=\"clear: both; display: block; margin: 10px 0;\">\n<div style=\"clear: both; display: block; margin: 10px 0;\">\n<div style=\"clear: both; display: block; margin: 10px 0;\">\n<h1>Rower miejski Kross Sentio 2.0 to komfort, styl i pewno\u015b\u0107 jazdy po mie\u015bcie oraz weekendowych trasach!<\/h1>\n<p style=\"margin: 15px 0; line-height: 1.8; clear: both; display: block; width: 100%; float: none; position: static;\"><b>Lekka, aluminiowa rama<\/b> 6061 i amortyzowany widelec SR Suntour 50 mm zapewniaj\u0105 p\u0142ynn\u0105 jazd\u0119 po mie\u015bcie i lekkim terenie. Siod\u0142o na amortyzowanej sztycy gwarantuje wygod\u0119 na d\u0142ugich trasach.<\/p>\n<p style=\"margin: 15px 0; line-height: 1.8; clear: both; display: block; width: 100%; float: none; position: static;\">Nap\u0119d<b> Shimano 3&#215;7 z 21 biegami <\/b>umo\u017cliwia p\u0142ynn\u0105 zmian\u0119 prze\u0142o\u017ce\u0144, a hamulce V-brake zapewniaj\u0105 skuteczne i przewidywalne hamowanie w ka\u017cdych warunkach.<\/p>\n<p style=\"margin: 15px 0; line-height: 1.8; clear: both; display: block; width: 100%; float: none; position: static;\"><b>Zintegrowane o\u015bwietlenie, pe\u0142ne b\u0142otniki i solidny baga\u017cnik<\/b> sprawiaj\u0105, \u017ce rower jest gotowy na codzienne wyzwania r\u00f3wnie\u017c po zmroku.<\/p>\n<\/div>\n<\/div>\n<\/div>\n<div style=\"clear: both; display: block; margin: 10px 0;\">\n<div style=\"clear: both; display: block; margin: 10px 0;\">\n<div style=\"clear: both; display: block; margin: 10px 0;\">\n<div  style=\"max-width:1500px;max-height:1154px\">\n<div style=\"clear: both; display: block; margin: 10px 0;\">\n<div style=\"clear: both; width: 100%; display: block; margin: 20px 0; padding: 0; float: none; position: static; text-align: center;\"><img decoding=\"async\"  src=\"https:\/\/a.allegroimg.com\/original\/115011\/374202534b68893b70cadbaa70fc\/Rower-miejski-Kross-Sentio-2-0-rama-M-168-180-cm-kolo-28-turkus-szary\" srcset=\"https:\/\/a.allegroimg.com\/original\/115011\/374202534b68893b70cadbaa70fc\/Rower-miejski-Kross-Sentio-2-0-rama-M-168-180-cm-kolo-28-turkus-szary 360w,https:\/\/a.allegroimg.com\/original\/115011\/374202534b68893b70cadbaa70fc\/Rower-miejski-Kross-Sentio-2-0-rama-M-168-180-cm-kolo-28-turkus-szary 720w,https:\/\/a.allegroimg.com\/original\/115011\/374202534b68893b70cadbaa70fc\/Rower-miejski-Kross-Sentio-2-0-rama-M-168-180-cm-kolo-28-turkus-szary 1024w,https:\/\/a.allegroimg.com\/original\/115011\/374202534b68893b70cadbaa70fc\/Rower-miejski-Kross-Sentio-2-0-rama-M-168-180-cm-kolo-28-turkus-szary 1440w,https:\/\/a.allegroimg.com\/original\/115011\/374202534b68893b70cadbaa70fc\/Rower-miejski-Kross-Sentio-2-0-rama-M-168-180-cm-kolo-28-turkus-szary 1500w\" sizes=\"100vw\" width=\"1500px\" alt=\"Rower miejski Kross Sentio 2.0 rama M (168 - 180 cm) ko\u0142o 28&amp;quot; turkus szary\" style=\"max-width: 100%; height: auto; display: block; margin: 0 auto;\"><\/div>\n<\/div>\n<\/div>\n<\/div>\n<\/div>\n<\/div>\n<div style=\"clear: both; display: block; margin: 10px 0;\">\n<div style=\"clear: both; display: block; margin: 10px 0;\">\n<div style=\"clear: both; display: block; margin: 10px 0;\">\n<h2>SPECYFIKACJA:<\/h2>\n<p style=\"margin: 15px 0; line-height: 1.8; clear: both; display: block; width: 100%; float: none; position: static;\"><b>Rama <\/b>ALUMINIUM PERFORMANCE<\/p>\n<p style=\"margin: 15px 0; line-height: 1.8; clear: both; display: block; width: 100%; float: none; position: static;\"><b>Amortyzator \/ Widelec <\/b>SR SUNTOUR M3010<\/p>\n<p style=\"margin: 15px 0; line-height: 1.8; clear: both; display: block; width: 100%; float: none; position: static;\"><b>Skok amortyzatora <\/b>50mm<\/p>\n<p style=\"margin: 15px 0; line-height: 1.8; clear: both; display: block; width: 100%; float: none; position: static;\"><b>Ilo\u015b\u0107 bieg\u00f3w <\/b>21<\/p>\n<p style=\"margin: 15px 0; line-height: 1.8; clear: both; display: block; width: 100%; float: none; position: static;\"><b>Przerzutka prz\u00f3d <\/b>SHIMANO TOURNEY TY601<\/p>\n<p style=\"margin: 15px 0; line-height: 1.8; clear: both; display: block; width: 100%; float: none; position: static;\"><b>Przerzutka ty\u0142 <\/b>SHIMANO ALTUS M310<\/p>\n<p style=\"margin: 15px 0; line-height: 1.8; clear: both; display: block; width: 100%; float: none; position: static;\"><b>Manetki <\/b>SHIMANO TOURNEY RS36<\/p>\n<p style=\"margin: 15px 0; line-height: 1.8; clear: both; display: block; width: 100%; float: none; position: static;\"><b>Korby <\/b>PROWHEEL<\/p>\n<p style=\"margin: 15px 0; line-height: 1.8; clear: both; display: block; width: 100%; float: none; position: static;\"><b>Z\u0119batki korby <\/b>28-38-48T\/170MM<\/p>\n<p style=\"margin: 15px 0; line-height: 1.8; clear: both; display: block; width: 100%; float: none; position: static;\"><b>Wk\u0142ad suportu <\/b>FP-B902<\/p>\n<p style=\"margin: 15px 0; line-height: 1.8; clear: both; display: block; width: 100%; float: none; position: static;\"><b>Kaseta \/ wolnobieg <\/b>SHIMANO TZ500<\/p>\n<p style=\"margin: 15px 0; line-height: 1.8; clear: both; display: block; width: 100%; float: none; position: static;\"><b>Zakres kasety \/ wolnobiegu <\/b>14-28T<\/p>\n<p style=\"margin: 15px 0; line-height: 1.8; clear: both; display: block; width: 100%; float: none; position: static;\"><b>\u0141a\u0144cuch <\/b>YBN S50<\/p>\n<p style=\"margin: 15px 0; line-height: 1.8; clear: both; display: block; width: 100%; float: none; position: static;\"><b>Typ hamulca <\/b>V-BRAKE<\/p>\n<p style=\"margin: 15px 0; line-height: 1.8; clear: both; display: block; width: 100%; float: none; position: static;\"><b>D\u017awignie hamulca <\/b>ALUMINIUM<\/p>\n<p style=\"margin: 15px 0; line-height: 1.8; clear: both; display: block; width: 100%; float: none; position: static;\"><b>Hamulec prz\u00f3d <\/b>V-BRAKE<\/p>\n<p style=\"margin: 15px 0; line-height: 1.8; clear: both; display: block; width: 100%; float: none; position: static;\"><b>Hamulec ty\u0142 <\/b>V-BRAKE<\/p>\n<\/div>\n<\/div>\n<div style=\"clear: both; display: block; margin: 10px 0;\">\n<div style=\"clear: both; display: block; margin: 10px 0;\">\n<div  style=\"max-width:1500px;max-height:1154px\">\n<div style=\"clear: both; display: block; margin: 10px 0;\">\n<div style=\"clear: both; width: 100%; display: block; margin: 20px 0; padding: 0; float: none; position: static; text-align: center;\"><img decoding=\"async\"  src=\"https:\/\/a.allegroimg.com\/original\/115211\/0b23ec504fd09abae3520f1f4fb9\/Rower-miejski-Kross-Sentio-2-0-rama-M-168-180-cm-kolo-28-turkus-szary-Rozmiar-kola-28\" srcset=\"https:\/\/a.allegroimg.com\/original\/115211\/0b23ec504fd09abae3520f1f4fb9\/Rower-miejski-Kross-Sentio-2-0-rama-M-168-180-cm-kolo-28-turkus-szary-Rozmiar-kola-28 360w,https:\/\/a.allegroimg.com\/original\/115211\/0b23ec504fd09abae3520f1f4fb9\/Rower-miejski-Kross-Sentio-2-0-rama-M-168-180-cm-kolo-28-turkus-szary-Rozmiar-kola-28 720w,https:\/\/a.allegroimg.com\/original\/115211\/0b23ec504fd09abae3520f1f4fb9\/Rower-miejski-Kross-Sentio-2-0-rama-M-168-180-cm-kolo-28-turkus-szary-Rozmiar-kola-28 1024w,https:\/\/a.allegroimg.com\/original\/115211\/0b23ec504fd09abae3520f1f4fb9\/Rower-miejski-Kross-Sentio-2-0-rama-M-168-180-cm-kolo-28-turkus-szary-Rozmiar-kola-28 1440w,https:\/\/a.allegroimg.com\/original\/115211\/0b23ec504fd09abae3520f1f4fb9\/Rower-miejski-Kross-Sentio-2-0-rama-M-168-180-cm-kolo-28-turkus-szary-Rozmiar-kola-28 1500w\" sizes=\"(min-width: 1200px) 560px, (min-width: 992px) 50vw, 100vw\" width=\"1500px\" alt=\"Rower miejski Kross Sentio 2.0 rama M (168 - 180 cm) ko\u0142o 28&amp;quot; turkus szary Rozmiar ko\u0142a (&quot;) 28\" style=\"max-width: 100%; height: auto; display: block; margin: 0 auto;\"><\/div>\n<\/div>\n<\/div>\n<\/div>\n<\/div>\n<\/div>\n<div style=\"clear: both; display: block; margin: 10px 0;\">\n<div style=\"clear: both; display: block; margin: 10px 0;\">\n<div style=\"clear: both; display: block; margin: 10px 0;\">\n<p style=\"margin: 15px 0; line-height: 1.8; clear: both; display: block; width: 100%; float: none; position: static;\"><b>Opony <\/b>WANDA P1024 28X1,5<\/p>\n<p style=\"margin: 15px 0; line-height: 1.8; clear: both; display: block; width: 100%; float: none; position: static;\"><b>Piasta prz\u00f3d <\/b>ALUMINIUM<\/p>\n<p style=\"margin: 15px 0; line-height: 1.8; clear: both; display: block; width: 100%; float: none; position: static;\"><b>Piasta ty\u0142 <\/b>ALUMINIUM<\/p>\n<p style=\"margin: 15px 0; line-height: 1.8; clear: both; display: block; width: 100%; float: none; position: static;\"><b>Obr\u0119cze <\/b>ALUMINIUM<\/p>\n<p style=\"margin: 15px 0; line-height: 1.8; clear: both; display: block; width: 100%; float: none; position: static;\"><b>Kierownica <\/b>STEEL 610\/25,4<\/p>\n<p style=\"margin: 15px 0; line-height: 1.8; clear: both; display: block; width: 100%; float: none; position: static;\"><b>Wspornik kierownicy <\/b>ALUMINIUM 110\/25,4 REG<\/p>\n<p style=\"margin: 15px 0; line-height: 1.8; clear: both; display: block; width: 100%; float: none; position: static;\"><b>Chwyty <\/b>HERMANS<\/p>\n<p style=\"margin: 15px 0; line-height: 1.8; clear: both; display: block; width: 100%; float: none; position: static;\"><b>Stery <\/b>1-1\/8&#8243;<\/p>\n<p style=\"margin: 15px 0; line-height: 1.8; clear: both; display: block; width: 100%; float: none; position: static;\"><b>Siod\u0142o <\/b>KROSS<\/p>\n<p style=\"margin: 15px 0; line-height: 1.8; clear: both; display: block; width: 100%; float: none; position: static;\"><b>Wspornik siod\u0142a <\/b>AMORTYZOWANY 27,2x350MM<\/p>\n<p style=\"margin: 15px 0; line-height: 1.8; clear: both; display: block; width: 100%; float: none; position: static;\"><b>Peda\u0142y <\/b>TWORZYWO<\/p>\n<p style=\"margin: 15px 0; line-height: 1.8; clear: both; display: block; width: 100%; float: none; position: static;\"><b>Hak przerzutki <\/b>HAKP000064<\/p>\n<p style=\"margin: 15px 0; line-height: 1.8; clear: both; display: block; width: 100%; float: none; position: static;\"><b>B\u0142otniki <\/b>TUBUS PLASTIC 28&#8243;<\/p>\n<p style=\"margin: 15px 0; line-height: 1.8; clear: both; display: block; width: 100%; float: none; position: static;\"><b>Baga\u017cnik <\/b>BUCHEL 25KG<\/p>\n<p style=\"margin: 15px 0; line-height: 1.8; clear: both; display: block; width: 100%; float: none; position: static;\"><b>Podp\u00f3rka <\/b>URSUS BASIC<\/p>\n<p style=\"margin: 15px 0; line-height: 1.8; clear: both; display: block; width: 100%; float: none; position: static;\"><b>O\u015bwietlenie prz\u00f3d <\/b>BUCHEL OCEAN BATTERY<\/p>\n<p style=\"margin: 15px 0; line-height: 1.8; clear: both; display: block; width: 100%; float: none; position: static;\"><b>O\u015bwietlenie ty\u0142 <\/b>BUCHEL TIVOLI BATTERY<\/p>\n<p style=\"margin: 15px 0; line-height: 1.8; clear: both; display: block; width: 100%; float: none; position: static;\"><b>P\u0142e\u0107 <\/b>UNIWERSALNY<\/p>\n<p style=\"margin: 15px 0; line-height: 1.8; clear: both; display: block; width: 100%; float: none; position: static;\"><b>Wzrost <\/b>168 &#8211; 180 cm<\/p>\n<\/div>\n<\/div>\n<div style=\"clear: both; display: block; margin: 10px 0;\">\n<div style=\"clear: both; display: block; margin: 10px 0;\">\n<div  style=\"max-width:1500px;max-height:1154px\">\n<div style=\"clear: both; display: block; margin: 10px 0;\">\n<div style=\"clear: both; width: 100%; display: block; margin: 20px 0; padding: 0; float: none; position: static; text-align: center;\"><img decoding=\"async\"  src=\"https:\/\/a.allegroimg.com\/original\/11f1ea\/4929b3944666af86210f6a78bfd2\/Rower-miejski-Kross-Sentio-2-0-rama-M-168-180-cm-kolo-28-turkus-szary-EAN-GTIN-5902262055529\" srcset=\"https:\/\/a.allegroimg.com\/original\/11f1ea\/4929b3944666af86210f6a78bfd2\/Rower-miejski-Kross-Sentio-2-0-rama-M-168-180-cm-kolo-28-turkus-szary-EAN-GTIN-5902262055529 360w,https:\/\/a.allegroimg.com\/original\/11f1ea\/4929b3944666af86210f6a78bfd2\/Rower-miejski-Kross-Sentio-2-0-rama-M-168-180-cm-kolo-28-turkus-szary-EAN-GTIN-5902262055529 720w,https:\/\/a.allegroimg.com\/original\/11f1ea\/4929b3944666af86210f6a78bfd2\/Rower-miejski-Kross-Sentio-2-0-rama-M-168-180-cm-kolo-28-turkus-szary-EAN-GTIN-5902262055529 1024w,https:\/\/a.allegroimg.com\/original\/11f1ea\/4929b3944666af86210f6a78bfd2\/Rower-miejski-Kross-Sentio-2-0-rama-M-168-180-cm-kolo-28-turkus-szary-EAN-GTIN-5902262055529 1440w,https:\/\/a.allegroimg.com\/original\/11f1ea\/4929b3944666af86210f6a78bfd2\/Rower-miejski-Kross-Sentio-2-0-rama-M-168-180-cm-kolo-28-turkus-szary-EAN-GTIN-5902262055529 1500w\" sizes=\"(min-width: 1200px) 560px, (min-width: 992px) 50vw, 100vw\" width=\"1500px\" alt=\"Rower miejski Kross Sentio 2.0 rama M (168 - 180 cm) ko\u0142o 28&amp;quot; turkus szary EAN (GTIN) 5902262055529\" style=\"max-width: 100%; height: auto; display: block; margin: 0 auto;\"><\/div>\n<\/div>\n<\/div>\n<\/div>\n<\/div>\n<\/div>\n<div style=\"clear: both; display: block; margin: 10px 0;\">\n<div style=\"clear: both; display: block; margin: 10px 0;\">\n<div style=\"clear: both; display: block; margin: 10px 0;\">\n<div  style=\"max-width:1500px;max-height:1154px\">\n<div style=\"clear: both; display: block; margin: 10px 0;\">\n<div style=\"clear: both; width: 100%; display: block; margin: 20px 0; padding: 0; float: none; position: static; text-align: center;\"><img decoding=\"async\"  src=\"https:\/\/a.allegroimg.com\/original\/11485e\/707488db48eeb947c2c14a4d9703\/Rower-miejski-Kross-Sentio-2-0-rama-M-168-180-cm-kolo-28-turkus-szary-Kod-producenta-KRST2Z28X20U004377\" srcset=\"https:\/\/a.allegroimg.com\/original\/11485e\/707488db48eeb947c2c14a4d9703\/Rower-miejski-Kross-Sentio-2-0-rama-M-168-180-cm-kolo-28-turkus-szary-Kod-producenta-KRST2Z28X20U004377 360w,https:\/\/a.allegroimg.com\/original\/11485e\/707488db48eeb947c2c14a4d9703\/Rower-miejski-Kross-Sentio-2-0-rama-M-168-180-cm-kolo-28-turkus-szary-Kod-producenta-KRST2Z28X20U004377 720w,https:\/\/a.allegroimg.com\/original\/11485e\/707488db48eeb947c2c14a4d9703\/Rower-miejski-Kross-Sentio-2-0-rama-M-168-180-cm-kolo-28-turkus-szary-Kod-producenta-KRST2Z28X20U004377 1024w,https:\/\/a.allegroimg.com\/original\/11485e\/707488db48eeb947c2c14a4d9703\/Rower-miejski-Kross-Sentio-2-0-rama-M-168-180-cm-kolo-28-turkus-szary-Kod-producenta-KRST2Z28X20U004377 1440w,https:\/\/a.allegroimg.com\/original\/11485e\/707488db48eeb947c2c14a4d9703\/Rower-miejski-Kross-Sentio-2-0-rama-M-168-180-cm-kolo-28-turkus-szary-Kod-producenta-KRST2Z28X20U004377 1500w\" sizes=\"(min-width: 1200px) 560px, (min-width: 992px) 50vw, 100vw\" width=\"1500px\" alt=\"Rower miejski Kross Sentio 2.0 rama M (168 - 180 cm) ko\u0142o 28&amp;quot; turkus szary Kod producenta KRST2Z28X20U004377\" style=\"max-width: 100%; height: auto; display: block; margin: 0 auto;\"><\/div>\n<\/div>\n<\/div>\n<\/div>\n<\/div>\n<div style=\"clear: both; display: block; margin: 10px 0;\">\n<div style=\"clear: both; display: block; margin: 10px 0;\">\n<div  style=\"max-width:1500px;max-height:1154px\">\n<div style=\"clear: both; display: block; margin: 10px 0;\">\n<div style=\"clear: both; width: 100%; display: block; margin: 20px 0; padding: 0; float: none; position: static; text-align: center;\"><img decoding=\"async\"  src=\"https:\/\/a.allegroimg.com\/original\/11c72e\/6bafcd4e4b4a89c7889c42c2509b\/Rower-miejski-Kross-Sentio-2-0-rama-M-168-180-cm-kolo-28-turkus-szary-Rozmiar-ramy-20-cali\" srcset=\"https:\/\/a.allegroimg.com\/original\/11c72e\/6bafcd4e4b4a89c7889c42c2509b\/Rower-miejski-Kross-Sentio-2-0-rama-M-168-180-cm-kolo-28-turkus-szary-Rozmiar-ramy-20-cali 360w,https:\/\/a.allegroimg.com\/original\/11c72e\/6bafcd4e4b4a89c7889c42c2509b\/Rower-miejski-Kross-Sentio-2-0-rama-M-168-180-cm-kolo-28-turkus-szary-Rozmiar-ramy-20-cali 720w,https:\/\/a.allegroimg.com\/original\/11c72e\/6bafcd4e4b4a89c7889c42c2509b\/Rower-miejski-Kross-Sentio-2-0-rama-M-168-180-cm-kolo-28-turkus-szary-Rozmiar-ramy-20-cali 1024w,https:\/\/a.allegroimg.com\/original\/11c72e\/6bafcd4e4b4a89c7889c42c2509b\/Rower-miejski-Kross-Sentio-2-0-rama-M-168-180-cm-kolo-28-turkus-szary-Rozmiar-ramy-20-cali 1440w,https:\/\/a.allegroimg.com\/original\/11c72e\/6bafcd4e4b4a89c7889c42c2509b\/Rower-miejski-Kross-Sentio-2-0-rama-M-168-180-cm-kolo-28-turkus-szary-Rozmiar-ramy-20-cali 1500w\" sizes=\"(min-width: 1200px) 560px, (min-width: 992px) 50vw, 100vw\" width=\"1500px\" alt=\"Rower miejski Kross Sentio 2.0 rama M (168 - 180 cm) ko\u0142o 28&amp;quot; turkus szary Rozmiar ramy 20 cali\" style=\"max-width: 100%; height: auto; display: block; margin: 0 auto;\"><\/div>\n<\/div>\n<\/div>\n<\/div>\n<\/div>\n<\/div>\n<div style=\"clear: both; display: block; margin: 10px 0;\">\n<div style=\"clear: both; display: block; margin: 10px 0;\">\n<div style=\"clear: both; display: block; margin: 10px 0;\">\n<h2>\u2734\ufe0f Kup teraz Kross Sentio 2.0. Jest to rower, kt\u00f3ry zachwyca elegancj\u0105 w swojej prostocie. \u2734\ufe0f<\/h2>\n<\/div>\n<\/div>\n<\/div>\n<div style=\"clear: both; display: block; margin: 10px 0;\">\n<div style=\"clear: both; display: block; margin: 10px 0;\">\n<div style=\"clear: both; display: block; margin: 10px 0;\">\n<div  style=\"max-width:1240px;max-height:1014px\">\n<div style=\"clear: both; display: block; margin: 10px 0;\">\n<div style=\"clear: both; width: 100%; display: block; margin: 20px 0; padding: 0; float: none; position: static; text-align: center;\"><img decoding=\"async\"  src=\"https:\/\/a.allegroimg.com\/original\/11b575\/e475566742609e066e8c20161cca\/Rower-miejski-Kross-Sentio-2-0-rama-M-168-180-cm-kolo-28-turkus-szary-Material-ramy-aluminium\" srcset=\"https:\/\/a.allegroimg.com\/original\/11b575\/e475566742609e066e8c20161cca\/Rower-miejski-Kross-Sentio-2-0-rama-M-168-180-cm-kolo-28-turkus-szary-Material-ramy-aluminium 360w,https:\/\/a.allegroimg.com\/original\/11b575\/e475566742609e066e8c20161cca\/Rower-miejski-Kross-Sentio-2-0-rama-M-168-180-cm-kolo-28-turkus-szary-Material-ramy-aluminium 720w,https:\/\/a.allegroimg.com\/original\/11b575\/e475566742609e066e8c20161cca\/Rower-miejski-Kross-Sentio-2-0-rama-M-168-180-cm-kolo-28-turkus-szary-Material-ramy-aluminium 1024w,https:\/\/a.allegroimg.com\/original\/11b575\/e475566742609e066e8c20161cca\/Rower-miejski-Kross-Sentio-2-0-rama-M-168-180-cm-kolo-28-turkus-szary-Material-ramy-aluminium 1240w,https:\/\/a.allegroimg.com\/original\/11b575\/e475566742609e066e8c20161cca\/Rower-miejski-Kross-Sentio-2-0-rama-M-168-180-cm-kolo-28-turkus-szary-Material-ramy-aluminium 1240w\" sizes=\"100vw\" width=\"1240px\" alt=\"Rower miejski Kross Sentio 2.0 rama M (168 - 180 cm) ko\u0142o 28&amp;quot; turkus szary Materia\u0142 ramy aluminium\" style=\"max-width: 100%; height: auto; display: block; margin: 0 auto;\"><\/div>\n<\/div>\n<\/div>\n<\/div>\n<\/div>\n<\/div>\n<div style=\"clear: both; display: block; margin: 10px 0;\">\n<div style=\"clear: both; display: block; margin: 10px 0;\">\n<div style=\"clear: both; display: block; margin: 10px 0;\">\n<h2>Sprawd\u017a nasz\u0105 pe\u0142n\u0105 ofert\u0119!<\/h2>\n<p style=\"margin: 15px 0; line-height: 1.8; clear: both; display: block; width: 100%; float: none; position: static;\">Na naszych aukcjach znajdziesz szeroki wyb\u00f3r rower\u00f3w dla ka\u017cdego \u2013 od modeli m\u0142odzie\u017cowych, damskich i m\u0119skich, po rowery elektryczne i dzieci\u0119ce. Oferujemy r\u00f3wnie\u017c bogaty asortyment akcesori\u00f3w rowerowych, dzi\u0119ki kt\u00f3rym dostosujesz sw\u00f3j rower do w\u0142asnych potrzeb.<\/p>\n<h3 style=\"color: #2c5aa0; font-size: 18px; margin: 30px 0 15px 0; font-weight: bold; clear: both; display: block; width: 100%; float: none; position: static;\">Sprawd\u017a nasz sklep Allegro i znajd\u017a sw\u00f3j wymarzony rower!<\/h3>\n<\/div>\n<\/div>\n<\/div>\n<\/div>\n<\/div>\n<\/div>\n<div style=\"clear: both; display: block; margin: 10px 0;\">\n","protected":false},"excerpt":{"rendered":"<p>Rower miejski Kross Sentio 2.0 to komfort, styl i pewno\u015b\u0107 jazdy po mie\u015bcie oraz weekendowych trasach!<\/p>\n<p>Lekka, aluminiowa rama 6061 i amortyzowany widelec SR Suntour 50 mm zapewniaj\u0105 p\u0142ynn\u0105 jazd\u0119 po mie\u015bcie i lekkim terenie. Siod\u0142o na amortyzowanej sztycy gwarantuje wygod\u0119 na d\u0142ugich trasach.<\/p>\n<p>Nap\u0119d Shimano 3&#215;7 z 21 biegami umo\u017cliwia p\u0142ynn\u0105 zmian\u0119 prze\u0142o\u017ce\u0144, a hamulce V-brake zapewniaj\u0105 skuteczne i przewidywalne hamowanie w ka\u017cdych warunkach.<\/p>\n","protected":false},"featured_media":14404,"template":"","meta":{"_uag_custom_page_level_css":""},"product_brand":[692],"product_cat":[714,688,687],"product_tag":[],"class_list":{"0":"post-14403","1":"product","2":"type-product","3":"status-publish","4":"has-post-thumbnail","6":"product_brand-kross","7":"product_cat-miejskie","8":"product_cat-rowery","9":"product_cat-rowery-i-akcesoria","11":"first","12":"instock","13":"sale","14":"shipping-taxable","15":"purchasable","16":"product-type-simple"},"uagb_featured_image_src":{"full":["https:\/\/twojerowery.shop\/ro64\/wp-content\/uploads\/2026\/02\/allegro-image-14403.jpg",1500,1154,false],"thumbnail":["https:\/\/twojerowery.shop\/ro64\/wp-content\/uploads\/2026\/02\/allegro-image-14403-150x150.jpg",150,150,true],"medium":["https:\/\/twojerowery.shop\/ro64\/wp-content\/uploads\/2026\/02\/allegro-image-14403-300x231.jpg",300,231,true],"medium_large":["https:\/\/twojerowery.shop\/ro64\/wp-content\/uploads\/2026\/02\/allegro-image-14403-768x591.jpg",768,591,true],"large":["https:\/\/twojerowery.shop\/ro64\/wp-content\/uploads\/2026\/02\/allegro-image-14403-1024x788.jpg",1024,788,true],"1536x1536":["https:\/\/twojerowery.shop\/ro64\/wp-content\/uploads\/2026\/02\/allegro-image-14403.jpg",1500,1154,false],"2048x2048":["https:\/\/twojerowery.shop\/ro64\/wp-content\/uploads\/2026\/02\/allegro-image-14403.jpg",1500,1154,false],"woocommerce_thumbnail":["https:\/\/twojerowery.shop\/ro64\/wp-content\/uploads\/2026\/02\/allegro-image-14403-300x300.jpg",300,300,true],"woocommerce_single":["https:\/\/twojerowery.shop\/ro64\/wp-content\/uploads\/2026\/02\/allegro-image-14403-600x462.jpg",600,462,true],"woocommerce_gallery_thumbnail":["https:\/\/twojerowery.shop\/ro64\/wp-content\/uploads\/2026\/02\/allegro-image-14403-100x100.jpg",100,100,true]},"uagb_author_info":{"display_name":"admin","author_link":"https:\/\/twojerowery.shop\/ro64\/author\/"},"uagb_comment_info":0,"uagb_excerpt":"Rower miejski Kross Sentio 2.0 to komfort, styl i pewno\u015b\u0107 jazdy po mie\u015bcie oraz weekendowych trasach! Lekka, aluminiowa rama 6061 i amortyzowany widelec SR Suntour 50 mm zapewniaj\u0105 p\u0142ynn\u0105 jazd\u0119 po mie\u015bcie i lekkim terenie. Siod\u0142o na amortyzowanej sztycy gwarantuje wygod\u0119 na d\u0142ugich trasach. Nap\u0119d Shimano 3x7 z 21 biegami umo\u017cliwia p\u0142ynn\u0105 zmian\u0119 prze\u0142o\u017ce\u0144, a&hellip;","_links":{"self":[{"href":"https:\/\/twojerowery.shop\/ro64\/wp-json\/wp\/v2\/product\/14403","targetHints":{"allow":["GET"]}}],"collection":[{"href":"https:\/\/twojerowery.shop\/ro64\/wp-json\/wp\/v2\/product"}],"about":[{"href":"https:\/\/twojerowery.shop\/ro64\/wp-json\/wp\/v2\/types\/product"}],"wp:featuredmedia":[{"embeddable":true,"href":"https:\/\/twojerowery.shop\/ro64\/wp-json\/wp\/v2\/media\/14404"}],"wp:attachment":[{"href":"https:\/\/twojerowery.shop\/ro64\/wp-json\/wp\/v2\/media?parent=14403"}],"wp:term":[{"taxonomy":"product_brand","embeddable":true,"href":"https:\/\/twojerowery.shop\/ro64\/wp-json\/wp\/v2\/product_brand?post=14403"},{"taxonomy":"product_cat","embeddable":true,"href":"https:\/\/twojerowery.shop\/ro64\/wp-json\/wp\/v2\/product_cat?post=14403"},{"taxonomy":"product_tag","embeddable":true,"href":"https:\/\/twojerowery.shop\/ro64\/wp-json\/wp\/v2\/product_tag?post=14403"}],"curies":[{"name":"wp","href":"https:\/\/api.w.org\/{rel}","templated":true}]}}