{"id":14425,"date":"2026-02-26T04:36:22","date_gmt":"2026-02-26T03:36:22","guid":{"rendered":"https:\/\/rowermax.shop\/ro64\/produkt\/rower-trekkingowy-meski-romet-wagant-28-l21-srebrno-czerwony\/"},"modified":"2026-02-26T04:36:24","modified_gmt":"2026-02-26T03:36:24","slug":"rower-trekkingowy-meski-romet-wagant-28-l21-srebrno-czerwony","status":"publish","type":"product","link":"https:\/\/twojerowery.shop\/ro64\/produkt\/rower-trekkingowy-meski-romet-wagant-28-l21-srebrno-czerwony\/","title":{"rendered":"Rower trekkingowy m\u0119ski Romet Wagant 28 L(21&quot;) srebrno-czerwony"},"content":{"rendered":"<div style=\"font-family: Arial, sans-serif; line-height: 1.6; color: #333; padding: 20px; clear: both; display: block; width: 100%; float: none; position: static; overflow: hidden;\">\n<div style=\"clear: both; display: block; margin: 10px 0;\">\n<div style=\"clear: both; display: block; margin: 10px 0;\">\n<div style=\"clear: both; display: block; margin: 10px 0;\">\n<div  style=\"max-width:842px;max-height:277px\">\n<div style=\"clear: both; display: block; margin: 10px 0;\">\n<div style=\"clear: both; width: 100%; display: block; margin: 20px 0; padding: 0; float: none; position: static; text-align: center;\"><img decoding=\"async\"  src=\"https:\/\/a.allegroimg.com\/original\/11f0a1\/cf802f0e4b018cbe89382bd26a0a\/Rower-trekkingowy-meski-Romet-Wagant-28-L-21-srebrno-czerwony-EAN-GTIN-5907782795139\" srcset=\"https:\/\/a.allegroimg.com\/original\/11f0a1\/cf802f0e4b018cbe89382bd26a0a\/Rower-trekkingowy-meski-Romet-Wagant-28-L-21-srebrno-czerwony-EAN-GTIN-5907782795139 360w,https:\/\/a.allegroimg.com\/original\/11f0a1\/cf802f0e4b018cbe89382bd26a0a\/Rower-trekkingowy-meski-Romet-Wagant-28-L-21-srebrno-czerwony-EAN-GTIN-5907782795139 720w,https:\/\/a.allegroimg.com\/original\/11f0a1\/cf802f0e4b018cbe89382bd26a0a\/Rower-trekkingowy-meski-Romet-Wagant-28-L-21-srebrno-czerwony-EAN-GTIN-5907782795139 842w,https:\/\/a.allegroimg.com\/original\/11f0a1\/cf802f0e4b018cbe89382bd26a0a\/Rower-trekkingowy-meski-Romet-Wagant-28-L-21-srebrno-czerwony-EAN-GTIN-5907782795139 842w\" sizes=\"100vw\" width=\"842px\" alt=\"Rower trekkingowy m\u0119ski Romet Wagant 28 L(21&amp;quot;) srebrno-czerwony EAN (GTIN) 5907782795139\" style=\"max-width: 100%; height: auto; display: block; margin: 0 auto;\"><\/div>\n<\/div>\n<\/div>\n<\/div>\n<\/div>\n<\/div>\n<div style=\"clear: both; display: block; margin: 10px 0;\">\n<div style=\"clear: both; display: block; margin: 10px 0;\">\n<div style=\"clear: both; display: block; margin: 10px 0;\">\n<h1>Rower trekkingowy m\u0119ski Romet Wagant 28 L(21&#8243;) srebrno-czerwony<\/h1>\n<\/div>\n<\/div>\n<\/div>\n<div style=\"clear: both; display: block; margin: 10px 0;\">\n<div style=\"clear: both; display: block; margin: 10px 0;\">\n<div style=\"clear: both; display: block; margin: 10px 0;\">\n<h3 style=\"color: #2c5aa0; font-size: 18px; margin: 30px 0 15px 0; font-weight: bold; clear: both; display: block; width: 100%; float: none; position: static;\">\u2705&nbsp;ROMET&nbsp;jest jednym z przoduj\u0105cych przedsi\u0119biorstw rowerowych w Polsce i najwa\u017cniejszych na \u015bwiecie. Oferuje rowery bardzo dobrej jako\u015bci i pe\u0142en profesjonalizm.&nbsp;ROMET&nbsp;posiada r\u00f3\u017cne rodzaje rower\u00f3w, w kt\u00f3rych ka\u017cdy znajdzie co\u015b dla siebie.<\/h3>\n<\/div>\n<\/div>\n<div style=\"clear: both; display: block; margin: 10px 0;\">\n<div style=\"clear: both; display: block; margin: 10px 0;\">\n<div  style=\"max-width:842px;max-height:277px\">\n<div style=\"clear: both; display: block; margin: 10px 0;\">\n<div style=\"clear: both; width: 100%; display: block; margin: 20px 0; padding: 0; float: none; position: static; text-align: center;\"><img decoding=\"async\"  src=\"https:\/\/a.allegroimg.com\/original\/11f0a1\/cf802f0e4b018cbe89382bd26a0a\/Rower-trekkingowy-meski-Romet-Wagant-28-L-21-srebrno-czerwony-EAN-GTIN-5907782795139\" srcset=\"https:\/\/a.allegroimg.com\/original\/11f0a1\/cf802f0e4b018cbe89382bd26a0a\/Rower-trekkingowy-meski-Romet-Wagant-28-L-21-srebrno-czerwony-EAN-GTIN-5907782795139 360w,https:\/\/a.allegroimg.com\/original\/11f0a1\/cf802f0e4b018cbe89382bd26a0a\/Rower-trekkingowy-meski-Romet-Wagant-28-L-21-srebrno-czerwony-EAN-GTIN-5907782795139 720w,https:\/\/a.allegroimg.com\/original\/11f0a1\/cf802f0e4b018cbe89382bd26a0a\/Rower-trekkingowy-meski-Romet-Wagant-28-L-21-srebrno-czerwony-EAN-GTIN-5907782795139 842w,https:\/\/a.allegroimg.com\/original\/11f0a1\/cf802f0e4b018cbe89382bd26a0a\/Rower-trekkingowy-meski-Romet-Wagant-28-L-21-srebrno-czerwony-EAN-GTIN-5907782795139 842w\" sizes=\"(min-width: 1200px) 560px, (min-width: 992px) 50vw, 100vw\" width=\"842px\" alt=\"Rower trekkingowy m\u0119ski Romet Wagant 28 L(21&amp;quot;) srebrno-czerwony EAN (GTIN) 5907782795139\" style=\"max-width: 100%; height: auto; display: block; margin: 0 auto;\"><\/div>\n<\/div>\n<\/div>\n<\/div>\n<\/div>\n<\/div>\n<div style=\"clear: both; display: block; margin: 10px 0;\">\n<div style=\"clear: both; display: block; margin: 10px 0;\">\n<div style=\"clear: both; display: block; margin: 10px 0;\">\n<div  style=\"max-width:2560px;max-height:456px\">\n<div style=\"clear: both; display: block; margin: 10px 0;\">\n<div style=\"clear: both; width: 100%; display: block; margin: 20px 0; padding: 0; float: none; position: static; text-align: center;\"><img decoding=\"async\"  src=\"https:\/\/a.allegroimg.com\/original\/11b3c5\/3f5c7eae4c3d8459cee3c03afd9f\/Rower-trekkingowy-meski-Romet-Wagant-28-L-21-srebrno-czerwony-Kod-producenta-R22A-TRE-28-21-P-461\" srcset=\"https:\/\/a.allegroimg.com\/original\/11b3c5\/3f5c7eae4c3d8459cee3c03afd9f\/Rower-trekkingowy-meski-Romet-Wagant-28-L-21-srebrno-czerwony-Kod-producenta-R22A-TRE-28-21-P-461 360w,https:\/\/a.allegroimg.com\/original\/11b3c5\/3f5c7eae4c3d8459cee3c03afd9f\/Rower-trekkingowy-meski-Romet-Wagant-28-L-21-srebrno-czerwony-Kod-producenta-R22A-TRE-28-21-P-461 720w,https:\/\/a.allegroimg.com\/original\/11b3c5\/3f5c7eae4c3d8459cee3c03afd9f\/Rower-trekkingowy-meski-Romet-Wagant-28-L-21-srebrno-czerwony-Kod-producenta-R22A-TRE-28-21-P-461 1024w,https:\/\/a.allegroimg.com\/original\/11b3c5\/3f5c7eae4c3d8459cee3c03afd9f\/Rower-trekkingowy-meski-Romet-Wagant-28-L-21-srebrno-czerwony-Kod-producenta-R22A-TRE-28-21-P-461 1440w,https:\/\/a.allegroimg.com\/original\/11b3c5\/3f5c7eae4c3d8459cee3c03afd9f\/Rower-trekkingowy-meski-Romet-Wagant-28-L-21-srebrno-czerwony-Kod-producenta-R22A-TRE-28-21-P-461 2560w\" sizes=\"(min-width: 1200px) 560px, (min-width: 992px) 50vw, 100vw\" width=\"2560px\" alt=\"Rower trekkingowy m\u0119ski Romet Wagant 28 L(21&amp;quot;) srebrno-czerwony Kod producenta R22A-TRE-28-21-P-461\" style=\"max-width: 100%; height: auto; display: block; margin: 0 auto;\"><\/div>\n<\/div>\n<\/div>\n<\/div>\n<\/div>\n<div style=\"clear: both; display: block; margin: 10px 0;\">\n<div style=\"clear: both; display: block; margin: 10px 0;\">\n<h3 style=\"color: #2c5aa0; font-size: 18px; margin: 30px 0 15px 0; font-weight: bold; clear: both; display: block; width: 100%; float: none; position: static;\">\u2705 SHIMANO&nbsp;jest najwi\u0119ksz\u0105 na \u015bwiecie firm\u0105 produkuj\u0105c\u0105 cz\u0119\u015bci rowerowe. To najbardziej znana i ceniona marka na rynku, a jej komponenty s\u0105 wykorzystywane w wi\u0119kszo\u015bci rower\u00f3w.<\/h3>\n<\/div>\n<\/div>\n<\/div>\n<div style=\"clear: both; display: block; margin: 10px 0;\">\n<div style=\"clear: both; display: block; margin: 10px 0;\">\n<div style=\"clear: both; display: block; margin: 10px 0;\">\n<div  style=\"max-width:2000px;max-height:1337px\">\n<div style=\"clear: both; display: block; margin: 10px 0;\">\n<div style=\"clear: both; width: 100%; display: block; margin: 20px 0; padding: 0; float: none; position: static; text-align: center;\"><img decoding=\"async\"  src=\"https:\/\/a.allegroimg.com\/original\/11fad9\/6c560d614519865dd9534c19aefd\/Rower-trekkingowy-meski-Romet-Wagant-28-L-21-srebrno-czerwony\" srcset=\"https:\/\/a.allegroimg.com\/original\/11fad9\/6c560d614519865dd9534c19aefd\/Rower-trekkingowy-meski-Romet-Wagant-28-L-21-srebrno-czerwony 360w,https:\/\/a.allegroimg.com\/original\/11fad9\/6c560d614519865dd9534c19aefd\/Rower-trekkingowy-meski-Romet-Wagant-28-L-21-srebrno-czerwony 720w,https:\/\/a.allegroimg.com\/original\/11fad9\/6c560d614519865dd9534c19aefd\/Rower-trekkingowy-meski-Romet-Wagant-28-L-21-srebrno-czerwony 1024w,https:\/\/a.allegroimg.com\/original\/11fad9\/6c560d614519865dd9534c19aefd\/Rower-trekkingowy-meski-Romet-Wagant-28-L-21-srebrno-czerwony 1440w,https:\/\/a.allegroimg.com\/original\/11fad9\/6c560d614519865dd9534c19aefd\/Rower-trekkingowy-meski-Romet-Wagant-28-L-21-srebrno-czerwony 2000w\" sizes=\"100vw\" width=\"2000px\" alt=\"Rower trekkingowy m\u0119ski Romet Wagant 28 L(21&amp;quot;) srebrno-czerwony\" style=\"max-width: 100%; height: auto; display: block; margin: 0 auto;\"><\/div>\n<\/div>\n<\/div>\n<\/div>\n<\/div>\n<\/div>\n<div style=\"clear: both; display: block; margin: 10px 0;\">\n<div style=\"clear: both; display: block; margin: 10px 0;\">\n<div style=\"clear: both; display: block; margin: 10px 0;\">\n<h2>Sugerowany wzrost u\u017cytkownika 176-187<\/h2>\n<\/div>\n<\/div>\n<\/div>\n<div style=\"clear: both; display: block; margin: 10px 0;\">\n<div style=\"clear: both; display: block; margin: 10px 0;\">\n<div style=\"clear: both; display: block; margin: 10px 0;\">\n<h3 style=\"color: #2c5aa0; font-size: 18px; margin: 30px 0 15px 0; font-weight: bold; clear: both; display: block; width: 100%; float: none; position: static;\">DANE TECHNICZNE:<\/h3>\n<ul style=\"margin: 15px 0; padding-left: 20px; clear: both; display: block; width: 100%; float: none; position: static;\">\n<li style=\"margin: 5px 0; padding: 2px 0; clear: both; display: list-item; float: none; position: static;\"><b>Widelec<\/b> amortyzowany<\/li>\n<li style=\"margin: 5px 0; padding: 2px 0; clear: both; display: list-item; float: none; position: static;\"><b>Ko\u0142a, rama<\/b> 28&#8243; \/ alu 6061<\/li>\n<li style=\"margin: 5px 0; padding: 2px 0; clear: both; display: list-item; float: none; position: static;\"><b>Rozmiar<\/b>&nbsp;L \u2013 21&#8243;<\/li>\n<li style=\"margin: 5px 0; padding: 2px 0; clear: both; display: list-item; float: none; position: static;\"><b>Nap\u0119d<\/b> 21 bieg\u00f3w<\/li>\n<li style=\"margin: 5px 0; padding: 2px 0; clear: both; display: list-item; float: none; position: static;\"><b>Manetki prz\u00f3d<\/b> Shimano ST-EF41 3 speed<\/li>\n<li style=\"margin: 5px 0; padding: 2px 0; clear: both; display: list-item; float: none; position: static;\"><b>Manetki ty\u0142<\/b> Shimano ST-EF41 7 speed<\/li>\n<li style=\"margin: 5px 0; padding: 2px 0; clear: both; display: list-item; float: none; position: static;\"><b>Przerzutka prz\u00f3d<\/b> Shimano FD-TY510<\/li>\n<li style=\"margin: 5px 0; padding: 2px 0; clear: both; display: list-item; float: none; position: static;\"><b>Przerzutka ty\u0142<\/b> Shimano Altus RD-M310<\/li>\n<li style=\"margin: 5px 0; padding: 2px 0; clear: both; display: list-item; float: none; position: static;\"><b>Mechanizm korbowy<\/b> Shimano FC-TY301 48\/38\/28T 170 mm<\/li>\n<li style=\"margin: 5px 0; padding: 2px 0; clear: both; display: list-item; float: none; position: static;\"><b>Hamulec prz\u00f3d<\/b> V-brake Alhonga HJ-811AD7 aluminiowy<\/li>\n<li style=\"margin: 5px 0; padding: 2px 0; clear: both; display: list-item; float: none; position: static;\"><b>Hamulec ty\u0142<\/b> V-brake Alhonga HJ-811AD7 aluminiowy<\/li>\n<li style=\"margin: 5px 0; padding: 2px 0; clear: both; display: list-item; float: none; position: static;\"><b>Opony<\/b> 700\u00d735C<\/li>\n<li style=\"margin: 5px 0; padding: 2px 0; clear: both; display: list-item; float: none; position: static;\"><b>Obr\u0119cze<\/b> aluminiowe dwukomorowe<\/li>\n<li style=\"margin: 5px 0; padding: 2px 0; clear: both; display: list-item; float: none; position: static;\"><b>Piasta prz\u00f3d<\/b>&nbsp; JoyTech JY-733 aluminiowa<\/li>\n<li style=\"margin: 5px 0; padding: 2px 0; clear: both; display: list-item; float: none; position: static;\"><b>Piasta ty\u0142<\/b> JoyTech JY-734 aluminiowa<\/li>\n<li style=\"margin: 5px 0; padding: 2px 0; clear: both; display: list-item; float: none; position: static;\"><b>Kaseta\/wolnobieg<\/b> wolnobieg 14-28T 7 speed<\/li>\n<li style=\"margin: 5px 0; padding: 2px 0; clear: both; display: list-item; float: none; position: static;\"><b>Kierownica<\/b> stalowa 610 mm<\/li>\n<li style=\"margin: 5px 0; padding: 2px 0; clear: both; display: list-item; float: none; position: static;\"><b>Mostek kierownicy<\/b> aluminiowy regulowany MTS-C297 90 mm<\/li>\n<li style=\"margin: 5px 0; padding: 2px 0; clear: both; display: list-item; float: none; position: static;\"><b>Sztyca<\/b> aluminiowa 27,2 mm 300 mm<\/li>\n<li style=\"margin: 5px 0; padding: 2px 0; clear: both; display: list-item; float: none; position: static;\"><b>Siod\u0142o<\/b> Selle Royal Rio<\/li>\n<li style=\"margin: 5px 0; padding: 2px 0; clear: both; display: list-item; float: none; position: static;\"><b>Peda\u0142y<\/b> FP-804<\/li>\n<li style=\"margin: 5px 0; padding: 2px 0; clear: both; display: list-item; float: none; position: static;\"><b>Lampa prz\u00f3d<\/b> Buchel halogen<\/li>\n<li style=\"margin: 5px 0; padding: 2px 0; clear: both; display: list-item; float: none; position: static;\"><b>Lampa ty\u0142<\/b> Buchel<\/li>\n<li style=\"margin: 5px 0; padding: 2px 0; clear: both; display: list-item; float: none; position: static;\"><b>Waga<\/b> 16,9 kg<\/li>\n<\/ul>\n<p style=\"margin: 15px 0; line-height: 1.8; clear: both; display: block; width: 100%; float: none; position: static;\">ROMET sp. z o.o. zastrzega sobie prawo do wprowadzania zmian dotycz\u0105cych oferowanych modeli rower\u00f3w, w tym tak\u017ce w zakresie ich wyposa\u017cenia, parametr\u00f3w technicznych, miejsca pochodzenia i ceny, jak r\u00f3wnie\u017c wycofania danego modelu z oferty.<\/p>\n<h3 style=\"color: #2c5aa0; font-size: 18px; margin: 30px 0 15px 0; font-weight: bold; clear: both; display: block; width: 100%; float: none; position: static;\">W przypadku sprzeda\u017cy internetowej producent wymaga, aby w ci\u0105gu 30 dni od chwili otrzymania roweru zleci\u0107 wykonanie przegl\u0105du gwarancyjnego w punkcie sprzeda\u017cy lub autoryzowanym punkcie serwisowym ASO Romet (us\u0142uga odp\u0142atna).<\/h3>\n<p style=\"margin: 15px 0; line-height: 1.8; clear: both; display: block; width: 100%; float: none; position: static;\">&#8212;&#8212;&#8212;&#8212;&#8212;&#8212;&#8212;&#8212;&#8212;&#8212;&#8212;&#8212;&#8212;&#8212;&#8212;&#8212;&#8212;&#8212;&#8212;&#8212;&#8212;&#8212;&#8212;&#8212;&#8212;&#8212;&#8212;&#8212;&#8212;&#8212;&#8212;&#8212;&#8212;&#8212;&#8212;&#8212;&#8212;&#8212;&#8212;&#8212;&#8212;&#8212;&#8212;&#8212;&#8212;&#8212;&#8212;&#8212;&#8212;&#8212;<\/p>\n<\/div>\n<\/div>\n<\/div>\n<div style=\"clear: both; display: block; margin: 10px 0;\">\n<div style=\"clear: both; display: block; margin: 10px 0;\">\n<div style=\"clear: both; display: block; margin: 10px 0;\">\n<div  style=\"max-width:2000px;max-height:1337px\">\n<div style=\"clear: both; display: block; margin: 10px 0;\">\n<div style=\"clear: both; width: 100%; display: block; margin: 20px 0; padding: 0; float: none; position: static; text-align: center;\"><img decoding=\"async\"  src=\"https:\/\/a.allegroimg.com\/original\/11fad9\/6c560d614519865dd9534c19aefd\/Rower-trekkingowy-meski-Romet-Wagant-28-L-21-srebrno-czerwony\" srcset=\"https:\/\/a.allegroimg.com\/original\/11fad9\/6c560d614519865dd9534c19aefd\/Rower-trekkingowy-meski-Romet-Wagant-28-L-21-srebrno-czerwony 360w,https:\/\/a.allegroimg.com\/original\/11fad9\/6c560d614519865dd9534c19aefd\/Rower-trekkingowy-meski-Romet-Wagant-28-L-21-srebrno-czerwony 720w,https:\/\/a.allegroimg.com\/original\/11fad9\/6c560d614519865dd9534c19aefd\/Rower-trekkingowy-meski-Romet-Wagant-28-L-21-srebrno-czerwony 1024w,https:\/\/a.allegroimg.com\/original\/11fad9\/6c560d614519865dd9534c19aefd\/Rower-trekkingowy-meski-Romet-Wagant-28-L-21-srebrno-czerwony 1440w,https:\/\/a.allegroimg.com\/original\/11fad9\/6c560d614519865dd9534c19aefd\/Rower-trekkingowy-meski-Romet-Wagant-28-L-21-srebrno-czerwony 2000w\" sizes=\"100vw\" width=\"2000px\" alt=\"Rower trekkingowy m\u0119ski Romet Wagant 28 L(21&amp;quot;) srebrno-czerwony\" style=\"max-width: 100%; height: auto; display: block; margin: 0 auto;\"><\/div>\n<\/div>\n<\/div>\n<\/div>\n<\/div>\n<\/div>\n<\/div>\n<\/div>\n<\/div>\n<div style=\"clear: both; display: block; margin: 10px 0;\">\n","protected":false},"excerpt":{"rendered":"<p>Rower trekkingowy m\u0119ski Romet Wagant 28 L(21&quot;) srebrno-czerwony<\/p>\n<p>\u2705&nbsp;ROMET&nbsp;jest jednym z przoduj\u0105cych przedsi\u0119biorstw rowerowych w Polsce i najwa\u017cniejszych na \u015bwiecie. Oferuje rowery bardzo dobrej jako\u015bci i pe\u0142en profesjonalizm.&nbsp;ROMET&nbsp;posiada r\u00f3\u017cne rodzaje rower\u00f3w, w kt\u00f3rych ka\u017cdy znajdzie co\u015b dla siebie.<\/p>\n<p>\u2705 SHIMANO&nbsp;jest najwi\u0119ksz\u0105 na \u015bwiecie firm\u0105 produkuj\u0105c\u0105 cz\u0119\u015bci rowerowe. To najbardziej znana i ceniona marka na rynku, a jej komponenty s\u0105 wykorzystywane w wi\u0119kszo\u015bci rower\u00f3w.<\/p>\n<p>Sugerowany wzrost u\u017cytkownika 176-187<\/p>\n<p>DANE TECHNICZNE:<\/p>\n","protected":false},"featured_media":14426,"template":"","meta":{"_uag_custom_page_level_css":""},"product_brand":[695],"product_cat":[688,687,724],"product_tag":[],"class_list":{"0":"post-14425","1":"product","2":"type-product","3":"status-publish","4":"has-post-thumbnail","6":"product_brand-romet","7":"product_cat-rowery","8":"product_cat-rowery-i-akcesoria","9":"product_cat-trekkingowe","11":"first","12":"instock","13":"sale","14":"shipping-taxable","15":"purchasable","16":"product-type-simple"},"uagb_featured_image_src":{"full":["https:\/\/twojerowery.shop\/ro64\/wp-content\/uploads\/2026\/02\/allegro-image-14425.jpg",2000,1337,false],"thumbnail":["https:\/\/twojerowery.shop\/ro64\/wp-content\/uploads\/2026\/02\/allegro-image-14425-150x150.jpg",150,150,true],"medium":["https:\/\/twojerowery.shop\/ro64\/wp-content\/uploads\/2026\/02\/allegro-image-14425-300x201.jpg",300,201,true],"medium_large":["https:\/\/twojerowery.shop\/ro64\/wp-content\/uploads\/2026\/02\/allegro-image-14425-768x513.jpg",768,513,true],"large":["https:\/\/twojerowery.shop\/ro64\/wp-content\/uploads\/2026\/02\/allegro-image-14425-1024x685.jpg",1024,685,true],"1536x1536":["https:\/\/twojerowery.shop\/ro64\/wp-content\/uploads\/2026\/02\/allegro-image-14425-1536x1027.jpg",1536,1027,true],"2048x2048":["https:\/\/twojerowery.shop\/ro64\/wp-content\/uploads\/2026\/02\/allegro-image-14425.jpg",2000,1337,false],"woocommerce_thumbnail":["https:\/\/twojerowery.shop\/ro64\/wp-content\/uploads\/2026\/02\/allegro-image-14425-300x300.jpg",300,300,true],"woocommerce_single":["https:\/\/twojerowery.shop\/ro64\/wp-content\/uploads\/2026\/02\/allegro-image-14425-600x401.jpg",600,401,true],"woocommerce_gallery_thumbnail":["https:\/\/twojerowery.shop\/ro64\/wp-content\/uploads\/2026\/02\/allegro-image-14425-100x100.jpg",100,100,true]},"uagb_author_info":{"display_name":"admin","author_link":"https:\/\/twojerowery.shop\/ro64\/author\/"},"uagb_comment_info":0,"uagb_excerpt":"Rower trekkingowy m\u0119ski Romet Wagant 28 L(21&quot;) srebrno-czerwony \u2705&nbsp;ROMET&nbsp;jest jednym z przoduj\u0105cych przedsi\u0119biorstw rowerowych w Polsce i najwa\u017cniejszych na \u015bwiecie. Oferuje rowery bardzo dobrej jako\u015bci i pe\u0142en profesjonalizm.&nbsp;ROMET&nbsp;posiada r\u00f3\u017cne rodzaje rower\u00f3w, w kt\u00f3rych ka\u017cdy znajdzie co\u015b dla siebie. \u2705 SHIMANO&nbsp;jest najwi\u0119ksz\u0105 na \u015bwiecie firm\u0105 produkuj\u0105c\u0105 cz\u0119\u015bci rowerowe. To najbardziej znana i ceniona marka na rynku,&hellip;","_links":{"self":[{"href":"https:\/\/twojerowery.shop\/ro64\/wp-json\/wp\/v2\/product\/14425","targetHints":{"allow":["GET"]}}],"collection":[{"href":"https:\/\/twojerowery.shop\/ro64\/wp-json\/wp\/v2\/product"}],"about":[{"href":"https:\/\/twojerowery.shop\/ro64\/wp-json\/wp\/v2\/types\/product"}],"wp:featuredmedia":[{"embeddable":true,"href":"https:\/\/twojerowery.shop\/ro64\/wp-json\/wp\/v2\/media\/14426"}],"wp:attachment":[{"href":"https:\/\/twojerowery.shop\/ro64\/wp-json\/wp\/v2\/media?parent=14425"}],"wp:term":[{"taxonomy":"product_brand","embeddable":true,"href":"https:\/\/twojerowery.shop\/ro64\/wp-json\/wp\/v2\/product_brand?post=14425"},{"taxonomy":"product_cat","embeddable":true,"href":"https:\/\/twojerowery.shop\/ro64\/wp-json\/wp\/v2\/product_cat?post=14425"},{"taxonomy":"product_tag","embeddable":true,"href":"https:\/\/twojerowery.shop\/ro64\/wp-json\/wp\/v2\/product_tag?post=14425"}],"curies":[{"name":"wp","href":"https:\/\/api.w.org\/{rel}","templated":true}]}}