{"id":14427,"date":"2026-02-26T04:36:24","date_gmt":"2026-02-26T03:36:24","guid":{"rendered":"https:\/\/rowermax.shop\/ro64\/produkt\/rower-trekkingowy-goetze-picnic-rama-19-cali-kolo-28\/"},"modified":"2026-02-26T04:36:27","modified_gmt":"2026-02-26T03:36:27","slug":"rower-trekkingowy-goetze-picnic-rama-19-cali-kolo-28","status":"publish","type":"product","link":"https:\/\/twojerowery.shop\/ro64\/produkt\/rower-trekkingowy-goetze-picnic-rama-19-cali-kolo-28\/","title":{"rendered":"Rower trekkingowy Goetze Picnic rama 19 cali ko\u0142o 28 &quot;"},"content":{"rendered":"<div style=\"font-family: Arial, sans-serif; line-height: 1.6; color: #333; padding: 20px; clear: both; display: block; width: 100%; float: none; position: static; overflow: hidden;\">\n<div style=\"clear: both; display: block; margin: 10px 0;\">\n<div style=\"clear: both; display: block; margin: 10px 0;\">\n<div style=\"clear: both; display: block; margin: 10px 0;\">\n<h1>Rower trekkingowy Goetze Picnic 28<\/h1>\n<\/div>\n<\/div>\n<\/div>\n<div style=\"clear: both; display: block; margin: 10px 0;\">\n<div style=\"clear: both; display: block; margin: 10px 0;\">\n<div style=\"clear: both; display: block; margin: 10px 0;\">\n<div  style=\"max-width:2560px;max-height:2413px\">\n<div style=\"clear: both; display: block; margin: 10px 0;\">\n<div style=\"clear: both; width: 100%; display: block; margin: 20px 0; padding: 0; float: none; position: static; text-align: center;\"><img decoding=\"async\"  src=\"https:\/\/a.allegroimg.com\/original\/1175f4\/ab1d73a341aea90c24af3214b393\/Rower-trekkingowy-Goetze-Picnic-rama-19-cali-kolo-28\" srcset=\"https:\/\/a.allegroimg.com\/original\/1175f4\/ab1d73a341aea90c24af3214b393\/Rower-trekkingowy-Goetze-Picnic-rama-19-cali-kolo-28 360w,https:\/\/a.allegroimg.com\/original\/1175f4\/ab1d73a341aea90c24af3214b393\/Rower-trekkingowy-Goetze-Picnic-rama-19-cali-kolo-28 720w,https:\/\/a.allegroimg.com\/original\/1175f4\/ab1d73a341aea90c24af3214b393\/Rower-trekkingowy-Goetze-Picnic-rama-19-cali-kolo-28 1024w,https:\/\/a.allegroimg.com\/original\/1175f4\/ab1d73a341aea90c24af3214b393\/Rower-trekkingowy-Goetze-Picnic-rama-19-cali-kolo-28 1440w,https:\/\/a.allegroimg.com\/original\/1175f4\/ab1d73a341aea90c24af3214b393\/Rower-trekkingowy-Goetze-Picnic-rama-19-cali-kolo-28 2560w\" sizes=\"100vw\" width=\"2560px\" alt=\"Rower trekkingowy Goetze Picnic rama 19 cali ko\u0142o 28 &amp;quot;\" style=\"max-width: 100%; height: auto; display: block; margin: 0 auto;\"><\/div>\n<\/div>\n<\/div>\n<\/div>\n<\/div>\n<\/div>\n<div style=\"clear: both; display: block; margin: 10px 0;\">\n<div style=\"clear: both; display: block; margin: 10px 0;\">\n<div style=\"clear: both; display: block; margin: 10px 0;\">\n<p style=\"margin: 15px 0; line-height: 1.8; clear: both; display: block; width: 100%; float: none; position: static;\">Rower trekkingowy <b>Goetze Picnic<\/b> to po\u0142\u0105czenie komfortu i funkcjonalno\u015bci. \u0141\u0105czy wygodn\u0105 pozycj\u0119 za kierownic\u0105 z bogatym wyposa\u017ceniem, niezb\u0119dnym podczas d\u0142u\u017cszej wyprawy. Doskonale sprawdza si\u0119 na dalszych pozamiejskich trasach, jak i podczas miejskiej komunikacji.<\/p>\n<p style=\"margin: 15px 0; line-height: 1.8; clear: both; display: block; width: 100%; float: none; position: static;\">Rower oferuje wygodn\u0105, wyprostowan\u0105 pozycj\u0119 za kierownic\u0105, kt\u00f3r\u0105 mo\u017cemy dodatkowo dopasowa\u0107 przy pomocy regulowanego wspornika kierownicy. Dzi\u0119ki temu, podczas jazdy nie obci\u0105\u017camy kr\u0119gos\u0142upa i przedramion, a wysoka pozycja podczas jazdy, u\u0142atwia obserwacj\u0119 drogi. Komfort jazdy podnosi te\u017c szerokie i wygodne siod\u0142o z amortyzowan\u0105 sztyc\u0105 oraz amortyzator przedni. Funkcjonalno\u015b\u0107 zapewni\u0105 sprawdzone i trwa\u0142e komponenty oraz nap\u0119d Shimano.<\/p>\n<\/div>\n<\/div>\n<\/div>\n<div style=\"clear: both; display: block; margin: 10px 0;\">\n<div style=\"clear: both; display: block; margin: 10px 0;\">\n<div style=\"clear: both; display: block; margin: 10px 0;\">\n<h2>Cechy:<\/h2>\n<ul style=\"margin: 15px 0; padding-left: 20px; clear: both; display: block; width: 100%; float: none; position: static;\">\n<li style=\"margin: 5px 0; padding: 2px 0; clear: both; display: list-item; float: none; position: static;\"><b>lekka aluminiowa konstrukcja<\/b><\/li>\n<li style=\"margin: 5px 0; padding: 2px 0; clear: both; display: list-item; float: none; position: static;\"><b>przerzutka Shimano Altus<\/b> gwarantuj\u0105ce niezawodno\u015b\u0107 i precyzj\u0119 pracy<\/li>\n<li style=\"margin: 5px 0; padding: 2px 0; clear: both; display: list-item; float: none; position: static;\"><b>niezawodno\u015b\u0107 i bezpiecze\u0144stwo<\/b> (trwa\u0142e markowe komponenty w po\u0142\u0105czeniu z \u0142atwo\u015bci\u0105 obs\u0142ugi)<\/li>\n<li style=\"margin: 5px 0; padding: 2px 0; clear: both; display: list-item; float: none; position: static;\"><b>amortyzowana sztyca siod\u0142a i amortyzator przedni,<\/b> efektywnie t\u0142umi\u0105 nier\u00f3wno\u015bci nawierzchni znacznie poprawiaj\u0105c komfort<\/li>\n<li style=\"margin: 5px 0; padding: 2px 0; clear: both; display: list-item; float: none; position: static;\"><b>regulowany wspornik kierownicy&nbsp;<\/b>pozwalaj\u0105cy ustawi\u0107 kierownic\u0119 wed\u0142ug w\u0142asnych preferencji<\/li>\n<li style=\"margin: 5px 0; padding: 2px 0; clear: both; display: list-item; float: none; position: static;\"><b>ergonomiczna budowa<\/b> pozwala na pokonywanie kilometr\u00f3w w komfortower pozycji.<\/li>\n<li style=\"margin: 5px 0; padding: 2px 0; clear: both; display: list-item; float: none; position: static;\">pe\u0142na os\u0142ona \u0142a\u0144cucha<\/li>\n<\/ul>\n<\/div>\n<\/div>\n<\/div>\n<div style=\"clear: both; display: block; margin: 10px 0;\">\n<div style=\"clear: both; display: block; margin: 10px 0;\">\n<div style=\"clear: both; display: block; margin: 10px 0;\">\n<ul style=\"margin: 15px 0; padding-left: 20px; clear: both; display: block; width: 100%; float: none; position: static;\">\n<li style=\"margin: 5px 0; padding: 2px 0; clear: both; display: list-item; float: none; position: static;\"><b>Rama:<\/b><\/li>\n<li style=\"margin: 5px 0; padding: 2px 0; clear: both; display: list-item; float: none; position: static;\"><b>Materia\u0142 ramy:<\/b> aluminiowa 19&#8243;<\/li>\n<li style=\"margin: 5px 0; padding: 2px 0; clear: both; display: list-item; float: none; position: static;\"><b>Widelec:<\/b> Goetze amortyzowany<\/li>\n<li style=\"margin: 5px 0; padding: 2px 0; clear: both; display: list-item; float: none; position: static;\"><b>Ko\u0142a:<\/b><\/li>\n<li style=\"margin: 5px 0; padding: 2px 0; clear: both; display: list-item; float: none; position: static;\"><b>Piasta prz\u00f3d:<\/b> Aluminium SF-A201<\/li>\n<li style=\"margin: 5px 0; padding: 2px 0; clear: both; display: list-item; float: none; position: static;\"><b>Piasta ty\u0142:<\/b> Aluminium SF-A201<\/li>\n<li style=\"margin: 5px 0; padding: 2px 0; clear: both; display: list-item; float: none; position: static;\"><b>Opony:<\/b> 700x40C<\/li>\n<li style=\"margin: 5px 0; padding: 2px 0; clear: both; display: list-item; float: none; position: static;\"><b>Obr\u0119cze:<\/b> aluminium, podw\u00f3jna \u015bcianka<\/li>\n<li style=\"margin: 5px 0; padding: 2px 0; clear: both; display: list-item; float: none; position: static;\"><b>Nap\u0119d:<\/b><\/li>\n<li style=\"margin: 5px 0; padding: 2px 0; clear: both; display: list-item; float: none; position: static;\"><b>Przerzutka prz\u00f3d:<\/b> Shimano Tourney<\/li>\n<li style=\"margin: 5px 0; padding: 2px 0; clear: both; display: list-item; float: none; position: static;\"><b>Przerzutka ty\u0142:<\/b> Shimano Altus<\/li>\n<li style=\"margin: 5px 0; padding: 2px 0; clear: both; display: list-item; float: none; position: static;\"><b>Hamulce prz\u00f3d:<\/b> V-brake<\/li>\n<li style=\"margin: 5px 0; padding: 2px 0; clear: both; display: list-item; float: none; position: static;\"><b>Hamulce ty\u0142:<\/b> V-brake<\/li>\n<li style=\"margin: 5px 0; padding: 2px 0; clear: both; display: list-item; float: none; position: static;\"><b>D\u017awignie hamulca:<\/b> aluminiowe<\/li>\n<li style=\"margin: 5px 0; padding: 2px 0; clear: both; display: list-item; float: none; position: static;\"><b>Manetki:<\/b> Shimano STEF 3&#215;7<\/li>\n<li style=\"margin: 5px 0; padding: 2px 0; clear: both; display: list-item; float: none; position: static;\"><b>Korba:<\/b> ProWheel aluminiowa 48\/38\/28T<\/li>\n<li style=\"margin: 5px 0; padding: 2px 0; clear: both; display: list-item; float: none; position: static;\"><b>Suport:<\/b> Feimin<\/li>\n<li style=\"margin: 5px 0; padding: 2px 0; clear: both; display: list-item; float: none; position: static;\"><b>Kaseta \/ Wolnobieg:<\/b> Shimano MF-TZ21 14-28T<\/li>\n<li style=\"margin: 5px 0; padding: 2px 0; clear: both; display: list-item; float: none; position: static;\"><b>Komponenty:<\/b><\/li>\n<li style=\"margin: 5px 0; padding: 2px 0; clear: both; display: list-item; float: none; position: static;\"><b>Kierownica:<\/b> Goetze Sport<\/li>\n<li style=\"margin: 5px 0; padding: 2px 0; clear: both; display: list-item; float: none; position: static;\"><b>Wspornik kierownicy:<\/b> Goetze <b>regulowany<\/b><\/li>\n<li style=\"margin: 5px 0; padding: 2px 0; clear: both; display: list-item; float: none; position: static;\"><b>Sztyca <\/b>amortyzowana<\/li>\n<li style=\"margin: 5px 0; padding: 2px 0; clear: both; display: list-item; float: none; position: static;\"><b>Stery:<\/b> Feimin H815<\/li>\n<li style=\"margin: 5px 0; padding: 2px 0; clear: both; display: list-item; float: none; position: static;\"><b>Siod\u0142o:<\/b> Goetze TrekLine<\/li>\n<li style=\"margin: 5px 0; padding: 2px 0; clear: both; display: list-item; float: none; position: static;\"><b>kolor:<\/b> mi\u0119towy<\/li>\n<\/ul>\n<\/div>\n<\/div>\n<div style=\"clear: both; display: block; margin: 10px 0;\">\n<div style=\"clear: both; display: block; margin: 10px 0;\">\n<div  style=\"max-width:2491px;max-height:2560px\">\n<div style=\"clear: both; display: block; margin: 10px 0;\">\n<div style=\"clear: both; width: 100%; display: block; margin: 20px 0; padding: 0; float: none; position: static; text-align: center;\"><img decoding=\"async\"  src=\"https:\/\/a.allegroimg.com\/original\/1164e8\/714849c0421b9ba9d1fee1088ee5\/Rower-trekkingowy-Goetze-Picnic-rama-19-cali-kolo-28-Stopien-zlozenia-do-samodzielnego-zlozenia-do-regulacji\" srcset=\"https:\/\/a.allegroimg.com\/original\/1164e8\/714849c0421b9ba9d1fee1088ee5\/Rower-trekkingowy-Goetze-Picnic-rama-19-cali-kolo-28-Stopien-zlozenia-do-samodzielnego-zlozenia-do-regulacji 350w,https:\/\/a.allegroimg.com\/original\/1164e8\/714849c0421b9ba9d1fee1088ee5\/Rower-trekkingowy-Goetze-Picnic-rama-19-cali-kolo-28-Stopien-zlozenia-do-samodzielnego-zlozenia-do-regulacji 700w,https:\/\/a.allegroimg.com\/original\/1164e8\/714849c0421b9ba9d1fee1088ee5\/Rower-trekkingowy-Goetze-Picnic-rama-19-cali-kolo-28-Stopien-zlozenia-do-samodzielnego-zlozenia-do-regulacji 996w,https:\/\/a.allegroimg.com\/original\/1164e8\/714849c0421b9ba9d1fee1088ee5\/Rower-trekkingowy-Goetze-Picnic-rama-19-cali-kolo-28-Stopien-zlozenia-do-samodzielnego-zlozenia-do-regulacji 1401w,https:\/\/a.allegroimg.com\/original\/1164e8\/714849c0421b9ba9d1fee1088ee5\/Rower-trekkingowy-Goetze-Picnic-rama-19-cali-kolo-28-Stopien-zlozenia-do-samodzielnego-zlozenia-do-regulacji 2491w\" sizes=\"(min-width: 1200px) 560px, (min-width: 992px) 50vw, 100vw\" width=\"2491px\" alt=\"Rower trekkingowy Goetze Picnic rama 19 cali ko\u0142o 28 &amp;quot; Stopie\u0144 z\u0142o\u017cenia do samodzielnego z\u0142o\u017cenia, do regulacji\" style=\"max-width: 100%; height: auto; display: block; margin: 0 auto;\"><\/div>\n<\/div>\n<\/div>\n<\/div>\n<\/div>\n<\/div>\n<div style=\"clear: both; display: block; margin: 10px 0;\">\n<div style=\"clear: both; display: block; margin: 10px 0;\">\n<div style=\"clear: both; display: block; margin: 10px 0;\">\n<div  style=\"max-width:2560px;max-height:1792px\">\n<div style=\"clear: both; display: block; margin: 10px 0;\">\n<div style=\"clear: both; width: 100%; display: block; margin: 20px 0; padding: 0; float: none; position: static; text-align: center;\"><img decoding=\"async\"  src=\"https:\/\/a.allegroimg.com\/original\/110ad6\/39d400a94f35b9bfbadb5ab3e99f\/Rower-trekkingowy-Goetze-Picnic-rama-19-cali-kolo-28-Kod-producenta-5904172524683\" srcset=\"https:\/\/a.allegroimg.com\/original\/110ad6\/39d400a94f35b9bfbadb5ab3e99f\/Rower-trekkingowy-Goetze-Picnic-rama-19-cali-kolo-28-Kod-producenta-5904172524683 360w,https:\/\/a.allegroimg.com\/original\/110ad6\/39d400a94f35b9bfbadb5ab3e99f\/Rower-trekkingowy-Goetze-Picnic-rama-19-cali-kolo-28-Kod-producenta-5904172524683 720w,https:\/\/a.allegroimg.com\/original\/110ad6\/39d400a94f35b9bfbadb5ab3e99f\/Rower-trekkingowy-Goetze-Picnic-rama-19-cali-kolo-28-Kod-producenta-5904172524683 1024w,https:\/\/a.allegroimg.com\/original\/110ad6\/39d400a94f35b9bfbadb5ab3e99f\/Rower-trekkingowy-Goetze-Picnic-rama-19-cali-kolo-28-Kod-producenta-5904172524683 1440w,https:\/\/a.allegroimg.com\/original\/110ad6\/39d400a94f35b9bfbadb5ab3e99f\/Rower-trekkingowy-Goetze-Picnic-rama-19-cali-kolo-28-Kod-producenta-5904172524683 2560w\" sizes=\"100vw\" width=\"2560px\" alt=\"Rower trekkingowy Goetze Picnic rama 19 cali ko\u0142o 28 &amp;quot; Kod producenta 5904172524683\" style=\"max-width: 100%; height: auto; display: block; margin: 0 auto;\"><\/div>\n<\/div>\n<\/div>\n<\/div>\n<\/div>\n<\/div>\n<\/div>\n<\/div>\n<\/div>\n<div style=\"clear: both; display: block; margin: 10px 0;\">\n","protected":false},"excerpt":{"rendered":"<p>Rower trekkingowy Goetze Picnic 28<\/p>\n<p>Rower trekkingowy Goetze Picnic to po\u0142\u0105czenie komfortu i funkcjonalno\u015bci. \u0141\u0105czy wygodn\u0105 pozycj\u0119 za kierownic\u0105 z bogatym wyposa\u017ceniem, niezb\u0119dnym podczas d\u0142u\u017cszej wyprawy. Doskonale sprawdza si\u0119 na dalszych pozamiejskich trasach, jak i podczas miejskiej komunikacji.<\/p>\n","protected":false},"featured_media":14428,"template":"","meta":{"_uag_custom_page_level_css":""},"product_brand":[708],"product_cat":[688,687,724],"product_tag":[],"class_list":{"0":"post-14427","1":"product","2":"type-product","3":"status-publish","4":"has-post-thumbnail","6":"product_brand-goetze","7":"product_cat-rowery","8":"product_cat-rowery-i-akcesoria","9":"product_cat-trekkingowe","11":"first","12":"instock","13":"sale","14":"shipping-taxable","15":"purchasable","16":"product-type-simple"},"uagb_featured_image_src":{"full":["https:\/\/twojerowery.shop\/ro64\/wp-content\/uploads\/2026\/02\/allegro-image-14427.jpg",2560,2413,false],"thumbnail":["https:\/\/twojerowery.shop\/ro64\/wp-content\/uploads\/2026\/02\/allegro-image-14427-150x150.jpg",150,150,true],"medium":["https:\/\/twojerowery.shop\/ro64\/wp-content\/uploads\/2026\/02\/allegro-image-14427-300x283.jpg",300,283,true],"medium_large":["https:\/\/twojerowery.shop\/ro64\/wp-content\/uploads\/2026\/02\/allegro-image-14427-768x724.jpg",768,724,true],"large":["https:\/\/twojerowery.shop\/ro64\/wp-content\/uploads\/2026\/02\/allegro-image-14427-1024x965.jpg",1024,965,true],"1536x1536":["https:\/\/twojerowery.shop\/ro64\/wp-content\/uploads\/2026\/02\/allegro-image-14427-1536x1448.jpg",1536,1448,true],"2048x2048":["https:\/\/twojerowery.shop\/ro64\/wp-content\/uploads\/2026\/02\/allegro-image-14427-2048x1930.jpg",2048,1930,true],"woocommerce_thumbnail":["https:\/\/twojerowery.shop\/ro64\/wp-content\/uploads\/2026\/02\/allegro-image-14427-300x300.jpg",300,300,true],"woocommerce_single":["https:\/\/twojerowery.shop\/ro64\/wp-content\/uploads\/2026\/02\/allegro-image-14427-600x566.jpg",600,566,true],"woocommerce_gallery_thumbnail":["https:\/\/twojerowery.shop\/ro64\/wp-content\/uploads\/2026\/02\/allegro-image-14427-100x100.jpg",100,100,true]},"uagb_author_info":{"display_name":"admin","author_link":"https:\/\/twojerowery.shop\/ro64\/author\/"},"uagb_comment_info":0,"uagb_excerpt":"Rower trekkingowy Goetze Picnic 28 Rower trekkingowy Goetze Picnic to po\u0142\u0105czenie komfortu i funkcjonalno\u015bci. \u0141\u0105czy wygodn\u0105 pozycj\u0119 za kierownic\u0105 z bogatym wyposa\u017ceniem, niezb\u0119dnym podczas d\u0142u\u017cszej wyprawy. Doskonale sprawdza si\u0119 na dalszych pozamiejskich trasach, jak i podczas miejskiej komunikacji.","_links":{"self":[{"href":"https:\/\/twojerowery.shop\/ro64\/wp-json\/wp\/v2\/product\/14427","targetHints":{"allow":["GET"]}}],"collection":[{"href":"https:\/\/twojerowery.shop\/ro64\/wp-json\/wp\/v2\/product"}],"about":[{"href":"https:\/\/twojerowery.shop\/ro64\/wp-json\/wp\/v2\/types\/product"}],"wp:featuredmedia":[{"embeddable":true,"href":"https:\/\/twojerowery.shop\/ro64\/wp-json\/wp\/v2\/media\/14428"}],"wp:attachment":[{"href":"https:\/\/twojerowery.shop\/ro64\/wp-json\/wp\/v2\/media?parent=14427"}],"wp:term":[{"taxonomy":"product_brand","embeddable":true,"href":"https:\/\/twojerowery.shop\/ro64\/wp-json\/wp\/v2\/product_brand?post=14427"},{"taxonomy":"product_cat","embeddable":true,"href":"https:\/\/twojerowery.shop\/ro64\/wp-json\/wp\/v2\/product_cat?post=14427"},{"taxonomy":"product_tag","embeddable":true,"href":"https:\/\/twojerowery.shop\/ro64\/wp-json\/wp\/v2\/product_tag?post=14427"}],"curies":[{"name":"wp","href":"https:\/\/api.w.org\/{rel}","templated":true}]}}