{"id":14429,"date":"2026-02-26T04:36:27","date_gmt":"2026-02-26T03:36:27","guid":{"rendered":"https:\/\/rowermax.shop\/ro64\/produkt\/rower-trekkingowy-kross-trans-3-0-d-28-m\/"},"modified":"2026-02-26T04:36:29","modified_gmt":"2026-02-26T03:36:29","slug":"rower-trekkingowy-kross-trans-3-0-d-28-m","status":"publish","type":"product","link":"https:\/\/twojerowery.shop\/ro64\/produkt\/rower-trekkingowy-kross-trans-3-0-d-28-m\/","title":{"rendered":"Rower trekkingowy Kross Trans 3.0 D 28 M"},"content":{"rendered":"<div style=\"font-family: Arial, sans-serif; line-height: 1.6; color: #333; padding: 20px; clear: both; display: block; width: 100%; float: none; position: static; overflow: hidden;\">\n<div style=\"clear: both; display: block; margin: 10px 0;\">\n<div style=\"clear: both; display: block; margin: 10px 0;\">\n<div style=\"clear: both; display: block; margin: 10px 0;\">\n<h1>Rower trekkingowy Kross Trans 3.0 D 28 M<\/h1>\n<h2>Ka\u017cdy rower przed wysy\u0142k\u0105 wyjmujemy z oryginalnego kartonu, skr\u0119camy, regulujemy, wykonujemy przegl\u0105d zerowy oraz dodatkowo zabezpieczamy.<\/h2>\n<\/div>\n<\/div>\n<\/div>\n<div style=\"clear: both; display: block; margin: 10px 0;\">\n<div style=\"clear: both; display: block; margin: 10px 0;\">\n<div style=\"clear: both; display: block; margin: 10px 0;\">\n<ul style=\"margin: 15px 0; padding-left: 20px; clear: both; display: block; width: 100%; float: none; position: static;\">\n<li style=\"margin: 5px 0; padding: 2px 0; clear: both; display: list-item; float: none; position: static;\">Rama: Aluminium Lite<\/li>\n<li style=\"margin: 5px 0; padding: 2px 0; clear: both; display: list-item; float: none; position: static;\">Amortyzator \/ Widelec: SR Suntour NEX<\/li>\n<li style=\"margin: 5px 0; padding: 2px 0; clear: both; display: list-item; float: none; position: static;\">Skok amortyzatora: 63 mm<\/li>\n<li style=\"margin: 5px 0; padding: 2px 0; clear: both; display: list-item; float: none; position: static;\">Ilo\u015b\u0107 bieg\u00f3w: 24<\/li>\n<li style=\"margin: 5px 0; padding: 2px 0; clear: both; display: list-item; float: none; position: static;\">Przerzutka prz\u00f3d: Shimano Tourney TY601<\/li>\n<li style=\"margin: 5px 0; padding: 2px 0; clear: both; display: list-item; float: none; position: static;\">Przerzutka ty\u0142: Shimano Acera M3020<\/li>\n<li style=\"margin: 5px 0; padding: 2px 0; clear: both; display: list-item; float: none; position: static;\">Manetki: Shimano Acera ST-EF500<\/li>\n<li style=\"margin: 5px 0; padding: 2px 0; clear: both; display: list-item; float: none; position: static;\">Korby: Prowheel<\/li>\n<li style=\"margin: 5px 0; padding: 2px 0; clear: both; display: list-item; float: none; position: static;\">Z\u0119batki korby: 28-38-48T \/ 170 mm<\/li>\n<li style=\"margin: 5px 0; padding: 2px 0; clear: both; display: list-item; float: none; position: static;\">Wk\u0142ad suportu: FP-B902<\/li>\n<li style=\"margin: 5px 0; padding: 2px 0; clear: both; display: list-item; float: none; position: static;\">Kaseta \/ wolnobieg: Shimano HG31<\/li>\n<li style=\"margin: 5px 0; padding: 2px 0; clear: both; display: list-item; float: none; position: static;\">Zakres kasety \/ wolnobiegu: 11-32T<\/li>\n<li style=\"margin: 5px 0; padding: 2px 0; clear: both; display: list-item; float: none; position: static;\">\u0141a\u0144cuch: KMC P701<\/li>\n<li style=\"margin: 5px 0; padding: 2px 0; clear: both; display: list-item; float: none; position: static;\">D\u017awignie hamulca: Shimano Acera ST-EF500<\/li>\n<li style=\"margin: 5px 0; padding: 2px 0; clear: both; display: list-item; float: none; position: static;\">Hamulec prz\u00f3d: Tarczo\u200bwy mechaniczny<\/li>\n<li style=\"margin: 5px 0; padding: 2px 0; clear: both; display: list-item; float: none; position: static;\">Hamulec ty\u0142: Tarczo\u200bwy mechaniczny<\/li>\n<li style=\"margin: 5px 0; padding: 2px 0; clear: both; display: list-item; float: none; position: static;\">Tarcza hamulcowa prz\u00f3d: 160<\/li>\n<li style=\"margin: 5px 0; padding: 2px 0; clear: both; display: list-item; float: none; position: static;\">Tarcza hamulcowa ty\u0142: 160<\/li>\n<li style=\"margin: 5px 0; padding: 2px 0; clear: both; display: list-item; float: none; position: static;\">Opony: Wanda P1134 28&#215;1,65<\/li>\n<li style=\"margin: 5px 0; padding: 2px 0; clear: both; display: list-item; float: none; position: static;\">Piasta prz\u00f3d: Aluminium<\/li>\n<li style=\"margin: 5px 0; padding: 2px 0; clear: both; display: list-item; float: none; position: static;\">Piasta ty\u0142: Aluminium<\/li>\n<li style=\"margin: 5px 0; padding: 2px 0; clear: both; display: list-item; float: none; position: static;\">Obr\u0119cze: Aluminium<\/li>\n<li style=\"margin: 5px 0; padding: 2px 0; clear: both; display: list-item; float: none; position: static;\">Kierownica: Aluminium 660 \/ 31,8<\/li>\n<li style=\"margin: 5px 0; padding: 2px 0; clear: both; display: list-item; float: none; position: static;\">Wspornik kierownicy: Aluminium 90 mm \/ 31,8 \/ -60\u00b0<\/li>\n<li style=\"margin: 5px 0; padding: 2px 0; clear: both; display: list-item; float: none; position: static;\">Chwyty: Kross<\/li>\n<li style=\"margin: 5px 0; padding: 2px 0; clear: both; display: list-item; float: none; position: static;\">Stery: 1-1\/8&#8243;<\/li>\n<li style=\"margin: 5px 0; padding: 2px 0; clear: both; display: list-item; float: none; position: static;\">Siod\u0142o: Kross<\/li>\n<li style=\"margin: 5px 0; padding: 2px 0; clear: both; display: list-item; float: none; position: static;\">Wspornik siod\u0142a: Aluminium 31,6 x 350 mm<\/li>\n<li style=\"margin: 5px 0; padding: 2px 0; clear: both; display: list-item; float: none; position: static;\">Peda\u0142y: Tworzywo<\/li>\n<li style=\"margin: 5px 0; padding: 2px 0; clear: both; display: list-item; float: none; position: static;\">Hak przerzutki: HAKP000026<\/li>\n<li style=\"margin: 5px 0; padding: 2px 0; clear: both; display: list-item; float: none; position: static;\">B\u0142otniki: Tubus Plastic 28&#8243;<\/li>\n<li style=\"margin: 5px 0; padding: 2px 0; clear: both; display: list-item; float: none; position: static;\">Baga\u017cnik: Standwell 25 kg<\/li>\n<li style=\"margin: 5px 0; padding: 2px 0; clear: both; display: list-item; float: none; position: static;\">Podp\u00f3rka: Ursus Basic<\/li>\n<li style=\"margin: 5px 0; padding: 2px 0; clear: both; display: list-item; float: none; position: static;\">O\u015bwietlenie prz\u00f3d: Herrmans H-Ike Battery<\/li>\n<li style=\"margin: 5px 0; padding: 2px 0; clear: both; display: list-item; float: none; position: static;\">O\u015bwietlenie ty\u0142: Axa Juno Battery<\/li>\n<\/ul>\n<\/div>\n<\/div>\n<div style=\"clear: both; display: block; margin: 10px 0;\">\n<div style=\"clear: both; display: block; margin: 10px 0;\">\n<div  style=\"max-width:1600px;max-height:1600px\">\n<div style=\"clear: both; display: block; margin: 10px 0;\">\n<div style=\"clear: both; width: 100%; display: block; margin: 20px 0; padding: 0; float: none; position: static; text-align: center;\"><img decoding=\"async\"  src=\"https:\/\/a.allegroimg.com\/original\/110af6\/427edc3b43a58f18fd3474d74add\/Rower-trekkingowy-Kross-Trans-3-0-D-28-M\" srcset=\"https:\/\/a.allegroimg.com\/original\/110af6\/427edc3b43a58f18fd3474d74add\/Rower-trekkingowy-Kross-Trans-3-0-D-28-M 360w,https:\/\/a.allegroimg.com\/original\/110af6\/427edc3b43a58f18fd3474d74add\/Rower-trekkingowy-Kross-Trans-3-0-D-28-M 720w,https:\/\/a.allegroimg.com\/original\/110af6\/427edc3b43a58f18fd3474d74add\/Rower-trekkingowy-Kross-Trans-3-0-D-28-M 1024w,https:\/\/a.allegroimg.com\/original\/110af6\/427edc3b43a58f18fd3474d74add\/Rower-trekkingowy-Kross-Trans-3-0-D-28-M 1440w,https:\/\/a.allegroimg.com\/original\/110af6\/427edc3b43a58f18fd3474d74add\/Rower-trekkingowy-Kross-Trans-3-0-D-28-M 1600w\" sizes=\"(min-width: 1200px) 560px, (min-width: 992px) 50vw, 100vw\" width=\"1600px\" alt=\"Rower trekkingowy Kross Trans 3.0 D 28 M\" style=\"max-width: 100%; height: auto; display: block; margin: 0 auto;\"><\/div>\n<\/div>\n<\/div>\n<\/div>\n<\/div>\n<\/div>\n<div style=\"clear: both; display: block; margin: 10px 0;\">\n<div style=\"clear: both; display: block; margin: 10px 0;\">\n<div style=\"clear: both; display: block; margin: 10px 0;\">\n<div  style=\"max-width:1600px;max-height:1600px\">\n<div style=\"clear: both; display: block; margin: 10px 0;\">\n<div style=\"clear: both; width: 100%; display: block; margin: 20px 0; padding: 0; float: none; position: static; text-align: center;\"><img decoding=\"async\"  src=\"https:\/\/a.allegroimg.com\/original\/11e28f\/1b0153a048fd931576cc69e1761e\/Rower-trekkingowy-Kross-Trans-3-0-D-28-M-Stopien-zlozenia-wstepnie-zlozony-wyregulowany\" srcset=\"https:\/\/a.allegroimg.com\/original\/11e28f\/1b0153a048fd931576cc69e1761e\/Rower-trekkingowy-Kross-Trans-3-0-D-28-M-Stopien-zlozenia-wstepnie-zlozony-wyregulowany 360w,https:\/\/a.allegroimg.com\/original\/11e28f\/1b0153a048fd931576cc69e1761e\/Rower-trekkingowy-Kross-Trans-3-0-D-28-M-Stopien-zlozenia-wstepnie-zlozony-wyregulowany 720w,https:\/\/a.allegroimg.com\/original\/11e28f\/1b0153a048fd931576cc69e1761e\/Rower-trekkingowy-Kross-Trans-3-0-D-28-M-Stopien-zlozenia-wstepnie-zlozony-wyregulowany 1024w,https:\/\/a.allegroimg.com\/original\/11e28f\/1b0153a048fd931576cc69e1761e\/Rower-trekkingowy-Kross-Trans-3-0-D-28-M-Stopien-zlozenia-wstepnie-zlozony-wyregulowany 1440w,https:\/\/a.allegroimg.com\/original\/11e28f\/1b0153a048fd931576cc69e1761e\/Rower-trekkingowy-Kross-Trans-3-0-D-28-M-Stopien-zlozenia-wstepnie-zlozony-wyregulowany 1600w\" sizes=\"(min-width: 1200px) 560px, (min-width: 992px) 50vw, 100vw\" width=\"1600px\" alt=\"Rower trekkingowy Kross Trans 3.0 D 28 M Stopie\u0144 z\u0142o\u017cenia wst\u0119pnie z\u0142o\u017cony, wyregulowany\" style=\"max-width: 100%; height: auto; display: block; margin: 0 auto;\"><\/div>\n<\/div>\n<\/div>\n<\/div>\n<\/div>\n<div style=\"clear: both; display: block; margin: 10px 0;\">\n<div style=\"clear: both; display: block; margin: 10px 0;\">\n<div  style=\"max-width:1600px;max-height:1600px\">\n<div style=\"clear: both; display: block; margin: 10px 0;\">\n<div style=\"clear: both; width: 100%; display: block; margin: 20px 0; padding: 0; float: none; position: static; text-align: center;\"><img decoding=\"async\"  src=\"https:\/\/a.allegroimg.com\/original\/116be1\/271765d446aba487ff0c2643415d\/Rower-trekkingowy-Kross-Trans-3-0-D-28-M-Rozmiar-ramy-17-cali\" srcset=\"https:\/\/a.allegroimg.com\/original\/116be1\/271765d446aba487ff0c2643415d\/Rower-trekkingowy-Kross-Trans-3-0-D-28-M-Rozmiar-ramy-17-cali 360w,https:\/\/a.allegroimg.com\/original\/116be1\/271765d446aba487ff0c2643415d\/Rower-trekkingowy-Kross-Trans-3-0-D-28-M-Rozmiar-ramy-17-cali 720w,https:\/\/a.allegroimg.com\/original\/116be1\/271765d446aba487ff0c2643415d\/Rower-trekkingowy-Kross-Trans-3-0-D-28-M-Rozmiar-ramy-17-cali 1024w,https:\/\/a.allegroimg.com\/original\/116be1\/271765d446aba487ff0c2643415d\/Rower-trekkingowy-Kross-Trans-3-0-D-28-M-Rozmiar-ramy-17-cali 1440w,https:\/\/a.allegroimg.com\/original\/116be1\/271765d446aba487ff0c2643415d\/Rower-trekkingowy-Kross-Trans-3-0-D-28-M-Rozmiar-ramy-17-cali 1600w\" sizes=\"(min-width: 1200px) 560px, (min-width: 992px) 50vw, 100vw\" width=\"1600px\" alt=\"Rower trekkingowy Kross Trans 3.0 D 28 M Rozmiar ramy 17 cali\" style=\"max-width: 100%; height: auto; display: block; margin: 0 auto;\"><\/div>\n<\/div>\n<\/div>\n<\/div>\n<\/div>\n<\/div>\n<\/div>\n<\/div>\n<\/div>\n<div style=\"clear: both; display: block; margin: 10px 0;\">\n","protected":false},"excerpt":{"rendered":"<p>Rower trekkingowy Kross Trans 3.0 D 28 M<\/p>\n<p>Ka\u017cdy rower przed wysy\u0142k\u0105 wyjmujemy z oryginalnego kartonu, skr\u0119camy, regulujemy, wykonujemy przegl\u0105d zerowy oraz dodatkowo zabezpieczamy.<\/p>\n<p>Rama: Aluminium Lite<\/p>\n<p>Amortyzator \/ Widelec: SR Suntour NEX<\/p>\n<p>Skok amortyzatora: 63 mm<\/p>\n<p>Ilo\u015b\u0107 bieg\u00f3w: 24<\/p>\n<p>Przerzutka prz\u00f3d: Shimano Tourney TY601<\/p>\n<p>Przerzutka ty\u0142: Shimano Acera M3020<\/p>\n","protected":false},"featured_media":14430,"template":"","meta":{"_uag_custom_page_level_css":""},"product_brand":[692],"product_cat":[688,687,724],"product_tag":[],"class_list":{"0":"post-14429","1":"product","2":"type-product","3":"status-publish","4":"has-post-thumbnail","6":"product_brand-kross","7":"product_cat-rowery","8":"product_cat-rowery-i-akcesoria","9":"product_cat-trekkingowe","11":"first","12":"instock","13":"sale","14":"shipping-taxable","15":"purchasable","16":"product-type-simple"},"uagb_featured_image_src":{"full":["https:\/\/twojerowery.shop\/ro64\/wp-content\/uploads\/2026\/02\/allegro-image-14429.jpg",1600,1600,false],"thumbnail":["https:\/\/twojerowery.shop\/ro64\/wp-content\/uploads\/2026\/02\/allegro-image-14429-150x150.jpg",150,150,true],"medium":["https:\/\/twojerowery.shop\/ro64\/wp-content\/uploads\/2026\/02\/allegro-image-14429-300x300.jpg",300,300,true],"medium_large":["https:\/\/twojerowery.shop\/ro64\/wp-content\/uploads\/2026\/02\/allegro-image-14429-768x768.jpg",768,768,true],"large":["https:\/\/twojerowery.shop\/ro64\/wp-content\/uploads\/2026\/02\/allegro-image-14429-1024x1024.jpg",1024,1024,true],"1536x1536":["https:\/\/twojerowery.shop\/ro64\/wp-content\/uploads\/2026\/02\/allegro-image-14429-1536x1536.jpg",1536,1536,true],"2048x2048":["https:\/\/twojerowery.shop\/ro64\/wp-content\/uploads\/2026\/02\/allegro-image-14429.jpg",1600,1600,false],"woocommerce_thumbnail":["https:\/\/twojerowery.shop\/ro64\/wp-content\/uploads\/2026\/02\/allegro-image-14429-300x300.jpg",300,300,true],"woocommerce_single":["https:\/\/twojerowery.shop\/ro64\/wp-content\/uploads\/2026\/02\/allegro-image-14429-600x600.jpg",600,600,true],"woocommerce_gallery_thumbnail":["https:\/\/twojerowery.shop\/ro64\/wp-content\/uploads\/2026\/02\/allegro-image-14429-100x100.jpg",100,100,true]},"uagb_author_info":{"display_name":"admin","author_link":"https:\/\/twojerowery.shop\/ro64\/author\/"},"uagb_comment_info":0,"uagb_excerpt":"Rower trekkingowy Kross Trans 3.0 D 28 M Ka\u017cdy rower przed wysy\u0142k\u0105 wyjmujemy z oryginalnego kartonu, skr\u0119camy, regulujemy, wykonujemy przegl\u0105d zerowy oraz dodatkowo zabezpieczamy. Rama: Aluminium Lite Amortyzator \/ Widelec: SR Suntour NEX Skok amortyzatora: 63 mm Ilo\u015b\u0107 bieg\u00f3w: 24 Przerzutka prz\u00f3d: Shimano Tourney TY601 Przerzutka ty\u0142: Shimano Acera M3020","_links":{"self":[{"href":"https:\/\/twojerowery.shop\/ro64\/wp-json\/wp\/v2\/product\/14429","targetHints":{"allow":["GET"]}}],"collection":[{"href":"https:\/\/twojerowery.shop\/ro64\/wp-json\/wp\/v2\/product"}],"about":[{"href":"https:\/\/twojerowery.shop\/ro64\/wp-json\/wp\/v2\/types\/product"}],"wp:featuredmedia":[{"embeddable":true,"href":"https:\/\/twojerowery.shop\/ro64\/wp-json\/wp\/v2\/media\/14430"}],"wp:attachment":[{"href":"https:\/\/twojerowery.shop\/ro64\/wp-json\/wp\/v2\/media?parent=14429"}],"wp:term":[{"taxonomy":"product_brand","embeddable":true,"href":"https:\/\/twojerowery.shop\/ro64\/wp-json\/wp\/v2\/product_brand?post=14429"},{"taxonomy":"product_cat","embeddable":true,"href":"https:\/\/twojerowery.shop\/ro64\/wp-json\/wp\/v2\/product_cat?post=14429"},{"taxonomy":"product_tag","embeddable":true,"href":"https:\/\/twojerowery.shop\/ro64\/wp-json\/wp\/v2\/product_tag?post=14429"}],"curies":[{"name":"wp","href":"https:\/\/api.w.org\/{rel}","templated":true}]}}