{"id":14431,"date":"2026-02-26T04:36:29","date_gmt":"2026-02-26T03:36:29","guid":{"rendered":"https:\/\/rowermax.shop\/ro64\/produkt\/rower-trekkingowy-romet-wagant-1-rozmiar-m-19-kola-28-cali-2024\/"},"modified":"2026-02-26T04:36:31","modified_gmt":"2026-02-26T03:36:31","slug":"rower-trekkingowy-romet-wagant-1-rozmiar-m-19-kola-28-cali-2024","status":"publish","type":"product","link":"https:\/\/twojerowery.shop\/ro64\/produkt\/rower-trekkingowy-romet-wagant-1-rozmiar-m-19-kola-28-cali-2024\/","title":{"rendered":"ROWER TREKKINGOWY ROMET WAGANT 1 ROZMIAR M 19 KO\u0141A 28 CALI 2024"},"content":{"rendered":"<div style=\"font-family: Arial, sans-serif; line-height: 1.6; color: #333; padding: 20px; clear: both; display: block; width: 100%; float: none; position: static; overflow: hidden;\">\n<div style=\"clear: both; display: block; margin: 10px 0;\">\n<div style=\"clear: both; display: block; margin: 10px 0;\">\n<div style=\"clear: both; display: block; margin: 10px 0;\">\n<div  style=\"max-width:2000px;max-height:1286px\">\n<div style=\"clear: both; display: block; margin: 10px 0;\">\n<div style=\"clear: both; width: 100%; display: block; margin: 20px 0; padding: 0; float: none; position: static; text-align: center;\"><img decoding=\"async\"  src=\"https:\/\/a.allegroimg.com\/original\/11d268\/6c425bbd4530abf43cb24ea080a4\/ROWER-TREKKINGOWY-ROMET-WAGANT-1-ROZMIAR-M-19-KOLA-28-CALI-2024\" srcset=\"https:\/\/a.allegroimg.com\/original\/11d268\/6c425bbd4530abf43cb24ea080a4\/ROWER-TREKKINGOWY-ROMET-WAGANT-1-ROZMIAR-M-19-KOLA-28-CALI-2024 360w,https:\/\/a.allegroimg.com\/original\/11d268\/6c425bbd4530abf43cb24ea080a4\/ROWER-TREKKINGOWY-ROMET-WAGANT-1-ROZMIAR-M-19-KOLA-28-CALI-2024 720w,https:\/\/a.allegroimg.com\/original\/11d268\/6c425bbd4530abf43cb24ea080a4\/ROWER-TREKKINGOWY-ROMET-WAGANT-1-ROZMIAR-M-19-KOLA-28-CALI-2024 1024w,https:\/\/a.allegroimg.com\/original\/11d268\/6c425bbd4530abf43cb24ea080a4\/ROWER-TREKKINGOWY-ROMET-WAGANT-1-ROZMIAR-M-19-KOLA-28-CALI-2024 1440w,https:\/\/a.allegroimg.com\/original\/11d268\/6c425bbd4530abf43cb24ea080a4\/ROWER-TREKKINGOWY-ROMET-WAGANT-1-ROZMIAR-M-19-KOLA-28-CALI-2024 2000w\" sizes=\"(min-width: 1200px) 560px, (min-width: 992px) 50vw, 100vw\" width=\"2000px\" alt=\"ROWER TREKKINGOWY ROMET WAGANT 1 ROZMIAR M 19 KO\u0141A 28 CALI 2024\" style=\"max-width: 100%; height: auto; display: block; margin: 0 auto;\"><\/div>\n<\/div>\n<\/div>\n<\/div>\n<\/div>\n<div style=\"clear: both; display: block; margin: 10px 0;\">\n<div style=\"clear: both; display: block; margin: 10px 0;\">\n<h1>ROWER TURYSTYCZNY M\u0118SKI ROMET WAGANT 1 2024<\/h1>\n<h1>Rozmiar M 19&#8243; cali (wzrost 168-179 cm)<\/h1>\n<p style=\"margin: 15px 0; line-height: 1.8; clear: both; display: block; width: 100%; float: none; position: static;\">Cena katalogowa : 1699 z\u0142<\/p>\n<p style=\"margin: 15px 0; line-height: 1.8; clear: both; display: block; width: 100%; float: none; position: static;\">Uniwersalno\u015b\u0107 tego modelu sprawia, \u017ce jest on w stanie pom\u00f3c Ci w spe\u0142nianiu marze\u0144 o dalekich rowerowych podr\u00f3\u017cach, ale by\u0107 r\u00f3wnie\u017c kompanem w codziennym, miejskim przemieszczaniu si\u0119.<\/p>\n<p style=\"margin: 15px 0; line-height: 1.8; clear: both; display: block; width: 100%; float: none; position: static;\">Wagant zbudowany zosta\u0142 w oparciu o nowoczesn\u0105 aluminiow\u0105 ram\u0119. Jest lekka i odporna na uszkodzenia. Dla estetyki oraz wyd\u0142u\u017cenia \u017cywotno\u015bci przewod\u00f3w postawili\u015bmy na wewn\u0119trzne prowadzenie linek.<\/p>\n<p style=\"margin: 15px 0; line-height: 1.8; clear: both; display: block; width: 100%; float: none; position: static;\">To kompletny m\u0119ski rower trekkingowy, kt\u00f3remu niczego nie brakuje. Posiada on p\u0142ynnie pracuj\u0105cy amortyzator przedni, kt\u00f3ry sprawdzi si\u0119 zw\u0142aszcza tam gdzie ko\u0144czy si\u0119 g\u0142adki asfalt. Model wyposa\u017cono w sprawdzony nap\u0119d Shimano, kt\u00f3ry dysponuje a\u017c 21 prze\u0142o\u017ceniami dzia\u0142aj\u0105cymi w spos\u00f3b szybki i p\u0142ynny. W Wagancie postawili\u015bmy na solidne hamulce typu V-break w pe\u0142ni wystarczaj\u0105ce do roweru o tym przeznaczeniu. Rower toczy si\u0119 p\u0142ynnie na 28 calowych ko\u0142ach, a wygodne siode\u0142ko pozwala na wygodn\u0105 i rekreacyjn\u0105 jazd\u0119. W Gazeli nie zapomniano o bogatym wyposa\u017ceniu seryjnym takim jak cho\u0107by: baga\u017cnik tylny, komplet b\u0142otnik\u00f3w czy o\u015bwietlenia. Romet Wagant 1 dost\u0119pny jest dw\u00f3ch opcjach kolorystycznych i trzech rozmiarach ramy.<\/p>\n<\/div>\n<\/div>\n<\/div>\n<div style=\"clear: both; display: block; margin: 10px 0;\">\n<div style=\"clear: both; display: block; margin: 10px 0;\">\n<div style=\"clear: both; display: block; margin: 10px 0;\">\n<h2>Specyfikacja<\/h2>\n<ul style=\"margin: 15px 0; padding-left: 20px; clear: both; display: block; width: 100%; float: none; position: static;\">\n<li style=\"margin: 5px 0; padding: 2px 0; clear: both; display: list-item; float: none; position: static;\">Hamulec prz\u00f3d V-brake<\/li>\n<li style=\"margin: 5px 0; padding: 2px 0; clear: both; display: list-item; float: none; position: static;\">Hamulec ty\u0142 V-brake<\/li>\n<li style=\"margin: 5px 0; padding: 2px 0; clear: both; display: list-item; float: none; position: static;\">Kaseta\/wolnobieg Shimano MF-TZ500 14-28T, 7 bieg\u00f3w<\/li>\n<li style=\"margin: 5px 0; padding: 2px 0; clear: both; display: list-item; float: none; position: static;\">Kierownica Stalowa 610mm<\/li>\n<li style=\"margin: 5px 0; padding: 2px 0; clear: both; display: list-item; float: none; position: static;\">Kolor czarno-czerwony<\/li>\n<li style=\"margin: 5px 0; padding: 2px 0; clear: both; display: list-item; float: none; position: static;\">Lampa prz\u00f3d Bateryjna<\/li>\n<li style=\"margin: 5px 0; padding: 2px 0; clear: both; display: list-item; float: none; position: static;\">Lampa ty\u0142 Bateryjna<\/li>\n<li style=\"margin: 5px 0; padding: 2px 0; clear: both; display: list-item; float: none; position: static;\">Manetki prz\u00f3d Shimano ST-EF500 3 biegi<\/li>\n<li style=\"margin: 5px 0; padding: 2px 0; clear: both; display: list-item; float: none; position: static;\">Manetki ty\u0142 Shimano ST-EF500 7 bieg\u00f3w<\/li>\n<li style=\"margin: 5px 0; padding: 2px 0; clear: both; display: list-item; float: none; position: static;\">Marka Romet<\/li>\n<li style=\"margin: 5px 0; padding: 2px 0; clear: both; display: list-item; float: none; position: static;\">Materia\u0142 ramy Aluminiowa<\/li>\n<li style=\"margin: 5px 0; padding: 2px 0; clear: both; display: list-item; float: none; position: static;\">Mechanizm korbowy Shimano FC-TY301 48\/38\/28T 170mm<\/li>\n<li style=\"margin: 5px 0; padding: 2px 0; clear: both; display: list-item; float: none; position: static;\">Mostek kierownicy MTS-C297 90mm\/180mm<\/li>\n<li style=\"margin: 5px 0; padding: 2px 0; clear: both; display: list-item; float: none; position: static;\">Nap\u0119d 21 biegi<\/li>\n<li style=\"margin: 5px 0; padding: 2px 0; clear: both; display: list-item; float: none; position: static;\">Nazwa podstawowa Rower trekkingowy ROMET WAGANT 1 2024<\/li>\n<li style=\"margin: 5px 0; padding: 2px 0; clear: both; display: list-item; float: none; position: static;\">Obr\u0119cze Aluminiowe dwukomorowe<\/li>\n<li style=\"margin: 5px 0; padding: 2px 0; clear: both; display: list-item; float: none; position: static;\">Opony Mitas Hook 700x40C<\/li>\n<li style=\"margin: 5px 0; padding: 2px 0; clear: both; display: list-item; float: none; position: static;\">Peda\u0142y FP-804<\/li>\n<li style=\"margin: 5px 0; padding: 2px 0; clear: both; display: list-item; float: none; position: static;\">Piasta prz\u00f3d Aluminiowa<\/li>\n<li style=\"margin: 5px 0; padding: 2px 0; clear: both; display: list-item; float: none; position: static;\">Piasta ty\u0142 Aluminiowa<\/li>\n<li style=\"margin: 5px 0; padding: 2px 0; clear: both; display: list-item; float: none; position: static;\">Przerzutka prz\u00f3d Shimano FD-TY510<\/li>\n<li style=\"margin: 5px 0; padding: 2px 0; clear: both; display: list-item; float: none; position: static;\">Przerzutka ty\u0142 Shimano Altus RD-M310<\/li>\n<li style=\"margin: 5px 0; padding: 2px 0; clear: both; display: list-item; float: none; position: static;\">P\u0142e\u0107 M\u0119\u017cczyzna<\/li>\n<li style=\"margin: 5px 0; padding: 2px 0; clear: both; display: list-item; float: none; position: static;\">Rok Modelu 2024<\/li>\n<li style=\"margin: 5px 0; padding: 2px 0; clear: both; display: list-item; float: none; position: static;\">Rozmiar M<\/li>\n<li style=\"margin: 5px 0; padding: 2px 0; clear: both; display: list-item; float: none; position: static;\">Rozmiar (cale) 19<\/li>\n<li style=\"margin: 5px 0; padding: 2px 0; clear: both; display: list-item; float: none; position: static;\">Rozmiar ko\u0142a 28<\/li>\n<li style=\"margin: 5px 0; padding: 2px 0; clear: both; display: list-item; float: none; position: static;\">Siod\u0142o Selle Royal 5094<\/li>\n<li style=\"margin: 5px 0; padding: 2px 0; clear: both; display: list-item; float: none; position: static;\">Sztyca Aluminiowa 30,9mm \/ 350mm<\/li>\n<li style=\"margin: 5px 0; padding: 2px 0; clear: both; display: list-item; float: none; position: static;\">Waga (kg) 17.000000<\/li>\n<li style=\"margin: 5px 0; padding: 2px 0; clear: both; display: list-item; float: none; position: static;\">Widelec Amortyzowany<\/li>\n<\/ul>\n<\/div>\n<\/div>\n<\/div>\n<div style=\"clear: both; display: block; margin: 10px 0;\">\n<div style=\"clear: both; display: block; margin: 10px 0;\">\n<div style=\"clear: both; display: block; margin: 10px 0;\">\n<div  style=\"max-width:2000px;max-height:1286px\">\n<div style=\"clear: both; display: block; margin: 10px 0;\">\n<div style=\"clear: both; width: 100%; display: block; margin: 20px 0; padding: 0; float: none; position: static; text-align: center;\"><img decoding=\"async\"  src=\"https:\/\/a.allegroimg.com\/original\/11d268\/6c425bbd4530abf43cb24ea080a4\/ROWER-TREKKINGOWY-ROMET-WAGANT-1-ROZMIAR-M-19-KOLA-28-CALI-2024\" srcset=\"https:\/\/a.allegroimg.com\/original\/11d268\/6c425bbd4530abf43cb24ea080a4\/ROWER-TREKKINGOWY-ROMET-WAGANT-1-ROZMIAR-M-19-KOLA-28-CALI-2024 360w,https:\/\/a.allegroimg.com\/original\/11d268\/6c425bbd4530abf43cb24ea080a4\/ROWER-TREKKINGOWY-ROMET-WAGANT-1-ROZMIAR-M-19-KOLA-28-CALI-2024 720w,https:\/\/a.allegroimg.com\/original\/11d268\/6c425bbd4530abf43cb24ea080a4\/ROWER-TREKKINGOWY-ROMET-WAGANT-1-ROZMIAR-M-19-KOLA-28-CALI-2024 1024w,https:\/\/a.allegroimg.com\/original\/11d268\/6c425bbd4530abf43cb24ea080a4\/ROWER-TREKKINGOWY-ROMET-WAGANT-1-ROZMIAR-M-19-KOLA-28-CALI-2024 1440w,https:\/\/a.allegroimg.com\/original\/11d268\/6c425bbd4530abf43cb24ea080a4\/ROWER-TREKKINGOWY-ROMET-WAGANT-1-ROZMIAR-M-19-KOLA-28-CALI-2024 2000w\" sizes=\"100vw\" width=\"2000px\" alt=\"ROWER TREKKINGOWY ROMET WAGANT 1 ROZMIAR M 19 KO\u0141A 28 CALI 2024\" style=\"max-width: 100%; height: auto; display: block; margin: 0 auto;\"><\/div>\n<\/div>\n<\/div>\n<\/div>\n<\/div>\n<\/div>\n<\/div>\n<\/div>\n<\/div>\n<div style=\"clear: both; display: block; margin: 10px 0;\">\n","protected":false},"excerpt":{"rendered":"<p>ROWER TURYSTYCZNY M\u0118SKI ROMET WAGANT 1 2024<\/p>\n<p>Rozmiar M 19&quot; cali (wzrost 168-179 cm)<\/p>\n<p>Cena katalogowa : 1699 z\u0142<\/p>\n<p>Uniwersalno\u015b\u0107 tego modelu sprawia, \u017ce jest on w stanie pom\u00f3c Ci w spe\u0142nianiu marze\u0144 o dalekich rowerowych podr\u00f3\u017cach, ale by\u0107 r\u00f3wnie\u017c kompanem w codziennym, miejskim przemieszczaniu si\u0119.<\/p>\n<p>Wagant zbudowany zosta\u0142 w oparciu o nowoczesn\u0105 aluminiow\u0105 ram\u0119. Jest lekka i odporna na uszkodzenia. Dla estetyki oraz wyd\u0142u\u017cenia \u017cywotno\u015bci przewod\u00f3w postawili\u015bmy na wewn\u0119trzne prowadzenie linek.<\/p>\n","protected":false},"featured_media":14432,"template":"","meta":{"_uag_custom_page_level_css":""},"product_brand":[695],"product_cat":[688,687,724],"product_tag":[],"class_list":{"0":"post-14431","1":"product","2":"type-product","3":"status-publish","4":"has-post-thumbnail","6":"product_brand-romet","7":"product_cat-rowery","8":"product_cat-rowery-i-akcesoria","9":"product_cat-trekkingowe","11":"first","12":"instock","13":"sale","14":"shipping-taxable","15":"purchasable","16":"product-type-simple"},"uagb_featured_image_src":{"full":["https:\/\/twojerowery.shop\/ro64\/wp-content\/uploads\/2026\/02\/allegro-image-14431.jpg",2000,1286,false],"thumbnail":["https:\/\/twojerowery.shop\/ro64\/wp-content\/uploads\/2026\/02\/allegro-image-14431-150x150.jpg",150,150,true],"medium":["https:\/\/twojerowery.shop\/ro64\/wp-content\/uploads\/2026\/02\/allegro-image-14431-300x193.jpg",300,193,true],"medium_large":["https:\/\/twojerowery.shop\/ro64\/wp-content\/uploads\/2026\/02\/allegro-image-14431-768x494.jpg",768,494,true],"large":["https:\/\/twojerowery.shop\/ro64\/wp-content\/uploads\/2026\/02\/allegro-image-14431-1024x658.jpg",1024,658,true],"1536x1536":["https:\/\/twojerowery.shop\/ro64\/wp-content\/uploads\/2026\/02\/allegro-image-14431-1536x988.jpg",1536,988,true],"2048x2048":["https:\/\/twojerowery.shop\/ro64\/wp-content\/uploads\/2026\/02\/allegro-image-14431.jpg",2000,1286,false],"woocommerce_thumbnail":["https:\/\/twojerowery.shop\/ro64\/wp-content\/uploads\/2026\/02\/allegro-image-14431-300x300.jpg",300,300,true],"woocommerce_single":["https:\/\/twojerowery.shop\/ro64\/wp-content\/uploads\/2026\/02\/allegro-image-14431-600x386.jpg",600,386,true],"woocommerce_gallery_thumbnail":["https:\/\/twojerowery.shop\/ro64\/wp-content\/uploads\/2026\/02\/allegro-image-14431-100x100.jpg",100,100,true]},"uagb_author_info":{"display_name":"admin","author_link":"https:\/\/twojerowery.shop\/ro64\/author\/"},"uagb_comment_info":0,"uagb_excerpt":"ROWER TURYSTYCZNY M\u0118SKI ROMET WAGANT 1 2024 Rozmiar M 19&quot; cali (wzrost 168-179 cm) Cena katalogowa : 1699 z\u0142 Uniwersalno\u015b\u0107 tego modelu sprawia, \u017ce jest on w stanie pom\u00f3c Ci w spe\u0142nianiu marze\u0144 o dalekich rowerowych podr\u00f3\u017cach, ale by\u0107 r\u00f3wnie\u017c kompanem w codziennym, miejskim przemieszczaniu si\u0119. Wagant zbudowany zosta\u0142 w oparciu o nowoczesn\u0105 aluminiow\u0105 ram\u0119.&hellip;","_links":{"self":[{"href":"https:\/\/twojerowery.shop\/ro64\/wp-json\/wp\/v2\/product\/14431","targetHints":{"allow":["GET"]}}],"collection":[{"href":"https:\/\/twojerowery.shop\/ro64\/wp-json\/wp\/v2\/product"}],"about":[{"href":"https:\/\/twojerowery.shop\/ro64\/wp-json\/wp\/v2\/types\/product"}],"wp:featuredmedia":[{"embeddable":true,"href":"https:\/\/twojerowery.shop\/ro64\/wp-json\/wp\/v2\/media\/14432"}],"wp:attachment":[{"href":"https:\/\/twojerowery.shop\/ro64\/wp-json\/wp\/v2\/media?parent=14431"}],"wp:term":[{"taxonomy":"product_brand","embeddable":true,"href":"https:\/\/twojerowery.shop\/ro64\/wp-json\/wp\/v2\/product_brand?post=14431"},{"taxonomy":"product_cat","embeddable":true,"href":"https:\/\/twojerowery.shop\/ro64\/wp-json\/wp\/v2\/product_cat?post=14431"},{"taxonomy":"product_tag","embeddable":true,"href":"https:\/\/twojerowery.shop\/ro64\/wp-json\/wp\/v2\/product_tag?post=14431"}],"curies":[{"name":"wp","href":"https:\/\/api.w.org\/{rel}","templated":true}]}}