{"id":14451,"date":"2026-02-26T04:36:46","date_gmt":"2026-02-26T03:36:46","guid":{"rendered":"https:\/\/rowermax.shop\/ro64\/produkt\/rower-crossowy-romet-orkan-3-m-srebrno-czarny-l-2023\/"},"modified":"2026-02-26T04:36:48","modified_gmt":"2026-02-26T03:36:48","slug":"rower-crossowy-romet-orkan-3-m-srebrno-czarny-l-2023","status":"publish","type":"product","link":"https:\/\/twojerowery.shop\/ro64\/produkt\/rower-crossowy-romet-orkan-3-m-srebrno-czarny-l-2023\/","title":{"rendered":"Rower crossowy Romet Orkan 3 M srebrno-czarny L 2023"},"content":{"rendered":"<div style=\"font-family: Arial, sans-serif; line-height: 1.6; color: #333; padding: 20px; clear: both; display: block; width: 100%; float: none; position: static; overflow: hidden;\">\n<div style=\"clear: both; display: block; margin: 10px 0;\">\n<div style=\"clear: both; display: block; margin: 10px 0;\">\n<div style=\"clear: both; display: block; margin: 10px 0;\">\n<h1>Rower crossowy Romet Orkan 3 M srebrno-czarny L 2023<\/h1>\n<p style=\"margin: 15px 0; line-height: 1.8; clear: both; display: block; width: 100%; float: none; position: static;\">5904803136520<\/p>\n<\/div>\n<\/div>\n<\/div>\n<div style=\"clear: both; display: block; margin: 10px 0;\">\n<div style=\"clear: both; display: block; margin: 10px 0;\">\n<div style=\"clear: both; display: block; margin: 10px 0;\">\n<div  style=\"max-width:2000px;max-height:1289px\">\n<div style=\"clear: both; display: block; margin: 10px 0;\">\n<div style=\"clear: both; width: 100%; display: block; margin: 20px 0; padding: 0; float: none; position: static; text-align: center;\"><img decoding=\"async\"  src=\"https:\/\/a.allegroimg.com\/original\/115f30\/07f6b6a742d081c587b46b4f242b\/Rower-crossowy-Romet-Orkan-3-M-srebrno-czarny-L-2023\" srcset=\"https:\/\/a.allegroimg.com\/original\/115f30\/07f6b6a742d081c587b46b4f242b\/Rower-crossowy-Romet-Orkan-3-M-srebrno-czarny-L-2023 360w,https:\/\/a.allegroimg.com\/original\/115f30\/07f6b6a742d081c587b46b4f242b\/Rower-crossowy-Romet-Orkan-3-M-srebrno-czarny-L-2023 720w,https:\/\/a.allegroimg.com\/original\/115f30\/07f6b6a742d081c587b46b4f242b\/Rower-crossowy-Romet-Orkan-3-M-srebrno-czarny-L-2023 1024w,https:\/\/a.allegroimg.com\/original\/115f30\/07f6b6a742d081c587b46b4f242b\/Rower-crossowy-Romet-Orkan-3-M-srebrno-czarny-L-2023 1440w,https:\/\/a.allegroimg.com\/original\/115f30\/07f6b6a742d081c587b46b4f242b\/Rower-crossowy-Romet-Orkan-3-M-srebrno-czarny-L-2023 2000w\" sizes=\"(min-width: 1200px) 560px, (min-width: 992px) 50vw, 100vw\" width=\"2000px\" alt=\"Rower crossowy Romet Orkan 3 M srebrno-czarny L 2023\" style=\"max-width: 100%; height: auto; display: block; margin: 0 auto;\"><\/div>\n<\/div>\n<\/div>\n<\/div>\n<\/div>\n<div style=\"clear: both; display: block; margin: 10px 0;\">\n<div style=\"clear: both; display: block; margin: 10px 0;\">\n<p style=\"margin: 15px 0; line-height: 1.8; clear: both; display: block; width: 100%; float: none; position: static;\">KO\u0141A, RAMA<\/p>\n<p style=\"margin: 15px 0; line-height: 1.8; clear: both; display: block; width: 100%; float: none; position: static;\">28&#8243; \/ alu 6061<\/p>\n<p style=\"margin: 15px 0; line-height: 1.8; clear: both; display: block; width: 100%; float: none; position: static;\">ROZMIAR<\/p>\n<p style=\"margin: 15px 0; line-height: 1.8; clear: both; display: block; width: 100%; float: none; position: static;\">L \u2013 20&#8243;<\/p>\n<p style=\"margin: 15px 0; line-height: 1.8; clear: both; display: block; width: 100%; float: none; position: static;\">WIDELEC<\/p>\n<p style=\"margin: 15px 0; line-height: 1.8; clear: both; display: block; width: 100%; float: none; position: static;\">SR Suntour NEX DS<\/p>\n<p style=\"margin: 15px 0; line-height: 1.8; clear: both; display: block; width: 100%; float: none; position: static;\">AMORTYZATOR TY\u0141<\/p>\n<p style=\"margin: 15px 0; line-height: 1.8; clear: both; display: block; width: 100%; float: none; position: static;\">\u2014<\/p>\n<p style=\"margin: 15px 0; line-height: 1.8; clear: both; display: block; width: 100%; float: none; position: static;\">NAP\u0118D<\/p>\n<p style=\"margin: 15px 0; line-height: 1.8; clear: both; display: block; width: 100%; float: none; position: static;\">24 biegi<\/p>\n<p style=\"margin: 15px 0; line-height: 1.8; clear: both; display: block; width: 100%; float: none; position: static;\">MANETKI PRZ\u00d3D<\/p>\n<p style=\"margin: 15px 0; line-height: 1.8; clear: both; display: block; width: 100%; float: none; position: static;\">Shimano ST-EF500 3 speed<\/p>\n<p style=\"margin: 15px 0; line-height: 1.8; clear: both; display: block; width: 100%; float: none; position: static;\">MANETKI TY\u0141<\/p>\n<p style=\"margin: 15px 0; line-height: 1.8; clear: both; display: block; width: 100%; float: none; position: static;\">Shimano ST-EF500 8 speed<\/p>\n<p style=\"margin: 15px 0; line-height: 1.8; clear: both; display: block; width: 100%; float: none; position: static;\">PRZERZUTKA PRZ\u00d3D<\/p>\n<p style=\"margin: 15px 0; line-height: 1.8; clear: both; display: block; width: 100%; float: none; position: static;\">Shimano FD-TY510<\/p>\n<p style=\"margin: 15px 0; line-height: 1.8; clear: both; display: block; width: 100%; float: none; position: static;\">PRZERZUTKA TY\u0141<\/p>\n<p style=\"margin: 15px 0; line-height: 1.8; clear: both; display: block; width: 100%; float: none; position: static;\">Shimano Alivio RD-T4000<\/p>\n<p style=\"margin: 15px 0; line-height: 1.8; clear: both; display: block; width: 100%; float: none; position: static;\">MECHANIZM KORBOWY<\/p>\n<p style=\"margin: 15px 0; line-height: 1.8; clear: both; display: block; width: 100%; float: none; position: static;\">Shimano FC-M301 48\/38\/28 170\/175 mm<\/p>\n<p style=\"margin: 15px 0; line-height: 1.8; clear: both; display: block; width: 100%; float: none; position: static;\">HAMULEC PRZ\u00d3D<\/p>\n<p style=\"margin: 15px 0; line-height: 1.8; clear: both; display: block; width: 100%; float: none; position: static;\">Shimano BR-TX805 tarczowy mechaniczny<\/p>\n<p style=\"margin: 15px 0; line-height: 1.8; clear: both; display: block; width: 100%; float: none; position: static;\">HAMULEC TY\u0141<\/p>\n<p style=\"margin: 15px 0; line-height: 1.8; clear: both; display: block; width: 100%; float: none; position: static;\">Shimano BR-TX805 tarczowy mechaniczny<\/p>\n<p style=\"margin: 15px 0; line-height: 1.8; clear: both; display: block; width: 100%; float: none; position: static;\">TARCZA HAMULCOWA PRZ\u00d3D<\/p>\n<p style=\"margin: 15px 0; line-height: 1.8; clear: both; display: block; width: 100%; float: none; position: static;\">160 mm<\/p>\n<p style=\"margin: 15px 0; line-height: 1.8; clear: both; display: block; width: 100%; float: none; position: static;\">TARCZA HAMULCOWA TY\u0141<\/p>\n<p style=\"margin: 15px 0; line-height: 1.8; clear: both; display: block; width: 100%; float: none; position: static;\">160 mm<\/p>\n<p style=\"margin: 15px 0; line-height: 1.8; clear: both; display: block; width: 100%; float: none; position: static;\">OPONY<\/p>\n<p style=\"margin: 15px 0; line-height: 1.8; clear: both; display: block; width: 100%; float: none; position: static;\">700\u00d742<\/p>\n<p style=\"margin: 15px 0; line-height: 1.8; clear: both; display: block; width: 100%; float: none; position: static;\">OBR\u0118CZE<\/p>\n<p style=\"margin: 15px 0; line-height: 1.8; clear: both; display: block; width: 100%; float: none; position: static;\">aluminiowe dwukomorowe<\/p>\n<p style=\"margin: 15px 0; line-height: 1.8; clear: both; display: block; width: 100%; float: none; position: static;\">PIASTA PRZ\u00d3D<\/p>\n<p style=\"margin: 15px 0; line-height: 1.8; clear: both; display: block; width: 100%; float: none; position: static;\">Guli<\/p>\n<p style=\"margin: 15px 0; line-height: 1.8; clear: both; display: block; width: 100%; float: none; position: static;\">PIASTA TY\u0141<\/p>\n<p style=\"margin: 15px 0; line-height: 1.8; clear: both; display: block; width: 100%; float: none; position: static;\">Guli<\/p>\n<p style=\"margin: 15px 0; line-height: 1.8; clear: both; display: block; width: 100%; float: none; position: static;\">KASETA \/ WOLNOBIEG<\/p>\n<p style=\"margin: 15px 0; line-height: 1.8; clear: both; display: block; width: 100%; float: none; position: static;\">Shimano CS-HG200 12-32T 8 speed<\/p>\n<p style=\"margin: 15px 0; line-height: 1.8; clear: both; display: block; width: 100%; float: none; position: static;\">KIEROWNICA<\/p>\n<p style=\"margin: 15px 0; line-height: 1.8; clear: both; display: block; width: 100%; float: none; position: static;\">aluminiowa 680 mm 15&#8242; 31,8 mm<\/p>\n<p style=\"margin: 15px 0; line-height: 1.8; clear: both; display: block; width: 100%; float: none; position: static;\">MOSTEK KIEROWNICY<\/p>\n<p style=\"margin: 15px 0; line-height: 1.8; clear: both; display: block; width: 100%; float: none; position: static;\">alu. regulowany TDS-D299 N-8 31,8 mm 105 mm<\/p>\n<p style=\"margin: 15px 0; line-height: 1.8; clear: both; display: block; width: 100%; float: none; position: static;\">SZTYCA<\/p>\n<p style=\"margin: 15px 0; line-height: 1.8; clear: both; display: block; width: 100%; float: none; position: static;\">aluminiowa 30,9 mm 350 mm<\/p>\n<p style=\"margin: 15px 0; line-height: 1.8; clear: both; display: block; width: 100%; float: none; position: static;\">SIOD\u0141O<\/p>\n<p style=\"margin: 15px 0; line-height: 1.8; clear: both; display: block; width: 100%; float: none; position: static;\">Vader<\/p>\n<p style=\"margin: 15px 0; line-height: 1.8; clear: both; display: block; width: 100%; float: none; position: static;\">PEDA\u0141Y<\/p>\n<p style=\"margin: 15px 0; line-height: 1.8; clear: both; display: block; width: 100%; float: none; position: static;\">FP-920B aluminiowe<\/p>\n<p style=\"margin: 15px 0; line-height: 1.8; clear: both; display: block; width: 100%; float: none; position: static;\">LAMPA PRZ\u00d3D<\/p>\n<p style=\"margin: 15px 0; line-height: 1.8; clear: both; display: block; width: 100%; float: none; position: static;\">\u2014<\/p>\n<p style=\"margin: 15px 0; line-height: 1.8; clear: both; display: block; width: 100%; float: none; position: static;\">LAMPA TY\u0141<\/p>\n<p style=\"margin: 15px 0; line-height: 1.8; clear: both; display: block; width: 100%; float: none; position: static;\">\u2014<\/p>\n<p style=\"margin: 15px 0; line-height: 1.8; clear: both; display: block; width: 100%; float: none; position: static;\">WAGA<\/p>\n<p style=\"margin: 15px 0; line-height: 1.8; clear: both; display: block; width: 100%; float: none; position: static;\">14,5 kg<\/p>\n<p style=\"margin: 15px 0; line-height: 1.8; clear: both; display: block; width: 100%; float: none; position: static;\">WERSJE KOLORYSTYCZNE<\/p>\n<p style=\"margin: 15px 0; line-height: 1.8; clear: both; display: block; width: 100%; float: none; position: static;\">srebrno-czarny, granatowo-niebieski<\/p>\n<p style=\"margin: 15px 0; line-height: 1.8; clear: both; display: block; width: 100%; float: none; position: static;\">* Specyfikacje i ceny mog\u0105 ulec zmianie bez podania przyczyny.<\/p>\n<p style=\"margin: 15px 0; line-height: 1.8; clear: both; display: block; width: 100%; float: none; position: static;\">Produkty mog\u0105 r\u00f3\u017cni\u0107 si\u0119 od przedstawionych na zdj\u0119ciach.<\/p>\n<\/div>\n<\/div>\n<\/div>\n<div style=\"clear: both; display: block; margin: 10px 0;\">\n<div style=\"clear: both; display: block; margin: 10px 0;\">\n<div style=\"clear: both; display: block; margin: 10px 0;\">\n<p style=\"margin: 15px 0; line-height: 1.8; clear: both; display: block; width: 100%; float: none; position: static;\">5904803136520<\/p>\n<\/div>\n<\/div>\n<\/div>\n<\/div>\n<\/div>\n<\/div>\n<div style=\"clear: both; display: block; margin: 10px 0;\">\n","protected":false},"excerpt":{"rendered":"<p>Rower crossowy Romet Orkan 3 M srebrno-czarny L 2023<\/p>\n<p>5904803136520<\/p>\n<p>KO\u0141A, RAMA<\/p>\n<p>28&quot; \/ alu 6061<\/p>\n<p>ROZMIAR<\/p>\n<p>L \u2013 20&quot;<\/p>\n<p>WIDELEC<\/p>\n<p>SR Suntour NEX DS<\/p>\n","protected":false},"featured_media":14452,"template":"","meta":{"_uag_custom_page_level_css":""},"product_brand":[695],"product_cat":[725,688,687],"product_tag":[],"class_list":{"0":"post-14451","1":"product","2":"type-product","3":"status-publish","4":"has-post-thumbnail","6":"product_brand-romet","7":"product_cat-crossowe","8":"product_cat-rowery","9":"product_cat-rowery-i-akcesoria","11":"first","12":"instock","13":"sale","14":"shipping-taxable","15":"purchasable","16":"product-type-simple"},"uagb_featured_image_src":{"full":["https:\/\/twojerowery.shop\/ro64\/wp-content\/uploads\/2026\/02\/allegro-image-14451.jpg",2000,1289,false],"thumbnail":["https:\/\/twojerowery.shop\/ro64\/wp-content\/uploads\/2026\/02\/allegro-image-14451-150x150.jpg",150,150,true],"medium":["https:\/\/twojerowery.shop\/ro64\/wp-content\/uploads\/2026\/02\/allegro-image-14451-300x193.jpg",300,193,true],"medium_large":["https:\/\/twojerowery.shop\/ro64\/wp-content\/uploads\/2026\/02\/allegro-image-14451-768x495.jpg",768,495,true],"large":["https:\/\/twojerowery.shop\/ro64\/wp-content\/uploads\/2026\/02\/allegro-image-14451-1024x660.jpg",1024,660,true],"1536x1536":["https:\/\/twojerowery.shop\/ro64\/wp-content\/uploads\/2026\/02\/allegro-image-14451-1536x990.jpg",1536,990,true],"2048x2048":["https:\/\/twojerowery.shop\/ro64\/wp-content\/uploads\/2026\/02\/allegro-image-14451.jpg",2000,1289,false],"woocommerce_thumbnail":["https:\/\/twojerowery.shop\/ro64\/wp-content\/uploads\/2026\/02\/allegro-image-14451-300x300.jpg",300,300,true],"woocommerce_single":["https:\/\/twojerowery.shop\/ro64\/wp-content\/uploads\/2026\/02\/allegro-image-14451-600x387.jpg",600,387,true],"woocommerce_gallery_thumbnail":["https:\/\/twojerowery.shop\/ro64\/wp-content\/uploads\/2026\/02\/allegro-image-14451-100x100.jpg",100,100,true]},"uagb_author_info":{"display_name":"admin","author_link":"https:\/\/twojerowery.shop\/ro64\/author\/"},"uagb_comment_info":0,"uagb_excerpt":"Rower crossowy Romet Orkan 3 M srebrno-czarny L 2023 5904803136520 KO\u0141A, RAMA 28&quot; \/ alu 6061 ROZMIAR L \u2013 20&quot; WIDELEC SR Suntour NEX DS","_links":{"self":[{"href":"https:\/\/twojerowery.shop\/ro64\/wp-json\/wp\/v2\/product\/14451","targetHints":{"allow":["GET"]}}],"collection":[{"href":"https:\/\/twojerowery.shop\/ro64\/wp-json\/wp\/v2\/product"}],"about":[{"href":"https:\/\/twojerowery.shop\/ro64\/wp-json\/wp\/v2\/types\/product"}],"wp:featuredmedia":[{"embeddable":true,"href":"https:\/\/twojerowery.shop\/ro64\/wp-json\/wp\/v2\/media\/14452"}],"wp:attachment":[{"href":"https:\/\/twojerowery.shop\/ro64\/wp-json\/wp\/v2\/media?parent=14451"}],"wp:term":[{"taxonomy":"product_brand","embeddable":true,"href":"https:\/\/twojerowery.shop\/ro64\/wp-json\/wp\/v2\/product_brand?post=14451"},{"taxonomy":"product_cat","embeddable":true,"href":"https:\/\/twojerowery.shop\/ro64\/wp-json\/wp\/v2\/product_cat?post=14451"},{"taxonomy":"product_tag","embeddable":true,"href":"https:\/\/twojerowery.shop\/ro64\/wp-json\/wp\/v2\/product_tag?post=14451"}],"curies":[{"name":"wp","href":"https:\/\/api.w.org\/{rel}","templated":true}]}}