{"id":14453,"date":"2026-02-26T04:36:48","date_gmt":"2026-02-26T03:36:48","guid":{"rendered":"https:\/\/rowermax.shop\/ro64\/produkt\/rower-crossowy-kross-evado-2-0-rozmiar-l-21-kola-28-2025\/"},"modified":"2026-02-26T04:36:48","modified_gmt":"2026-02-26T03:36:48","slug":"rower-crossowy-kross-evado-2-0-rozmiar-l-21-kola-28-2025","status":"publish","type":"product","link":"https:\/\/twojerowery.shop\/ro64\/produkt\/rower-crossowy-kross-evado-2-0-rozmiar-l-21-kola-28-2025\/","title":{"rendered":"ROWER CROSSOWY KROSS EVADO 2.0 ROZMIAR L 21 KO\u0141A 28 2025"},"content":{"rendered":"<div style=\"font-family: Arial, sans-serif; line-height: 1.6; color: #333; padding: 20px; clear: both; display: block; width: 100%; float: none; position: static; overflow: hidden;\">\n<div style=\"clear: both; display: block; margin: 10px 0;\">\n<div style=\"clear: both; display: block; margin: 10px 0;\">\n<div style=\"clear: both; display: block; margin: 10px 0;\">\n<div  style=\"max-width:555px;max-height:316px\">\n<div style=\"clear: both; display: block; margin: 10px 0;\">\n<div style=\"clear: both; width: 100%; display: block; margin: 20px 0; padding: 0; float: none; position: static; text-align: center;\"><img decoding=\"async\"  src=\"https:\/\/a.allegroimg.com\/original\/114310\/fbba35634babb43a99ca1b0e86de\/ROWER-CROSSOWY-KROSS-EVADO-2-0-ROZMIAR-L-21-KOLA-28-2025\" srcset=\"https:\/\/a.allegroimg.com\/original\/114310\/fbba35634babb43a99ca1b0e86de\/ROWER-CROSSOWY-KROSS-EVADO-2-0-ROZMIAR-L-21-KOLA-28-2025 360w,https:\/\/a.allegroimg.com\/original\/114310\/fbba35634babb43a99ca1b0e86de\/ROWER-CROSSOWY-KROSS-EVADO-2-0-ROZMIAR-L-21-KOLA-28-2025 555w,https:\/\/a.allegroimg.com\/original\/114310\/fbba35634babb43a99ca1b0e86de\/ROWER-CROSSOWY-KROSS-EVADO-2-0-ROZMIAR-L-21-KOLA-28-2025 555w\" sizes=\"(min-width: 1200px) 560px, (min-width: 992px) 50vw, 100vw\" width=\"555px\" alt=\"ROWER CROSSOWY KROSS EVADO 2.0 ROZMIAR L 21 KO\u0141A 28 2025\" style=\"max-width: 100%; height: auto; display: block; margin: 0 auto;\"><\/div>\n<\/div>\n<\/div>\n<\/div>\n<\/div>\n<div style=\"clear: both; display: block; margin: 10px 0;\">\n<div style=\"clear: both; display: block; margin: 10px 0;\">\n<h2>KROSS Evado 2.0 Khaki \/ black po\u0142ysk \u2013 rower crossowy dla aktywnych<\/h2>\n<p style=\"margin: 15px 0; line-height: 1.8; clear: both; display: block; width: 100%; float: none; position: static;\">Szukasz roweru, kt\u00f3ry sprawdzi si\u0119 zar\u00f3wno w mie\u015bcie, jak i na weekendowych wycieczkach poza asfalt? <b>Kross Evado 2.0<\/b> to idealny wyb\u00f3r dla os\u00f3b ceni\u0105cych komfort, wszechstronno\u015b\u0107 i nowoczesny design.<\/p>\n<h3 style=\"color: #2c5aa0; font-size: 18px; margin: 30px 0 15px 0; font-weight: bold; clear: both; display: block; width: 100%; float: none; position: static;\">Najwa\u017cniejsze zalety modelu:<\/h3>\n<ul style=\"margin: 15px 0; padding-left: 20px; clear: both; display: block; width: 100%; float: none; position: static;\">\n<li style=\"margin: 5px 0; padding: 2px 0; clear: both; display: list-item; float: none; position: static;\"><b>Lekka i trwa\u0142a rama aluminiowa<\/b> \u2013 odporna na uszkodzenia, zapewnia wygodn\u0105 pozycj\u0119 w trakcie jazdy.<\/li>\n<li style=\"margin: 5px 0; padding: 2px 0; clear: both; display: list-item; float: none; position: static;\"><b>Wewn\u0119trzne prowadzenie linek<\/b> \u2013 estetyczny wygl\u0105d i dodatkowa ochrona przed zabrudzeniami.<\/li>\n<li style=\"margin: 5px 0; padding: 2px 0; clear: both; display: list-item; float: none; position: static;\"><b>Amortyzowany widelec<\/b> \u2013 skutecznie t\u0142umi nier\u00f3wno\u015bci, podnosz\u0105c komfort w terenie.<\/li>\n<li style=\"margin: 5px 0; padding: 2px 0; clear: both; display: list-item; float: none; position: static;\"><b>Nap\u0119d Shimano 3\u00d77<\/b> \u2013 21 prze\u0142o\u017ce\u0144, kt\u00f3re pozwol\u0105 Ci bez wysi\u0142ku pokonywa\u0107 wzniesienia i cieszy\u0107 si\u0119 p\u0142ynn\u0105 jazd\u0105.<\/li>\n<li style=\"margin: 5px 0; padding: 2px 0; clear: both; display: list-item; float: none; position: static;\"><b>Niezawodne hamulce V-Brake<\/b> \u2013 proste w serwisowaniu i skuteczne w ka\u017cdych warunkach.<\/li>\n<li style=\"margin: 5px 0; padding: 2px 0; clear: both; display: list-item; float: none; position: static;\"><b>Ko\u0142a 28&#8243; z uniwersalnymi oponami<\/b> \u2013 \u015bwietnie radz\u0105 sobie zar\u00f3wno na asfalcie, jak i na drogach szutrowych.<\/li>\n<\/ul>\n<p style=\"margin: 15px 0; line-height: 1.8; clear: both; display: block; width: 100%; float: none; position: static;\">Rozmiar<b> L 21&#8243; cali (wzrost 178-188 cm)<\/b><\/p>\n<p style=\"margin: 15px 0; line-height: 1.8; clear: both; display: block; width: 100%; float: none; position: static;\">Cena katalogowa : 1999 z\u0142<\/p>\n<\/div>\n<\/div>\n<\/div>\n<div style=\"clear: both; display: block; margin: 10px 0;\">\n<div style=\"clear: both; display: block; margin: 10px 0;\">\n<div style=\"clear: both; display: block; margin: 10px 0;\">\n<h3 style=\"color: #2c5aa0; font-size: 18px; margin: 30px 0 15px 0; font-weight: bold; clear: both; display: block; width: 100%; float: none; position: static;\">Design i komfort<\/h3>\n<p style=\"margin: 15px 0; line-height: 1.8; clear: both; display: block; width: 100%; float: none; position: static;\">Czarna rama z zielonymi akcentami prezentuje si\u0119 nowocze\u015bnie i dynamicznie. Dzi\u0119ki komfortowej geometrii rower doskonale sprawdzi si\u0119 podczas codziennych dojazd\u00f3w, a tak\u017ce d\u0142u\u017cszych tras rekreacyjnych.<\/p>\n<h3 style=\"color: #2c5aa0; font-size: 18px; margin: 30px 0 15px 0; font-weight: bold; clear: both; display: block; width: 100%; float: none; position: static;\">Specyfikacja techniczna (w skr\u00f3cie):<\/h3>\n<ul style=\"margin: 15px 0; padding-left: 20px; clear: both; display: block; width: 100%; float: none; position: static;\">\n<li style=\"margin: 5px 0; padding: 2px 0; clear: both; display: list-item; float: none; position: static;\">Rama: aluminium Performance<\/li>\n<li style=\"margin: 5px 0; padding: 2px 0; clear: both; display: list-item; float: none; position: static;\">Widelec: amortyzowany (skok ok. 50 mm)<\/li>\n<li style=\"margin: 5px 0; padding: 2px 0; clear: both; display: list-item; float: none; position: static;\">Nap\u0119d: Shimano Tourney\/Altus 3\u00d77 (21 bieg\u00f3w)<\/li>\n<li style=\"margin: 5px 0; padding: 2px 0; clear: both; display: list-item; float: none; position: static;\">Hamulce: V-Brake<\/li>\n<li style=\"margin: 5px 0; padding: 2px 0; clear: both; display: list-item; float: none; position: static;\">Ko\u0142a: 28&#8243; aluminiowe, opony terenowo-miejskie<\/li>\n<li style=\"margin: 5px 0; padding: 2px 0; clear: both; display: list-item; float: none; position: static;\">Komponenty: aluminiowa kierownica, mostek, wygodne siod\u0142o Kross<\/li>\n<\/ul>\n<p style=\"margin: 15px 0; line-height: 1.8; clear: both; display: block; width: 100%; float: none; position: static;\">\u2705 <b>Dlaczego warto?<\/b><\/p>\n<p style=\"margin: 15px 0; line-height: 1.8; clear: both; display: block; width: 100%; float: none; position: static;\">Kross Evado 2.0 to uniwersalny rower, kt\u00f3ry \u0142\u0105czy w sobie zalety roweru trekkingowego i g\u00f3rskiego. Jest szybki na szosie, a jednocze\u015bnie stabilny i wygodny w terenie. To \u015bwietny wyb\u00f3r dla os\u00f3b, kt\u00f3re chc\u0105 mie\u0107 jeden rower do wszystkiego.<\/p>\n<\/div>\n<\/div>\n<\/div>\n<div style=\"clear: both; display: block; margin: 10px 0;\">\n<div style=\"clear: both; display: block; margin: 10px 0;\">\n<div style=\"clear: both; display: block; margin: 10px 0;\">\n<h3 style=\"color: #2c5aa0; font-size: 18px; margin: 30px 0 15px 0; font-weight: bold; clear: both; display: block; width: 100%; float: none; position: static;\">Rowery wysy\u0142amy z\u0142o\u017cone na 85 % , po wyj\u0119ciu z kartonu nale\u017cy przykr\u0119ci\u0107 przednie ko\u0142o , kierownic\u0119 oraz peda\u0142y . Poza tym rower jest ju\u017c wst\u0119pnie wyregulowany oraz sprawdzony przez naszego serwisanta.<\/h3>\n<\/div>\n<\/div>\n<\/div>\n<div style=\"clear: both; display: block; margin: 10px 0;\">\n<div style=\"clear: both; display: block; margin: 10px 0;\">\n<div style=\"clear: both; display: block; margin: 10px 0;\">\n<div  style=\"max-width:555px;max-height:316px\">\n<div style=\"clear: both; display: block; margin: 10px 0;\">\n<div style=\"clear: both; width: 100%; display: block; margin: 20px 0; padding: 0; float: none; position: static; text-align: center;\"><img decoding=\"async\"  src=\"https:\/\/a.allegroimg.com\/original\/114310\/fbba35634babb43a99ca1b0e86de\/ROWER-CROSSOWY-KROSS-EVADO-2-0-ROZMIAR-L-21-KOLA-28-2025\" srcset=\"https:\/\/a.allegroimg.com\/original\/114310\/fbba35634babb43a99ca1b0e86de\/ROWER-CROSSOWY-KROSS-EVADO-2-0-ROZMIAR-L-21-KOLA-28-2025 360w,https:\/\/a.allegroimg.com\/original\/114310\/fbba35634babb43a99ca1b0e86de\/ROWER-CROSSOWY-KROSS-EVADO-2-0-ROZMIAR-L-21-KOLA-28-2025 555w,https:\/\/a.allegroimg.com\/original\/114310\/fbba35634babb43a99ca1b0e86de\/ROWER-CROSSOWY-KROSS-EVADO-2-0-ROZMIAR-L-21-KOLA-28-2025 555w\" sizes=\"100vw\" width=\"555px\" alt=\"ROWER CROSSOWY KROSS EVADO 2.0 ROZMIAR L 21 KO\u0141A 28 2025\" style=\"max-width: 100%; height: auto; display: block; margin: 0 auto;\"><\/div>\n<\/div>\n<\/div>\n<\/div>\n<\/div>\n<\/div>\n<\/div>\n<\/div>\n<\/div>\n<div style=\"clear: both; display: block; margin: 10px 0;\">\n","protected":false},"excerpt":{"rendered":"<p>KROSS Evado 2.0 Khaki \/ black po\u0142ysk \u2013 rower crossowy dla aktywnych<\/p>\n<p>Szukasz roweru, kt\u00f3ry sprawdzi si\u0119 zar\u00f3wno w mie\u015bcie, jak i na weekendowych wycieczkach poza asfalt? Kross Evado 2.0 to idealny wyb\u00f3r dla os\u00f3b ceni\u0105cych komfort, wszechstronno\u015b\u0107 i nowoczesny design.<\/p>\n<p>Najwa\u017cniejsze zalety modelu:<\/p>\n<p>Lekka i trwa\u0142a rama aluminiowa \u2013 odporna na uszkodzenia, zapewnia wygodn\u0105 pozycj\u0119 w trakcie jazdy.<\/p>\n<p>Wewn\u0119trzne prowadzenie linek \u2013 estetyczny wygl\u0105d i dodatkowa ochrona przed zabrudzeniami.<\/p>\n<p>Amortyzowany widelec \u2013 skutecznie t\u0142umi nier\u00f3wno\u015bci, podnosz\u0105c komfort w terenie.<\/p>\n","protected":false},"featured_media":14454,"template":"","meta":{"_uag_custom_page_level_css":""},"product_brand":[692],"product_cat":[725,688,687],"product_tag":[],"class_list":{"0":"post-14453","1":"product","2":"type-product","3":"status-publish","4":"has-post-thumbnail","6":"product_brand-kross","7":"product_cat-crossowe","8":"product_cat-rowery","9":"product_cat-rowery-i-akcesoria","11":"first","12":"instock","13":"sale","14":"shipping-taxable","15":"purchasable","16":"product-type-simple"},"uagb_featured_image_src":{"full":["https:\/\/twojerowery.shop\/ro64\/wp-content\/uploads\/2026\/02\/allegro-image-14453.jpg",555,316,false],"thumbnail":["https:\/\/twojerowery.shop\/ro64\/wp-content\/uploads\/2026\/02\/allegro-image-14453-150x150.jpg",150,150,true],"medium":["https:\/\/twojerowery.shop\/ro64\/wp-content\/uploads\/2026\/02\/allegro-image-14453-300x171.jpg",300,171,true],"medium_large":["https:\/\/twojerowery.shop\/ro64\/wp-content\/uploads\/2026\/02\/allegro-image-14453.jpg",555,316,false],"large":["https:\/\/twojerowery.shop\/ro64\/wp-content\/uploads\/2026\/02\/allegro-image-14453.jpg",555,316,false],"1536x1536":["https:\/\/twojerowery.shop\/ro64\/wp-content\/uploads\/2026\/02\/allegro-image-14453.jpg",555,316,false],"2048x2048":["https:\/\/twojerowery.shop\/ro64\/wp-content\/uploads\/2026\/02\/allegro-image-14453.jpg",555,316,false],"woocommerce_thumbnail":["https:\/\/twojerowery.shop\/ro64\/wp-content\/uploads\/2026\/02\/allegro-image-14453-300x300.jpg",300,300,true],"woocommerce_single":["https:\/\/twojerowery.shop\/ro64\/wp-content\/uploads\/2026\/02\/allegro-image-14453.jpg",555,316,false],"woocommerce_gallery_thumbnail":["https:\/\/twojerowery.shop\/ro64\/wp-content\/uploads\/2026\/02\/allegro-image-14453-100x100.jpg",100,100,true]},"uagb_author_info":{"display_name":"admin","author_link":"https:\/\/twojerowery.shop\/ro64\/author\/"},"uagb_comment_info":0,"uagb_excerpt":"KROSS Evado 2.0 Khaki \/ black po\u0142ysk \u2013 rower crossowy dla aktywnych Szukasz roweru, kt\u00f3ry sprawdzi si\u0119 zar\u00f3wno w mie\u015bcie, jak i na weekendowych wycieczkach poza asfalt? Kross Evado 2.0 to idealny wyb\u00f3r dla os\u00f3b ceni\u0105cych komfort, wszechstronno\u015b\u0107 i nowoczesny design. Najwa\u017cniejsze zalety modelu: Lekka i trwa\u0142a rama aluminiowa \u2013 odporna na uszkodzenia, zapewnia wygodn\u0105&hellip;","_links":{"self":[{"href":"https:\/\/twojerowery.shop\/ro64\/wp-json\/wp\/v2\/product\/14453","targetHints":{"allow":["GET"]}}],"collection":[{"href":"https:\/\/twojerowery.shop\/ro64\/wp-json\/wp\/v2\/product"}],"about":[{"href":"https:\/\/twojerowery.shop\/ro64\/wp-json\/wp\/v2\/types\/product"}],"wp:featuredmedia":[{"embeddable":true,"href":"https:\/\/twojerowery.shop\/ro64\/wp-json\/wp\/v2\/media\/14454"}],"wp:attachment":[{"href":"https:\/\/twojerowery.shop\/ro64\/wp-json\/wp\/v2\/media?parent=14453"}],"wp:term":[{"taxonomy":"product_brand","embeddable":true,"href":"https:\/\/twojerowery.shop\/ro64\/wp-json\/wp\/v2\/product_brand?post=14453"},{"taxonomy":"product_cat","embeddable":true,"href":"https:\/\/twojerowery.shop\/ro64\/wp-json\/wp\/v2\/product_cat?post=14453"},{"taxonomy":"product_tag","embeddable":true,"href":"https:\/\/twojerowery.shop\/ro64\/wp-json\/wp\/v2\/product_tag?post=14453"}],"curies":[{"name":"wp","href":"https:\/\/api.w.org\/{rel}","templated":true}]}}