{"id":14463,"date":"2026-02-26T04:36:56","date_gmt":"2026-02-26T03:36:56","guid":{"rendered":"https:\/\/rowermax.shop\/ro64\/produkt\/rower-romet-orkan-m-shimano\/"},"modified":"2026-02-26T04:36:58","modified_gmt":"2026-02-26T03:36:58","slug":"rower-romet-orkan-m-shimano","status":"publish","type":"product","link":"https:\/\/twojerowery.shop\/ro64\/produkt\/rower-romet-orkan-m-shimano\/","title":{"rendered":"ROWER ROMET ORKAN M , SHIMANO"},"content":{"rendered":"<div style=\"font-family: Arial, sans-serif; line-height: 1.6; color: #333; padding: 20px; clear: both; display: block; width: 100%; float: none; position: static; overflow: hidden;\">\n<div style=\"clear: both; display: block; margin: 10px 0;\">\n<div style=\"clear: both; display: block; margin: 10px 0;\">\n<div style=\"clear: both; display: block; margin: 10px 0;\">\n<div  style=\"max-width:400px;max-height:400px\">\n<div style=\"clear: both; display: block; margin: 10px 0;\">\n<div style=\"clear: both; width: 100%; display: block; margin: 20px 0; padding: 0; float: none; position: static; text-align: center;\"><img decoding=\"async\"  src=\"https:\/\/a.allegroimg.com\/original\/11852e\/922aa97e46f5873504c86e58f569\/ROWER-ROMET-ORKAN-M-SHIMANO-Stan-opakowania-oryginalne\" srcset=\"https:\/\/a.allegroimg.com\/original\/11852e\/922aa97e46f5873504c86e58f569\/ROWER-ROMET-ORKAN-M-SHIMANO-Stan-opakowania-oryginalne 360w,https:\/\/a.allegroimg.com\/original\/11852e\/922aa97e46f5873504c86e58f569\/ROWER-ROMET-ORKAN-M-SHIMANO-Stan-opakowania-oryginalne 400w,https:\/\/a.allegroimg.com\/original\/11852e\/922aa97e46f5873504c86e58f569\/ROWER-ROMET-ORKAN-M-SHIMANO-Stan-opakowania-oryginalne 400w\" sizes=\"100vw\" width=\"400px\" alt=\"ROWER ROMET ORKAN M , SHIMANO Stan opakowania oryginalne\" style=\"max-width: 100%; height: auto; display: block; margin: 0 auto;\"><\/div>\n<\/div>\n<\/div>\n<\/div>\n<\/div>\n<\/div>\n<div style=\"clear: both; display: block; margin: 10px 0;\">\n<div style=\"clear: both; display: block; margin: 10px 0;\">\n<div style=\"clear: both; display: block; margin: 10px 0;\">\n<div  style=\"max-width:1825px;max-height:1102px\">\n<div style=\"clear: both; display: block; margin: 10px 0;\">\n<div style=\"clear: both; width: 100%; display: block; margin: 20px 0; padding: 0; float: none; position: static; text-align: center;\"><img decoding=\"async\"  src=\"https:\/\/a.allegroimg.com\/original\/11aa52\/f36784634ac69872c95c62585c4d\/ROWER-ROMET-ORKAN-M-SHIMANO\" srcset=\"https:\/\/a.allegroimg.com\/original\/11aa52\/f36784634ac69872c95c62585c4d\/ROWER-ROMET-ORKAN-M-SHIMANO 360w,https:\/\/a.allegroimg.com\/original\/11aa52\/f36784634ac69872c95c62585c4d\/ROWER-ROMET-ORKAN-M-SHIMANO 720w,https:\/\/a.allegroimg.com\/original\/11aa52\/f36784634ac69872c95c62585c4d\/ROWER-ROMET-ORKAN-M-SHIMANO 1023w,https:\/\/a.allegroimg.com\/original\/11aa52\/f36784634ac69872c95c62585c4d\/ROWER-ROMET-ORKAN-M-SHIMANO 1440w,https:\/\/a.allegroimg.com\/original\/11aa52\/f36784634ac69872c95c62585c4d\/ROWER-ROMET-ORKAN-M-SHIMANO 1825w\" sizes=\"(min-width: 1200px) 560px, (min-width: 992px) 50vw, 100vw\" width=\"1825px\" alt=\"ROWER ROMET ORKAN M , SHIMANO\" style=\"max-width: 100%; height: auto; display: block; margin: 0 auto;\"><\/div>\n<\/div>\n<\/div>\n<\/div>\n<\/div>\n<div style=\"clear: both; display: block; margin: 10px 0;\">\n<div style=\"clear: both; display: block; margin: 10px 0;\">\n<h2>ROMET ORKAN<\/h2>\n<p style=\"margin: 15px 0; line-height: 1.8; clear: both; display: block; width: 100%; float: none; position: static;\">Specyfikacja:<\/p>\n<ul style=\"margin: 15px 0; padding-left: 20px; clear: both; display: block; width: 100%; float: none; position: static;\">\n<li style=\"margin: 5px 0; padding: 2px 0; clear: both; display: list-item; float: none; position: static;\">Ko\u0142a, rama &#8211;&nbsp; 28&#8243; \/ alu 6061<\/li>\n<li style=\"margin: 5px 0; padding: 2px 0; clear: both; display: list-item; float: none; position: static;\">Rozmiar, &#8211;&nbsp; 19&#8243;<\/li>\n<li style=\"margin: 5px 0; padding: 2px 0; clear: both; display: list-item; float: none; position: static;\">Widelec &#8211; Amortyzowany<\/li>\n<li style=\"margin: 5px 0; padding: 2px 0; clear: both; display: list-item; float: none; position: static;\">Nap\u0119d &#8211; 21 speed<\/li>\n<li style=\"margin: 5px 0; padding: 2px 0; clear: both; display: list-item; float: none; position: static;\">Manetki prz\u00f3d &#8211; Shimano klamkomanetka 3 speed<\/li>\n<li style=\"margin: 5px 0; padding: 2px 0; clear: both; display: list-item; float: none; position: static;\">Manetki ty\u0142 &#8211;&nbsp; Shimano klamkomanetka 7 speed<\/li>\n<li style=\"margin: 5px 0; padding: 2px 0; clear: both; display: list-item; float: none; position: static;\">Przerzutka prz\u00f3d &#8211;&nbsp; Shimano FD-TY510<\/li>\n<li style=\"margin: 5px 0; padding: 2px 0; clear: both; display: list-item; float: none; position: static;\">Przerzutka ty\u0142 &#8211;&nbsp; Shimano Altus<\/li>\n<li style=\"margin: 5px 0; padding: 2px 0; clear: both; display: list-item; float: none; position: static;\">Hamulec prz\u00f3d &#8211;&nbsp; V-brake<\/li>\n<li style=\"margin: 5px 0; padding: 2px 0; clear: both; display: list-item; float: none; position: static;\">Hamulec ty\u0142 &#8211;&nbsp; V-brake<\/li>\n<li style=\"margin: 5px 0; padding: 2px 0; clear: both; display: list-item; float: none; position: static;\">Obr\u0119cz &#8211;&nbsp; Aluminiowe \/ dwukomorowe<\/li>\n<li style=\"margin: 5px 0; padding: 2px 0; clear: both; display: list-item; float: none; position: static;\">Kierownica &#8211;&nbsp; Aluminiowa<\/li>\n<li style=\"margin: 5px 0; padding: 2px 0; clear: both; display: list-item; float: none; position: static;\">Sztyca &#8211;&nbsp; Stalowa \/ 31,6 mm \/ 350 mm<\/li>\n<li style=\"margin: 5px 0; padding: 2px 0; clear: both; display: list-item; float: none; position: static;\">Siod\u0142o &#8211;&nbsp; Vader<\/li>\n<li style=\"margin: 5px 0; padding: 2px 0; clear: both; display: list-item; float: none; position: static;\">Peda\u0142y &#8211;&nbsp; FP-804<\/li>\n<li style=\"margin: 5px 0; padding: 2px 0; clear: both; display: list-item; float: none; position: static;\">Waga &#8211; 14,5 kg<\/li>\n<\/ul>\n<p style=\"margin: 15px 0; line-height: 1.8; clear: both; display: block; width: 100%; float: none; position: static;\">Rower odpowiedni na wzrost od 175-185 cm<\/p>\n<\/div>\n<\/div>\n<\/div>\n<div style=\"clear: both; display: block; margin: 10px 0;\">\n<div style=\"clear: both; display: block; margin: 10px 0;\">\n<div style=\"clear: both; display: block; margin: 10px 0;\">\n<div  style=\"max-width:1825px;max-height:1102px\">\n<div style=\"clear: both; display: block; margin: 10px 0;\">\n<div style=\"clear: both; width: 100%; display: block; margin: 20px 0; padding: 0; float: none; position: static; text-align: center;\"><img decoding=\"async\"  src=\"https:\/\/a.allegroimg.com\/original\/11aa52\/f36784634ac69872c95c62585c4d\/ROWER-ROMET-ORKAN-M-SHIMANO\" srcset=\"https:\/\/a.allegroimg.com\/original\/11aa52\/f36784634ac69872c95c62585c4d\/ROWER-ROMET-ORKAN-M-SHIMANO 360w,https:\/\/a.allegroimg.com\/original\/11aa52\/f36784634ac69872c95c62585c4d\/ROWER-ROMET-ORKAN-M-SHIMANO 720w,https:\/\/a.allegroimg.com\/original\/11aa52\/f36784634ac69872c95c62585c4d\/ROWER-ROMET-ORKAN-M-SHIMANO 1023w,https:\/\/a.allegroimg.com\/original\/11aa52\/f36784634ac69872c95c62585c4d\/ROWER-ROMET-ORKAN-M-SHIMANO 1440w,https:\/\/a.allegroimg.com\/original\/11aa52\/f36784634ac69872c95c62585c4d\/ROWER-ROMET-ORKAN-M-SHIMANO 1825w\" sizes=\"100vw\" width=\"1825px\" alt=\"ROWER ROMET ORKAN M , SHIMANO\" style=\"max-width: 100%; height: auto; display: block; margin: 0 auto;\"><\/div>\n<\/div>\n<\/div>\n<\/div>\n<\/div>\n<\/div>\n<\/div>\n<\/div>\n<\/div>\n<div style=\"clear: both; display: block; margin: 10px 0;\">\n","protected":false},"excerpt":{"rendered":"<p>ROMET ORKAN<\/p>\n<p>Specyfikacja:<\/p>\n<p>Ko\u0142a, rama &#8211;&nbsp; 28&quot; \/ alu 6061<\/p>\n<p>Rozmiar, &#8211;&nbsp; 19&quot;<\/p>\n<p>Widelec &#8211; Amortyzowany<\/p>\n<p>Nap\u0119d &#8211; 21 speed<\/p>\n<p>Manetki prz\u00f3d &#8211; Shimano klamkomanetka 3 speed<\/p>\n<p>Manetki ty\u0142 &#8211;&nbsp; Shimano klamkomanetka 7 speed<\/p>\n","protected":false},"featured_media":14464,"template":"","meta":{"_uag_custom_page_level_css":""},"product_brand":[695],"product_cat":[725,688,687],"product_tag":[],"class_list":{"0":"post-14463","1":"product","2":"type-product","3":"status-publish","4":"has-post-thumbnail","6":"product_brand-romet","7":"product_cat-crossowe","8":"product_cat-rowery","9":"product_cat-rowery-i-akcesoria","11":"first","12":"instock","13":"sale","14":"shipping-taxable","15":"purchasable","16":"product-type-simple"},"uagb_featured_image_src":{"full":["https:\/\/twojerowery.shop\/ro64\/wp-content\/uploads\/2026\/02\/allegro-image-14463.jpg",1825,1102,false],"thumbnail":["https:\/\/twojerowery.shop\/ro64\/wp-content\/uploads\/2026\/02\/allegro-image-14463-150x150.jpg",150,150,true],"medium":["https:\/\/twojerowery.shop\/ro64\/wp-content\/uploads\/2026\/02\/allegro-image-14463-300x181.jpg",300,181,true],"medium_large":["https:\/\/twojerowery.shop\/ro64\/wp-content\/uploads\/2026\/02\/allegro-image-14463-768x464.jpg",768,464,true],"large":["https:\/\/twojerowery.shop\/ro64\/wp-content\/uploads\/2026\/02\/allegro-image-14463-1024x618.jpg",1024,618,true],"1536x1536":["https:\/\/twojerowery.shop\/ro64\/wp-content\/uploads\/2026\/02\/allegro-image-14463-1536x927.jpg",1536,927,true],"2048x2048":["https:\/\/twojerowery.shop\/ro64\/wp-content\/uploads\/2026\/02\/allegro-image-14463.jpg",1825,1102,false],"woocommerce_thumbnail":["https:\/\/twojerowery.shop\/ro64\/wp-content\/uploads\/2026\/02\/allegro-image-14463-300x300.jpg",300,300,true],"woocommerce_single":["https:\/\/twojerowery.shop\/ro64\/wp-content\/uploads\/2026\/02\/allegro-image-14463-600x362.jpg",600,362,true],"woocommerce_gallery_thumbnail":["https:\/\/twojerowery.shop\/ro64\/wp-content\/uploads\/2026\/02\/allegro-image-14463-100x100.jpg",100,100,true]},"uagb_author_info":{"display_name":"admin","author_link":"https:\/\/twojerowery.shop\/ro64\/author\/"},"uagb_comment_info":0,"uagb_excerpt":"ROMET ORKAN Specyfikacja: Ko\u0142a, rama -&nbsp; 28&quot; \/ alu 6061 Rozmiar, -&nbsp; 19&quot; Widelec - Amortyzowany Nap\u0119d - 21 speed Manetki prz\u00f3d - Shimano klamkomanetka 3 speed Manetki ty\u0142 -&nbsp; Shimano klamkomanetka 7 speed","_links":{"self":[{"href":"https:\/\/twojerowery.shop\/ro64\/wp-json\/wp\/v2\/product\/14463","targetHints":{"allow":["GET"]}}],"collection":[{"href":"https:\/\/twojerowery.shop\/ro64\/wp-json\/wp\/v2\/product"}],"about":[{"href":"https:\/\/twojerowery.shop\/ro64\/wp-json\/wp\/v2\/types\/product"}],"wp:featuredmedia":[{"embeddable":true,"href":"https:\/\/twojerowery.shop\/ro64\/wp-json\/wp\/v2\/media\/14464"}],"wp:attachment":[{"href":"https:\/\/twojerowery.shop\/ro64\/wp-json\/wp\/v2\/media?parent=14463"}],"wp:term":[{"taxonomy":"product_brand","embeddable":true,"href":"https:\/\/twojerowery.shop\/ro64\/wp-json\/wp\/v2\/product_brand?post=14463"},{"taxonomy":"product_cat","embeddable":true,"href":"https:\/\/twojerowery.shop\/ro64\/wp-json\/wp\/v2\/product_cat?post=14463"},{"taxonomy":"product_tag","embeddable":true,"href":"https:\/\/twojerowery.shop\/ro64\/wp-json\/wp\/v2\/product_tag?post=14463"}],"curies":[{"name":"wp","href":"https:\/\/api.w.org\/{rel}","templated":true}]}}