{"id":14467,"date":"2026-02-26T04:36:59","date_gmt":"2026-02-26T03:36:59","guid":{"rendered":"https:\/\/rowermax.shop\/ro64\/produkt\/rower-crossowy-kross-evado-4-0-m-28-xl-grf_cze-m\/"},"modified":"2026-02-26T04:36:59","modified_gmt":"2026-02-26T03:36:59","slug":"rower-crossowy-kross-evado-4-0-m-28-xl-grf_cze-m","status":"publish","type":"product","link":"https:\/\/twojerowery.shop\/ro64\/produkt\/rower-crossowy-kross-evado-4-0-m-28-xl-grf_cze-m\/","title":{"rendered":"Rower Crossowy Kross Evado 4.0 M 28 XL grf_cze m"},"content":{"rendered":"<div style=\"font-family: Arial, sans-serif; line-height: 1.6; color: #333; padding: 20px; clear: both; display: block; width: 100%; float: none; position: static; overflow: hidden;\">\n<div style=\"clear: both; display: block; margin: 10px 0;\">\n<div style=\"clear: both; display: block; margin: 10px 0;\">\n<div style=\"clear: both; display: block; margin: 10px 0;\">\n<div  style=\"max-width:1600px;max-height:680px\">\n<div style=\"clear: both; display: block; margin: 10px 0;\">\n<div style=\"clear: both; width: 100%; display: block; margin: 20px 0; padding: 0; float: none; position: static; text-align: center;\"><img decoding=\"async\"  src=\"https:\/\/a.allegroimg.com\/original\/115b88\/22dd6f0a494cb2a88ab3b13ba4c2\/Rower-Crossowy-Kross-Evado-4-0-M-28-XL-grf_cze-m-Liczba-biegow-24\" srcset=\"https:\/\/a.allegroimg.com\/original\/115b88\/22dd6f0a494cb2a88ab3b13ba4c2\/Rower-Crossowy-Kross-Evado-4-0-M-28-XL-grf_cze-m-Liczba-biegow-24 360w,https:\/\/a.allegroimg.com\/original\/115b88\/22dd6f0a494cb2a88ab3b13ba4c2\/Rower-Crossowy-Kross-Evado-4-0-M-28-XL-grf_cze-m-Liczba-biegow-24 720w,https:\/\/a.allegroimg.com\/original\/115b88\/22dd6f0a494cb2a88ab3b13ba4c2\/Rower-Crossowy-Kross-Evado-4-0-M-28-XL-grf_cze-m-Liczba-biegow-24 1024w,https:\/\/a.allegroimg.com\/original\/115b88\/22dd6f0a494cb2a88ab3b13ba4c2\/Rower-Crossowy-Kross-Evado-4-0-M-28-XL-grf_cze-m-Liczba-biegow-24 1440w,https:\/\/a.allegroimg.com\/original\/115b88\/22dd6f0a494cb2a88ab3b13ba4c2\/Rower-Crossowy-Kross-Evado-4-0-M-28-XL-grf_cze-m-Liczba-biegow-24 1600w\" sizes=\"100vw\" width=\"1600px\" alt=\"Rower Crossowy Kross Evado 4.0 M 28 XL grf_cze m Liczba bieg\u00f3w 24\" style=\"max-width: 100%; height: auto; display: block; margin: 0 auto;\"><\/div>\n<\/div>\n<\/div>\n<\/div>\n<\/div>\n<\/div>\n<div style=\"clear: both; display: block; margin: 10px 0;\">\n<div style=\"clear: both; display: block; margin: 10px 0;\">\n<div style=\"clear: both; display: block; margin: 10px 0;\">\n<h3 style=\"color: #2c5aa0; font-size: 18px; margin: 30px 0 15px 0; font-weight: bold; clear: both; display: block; width: 100%; float: none; position: static;\">Evado 4.0<\/h3>\n<p style=\"margin: 15px 0; line-height: 1.8; clear: both; display: block; width: 100%; float: none; position: static;\">Czasem potrzebujemy od roweru czego\u015b wi\u0119cej. Kiedy dochodzimy do takiego wniosku na horyzoncie pojawia si\u0119 on\u2026 ca\u0142y na bia\u0142o. No, mo\u017ce nie w tym przypadku. Ale nasz <b>Kross Evado 4.0 <\/b>to \u015bwietny wyb\u00f3r dla ka\u017cdego, kto nie chce by\u0107 ograniczany wyborem pomi\u0119dzy \u015bcie\u017ckami rowerowymi czy utwardzon\u0105 nawierzchni\u0105 podczas le\u015bnych wypraw. <b>Kross Evado 4.0 <\/b>zabierze ci\u0119 tam, gdzie <b>rower szosowy<\/b> nie da rady. I u\u0142atwi jazd\u0119 tam, gdzie <b>rower g\u00f3rski <\/b>b\u0119dzie stwarza\u0142 problemy.<\/p>\n<h3 style=\"color: #2c5aa0; font-size: 18px; margin: 30px 0 15px 0; font-weight: bold; clear: both; display: block; width: 100%; float: none; position: static;\">Osprz\u0119t<\/h3>\n<p style=\"margin: 15px 0; line-height: 1.8; clear: both; display: block; width: 100%; float: none; position: static;\"><b>Kross Evado 4.0 <\/b>to naturalne rozwini\u0119cie swojego poprzednika. Pomimo pewnych podobie\u0144stw to r\u00f3\u017cnic\u0119 wida\u0107 ju\u017c na pierwszy rzut oka.<\/p>\n<p style=\"margin: 15px 0; line-height: 1.8; clear: both; display: block; width: 100%; float: none; position: static;\"><b>Evado 4.0, <\/b>tak jak <b>Evado 3.0, <\/b>wyposa\u017cony jest w <b>osprz\u0119t Shimano <\/b>z tyln\u0105 przerzutk\u0105 z serii <b>Acera M360. <\/b>Taka konstrukcja pozwoli\u0142a nam uzyska\u0107 a\u017c <b>24 prze\u0142o\u017cenia<\/b>, kt\u00f3re ka\u017cdemu rowerzy\u015bcie pomog\u0105 w pokonaniu wyzwa\u0144 stawianych mu przez teren.<\/p>\n<p style=\"margin: 15px 0; line-height: 1.8; clear: both; display: block; width: 100%; float: none; position: static;\"><b>Rower<\/b> zosta\u0142 wyposa\u017cony tak\u017ce w <b>mechaniczne hamulce tarczowe<\/b>, kt\u00f3re umo\u017cliwiaj\u0105 \u0142atwy serwis oraz pozwalaj\u0105 na <b>szybkie oraz skuteczne zatrzymanie si\u0119 w ka\u017cdych warunkach<\/b>.<\/p>\n<p style=\"margin: 15px 0; line-height: 1.8; clear: both; display: block; width: 100%; float: none; position: static;\">Nasz <b>rower crossowy <\/b>to amortyzowany widelec <b>SR Suntour NEX <\/b>o skoku 63 mm. Dzi\u0119ki niemu bez problemu dojedziesz do miejsca docelowego bez martwienia si\u0119 o kraw\u0119\u017cniki czy kostk\u0119 brukow\u0105. W lesie natomiast b\u0119dziesz m\u00f3g\u0142 je\u017adzi\u0107 po bezdro\u017cach bez obaw o kamienie czy korzenie znajduj\u0105ce si\u0119 na trasie.<\/p>\n<p style=\"margin: 15px 0; line-height: 1.8; clear: both; display: block; width: 100%; float: none; position: static;\">To tak\u017ce <b>ko\u0142a o \u015brednicy 28\u201d<\/b> i opony <b>Mitas V84<\/b> o szeroko\u015bci 1,6\u201d ze specjalnym paskiem odblaskowym dla zwi\u0119kszenia bezpiecze\u0144stwa po zmierzchu.<\/p>\n<h3 style=\"color: #2c5aa0; font-size: 18px; margin: 30px 0 15px 0; font-weight: bold; clear: both; display: block; width: 100%; float: none; position: static;\">Technologie<\/h3>\n<p style=\"margin: 15px 0; line-height: 1.8; clear: both; display: block; width: 100%; float: none; position: static;\"><b>Kross Evado 4.0 <\/b>to tak\u017ce lepszy materia\u0142 wykorzystany do wykonania ramy. Do jej stworzenia u\u017cyli\u015bmy <b>aluminium lite.<\/b> To ulepszony stop <b>aluminium 6061<\/b>, b\u0119d\u0105cy kompromisem mi\u0119dzy wysok\u0105 sztywno\u015bci\u0105 ramy a jej nisk\u0105 mas\u0105. Charakteryzuje si\u0119 wysok\u0105 odporno\u015bci\u0105 na warunki zewn\u0119trzne, uszkodzenia &nbsp;i uderzenia. Dzi\u0119ki cieniowaniu wszystkich rur ramy uda\u0142o si\u0119 nam zachowa\u0107 wytrzyma\u0142o\u015b\u0107 konstrukcji przy jednoczesnej redukcji masy.<\/p>\n<p style=\"margin: 15px 0; line-height: 1.8; clear: both; display: block; width: 100%; float: none; position: static;\">To tak\u017ce <b>hydroformowanie ramy<\/b>, dzi\u0119ki czemu uda\u0142o si\u0119 nam uzyska\u0107 estetyczne, niespotykane nigdzie indziej kszta\u0142ty poszczeg\u00f3lnych rurek.<\/p>\n<p style=\"margin: 15px 0; line-height: 1.8; clear: both; display: block; width: 100%; float: none; position: static;\"><b>Rama<\/b> jest <b>malowana<\/b> <b>proszkowo<\/b>, co przek\u0142ada si\u0119 na trwa\u0142o\u015b\u0107 malowania oraz jego <b>odporno\u015b\u0107<\/b> <b>na<\/b> <b>uszkodzenia<\/b> <b>mechaniczne.<\/b><\/p>\n<\/div>\n<\/div>\n<div style=\"clear: both; display: block; margin: 10px 0;\">\n<div style=\"clear: both; display: block; margin: 10px 0;\">\n<div  style=\"max-width:800px;max-height:600px\">\n<div style=\"clear: both; display: block; margin: 10px 0;\">\n<div style=\"clear: both; width: 100%; display: block; margin: 20px 0; padding: 0; float: none; position: static; text-align: center;\"><img decoding=\"async\"  src=\"https:\/\/a.allegroimg.com\/original\/11b74b\/861528fe4003b2e3e296a1b387b9\/Rower-Crossowy-Kross-Evado-4-0-M-28-XL-grf_cze-m\" srcset=\"https:\/\/a.allegroimg.com\/original\/11b74b\/861528fe4003b2e3e296a1b387b9\/Rower-Crossowy-Kross-Evado-4-0-M-28-XL-grf_cze-m 360w,https:\/\/a.allegroimg.com\/original\/11b74b\/861528fe4003b2e3e296a1b387b9\/Rower-Crossowy-Kross-Evado-4-0-M-28-XL-grf_cze-m 720w,https:\/\/a.allegroimg.com\/original\/11b74b\/861528fe4003b2e3e296a1b387b9\/Rower-Crossowy-Kross-Evado-4-0-M-28-XL-grf_cze-m 800w,https:\/\/a.allegroimg.com\/original\/11b74b\/861528fe4003b2e3e296a1b387b9\/Rower-Crossowy-Kross-Evado-4-0-M-28-XL-grf_cze-m 800w\" sizes=\"(min-width: 1200px) 560px, (min-width: 992px) 50vw, 100vw\" width=\"800px\" alt=\"Rower Crossowy Kross Evado 4.0 M 28 XL grf_cze m\" style=\"max-width: 100%; height: auto; display: block; margin: 0 auto;\"><\/div>\n<\/div>\n<\/div>\n<\/div>\n<\/div>\n<\/div>\n<div style=\"clear: both; display: block; margin: 10px 0;\">\n<div style=\"clear: both; display: block; margin: 10px 0;\">\n<div style=\"clear: both; display: block; margin: 10px 0;\">\n<ul style=\"margin: 15px 0; padding-left: 20px; clear: both; display: block; width: 100%; float: none; position: static;\">\n<li style=\"margin: 5px 0; padding: 2px 0; clear: both; display: list-item; float: none; position: static;\"><b>Wyko\u0144czenie lakieru:<\/b>&nbsp;matowy<\/li>\n<li style=\"margin: 5px 0; padding: 2px 0; clear: both; display: list-item; float: none; position: static;\"><b>Materia\u0142 Ramy:<\/b>&nbsp;ALUMINIUM LITE<\/li>\n<li style=\"margin: 5px 0; padding: 2px 0; clear: both; display: list-item; float: none; position: static;\"><b>WIDELEC:<\/b>&nbsp;SR SUNTOUR NEX<\/li>\n<li style=\"margin: 5px 0; padding: 2px 0; clear: both; display: list-item; float: none; position: static;\"><b>Skok widelca:<\/b>&nbsp;63mm<\/li>\n<li style=\"margin: 5px 0; padding: 2px 0; clear: both; display: list-item; float: none; position: static;\"><b>TYLNY AMORTYZATOR:<\/b>&nbsp;BRAK<\/li>\n<li style=\"margin: 5px 0; padding: 2px 0; clear: both; display: list-item; float: none; position: static;\"><b>Skok tylnego amortyzatora:<\/b>&nbsp;BRAK<\/li>\n<li style=\"margin: 5px 0; padding: 2px 0; clear: both; display: list-item; float: none; position: static;\"><b>PRZERZUTKA PRZ\u00d3D:<\/b>&nbsp;SHIMANO TOURNEY TY710<\/li>\n<li style=\"margin: 5px 0; padding: 2px 0; clear: both; display: list-item; float: none; position: static;\"><b>PRZERZUTKA TY\u0141:<\/b>&nbsp;SHIMANO ACERA M360<\/li>\n<li style=\"margin: 5px 0; padding: 2px 0; clear: both; display: list-item; float: none; position: static;\"><b>MANETKI:<\/b>&nbsp;SHIMANO TX800<\/li>\n<li style=\"margin: 5px 0; padding: 2px 0; clear: both; display: list-item; float: none; position: static;\"><b>KORBA:<\/b>&nbsp;SR SUNTOUR XCC<\/li>\n<li style=\"margin: 5px 0; padding: 2px 0; clear: both; display: list-item; float: none; position: static;\"><b>Koronki:<\/b>&nbsp;48T-38T-28T\/170MM<\/li>\n<li style=\"margin: 5px 0; padding: 2px 0; clear: both; display: list-item; float: none; position: static;\"><b>KASETA \/ WOLNOBIEG:<\/b>&nbsp;SHIMANO HG31<\/li>\n<li style=\"margin: 5px 0; padding: 2px 0; clear: both; display: list-item; float: none; position: static;\"><b>Zakres kasety \/ wolnobiegu:<\/b>&nbsp;11-32T<\/li>\n<li style=\"margin: 5px 0; padding: 2px 0; clear: both; display: list-item; float: none; position: static;\"><b>ILO\u015a\u0106 PRZE\u0141O\u017bE\u0143:<\/b>&nbsp;24<\/li>\n<li style=\"margin: 5px 0; padding: 2px 0; clear: both; display: list-item; float: none; position: static;\"><b>SUPORT:<\/b>&nbsp;FP-B902<\/li>\n<li style=\"margin: 5px 0; padding: 2px 0; clear: both; display: list-item; float: none; position: static;\"><b>\u0141A\u0143CUCH:<\/b>&nbsp;SHIMANO HG40<\/li>\n<li style=\"margin: 5px 0; padding: 2px 0; clear: both; display: list-item; float: none; position: static;\"><b>PIASTA PRZ\u00d3D:<\/b>&nbsp;QR 9MM<\/li>\n<li style=\"margin: 5px 0; padding: 2px 0; clear: both; display: list-item; float: none; position: static;\"><b>PIASTA TY\u0141:<\/b>&nbsp;QR 9MM<\/li>\n<li style=\"margin: 5px 0; padding: 2px 0; clear: both; display: list-item; float: none; position: static;\"><b>OBR\u0118CZE:<\/b>&nbsp;KROSS<\/li>\n<li style=\"margin: 5px 0; padding: 2px 0; clear: both; display: list-item; float: none; position: static;\"><b>OPONY:<\/b>&nbsp;28&#8243;X1,6&#8243;<\/li>\n<li style=\"margin: 5px 0; padding: 2px 0; clear: both; display: list-item; float: none; position: static;\"><b>HAMULEC PRZ\u00d3D:<\/b>&nbsp;TEKTRO MD M300<\/li>\n<li style=\"margin: 5px 0; padding: 2px 0; clear: both; display: list-item; float: none; position: static;\"><b>HAMULEC TY\u0141:<\/b>&nbsp;TEKTRO MD M300<\/li>\n<li style=\"margin: 5px 0; padding: 2px 0; clear: both; display: list-item; float: none; position: static;\"><b>D\u0179WIGNIE HAMULCA:<\/b>&nbsp;SHIMANO TX800<\/li>\n<li style=\"margin: 5px 0; padding: 2px 0; clear: both; display: list-item; float: none; position: static;\"><b>TARCZE HAMULCOWE:<\/b>&nbsp;DISC (160)<\/li>\n<li style=\"margin: 5px 0; padding: 2px 0; clear: both; display: list-item; float: none; position: static;\"><b>KIEROWNICA:<\/b>&nbsp;ALUMINIUM 640 MM 31.8<\/li>\n<li style=\"margin: 5px 0; padding: 2px 0; clear: both; display: list-item; float: none; position: static;\"><b>WSPORNIK KIEROWNICY:<\/b>&nbsp;ALUMINIUM\/ 31,8\/7\u00b0 (S- 90MM, M- 105MM, L- 105MM, XL- 120MM)<\/li>\n<li style=\"margin: 5px 0; padding: 2px 0; clear: both; display: list-item; float: none; position: static;\"><b>SIOD\u0141O:<\/b>&nbsp;SELLE ROYAL<\/li>\n<li style=\"margin: 5px 0; padding: 2px 0; clear: both; display: list-item; float: none; position: static;\"><b>WSPORNIK SIOD\u0141A:<\/b>&nbsp;ALUMINIUM\/ 27,2 (S- 300MM, M- 300MM, L- 300MM, XL- 350MM)<\/li>\n<li style=\"margin: 5px 0; padding: 2px 0; clear: both; display: list-item; float: none; position: static;\"><b>STERY:<\/b>&nbsp;FP-H816 O1-1\/8&#8243;<\/li>\n<li style=\"margin: 5px 0; padding: 2px 0; clear: both; display: list-item; float: none; position: static;\"><b>CHWYTY:<\/b>&nbsp;HERRMANS OXY<\/li>\n<li style=\"margin: 5px 0; padding: 2px 0; clear: both; display: list-item; float: none; position: static;\"><b>PEDA\u0141Y:<\/b>&nbsp;FP-917N<\/li>\n<li style=\"margin: 5px 0; padding: 2px 0; clear: both; display: list-item; float: none; position: static;\"><b>SILNIK:<\/b>&nbsp;BRAK<\/li>\n<li style=\"margin: 5px 0; padding: 2px 0; clear: both; display: list-item; float: none; position: static;\"><b>BATERIA:<\/b>&nbsp;BRAK<\/li>\n<li style=\"margin: 5px 0; padding: 2px 0; clear: both; display: list-item; float: none; position: static;\"><b>WY\u015aWIETLACZ:<\/b>&nbsp;BRAK<\/li>\n<li style=\"margin: 5px 0; padding: 2px 0; clear: both; display: list-item; float: none; position: static;\"><b>Waga [kg]:<\/b>&nbsp;S: 13.2 kg; M: 14.1 kg; L: 14.2 kg; XL: 14.2 kg<\/li>\n<\/ul>\n<\/div>\n<\/div>\n<div style=\"clear: both; display: block; margin: 10px 0;\">\n<div style=\"clear: both; display: block; margin: 10px 0;\">\n<div  style=\"max-width:1600px;max-height:1064px\">\n<div style=\"clear: both; display: block; margin: 10px 0;\">\n<div style=\"clear: both; width: 100%; display: block; margin: 20px 0; padding: 0; float: none; position: static; text-align: center;\"><img decoding=\"async\"  src=\"https:\/\/a.allegroimg.com\/original\/11a49d\/e2c8756347f29e05d2d48fd564e6\/Rower-Crossowy-Kross-Evado-4-0-M-28-XL-grf_cze-m-Kod-producenta-KREV4Z28X23M000726\" srcset=\"https:\/\/a.allegroimg.com\/original\/11a49d\/e2c8756347f29e05d2d48fd564e6\/Rower-Crossowy-Kross-Evado-4-0-M-28-XL-grf_cze-m-Kod-producenta-KREV4Z28X23M000726 360w,https:\/\/a.allegroimg.com\/original\/11a49d\/e2c8756347f29e05d2d48fd564e6\/Rower-Crossowy-Kross-Evado-4-0-M-28-XL-grf_cze-m-Kod-producenta-KREV4Z28X23M000726 720w,https:\/\/a.allegroimg.com\/original\/11a49d\/e2c8756347f29e05d2d48fd564e6\/Rower-Crossowy-Kross-Evado-4-0-M-28-XL-grf_cze-m-Kod-producenta-KREV4Z28X23M000726 1024w,https:\/\/a.allegroimg.com\/original\/11a49d\/e2c8756347f29e05d2d48fd564e6\/Rower-Crossowy-Kross-Evado-4-0-M-28-XL-grf_cze-m-Kod-producenta-KREV4Z28X23M000726 1440w,https:\/\/a.allegroimg.com\/original\/11a49d\/e2c8756347f29e05d2d48fd564e6\/Rower-Crossowy-Kross-Evado-4-0-M-28-XL-grf_cze-m-Kod-producenta-KREV4Z28X23M000726 1600w\" sizes=\"(min-width: 1200px) 560px, (min-width: 992px) 50vw, 100vw\" width=\"1600px\" alt=\"Rower Crossowy Kross Evado 4.0 M 28 XL grf_cze m Kod producenta KREV4Z28X23M000726\" style=\"max-width: 100%; height: auto; display: block; margin: 0 auto;\"><\/div>\n<\/div>\n<\/div>\n<\/div>\n<\/div>\n<\/div>\n<div style=\"clear: both; display: block; margin: 10px 0;\">\n<div style=\"clear: both; display: block; margin: 10px 0;\">\n<div style=\"clear: both; display: block; margin: 10px 0;\">\n<div  style=\"max-width:1600px;max-height:1200px\">\n<div style=\"clear: both; display: block; margin: 10px 0;\">\n<div style=\"clear: both; width: 100%; display: block; margin: 20px 0; padding: 0; float: none; position: static; text-align: center;\"><img decoding=\"async\"  src=\"https:\/\/a.allegroimg.com\/original\/1167e1\/fadfdbcb4182ac79fb5435d2cf84\/Rower-Crossowy-Kross-Evado-4-0-M-28-XL-grf_cze-m-Model-Evado-4-0\" srcset=\"https:\/\/a.allegroimg.com\/original\/1167e1\/fadfdbcb4182ac79fb5435d2cf84\/Rower-Crossowy-Kross-Evado-4-0-M-28-XL-grf_cze-m-Model-Evado-4-0 360w,https:\/\/a.allegroimg.com\/original\/1167e1\/fadfdbcb4182ac79fb5435d2cf84\/Rower-Crossowy-Kross-Evado-4-0-M-28-XL-grf_cze-m-Model-Evado-4-0 720w,https:\/\/a.allegroimg.com\/original\/1167e1\/fadfdbcb4182ac79fb5435d2cf84\/Rower-Crossowy-Kross-Evado-4-0-M-28-XL-grf_cze-m-Model-Evado-4-0 1024w,https:\/\/a.allegroimg.com\/original\/1167e1\/fadfdbcb4182ac79fb5435d2cf84\/Rower-Crossowy-Kross-Evado-4-0-M-28-XL-grf_cze-m-Model-Evado-4-0 1440w,https:\/\/a.allegroimg.com\/original\/1167e1\/fadfdbcb4182ac79fb5435d2cf84\/Rower-Crossowy-Kross-Evado-4-0-M-28-XL-grf_cze-m-Model-Evado-4-0 1600w\" sizes=\"(min-width: 1200px) 560px, (min-width: 992px) 50vw, 100vw\" width=\"1600px\" alt=\"Rower Crossowy Kross Evado 4.0 M 28 XL grf_cze m Model Evado 4.0\" style=\"max-width: 100%; height: auto; display: block; margin: 0 auto;\"><\/div>\n<\/div>\n<\/div>\n<\/div>\n<\/div>\n<div style=\"clear: both; display: block; margin: 10px 0;\">\n<div style=\"clear: both; display: block; margin: 10px 0;\">\n<div  style=\"max-width:1600px;max-height:1200px\">\n<div style=\"clear: both; display: block; margin: 10px 0;\">\n<div style=\"clear: both; width: 100%; display: block; margin: 20px 0; padding: 0; float: none; position: static; text-align: center;\"><img decoding=\"async\"  src=\"https:\/\/a.allegroimg.com\/original\/118eeb\/6ec703ea46b1af706956e15956ba\/Rower-Crossowy-Kross-Evado-4-0-M-28-XL-grf_cze-m-Marka-Kross\" srcset=\"https:\/\/a.allegroimg.com\/original\/118eeb\/6ec703ea46b1af706956e15956ba\/Rower-Crossowy-Kross-Evado-4-0-M-28-XL-grf_cze-m-Marka-Kross 360w,https:\/\/a.allegroimg.com\/original\/118eeb\/6ec703ea46b1af706956e15956ba\/Rower-Crossowy-Kross-Evado-4-0-M-28-XL-grf_cze-m-Marka-Kross 720w,https:\/\/a.allegroimg.com\/original\/118eeb\/6ec703ea46b1af706956e15956ba\/Rower-Crossowy-Kross-Evado-4-0-M-28-XL-grf_cze-m-Marka-Kross 1024w,https:\/\/a.allegroimg.com\/original\/118eeb\/6ec703ea46b1af706956e15956ba\/Rower-Crossowy-Kross-Evado-4-0-M-28-XL-grf_cze-m-Marka-Kross 1440w,https:\/\/a.allegroimg.com\/original\/118eeb\/6ec703ea46b1af706956e15956ba\/Rower-Crossowy-Kross-Evado-4-0-M-28-XL-grf_cze-m-Marka-Kross 1600w\" sizes=\"(min-width: 1200px) 560px, (min-width: 992px) 50vw, 100vw\" width=\"1600px\" alt=\"Rower Crossowy Kross Evado 4.0 M 28 XL grf_cze m Marka Kross\" style=\"max-width: 100%; height: auto; display: block; margin: 0 auto;\"><\/div>\n<\/div>\n<\/div>\n<\/div>\n<\/div>\n<\/div>\n<div style=\"clear: both; display: block; margin: 10px 0;\">\n<div style=\"clear: both; display: block; margin: 10px 0;\">\n<div style=\"clear: both; display: block; margin: 10px 0;\">\n<div  style=\"max-width:1600px;max-height:1200px\">\n<div style=\"clear: both; display: block; margin: 10px 0;\">\n<div style=\"clear: both; width: 100%; display: block; margin: 20px 0; padding: 0; float: none; position: static; text-align: center;\"><img decoding=\"async\"  src=\"https:\/\/a.allegroimg.com\/original\/1113f8\/5bd6b5334e3ea11c5f3087c0a9d1\/Rower-Crossowy-Kross-Evado-4-0-M-28-XL-grf_cze-m-Rozmiar-ramy-23-cale\" srcset=\"https:\/\/a.allegroimg.com\/original\/1113f8\/5bd6b5334e3ea11c5f3087c0a9d1\/Rower-Crossowy-Kross-Evado-4-0-M-28-XL-grf_cze-m-Rozmiar-ramy-23-cale 360w,https:\/\/a.allegroimg.com\/original\/1113f8\/5bd6b5334e3ea11c5f3087c0a9d1\/Rower-Crossowy-Kross-Evado-4-0-M-28-XL-grf_cze-m-Rozmiar-ramy-23-cale 720w,https:\/\/a.allegroimg.com\/original\/1113f8\/5bd6b5334e3ea11c5f3087c0a9d1\/Rower-Crossowy-Kross-Evado-4-0-M-28-XL-grf_cze-m-Rozmiar-ramy-23-cale 1024w,https:\/\/a.allegroimg.com\/original\/1113f8\/5bd6b5334e3ea11c5f3087c0a9d1\/Rower-Crossowy-Kross-Evado-4-0-M-28-XL-grf_cze-m-Rozmiar-ramy-23-cale 1440w,https:\/\/a.allegroimg.com\/original\/1113f8\/5bd6b5334e3ea11c5f3087c0a9d1\/Rower-Crossowy-Kross-Evado-4-0-M-28-XL-grf_cze-m-Rozmiar-ramy-23-cale 1600w\" sizes=\"100vw\" width=\"1600px\" alt=\"Rower Crossowy Kross Evado 4.0 M 28 XL grf_cze m Rozmiar ramy 23 cale\" style=\"max-width: 100%; height: auto; display: block; margin: 0 auto;\"><\/div>\n<\/div>\n<\/div>\n<\/div>\n<\/div>\n<\/div>\n<\/div>\n<\/div>\n<\/div>\n<div style=\"clear: both; display: block; margin: 10px 0;\">\n","protected":false},"excerpt":{"rendered":"<p>Evado 4.0<\/p>\n<p>Czasem potrzebujemy od roweru czego\u015b wi\u0119cej. Kiedy dochodzimy do takiego wniosku na horyzoncie pojawia si\u0119 on\u2026 ca\u0142y na bia\u0142o. No, mo\u017ce nie w tym przypadku. Ale nasz Kross Evado 4.0 to \u015bwietny wyb\u00f3r dla ka\u017cdego, kto nie chce by\u0107 ograniczany wyborem pomi\u0119dzy \u015bcie\u017ckami rowerowymi czy utwardzon\u0105 nawierzchni\u0105 podczas le\u015bnych wypraw. Kross Evado 4.0 zabierze ci\u0119 tam, gdzie rower szosowy nie da rady. I u\u0142atwi jazd\u0119 tam, gdzie rower g\u00f3rski b\u0119dzie stwarza\u0142 problemy.<\/p>\n<p>Osprz\u0119t<\/p>\n","protected":false},"featured_media":14468,"template":"","meta":{"_uag_custom_page_level_css":""},"product_brand":[692],"product_cat":[725,688,687],"product_tag":[],"class_list":{"0":"post-14467","1":"product","2":"type-product","3":"status-publish","4":"has-post-thumbnail","6":"product_brand-kross","7":"product_cat-crossowe","8":"product_cat-rowery","9":"product_cat-rowery-i-akcesoria","11":"first","12":"instock","13":"sale","14":"shipping-taxable","15":"purchasable","16":"product-type-simple"},"uagb_featured_image_src":{"full":["https:\/\/twojerowery.shop\/ro64\/wp-content\/uploads\/2026\/02\/allegro-image-14467.jpg",800,600,false],"thumbnail":["https:\/\/twojerowery.shop\/ro64\/wp-content\/uploads\/2026\/02\/allegro-image-14467-150x150.jpg",150,150,true],"medium":["https:\/\/twojerowery.shop\/ro64\/wp-content\/uploads\/2026\/02\/allegro-image-14467-300x225.jpg",300,225,true],"medium_large":["https:\/\/twojerowery.shop\/ro64\/wp-content\/uploads\/2026\/02\/allegro-image-14467-768x576.jpg",768,576,true],"large":["https:\/\/twojerowery.shop\/ro64\/wp-content\/uploads\/2026\/02\/allegro-image-14467.jpg",800,600,false],"1536x1536":["https:\/\/twojerowery.shop\/ro64\/wp-content\/uploads\/2026\/02\/allegro-image-14467.jpg",800,600,false],"2048x2048":["https:\/\/twojerowery.shop\/ro64\/wp-content\/uploads\/2026\/02\/allegro-image-14467.jpg",800,600,false],"woocommerce_thumbnail":["https:\/\/twojerowery.shop\/ro64\/wp-content\/uploads\/2026\/02\/allegro-image-14467-300x300.jpg",300,300,true],"woocommerce_single":["https:\/\/twojerowery.shop\/ro64\/wp-content\/uploads\/2026\/02\/allegro-image-14467-600x450.jpg",600,450,true],"woocommerce_gallery_thumbnail":["https:\/\/twojerowery.shop\/ro64\/wp-content\/uploads\/2026\/02\/allegro-image-14467-100x100.jpg",100,100,true]},"uagb_author_info":{"display_name":"admin","author_link":"https:\/\/twojerowery.shop\/ro64\/author\/"},"uagb_comment_info":0,"uagb_excerpt":"Evado 4.0 Czasem potrzebujemy od roweru czego\u015b wi\u0119cej. Kiedy dochodzimy do takiego wniosku na horyzoncie pojawia si\u0119 on\u2026 ca\u0142y na bia\u0142o. No, mo\u017ce nie w tym przypadku. Ale nasz Kross Evado 4.0 to \u015bwietny wyb\u00f3r dla ka\u017cdego, kto nie chce by\u0107 ograniczany wyborem pomi\u0119dzy \u015bcie\u017ckami rowerowymi czy utwardzon\u0105 nawierzchni\u0105 podczas le\u015bnych wypraw. Kross Evado 4.0&hellip;","_links":{"self":[{"href":"https:\/\/twojerowery.shop\/ro64\/wp-json\/wp\/v2\/product\/14467","targetHints":{"allow":["GET"]}}],"collection":[{"href":"https:\/\/twojerowery.shop\/ro64\/wp-json\/wp\/v2\/product"}],"about":[{"href":"https:\/\/twojerowery.shop\/ro64\/wp-json\/wp\/v2\/types\/product"}],"wp:featuredmedia":[{"embeddable":true,"href":"https:\/\/twojerowery.shop\/ro64\/wp-json\/wp\/v2\/media\/14468"}],"wp:attachment":[{"href":"https:\/\/twojerowery.shop\/ro64\/wp-json\/wp\/v2\/media?parent=14467"}],"wp:term":[{"taxonomy":"product_brand","embeddable":true,"href":"https:\/\/twojerowery.shop\/ro64\/wp-json\/wp\/v2\/product_brand?post=14467"},{"taxonomy":"product_cat","embeddable":true,"href":"https:\/\/twojerowery.shop\/ro64\/wp-json\/wp\/v2\/product_cat?post=14467"},{"taxonomy":"product_tag","embeddable":true,"href":"https:\/\/twojerowery.shop\/ro64\/wp-json\/wp\/v2\/product_tag?post=14467"}],"curies":[{"name":"wp","href":"https:\/\/api.w.org\/{rel}","templated":true}]}}