{"id":14485,"date":"2026-02-26T04:37:11","date_gmt":"2026-02-26T03:37:11","guid":{"rendered":"https:\/\/rowermax.shop\/ro64\/produkt\/rower-dzieciecy-mtb-woom-go-3-kolo-16-czerwony\/"},"modified":"2026-02-26T04:37:12","modified_gmt":"2026-02-26T03:37:12","slug":"rower-dzieciecy-mtb-woom-go-3-kolo-16-czerwony","status":"publish","type":"product","link":"https:\/\/twojerowery.shop\/ro64\/produkt\/rower-dzieciecy-mtb-woom-go-3-kolo-16-czerwony\/","title":{"rendered":"Rower dzieci\u0119cy MTB Woom GO 3 ko\u0142o 16 &quot; czerwony"},"content":{"rendered":"<div style=\"font-family: Arial, sans-serif; line-height: 1.6; color: #333; padding: 20px; clear: both; display: block; width: 100%; float: none; position: static; overflow: hidden;\">\n<div style=\"clear: both; display: block; margin: 10px 0;\">\n<div style=\"clear: both; display: block; margin: 10px 0;\">\n<div style=\"clear: both; display: block; margin: 10px 0;\">\n<p style=\"margin: 15px 0; line-height: 1.8; clear: both; display: block; width: 100%; float: none; position: static;\"><b>Woom Go 3 &#8211; <\/b>Ultralekki rower z 16-calowymi ko\u0142ami i bezpieczn\u0105 konstrukcj\u0105 dla dzieci od 4. roku \u017cycia.<\/p>\n<p style=\"margin: 15px 0; line-height: 1.8; clear: both; display: block; width: 100%; float: none; position: static;\">&#8211; Zalecany pod wzrost 105-120cm.<\/p>\n<p style=\"margin: 15px 0; line-height: 1.8; clear: both; display: block; width: 100%; float: none; position: static;\">&#8211; Rower wa\u017cy zaledwie 5,4 kg !<\/p>\n<p style=\"margin: 15px 0; line-height: 1.8; clear: both; display: block; width: 100%; float: none; position: static;\">Na ka\u017cdej kolejnej przeja\u017cd\u017cce na woom GO 3 Twoje dziecko b\u0119dzie zyskiwa\u0107 pewno\u015b\u0107 siebie. Bezpieczne, intuicyjne prowadzenie i wszystkie sprytne funkcje sprawi\u0105, \u017ce maluch doskonali umiej\u0119tno\u015bci hamowania i pokonywania zakr\u0119t\u00f3w jak prawdziwy profesjonalista. Intuicyjne oznaczenie hamulca zielonym kolorem, a geometria ramy u\u0142atwia peda\u0142owanie oraz gwarantuje stabilno\u015b\u0107 i bezpiecze\u0144stwo podczas rowerowych szale\u0144stw.<\/p>\n<\/div>\n<\/div>\n<\/div>\n<div style=\"clear: both; display: block; margin: 10px 0;\">\n<div style=\"clear: both; display: block; margin: 10px 0;\">\n<div style=\"clear: both; display: block; margin: 10px 0;\">\n<div  style=\"max-width:1264px;max-height:842px\">\n<div style=\"clear: both; display: block; margin: 10px 0;\">\n<div style=\"clear: both; width: 100%; display: block; margin: 20px 0; padding: 0; float: none; position: static; text-align: center;\"><img decoding=\"async\"  src=\"https:\/\/a.allegroimg.com\/original\/116f71\/824c19be444da40816f92c839a6a\/Rower-dzieciecy-MTB-Woom-GO-3-kolo-16-czerwony\" srcset=\"https:\/\/a.allegroimg.com\/original\/116f71\/824c19be444da40816f92c839a6a\/Rower-dzieciecy-MTB-Woom-GO-3-kolo-16-czerwony 360w,https:\/\/a.allegroimg.com\/original\/116f71\/824c19be444da40816f92c839a6a\/Rower-dzieciecy-MTB-Woom-GO-3-kolo-16-czerwony 720w,https:\/\/a.allegroimg.com\/original\/116f71\/824c19be444da40816f92c839a6a\/Rower-dzieciecy-MTB-Woom-GO-3-kolo-16-czerwony 1024w,https:\/\/a.allegroimg.com\/original\/116f71\/824c19be444da40816f92c839a6a\/Rower-dzieciecy-MTB-Woom-GO-3-kolo-16-czerwony 1264w,https:\/\/a.allegroimg.com\/original\/116f71\/824c19be444da40816f92c839a6a\/Rower-dzieciecy-MTB-Woom-GO-3-kolo-16-czerwony 1264w\" sizes=\"(min-width: 1200px) 560px, (min-width: 992px) 50vw, 100vw\" width=\"1264px\" alt=\"Rower dzieci\u0119cy MTB Woom GO 3 ko\u0142o 16 &amp;quot; czerwony\" style=\"max-width: 100%; height: auto; display: block; margin: 0 auto;\"><\/div>\n<\/div>\n<\/div>\n<\/div>\n<\/div>\n<div style=\"clear: both; display: block; margin: 10px 0;\">\n<div style=\"clear: both; display: block; margin: 10px 0;\">\n<h3 style=\"color: #2c5aa0; font-size: 18px; margin: 30px 0 15px 0; font-weight: bold; clear: both; display: block; width: 100%; float: none; position: static;\">Rama<\/h3>\n<ul style=\"margin: 15px 0; padding-left: 20px; clear: both; display: block; width: 100%; float: none; position: static;\">\n<li style=\"margin: 5px 0; padding: 2px 0; clear: both; display: list-item; float: none; position: static;\">Lekka, wysokiej jako\u015bci rama wykonana z aluminium AA 6061<\/li>\n<li style=\"margin: 5px 0; padding: 2px 0; clear: both; display: list-item; float: none; position: static;\">Ko\u0142a 16\u2033<\/li>\n<li style=\"margin: 5px 0; padding: 2px 0; clear: both; display: list-item; float: none; position: static;\">\u0141atwo\u015b\u0107 prowadzenia: niski przekrok, bardzo niska pozycja jad\u0105cego dziecka, d\u0142ugi rozstaw osi i samosteruj\u0105ca geometria przedniego ko\u0142a zapewniaj\u0105 du\u017c\u0105 stabilno\u015b\u0107, dobry balans i wi\u0119cej rado\u015bci dla jad\u0105cego, a tak\u017ce spokoju g\u0142owy dla obserwuj\u0105cych popisy<\/li>\n<\/ul>\n<\/div>\n<\/div>\n<\/div>\n<div style=\"clear: both; display: block; margin: 10px 0;\">\n<div style=\"clear: both; display: block; margin: 10px 0;\">\n<div style=\"clear: both; display: block; margin: 10px 0;\">\n<h3 style=\"color: #2c5aa0; font-size: 18px; margin: 30px 0 15px 0; font-weight: bold; clear: both; display: block; width: 100%; float: none; position: static;\">Ko\u0142a<\/h3>\n<ul style=\"margin: 15px 0; padding-left: 20px; clear: both; display: block; width: 100%; float: none; position: static;\">\n<li style=\"margin: 5px 0; padding: 2px 0; clear: both; display: list-item; float: none; position: static;\">Ultralekkie aluminiowe obr\u0119cze<\/li>\n<li style=\"margin: 5px 0; padding: 2px 0; clear: both; display: list-item; float: none; position: static;\">Lekkie aluminiowe piasty z uszczelnionymi \u0142o\u017cyskami<\/li>\n<li style=\"margin: 5px 0; padding: 2px 0; clear: both; display: list-item; float: none; position: static;\">Monta\u017c i demonta\u017c za pomoc\u0105 klucza imbusowego 5 mm<\/li>\n<li style=\"margin: 5px 0; padding: 2px 0; clear: both; display: list-item; float: none; position: static;\">16 lekkich, super mocnych stalowych szprych, zaplecionych na krzy\u017c<\/li>\n<\/ul>\n<\/div>\n<\/div>\n<div style=\"clear: both; display: block; margin: 10px 0;\">\n<div style=\"clear: both; display: block; margin: 10px 0;\">\n<div  style=\"max-width:1264px;max-height:842px\">\n<div style=\"clear: both; display: block; margin: 10px 0;\">\n<div style=\"clear: both; width: 100%; display: block; margin: 20px 0; padding: 0; float: none; position: static; text-align: center;\"><img decoding=\"async\"  src=\"https:\/\/a.allegroimg.com\/original\/111699\/6ad5ceb54e8cbe33fa787d38679f\/Rower-dzieciecy-MTB-Woom-GO-3-kolo-16-czerwony-Rozmiar-ramy-mniejsza\" srcset=\"https:\/\/a.allegroimg.com\/original\/111699\/6ad5ceb54e8cbe33fa787d38679f\/Rower-dzieciecy-MTB-Woom-GO-3-kolo-16-czerwony-Rozmiar-ramy-mniejsza 360w,https:\/\/a.allegroimg.com\/original\/111699\/6ad5ceb54e8cbe33fa787d38679f\/Rower-dzieciecy-MTB-Woom-GO-3-kolo-16-czerwony-Rozmiar-ramy-mniejsza 720w,https:\/\/a.allegroimg.com\/original\/111699\/6ad5ceb54e8cbe33fa787d38679f\/Rower-dzieciecy-MTB-Woom-GO-3-kolo-16-czerwony-Rozmiar-ramy-mniejsza 1024w,https:\/\/a.allegroimg.com\/original\/111699\/6ad5ceb54e8cbe33fa787d38679f\/Rower-dzieciecy-MTB-Woom-GO-3-kolo-16-czerwony-Rozmiar-ramy-mniejsza 1264w,https:\/\/a.allegroimg.com\/original\/111699\/6ad5ceb54e8cbe33fa787d38679f\/Rower-dzieciecy-MTB-Woom-GO-3-kolo-16-czerwony-Rozmiar-ramy-mniejsza 1264w\" sizes=\"(min-width: 1200px) 560px, (min-width: 992px) 50vw, 100vw\" width=\"1264px\" alt=\"Rower dzieci\u0119cy MTB Woom GO 3 ko\u0142o 16 &amp;quot; czerwony Rozmiar ramy mniejsza\" style=\"max-width: 100%; height: auto; display: block; margin: 0 auto;\"><\/div>\n<\/div>\n<\/div>\n<\/div>\n<\/div>\n<\/div>\n<div style=\"clear: both; display: block; margin: 10px 0;\">\n<div style=\"clear: both; display: block; margin: 10px 0;\">\n<div style=\"clear: both; display: block; margin: 10px 0;\">\n<div  style=\"max-width:1264px;max-height:893px\">\n<div style=\"clear: both; display: block; margin: 10px 0;\">\n<div style=\"clear: both; width: 100%; display: block; margin: 20px 0; padding: 0; float: none; position: static; text-align: center;\"><img decoding=\"async\"  src=\"https:\/\/a.allegroimg.com\/original\/11986b\/601fa6fb43b1b8d1c8931096469c\/Rower-dzieciecy-MTB-Woom-GO-3-kolo-16-czerwony-Model-GO-3\" srcset=\"https:\/\/a.allegroimg.com\/original\/11986b\/601fa6fb43b1b8d1c8931096469c\/Rower-dzieciecy-MTB-Woom-GO-3-kolo-16-czerwony-Model-GO-3 360w,https:\/\/a.allegroimg.com\/original\/11986b\/601fa6fb43b1b8d1c8931096469c\/Rower-dzieciecy-MTB-Woom-GO-3-kolo-16-czerwony-Model-GO-3 720w,https:\/\/a.allegroimg.com\/original\/11986b\/601fa6fb43b1b8d1c8931096469c\/Rower-dzieciecy-MTB-Woom-GO-3-kolo-16-czerwony-Model-GO-3 1024w,https:\/\/a.allegroimg.com\/original\/11986b\/601fa6fb43b1b8d1c8931096469c\/Rower-dzieciecy-MTB-Woom-GO-3-kolo-16-czerwony-Model-GO-3 1264w,https:\/\/a.allegroimg.com\/original\/11986b\/601fa6fb43b1b8d1c8931096469c\/Rower-dzieciecy-MTB-Woom-GO-3-kolo-16-czerwony-Model-GO-3 1264w\" sizes=\"(min-width: 1200px) 560px, (min-width: 992px) 50vw, 100vw\" width=\"1264px\" alt=\"Rower dzieci\u0119cy MTB Woom GO 3 ko\u0142o 16 &amp;quot; czerwony Model GO 3\" style=\"max-width: 100%; height: auto; display: block; margin: 0 auto;\"><\/div>\n<\/div>\n<\/div>\n<\/div>\n<\/div>\n<div style=\"clear: both; display: block; margin: 10px 0;\">\n<div style=\"clear: both; display: block; margin: 10px 0;\">\n<h3 style=\"color: #2c5aa0; font-size: 18px; margin: 30px 0 15px 0; font-weight: bold; clear: both; display: block; width: 100%; float: none; position: static;\">Widelec<\/h3>\n<ul style=\"margin: 15px 0; padding-left: 20px; clear: both; display: block; width: 100%; float: none; position: static;\">\n<li style=\"margin: 5px 0; padding: 2px 0; clear: both; display: list-item; float: none; position: static;\">Lekki aluminiowy widelec typu unicrown<\/li>\n<li style=\"margin: 5px 0; padding: 2px 0; clear: both; display: list-item; float: none; position: static;\">Rura sterowa 1\u2033<\/li>\n<li style=\"margin: 5px 0; padding: 2px 0; clear: both; display: list-item; float: none; position: static;\">Ustawienie widelca wzgl\u0119dem ko\u0142a zapewnia du\u017c\u0105 samosterowno\u015b\u0107, u\u0142atwiaj\u0105c\u0105 bezpieczn\u0105 jazd\u0119<\/li>\n<\/ul>\n<\/div>\n<\/div>\n<\/div>\n<div style=\"clear: both; display: block; margin: 10px 0;\">\n<div style=\"clear: both; display: block; margin: 10px 0;\">\n<div style=\"clear: both; display: block; margin: 10px 0;\">\n<h3 style=\"color: #2c5aa0; font-size: 18px; margin: 30px 0 15px 0; font-weight: bold; clear: both; display: block; width: 100%; float: none; position: static;\">Opony<\/h3>\n<ul style=\"margin: 15px 0; padding-left: 20px; clear: both; display: block; width: 100%; float: none; position: static;\">\n<li style=\"margin: 5px 0; padding: 2px 0; clear: both; display: list-item; float: none; position: static;\">16 \u00d7 1.4\u2033 Schwalbe Little Joe<\/li>\n<li style=\"margin: 5px 0; padding: 2px 0; clear: both; display: list-item; float: none; position: static;\">Wyprodukowane zgodnie z \u201cdoros\u0142ymi\u201d technologiami maj\u0105 jako\u015b\u0107 wymagan\u0105 nawet przez specjalist\u00f3w, a wi\u0119c przy \u015bwietnej przyczepno\u015bci s\u0105 bardzo lekkie i maj\u0105 niskie opory toczenia \u2013 bardzo podnosi to poziom bezpiecze\u0144stwa przy minimalnym wysi\u0142ku<\/li>\n<li style=\"margin: 5px 0; padding: 2px 0; clear: both; display: list-item; float: none; position: static;\">Samochodowe wentyle umo\u017cliwiaj\u0105ce pompowanie opon nawet na stacjach benzynowych<\/li>\n<li style=\"margin: 5px 0; padding: 2px 0; clear: both; display: list-item; float: none; position: static;\">Odblaskowe paski zwi\u0119kszaj\u0105 widoczno\u015b\u0107 z boku<\/li>\n<\/ul>\n<\/div>\n<\/div>\n<div style=\"clear: both; display: block; margin: 10px 0;\">\n<div style=\"clear: both; display: block; margin: 10px 0;\">\n<div  style=\"max-width:1264px;max-height:842px\">\n<div style=\"clear: both; display: block; margin: 10px 0;\">\n<div style=\"clear: both; width: 100%; display: block; margin: 20px 0; padding: 0; float: none; position: static; text-align: center;\"><img decoding=\"async\"  src=\"https:\/\/a.allegroimg.com\/original\/1199ad\/3682f9394d8e824b86c732a2b1ba\/Rower-dzieciecy-MTB-Woom-GO-3-kolo-16-czerwony-Kod-producenta-9120083728774\" srcset=\"https:\/\/a.allegroimg.com\/original\/1199ad\/3682f9394d8e824b86c732a2b1ba\/Rower-dzieciecy-MTB-Woom-GO-3-kolo-16-czerwony-Kod-producenta-9120083728774 360w,https:\/\/a.allegroimg.com\/original\/1199ad\/3682f9394d8e824b86c732a2b1ba\/Rower-dzieciecy-MTB-Woom-GO-3-kolo-16-czerwony-Kod-producenta-9120083728774 720w,https:\/\/a.allegroimg.com\/original\/1199ad\/3682f9394d8e824b86c732a2b1ba\/Rower-dzieciecy-MTB-Woom-GO-3-kolo-16-czerwony-Kod-producenta-9120083728774 1024w,https:\/\/a.allegroimg.com\/original\/1199ad\/3682f9394d8e824b86c732a2b1ba\/Rower-dzieciecy-MTB-Woom-GO-3-kolo-16-czerwony-Kod-producenta-9120083728774 1264w,https:\/\/a.allegroimg.com\/original\/1199ad\/3682f9394d8e824b86c732a2b1ba\/Rower-dzieciecy-MTB-Woom-GO-3-kolo-16-czerwony-Kod-producenta-9120083728774 1264w\" sizes=\"(min-width: 1200px) 560px, (min-width: 992px) 50vw, 100vw\" width=\"1264px\" alt=\"Rower dzieci\u0119cy MTB Woom GO 3 ko\u0142o 16 &amp;quot; czerwony Kod producenta 9120083728774\" style=\"max-width: 100%; height: auto; display: block; margin: 0 auto;\"><\/div>\n<\/div>\n<\/div>\n<\/div>\n<\/div>\n<\/div>\n<div style=\"clear: both; display: block; margin: 10px 0;\">\n<div style=\"clear: both; display: block; margin: 10px 0;\">\n<div style=\"clear: both; display: block; margin: 10px 0;\">\n<div  style=\"max-width:1264px;max-height:842px\">\n<div style=\"clear: both; display: block; margin: 10px 0;\">\n<div style=\"clear: both; width: 100%; display: block; margin: 20px 0; padding: 0; float: none; position: static; text-align: center;\"><img decoding=\"async\"  src=\"https:\/\/a.allegroimg.com\/original\/119880\/cd233e86488d92a8091fea0ae667\/Rower-dzieciecy-MTB-Woom-GO-3-kolo-16-czerwony-Material-ramy-aluminium\" srcset=\"https:\/\/a.allegroimg.com\/original\/119880\/cd233e86488d92a8091fea0ae667\/Rower-dzieciecy-MTB-Woom-GO-3-kolo-16-czerwony-Material-ramy-aluminium 360w,https:\/\/a.allegroimg.com\/original\/119880\/cd233e86488d92a8091fea0ae667\/Rower-dzieciecy-MTB-Woom-GO-3-kolo-16-czerwony-Material-ramy-aluminium 720w,https:\/\/a.allegroimg.com\/original\/119880\/cd233e86488d92a8091fea0ae667\/Rower-dzieciecy-MTB-Woom-GO-3-kolo-16-czerwony-Material-ramy-aluminium 1024w,https:\/\/a.allegroimg.com\/original\/119880\/cd233e86488d92a8091fea0ae667\/Rower-dzieciecy-MTB-Woom-GO-3-kolo-16-czerwony-Material-ramy-aluminium 1264w,https:\/\/a.allegroimg.com\/original\/119880\/cd233e86488d92a8091fea0ae667\/Rower-dzieciecy-MTB-Woom-GO-3-kolo-16-czerwony-Material-ramy-aluminium 1264w\" sizes=\"(min-width: 1200px) 560px, (min-width: 992px) 50vw, 100vw\" width=\"1264px\" alt=\"Rower dzieci\u0119cy MTB Woom GO 3 ko\u0142o 16 &amp;quot; czerwony Materia\u0142 ramy aluminium\" style=\"max-width: 100%; height: auto; display: block; margin: 0 auto;\"><\/div>\n<\/div>\n<\/div>\n<\/div>\n<\/div>\n<div style=\"clear: both; display: block; margin: 10px 0;\">\n<div style=\"clear: both; display: block; margin: 10px 0;\">\n<h3 style=\"color: #2c5aa0; font-size: 18px; margin: 30px 0 15px 0; font-weight: bold; clear: both; display: block; width: 100%; float: none; position: static;\">Stery<\/h3>\n<ul style=\"margin: 15px 0; padding-left: 20px; clear: both; display: block; width: 100%; float: none; position: static;\">\n<li style=\"margin: 5px 0; padding: 2px 0; clear: both; display: list-item; float: none; position: static;\">W pe\u0142ni zintegrowane stery 1\u2033<\/li>\n<li style=\"margin: 5px 0; padding: 2px 0; clear: both; display: list-item; float: none; position: static;\">Uszczelnione \u0142o\u017cyska maszynowe<\/li>\n<li style=\"margin: 5px 0; padding: 2px 0; clear: both; display: list-item; float: none; position: static;\">Zintegrowana obejma stabilizuj\u0105ca<\/li>\n<\/ul>\n<\/div>\n<\/div>\n<\/div>\n<div style=\"clear: both; display: block; margin: 10px 0;\">\n<div style=\"clear: both; display: block; margin: 10px 0;\">\n<div style=\"clear: both; display: block; margin: 10px 0;\">\n<h2>U nas dokonasz bezpiecznego zakupu- jeste\u015bmy autoryzowanym dealerem firmy WOOM oraz prowadzimy sklep stacjonarny.<\/h2>\n<\/div>\n<\/div>\n<\/div>\n<div style=\"clear: both; display: block; margin: 10px 0;\">\n<div style=\"clear: both; display: block; margin: 10px 0;\">\n<div style=\"clear: both; display: block; margin: 10px 0;\">\n<div  style=\"max-width:975px;max-height:484px\">\n<div style=\"clear: both; display: block; margin: 10px 0;\">\n<div style=\"clear: both; width: 100%; display: block; margin: 20px 0; padding: 0; float: none; position: static; text-align: center;\"><img decoding=\"async\"  src=\"https:\/\/a.allegroimg.com\/original\/11e566\/b61da6314f72a0089f9f6c0f7dda\/Rower-dzieciecy-MTB-Woom-GO-3-kolo-16-czerwony-Kolor-czerwony\" srcset=\"https:\/\/a.allegroimg.com\/original\/11e566\/b61da6314f72a0089f9f6c0f7dda\/Rower-dzieciecy-MTB-Woom-GO-3-kolo-16-czerwony-Kolor-czerwony 360w,https:\/\/a.allegroimg.com\/original\/11e566\/b61da6314f72a0089f9f6c0f7dda\/Rower-dzieciecy-MTB-Woom-GO-3-kolo-16-czerwony-Kolor-czerwony 720w,https:\/\/a.allegroimg.com\/original\/11e566\/b61da6314f72a0089f9f6c0f7dda\/Rower-dzieciecy-MTB-Woom-GO-3-kolo-16-czerwony-Kolor-czerwony 975w,https:\/\/a.allegroimg.com\/original\/11e566\/b61da6314f72a0089f9f6c0f7dda\/Rower-dzieciecy-MTB-Woom-GO-3-kolo-16-czerwony-Kolor-czerwony 975w\" sizes=\"100vw\" width=\"975px\" alt=\"Rower dzieci\u0119cy MTB Woom GO 3 ko\u0142o 16 &amp;quot; czerwony Kolor czerwony\" style=\"max-width: 100%; height: auto; display: block; margin: 0 auto;\"><\/div>\n<\/div>\n<\/div>\n<\/div>\n<\/div>\n<\/div>\n<\/div>\n<\/div>\n<\/div>\n<div style=\"clear: both; display: block; margin: 10px 0;\">\n","protected":false},"excerpt":{"rendered":"<p>Woom Go 3 &#8211; Ultralekki rower z 16-calowymi ko\u0142ami i bezpieczn\u0105 konstrukcj\u0105 dla dzieci od 4. roku \u017cycia.<\/p>\n<p>&#8211; Zalecany pod wzrost 105-120cm.<\/p>\n<p>&#8211; Rower wa\u017cy zaledwie 5,4 kg !<\/p>\n","protected":false},"featured_media":14486,"template":"","meta":{"_uag_custom_page_level_css":""},"product_brand":[705],"product_cat":[728,688,729,687],"product_tag":[],"class_list":{"0":"post-14485","1":"product","2":"type-product","3":"status-publish","4":"has-post-thumbnail","6":"product_brand-woom","7":"product_cat-mtb-gorskie","8":"product_cat-rowery","9":"product_cat-rowery-enduro-trail","10":"product_cat-rowery-i-akcesoria","12":"first","13":"instock","14":"sale","15":"shipping-taxable","16":"purchasable","17":"product-type-simple"},"uagb_featured_image_src":{"full":["https:\/\/twojerowery.shop\/ro64\/wp-content\/uploads\/2026\/02\/allegro-image-14485.jpg",1264,842,false],"thumbnail":["https:\/\/twojerowery.shop\/ro64\/wp-content\/uploads\/2026\/02\/allegro-image-14485-150x150.jpg",150,150,true],"medium":["https:\/\/twojerowery.shop\/ro64\/wp-content\/uploads\/2026\/02\/allegro-image-14485-300x200.jpg",300,200,true],"medium_large":["https:\/\/twojerowery.shop\/ro64\/wp-content\/uploads\/2026\/02\/allegro-image-14485-768x512.jpg",768,512,true],"large":["https:\/\/twojerowery.shop\/ro64\/wp-content\/uploads\/2026\/02\/allegro-image-14485-1024x682.jpg",1024,682,true],"1536x1536":["https:\/\/twojerowery.shop\/ro64\/wp-content\/uploads\/2026\/02\/allegro-image-14485.jpg",1264,842,false],"2048x2048":["https:\/\/twojerowery.shop\/ro64\/wp-content\/uploads\/2026\/02\/allegro-image-14485.jpg",1264,842,false],"woocommerce_thumbnail":["https:\/\/twojerowery.shop\/ro64\/wp-content\/uploads\/2026\/02\/allegro-image-14485-300x300.jpg",300,300,true],"woocommerce_single":["https:\/\/twojerowery.shop\/ro64\/wp-content\/uploads\/2026\/02\/allegro-image-14485-600x400.jpg",600,400,true],"woocommerce_gallery_thumbnail":["https:\/\/twojerowery.shop\/ro64\/wp-content\/uploads\/2026\/02\/allegro-image-14485-100x100.jpg",100,100,true]},"uagb_author_info":{"display_name":"admin","author_link":"https:\/\/twojerowery.shop\/ro64\/author\/"},"uagb_comment_info":0,"uagb_excerpt":"Woom Go 3 - Ultralekki rower z 16-calowymi ko\u0142ami i bezpieczn\u0105 konstrukcj\u0105 dla dzieci od 4. roku \u017cycia. - Zalecany pod wzrost 105-120cm. - Rower wa\u017cy zaledwie 5,4 kg !","_links":{"self":[{"href":"https:\/\/twojerowery.shop\/ro64\/wp-json\/wp\/v2\/product\/14485","targetHints":{"allow":["GET"]}}],"collection":[{"href":"https:\/\/twojerowery.shop\/ro64\/wp-json\/wp\/v2\/product"}],"about":[{"href":"https:\/\/twojerowery.shop\/ro64\/wp-json\/wp\/v2\/types\/product"}],"wp:featuredmedia":[{"embeddable":true,"href":"https:\/\/twojerowery.shop\/ro64\/wp-json\/wp\/v2\/media\/14486"}],"wp:attachment":[{"href":"https:\/\/twojerowery.shop\/ro64\/wp-json\/wp\/v2\/media?parent=14485"}],"wp:term":[{"taxonomy":"product_brand","embeddable":true,"href":"https:\/\/twojerowery.shop\/ro64\/wp-json\/wp\/v2\/product_brand?post=14485"},{"taxonomy":"product_cat","embeddable":true,"href":"https:\/\/twojerowery.shop\/ro64\/wp-json\/wp\/v2\/product_cat?post=14485"},{"taxonomy":"product_tag","embeddable":true,"href":"https:\/\/twojerowery.shop\/ro64\/wp-json\/wp\/v2\/product_tag?post=14485"}],"curies":[{"name":"wp","href":"https:\/\/api.w.org\/{rel}","templated":true}]}}