{"id":14502,"date":"2026-02-26T04:37:25","date_gmt":"2026-02-26T03:37:25","guid":{"rendered":"https:\/\/rowermax.shop\/ro64\/produkt\/rower-romet-rambler-r9-2-special-s-15-29\/"},"modified":"2026-02-26T04:37:26","modified_gmt":"2026-02-26T03:37:26","slug":"rower-romet-rambler-r9-2-special-s-15-29","status":"publish","type":"product","link":"https:\/\/twojerowery.shop\/ro64\/produkt\/rower-romet-rambler-r9-2-special-s-15-29\/","title":{"rendered":"ROWER Romet Rambler R9.2 SPECIAL S 15&#8221; 29&#8221;"},"content":{"rendered":"<div style=\"font-family: Arial, sans-serif; line-height: 1.6; color: #333; padding: 20px; clear: both; display: block; width: 100%; float: none; position: static; overflow: hidden;\">\n<div style=\"clear: both; display: block; margin: 10px 0;\">\n<div style=\"clear: both; display: block; margin: 10px 0;\">\n<div style=\"clear: both; display: block; margin: 10px 0;\">\n<h2>29151029-A &#8211; 15 S Rower ROMET Rambler 9.2 SPECIAL czarno-czerwony<\/h2>\n<p style=\"margin: 15px 0; line-height: 1.8; clear: both; display: block; width: 100%; float: none; position: static;\">Rower g\u00f3rski Rambler 9.2 SPECIAL 2024 to maszyna stworzona do zdobywania g\u00f3rskich szczyt\u00f3w i pokonywania trudnych tras. Solidna konstrukcja i ko\u0142a o \u015brednicy 29 cali zapewniaj\u0105 wyj\u0105tkow\u0105 stabilno\u015b\u0107 i kontrol\u0119 nawet w najbardziej wymagaj\u0105cych warunkach. Ten rower jest idealny dla m\u0119\u017cczyzn, kt\u00f3rzy ceni\u0105 sobie si\u0142\u0119, wytrzyma\u0142o\u015b\u0107 i nieograniczon\u0105 przygod\u0119 na \u015bwie\u017cym powietrzu.<\/p>\n<p style=\"margin: 15px 0; line-height: 1.8; clear: both; display: block; width: 100%; float: none; position: static;\">Odkryj nowe trasy z Rambler 9.2 SPECIAL 2024 i ciesz si\u0119 ka\u017cd\u0105 minut\u0105 sp\u0119dzon\u0105 na rowerze. Doskona\u0142e osi\u0105gi i komfort jazdy to wynik zastosowania nowoczesnych technologii i przemy\u015blanej ergonomii. Niezale\u017cnie od tego, czy jeste\u015b do\u015bwiadczonym cyklist\u0105, czy dopiero zaczynasz swoj\u0105 przygod\u0119 z MTB, ten rower umo\u017cliwi Ci pe\u0142ne wykorzystanie swoich umiej\u0119tno\u015bci i osi\u0105gni\u0119cie nowych cel\u00f3w. KOLOR SZCZEG\u00d3\u0141OWY: czarno-czerwony KOLORYSTYKA: czarny; czerwony ROK PRODUKCJI: 2024 ROZMIAR: 15 ROZMIAR KO\u0141A: 29 U\u017bYTKOWNIK: M\u0119\u017cczyzna WERSJA: Podstawowa WZROST: 150-160 WZROST DO: 160 WZROST OD: 150<\/p>\n<\/div>\n<\/div>\n<\/div>\n<div style=\"clear: both; display: block; margin: 10px 0;\">\n<div style=\"clear: both; display: block; margin: 10px 0;\">\n<div style=\"clear: both; display: block; margin: 10px 0;\">\n<div  style=\"max-width:897px;max-height:897px\">\n<div style=\"clear: both; display: block; margin: 10px 0;\">\n<div style=\"clear: both; width: 100%; display: block; margin: 20px 0; padding: 0; float: none; position: static; text-align: center;\"><img decoding=\"async\"  src=\"https:\/\/a.allegroimg.com\/original\/116d9e\/9416e35b440db3739190f6d29122\/ROWER-Romet-Rambler-R9-2-SPECIAL-S-15-29\" srcset=\"https:\/\/a.allegroimg.com\/original\/116d9e\/9416e35b440db3739190f6d29122\/ROWER-Romet-Rambler-R9-2-SPECIAL-S-15-29 360w,https:\/\/a.allegroimg.com\/original\/116d9e\/9416e35b440db3739190f6d29122\/ROWER-Romet-Rambler-R9-2-SPECIAL-S-15-29 720w,https:\/\/a.allegroimg.com\/original\/116d9e\/9416e35b440db3739190f6d29122\/ROWER-Romet-Rambler-R9-2-SPECIAL-S-15-29 897w,https:\/\/a.allegroimg.com\/original\/116d9e\/9416e35b440db3739190f6d29122\/ROWER-Romet-Rambler-R9-2-SPECIAL-S-15-29 897w\" sizes=\"(min-width: 1200px) 560px, (min-width: 992px) 50vw, 100vw\" width=\"897px\" alt=\"ROWER Romet Rambler R9.2 SPECIAL S 15'' 29''\" style=\"max-width: 100%; height: auto; display: block; margin: 0 auto;\"><\/div>\n<\/div>\n<\/div>\n<\/div>\n<\/div>\n<div style=\"clear: both; display: block; margin: 10px 0;\">\n<div style=\"clear: both; display: block; margin: 10px 0;\">\n<ul style=\"margin: 15px 0; padding-left: 20px; clear: both; display: block; width: 100%; float: none; position: static;\">\n<li style=\"margin: 5px 0; padding: 2px 0; clear: both; display: list-item; float: none; position: static;\"><b>KOLOR SZCZEG\u00d3\u0141OWY:<\/b> czarno-czerwony<\/li>\n<li style=\"margin: 5px 0; padding: 2px 0; clear: both; display: list-item; float: none; position: static;\"><b>KOLORYSTYKA:<\/b> czarny; czerwony<\/li>\n<li style=\"margin: 5px 0; padding: 2px 0; clear: both; display: list-item; float: none; position: static;\"><b>ROK PRODUKCJI:<\/b> 2024<\/li>\n<li style=\"margin: 5px 0; padding: 2px 0; clear: both; display: list-item; float: none; position: static;\"><b>ROZMIAR:<\/b> 15<\/li>\n<li style=\"margin: 5px 0; padding: 2px 0; clear: both; display: list-item; float: none; position: static;\"><b>ROZMIAR KO\u0141A:<\/b> 29<\/li>\n<li style=\"margin: 5px 0; padding: 2px 0; clear: both; display: list-item; float: none; position: static;\"><b>U\u017bYTKOWNIK:<\/b> M\u0119\u017cczyzna<\/li>\n<li style=\"margin: 5px 0; padding: 2px 0; clear: both; display: list-item; float: none; position: static;\"><b>WERSJA:<\/b> Podstawowa<\/li>\n<li style=\"margin: 5px 0; padding: 2px 0; clear: both; display: list-item; float: none; position: static;\"><b>WZROST:<\/b> 150-160<\/li>\n<li style=\"margin: 5px 0; padding: 2px 0; clear: both; display: list-item; float: none; position: static;\"><b>WZROST DO:<\/b> 160<\/li>\n<li style=\"margin: 5px 0; padding: 2px 0; clear: both; display: list-item; float: none; position: static;\"><b>WZROST OD:<\/b> 150<\/li>\n<\/ul>\n<\/div>\n<\/div>\n<\/div>\n<div style=\"clear: both; display: block; margin: 10px 0;\">\n<div style=\"clear: both; display: block; margin: 10px 0;\">\n<div style=\"clear: both; display: block; margin: 10px 0;\">\n<p style=\"margin: 15px 0; line-height: 1.8; clear: both; display: block; width: 100%; float: none; position: static;\">Rower g\u00f3rski ROMET Rambler 9.2 SPECIAL 2024<\/p>\n<\/div>\n<\/div>\n<\/div>\n<div style=\"clear: both; display: block; margin: 10px 0;\">\n<div style=\"clear: both; display: block; margin: 10px 0;\">\n<div style=\"clear: both; display: block; margin: 10px 0;\">\n<h3 style=\"color: #2c5aa0; font-size: 18px; margin: 30px 0 15px 0; font-weight: bold; clear: both; display: block; width: 100%; float: none; position: static;\">DANE TECHNICZNE<\/h3>\n<p style=\"margin: 15px 0; line-height: 1.8; clear: both; display: block; width: 100%; float: none; position: static;\"><b>KO\u0141A, RAMA<\/b>&nbsp;29&#8243; \/ alu 6061<\/p>\n<p style=\"margin: 15px 0; line-height: 1.8; clear: both; display: block; width: 100%; float: none; position: static;\"><b>ROZMIAR<\/b> S \u2013 15&#8243;<\/p>\n<p style=\"margin: 15px 0; line-height: 1.8; clear: both; display: block; width: 100%; float: none; position: static;\"><b>WIDELEC<\/b>&nbsp;amortyzowany<\/p>\n<p style=\"margin: 15px 0; line-height: 1.8; clear: both; display: block; width: 100%; float: none; position: static;\"><b>NAP\u0118D<\/b>&nbsp;21 bieg\u00f3w<\/p>\n<p style=\"margin: 15px 0; line-height: 1.8; clear: both; display: block; width: 100%; float: none; position: static;\"><b>MANETKI PRZ\u00d3D<\/b> REVO SHIFT 3 biegi<\/p>\n<p style=\"margin: 15px 0; line-height: 1.8; clear: both; display: block; width: 100%; float: none; position: static;\"><b>MANETKI TY\u0141<\/b> REVO SHIFT 7 bieg\u00f3w<\/p>\n<p style=\"margin: 15px 0; line-height: 1.8; clear: both; display: block; width: 100%; float: none; position: static;\"><b>PRZERZUTKA PRZ\u00d3D<\/b>&nbsp;Shimano Tourney<\/p>\n<p style=\"margin: 15px 0; line-height: 1.8; clear: both; display: block; width: 100%; float: none; position: static;\"><b>PRZERZUTKA TY\u0141<\/b>&nbsp;Shimano Tourney RD<\/p>\n<p style=\"margin: 15px 0; line-height: 1.8; clear: both; display: block; width: 100%; float: none; position: static;\"><b>MECHANIZM KORBOWY<\/b>&nbsp;Cyclone CTL-3-324 42\/34\/24T 170 mm<\/p>\n<p style=\"margin: 15px 0; line-height: 1.8; clear: both; display: block; width: 100%; float: none; position: static;\"><b>HAMULEC PRZ\u00d3D<\/b>&nbsp;Tarczowy hydrauliczny<\/p>\n<p style=\"margin: 15px 0; line-height: 1.8; clear: both; display: block; width: 100%; float: none; position: static;\"><b>HAMULEC TY\u0141<\/b>&nbsp;Tarczowy hydrauliczny<\/p>\n<p style=\"margin: 15px 0; line-height: 1.8; clear: both; display: block; width: 100%; float: none; position: static;\"><b>TARCZA HAMULCOWA PRZ\u00d3D<\/b>&nbsp;160 mm<\/p>\n<p style=\"margin: 15px 0; line-height: 1.8; clear: both; display: block; width: 100%; float: none; position: static;\"><b>TARCZA HAMULCOWA TY\u0141<\/b>&nbsp;160 mm<\/p>\n<p style=\"margin: 15px 0; line-height: 1.8; clear: both; display: block; width: 100%; float: none; position: static;\"><b>OPONY<\/b>&nbsp;29&#8243; \u00d7 2,1&#8243;<\/p>\n<p style=\"margin: 15px 0; line-height: 1.8; clear: both; display: block; width: 100%; float: none; position: static;\"><b>OBR\u0118CZE<\/b>&nbsp;Aluminiowe dwukomorowe<\/p>\n<p style=\"margin: 15px 0; line-height: 1.8; clear: both; display: block; width: 100%; float: none; position: static;\"><b>PIASTA PRZ\u00d3D<\/b>&nbsp;Aluminiowa<\/p>\n<p style=\"margin: 15px 0; line-height: 1.8; clear: both; display: block; width: 100%; float: none; position: static;\"><b>PIASTA TY\u0141<\/b>&nbsp;Aluminiowa<\/p>\n<p style=\"margin: 15px 0; line-height: 1.8; clear: both; display: block; width: 100%; float: none; position: static;\"><b>KASETA \/ WOLNOBIEG<\/b>&nbsp;Shimano TZ500-7 14-28T 7 speed<\/p>\n<p style=\"margin: 15px 0; line-height: 1.8; clear: both; display: block; width: 100%; float: none; position: static;\"><b>KIEROWNICA<\/b>&nbsp;Romet aluminiowa 660 mm 15&#8242; 31,8mm<\/p>\n<p style=\"margin: 15px 0; line-height: 1.8; clear: both; display: block; width: 100%; float: none; position: static;\"><b>MOSTEK KIEROWNICY<\/b>&nbsp;Romet aluminiowy 60 mm<\/p>\n<p style=\"margin: 15px 0; line-height: 1.8; clear: both; display: block; width: 100%; float: none; position: static;\"><b>SZTYCA<\/b>&nbsp;Romet aluminiowa 31,6 mm \/ 300 mm<\/p>\n<p style=\"margin: 15px 0; line-height: 1.8; clear: both; display: block; width: 100%; float: none; position: static;\"><b>SIOD\u0141O<\/b>&nbsp;Vader<\/p>\n<p style=\"margin: 15px 0; line-height: 1.8; clear: both; display: block; width: 100%; float: none; position: static;\"><b>PEDA\u0141Y<\/b>&nbsp;FP-804<\/p>\n<p style=\"margin: 15px 0; line-height: 1.8; clear: both; display: block; width: 100%; float: none; position: static;\"><b>WERSJA KOLORYSTYCZNA : CZARNO<\/b>-CZERWONY<\/p>\n<\/div>\n<\/div>\n<\/div>\n<\/div>\n<\/div>\n<\/div>\n<div style=\"clear: both; display: block; margin: 10px 0;\">\n","protected":false},"excerpt":{"rendered":"<p>29151029-A &#8211; 15 S Rower ROMET Rambler 9.2 SPECIAL czarno-czerwony<\/p>\n<p>Rower g\u00f3rski Rambler 9.2 SPECIAL 2024 to maszyna stworzona do zdobywania g\u00f3rskich szczyt\u00f3w i pokonywania trudnych tras. Solidna konstrukcja i ko\u0142a o \u015brednicy 29 cali zapewniaj\u0105 wyj\u0105tkow\u0105 stabilno\u015b\u0107 i kontrol\u0119 nawet w najbardziej wymagaj\u0105cych warunkach. Ten rower jest idealny dla m\u0119\u017cczyzn, kt\u00f3rzy ceni\u0105 sobie si\u0142\u0119, wytrzyma\u0142o\u015b\u0107 i nieograniczon\u0105 przygod\u0119 na \u015bwie\u017cym powietrzu.<\/p>\n","protected":false},"featured_media":14503,"template":"","meta":{"_uag_custom_page_level_css":""},"product_brand":[695],"product_cat":[728,688,687,731],"product_tag":[],"class_list":{"0":"post-14502","1":"product","2":"type-product","3":"status-publish","4":"has-post-thumbnail","6":"product_brand-romet","7":"product_cat-mtb-gorskie","8":"product_cat-rowery","9":"product_cat-rowery-i-akcesoria","10":"product_cat-rowery-mtb-gorskie-29-cali","12":"first","13":"instock","14":"sale","15":"shipping-taxable","16":"purchasable","17":"product-type-simple"},"uagb_featured_image_src":{"full":["https:\/\/twojerowery.shop\/ro64\/wp-content\/uploads\/2026\/02\/allegro-image-14502.jpg",897,897,false],"thumbnail":["https:\/\/twojerowery.shop\/ro64\/wp-content\/uploads\/2026\/02\/allegro-image-14502-150x150.jpg",150,150,true],"medium":["https:\/\/twojerowery.shop\/ro64\/wp-content\/uploads\/2026\/02\/allegro-image-14502-300x300.jpg",300,300,true],"medium_large":["https:\/\/twojerowery.shop\/ro64\/wp-content\/uploads\/2026\/02\/allegro-image-14502-768x768.jpg",768,768,true],"large":["https:\/\/twojerowery.shop\/ro64\/wp-content\/uploads\/2026\/02\/allegro-image-14502.jpg",897,897,false],"1536x1536":["https:\/\/twojerowery.shop\/ro64\/wp-content\/uploads\/2026\/02\/allegro-image-14502.jpg",897,897,false],"2048x2048":["https:\/\/twojerowery.shop\/ro64\/wp-content\/uploads\/2026\/02\/allegro-image-14502.jpg",897,897,false],"woocommerce_thumbnail":["https:\/\/twojerowery.shop\/ro64\/wp-content\/uploads\/2026\/02\/allegro-image-14502-300x300.jpg",300,300,true],"woocommerce_single":["https:\/\/twojerowery.shop\/ro64\/wp-content\/uploads\/2026\/02\/allegro-image-14502-600x600.jpg",600,600,true],"woocommerce_gallery_thumbnail":["https:\/\/twojerowery.shop\/ro64\/wp-content\/uploads\/2026\/02\/allegro-image-14502-100x100.jpg",100,100,true]},"uagb_author_info":{"display_name":"admin","author_link":"https:\/\/twojerowery.shop\/ro64\/author\/"},"uagb_comment_info":0,"uagb_excerpt":"29151029-A - 15 S Rower ROMET Rambler 9.2 SPECIAL czarno-czerwony Rower g\u00f3rski Rambler 9.2 SPECIAL 2024 to maszyna stworzona do zdobywania g\u00f3rskich szczyt\u00f3w i pokonywania trudnych tras. Solidna konstrukcja i ko\u0142a o \u015brednicy 29 cali zapewniaj\u0105 wyj\u0105tkow\u0105 stabilno\u015b\u0107 i kontrol\u0119 nawet w najbardziej wymagaj\u0105cych warunkach. Ten rower jest idealny dla m\u0119\u017cczyzn, kt\u00f3rzy ceni\u0105 sobie si\u0142\u0119,&hellip;","_links":{"self":[{"href":"https:\/\/twojerowery.shop\/ro64\/wp-json\/wp\/v2\/product\/14502","targetHints":{"allow":["GET"]}}],"collection":[{"href":"https:\/\/twojerowery.shop\/ro64\/wp-json\/wp\/v2\/product"}],"about":[{"href":"https:\/\/twojerowery.shop\/ro64\/wp-json\/wp\/v2\/types\/product"}],"wp:featuredmedia":[{"embeddable":true,"href":"https:\/\/twojerowery.shop\/ro64\/wp-json\/wp\/v2\/media\/14503"}],"wp:attachment":[{"href":"https:\/\/twojerowery.shop\/ro64\/wp-json\/wp\/v2\/media?parent=14502"}],"wp:term":[{"taxonomy":"product_brand","embeddable":true,"href":"https:\/\/twojerowery.shop\/ro64\/wp-json\/wp\/v2\/product_brand?post=14502"},{"taxonomy":"product_cat","embeddable":true,"href":"https:\/\/twojerowery.shop\/ro64\/wp-json\/wp\/v2\/product_cat?post=14502"},{"taxonomy":"product_tag","embeddable":true,"href":"https:\/\/twojerowery.shop\/ro64\/wp-json\/wp\/v2\/product_tag?post=14502"}],"curies":[{"name":"wp","href":"https:\/\/api.w.org\/{rel}","templated":true}]}}