{"id":14504,"date":"2026-02-26T04:37:26","date_gmt":"2026-02-26T03:37:26","guid":{"rendered":"https:\/\/rowermax.shop\/ro64\/produkt\/rower-mtb-kross-esprit-1-rama-23-cale-kolo-275-czarny\/"},"modified":"2026-02-26T04:37:27","modified_gmt":"2026-02-26T03:37:27","slug":"rower-mtb-kross-esprit-1-rama-23-cale-kolo-275-czarny","status":"publish","type":"product","link":"https:\/\/twojerowery.shop\/ro64\/produkt\/rower-mtb-kross-esprit-1-rama-23-cale-kolo-275-czarny\/","title":{"rendered":"Rower MTB Kross Esprit 1 rama 23 cale ko\u0142o 27,5 &quot; czarny"},"content":{"rendered":"<div style=\"font-family: Arial, sans-serif; line-height: 1.6; color: #333; padding: 20px; clear: both; display: block; width: 100%; float: none; position: static; overflow: hidden;\">\n<div style=\"clear: both; display: block; margin: 10px 0;\">\n<div style=\"clear: both; display: block; margin: 10px 0;\">\n<div style=\"clear: both; display: block; margin: 10px 0;\">\n<div  style=\"max-width:700px;max-height:451px\">\n<div style=\"clear: both; display: block; margin: 10px 0;\">\n<div style=\"clear: both; width: 100%; display: block; margin: 20px 0; padding: 0; float: none; position: static; text-align: center;\"><img decoding=\"async\"  src=\"https:\/\/a.allegroimg.com\/original\/117417\/6098344b41538e09324f45840863\/Rower-MTB-Kross-Esprit-1-rama-23-cale-kolo-27-5-czarny\" srcset=\"https:\/\/a.allegroimg.com\/original\/117417\/6098344b41538e09324f45840863\/Rower-MTB-Kross-Esprit-1-rama-23-cale-kolo-27-5-czarny 359w,https:\/\/a.allegroimg.com\/original\/117417\/6098344b41538e09324f45840863\/Rower-MTB-Kross-Esprit-1-rama-23-cale-kolo-27-5-czarny 700w,https:\/\/a.allegroimg.com\/original\/117417\/6098344b41538e09324f45840863\/Rower-MTB-Kross-Esprit-1-rama-23-cale-kolo-27-5-czarny 700w\" sizes=\"(min-width: 1200px) 560px, (min-width: 992px) 50vw, 100vw\" width=\"700px\" alt=\"Rower MTB Kross Esprit 1 rama 23 cale ko\u0142o 27,5 &amp;quot; czarny\" style=\"max-width: 100%; height: auto; display: block; margin: 0 auto;\"><\/div>\n<\/div>\n<\/div>\n<\/div>\n<\/div>\n<div style=\"clear: both; display: block; margin: 10px 0;\">\n<div style=\"clear: both; display: block; margin: 10px 0;\">\n<h3 style=\"color: #2c5aa0; font-size: 18px; margin: 30px 0 15px 0; font-weight: bold; clear: both; display: block; width: 100%; float: none; position: static;\">KROSS ESPRIT 1 SOLIDNA JAKO\u015a\u0106 I NISKA CENA<\/h3>\n<p style=\"margin: 15px 0; line-height: 1.8; clear: both; display: block; width: 100%; float: none; position: static;\">\u2714&nbsp;<b>Rama aluminiowa XL (23\u201d) z matowym wyko\u0144czeniem<\/b> \u2013 solidna i nowoczesna konstrukcja<\/p>\n<p style=\"margin: 15px 0; line-height: 1.8; clear: both; display: block; width: 100%; float: none; position: static;\">\u2714 <b>Amortyzator SR Suntour XCE28 (skok 80 mm)<\/b> \u2013 lepszy komfort na wybojach<\/p>\n<p style=\"margin: 15px 0; line-height: 1.8; clear: both; display: block; width: 100%; float: none; position: static;\">\u2714 <b>Nap\u0119d Sunrace 3&#215;7 (21 bieg\u00f3w)<\/b> \u2013 p\u0142ynna zmiana prze\u0142o\u017ce\u0144 w ka\u017cdych warunkach<\/p>\n<p style=\"margin: 15px 0; line-height: 1.8; clear: both; display: block; width: 100%; float: none; position: static;\">\u2714 <b>Hamulce V-Brake<\/b> \u2013 proste, skuteczne i \u0142atwe w konserwacji<\/p>\n<p style=\"margin: 15px 0; line-height: 1.8; clear: both; display: block; width: 100%; float: none; position: static;\">\u2714 <b>Komponenty KROSS i siod\u0142o Selle Royal<\/b> \u2013 gwarancja wygody i trwa\u0142o\u015bci<\/p>\n<\/div>\n<\/div>\n<\/div>\n<div style=\"clear: both; display: block; margin: 10px 0;\">\n<div style=\"clear: both; display: block; margin: 10px 0;\">\n<div style=\"clear: both; display: block; margin: 10px 0;\">\n<h2>KROSS GO ESPRIT 1 &#8211; Wysoka jako\u015b\u0107 niska cena.<\/h2>\n<h2>Rower sprawdzony i prosty w obs\u0142udze \u2013 idealny dla os\u00f3b, kt\u00f3re szukaj\u0105 roweru bez komplikacji i serwisowych niespodzianek.<\/h2>\n<p style=\"margin: 15px 0; line-height: 1.8; clear: both; display: block; width: 100%; float: none; position: static;\">Rower odpowiedni na wzrost od 184cm<\/p>\n<p style=\"margin: 15px 0; line-height: 1.8; clear: both; display: block; width: 100%; float: none; position: static;\">Je\u015bli marzy Ci si\u0119 m\u0119ski rower MTB do rekreacyjnej jazdy mamy propozycj\u0119, obok kt\u00f3rej nie mo\u017cesz przej\u015b\u0107 oboj\u0119tnie. Oto KROSS GO Esprit 1, uniwersalny rower do wszystkiego. Pozwoli Ci on na jazd\u0119 w ka\u017cdych warunkach &#8211; bez problemu zabierze Ci\u0119 on do pracy, na le\u015bne \u015bcie\u017cki czy te\u017c d\u0142ug\u0105 wycieczk\u0119 krajoznawcz\u0105 z bliskimi. KROSS GO Esprit to rower, kt\u00f3ry u\u0142atwi Ci codzienne podr\u00f3\u017ce, ma\u0142e i du\u017ce.<\/p>\n<h2>Rower wyposa\u017cony we wszystko, czego potrzebujesz<\/h2>\n<p style=\"margin: 15px 0; line-height: 1.8; clear: both; display: block; width: 100%; float: none; position: static;\">KROSS GO Esprit 1 to rekreacyjny rower g\u00f3rski, kt\u00f3ry wyposa\u017cony jest w 21 bieg\u00f3w, kt\u00f3re pozwalaj\u0105 na pokonanie ka\u017cdego wzniesienia oraz na rozwini\u0119cie wysokiej pr\u0119dko\u015bci podczas jazdy po p\u0142askich terenach. Za precyzyjn\u0105 zmian\u0119 prze\u0142o\u017ce\u0144 odpowiada przerzutka Suncrace, kt\u00f3ra obs\u0142uguje 7. biegow\u0105 kaset\u0119. Obs\u0142ug\u0119 przerzutek z kierownicy umo\u017cliwiaj\u0105 manetki Sunrace DLM403, kt\u00f3re mo\u017cna obs\u0142ugiwa\u0107 bez odrywania r\u0105k z chwyt\u00f3w kierownicy. Trzyrz\u0119dowa korba zapewnia szeroki dob\u00f3r prze\u0142o\u017ce\u0144.<\/p>\n<p style=\"margin: 15px 0; line-height: 1.8; clear: both; display: block; width: 100%; float: none; position: static;\">Rower wyposa\u017cony jest w klasyczne hamulce V-brake oraz amortyzowany widelec Suntour SF19 o skoku 80 milimetr\u00f3w. Umo\u017cliwia on wygodn\u0105 i bezpieczn\u0105 jazd\u0119 nie tylko podczas pokonywania miejskich kraw\u0119\u017cnik\u00f3w, ale tak\u017ce w trakcie jazdy po le\u015bnych \u015bcie\u017ckach us\u0142anych wystaj\u0105cymi korzeniami.<\/p>\n<p style=\"margin: 15px 0; line-height: 1.8; clear: both; display: block; width: 100%; float: none; position: static;\">KROSS GO Esprit 1 zosta\u0142 wyposa\u017cony w 27,5 calowe ko\u0142a oraz opony o szeroko\u015bci 2,1 cala. To opona umo\u017cliwiaj\u0105ca komfortow\u0105 jazd\u0119 w ka\u017cdych warunkach, a tak\u017ce zapewniaj\u0105ca wysok\u0105 przyczepno\u015b\u0107 podczas lub zaraz po opadach deszczu.<\/p>\n<\/div>\n<\/div>\n<div style=\"clear: both; display: block; margin: 10px 0;\">\n<div style=\"clear: both; display: block; margin: 10px 0;\">\n<div  style=\"max-width:700px;max-height:451px\">\n<div style=\"clear: both; display: block; margin: 10px 0;\">\n<div style=\"clear: both; width: 100%; display: block; margin: 20px 0; padding: 0; float: none; position: static; text-align: center;\"><img decoding=\"async\"  src=\"https:\/\/a.allegroimg.com\/original\/117417\/6098344b41538e09324f45840863\/Rower-MTB-Kross-Esprit-1-rama-23-cale-kolo-27-5-czarny\" srcset=\"https:\/\/a.allegroimg.com\/original\/117417\/6098344b41538e09324f45840863\/Rower-MTB-Kross-Esprit-1-rama-23-cale-kolo-27-5-czarny 359w,https:\/\/a.allegroimg.com\/original\/117417\/6098344b41538e09324f45840863\/Rower-MTB-Kross-Esprit-1-rama-23-cale-kolo-27-5-czarny 700w,https:\/\/a.allegroimg.com\/original\/117417\/6098344b41538e09324f45840863\/Rower-MTB-Kross-Esprit-1-rama-23-cale-kolo-27-5-czarny 700w\" sizes=\"(min-width: 1200px) 560px, (min-width: 992px) 50vw, 100vw\" width=\"700px\" alt=\"Rower MTB Kross Esprit 1 rama 23 cale ko\u0142o 27,5 &amp;quot; czarny\" style=\"max-width: 100%; height: auto; display: block; margin: 0 auto;\"><\/div>\n<\/div>\n<\/div>\n<\/div>\n<\/div>\n<\/div>\n<div style=\"clear: both; display: block; margin: 10px 0;\">\n<div style=\"clear: both; display: block; margin: 10px 0;\">\n<div style=\"clear: both; display: block; margin: 10px 0;\">\n<div  style=\"max-width:582px;max-height:560px\">\n<div style=\"clear: both; display: block; margin: 10px 0;\">\n<div style=\"clear: both; width: 100%; display: block; margin: 20px 0; padding: 0; float: none; position: static; text-align: center;\"><img decoding=\"async\"  src=\"https:\/\/a.allegroimg.com\/original\/112708\/bf498af54a5fbf2d06bafcee5aa7\/Rower-MTB-Kross-Esprit-1-rama-23-cale-kolo-27-5-czarny-Marka-Kross\" srcset=\"https:\/\/a.allegroimg.com\/original\/112708\/bf498af54a5fbf2d06bafcee5aa7\/Rower-MTB-Kross-Esprit-1-rama-23-cale-kolo-27-5-czarny-Marka-Kross 360w,https:\/\/a.allegroimg.com\/original\/112708\/bf498af54a5fbf2d06bafcee5aa7\/Rower-MTB-Kross-Esprit-1-rama-23-cale-kolo-27-5-czarny-Marka-Kross 582w,https:\/\/a.allegroimg.com\/original\/112708\/bf498af54a5fbf2d06bafcee5aa7\/Rower-MTB-Kross-Esprit-1-rama-23-cale-kolo-27-5-czarny-Marka-Kross 582w\" sizes=\"(min-width: 1200px) 560px, (min-width: 992px) 50vw, 100vw\" width=\"582px\" alt=\"Rower MTB Kross Esprit 1 rama 23 cale ko\u0142o 27,5 &amp;quot; czarny Marka Kross\" style=\"max-width: 100%; height: auto; display: block; margin: 0 auto;\"><\/div>\n<\/div>\n<\/div>\n<\/div>\n<\/div>\n<div style=\"clear: both; display: block; margin: 10px 0;\">\n<div style=\"clear: both; display: block; margin: 10px 0;\">\n<p style=\"margin: 15px 0; line-height: 1.8; clear: both; display: block; width: 100%; float: none; position: static;\">Rama i widelec<\/p>\n<ul style=\"margin: 15px 0; padding-left: 20px; clear: both; display: block; width: 100%; float: none; position: static;\">\n<li style=\"margin: 5px 0; padding: 2px 0; clear: both; display: list-item; float: none; position: static;\"><b>Wyko\u0144czenie lakieru:<\/b>&nbsp;matowy<\/li>\n<li style=\"margin: 5px 0; padding: 2px 0; clear: both; display: list-item; float: none; position: static;\"><b>Materia\u0142 Ramy:<\/b>&nbsp;ALUMINIUM<\/li>\n<li style=\"margin: 5px 0; padding: 2px 0; clear: both; display: list-item; float: none; position: static;\"><b>WIDELEC:<\/b>&nbsp;SR SUNTOUR XCE28<\/li>\n<li style=\"margin: 5px 0; padding: 2px 0; clear: both; display: list-item; float: none; position: static;\"><b>Skok widelca:<\/b>&nbsp;80mm<\/li>\n<li style=\"margin: 5px 0; padding: 2px 0; clear: both; display: list-item; float: none; position: static;\"><b>TYLNY AMORTYZATOR:<\/b>&nbsp;BRAK<\/li>\n<li style=\"margin: 5px 0; padding: 2px 0; clear: both; display: list-item; float: none; position: static;\"><b>SKOK TYLNEGO AMORTYZATORA:<\/b>&nbsp;BRAK<\/li>\n<\/ul>\n<p style=\"margin: 15px 0; line-height: 1.8; clear: both; display: block; width: 100%; float: none; position: static;\">Nap\u0119d<\/p>\n<ul style=\"margin: 15px 0; padding-left: 20px; clear: both; display: block; width: 100%; float: none; position: static;\">\n<li style=\"margin: 5px 0; padding: 2px 0; clear: both; display: list-item; float: none; position: static;\"><b>PRZERZUTKA PRZ\u00d3D:<\/b>&nbsp;SUNRACE FDM500<\/li>\n<li style=\"margin: 5px 0; padding: 2px 0; clear: both; display: list-item; float: none; position: static;\"><b>PRZERZUTKA TY\u0141:<\/b>&nbsp;SUNRACE RDM57<\/li>\n<li style=\"margin: 5px 0; padding: 2px 0; clear: both; display: list-item; float: none; position: static;\"><b>MANETKI:<\/b>&nbsp;SUNRACE DLM403<\/li>\n<li style=\"margin: 5px 0; padding: 2px 0; clear: both; display: list-item; float: none; position: static;\"><b>KORBA:<\/b>&nbsp;ALUMINIUM<\/li>\n<li style=\"margin: 5px 0; padding: 2px 0; clear: both; display: list-item; float: none; position: static;\"><b>KASETA \/ WOLNOBIEG:<\/b>&nbsp;SUNRACE MFM2A<\/li>\n<li style=\"margin: 5px 0; padding: 2px 0; clear: both; display: list-item; float: none; position: static;\"><b>ZAKRES KASETY\/WOLNOBIEGU:<\/b>&nbsp;14-28T<\/li>\n<li style=\"margin: 5px 0; padding: 2px 0; clear: both; display: list-item; float: none; position: static;\"><b>ILO\u015a\u0106 PRZE\u0141O\u017bE\u0143:<\/b>&nbsp;21<\/li>\n<li style=\"margin: 5px 0; padding: 2px 0; clear: both; display: list-item; float: none; position: static;\"><b>SUPORT:<\/b>&nbsp;FP-B902\/2N<\/li>\n<li style=\"margin: 5px 0; padding: 2px 0; clear: both; display: list-item; float: none; position: static;\"><b>\u0141A\u0143CUCH:<\/b>&nbsp;YBN S50<\/li>\n<\/ul>\n<p style=\"margin: 15px 0; line-height: 1.8; clear: both; display: block; width: 100%; float: none; position: static;\">Ko\u0142a<\/p>\n<ul style=\"margin: 15px 0; padding-left: 20px; clear: both; display: block; width: 100%; float: none; position: static;\">\n<li style=\"margin: 5px 0; padding: 2px 0; clear: both; display: list-item; float: none; position: static;\"><b>PIASTA PRZ\u00d3D:<\/b>&nbsp;GL-B36F-DS\/QR<\/li>\n<li style=\"margin: 5px 0; padding: 2px 0; clear: both; display: list-item; float: none; position: static;\"><b>PIASTA TY\u0141:<\/b>&nbsp;GL-B36R-DS\/QR<\/li>\n<li style=\"margin: 5px 0; padding: 2px 0; clear: both; display: list-item; float: none; position: static;\"><b>OBR\u0118CZE:<\/b>&nbsp;KROSS ALUMINIUM 584X19<\/li>\n<li style=\"margin: 5px 0; padding: 2px 0; clear: both; display: list-item; float: none; position: static;\"><b>OPONY:<\/b>&nbsp;WANDA P1255 27,5X2,1<\/li>\n<\/ul>\n<p style=\"margin: 15px 0; line-height: 1.8; clear: both; display: block; width: 100%; float: none; position: static;\">Hamulce<\/p>\n<ul style=\"margin: 15px 0; padding-left: 20px; clear: both; display: block; width: 100%; float: none; position: static;\">\n<li style=\"margin: 5px 0; padding: 2px 0; clear: both; display: list-item; float: none; position: static;\"><b>HAMULEC PRZ\u00d3D:<\/b>&nbsp;V-BRAKE<\/li>\n<li style=\"margin: 5px 0; padding: 2px 0; clear: both; display: list-item; float: none; position: static;\"><b>HAMULEC TY\u0141:<\/b>&nbsp;V-BRAKE<\/li>\n<li style=\"margin: 5px 0; padding: 2px 0; clear: both; display: list-item; float: none; position: static;\"><b>D\u0179WIGNIE HAMULCA:<\/b>&nbsp;ALUMINIUM<\/li>\n<li style=\"margin: 5px 0; padding: 2px 0; clear: both; display: list-item; float: none; position: static;\"><b>TARCZE HAMULCOWE:<\/b>&nbsp;BRAK<\/li>\n<li style=\"margin: 5px 0; padding: 2px 0; clear: both; display: list-item; float: none; position: static;\"><b>Tarcze hamulcowe ty\u0142:<\/b>&nbsp;BRAK<\/li>\n<\/ul>\n<p style=\"margin: 15px 0; line-height: 1.8; clear: both; display: block; width: 100%; float: none; position: static;\">Komponenty<\/p>\n<ul style=\"margin: 15px 0; padding-left: 20px; clear: both; display: block; width: 100%; float: none; position: static;\">\n<li style=\"margin: 5px 0; padding: 2px 0; clear: both; display: list-item; float: none; position: static;\"><b>SIOD\u0141O:<\/b>&nbsp;SELLE ROYAL JUSTEK 2060<\/li>\n<li style=\"margin: 5px 0; padding: 2px 0; clear: both; display: list-item; float: none; position: static;\"><b>STERY:<\/b>&nbsp;FP-H816 O1-1\/8&#8243;<\/li>\n<li style=\"margin: 5px 0; padding: 2px 0; clear: both; display: list-item; float: none; position: static;\"><b>CHWYTY:<\/b>&nbsp;KROSS HANDY<\/li>\n<li style=\"margin: 5px 0; padding: 2px 0; clear: both; display: list-item; float: none; position: static;\"><b>PEDA\u0141Y:<\/b>&nbsp;FP-917N<\/li>\n<\/ul>\n<\/div>\n<\/div>\n<\/div>\n<\/div>\n<\/div>\n<\/div>\n<div style=\"clear: both; display: block; margin: 10px 0;\">\n","protected":false},"excerpt":{"rendered":"<p>KROSS ESPRIT 1 SOLIDNA JAKO\u015a\u0106 I NISKA CENA<\/p>\n<p>\u2714&nbsp;Rama aluminiowa XL (23\u201d) z matowym wyko\u0144czeniem \u2013 solidna i nowoczesna konstrukcja<\/p>\n<p>\u2714 Amortyzator SR Suntour XCE28 (skok 80 mm) \u2013 lepszy komfort na wybojach<\/p>\n<p>\u2714 Nap\u0119d Sunrace 3&#215;7 (21 bieg\u00f3w) \u2013 p\u0142ynna zmiana prze\u0142o\u017ce\u0144 w ka\u017cdych warunkach<\/p>\n<p>\u2714 Hamulce V-Brake \u2013 proste, skuteczne i \u0142atwe w konserwacji<\/p>\n<p>\u2714 Komponenty KROSS i siod\u0142o Selle Royal \u2013 gwarancja wygody i trwa\u0142o\u015bci<\/p>\n<p>KROSS GO ESPRIT 1 &#8211; Wysoka jako\u015b\u0107 niska cena.<\/p>\n","protected":false},"featured_media":14505,"template":"","meta":{"_uag_custom_page_level_css":""},"product_brand":[692],"product_cat":[728,688,687,731],"product_tag":[],"class_list":{"0":"post-14504","1":"product","2":"type-product","3":"status-publish","4":"has-post-thumbnail","6":"product_brand-kross","7":"product_cat-mtb-gorskie","8":"product_cat-rowery","9":"product_cat-rowery-i-akcesoria","10":"product_cat-rowery-mtb-gorskie-29-cali","12":"first","13":"instock","14":"sale","15":"shipping-taxable","16":"purchasable","17":"product-type-simple"},"uagb_featured_image_src":{"full":["https:\/\/twojerowery.shop\/ro64\/wp-content\/uploads\/2026\/02\/allegro-image-14504.jpg",700,451,false],"thumbnail":["https:\/\/twojerowery.shop\/ro64\/wp-content\/uploads\/2026\/02\/allegro-image-14504-150x150.jpg",150,150,true],"medium":["https:\/\/twojerowery.shop\/ro64\/wp-content\/uploads\/2026\/02\/allegro-image-14504-300x193.jpg",300,193,true],"medium_large":["https:\/\/twojerowery.shop\/ro64\/wp-content\/uploads\/2026\/02\/allegro-image-14504.jpg",700,451,false],"large":["https:\/\/twojerowery.shop\/ro64\/wp-content\/uploads\/2026\/02\/allegro-image-14504.jpg",700,451,false],"1536x1536":["https:\/\/twojerowery.shop\/ro64\/wp-content\/uploads\/2026\/02\/allegro-image-14504.jpg",700,451,false],"2048x2048":["https:\/\/twojerowery.shop\/ro64\/wp-content\/uploads\/2026\/02\/allegro-image-14504.jpg",700,451,false],"woocommerce_thumbnail":["https:\/\/twojerowery.shop\/ro64\/wp-content\/uploads\/2026\/02\/allegro-image-14504-300x300.jpg",300,300,true],"woocommerce_single":["https:\/\/twojerowery.shop\/ro64\/wp-content\/uploads\/2026\/02\/allegro-image-14504-600x387.jpg",600,387,true],"woocommerce_gallery_thumbnail":["https:\/\/twojerowery.shop\/ro64\/wp-content\/uploads\/2026\/02\/allegro-image-14504-100x100.jpg",100,100,true]},"uagb_author_info":{"display_name":"admin","author_link":"https:\/\/twojerowery.shop\/ro64\/author\/"},"uagb_comment_info":0,"uagb_excerpt":"KROSS ESPRIT 1 SOLIDNA JAKO\u015a\u0106 I NISKA CENA \u2714&nbsp;Rama aluminiowa XL (23\u201d) z matowym wyko\u0144czeniem \u2013 solidna i nowoczesna konstrukcja \u2714 Amortyzator SR Suntour XCE28 (skok 80 mm) \u2013 lepszy komfort na wybojach \u2714 Nap\u0119d Sunrace 3x7 (21 bieg\u00f3w) \u2013 p\u0142ynna zmiana prze\u0142o\u017ce\u0144 w ka\u017cdych warunkach \u2714 Hamulce V-Brake \u2013 proste, skuteczne i \u0142atwe w&hellip;","_links":{"self":[{"href":"https:\/\/twojerowery.shop\/ro64\/wp-json\/wp\/v2\/product\/14504","targetHints":{"allow":["GET"]}}],"collection":[{"href":"https:\/\/twojerowery.shop\/ro64\/wp-json\/wp\/v2\/product"}],"about":[{"href":"https:\/\/twojerowery.shop\/ro64\/wp-json\/wp\/v2\/types\/product"}],"wp:featuredmedia":[{"embeddable":true,"href":"https:\/\/twojerowery.shop\/ro64\/wp-json\/wp\/v2\/media\/14505"}],"wp:attachment":[{"href":"https:\/\/twojerowery.shop\/ro64\/wp-json\/wp\/v2\/media?parent=14504"}],"wp:term":[{"taxonomy":"product_brand","embeddable":true,"href":"https:\/\/twojerowery.shop\/ro64\/wp-json\/wp\/v2\/product_brand?post=14504"},{"taxonomy":"product_cat","embeddable":true,"href":"https:\/\/twojerowery.shop\/ro64\/wp-json\/wp\/v2\/product_cat?post=14504"},{"taxonomy":"product_tag","embeddable":true,"href":"https:\/\/twojerowery.shop\/ro64\/wp-json\/wp\/v2\/product_tag?post=14504"}],"curies":[{"name":"wp","href":"https:\/\/api.w.org\/{rel}","templated":true}]}}