{"id":14506,"date":"2026-02-26T04:37:27","date_gmt":"2026-02-26T03:37:27","guid":{"rendered":"https:\/\/rowermax.shop\/ro64\/produkt\/rower-gorski-kross-hexagon-2-0-275-l21-czarno-pomaranczowo-szary\/"},"modified":"2026-02-26T04:37:28","modified_gmt":"2026-02-26T03:37:28","slug":"rower-gorski-kross-hexagon-2-0-275-l21-czarno-pomaranczowo-szary","status":"publish","type":"product","link":"https:\/\/twojerowery.shop\/ro64\/produkt\/rower-gorski-kross-hexagon-2-0-275-l21-czarno-pomaranczowo-szary\/","title":{"rendered":"ROWER G\u00d3RSKI KROSS HEXAGON 2.0 27,5 L(21&#8221;) czarno-pomara\u0144czowo-szary"},"content":{"rendered":"<div style=\"font-family: Arial, sans-serif; line-height: 1.6; color: #333; padding: 20px; clear: both; display: block; width: 100%; float: none; position: static; overflow: hidden;\">\n<div style=\"clear: both; display: block; margin: 10px 0;\">\n<div style=\"clear: both; display: block; margin: 10px 0;\">\n<div style=\"clear: both; display: block; margin: 10px 0;\">\n<h1>Rower g\u00f3rski KROSS HEXAGON 2.0 27,5 L(21&#8243;) czarny\/pomara\u0144czowy\/szary po\u0142ysk<\/h1>\n<\/div>\n<\/div>\n<\/div>\n<div style=\"clear: both; display: block; margin: 10px 0;\">\n<div style=\"clear: both; display: block; margin: 10px 0;\">\n<div style=\"clear: both; display: block; margin: 10px 0;\">\n<h3 style=\"color: #2c5aa0; font-size: 18px; margin: 30px 0 15px 0; font-weight: bold; clear: both; display: block; width: 100%; float: none; position: static;\">KROSS Hexagon 2.0&nbsp;to nasz rower, kt\u00f3ry da rad\u0119 wykona\u0107 ka\u017cde zadanie jakie przed nim postawisz. Doskonale sprawdzi si\u0119 na miejskich \u015bcie\u017cek rowerowych, a tak\u017ce na piaszczystych, le\u015bnych trasach. Niezale\u017cnie jak\u0105 tras\u0119 wybierzesz nasz rekreacyjny rower g\u00f3rski pomo\u017ce Ci j\u0105 pokona\u0107. Dzi\u0119ki dw\u00f3m rozmiarom k\u00f3\u0142 bez problemu dobierzesz rower do swojego wzrostu. Sprawdzone rozwi\u0105zania technologiczne to tylko dodatek do przyg\u00f3d, kt\u00f3re prze\u017cyjesz ze swoim nowym towarzyszem.<\/h3>\n<h3 style=\"color: #2c5aa0; font-size: 18px; margin: 30px 0 15px 0; font-weight: bold; clear: both; display: block; width: 100%; float: none; position: static;\">KROSS Hexagon 2.0&nbsp;to sprawdzony osprz\u0119t&nbsp;Shimano&nbsp;zapewniaj\u0105cy Ci&nbsp;21 prze\u0142o\u017ce\u0144. Jest on niezwykle prosty w serwisowaniu oraz konkurencyjny cenowo w eksploatacji. Za bezpieczne hamowanie odpowiadaj\u0105 hamulce typu&nbsp;v-brake.&nbsp;Gwarantuj\u0105 wystarczaj\u0105co du\u017c\u0105 si\u0142\u0119 hamowania, kt\u00f3ra bezpiecznie zatrzyma Ci\u0119 w ka\u017cdych warunkach. Nasza propozycja rekreacyjnego roweru g\u00f3rskiego posiada tak\u017ce&nbsp;amortyzowany widelec&nbsp;u\u0142atwiaj\u0105cy jazd\u0119 po wszelkiego rodzaju nier\u00f3wno\u015bciach oraz pokonywanie drobnych przeszk\u00f3d terenowych, kt\u00f3re mog\u0105 stan\u0105\u0107 Ci na drodze.<\/h3>\n<h3 style=\"color: #2c5aa0; font-size: 18px; margin: 30px 0 15px 0; font-weight: bold; clear: both; display: block; width: 100%; float: none; position: static;\">KROSS Hexagon 2.0&nbsp;zosta\u0142 wyposa\u017cony w ko\u0142a&nbsp;27,5&nbsp;cala \u2013 w przypadku modelu&nbsp;KROSS Hexagon 2.0&nbsp;zawsze zapewni\u0105 Ci doskona\u0142e prowadzenie w trakcie jazdy. Odpowiadaj\u0105 za to tak\u017ce opony Wanda dostosowane do rozmiaru ko\u0142a i szeroko\u015bci 2,1 cala. Zapewniaj\u0105 one doskona\u0142\u0105 przyczepno\u015b\u0107 nawet w trakcie jazdy po mokrej nawierzchni.<\/h3>\n<h3 style=\"color: #2c5aa0; font-size: 18px; margin: 30px 0 15px 0; font-weight: bold; clear: both; display: block; width: 100%; float: none; position: static;\">Rama to serce roweru i dlatego wykonali\u015bmy je z&nbsp;aluminium&nbsp;performance. Stop Aluminium Performance 6061 to wysoka sztywno\u015b\u0107 i odporno\u015b\u0107 na z\u0142amania, a zarazem lekko\u015b\u0107 typow\u0105 dla aluminium&#8230; Z pewno\u015bci\u0105 to docenisz, gdy przyjdzie do wniesienia roweru po schodach. Rama zosta\u0142a pomalowana proszkowo. To rozwi\u0105zanie zapewnia lakierowi wysok\u0105 odporno\u015b\u0107 na uszkodzenia mechaniczne.<\/h3>\n<\/div>\n<\/div>\n<\/div>\n<div style=\"clear: both; display: block; margin: 10px 0;\">\n<div style=\"clear: both; display: block; margin: 10px 0;\">\n<div style=\"clear: both; display: block; margin: 10px 0;\">\n<div  style=\"max-width:1568px;max-height:976px\">\n<div style=\"clear: both; display: block; margin: 10px 0;\">\n<div style=\"clear: both; width: 100%; display: block; margin: 20px 0; padding: 0; float: none; position: static; text-align: center;\"><img decoding=\"async\"  src=\"https:\/\/a.allegroimg.com\/original\/110381\/844706934f9ab64fa4cc3ab54083\/ROWER-GORSKI-KROSS-HEXAGON-2-0-27-5-L-21-czarno-pomaranczowo-szary\" srcset=\"https:\/\/a.allegroimg.com\/original\/110381\/844706934f9ab64fa4cc3ab54083\/ROWER-GORSKI-KROSS-HEXAGON-2-0-27-5-L-21-czarno-pomaranczowo-szary 360w,https:\/\/a.allegroimg.com\/original\/110381\/844706934f9ab64fa4cc3ab54083\/ROWER-GORSKI-KROSS-HEXAGON-2-0-27-5-L-21-czarno-pomaranczowo-szary 720w,https:\/\/a.allegroimg.com\/original\/110381\/844706934f9ab64fa4cc3ab54083\/ROWER-GORSKI-KROSS-HEXAGON-2-0-27-5-L-21-czarno-pomaranczowo-szary 1023w,https:\/\/a.allegroimg.com\/original\/110381\/844706934f9ab64fa4cc3ab54083\/ROWER-GORSKI-KROSS-HEXAGON-2-0-27-5-L-21-czarno-pomaranczowo-szary 1440w,https:\/\/a.allegroimg.com\/original\/110381\/844706934f9ab64fa4cc3ab54083\/ROWER-GORSKI-KROSS-HEXAGON-2-0-27-5-L-21-czarno-pomaranczowo-szary 1568w\" sizes=\"100vw\" width=\"1568px\" alt=\"ROWER G\u00d3RSKI KROSS HEXAGON 2.0 27,5 L(21'') czarno-pomara\u0144czowo-szary\" style=\"max-width: 100%; height: auto; display: block; margin: 0 auto;\"><\/div>\n<\/div>\n<\/div>\n<\/div>\n<\/div>\n<\/div>\n<div style=\"clear: both; display: block; margin: 10px 0;\">\n<div style=\"clear: both; display: block; margin: 10px 0;\">\n<div style=\"clear: both; display: block; margin: 10px 0;\">\n<h3 style=\"color: #2c5aa0; font-size: 18px; margin: 30px 0 15px 0; font-weight: bold; clear: both; display: block; width: 100%; float: none; position: static;\">SPECYFIKACJA<\/h3>\n<h3 style=\"color: #2c5aa0; font-size: 18px; margin: 30px 0 15px 0; font-weight: bold; clear: both; display: block; width: 100%; float: none; position: static;\">Rama i widelec<\/h3>\n<ul style=\"margin: 15px 0; padding-left: 20px; clear: both; display: block; width: 100%; float: none; position: static;\">\n<li style=\"margin: 5px 0; padding: 2px 0; clear: both; display: list-item; float: none; position: static;\"><b>WYKO\u0143CZENIE LAKIERU:<\/b> PO\u0141YSK<\/li>\n<li style=\"margin: 5px 0; padding: 2px 0; clear: both; display: list-item; float: none; position: static;\"><b>MATERIA\u0141 RAMY:<\/b> ALUMINIUM PERFORMANCE<\/li>\n<li style=\"margin: 5px 0; padding: 2px 0; clear: both; display: list-item; float: none; position: static;\"><b>WIDELEC:<\/b> KROSS<\/li>\n<li style=\"margin: 5px 0; padding: 2px 0; clear: both; display: list-item; float: none; position: static;\"><b>SKOK WIDELCA:<\/b> 80MM<\/li>\n<li style=\"margin: 5px 0; padding: 2px 0; clear: both; display: list-item; float: none; position: static;\"><b>TYLNY AMORTYZATOR:<\/b> BRAK<\/li>\n<li style=\"margin: 5px 0; padding: 2px 0; clear: both; display: list-item; float: none; position: static;\"><b>SKOK TYLNEGO AMORTYZATORA:<\/b> BRAK<\/li>\n<\/ul>\n<h3 style=\"color: #2c5aa0; font-size: 18px; margin: 30px 0 15px 0; font-weight: bold; clear: both; display: block; width: 100%; float: none; position: static;\">Nap\u0119d<\/h3>\n<ul style=\"margin: 15px 0; padding-left: 20px; clear: both; display: block; width: 100%; float: none; position: static;\">\n<li style=\"margin: 5px 0; padding: 2px 0; clear: both; display: list-item; float: none; position: static;\"><b>PRZERZUTKA PRZ\u00d3D:<\/b> SHIMANO TOURNEY TY300<\/li>\n<li style=\"margin: 5px 0; padding: 2px 0; clear: both; display: list-item; float: none; position: static;\"><b>PRZERZUTKA TY\u0141:<\/b> SHIMANO ALTUS M310<\/li>\n<li style=\"margin: 5px 0; padding: 2px 0; clear: both; display: list-item; float: none; position: static;\"><b>MANETKI:<\/b> SHIMANO EF41<\/li>\n<li style=\"margin: 5px 0; padding: 2px 0; clear: both; display: list-item; float: none; position: static;\"><b>KORBA:<\/b> WHEEL TOP<\/li>\n<li style=\"margin: 5px 0; padding: 2px 0; clear: both; display: list-item; float: none; position: static;\"><b>KORONKI:<\/b> 42T-34T-24T\/170MM<\/li>\n<li style=\"margin: 5px 0; padding: 2px 0; clear: both; display: list-item; float: none; position: static;\"><b>KASETA \/ WOLNOBIEG:<\/b> SHIMANO MF TZ500<\/li>\n<li style=\"margin: 5px 0; padding: 2px 0; clear: both; display: list-item; float: none; position: static;\"><b>ZAKRES KASETY \/ WOLNOBIEGU:<\/b> 14-28T<\/li>\n<li style=\"margin: 5px 0; padding: 2px 0; clear: both; display: list-item; float: none; position: static;\"><b>ILO\u015a\u0106 PRZE\u0141O\u017bE\u0143:<\/b> 21<\/li>\n<li style=\"margin: 5px 0; padding: 2px 0; clear: both; display: list-item; float: none; position: static;\"><b>SUPORT:<\/b> FP-B902<\/li>\n<li style=\"margin: 5px 0; padding: 2px 0; clear: both; display: list-item; float: none; position: static;\"><b>\u0141A\u0143CUCH:<\/b> YBN S50<\/li>\n<\/ul>\n<h3 style=\"color: #2c5aa0; font-size: 18px; margin: 30px 0 15px 0; font-weight: bold; clear: both; display: block; width: 100%; float: none; position: static;\">Ko\u0142a<\/h3>\n<ul style=\"margin: 15px 0; padding-left: 20px; clear: both; display: block; width: 100%; float: none; position: static;\">\n<li style=\"margin: 5px 0; padding: 2px 0; clear: both; display: list-item; float: none; position: static;\"><b>PIASTA PRZ\u00d3D:<\/b> GL-B01F-QR<\/li>\n<li style=\"margin: 5px 0; padding: 2px 0; clear: both; display: list-item; float: none; position: static;\"><b>PIASTA TY\u0141:<\/b> GL-B01R-QR<\/li>\n<li style=\"margin: 5px 0; padding: 2px 0; clear: both; display: list-item; float: none; position: static;\"><b>OBR\u0118CZE:<\/b> KROSS<\/li>\n<li style=\"margin: 5px 0; padding: 2px 0; clear: both; display: list-item; float: none; position: static;\"><b>OPONY:<\/b> WANDA 27,5X2.1<\/li>\n<\/ul>\n<h3 style=\"color: #2c5aa0; font-size: 18px; margin: 30px 0 15px 0; font-weight: bold; clear: both; display: block; width: 100%; float: none; position: static;\">Hamulce<\/h3>\n<ul style=\"margin: 15px 0; padding-left: 20px; clear: both; display: block; width: 100%; float: none; position: static;\">\n<li style=\"margin: 5px 0; padding: 2px 0; clear: both; display: list-item; float: none; position: static;\"><b>HAMULEC PRZ\u00d3D:<\/b> V-BRAKE<\/li>\n<li style=\"margin: 5px 0; padding: 2px 0; clear: both; display: list-item; float: none; position: static;\"><b>HAMULEC TY\u0141:<\/b> V-BRAKE<\/li>\n<li style=\"margin: 5px 0; padding: 2px 0; clear: both; display: list-item; float: none; position: static;\"><b>D\u0179WIGNIE HAMULCA:<\/b> SHIMANO EF41<\/li>\n<li style=\"margin: 5px 0; padding: 2px 0; clear: both; display: list-item; float: none; position: static;\"><b>TARCZE HAMULCOWE:<\/b> BRAK<\/li>\n<\/ul>\n<h3 style=\"color: #2c5aa0; font-size: 18px; margin: 30px 0 15px 0; font-weight: bold; clear: both; display: block; width: 100%; float: none; position: static;\">Komponenty<\/h3>\n<ul style=\"margin: 15px 0; padding-left: 20px; clear: both; display: block; width: 100%; float: none; position: static;\">\n<li style=\"margin: 5px 0; padding: 2px 0; clear: both; display: list-item; float: none; position: static;\"><b>KIEROWNICA:<\/b> ALUMINIUM 660 MM 31.8<\/li>\n<li style=\"margin: 5px 0; padding: 2px 0; clear: both; display: list-item; float: none; position: static;\"><b>WSPORNIK KIEROWNICY:<\/b> ALUMINIUM 75MM\/31,8\/7\u00b0<\/li>\n<li style=\"margin: 5px 0; padding: 2px 0; clear: both; display: list-item; float: none; position: static;\"><b>SIOD\u0141O:<\/b> MTB &#8211; mo\u017ce r\u00f3\u017cni\u0107 si\u0119 wzorem i kolorem (ca\u0142e czarne)<\/li>\n<li style=\"margin: 5px 0; padding: 2px 0; clear: both; display: list-item; float: none; position: static;\"><b>WSPORNIK SIOD\u0141A:<\/b> ALUMINIUM 27,2X300<\/li>\n<li style=\"margin: 5px 0; padding: 2px 0; clear: both; display: list-item; float: none; position: static;\"><b>STERY:<\/b> 1-1\/8&#8243;<\/li>\n<li style=\"margin: 5px 0; padding: 2px 0; clear: both; display: list-item; float: none; position: static;\"><b>CHWYTY:<\/b> KROSS HANDY<\/li>\n<li style=\"margin: 5px 0; padding: 2px 0; clear: both; display: list-item; float: none; position: static;\"><b>PEDA\u0141Y:<\/b> FP-804<\/li>\n<\/ul>\n<p style=\"margin: 15px 0; line-height: 1.8; clear: both; display: block; width: 100%; float: none; position: static;\">Producent zastrzega sobie zmiany w specyfikacji<\/p>\n<h2>Po wyj\u0119ciu z kartonu do przykr\u0119cenia pozostaj\u0105: kierownica, siode\u0142ko, przednie ko\u0142o oraz peda\u0142y.<\/h2>\n<\/div>\n<\/div>\n<\/div>\n<div style=\"clear: both; display: block; margin: 10px 0;\">\n<div style=\"clear: both; display: block; margin: 10px 0;\">\n<div style=\"clear: both; display: block; margin: 10px 0;\">\n<div  style=\"max-width:1568px;max-height:976px\">\n<div style=\"clear: both; display: block; margin: 10px 0;\">\n<div style=\"clear: both; width: 100%; display: block; margin: 20px 0; padding: 0; float: none; position: static; text-align: center;\"><img decoding=\"async\"  src=\"https:\/\/a.allegroimg.com\/original\/110381\/844706934f9ab64fa4cc3ab54083\/ROWER-GORSKI-KROSS-HEXAGON-2-0-27-5-L-21-czarno-pomaranczowo-szary\" srcset=\"https:\/\/a.allegroimg.com\/original\/110381\/844706934f9ab64fa4cc3ab54083\/ROWER-GORSKI-KROSS-HEXAGON-2-0-27-5-L-21-czarno-pomaranczowo-szary 360w,https:\/\/a.allegroimg.com\/original\/110381\/844706934f9ab64fa4cc3ab54083\/ROWER-GORSKI-KROSS-HEXAGON-2-0-27-5-L-21-czarno-pomaranczowo-szary 720w,https:\/\/a.allegroimg.com\/original\/110381\/844706934f9ab64fa4cc3ab54083\/ROWER-GORSKI-KROSS-HEXAGON-2-0-27-5-L-21-czarno-pomaranczowo-szary 1023w,https:\/\/a.allegroimg.com\/original\/110381\/844706934f9ab64fa4cc3ab54083\/ROWER-GORSKI-KROSS-HEXAGON-2-0-27-5-L-21-czarno-pomaranczowo-szary 1440w,https:\/\/a.allegroimg.com\/original\/110381\/844706934f9ab64fa4cc3ab54083\/ROWER-GORSKI-KROSS-HEXAGON-2-0-27-5-L-21-czarno-pomaranczowo-szary 1568w\" sizes=\"100vw\" width=\"1568px\" alt=\"ROWER G\u00d3RSKI KROSS HEXAGON 2.0 27,5 L(21'') czarno-pomara\u0144czowo-szary\" style=\"max-width: 100%; height: auto; display: block; margin: 0 auto;\"><\/div>\n<\/div>\n<\/div>\n<\/div>\n<\/div>\n<\/div>\n<div style=\"clear: both; display: block; margin: 10px 0;\">\n<div style=\"clear: both; display: block; margin: 10px 0;\">\n<div style=\"clear: both; display: block; margin: 10px 0;\">\n<div  style=\"max-width:922px;max-height:998px\">\n<div style=\"clear: both; display: block; margin: 10px 0;\">\n<div style=\"clear: both; width: 100%; display: block; margin: 20px 0; padding: 0; float: none; position: static; text-align: center;\"><img decoding=\"async\"  src=\"https:\/\/a.allegroimg.com\/original\/11572b\/92edd7b3491ba368c310c88c4101\/ROWER-GORSKI-KROSS-HEXAGON-2-0-27-5-L-21-czarno-pomaranczowo-szary-EAN-GTIN-5902262039550\" srcset=\"https:\/\/a.allegroimg.com\/original\/11572b\/92edd7b3491ba368c310c88c4101\/ROWER-GORSKI-KROSS-HEXAGON-2-0-27-5-L-21-czarno-pomaranczowo-szary-EAN-GTIN-5902262039550 332w,https:\/\/a.allegroimg.com\/original\/11572b\/92edd7b3491ba368c310c88c4101\/ROWER-GORSKI-KROSS-HEXAGON-2-0-27-5-L-21-czarno-pomaranczowo-szary-EAN-GTIN-5902262039550 665w,https:\/\/a.allegroimg.com\/original\/11572b\/92edd7b3491ba368c310c88c4101\/ROWER-GORSKI-KROSS-HEXAGON-2-0-27-5-L-21-czarno-pomaranczowo-szary-EAN-GTIN-5902262039550 922w,https:\/\/a.allegroimg.com\/original\/11572b\/92edd7b3491ba368c310c88c4101\/ROWER-GORSKI-KROSS-HEXAGON-2-0-27-5-L-21-czarno-pomaranczowo-szary-EAN-GTIN-5902262039550 922w\" sizes=\"100vw\" width=\"922px\" alt=\"ROWER G\u00d3RSKI KROSS HEXAGON 2.0 27,5 L(21'') czarno-pomara\u0144czowo-szary EAN (GTIN) 5902262039550\" style=\"max-width: 100%; height: auto; display: block; margin: 0 auto;\"><\/div>\n<\/div>\n<\/div>\n<\/div>\n<\/div>\n<\/div>\n<\/div>\n<\/div>\n<\/div>\n<div style=\"clear: both; display: block; margin: 10px 0;\">\n","protected":false},"excerpt":{"rendered":"<p>Rower g\u00f3rski KROSS HEXAGON 2.0 27,5 L(21&quot;) czarny\/pomara\u0144czowy\/szary po\u0142ysk<\/p>\n<p>KROSS Hexagon 2.0&nbsp;to nasz rower, kt\u00f3ry da rad\u0119 wykona\u0107 ka\u017cde zadanie jakie przed nim postawisz. Doskonale sprawdzi si\u0119 na miejskich \u015bcie\u017cek rowerowych, a tak\u017ce na piaszczystych, le\u015bnych trasach. Niezale\u017cnie jak\u0105 tras\u0119 wybierzesz nasz rekreacyjny rower g\u00f3rski pomo\u017ce Ci j\u0105 pokona\u0107. Dzi\u0119ki dw\u00f3m rozmiarom k\u00f3\u0142 bez problemu dobierzesz rower do swojego wzrostu. Sprawdzone rozwi\u0105zania technologiczne to tylko dodatek do przyg\u00f3d, kt\u00f3re prze\u017cyjesz ze swoim nowym towarzyszem.<\/p>\n","protected":false},"featured_media":14507,"template":"","meta":{"_uag_custom_page_level_css":""},"product_brand":[692],"product_cat":[728,688,687,734],"product_tag":[],"class_list":{"0":"post-14506","1":"product","2":"type-product","3":"status-publish","4":"has-post-thumbnail","6":"product_brand-kross","7":"product_cat-mtb-gorskie","8":"product_cat-rowery","9":"product_cat-rowery-i-akcesoria","10":"product_cat-rowery-mtb-gorskie-275-cali","12":"first","13":"instock","14":"sale","15":"shipping-taxable","16":"purchasable","17":"product-type-simple"},"uagb_featured_image_src":{"full":["https:\/\/twojerowery.shop\/ro64\/wp-content\/uploads\/2026\/02\/allegro-image-14506.jpg",1568,976,false],"thumbnail":["https:\/\/twojerowery.shop\/ro64\/wp-content\/uploads\/2026\/02\/allegro-image-14506-150x150.jpg",150,150,true],"medium":["https:\/\/twojerowery.shop\/ro64\/wp-content\/uploads\/2026\/02\/allegro-image-14506-300x187.jpg",300,187,true],"medium_large":["https:\/\/twojerowery.shop\/ro64\/wp-content\/uploads\/2026\/02\/allegro-image-14506-768x478.jpg",768,478,true],"large":["https:\/\/twojerowery.shop\/ro64\/wp-content\/uploads\/2026\/02\/allegro-image-14506-1024x637.jpg",1024,637,true],"1536x1536":["https:\/\/twojerowery.shop\/ro64\/wp-content\/uploads\/2026\/02\/allegro-image-14506-1536x956.jpg",1536,956,true],"2048x2048":["https:\/\/twojerowery.shop\/ro64\/wp-content\/uploads\/2026\/02\/allegro-image-14506.jpg",1568,976,false],"woocommerce_thumbnail":["https:\/\/twojerowery.shop\/ro64\/wp-content\/uploads\/2026\/02\/allegro-image-14506-300x300.jpg",300,300,true],"woocommerce_single":["https:\/\/twojerowery.shop\/ro64\/wp-content\/uploads\/2026\/02\/allegro-image-14506-600x373.jpg",600,373,true],"woocommerce_gallery_thumbnail":["https:\/\/twojerowery.shop\/ro64\/wp-content\/uploads\/2026\/02\/allegro-image-14506-100x100.jpg",100,100,true]},"uagb_author_info":{"display_name":"admin","author_link":"https:\/\/twojerowery.shop\/ro64\/author\/"},"uagb_comment_info":0,"uagb_excerpt":"Rower g\u00f3rski KROSS HEXAGON 2.0 27,5 L(21&quot;) czarny\/pomara\u0144czowy\/szary po\u0142ysk KROSS Hexagon 2.0&nbsp;to nasz rower, kt\u00f3ry da rad\u0119 wykona\u0107 ka\u017cde zadanie jakie przed nim postawisz. Doskonale sprawdzi si\u0119 na miejskich \u015bcie\u017cek rowerowych, a tak\u017ce na piaszczystych, le\u015bnych trasach. Niezale\u017cnie jak\u0105 tras\u0119 wybierzesz nasz rekreacyjny rower g\u00f3rski pomo\u017ce Ci j\u0105 pokona\u0107. Dzi\u0119ki dw\u00f3m rozmiarom k\u00f3\u0142 bez problemu&hellip;","_links":{"self":[{"href":"https:\/\/twojerowery.shop\/ro64\/wp-json\/wp\/v2\/product\/14506","targetHints":{"allow":["GET"]}}],"collection":[{"href":"https:\/\/twojerowery.shop\/ro64\/wp-json\/wp\/v2\/product"}],"about":[{"href":"https:\/\/twojerowery.shop\/ro64\/wp-json\/wp\/v2\/types\/product"}],"wp:featuredmedia":[{"embeddable":true,"href":"https:\/\/twojerowery.shop\/ro64\/wp-json\/wp\/v2\/media\/14507"}],"wp:attachment":[{"href":"https:\/\/twojerowery.shop\/ro64\/wp-json\/wp\/v2\/media?parent=14506"}],"wp:term":[{"taxonomy":"product_brand","embeddable":true,"href":"https:\/\/twojerowery.shop\/ro64\/wp-json\/wp\/v2\/product_brand?post=14506"},{"taxonomy":"product_cat","embeddable":true,"href":"https:\/\/twojerowery.shop\/ro64\/wp-json\/wp\/v2\/product_cat?post=14506"},{"taxonomy":"product_tag","embeddable":true,"href":"https:\/\/twojerowery.shop\/ro64\/wp-json\/wp\/v2\/product_tag?post=14506"}],"curies":[{"name":"wp","href":"https:\/\/api.w.org\/{rel}","templated":true}]}}