{"id":14516,"date":"2026-02-26T04:37:31","date_gmt":"2026-02-26T03:37:31","guid":{"rendered":"https:\/\/rowermax.shop\/ro64\/produkt\/rower-karbonowy-xc-fuji-slm-29-2-5-175-niebieski-carbon-50-gwarancja\/"},"modified":"2026-02-26T04:37:33","modified_gmt":"2026-02-26T03:37:33","slug":"rower-karbonowy-xc-fuji-slm-29-2-5-175-niebieski-carbon-50-gwarancja","status":"publish","type":"product","link":"https:\/\/twojerowery.shop\/ro64\/produkt\/rower-karbonowy-xc-fuji-slm-29-2-5-175-niebieski-carbon-50-gwarancja\/","title":{"rendered":"Rower karbonowy XC Fuji SLM 29 2.5 17,5 Niebieski Carbon -50% Gwarancja"},"content":{"rendered":"<div style=\"font-family: Arial, sans-serif; line-height: 1.6; color: #333; padding: 20px; clear: both; display: block; width: 100%; float: none; position: static; overflow: hidden;\">\n<div style=\"clear: both; display: block; margin: 10px 0;\">\n<div style=\"clear: both; display: block; margin: 10px 0;\">\n<div style=\"clear: both; display: block; margin: 10px 0;\">\n<div  style=\"max-width:1599px;max-height:893px\">\n<div style=\"clear: both; display: block; margin: 10px 0;\">\n<div style=\"clear: both; width: 100%; display: block; margin: 20px 0; padding: 0; float: none; position: static; text-align: center;\"><img decoding=\"async\"  src=\"https:\/\/a.allegroimg.com\/original\/11bf80\/c34ec7f94ae3b5ee7906aed57455\/Rower-karbonowy-XC-Fuji-SLM-29-2-5-17-5-Niebieski-Carbon-50-Gwarancja\" srcset=\"https:\/\/a.allegroimg.com\/original\/11bf80\/c34ec7f94ae3b5ee7906aed57455\/Rower-karbonowy-XC-Fuji-SLM-29-2-5-17-5-Niebieski-Carbon-50-Gwarancja 360w,https:\/\/a.allegroimg.com\/original\/11bf80\/c34ec7f94ae3b5ee7906aed57455\/Rower-karbonowy-XC-Fuji-SLM-29-2-5-17-5-Niebieski-Carbon-50-Gwarancja 720w,https:\/\/a.allegroimg.com\/original\/11bf80\/c34ec7f94ae3b5ee7906aed57455\/Rower-karbonowy-XC-Fuji-SLM-29-2-5-17-5-Niebieski-Carbon-50-Gwarancja 1024w,https:\/\/a.allegroimg.com\/original\/11bf80\/c34ec7f94ae3b5ee7906aed57455\/Rower-karbonowy-XC-Fuji-SLM-29-2-5-17-5-Niebieski-Carbon-50-Gwarancja 1440w,https:\/\/a.allegroimg.com\/original\/11bf80\/c34ec7f94ae3b5ee7906aed57455\/Rower-karbonowy-XC-Fuji-SLM-29-2-5-17-5-Niebieski-Carbon-50-Gwarancja 1599w\" sizes=\"100vw\" width=\"1599px\" alt=\"Rower karbonowy XC Fuji SLM 29 2.5 17,5 Niebieski Carbon -50% Gwarancja\" style=\"max-width: 100%; height: auto; display: block; margin: 0 auto;\"><\/div>\n<\/div>\n<\/div>\n<\/div>\n<\/div>\n<\/div>\n<div style=\"clear: both; display: block; margin: 10px 0;\">\n<div style=\"clear: both; display: block; margin: 10px 0;\">\n<div style=\"clear: both; display: block; margin: 10px 0;\">\n<h2>Rower g\u00f3rski Fuji SLM 2.5 29&#8243;<\/h2>\n<h2>Pearl Blue \u2013 lekki i dynamiczny MTB<\/h2>\n<p style=\"margin: 15px 0; line-height: 1.8; clear: both; display: block; width: 100%; float: none; position: static;\"><b>Fuji SLM 29<\/b> <b>2.5 <\/b>to rower g\u00f3rski dla wymagaj\u0105cych. Dzi\u0119ki sportowej geometrii i lekkiej karbonowej ramie, sprawdzi si\u0119 zar\u00f3wno na trasach XC, podczas g\u00f3rskich wypraw jak i rekreacyjnych przeja\u017cd\u017cek po lesie. Ultralekka karbonowa rama sprawia, \u017ce SLM jest jednocze\u015bnie sztywny i niesamowicie p\u0142ynny w terenie. To szczyt mo\u017cliwo\u015bci w\u015br\u00f3d hardtaili XC. D\u0142uga, niska i agresywna geometria daje pe\u0142n\u0105 kontrol\u0119 przy wysokiej pr\u0119dko\u015bci, dzi\u0119ki czemu SLM \u015bwietnie odnajduje si\u0119 zar\u00f3wno na trasach Pucharu \u015awiata, jak i podczas lokalnych zawod\u00f3w XC.<\/p>\n<p style=\"margin: 15px 0; line-height: 1.8; clear: both; display: block; width: 100%; float: none; position: static;\">Zawieszenie RockShox Recon Gold RL o skoku 100 mm zapewnia komfort i kontrol\u0119 na nier\u00f3wnych nawierzchniach, a nap\u0119d Shimano 1&#215;12 i hydrauliczne hamulce tarczowe Shimano gwarantuj\u0105 p\u0142ynno\u015b\u0107 i bezpiecze\u0144stwo jazdy.<\/p>\n<h3 style=\"color: #2c5aa0; font-size: 18px; margin: 30px 0 15px 0; font-weight: bold; clear: both; display: block; width: 100%; float: none; position: static;\">SLM \u2013 kiedy liczy si\u0119 ka\u017cdy gram, ka\u017cdy zakr\u0119t i ka\u017cda sekunda.<\/h3>\n<h3 style=\"color: #2c5aa0; font-size: 18px; margin: 30px 0 15px 0; font-weight: bold; clear: both; display: block; width: 100%; float: none; position: static;\">Najwa\u017cniejsze cechy produktu:<\/h3>\n<ul style=\"margin: 15px 0; padding-left: 20px; clear: both; display: block; width: 100%; float: none; position: static;\">\n<li style=\"margin: 5px 0; padding: 2px 0; clear: both; display: list-item; float: none; position: static;\">Ultralekka karbonowa rama \u2013 C10 superlekki wysokomodu\u0142owy karbon, zapewniaj\u0105ca wyj\u0105tkow\u0105 sztywno\u015b\u0107 i responsywno\u015b\u0107.<\/li>\n<li style=\"margin: 5px 0; padding: 2px 0; clear: both; display: list-item; float: none; position: static;\">Powietrzny widelec RockShox Recon Gold RL \u2013 regulacja i blokada skoku dla optymalnej kontroli.<\/li>\n<li style=\"margin: 5px 0; padding: 2px 0; clear: both; display: list-item; float: none; position: static;\">Nap\u0119d SRAM 1&#215;12 \u2013 precyzyjna i p\u0142ynna zmiana bieg\u00f3w.<\/li>\n<li style=\"margin: 5px 0; padding: 2px 0; clear: both; display: list-item; float: none; position: static;\">Hamulce tarczowe, hydrauliczne Shimano \u2013 to skuteczno\u015b\u0107 hamowania w ka\u017cdych warunkach.<\/li>\n<li style=\"margin: 5px 0; padding: 2px 0; clear: both; display: list-item; float: none; position: static;\">Ko\u0142a na wzmacnianych obr\u0119czach 29&#8243; \u2013 stabilno\u015b\u0107 i lepsza przyczepno\u015b\u0107 na wymagaj\u0105cych trasach.<\/li>\n<li style=\"margin: 5px 0; padding: 2px 0; clear: both; display: list-item; float: none; position: static;\">Darmowa dostawa pod wybrany adres.<\/li>\n<\/ul>\n<h3 style=\"color: #2c5aa0; font-size: 18px; margin: 30px 0 15px 0; font-weight: bold; clear: both; display: block; width: 100%; float: none; position: static;\">Fuji \u2013 legendarne rowery szosowe, gravelowe i MTB<\/h3>\n<p style=\"margin: 15px 0; line-height: 1.8; clear: both; display: block; width: 100%; float: none; position: static;\">Fuji to jedna z najstarszych marek rowerowych na \u015bwiecie, kt\u00f3rej historia si\u0119ga&nbsp;<b>1899 roku<\/b>. W ci\u0105gu dekad Fuji sta\u0142o si\u0119 synonimem&nbsp;<b>innowacyjnych technologii, trwa\u0142o\u015bci i doskona\u0142ej jako\u015bci<\/b>. Dzi\u015b marka znana jest na ca\u0142ym \u015bwiecie i oferuje szerok\u0105 gam\u0119 rower\u00f3w, od modeli szosowych i gravelowych po rowery g\u00f3rskie i miejskie.<\/p>\n<p style=\"margin: 15px 0; line-height: 1.8; clear: both; display: block; width: 100%; float: none; position: static;\">Firma stosuje wysokiej jako\u015bci aluminium i karbon, zapewniaj\u0105c lekko\u015b\u0107 i wytrzyma\u0142o\u015b\u0107 swoich rower\u00f3w. Rowery Fuji to wysoka jako\u015b\u0107 wykonania, niezawodny osprz\u0119t oraz komfort jazdy!<\/p>\n<\/div>\n<\/div>\n<div style=\"clear: both; display: block; margin: 10px 0;\">\n<div style=\"clear: both; display: block; margin: 10px 0;\">\n<div  style=\"max-width:891px;max-height:894px\">\n<div style=\"clear: both; display: block; margin: 10px 0;\">\n<div style=\"clear: both; width: 100%; display: block; margin: 20px 0; padding: 0; float: none; position: static; text-align: center;\"><img decoding=\"async\"  src=\"https:\/\/a.allegroimg.com\/original\/11e880\/8be4dc544ac3acab3bbb41c8dc81\/Rower-karbonowy-XC-Fuji-SLM-29-2-5-17-5-Niebieski-Carbon-50-Gwarancja-Stan-opakowania-oryginalne\" srcset=\"https:\/\/a.allegroimg.com\/original\/11e880\/8be4dc544ac3acab3bbb41c8dc81\/Rower-karbonowy-XC-Fuji-SLM-29-2-5-17-5-Niebieski-Carbon-50-Gwarancja-Stan-opakowania-oryginalne 358w,https:\/\/a.allegroimg.com\/original\/11e880\/8be4dc544ac3acab3bbb41c8dc81\/Rower-karbonowy-XC-Fuji-SLM-29-2-5-17-5-Niebieski-Carbon-50-Gwarancja-Stan-opakowania-oryginalne 717w,https:\/\/a.allegroimg.com\/original\/11e880\/8be4dc544ac3acab3bbb41c8dc81\/Rower-karbonowy-XC-Fuji-SLM-29-2-5-17-5-Niebieski-Carbon-50-Gwarancja-Stan-opakowania-oryginalne 891w,https:\/\/a.allegroimg.com\/original\/11e880\/8be4dc544ac3acab3bbb41c8dc81\/Rower-karbonowy-XC-Fuji-SLM-29-2-5-17-5-Niebieski-Carbon-50-Gwarancja-Stan-opakowania-oryginalne 891w\" sizes=\"(min-width: 1200px) 560px, (min-width: 992px) 50vw, 100vw\" width=\"891px\" alt=\"Rower karbonowy XC Fuji SLM 29 2.5 17,5 Niebieski Carbon -50% Gwarancja Stan opakowania oryginalne\" style=\"max-width: 100%; height: auto; display: block; margin: 0 auto;\"><\/div>\n<\/div>\n<\/div>\n<\/div>\n<\/div>\n<\/div>\n<div style=\"clear: both; display: block; margin: 10px 0;\">\n<div style=\"clear: both; display: block; margin: 10px 0;\">\n<div style=\"clear: both; display: block; margin: 10px 0;\">\n<h3 style=\"color: #2c5aa0; font-size: 18px; margin: 30px 0 15px 0; font-weight: bold; clear: both; display: block; width: 100%; float: none; position: static;\">Specyfikacja techniczna:<\/h3>\n<h3 style=\"color: #2c5aa0; font-size: 18px; margin: 30px 0 15px 0; font-weight: bold; clear: both; display: block; width: 100%; float: none; position: static;\">Rama i widelec<\/h3>\n<ul style=\"margin: 15px 0; padding-left: 20px; clear: both; display: block; width: 100%; float: none; position: static;\">\n<li style=\"margin: 5px 0; padding: 2px 0; clear: both; display: list-item; float: none; position: static;\">Rama: C10 superlekki wysokomodu\u0142owy karbon, BB92, boost 148x12mm<\/li>\n<li style=\"margin: 5px 0; padding: 2px 0; clear: both; display: list-item; float: none; position: static;\">Widelec: RockShox Recon Gold 29 Solo Air, blokada widelca manetk\u0105, taperowana rura sterowa, boost 110x15mm, 100mm<\/li>\n<\/ul>\n<h3 style=\"color: #2c5aa0; font-size: 18px; margin: 30px 0 15px 0; font-weight: bold; clear: both; display: block; width: 100%; float: none; position: static;\">Kierownica i sterowanie<\/h3>\n<ul style=\"margin: 15px 0; padding-left: 20px; clear: both; display: block; width: 100%; float: none; position: static;\">\n<li style=\"margin: 5px 0; padding: 2px 0; clear: both; display: list-item; float: none; position: static;\">Stery: FSA 1 1\/8&#8243; &#8211; 1.5&#8243;, \u0142o\u017cysko uszczelnione<\/li>\n<li style=\"margin: 5px 0; padding: 2px 0; clear: both; display: list-item; float: none; position: static;\">Mostek: Race Face Ride, 6\u00b0 rise<\/li>\n<li style=\"margin: 5px 0; padding: 2px 0; clear: both; display: list-item; float: none; position: static;\">Kierownica: Race Face Ride Flat Bar, 710mm<\/li>\n<li style=\"margin: 5px 0; padding: 2px 0; clear: both; display: list-item; float: none; position: static;\">Chwyty: Fuji Performance Grip Lock On<\/li>\n<\/ul>\n<h3 style=\"color: #2c5aa0; font-size: 18px; margin: 30px 0 15px 0; font-weight: bold; clear: both; display: block; width: 100%; float: none; position: static;\">Siode\u0142ko i wsporniki<\/h3>\n<ul style=\"margin: 15px 0; padding-left: 20px; clear: both; display: block; width: 100%; float: none; position: static;\">\n<li style=\"margin: 5px 0; padding: 2px 0; clear: both; display: list-item; float: none; position: static;\">Sztyca: Race Face Ride XC, 31.6mm<\/li>\n<li style=\"margin: 5px 0; padding: 2px 0; clear: both; display: list-item; float: none; position: static;\">Siod\u0142o: Selle Italia X-Base Restyled<\/li>\n<\/ul>\n<h3 style=\"color: #2c5aa0; font-size: 18px; margin: 30px 0 15px 0; font-weight: bold; clear: both; display: block; width: 100%; float: none; position: static;\">Hamulce<\/h3>\n<ul style=\"margin: 15px 0; padding-left: 20px; clear: both; display: block; width: 100%; float: none; position: static;\">\n<li style=\"margin: 5px 0; padding: 2px 0; clear: both; display: list-item; float: none; position: static;\">D\u017awignie hamulca: Shimano MT500<\/li>\n<li style=\"margin: 5px 0; padding: 2px 0; clear: both; display: list-item; float: none; position: static;\">Zaciski: Shimano MT500<\/li>\n<li style=\"margin: 5px 0; padding: 2px 0; clear: both; display: list-item; float: none; position: static;\">Tarcze: 180\/160mm<\/li>\n<\/ul>\n<h3 style=\"color: #2c5aa0; font-size: 18px; margin: 30px 0 15px 0; font-weight: bold; clear: both; display: block; width: 100%; float: none; position: static;\">Ko\u0142a i opony<\/h3>\n<ul style=\"margin: 15px 0; padding-left: 20px; clear: both; display: block; width: 100%; float: none; position: static;\">\n<li style=\"margin: 5px 0; padding: 2px 0; clear: both; display: list-item; float: none; position: static;\">Obr\u0119cze: WTB ST i25 TCS 2.0 29&#8243; 32H<\/li>\n<li style=\"margin: 5px 0; padding: 2px 0; clear: both; display: list-item; float: none; position: static;\">Piasty: Shimano MT400<\/li>\n<li style=\"margin: 5px 0; padding: 2px 0; clear: both; display: list-item; float: none; position: static;\">Szprychy: DT Swiss Industry<\/li>\n<li style=\"margin: 5px 0; padding: 2px 0; clear: both; display: list-item; float: none; position: static;\">Opony: Maxxis Ikon, 29&#8243; x 2.2&#8243;, 60tpi, zwijane<\/li>\n<\/ul>\n<h3 style=\"color: #2c5aa0; font-size: 18px; margin: 30px 0 15px 0; font-weight: bold; clear: both; display: block; width: 100%; float: none; position: static;\">Nap\u0119d<\/h3>\n<ul style=\"margin: 15px 0; padding-left: 20px; clear: both; display: block; width: 100%; float: none; position: static;\">\n<li style=\"margin: 5px 0; padding: 2px 0; clear: both; display: list-item; float: none; position: static;\">Mechanizm korbowy: Shimano Deore, 32T<\/li>\n<li style=\"margin: 5px 0; padding: 2px 0; clear: both; display: list-item; float: none; position: static;\">Suport: Shimano BB92, wciskany<\/li>\n<li style=\"margin: 5px 0; padding: 2px 0; clear: both; display: list-item; float: none; position: static;\">\u0141a\u0144cuch: Shimano Deore<\/li>\n<li style=\"margin: 5px 0; padding: 2px 0; clear: both; display: list-item; float: none; position: static;\">Przerzutka tylna: Shimano Deore XT<\/li>\n<li style=\"margin: 5px 0; padding: 2px 0; clear: both; display: list-item; float: none; position: static;\">Manetka: Shimano Deore<\/li>\n<li style=\"margin: 5px 0; padding: 2px 0; clear: both; display: list-item; float: none; position: static;\">Kaseta: Shimano Deore, 11-51T<\/li>\n<\/ul>\n<h3 style=\"color: #2c5aa0; font-size: 18px; margin: 30px 0 15px 0; font-weight: bold; clear: both; display: block; width: 100%; float: none; position: static;\">Kolor:<\/h3>\n<ul style=\"margin: 15px 0; padding-left: 20px; clear: both; display: block; width: 100%; float: none; position: static;\">\n<li style=\"margin: 5px 0; padding: 2px 0; clear: both; display: list-item; float: none; position: static;\">niebieski (pearl blue)<\/li>\n<\/ul>\n<\/div>\n<\/div>\n<\/div>\n<div style=\"clear: both; display: block; margin: 10px 0;\">\n<div style=\"clear: both; display: block; margin: 10px 0;\">\n<div style=\"clear: both; display: block; margin: 10px 0;\">\n<div  style=\"max-width:982px;max-height:886px\">\n<div style=\"clear: both; display: block; margin: 10px 0;\">\n<div style=\"clear: both; width: 100%; display: block; margin: 20px 0; padding: 0; float: none; position: static; text-align: center;\"><img decoding=\"async\"  src=\"https:\/\/a.allegroimg.com\/original\/11efdf\/e7e01cc94341940aadd55032abd6\/Rower-karbonowy-XC-Fuji-SLM-29-2-5-17-5-Niebieski-Carbon-50-Gwarancja-Stopien-zlozenia-do-samodzielnego-zlozenia-do-regulacji\" srcset=\"https:\/\/a.allegroimg.com\/original\/11efdf\/e7e01cc94341940aadd55032abd6\/Rower-karbonowy-XC-Fuji-SLM-29-2-5-17-5-Niebieski-Carbon-50-Gwarancja-Stopien-zlozenia-do-samodzielnego-zlozenia-do-regulacji 360w,https:\/\/a.allegroimg.com\/original\/11efdf\/e7e01cc94341940aadd55032abd6\/Rower-karbonowy-XC-Fuji-SLM-29-2-5-17-5-Niebieski-Carbon-50-Gwarancja-Stopien-zlozenia-do-samodzielnego-zlozenia-do-regulacji 720w,https:\/\/a.allegroimg.com\/original\/11efdf\/e7e01cc94341940aadd55032abd6\/Rower-karbonowy-XC-Fuji-SLM-29-2-5-17-5-Niebieski-Carbon-50-Gwarancja-Stopien-zlozenia-do-samodzielnego-zlozenia-do-regulacji 982w,https:\/\/a.allegroimg.com\/original\/11efdf\/e7e01cc94341940aadd55032abd6\/Rower-karbonowy-XC-Fuji-SLM-29-2-5-17-5-Niebieski-Carbon-50-Gwarancja-Stopien-zlozenia-do-samodzielnego-zlozenia-do-regulacji 982w\" sizes=\"100vw\" width=\"982px\" alt=\"Rower karbonowy XC Fuji SLM 29 2.5 17,5 Niebieski Carbon -50% Gwarancja Stopie\u0144 z\u0142o\u017cenia do samodzielnego z\u0142o\u017cenia, do regulacji\" style=\"max-width: 100%; height: auto; display: block; margin: 0 auto;\"><\/div>\n<\/div>\n<\/div>\n<\/div>\n<\/div>\n<\/div>\n<div style=\"clear: both; display: block; margin: 10px 0;\">\n<div style=\"clear: both; display: block; margin: 10px 0;\">\n<div style=\"clear: both; display: block; margin: 10px 0;\">\n<div  style=\"max-width:1535px;max-height:1025px\">\n<div style=\"clear: both; display: block; margin: 10px 0;\">\n<div style=\"clear: both; width: 100%; display: block; margin: 20px 0; padding: 0; float: none; position: static; text-align: center;\"><img decoding=\"async\"  src=\"https:\/\/a.allegroimg.com\/original\/11be9e\/aa125d2b4d75925218d2770903eb\/Rower-karbonowy-XC-Fuji-SLM-29-2-5-17-5-Niebieski-Carbon-50-Gwarancja-Marka-Fuji\" srcset=\"https:\/\/a.allegroimg.com\/original\/11be9e\/aa125d2b4d75925218d2770903eb\/Rower-karbonowy-XC-Fuji-SLM-29-2-5-17-5-Niebieski-Carbon-50-Gwarancja-Marka-Fuji 360w,https:\/\/a.allegroimg.com\/original\/11be9e\/aa125d2b4d75925218d2770903eb\/Rower-karbonowy-XC-Fuji-SLM-29-2-5-17-5-Niebieski-Carbon-50-Gwarancja-Marka-Fuji 720w,https:\/\/a.allegroimg.com\/original\/11be9e\/aa125d2b4d75925218d2770903eb\/Rower-karbonowy-XC-Fuji-SLM-29-2-5-17-5-Niebieski-Carbon-50-Gwarancja-Marka-Fuji 1024w,https:\/\/a.allegroimg.com\/original\/11be9e\/aa125d2b4d75925218d2770903eb\/Rower-karbonowy-XC-Fuji-SLM-29-2-5-17-5-Niebieski-Carbon-50-Gwarancja-Marka-Fuji 1440w,https:\/\/a.allegroimg.com\/original\/11be9e\/aa125d2b4d75925218d2770903eb\/Rower-karbonowy-XC-Fuji-SLM-29-2-5-17-5-Niebieski-Carbon-50-Gwarancja-Marka-Fuji 1535w\" sizes=\"100vw\" width=\"1535px\" alt=\"Rower karbonowy XC Fuji SLM 29 2.5 17,5 Niebieski Carbon -50% Gwarancja Marka Fuji\" style=\"max-width: 100%; height: auto; display: block; margin: 0 auto;\"><\/div>\n<\/div>\n<\/div>\n<\/div>\n<\/div>\n<\/div>\n<div style=\"clear: both; display: block; margin: 10px 0;\">\n<div style=\"clear: both; display: block; margin: 10px 0;\">\n<div style=\"clear: both; display: block; margin: 10px 0;\">\n<h3 style=\"color: #2c5aa0; font-size: 18px; margin: 30px 0 15px 0; font-weight: bold; clear: both; display: block; width: 100%; float: none; position: static;\">Darmowa dostawa roweru pod wybrany adres.<\/h3>\n<h3 style=\"color: #2c5aa0; font-size: 18px; margin: 30px 0 15px 0; font-weight: bold; clear: both; display: block; width: 100%; float: none; position: static;\">Rower obj\u0119ty jest 2-letni\u0105 gwarancj\u0105 producenta.<\/h3>\n<p style=\"margin: 15px 0; line-height: 1.8; clear: both; display: block; width: 100%; float: none; position: static;\"><b>Jeste\u015bmy partnerem marki Fuji. <\/b><b>Je\u015bli zastanawiasz si\u0119, jaki model i rozmiar roweru Fuji wybra\u0107, pomo\u017cemy Ci dopasowa\u0107 rower idealny do Twoich potrzeb.<\/b><\/p>\n<\/div>\n<\/div>\n<div style=\"clear: both; display: block; margin: 10px 0;\">\n<div style=\"clear: both; display: block; margin: 10px 0;\">\n<div  style=\"max-width:900px;max-height:600px\">\n<div style=\"clear: both; display: block; margin: 10px 0;\">\n<div style=\"clear: both; width: 100%; display: block; margin: 20px 0; padding: 0; float: none; position: static; text-align: center;\"><img decoding=\"async\"  src=\"https:\/\/a.allegroimg.com\/original\/115950\/f281f29b41c9b73ba47337e0f6e8\/Rower-karbonowy-XC-Fuji-SLM-29-2-5-17-5-Niebieski-Carbon-50-Gwarancja-Kod-producenta-22FJ44175M1\" srcset=\"https:\/\/a.allegroimg.com\/original\/115950\/f281f29b41c9b73ba47337e0f6e8\/Rower-karbonowy-XC-Fuji-SLM-29-2-5-17-5-Niebieski-Carbon-50-Gwarancja-Kod-producenta-22FJ44175M1 360w,https:\/\/a.allegroimg.com\/original\/115950\/f281f29b41c9b73ba47337e0f6e8\/Rower-karbonowy-XC-Fuji-SLM-29-2-5-17-5-Niebieski-Carbon-50-Gwarancja-Kod-producenta-22FJ44175M1 720w,https:\/\/a.allegroimg.com\/original\/115950\/f281f29b41c9b73ba47337e0f6e8\/Rower-karbonowy-XC-Fuji-SLM-29-2-5-17-5-Niebieski-Carbon-50-Gwarancja-Kod-producenta-22FJ44175M1 900w,https:\/\/a.allegroimg.com\/original\/115950\/f281f29b41c9b73ba47337e0f6e8\/Rower-karbonowy-XC-Fuji-SLM-29-2-5-17-5-Niebieski-Carbon-50-Gwarancja-Kod-producenta-22FJ44175M1 900w\" sizes=\"(min-width: 1200px) 560px, (min-width: 992px) 50vw, 100vw\" width=\"900px\" alt=\"Rower karbonowy XC Fuji SLM 29 2.5 17,5 Niebieski Carbon -50% Gwarancja Kod producenta 22FJ44175M1\" style=\"max-width: 100%; height: auto; display: block; margin: 0 auto;\"><\/div>\n<\/div>\n<\/div>\n<\/div>\n<\/div>\n<\/div>\n<div style=\"clear: both; display: block; margin: 10px 0;\">\n<div style=\"clear: both; display: block; margin: 10px 0;\">\n<div style=\"clear: both; display: block; margin: 10px 0;\">\n<p style=\"margin: 15px 0; line-height: 1.8; clear: both; display: block; width: 100%; float: none; position: static;\"><b>Nasze rowery s\u0105 wst\u0119pnie regulowane, staranie pakowane i zabezpieczane w <\/b><b>profesjonalnej fabryce rower\u00f3w.<\/b><\/p>\n<p style=\"margin: 15px 0; line-height: 1.8; clear: both; display: block; width: 100%; float: none; position: static;\">W procesie produkcji, przed zapakowaniem, rowery przechodz\u0105 kontrol\u0119 jako\u015bci oraz s\u0105 wst\u0119pnie regulowane. Nast\u0119pnie pakowane s\u0105 solidnie w grube kartony wraz z zabezpieczeniem konkretnych element\u00f3w roweru dla zminimalizowania ryzyka uszkodze\u0144.&nbsp;Wszystko po to, aby rower dotar\u0142 do Pa\u0144stwa bezpiecznie, w nienaruszonym stanie.<\/p>\n<h3 style=\"color: #2c5aa0; font-size: 18px; margin: 30px 0 15px 0; font-weight: bold; clear: both; display: block; width: 100%; float: none; position: static;\">Rower dostarczany jest cz\u0119\u015bciowo z\u0142o\u017cony.<\/h3>\n<p style=\"margin: 15px 0; line-height: 1.8; clear: both; display: block; width: 100%; float: none; position: static;\">W zale\u017cno\u015bci od wybranego modelu, do samodzielnego monta\u017cu mog\u0105 pozosta\u0107 jedynie takie elementy jak: ko\u0142o, kierownica, peda\u0142y, siode\u0142ko oraz akcesoria. Do ka\u017cdego roweru do\u0142\u0105czamy&nbsp;<b>instrukcj\u0119 u\u017cytkowania<\/b>, dzi\u0119ki kt\u00f3rej z\u0142o\u017cenie roweru b\u0119dzie proste i bezproblemowe.<\/p>\n<h3 style=\"color: #2c5aa0; font-size: 18px; margin: 30px 0 15px 0; font-weight: bold; clear: both; display: block; width: 100%; float: none; position: static;\">Jak z\u0142o\u017cy\u0107 rower w domu?<\/h3>\n<ol>\n<li style=\"margin: 5px 0; padding: 2px 0; clear: both; display: list-item; float: none; position: static;\">Wyci\u0105gnij i rozpakuj poszczeg\u00f3lne elementy z opakowania.<\/li>\n<li style=\"margin: 5px 0; padding: 2px 0; clear: both; display: list-item; float: none; position: static;\">Zamontuj siode\u0142ko, kierownic\u0119 i peda\u0142y (zwr\u00f3\u0107 uwag\u0119, kt\u00f3ry peda\u0142 jest prawy, a kt\u00f3ry lewy).<\/li>\n<li style=\"margin: 5px 0; padding: 2px 0; clear: both; display: list-item; float: none; position: static;\">Przykr\u0119\u0107 przednie ko\u0142o i sprawd\u017a, czy pozosta\u0142e elementy s\u0105 prawid\u0142owo zamontowane i dokr\u0119cone.<\/li>\n<li style=\"margin: 5px 0; padding: 2px 0; clear: both; display: list-item; float: none; position: static;\">Wyreguluj przerzutki oraz hamulce.<\/li>\n<li style=\"margin: 5px 0; padding: 2px 0; clear: both; display: list-item; float: none; position: static;\">Rower jest gotowy do jazdy.<\/li>\n<\/ol>\n<\/div>\n<\/div>\n<\/div>\n<\/div>\n<\/div>\n<\/div>\n<div style=\"clear: both; display: block; margin: 10px 0;\">\n","protected":false},"excerpt":{"rendered":"<p>Rower g\u00f3rski Fuji SLM 2.5 29&quot;<\/p>\n<p>Pearl Blue \u2013 lekki i dynamiczny MTB<\/p>\n","protected":false},"featured_media":14517,"template":"","meta":{"_uag_custom_page_level_css":""},"product_brand":[686],"product_cat":[728,688,687,731],"product_tag":[],"class_list":{"0":"post-14516","1":"product","2":"type-product","3":"status-publish","4":"has-post-thumbnail","6":"product_brand-fuji","7":"product_cat-mtb-gorskie","8":"product_cat-rowery","9":"product_cat-rowery-i-akcesoria","10":"product_cat-rowery-mtb-gorskie-29-cali","12":"first","13":"instock","14":"sale","15":"shipping-taxable","16":"purchasable","17":"product-type-simple"},"uagb_featured_image_src":{"full":["https:\/\/twojerowery.shop\/ro64\/wp-content\/uploads\/2026\/02\/allegro-image-14516.jpg",1599,893,false],"thumbnail":["https:\/\/twojerowery.shop\/ro64\/wp-content\/uploads\/2026\/02\/allegro-image-14516-150x150.jpg",150,150,true],"medium":["https:\/\/twojerowery.shop\/ro64\/wp-content\/uploads\/2026\/02\/allegro-image-14516-300x168.jpg",300,168,true],"medium_large":["https:\/\/twojerowery.shop\/ro64\/wp-content\/uploads\/2026\/02\/allegro-image-14516-768x429.jpg",768,429,true],"large":["https:\/\/twojerowery.shop\/ro64\/wp-content\/uploads\/2026\/02\/allegro-image-14516-1024x572.jpg",1024,572,true],"1536x1536":["https:\/\/twojerowery.shop\/ro64\/wp-content\/uploads\/2026\/02\/allegro-image-14516-1536x858.jpg",1536,858,true],"2048x2048":["https:\/\/twojerowery.shop\/ro64\/wp-content\/uploads\/2026\/02\/allegro-image-14516.jpg",1599,893,false],"woocommerce_thumbnail":["https:\/\/twojerowery.shop\/ro64\/wp-content\/uploads\/2026\/02\/allegro-image-14516-300x300.jpg",300,300,true],"woocommerce_single":["https:\/\/twojerowery.shop\/ro64\/wp-content\/uploads\/2026\/02\/allegro-image-14516-600x335.jpg",600,335,true],"woocommerce_gallery_thumbnail":["https:\/\/twojerowery.shop\/ro64\/wp-content\/uploads\/2026\/02\/allegro-image-14516-100x100.jpg",100,100,true]},"uagb_author_info":{"display_name":"admin","author_link":"https:\/\/twojerowery.shop\/ro64\/author\/"},"uagb_comment_info":0,"uagb_excerpt":"Rower g\u00f3rski Fuji SLM 2.5 29&quot; Pearl Blue \u2013 lekki i dynamiczny MTB","_links":{"self":[{"href":"https:\/\/twojerowery.shop\/ro64\/wp-json\/wp\/v2\/product\/14516","targetHints":{"allow":["GET"]}}],"collection":[{"href":"https:\/\/twojerowery.shop\/ro64\/wp-json\/wp\/v2\/product"}],"about":[{"href":"https:\/\/twojerowery.shop\/ro64\/wp-json\/wp\/v2\/types\/product"}],"wp:featuredmedia":[{"embeddable":true,"href":"https:\/\/twojerowery.shop\/ro64\/wp-json\/wp\/v2\/media\/14517"}],"wp:attachment":[{"href":"https:\/\/twojerowery.shop\/ro64\/wp-json\/wp\/v2\/media?parent=14516"}],"wp:term":[{"taxonomy":"product_brand","embeddable":true,"href":"https:\/\/twojerowery.shop\/ro64\/wp-json\/wp\/v2\/product_brand?post=14516"},{"taxonomy":"product_cat","embeddable":true,"href":"https:\/\/twojerowery.shop\/ro64\/wp-json\/wp\/v2\/product_cat?post=14516"},{"taxonomy":"product_tag","embeddable":true,"href":"https:\/\/twojerowery.shop\/ro64\/wp-json\/wp\/v2\/product_tag?post=14516"}],"curies":[{"name":"wp","href":"https:\/\/api.w.org\/{rel}","templated":true}]}}