{"id":14528,"date":"2026-02-26T04:37:39","date_gmt":"2026-02-26T03:37:39","guid":{"rendered":"https:\/\/rowermax.shop\/ro64\/produkt\/27170281-c-17-m-rower-romet-jolene-7-1-bialo-niebieski\/"},"modified":"2026-02-26T04:37:41","modified_gmt":"2026-02-26T03:37:41","slug":"27170281-c-17-m-rower-romet-jolene-7-1-bialo-niebieski","status":"publish","type":"product","link":"https:\/\/twojerowery.shop\/ro64\/produkt\/27170281-c-17-m-rower-romet-jolene-7-1-bialo-niebieski\/","title":{"rendered":"27170281-C &#8211; 17 M Rower ROMET Jolene 7.1 bia\u0142o-niebieski"},"content":{"rendered":"<div style=\"font-family: Arial, sans-serif; line-height: 1.6; color: #333; padding: 20px; clear: both; display: block; width: 100%; float: none; position: static; overflow: hidden;\">\n<div style=\"clear: both; display: block; margin: 10px 0;\">\n<div style=\"clear: both; display: block; margin: 10px 0;\">\n<div style=\"clear: both; display: block; margin: 10px 0;\">\n<h2>27170281-C &#8211; 17 M Rower ROMET Jolene 7.1 bia\u0142o-niebieski<\/h2>\n<p style=\"margin: 15px 0; line-height: 1.8; clear: both; display: block; width: 100%; float: none; position: static;\">Widelec tel 27,5&#8243; SF-16 XCT-DS b\/g L=240 bia\u0142y YS-701 50 % JOLENE 27,5 2 wer.1<br \/>\nOpona 27,5 x 2,1 54-584 59\/XTRA ACTION czarna<br \/>\nKorba p+l CYCLONE stal. CTL-3-324P7S4 24\/34\/42\/170 czarna<br \/>\nRomet Jolene 7.1 \u2013 to damski rower g\u00f3rski przedstawiciel popularnej rodziny MTB. Seria 7 wyr\u00f3\u017cnia si\u0119 du\u017cymi ko\u0142ami o \u015brednicy 27,5 cala, kt\u00f3re dobrze sprawdzaj\u0105 si\u0119 przy je\u017adzie po szosie, jak i przy pokonywaniu przeszk\u00f3d, na g\u00f3rskich drogach. To propozycja dla kobiet traktuj\u0105cych rower, jako przepustk\u0119 do przygody, jako mo\u017cliwo\u015b\u0107 oderwania si\u0119 od codziennych problem\u00f3w, ale te\u017c sprawdzenia siebie w trudnym terenie. Solidne rozwi\u0105zania, osprz\u0119t pochodz\u0105cy od renomowanych dostawc\u00f3w, sprawiaj\u0105, \u017ce mo\u017cna polega\u0107 na tym rowerze i by\u0107 pewnym, \u017ce nie zawiedzie, nawet podczas d\u0142ugich wycieczek i wypraw. Jego atutami s\u0105 tak\u017ce nowoczesne wzornictwo oraz atrakcyjne malowania. Jolene 7.1 to uniwersalny, atrakcyjny rower MTB.<br \/>\nAMORTYZATOR TY\u0141: \u2014<br \/>\nHAMULEC PRZ\u00d3D: Shimano BR-TX805 tarczowy mechaniczny<br \/>\nHAMULEC TY\u0141: Shimano BR-TX805 tarczowy mechaniczny<br \/>\nKASETA\/WOLNOBIEG: Shimano MF-TZ500 14-28T, 7 bieg\u00f3w<br \/>\nKIEROWNICA: RMT Components 680mm \/ 31,8mm<br \/>\nKOLOR: bia\u0142y<br \/>\nKOLOR SZCZEG\u00d3\u0141OWY: bia\u0142o-niebieski<br \/>\nKOLORYSTYKA: bia\u0142y; niebieski<br \/>\nKO\u0141A, RAMA: 27,5 \/ aluminiowa 6061<br \/>\nLAMPA PRZ\u00d3D: \u2014<br \/>\nLAMPA TY\u0141: \u2014<br \/>\nMANETKI PRZ\u00d3D: Shimano ST-EF500 3 bieg\u00f3w<br \/>\nMANETKI TY\u0141: Shimano ST-EF500<br \/>\nMECHANIZM KORBOWY: Shimano Tourney TY-301 42\/34\/24T 170mm<br \/>\nMOSTEK KIEROWNICY: Romet aluminiowy 60mm\/90mm\/31,8mm<br \/>\nNAP\u0118D: 3&#215;7<br \/>\nOBR\u0118CZE: Aluminiowe dwukomorowe<br \/>\nOPONY: 27.5&#215;2.1&#8243;<br \/>\nPEDA\u0141Y: FP-804<br \/>\nPIASTA PRZ\u00d3D: Aluminiowa<br \/>\nPIASTA TY\u0141: Aluminiowa<br \/>\nPRZERZUTKA PRZ\u00d3D: Shimano Tourney FD-TY300<br \/>\nPRZERZUTKA TY\u0141: Shimano Altus RD-M310<br \/>\nROK PRODUKCJI: 2024<br \/>\nROZMIAR: 17<br \/>\nROZMIAR KO\u0141A: 27<br \/>\nSIOD\u0141O: Romet<br \/>\nSZTYCA: Romet Aluminiowa 27,2mm \/ 300mm<br \/>\nTARCZA HAMULCOWA PRZ\u00d3D: 160 m<br \/>\nTARCZA HAMULCOWA TY\u0141: 160mm<br \/>\nU\u017bYTKOWNIK: Kobieta<br \/>\nWAGA: 15,1 kg<br \/>\nWERSJA: c<br \/>\nWIDELEC: Suntour XCE 100mm<br \/>\nWZROST: 162-172<br \/>\nWZROST DO: 172<br \/>\nWZROST OD: 162<\/p>\n<\/div>\n<\/div>\n<\/div>\n<div style=\"clear: both; display: block; margin: 10px 0;\">\n<div style=\"clear: both; display: block; margin: 10px 0;\">\n<div style=\"clear: both; display: block; margin: 10px 0;\">\n<div  style=\"max-width:1200px;max-height:761px\">\n<div style=\"clear: both; display: block; margin: 10px 0;\">\n<div style=\"clear: both; width: 100%; display: block; margin: 20px 0; padding: 0; float: none; position: static; text-align: center;\"><img decoding=\"async\"  src=\"https:\/\/a.allegroimg.com\/original\/11b7db\/3ec99825482cbb207a334d4dd316\/27170281-C-17-M-Rower-ROMET-Jolene-7-1-bialo-niebieski\" srcset=\"https:\/\/a.allegroimg.com\/original\/11b7db\/3ec99825482cbb207a334d4dd316\/27170281-C-17-M-Rower-ROMET-Jolene-7-1-bialo-niebieski 360w,https:\/\/a.allegroimg.com\/original\/11b7db\/3ec99825482cbb207a334d4dd316\/27170281-C-17-M-Rower-ROMET-Jolene-7-1-bialo-niebieski 720w,https:\/\/a.allegroimg.com\/original\/11b7db\/3ec99825482cbb207a334d4dd316\/27170281-C-17-M-Rower-ROMET-Jolene-7-1-bialo-niebieski 1024w,https:\/\/a.allegroimg.com\/original\/11b7db\/3ec99825482cbb207a334d4dd316\/27170281-C-17-M-Rower-ROMET-Jolene-7-1-bialo-niebieski 1200w,https:\/\/a.allegroimg.com\/original\/11b7db\/3ec99825482cbb207a334d4dd316\/27170281-C-17-M-Rower-ROMET-Jolene-7-1-bialo-niebieski 1200w\" sizes=\"(min-width: 1200px) 560px, (min-width: 992px) 50vw, 100vw\" width=\"1200px\" alt=\"27170281-C - 17 M Rower ROMET Jolene 7.1 bia\u0142o-niebieski\" style=\"max-width: 100%; height: auto; display: block; margin: 0 auto;\"><\/div>\n<\/div>\n<\/div>\n<\/div>\n<\/div>\n<div style=\"clear: both; display: block; margin: 10px 0;\">\n<div style=\"clear: both; display: block; margin: 10px 0;\">\n<ul style=\"margin: 15px 0; padding-left: 20px; clear: both; display: block; width: 100%; float: none; position: static;\">\n<li style=\"margin: 5px 0; padding: 2px 0; clear: both; display: list-item; float: none; position: static;\"><b>AMORTYZATOR TY\u0141:<\/b> \u2014<\/li>\n<li style=\"margin: 5px 0; padding: 2px 0; clear: both; display: list-item; float: none; position: static;\"><b>HAMULEC PRZ\u00d3D:<\/b> Shimano BR-TX805 tarczowy mechaniczny<\/li>\n<li style=\"margin: 5px 0; padding: 2px 0; clear: both; display: list-item; float: none; position: static;\"><b>HAMULEC TY\u0141:<\/b> Shimano BR-TX805 tarczowy mechaniczny<\/li>\n<li style=\"margin: 5px 0; padding: 2px 0; clear: both; display: list-item; float: none; position: static;\"><b>KASETA\/WOLNOBIEG:<\/b> Shimano MF-TZ500 14-28T, 7 bieg\u00f3w<\/li>\n<li style=\"margin: 5px 0; padding: 2px 0; clear: both; display: list-item; float: none; position: static;\"><b>KIEROWNICA:<\/b> RMT Components 680mm \/ 31,8mm <\/li>\n<li style=\"margin: 5px 0; padding: 2px 0; clear: both; display: list-item; float: none; position: static;\"><b>KOLOR:<\/b> bia\u0142y<\/li>\n<li style=\"margin: 5px 0; padding: 2px 0; clear: both; display: list-item; float: none; position: static;\"><b>KOLOR SZCZEG\u00d3\u0141OWY:<\/b> bia\u0142o-niebieski<\/li>\n<li style=\"margin: 5px 0; padding: 2px 0; clear: both; display: list-item; float: none; position: static;\"><b>KOLORYSTYKA:<\/b> bia\u0142y; niebieski<\/li>\n<li style=\"margin: 5px 0; padding: 2px 0; clear: both; display: list-item; float: none; position: static;\"><b>KO\u0141A, RAMA:<\/b> 27,5 \/ aluminiowa 6061<\/li>\n<li style=\"margin: 5px 0; padding: 2px 0; clear: both; display: list-item; float: none; position: static;\"><b>LAMPA PRZ\u00d3D:<\/b> \u2014<\/li>\n<li style=\"margin: 5px 0; padding: 2px 0; clear: both; display: list-item; float: none; position: static;\"><b>LAMPA TY\u0141:<\/b> \u2014<\/li>\n<li style=\"margin: 5px 0; padding: 2px 0; clear: both; display: list-item; float: none; position: static;\"><b>MANETKI PRZ\u00d3D:<\/b> Shimano ST-EF500 3 bieg\u00f3w<\/li>\n<li style=\"margin: 5px 0; padding: 2px 0; clear: both; display: list-item; float: none; position: static;\"><b>MANETKI TY\u0141:<\/b> Shimano ST-EF500<\/li>\n<li style=\"margin: 5px 0; padding: 2px 0; clear: both; display: list-item; float: none; position: static;\"><b>MECHANIZM KORBOWY:<\/b> Shimano Tourney TY-301 42\/34\/24T 170mm<\/li>\n<li style=\"margin: 5px 0; padding: 2px 0; clear: both; display: list-item; float: none; position: static;\"><b>MOSTEK KIEROWNICY:<\/b> Romet aluminiowy 60mm\/90mm\/31,8mm<\/li>\n<li style=\"margin: 5px 0; padding: 2px 0; clear: both; display: list-item; float: none; position: static;\"><b>NAP\u0118D:<\/b> 3&#215;7<\/li>\n<li style=\"margin: 5px 0; padding: 2px 0; clear: both; display: list-item; float: none; position: static;\"><b>OBR\u0118CZE:<\/b> Aluminiowe dwukomorowe<\/li>\n<li style=\"margin: 5px 0; padding: 2px 0; clear: both; display: list-item; float: none; position: static;\"><b>OPONY:<\/b> 27.5&#215;2.1&#8243;<\/li>\n<li style=\"margin: 5px 0; padding: 2px 0; clear: both; display: list-item; float: none; position: static;\"><b>PEDA\u0141Y:<\/b> FP-804 <\/li>\n<li style=\"margin: 5px 0; padding: 2px 0; clear: both; display: list-item; float: none; position: static;\"><b>PIASTA PRZ\u00d3D:<\/b> Aluminiowa<\/li>\n<li style=\"margin: 5px 0; padding: 2px 0; clear: both; display: list-item; float: none; position: static;\"><b>PIASTA TY\u0141:<\/b> Aluminiowa<\/li>\n<li style=\"margin: 5px 0; padding: 2px 0; clear: both; display: list-item; float: none; position: static;\"><b>PRZERZUTKA PRZ\u00d3D:<\/b> Shimano Tourney FD-TY300<\/li>\n<li style=\"margin: 5px 0; padding: 2px 0; clear: both; display: list-item; float: none; position: static;\"><b>PRZERZUTKA TY\u0141:<\/b> Shimano Altus RD-M310<\/li>\n<li style=\"margin: 5px 0; padding: 2px 0; clear: both; display: list-item; float: none; position: static;\"><b>ROK PRODUKCJI:<\/b> 2024<\/li>\n<li style=\"margin: 5px 0; padding: 2px 0; clear: both; display: list-item; float: none; position: static;\"><b>ROZMIAR:<\/b> 17<\/li>\n<li style=\"margin: 5px 0; padding: 2px 0; clear: both; display: list-item; float: none; position: static;\"><b>ROZMIAR KO\u0141A:<\/b> 27<\/li>\n<li style=\"margin: 5px 0; padding: 2px 0; clear: both; display: list-item; float: none; position: static;\"><b>SIOD\u0141O:<\/b> Romet<\/li>\n<li style=\"margin: 5px 0; padding: 2px 0; clear: both; display: list-item; float: none; position: static;\"><b>SZTYCA:<\/b> Romet Aluminiowa 27,2mm \/ 300mm<\/li>\n<li style=\"margin: 5px 0; padding: 2px 0; clear: both; display: list-item; float: none; position: static;\"><b>TARCZA HAMULCOWA PRZ\u00d3D:<\/b> 160 m<\/li>\n<li style=\"margin: 5px 0; padding: 2px 0; clear: both; display: list-item; float: none; position: static;\"><b>TARCZA HAMULCOWA TY\u0141:<\/b> 160mm<\/li>\n<li style=\"margin: 5px 0; padding: 2px 0; clear: both; display: list-item; float: none; position: static;\"><b>U\u017bYTKOWNIK:<\/b> Kobieta<\/li>\n<li style=\"margin: 5px 0; padding: 2px 0; clear: both; display: list-item; float: none; position: static;\"><b>WAGA:<\/b> 15,1 kg<\/li>\n<li style=\"margin: 5px 0; padding: 2px 0; clear: both; display: list-item; float: none; position: static;\"><b>WERSJA:<\/b> c<\/li>\n<li style=\"margin: 5px 0; padding: 2px 0; clear: both; display: list-item; float: none; position: static;\"><b>WIDELEC:<\/b> Suntour XCE 100mm<\/li>\n<li style=\"margin: 5px 0; padding: 2px 0; clear: both; display: list-item; float: none; position: static;\"><b>WZROST:<\/b> 162-172<\/li>\n<li style=\"margin: 5px 0; padding: 2px 0; clear: both; display: list-item; float: none; position: static;\"><b>WZROST DO:<\/b> 172<\/li>\n<li style=\"margin: 5px 0; padding: 2px 0; clear: both; display: list-item; float: none; position: static;\"><b>WZROST OD:<\/b> 162<\/li>\n<\/ul>\n<\/div>\n<\/div>\n<\/div>\n<div style=\"clear: both; display: block; margin: 10px 0;\">\n<div style=\"clear: both; display: block; margin: 10px 0;\">\n<div style=\"clear: both; display: block; margin: 10px 0;\">\n<p style=\"margin: 15px 0; line-height: 1.8; clear: both; display: block; width: 100%; float: none; position: static;\">Rower g\u00f3rski ROMET JOLENE 7.1 2024<\/p>\n<\/div>\n<\/div>\n<\/div>\n<\/div>\n<\/div>\n<\/div>\n<div style=\"clear: both; display: block; margin: 10px 0;\">\n","protected":false},"excerpt":{"rendered":"<p>27170281-C &#8211; 17 M Rower ROMET Jolene 7.1 bia\u0142o-niebieski<\/p>\n<p>Widelec tel 27,5&quot; SF-16 XCT-DS b\/g L=240 bia\u0142y YS-701 50 % JOLENE 27,5 2 wer.1<\/p>\n<p>Opona 27,5 x 2,1 54-584 59\/XTRA ACTION czarna<\/p>\n<p>Korba p+l CYCLONE stal. CTL-3-324P7S4 24\/34\/42\/170 czarna<\/p>\n","protected":false},"featured_media":14529,"template":"","meta":{"_uag_custom_page_level_css":""},"product_brand":[695],"product_cat":[728,688,687,732],"product_tag":[],"class_list":{"0":"post-14528","1":"product","2":"type-product","3":"status-publish","4":"has-post-thumbnail","6":"product_brand-romet","7":"product_cat-mtb-gorskie","8":"product_cat-rowery","9":"product_cat-rowery-i-akcesoria","10":"product_cat-rowery-mtb-gorskie-26-cali","12":"first","13":"instock","14":"sale","15":"shipping-taxable","16":"purchasable","17":"product-type-simple"},"uagb_featured_image_src":{"full":["https:\/\/twojerowery.shop\/ro64\/wp-content\/uploads\/2026\/02\/allegro-image-14528.jpg",1200,761,false],"thumbnail":["https:\/\/twojerowery.shop\/ro64\/wp-content\/uploads\/2026\/02\/allegro-image-14528-150x150.jpg",150,150,true],"medium":["https:\/\/twojerowery.shop\/ro64\/wp-content\/uploads\/2026\/02\/allegro-image-14528-300x190.jpg",300,190,true],"medium_large":["https:\/\/twojerowery.shop\/ro64\/wp-content\/uploads\/2026\/02\/allegro-image-14528-768x487.jpg",768,487,true],"large":["https:\/\/twojerowery.shop\/ro64\/wp-content\/uploads\/2026\/02\/allegro-image-14528-1024x649.jpg",1024,649,true],"1536x1536":["https:\/\/twojerowery.shop\/ro64\/wp-content\/uploads\/2026\/02\/allegro-image-14528.jpg",1200,761,false],"2048x2048":["https:\/\/twojerowery.shop\/ro64\/wp-content\/uploads\/2026\/02\/allegro-image-14528.jpg",1200,761,false],"woocommerce_thumbnail":["https:\/\/twojerowery.shop\/ro64\/wp-content\/uploads\/2026\/02\/allegro-image-14528-300x300.jpg",300,300,true],"woocommerce_single":["https:\/\/twojerowery.shop\/ro64\/wp-content\/uploads\/2026\/02\/allegro-image-14528-600x381.jpg",600,381,true],"woocommerce_gallery_thumbnail":["https:\/\/twojerowery.shop\/ro64\/wp-content\/uploads\/2026\/02\/allegro-image-14528-100x100.jpg",100,100,true]},"uagb_author_info":{"display_name":"admin","author_link":"https:\/\/twojerowery.shop\/ro64\/author\/"},"uagb_comment_info":0,"uagb_excerpt":"27170281-C - 17 M Rower ROMET Jolene 7.1 bia\u0142o-niebieski Widelec tel 27,5&quot; SF-16 XCT-DS b\/g L=240 bia\u0142y YS-701 50 % JOLENE 27,5 2 wer.1 Opona 27,5 x 2,1 54-584 59\/XTRA ACTION czarna Korba p+l CYCLONE stal. CTL-3-324P7S4 24\/34\/42\/170 czarna","_links":{"self":[{"href":"https:\/\/twojerowery.shop\/ro64\/wp-json\/wp\/v2\/product\/14528","targetHints":{"allow":["GET"]}}],"collection":[{"href":"https:\/\/twojerowery.shop\/ro64\/wp-json\/wp\/v2\/product"}],"about":[{"href":"https:\/\/twojerowery.shop\/ro64\/wp-json\/wp\/v2\/types\/product"}],"wp:featuredmedia":[{"embeddable":true,"href":"https:\/\/twojerowery.shop\/ro64\/wp-json\/wp\/v2\/media\/14529"}],"wp:attachment":[{"href":"https:\/\/twojerowery.shop\/ro64\/wp-json\/wp\/v2\/media?parent=14528"}],"wp:term":[{"taxonomy":"product_brand","embeddable":true,"href":"https:\/\/twojerowery.shop\/ro64\/wp-json\/wp\/v2\/product_brand?post=14528"},{"taxonomy":"product_cat","embeddable":true,"href":"https:\/\/twojerowery.shop\/ro64\/wp-json\/wp\/v2\/product_cat?post=14528"},{"taxonomy":"product_tag","embeddable":true,"href":"https:\/\/twojerowery.shop\/ro64\/wp-json\/wp\/v2\/product_tag?post=14528"}],"curies":[{"name":"wp","href":"https:\/\/api.w.org\/{rel}","templated":true}]}}