{"id":14548,"date":"2026-02-26T04:37:56","date_gmt":"2026-02-26T03:37:56","guid":{"rendered":"https:\/\/rowermax.shop\/ro64\/produkt\/rower-mtb-gorski-kross-esprit-3-1-rama-19-kola-29-czarny\/"},"modified":"2026-02-26T04:37:57","modified_gmt":"2026-02-26T03:37:57","slug":"rower-mtb-gorski-kross-esprit-3-1-rama-19-kola-29-czarny","status":"publish","type":"product","link":"https:\/\/twojerowery.shop\/ro64\/produkt\/rower-mtb-gorski-kross-esprit-3-1-rama-19-kola-29-czarny\/","title":{"rendered":"Rower MTB g\u00f3rski Kross Esprit 3.1 rama 19&quot; ko\u0142a 29&quot; czarny"},"content":{"rendered":"<div style=\"font-family: Arial, sans-serif; line-height: 1.6; color: #333; padding: 20px; clear: both; display: block; width: 100%; float: none; position: static; overflow: hidden;\">\n<div style=\"clear: both; display: block; margin: 10px 0;\">\n<div style=\"clear: both; display: block; margin: 10px 0;\">\n<div style=\"clear: both; display: block; margin: 10px 0;\">\n<h1>Rozmiar ramy: 19\u201d | Ko\u0142a: 29\u201d | Kolor: czarny po\u0142ysk<\/h1>\n<h3 style=\"color: #2c5aa0; font-size: 18px; margin: 30px 0 15px 0; font-weight: bold; clear: both; display: block; width: 100%; float: none; position: static;\">Kross Esprit 3.1 to nowoczesny rower MTB dla os\u00f3b, kt\u00f3re ceni\u0105 sobie wydajno\u015b\u0107, komfort jazdy w terenie oraz trwa\u0142o\u015b\u0107 komponent\u00f3w. Idealny zar\u00f3wno do jazdy po szlakach, jak i codziennych tras w lesie czy poza miastem.<\/h3>\n<\/div>\n<\/div>\n<\/div>\n<div style=\"clear: both; display: block; margin: 10px 0;\">\n<div style=\"clear: both; display: block; margin: 10px 0;\">\n<div style=\"clear: both; display: block; margin: 10px 0;\">\n<div  style=\"max-width:1317px;max-height:841px\">\n<div style=\"clear: both; display: block; margin: 10px 0;\">\n<div style=\"clear: both; width: 100%; display: block; margin: 20px 0; padding: 0; float: none; position: static; text-align: center;\"><img decoding=\"async\"  src=\"https:\/\/a.allegroimg.com\/original\/111269\/619fd3b346518ec859d50d9626f6\/Rower-MTB-gorski-Kross-Esprit-3-1-rama-19-kola-29-czarny\" srcset=\"https:\/\/a.allegroimg.com\/original\/111269\/619fd3b346518ec859d50d9626f6\/Rower-MTB-gorski-Kross-Esprit-3-1-rama-19-kola-29-czarny 360w,https:\/\/a.allegroimg.com\/original\/111269\/619fd3b346518ec859d50d9626f6\/Rower-MTB-gorski-Kross-Esprit-3-1-rama-19-kola-29-czarny 720w,https:\/\/a.allegroimg.com\/original\/111269\/619fd3b346518ec859d50d9626f6\/Rower-MTB-gorski-Kross-Esprit-3-1-rama-19-kola-29-czarny 1024w,https:\/\/a.allegroimg.com\/original\/111269\/619fd3b346518ec859d50d9626f6\/Rower-MTB-gorski-Kross-Esprit-3-1-rama-19-kola-29-czarny 1317w,https:\/\/a.allegroimg.com\/original\/111269\/619fd3b346518ec859d50d9626f6\/Rower-MTB-gorski-Kross-Esprit-3-1-rama-19-kola-29-czarny 1317w\" sizes=\"100vw\" width=\"1317px\" alt=\"Rower MTB g\u00f3rski Kross Esprit 3.1 rama 19&amp;quot; ko\u0142a 29&amp;quot; czarny\" style=\"max-width: 100%; height: auto; display: block; margin: 0 auto;\"><\/div>\n<\/div>\n<\/div>\n<\/div>\n<\/div>\n<\/div>\n<div style=\"clear: both; display: block; margin: 10px 0;\">\n<div style=\"clear: both; display: block; margin: 10px 0;\">\n<div style=\"clear: both; display: block; margin: 10px 0;\">\n<h2>SPECYFIKACJA:<\/h2>\n<p style=\"margin: 15px 0; line-height: 1.8; clear: both; display: block; width: 100%; float: none; position: static;\">Rama i widelec<\/p>\n<ul style=\"margin: 15px 0; padding-left: 20px; clear: both; display: block; width: 100%; float: none; position: static;\">\n<li style=\"margin: 5px 0; padding: 2px 0; clear: both; display: list-item; float: none; position: static;\"><b>Wyko\u0144czenie lakieru:<\/b> polysk<\/li>\n<li style=\"margin: 5px 0; padding: 2px 0; clear: both; display: list-item; float: none; position: static;\"><b>Materia\u0142 Ramy:<\/b> ALUMINIUM<\/li>\n<li style=\"margin: 5px 0; padding: 2px 0; clear: both; display: list-item; float: none; position: static;\"><b>WIDELEC:<\/b> SR SUNTOUR XCT HLO<\/li>\n<li style=\"margin: 5px 0; padding: 2px 0; clear: both; display: list-item; float: none; position: static;\"><b>Skok widelca:<\/b> 100mm<\/li>\n<li style=\"margin: 5px 0; padding: 2px 0; clear: both; display: list-item; float: none; position: static;\"><b>TYLNY AMORTYZATOR:<\/b> BRAK<\/li>\n<li style=\"margin: 5px 0; padding: 2px 0; clear: both; display: list-item; float: none; position: static;\"><b>SKOK TYLNEGO AMORTYZATORA:<\/b> BRAK<\/li>\n<\/ul>\n<p style=\"margin: 15px 0; line-height: 1.8; clear: both; display: block; width: 100%; float: none; position: static;\">Nap\u0119d<\/p>\n<ul style=\"margin: 15px 0; padding-left: 20px; clear: both; display: block; width: 100%; float: none; position: static;\">\n<li style=\"margin: 5px 0; padding: 2px 0; clear: both; display: list-item; float: none; position: static;\"><b>PRZERZUTKA PRZ\u00d3D:<\/b> SHIMANO TOURNEY TY700<\/li>\n<li style=\"margin: 5px 0; padding: 2px 0; clear: both; display: list-item; float: none; position: static;\"><b>PRZERZUTKA TY\u0141:<\/b> SHIMANO ALIVIO M3100<\/li>\n<li style=\"margin: 5px 0; padding: 2px 0; clear: both; display: list-item; float: none; position: static;\"><b>MANETKI:<\/b> SHIMANO ALTUS M315<\/li>\n<li style=\"margin: 5px 0; padding: 2px 0; clear: both; display: list-item; float: none; position: static;\"><b>KORBA:<\/b> SR SUNTOUR<\/li>\n<li style=\"margin: 5px 0; padding: 2px 0; clear: both; display: list-item; float: none; position: static;\"><b>KORONKI:<\/b> 42T-34T-24T\/170MM<\/li>\n<li style=\"margin: 5px 0; padding: 2px 0; clear: both; display: list-item; float: none; position: static;\"><b>KASETA \/ WOLNOBIEG:<\/b> SHIMANO HG31<\/li>\n<li style=\"margin: 5px 0; padding: 2px 0; clear: both; display: list-item; float: none; position: static;\"><b>ZAKRES KASETY\/WOLNOBIEGU:<\/b> 11-32T<\/li>\n<li style=\"margin: 5px 0; padding: 2px 0; clear: both; display: list-item; float: none; position: static;\"><b>ILO\u015a\u0106 PRZE\u0141O\u017bE\u0143:<\/b> 24<\/li>\n<li style=\"margin: 5px 0; padding: 2px 0; clear: both; display: list-item; float: none; position: static;\"><b>SUPORT:<\/b> FP-B902<\/li>\n<li style=\"margin: 5px 0; padding: 2px 0; clear: both; display: list-item; float: none; position: static;\"><b>\u0141A\u0143CUCH:<\/b> YBN S8<\/li>\n<\/ul>\n<p style=\"margin: 15px 0; line-height: 1.8; clear: both; display: block; width: 100%; float: none; position: static;\">Ko\u0142a<\/p>\n<ul style=\"margin: 15px 0; padding-left: 20px; clear: both; display: block; width: 100%; float: none; position: static;\">\n<li style=\"margin: 5px 0; padding: 2px 0; clear: both; display: list-item; float: none; position: static;\"><b>PIASTA PRZ\u00d3D:<\/b> GL-B43F-DS<\/li>\n<li style=\"margin: 5px 0; padding: 2px 0; clear: both; display: list-item; float: none; position: static;\"><b>PIASTA TY\u0141:<\/b> GL-B43R-DS<\/li>\n<li style=\"margin: 5px 0; padding: 2px 0; clear: both; display: list-item; float: none; position: static;\"><b>OBR\u0118CZE:<\/b> KROSS<\/li>\n<li style=\"margin: 5px 0; padding: 2px 0; clear: both; display: list-item; float: none; position: static;\"><b>OPONY:<\/b> 29&#8243;x2,1&#8243;<\/li>\n<\/ul>\n<p style=\"margin: 15px 0; line-height: 1.8; clear: both; display: block; width: 100%; float: none; position: static;\">Hamulce<\/p>\n<ul style=\"margin: 15px 0; padding-left: 20px; clear: both; display: block; width: 100%; float: none; position: static;\">\n<li style=\"margin: 5px 0; padding: 2px 0; clear: both; display: list-item; float: none; position: static;\"><b>HAMULEC PRZ\u00d3D:<\/b> SHIMANO MT200<\/li>\n<li style=\"margin: 5px 0; padding: 2px 0; clear: both; display: list-item; float: none; position: static;\"><b>HAMULEC TY\u0141:<\/b> SHIMANO MT200<\/li>\n<li style=\"margin: 5px 0; padding: 2px 0; clear: both; display: list-item; float: none; position: static;\"><b>D\u0179WIGNIE HAMULCA:<\/b> SHIMANO MT200<\/li>\n<li style=\"margin: 5px 0; padding: 2px 0; clear: both; display: list-item; float: none; position: static;\"><b>TARCZE HAMULCOWE:<\/b> POWER (160)<\/li>\n<\/ul>\n<p style=\"margin: 15px 0; line-height: 1.8; clear: both; display: block; width: 100%; float: none; position: static;\">Komponenty<\/p>\n<ul style=\"margin: 15px 0; padding-left: 20px; clear: both; display: block; width: 100%; float: none; position: static;\">\n<li style=\"margin: 5px 0; padding: 2px 0; clear: both; display: list-item; float: none; position: static;\"><b>KIEROWNICA:<\/b> ALUMINIUM 640 MM 25.4<\/li>\n<li style=\"margin: 5px 0; padding: 2px 0; clear: both; display: list-item; float: none; position: static;\"><b>WSPORNIK KIEROWNICY:<\/b> 90MM\/25,4<\/li>\n<li style=\"margin: 5px 0; padding: 2px 0; clear: both; display: list-item; float: none; position: static;\"><b>SIOD\u0141O:<\/b> VELO VL-1353<\/li>\n<li style=\"margin: 5px 0; padding: 2px 0; clear: both; display: list-item; float: none; position: static;\"><b>WSPORNIK SIOD\u0141A:<\/b> ALUMINIUM 27,2&#215;350<\/li>\n<li style=\"margin: 5px 0; padding: 2px 0; clear: both; display: list-item; float: none; position: static;\"><b>STERY:<\/b> FP-H816 O1-1\/8&#8243;<\/li>\n<li style=\"margin: 5px 0; padding: 2px 0; clear: both; display: list-item; float: none; position: static;\"><b>Zacisk siod\u0142a:<\/b> Kross (szybkozamykacz)<\/li>\n<li style=\"margin: 5px 0; padding: 2px 0; clear: both; display: list-item; float: none; position: static;\"><b>CHWYTY:<\/b> KROSS HANDY<\/li>\n<li style=\"margin: 5px 0; padding: 2px 0; clear: both; display: list-item; float: none; position: static;\"><b>PEDA\u0141Y:<\/b> FP-917N<\/li>\n<\/ul>\n<\/div>\n<\/div>\n<div style=\"clear: both; display: block; margin: 10px 0;\">\n<div style=\"clear: both; display: block; margin: 10px 0;\">\n<div  style=\"max-width:1111px;max-height:876px\">\n<div style=\"clear: both; display: block; margin: 10px 0;\">\n<div style=\"clear: both; width: 100%; display: block; margin: 20px 0; padding: 0; float: none; position: static; text-align: center;\"><img decoding=\"async\"  src=\"https:\/\/a.allegroimg.com\/original\/1176f7\/e1d8ce0f47f5bae62fb0d9c1059e\/Rower-MTB-gorski-Kross-Esprit-3-1-rama-19-kola-29-czarny-EAN-GTIN-5902262053846\" srcset=\"https:\/\/a.allegroimg.com\/original\/1176f7\/e1d8ce0f47f5bae62fb0d9c1059e\/Rower-MTB-gorski-Kross-Esprit-3-1-rama-19-kola-29-czarny-EAN-GTIN-5902262053846 360w,https:\/\/a.allegroimg.com\/original\/1176f7\/e1d8ce0f47f5bae62fb0d9c1059e\/Rower-MTB-gorski-Kross-Esprit-3-1-rama-19-kola-29-czarny-EAN-GTIN-5902262053846 720w,https:\/\/a.allegroimg.com\/original\/1176f7\/e1d8ce0f47f5bae62fb0d9c1059e\/Rower-MTB-gorski-Kross-Esprit-3-1-rama-19-kola-29-czarny-EAN-GTIN-5902262053846 1024w,https:\/\/a.allegroimg.com\/original\/1176f7\/e1d8ce0f47f5bae62fb0d9c1059e\/Rower-MTB-gorski-Kross-Esprit-3-1-rama-19-kola-29-czarny-EAN-GTIN-5902262053846 1111w,https:\/\/a.allegroimg.com\/original\/1176f7\/e1d8ce0f47f5bae62fb0d9c1059e\/Rower-MTB-gorski-Kross-Esprit-3-1-rama-19-kola-29-czarny-EAN-GTIN-5902262053846 1111w\" sizes=\"(min-width: 1200px) 560px, (min-width: 992px) 50vw, 100vw\" width=\"1111px\" alt=\"Rower MTB g\u00f3rski Kross Esprit 3.1 rama 19&amp;quot; ko\u0142a 29&amp;quot; czarny EAN (GTIN) 5902262053846\" style=\"max-width: 100%; height: auto; display: block; margin: 0 auto;\"><\/div>\n<\/div>\n<\/div>\n<\/div>\n<\/div>\n<\/div>\n<div style=\"clear: both; display: block; margin: 10px 0;\">\n<div style=\"clear: both; display: block; margin: 10px 0;\">\n<div style=\"clear: both; display: block; margin: 10px 0;\">\n<h2>\u2705 Zalety:<\/h2>\n<ul style=\"margin: 15px 0; padding-left: 20px; clear: both; display: block; width: 100%; float: none; position: static;\">\n<li style=\"margin: 5px 0; padding: 2px 0; clear: both; display: list-item; float: none; position: static;\">Lekka aluminiowa rama<\/li>\n<li style=\"margin: 5px 0; padding: 2px 0; clear: both; display: list-item; float: none; position: static;\">24 prze\u0142o\u017cenia Shimano<\/li>\n<li style=\"margin: 5px 0; padding: 2px 0; clear: both; display: list-item; float: none; position: static;\">Amortyzacja 100 mm z blokad\u0105<\/li>\n<li style=\"margin: 5px 0; padding: 2px 0; clear: both; display: list-item; float: none; position: static;\">Ko\u0142a 29\u201d \u2013 doskona\u0142e do terenu<\/li>\n<li style=\"margin: 5px 0; padding: 2px 0; clear: both; display: list-item; float: none; position: static;\">Niezawodne hamulce hydrauliczne Shimano<\/li>\n<\/ul>\n<\/div>\n<\/div>\n<div style=\"clear: both; display: block; margin: 10px 0;\">\n<div style=\"clear: both; display: block; margin: 10px 0;\">\n<div  style=\"max-width:1093px;max-height:918px\">\n<div style=\"clear: both; display: block; margin: 10px 0;\">\n<div style=\"clear: both; width: 100%; display: block; margin: 20px 0; padding: 0; float: none; position: static; text-align: center;\"><img decoding=\"async\"  src=\"https:\/\/a.allegroimg.com\/original\/11a855\/e86d8bf54620a92e4bfcc17c7e8d\/Rower-MTB-gorski-Kross-Esprit-3-1-rama-19-kola-29-czarny-Model-ESPRIT-3-1\" srcset=\"https:\/\/a.allegroimg.com\/original\/11a855\/e86d8bf54620a92e4bfcc17c7e8d\/Rower-MTB-gorski-Kross-Esprit-3-1-rama-19-kola-29-czarny-Model-ESPRIT-3-1 360w,https:\/\/a.allegroimg.com\/original\/11a855\/e86d8bf54620a92e4bfcc17c7e8d\/Rower-MTB-gorski-Kross-Esprit-3-1-rama-19-kola-29-czarny-Model-ESPRIT-3-1 720w,https:\/\/a.allegroimg.com\/original\/11a855\/e86d8bf54620a92e4bfcc17c7e8d\/Rower-MTB-gorski-Kross-Esprit-3-1-rama-19-kola-29-czarny-Model-ESPRIT-3-1 1024w,https:\/\/a.allegroimg.com\/original\/11a855\/e86d8bf54620a92e4bfcc17c7e8d\/Rower-MTB-gorski-Kross-Esprit-3-1-rama-19-kola-29-czarny-Model-ESPRIT-3-1 1093w,https:\/\/a.allegroimg.com\/original\/11a855\/e86d8bf54620a92e4bfcc17c7e8d\/Rower-MTB-gorski-Kross-Esprit-3-1-rama-19-kola-29-czarny-Model-ESPRIT-3-1 1093w\" sizes=\"(min-width: 1200px) 560px, (min-width: 992px) 50vw, 100vw\" width=\"1093px\" alt=\"Rower MTB g\u00f3rski Kross Esprit 3.1 rama 19&amp;quot; ko\u0142a 29&amp;quot; czarny Model ESPRIT 3.1\" style=\"max-width: 100%; height: auto; display: block; margin: 0 auto;\"><\/div>\n<\/div>\n<\/div>\n<\/div>\n<\/div>\n<\/div>\n<div style=\"clear: both; display: block; margin: 10px 0;\">\n<div style=\"clear: both; display: block; margin: 10px 0;\">\n<div style=\"clear: both; display: block; margin: 10px 0;\">\n<h2>\u2705 Dlaczego warto wybra\u0107 Kross Esprit 3.1?<\/h2>\n<p style=\"margin: 15px 0; line-height: 1.8; clear: both; display: block; width: 100%; float: none; position: static;\">\u2714 Amortyzacja 100 mm z blokad\u0105 \u2013 idealna na trudny teren<\/p>\n<p style=\"margin: 15px 0; line-height: 1.8; clear: both; display: block; width: 100%; float: none; position: static;\">\u2714 Hydrauliczne hamulce tarczowe Shimano \u2013 pe\u0142na kontrola w ka\u017cdych warunkach<\/p>\n<p style=\"margin: 15px 0; line-height: 1.8; clear: both; display: block; width: 100%; float: none; position: static;\">\u2714 Aluminiowa, lekka i wytrzyma\u0142a rama<\/p>\n<p style=\"margin: 15px 0; line-height: 1.8; clear: both; display: block; width: 100%; float: none; position: static;\">\u2714 Du\u017ce ko\u0142a 29\u201d \u2013 lepsze prowadzenie na kamieniach i korzeniach<\/p>\n<p style=\"margin: 15px 0; line-height: 1.8; clear: both; display: block; width: 100%; float: none; position: static;\">\u2714 Sprz\u0119t od renomowanego producenta \u2013 idealny do rekreacji i jazdy w terenie<\/p>\n<\/div>\n<\/div>\n<\/div>\n<div style=\"clear: both; display: block; margin: 10px 0;\">\n<div style=\"clear: both; display: block; margin: 10px 0;\">\n<div style=\"clear: both; display: block; margin: 10px 0;\">\n<h2>Sprawd\u017a nasz\u0105 pe\u0142n\u0105 ofert\u0119!<\/h2>\n<p style=\"margin: 15px 0; line-height: 1.8; clear: both; display: block; width: 100%; float: none; position: static;\">Na naszych aukcjach znajdziesz szeroki wyb\u00f3r rower\u00f3w dla ka\u017cdego \u2013 od modeli m\u0142odzie\u017cowych, damskich i m\u0119skich, po rowery elektryczne i dzieci\u0119ce. Oferujemy r\u00f3wnie\u017c bogaty asortyment akcesori\u00f3w rowerowych, dzi\u0119ki kt\u00f3rym dostosujesz sw\u00f3j rower do w\u0142asnych potrzeb.<\/p>\n<h2>Sprawd\u017a nasz sklep Allegro i znajd\u017a sw\u00f3j wymarzony rower!<\/h2>\n<\/div>\n<\/div>\n<\/div>\n<\/div>\n<\/div>\n<\/div>\n<div style=\"clear: both; display: block; margin: 10px 0;\">\n","protected":false},"excerpt":{"rendered":"<p>Rozmiar ramy: 19\u201d | Ko\u0142a: 29\u201d | Kolor: czarny po\u0142ysk<\/p>\n<p>Kross Esprit 3.1 to nowoczesny rower MTB dla os\u00f3b, kt\u00f3re ceni\u0105 sobie wydajno\u015b\u0107, komfort jazdy w terenie oraz trwa\u0142o\u015b\u0107 komponent\u00f3w. Idealny zar\u00f3wno do jazdy po szlakach, jak i codziennych tras w lesie czy poza miastem.<\/p>\n<p>SPECYFIKACJA:<\/p>\n<p>Rama i widelec<\/p>\n<p>Wyko\u0144czenie lakieru: polysk<\/p>\n<p>Materia\u0142 Ramy: ALUMINIUM<\/p>\n<p>WIDELEC: SR SUNTOUR XCT HLO<\/p>\n<p>Skok widelca: 100mm<\/p>\n","protected":false},"featured_media":14549,"template":"","meta":{"_uag_custom_page_level_css":""},"product_brand":[692],"product_cat":[728,688,687,731],"product_tag":[],"class_list":{"0":"post-14548","1":"product","2":"type-product","3":"status-publish","4":"has-post-thumbnail","6":"product_brand-kross","7":"product_cat-mtb-gorskie","8":"product_cat-rowery","9":"product_cat-rowery-i-akcesoria","10":"product_cat-rowery-mtb-gorskie-29-cali","12":"first","13":"instock","14":"sale","15":"shipping-taxable","16":"purchasable","17":"product-type-simple"},"uagb_featured_image_src":{"full":["https:\/\/twojerowery.shop\/ro64\/wp-content\/uploads\/2026\/02\/allegro-image-14548.jpg",1317,841,false],"thumbnail":["https:\/\/twojerowery.shop\/ro64\/wp-content\/uploads\/2026\/02\/allegro-image-14548-150x150.jpg",150,150,true],"medium":["https:\/\/twojerowery.shop\/ro64\/wp-content\/uploads\/2026\/02\/allegro-image-14548-300x192.jpg",300,192,true],"medium_large":["https:\/\/twojerowery.shop\/ro64\/wp-content\/uploads\/2026\/02\/allegro-image-14548-768x490.jpg",768,490,true],"large":["https:\/\/twojerowery.shop\/ro64\/wp-content\/uploads\/2026\/02\/allegro-image-14548-1024x654.jpg",1024,654,true],"1536x1536":["https:\/\/twojerowery.shop\/ro64\/wp-content\/uploads\/2026\/02\/allegro-image-14548.jpg",1317,841,false],"2048x2048":["https:\/\/twojerowery.shop\/ro64\/wp-content\/uploads\/2026\/02\/allegro-image-14548.jpg",1317,841,false],"woocommerce_thumbnail":["https:\/\/twojerowery.shop\/ro64\/wp-content\/uploads\/2026\/02\/allegro-image-14548-300x300.jpg",300,300,true],"woocommerce_single":["https:\/\/twojerowery.shop\/ro64\/wp-content\/uploads\/2026\/02\/allegro-image-14548-600x383.jpg",600,383,true],"woocommerce_gallery_thumbnail":["https:\/\/twojerowery.shop\/ro64\/wp-content\/uploads\/2026\/02\/allegro-image-14548-100x100.jpg",100,100,true]},"uagb_author_info":{"display_name":"admin","author_link":"https:\/\/twojerowery.shop\/ro64\/author\/"},"uagb_comment_info":0,"uagb_excerpt":"Rozmiar ramy: 19\u201d | Ko\u0142a: 29\u201d | Kolor: czarny po\u0142ysk Kross Esprit 3.1 to nowoczesny rower MTB dla os\u00f3b, kt\u00f3re ceni\u0105 sobie wydajno\u015b\u0107, komfort jazdy w terenie oraz trwa\u0142o\u015b\u0107 komponent\u00f3w. Idealny zar\u00f3wno do jazdy po szlakach, jak i codziennych tras w lesie czy poza miastem. SPECYFIKACJA: Rama i widelec Wyko\u0144czenie lakieru: polysk Materia\u0142 Ramy: ALUMINIUM&hellip;","_links":{"self":[{"href":"https:\/\/twojerowery.shop\/ro64\/wp-json\/wp\/v2\/product\/14548","targetHints":{"allow":["GET"]}}],"collection":[{"href":"https:\/\/twojerowery.shop\/ro64\/wp-json\/wp\/v2\/product"}],"about":[{"href":"https:\/\/twojerowery.shop\/ro64\/wp-json\/wp\/v2\/types\/product"}],"wp:featuredmedia":[{"embeddable":true,"href":"https:\/\/twojerowery.shop\/ro64\/wp-json\/wp\/v2\/media\/14549"}],"wp:attachment":[{"href":"https:\/\/twojerowery.shop\/ro64\/wp-json\/wp\/v2\/media?parent=14548"}],"wp:term":[{"taxonomy":"product_brand","embeddable":true,"href":"https:\/\/twojerowery.shop\/ro64\/wp-json\/wp\/v2\/product_brand?post=14548"},{"taxonomy":"product_cat","embeddable":true,"href":"https:\/\/twojerowery.shop\/ro64\/wp-json\/wp\/v2\/product_cat?post=14548"},{"taxonomy":"product_tag","embeddable":true,"href":"https:\/\/twojerowery.shop\/ro64\/wp-json\/wp\/v2\/product_tag?post=14548"}],"curies":[{"name":"wp","href":"https:\/\/api.w.org\/{rel}","templated":true}]}}