{"id":14552,"date":"2026-02-26T04:37:59","date_gmt":"2026-02-26T03:37:59","guid":{"rendered":"https:\/\/rowermax.shop\/ro64\/produkt\/rower-dzieciecy-kross-lea-mini-1-0-kolo-20-bialy\/"},"modified":"2026-02-26T04:38:00","modified_gmt":"2026-02-26T03:38:00","slug":"rower-dzieciecy-kross-lea-mini-1-0-kolo-20-bialy","status":"publish","type":"product","link":"https:\/\/twojerowery.shop\/ro64\/produkt\/rower-dzieciecy-kross-lea-mini-1-0-kolo-20-bialy\/","title":{"rendered":"Rower dzieci\u0119cy Kross Lea Mini 1.0 ko\u0142o 20 &quot; bia\u0142y"},"content":{"rendered":"<div style=\"font-family: Arial, sans-serif; line-height: 1.6; color: #333; padding: 20px; clear: both; display: block; width: 100%; float: none; position: static; overflow: hidden;\">\n<div style=\"clear: both; display: block; margin: 10px 0;\">\n<div style=\"clear: both; display: block; margin: 10px 0;\">\n<div style=\"clear: both; display: block; margin: 10px 0;\">\n<h1>ROWER KROSS LEA MINI 1.0<\/h1>\n<h1>Kolor: bia\u0142y \/ niebieski \/ r\u00f3\u017cowy po\u0142ysk<\/h1>\n<h1>Rozmiar k\u00f3\u0142: 20&#8243;<\/h1>\n<h1>Rozmiar ramy: 11&#8243;<\/h1>\n<\/div>\n<\/div>\n<div style=\"clear: both; display: block; margin: 10px 0;\">\n<div style=\"clear: both; display: block; margin: 10px 0;\">\n<div  style=\"max-width:1800px;max-height:1200px\">\n<div style=\"clear: both; display: block; margin: 10px 0;\">\n<div style=\"clear: both; width: 100%; display: block; margin: 20px 0; padding: 0; float: none; position: static; text-align: center;\"><img decoding=\"async\"  src=\"https:\/\/a.allegroimg.com\/original\/113762\/b66ff5ec4bb8832e63ae2ceb3f53\/Rower-dzieciecy-Kross-Lea-Mini-1-0-kolo-20-bialy\" srcset=\"https:\/\/a.allegroimg.com\/original\/113762\/b66ff5ec4bb8832e63ae2ceb3f53\/Rower-dzieciecy-Kross-Lea-Mini-1-0-kolo-20-bialy 360w,https:\/\/a.allegroimg.com\/original\/113762\/b66ff5ec4bb8832e63ae2ceb3f53\/Rower-dzieciecy-Kross-Lea-Mini-1-0-kolo-20-bialy 720w,https:\/\/a.allegroimg.com\/original\/113762\/b66ff5ec4bb8832e63ae2ceb3f53\/Rower-dzieciecy-Kross-Lea-Mini-1-0-kolo-20-bialy 1024w,https:\/\/a.allegroimg.com\/original\/113762\/b66ff5ec4bb8832e63ae2ceb3f53\/Rower-dzieciecy-Kross-Lea-Mini-1-0-kolo-20-bialy 1440w,https:\/\/a.allegroimg.com\/original\/113762\/b66ff5ec4bb8832e63ae2ceb3f53\/Rower-dzieciecy-Kross-Lea-Mini-1-0-kolo-20-bialy 1800w\" sizes=\"(min-width: 1200px) 560px, (min-width: 992px) 50vw, 100vw\" width=\"1800px\" alt=\"Rower dzieci\u0119cy Kross Lea Mini 1.0 ko\u0142o 20 &amp;quot; bia\u0142y\" style=\"max-width: 100%; height: auto; display: block; margin: 0 auto;\"><\/div>\n<\/div>\n<\/div>\n<\/div>\n<\/div>\n<\/div>\n<div style=\"clear: both; display: block; margin: 10px 0;\">\n<div style=\"clear: both; display: block; margin: 10px 0;\">\n<div style=\"clear: both; display: block; margin: 10px 0;\">\n<div  style=\"max-width:1800px;max-height:1200px\">\n<div style=\"clear: both; display: block; margin: 10px 0;\">\n<div style=\"clear: both; width: 100%; display: block; margin: 20px 0; padding: 0; float: none; position: static; text-align: center;\"><img decoding=\"async\"  src=\"https:\/\/a.allegroimg.com\/original\/113762\/b66ff5ec4bb8832e63ae2ceb3f53\/Rower-dzieciecy-Kross-Lea-Mini-1-0-kolo-20-bialy\" srcset=\"https:\/\/a.allegroimg.com\/original\/113762\/b66ff5ec4bb8832e63ae2ceb3f53\/Rower-dzieciecy-Kross-Lea-Mini-1-0-kolo-20-bialy 360w,https:\/\/a.allegroimg.com\/original\/113762\/b66ff5ec4bb8832e63ae2ceb3f53\/Rower-dzieciecy-Kross-Lea-Mini-1-0-kolo-20-bialy 720w,https:\/\/a.allegroimg.com\/original\/113762\/b66ff5ec4bb8832e63ae2ceb3f53\/Rower-dzieciecy-Kross-Lea-Mini-1-0-kolo-20-bialy 1024w,https:\/\/a.allegroimg.com\/original\/113762\/b66ff5ec4bb8832e63ae2ceb3f53\/Rower-dzieciecy-Kross-Lea-Mini-1-0-kolo-20-bialy 1440w,https:\/\/a.allegroimg.com\/original\/113762\/b66ff5ec4bb8832e63ae2ceb3f53\/Rower-dzieciecy-Kross-Lea-Mini-1-0-kolo-20-bialy 1800w\" sizes=\"(min-width: 1200px) 560px, (min-width: 992px) 50vw, 100vw\" width=\"1800px\" alt=\"Rower dzieci\u0119cy Kross Lea Mini 1.0 ko\u0142o 20 &amp;quot; bia\u0142y\" style=\"max-width: 100%; height: auto; display: block; margin: 0 auto;\"><\/div>\n<\/div>\n<\/div>\n<\/div>\n<\/div>\n<div style=\"clear: both; display: block; margin: 10px 0;\">\n<div style=\"clear: both; display: block; margin: 10px 0;\">\n<h1>KROSS LEA MINI 1.0<\/h1>\n<p style=\"margin: 15px 0; line-height: 1.8; clear: both; display: block; width: 100%; float: none; position: static;\">Kross Lea Mini 1 to rower dla m\u0142odej rowerzystki szukaj\u0105cej roweru, kt\u00f3ry pomo\u017ce jej nad\u0105\u017cy\u0107 za rodzicami w ka\u017cdym terenie. Niezale\u017cnie czy w gr\u0119 wchodzi jazda po \u015bcie\u017ckach rowerowych czy te\u017c &nbsp;wycieczka poza miasto.<\/p>\n<h1>Sprawdzone rozwi\u0105zania<\/h1>\n<p style=\"margin: 15px 0; line-height: 1.8; clear: both; display: block; width: 100%; float: none; position: static;\">Rama Kross Lea Mini 1 zosta\u0142a zaprojektowana z my\u015bl\u0105 o najm\u0142odszych rowerzystkach. Ma ona za zadanie u\u0142atwia\u0107 wsiadanie oraz zsiadanie z roweru. \u017beby zmniejszy\u0107 jego wag\u0119 postanowili\u015bmy zastosowa\u0107 sztywny widelec oraz wykona\u0107 ram\u0119 z aluminium performance. Technologia ta, to specjalny stop aluminium performance 6061, dzi\u0119ki czemu rower jest sztywny i odporny na z\u0142amania. Jednocze\u015bnie, jest to stosunkowo lekki materia\u0142, kt\u00f3ry mo\u017ce zaskoczy\u0107 niejednego m\u0142odego rowerzyst\u0119 swoimi w\u0142a\u015bciwo\u015bciami.<\/p>\n<h1>Osprz\u0119t<\/h1>\n<p style=\"margin: 15px 0; line-height: 1.8; clear: both; display: block; width: 100%; float: none; position: static;\">Rower wyposa\u017cony jest w 6 prze\u0142o\u017ce\u0144 oraz przerzutk\u0119 tyln\u0105, tak by ma\u0142a rowerzystka mog\u0142a bez problemu odnale\u017a\u0107 si\u0119 w ka\u017cdym terenie. To tak\u017ce 20 calowe ko\u0142a u\u0142atwiaj\u0105ce jazd\u0119 oraz pokonywanie przeszk\u00f3d.<\/p>\n<\/div>\n<\/div>\n<\/div>\n<div style=\"clear: both; display: block; margin: 10px 0;\">\n<div style=\"clear: both; display: block; margin: 10px 0;\">\n<div style=\"clear: both; display: block; margin: 10px 0;\">\n<h1>Rama i widelec<\/h1>\n<ul style=\"margin: 15px 0; padding-left: 20px; clear: both; display: block; width: 100%; float: none; position: static;\">\n<li style=\"margin: 5px 0; padding: 2px 0; clear: both; display: list-item; float: none; position: static;\"><b>Wyko\u0144czenie lakieru<\/b> po\u0142ysk<\/li>\n<li style=\"margin: 5px 0; padding: 2px 0; clear: both; display: list-item; float: none; position: static;\"><b>Materia\u0142 Ramy<\/b> ALUMINIUM PERFORMANCE<\/li>\n<li style=\"margin: 5px 0; padding: 2px 0; clear: both; display: list-item; float: none; position: static;\"><b>WIDELEC<\/b> KROSS<\/li>\n<li style=\"margin: 5px 0; padding: 2px 0; clear: both; display: list-item; float: none; position: static;\"><b>Skok widelca<\/b> BRAK<\/li>\n<li style=\"margin: 5px 0; padding: 2px 0; clear: both; display: list-item; float: none; position: static;\"><b>TYLNY AMORTYZATOR<\/b> BRAK<\/li>\n<li style=\"margin: 5px 0; padding: 2px 0; clear: both; display: list-item; float: none; position: static;\"><b>Skok tylnego amortyzatora<\/b> BRAK<\/li>\n<\/ul>\n<h1>Nap\u0119d<\/h1>\n<ul style=\"margin: 15px 0; padding-left: 20px; clear: both; display: block; width: 100%; float: none; position: static;\">\n<li style=\"margin: 5px 0; padding: 2px 0; clear: both; display: list-item; float: none; position: static;\"><b>PRZERZUTKA PRZ\u00d3D <\/b>BRAK<\/li>\n<li style=\"margin: 5px 0; padding: 2px 0; clear: both; display: list-item; float: none; position: static;\"><b>PRZERZUTKA TY\u0141<\/b> SHIMANO TY21<\/li>\n<li style=\"margin: 5px 0; padding: 2px 0; clear: both; display: list-item; float: none; position: static;\"><b>MANETKI<\/b> SHIMANO TX30<\/li>\n<li style=\"margin: 5px 0; padding: 2px 0; clear: both; display: list-item; float: none; position: static;\"><b>KORBA<\/b> WHEEL TOP<\/li>\n<li style=\"margin: 5px 0; padding: 2px 0; clear: both; display: list-item; float: none; position: static;\"><b>Koronki <\/b>32T\/127MM<\/li>\n<li style=\"margin: 5px 0; padding: 2px 0; clear: both; display: list-item; float: none; position: static;\"><b>KASETA \/ WOLNOBIEG <\/b>SHIMANO MF TZ500<\/li>\n<li style=\"margin: 5px 0; padding: 2px 0; clear: both; display: list-item; float: none; position: static;\"><b>Zakres kasety \/ wolnobiegu <\/b>14-28T<\/li>\n<li style=\"margin: 5px 0; padding: 2px 0; clear: both; display: list-item; float: none; position: static;\"><b>ILO\u015a\u0106 PRZE\u0141O\u017bE\u0143<\/b> 6<\/li>\n<li style=\"margin: 5px 0; padding: 2px 0; clear: both; display: list-item; float: none; position: static;\"><b>SUPORT <\/b>FP-B902<\/li>\n<li style=\"margin: 5px 0; padding: 2px 0; clear: both; display: list-item; float: none; position: static;\"><b>\u0141A\u0143CUCHY<\/b> BN S20<\/li>\n<\/ul>\n<\/div>\n<\/div>\n<div style=\"clear: both; display: block; margin: 10px 0;\">\n<div style=\"clear: both; display: block; margin: 10px 0;\">\n<div  style=\"max-width:1800px;max-height:1200px\">\n<div style=\"clear: both; display: block; margin: 10px 0;\">\n<div style=\"clear: both; width: 100%; display: block; margin: 20px 0; padding: 0; float: none; position: static; text-align: center;\"><img decoding=\"async\"  src=\"https:\/\/a.allegroimg.com\/original\/113762\/b66ff5ec4bb8832e63ae2ceb3f53\/Rower-dzieciecy-Kross-Lea-Mini-1-0-kolo-20-bialy\" srcset=\"https:\/\/a.allegroimg.com\/original\/113762\/b66ff5ec4bb8832e63ae2ceb3f53\/Rower-dzieciecy-Kross-Lea-Mini-1-0-kolo-20-bialy 360w,https:\/\/a.allegroimg.com\/original\/113762\/b66ff5ec4bb8832e63ae2ceb3f53\/Rower-dzieciecy-Kross-Lea-Mini-1-0-kolo-20-bialy 720w,https:\/\/a.allegroimg.com\/original\/113762\/b66ff5ec4bb8832e63ae2ceb3f53\/Rower-dzieciecy-Kross-Lea-Mini-1-0-kolo-20-bialy 1024w,https:\/\/a.allegroimg.com\/original\/113762\/b66ff5ec4bb8832e63ae2ceb3f53\/Rower-dzieciecy-Kross-Lea-Mini-1-0-kolo-20-bialy 1440w,https:\/\/a.allegroimg.com\/original\/113762\/b66ff5ec4bb8832e63ae2ceb3f53\/Rower-dzieciecy-Kross-Lea-Mini-1-0-kolo-20-bialy 1800w\" sizes=\"(min-width: 1200px) 560px, (min-width: 992px) 50vw, 100vw\" width=\"1800px\" alt=\"Rower dzieci\u0119cy Kross Lea Mini 1.0 ko\u0142o 20 &amp;quot; bia\u0142y\" style=\"max-width: 100%; height: auto; display: block; margin: 0 auto;\"><\/div>\n<\/div>\n<\/div>\n<\/div>\n<\/div>\n<\/div>\n<div style=\"clear: both; display: block; margin: 10px 0;\">\n<div style=\"clear: both; display: block; margin: 10px 0;\">\n<div style=\"clear: both; display: block; margin: 10px 0;\">\n<div  style=\"max-width:1800px;max-height:1200px\">\n<div style=\"clear: both; display: block; margin: 10px 0;\">\n<div style=\"clear: both; width: 100%; display: block; margin: 20px 0; padding: 0; float: none; position: static; text-align: center;\"><img decoding=\"async\"  src=\"https:\/\/a.allegroimg.com\/original\/113762\/b66ff5ec4bb8832e63ae2ceb3f53\/Rower-dzieciecy-Kross-Lea-Mini-1-0-kolo-20-bialy\" srcset=\"https:\/\/a.allegroimg.com\/original\/113762\/b66ff5ec4bb8832e63ae2ceb3f53\/Rower-dzieciecy-Kross-Lea-Mini-1-0-kolo-20-bialy 360w,https:\/\/a.allegroimg.com\/original\/113762\/b66ff5ec4bb8832e63ae2ceb3f53\/Rower-dzieciecy-Kross-Lea-Mini-1-0-kolo-20-bialy 720w,https:\/\/a.allegroimg.com\/original\/113762\/b66ff5ec4bb8832e63ae2ceb3f53\/Rower-dzieciecy-Kross-Lea-Mini-1-0-kolo-20-bialy 1024w,https:\/\/a.allegroimg.com\/original\/113762\/b66ff5ec4bb8832e63ae2ceb3f53\/Rower-dzieciecy-Kross-Lea-Mini-1-0-kolo-20-bialy 1440w,https:\/\/a.allegroimg.com\/original\/113762\/b66ff5ec4bb8832e63ae2ceb3f53\/Rower-dzieciecy-Kross-Lea-Mini-1-0-kolo-20-bialy 1800w\" sizes=\"(min-width: 1200px) 560px, (min-width: 992px) 50vw, 100vw\" width=\"1800px\" alt=\"Rower dzieci\u0119cy Kross Lea Mini 1.0 ko\u0142o 20 &amp;quot; bia\u0142y\" style=\"max-width: 100%; height: auto; display: block; margin: 0 auto;\"><\/div>\n<\/div>\n<\/div>\n<\/div>\n<\/div>\n<div style=\"clear: both; display: block; margin: 10px 0;\">\n<div style=\"clear: both; display: block; margin: 10px 0;\">\n<h1>Ko\u0142a<\/h1>\n<ul style=\"margin: 15px 0; padding-left: 20px; clear: both; display: block; width: 100%; float: none; position: static;\">\n<li style=\"margin: 5px 0; padding: 2px 0; clear: both; display: list-item; float: none; position: static;\"><b>PIASTA PRZ\u00d3D<\/b> GL-B01F<\/li>\n<li style=\"margin: 5px 0; padding: 2px 0; clear: both; display: list-item; float: none; position: static;\"><b>PIASTA TY\u0141<\/b> GL-B01R<\/li>\n<li style=\"margin: 5px 0; padding: 2px 0; clear: both; display: list-item; float: none; position: static;\"><b>OBR\u0118CZE <\/b>KROSS<\/li>\n<li style=\"margin: 5px 0; padding: 2px 0; clear: both; display: list-item; float: none; position: static;\"><b>OPONY<\/b> 20&#8243;x1,95&#8243;<\/li>\n<\/ul>\n<h1>Hamulce<\/h1>\n<ul style=\"margin: 15px 0; padding-left: 20px; clear: both; display: block; width: 100%; float: none; position: static;\">\n<li style=\"margin: 5px 0; padding: 2px 0; clear: both; display: list-item; float: none; position: static;\"><b>HAMULEC PRZ\u00d3D<\/b> V-BRAKE<\/li>\n<li style=\"margin: 5px 0; padding: 2px 0; clear: both; display: list-item; float: none; position: static;\"><b>HAMULEC TY\u0141<\/b> V-BRAKE<\/li>\n<li style=\"margin: 5px 0; padding: 2px 0; clear: both; display: list-item; float: none; position: static;\"><b>D\u0179WIGNIE HAMULCA<\/b> ALHONGA<\/li>\n<li style=\"margin: 5px 0; padding: 2px 0; clear: both; display: list-item; float: none; position: static;\"><b>TARCZE HAMULCOWE<\/b> BRAK<\/li>\n<\/ul>\n<h1>Komponenty<\/h1>\n<ul style=\"margin: 15px 0; padding-left: 20px; clear: both; display: block; width: 100%; float: none; position: static;\">\n<li style=\"margin: 5px 0; padding: 2px 0; clear: both; display: list-item; float: none; position: static;\"><b>KIEROWNICA <\/b>STEEL 540MM 25.4<\/li>\n<li style=\"margin: 5px 0; padding: 2px 0; clear: both; display: list-item; float: none; position: static;\"><b>WSPORNIK KIEROWNICY <\/b>STAL 60MM\/25,4<\/li>\n<li style=\"margin: 5px 0; padding: 2px 0; clear: both; display: list-item; float: none; position: static;\"><b>SIOD\u0141O<\/b> KROSS<\/li>\n<li style=\"margin: 5px 0; padding: 2px 0; clear: both; display: list-item; float: none; position: static;\"><b>WSPORNIK SIOD\u0141A <\/b>SP-200 27,2&#215;250<\/li>\n<li style=\"margin: 5px 0; padding: 2px 0; clear: both; display: list-item; float: none; position: static;\"><b>STERY<\/b> FP-H803 1-1\/8&#8243;<\/li>\n<li style=\"margin: 5px 0; padding: 2px 0; clear: both; display: list-item; float: none; position: static;\"><b>CHWYTY <\/b>HERRMANS<\/li>\n<li style=\"margin: 5px 0; padding: 2px 0; clear: both; display: list-item; float: none; position: static;\"><b>PEDA\u0141Y<\/b> FP-619<\/li>\n<\/ul>\n<\/div>\n<\/div>\n<\/div>\n<div style=\"clear: both; display: block; margin: 10px 0;\">\n<div style=\"clear: both; display: block; margin: 10px 0;\">\n<div style=\"clear: both; display: block; margin: 10px 0;\">\n<div  style=\"max-width:1800px;max-height:1200px\">\n<div style=\"clear: both; display: block; margin: 10px 0;\">\n<div style=\"clear: both; width: 100%; display: block; margin: 20px 0; padding: 0; float: none; position: static; text-align: center;\"><img decoding=\"async\"  src=\"https:\/\/a.allegroimg.com\/original\/113762\/b66ff5ec4bb8832e63ae2ceb3f53\/Rower-dzieciecy-Kross-Lea-Mini-1-0-kolo-20-bialy\" srcset=\"https:\/\/a.allegroimg.com\/original\/113762\/b66ff5ec4bb8832e63ae2ceb3f53\/Rower-dzieciecy-Kross-Lea-Mini-1-0-kolo-20-bialy 360w,https:\/\/a.allegroimg.com\/original\/113762\/b66ff5ec4bb8832e63ae2ceb3f53\/Rower-dzieciecy-Kross-Lea-Mini-1-0-kolo-20-bialy 720w,https:\/\/a.allegroimg.com\/original\/113762\/b66ff5ec4bb8832e63ae2ceb3f53\/Rower-dzieciecy-Kross-Lea-Mini-1-0-kolo-20-bialy 1024w,https:\/\/a.allegroimg.com\/original\/113762\/b66ff5ec4bb8832e63ae2ceb3f53\/Rower-dzieciecy-Kross-Lea-Mini-1-0-kolo-20-bialy 1440w,https:\/\/a.allegroimg.com\/original\/113762\/b66ff5ec4bb8832e63ae2ceb3f53\/Rower-dzieciecy-Kross-Lea-Mini-1-0-kolo-20-bialy 1800w\" sizes=\"100vw\" width=\"1800px\" alt=\"Rower dzieci\u0119cy Kross Lea Mini 1.0 ko\u0142o 20 &amp;quot; bia\u0142y\" style=\"max-width: 100%; height: auto; display: block; margin: 0 auto;\"><\/div>\n<\/div>\n<\/div>\n<\/div>\n<\/div>\n<\/div>\n<\/div>\n<\/div>\n<\/div>\n<div style=\"clear: both; display: block; margin: 10px 0;\">\n","protected":false},"excerpt":{"rendered":"<p>ROWER KROSS LEA MINI 1.0<\/p>\n<p>Kolor: bia\u0142y \/ niebieski \/ r\u00f3\u017cowy po\u0142ysk<\/p>\n<p>Rozmiar k\u00f3\u0142: 20&quot;<\/p>\n<p>Rozmiar ramy: 11&quot;<\/p>\n<p>KROSS LEA MINI 1.0<\/p>\n<p>Kross Lea Mini 1 to rower dla m\u0142odej rowerzystki szukaj\u0105cej roweru, kt\u00f3ry pomo\u017ce jej nad\u0105\u017cy\u0107 za rodzicami w ka\u017cdym terenie. Niezale\u017cnie czy w gr\u0119 wchodzi jazda po \u015bcie\u017ckach rowerowych czy te\u017c &nbsp;wycieczka poza miasto.<\/p>\n<p>Sprawdzone rozwi\u0105zania<\/p>\n","protected":false},"featured_media":14553,"template":"","meta":{"_uag_custom_page_level_css":""},"product_brand":[692],"product_cat":[728,688,729,687],"product_tag":[],"class_list":{"0":"post-14552","1":"product","2":"type-product","3":"status-publish","4":"has-post-thumbnail","6":"product_brand-kross","7":"product_cat-mtb-gorskie","8":"product_cat-rowery","9":"product_cat-rowery-enduro-trail","10":"product_cat-rowery-i-akcesoria","12":"first","13":"instock","14":"sale","15":"shipping-taxable","16":"purchasable","17":"product-type-simple"},"uagb_featured_image_src":{"full":["https:\/\/twojerowery.shop\/ro64\/wp-content\/uploads\/2026\/02\/allegro-image-14552.jpg",1800,1200,false],"thumbnail":["https:\/\/twojerowery.shop\/ro64\/wp-content\/uploads\/2026\/02\/allegro-image-14552-150x150.jpg",150,150,true],"medium":["https:\/\/twojerowery.shop\/ro64\/wp-content\/uploads\/2026\/02\/allegro-image-14552-300x200.jpg",300,200,true],"medium_large":["https:\/\/twojerowery.shop\/ro64\/wp-content\/uploads\/2026\/02\/allegro-image-14552-768x512.jpg",768,512,true],"large":["https:\/\/twojerowery.shop\/ro64\/wp-content\/uploads\/2026\/02\/allegro-image-14552-1024x683.jpg",1024,683,true],"1536x1536":["https:\/\/twojerowery.shop\/ro64\/wp-content\/uploads\/2026\/02\/allegro-image-14552-1536x1024.jpg",1536,1024,true],"2048x2048":["https:\/\/twojerowery.shop\/ro64\/wp-content\/uploads\/2026\/02\/allegro-image-14552.jpg",1800,1200,false],"woocommerce_thumbnail":["https:\/\/twojerowery.shop\/ro64\/wp-content\/uploads\/2026\/02\/allegro-image-14552-300x300.jpg",300,300,true],"woocommerce_single":["https:\/\/twojerowery.shop\/ro64\/wp-content\/uploads\/2026\/02\/allegro-image-14552-600x400.jpg",600,400,true],"woocommerce_gallery_thumbnail":["https:\/\/twojerowery.shop\/ro64\/wp-content\/uploads\/2026\/02\/allegro-image-14552-100x100.jpg",100,100,true]},"uagb_author_info":{"display_name":"admin","author_link":"https:\/\/twojerowery.shop\/ro64\/author\/"},"uagb_comment_info":0,"uagb_excerpt":"ROWER KROSS LEA MINI 1.0 Kolor: bia\u0142y \/ niebieski \/ r\u00f3\u017cowy po\u0142ysk Rozmiar k\u00f3\u0142: 20&quot; Rozmiar ramy: 11&quot; KROSS LEA MINI 1.0 Kross Lea Mini 1 to rower dla m\u0142odej rowerzystki szukaj\u0105cej roweru, kt\u00f3ry pomo\u017ce jej nad\u0105\u017cy\u0107 za rodzicami w ka\u017cdym terenie. Niezale\u017cnie czy w gr\u0119 wchodzi jazda po \u015bcie\u017ckach rowerowych czy te\u017c &nbsp;wycieczka poza&hellip;","_links":{"self":[{"href":"https:\/\/twojerowery.shop\/ro64\/wp-json\/wp\/v2\/product\/14552","targetHints":{"allow":["GET"]}}],"collection":[{"href":"https:\/\/twojerowery.shop\/ro64\/wp-json\/wp\/v2\/product"}],"about":[{"href":"https:\/\/twojerowery.shop\/ro64\/wp-json\/wp\/v2\/types\/product"}],"wp:featuredmedia":[{"embeddable":true,"href":"https:\/\/twojerowery.shop\/ro64\/wp-json\/wp\/v2\/media\/14553"}],"wp:attachment":[{"href":"https:\/\/twojerowery.shop\/ro64\/wp-json\/wp\/v2\/media?parent=14552"}],"wp:term":[{"taxonomy":"product_brand","embeddable":true,"href":"https:\/\/twojerowery.shop\/ro64\/wp-json\/wp\/v2\/product_brand?post=14552"},{"taxonomy":"product_cat","embeddable":true,"href":"https:\/\/twojerowery.shop\/ro64\/wp-json\/wp\/v2\/product_cat?post=14552"},{"taxonomy":"product_tag","embeddable":true,"href":"https:\/\/twojerowery.shop\/ro64\/wp-json\/wp\/v2\/product_tag?post=14552"}],"curies":[{"name":"wp","href":"https:\/\/api.w.org\/{rel}","templated":true}]}}