{"id":14562,"date":"2026-02-26T04:38:06","date_gmt":"2026-02-26T03:38:06","guid":{"rendered":"https:\/\/rowermax.shop\/ro64\/produkt\/lekki-rower-dla-dziecka-woom-explore-4-blue-20-niebieski\/"},"modified":"2026-02-26T04:38:08","modified_gmt":"2026-02-26T03:38:08","slug":"lekki-rower-dla-dziecka-woom-explore-4-blue-20-niebieski","status":"publish","type":"product","link":"https:\/\/twojerowery.shop\/ro64\/produkt\/lekki-rower-dla-dziecka-woom-explore-4-blue-20-niebieski\/","title":{"rendered":"Lekki Rower dla dziecka Woom explore 4 blue 20&#8221; niebieski"},"content":{"rendered":"<div style=\"font-family: Arial, sans-serif; line-height: 1.6; color: #333; padding: 20px; clear: both; display: block; width: 100%; float: none; position: static; overflow: hidden;\">\n<div style=\"clear: both; display: block; margin: 10px 0;\">\n<div style=\"clear: both; display: block; margin: 10px 0;\">\n<div style=\"clear: both; display: block; margin: 10px 0;\">\n<h1>Rower woom EXPLORE 4<\/h1>\n<h3 style=\"color: #2c5aa0; font-size: 18px; margin: 30px 0 15px 0; font-weight: bold; clear: both; display: block; width: 100%; float: none; position: static;\">Rower dla aktywnego dziecka na ko\u0142ach 20\u201c<\/h3>\n<p style=\"margin: 15px 0; line-height: 1.8; clear: both; display: block; width: 100%; float: none; position: static;\">Superlekki, wszechstronny rower dzieci\u0119cy o kole 20\u201c dla rowerzyst\u00f3w w wieku od sze\u015bciu lat, wyposa\u017cony w hamulce tarczowe, 7 bieg\u00f3w i terenowe opony.<\/p>\n<p style=\"margin: 15px 0; line-height: 1.8; clear: both; display: block; width: 100%; float: none; position: static;\">Rozmiar:&nbsp;<b>20\u201d<\/b><\/p>\n<p style=\"margin: 15px 0; line-height: 1.8; clear: both; display: block; width: 100%; float: none; position: static;\">Waga:&nbsp;<b>7,8 kg<\/b><\/p>\n<p style=\"margin: 15px 0; line-height: 1.8; clear: both; display: block; width: 100%; float: none; position: static;\">Wiek:&nbsp;<b>6 &#8211; 8 lat<\/b><\/p>\n<p style=\"margin: 15px 0; line-height: 1.8; clear: both; display: block; width: 100%; float: none; position: static;\">Wzrost:&nbsp;<b>115 &#8211; 130 cm<\/b><\/p>\n<p style=\"margin: 15px 0; line-height: 1.8; clear: both; display: block; width: 100%; float: none; position: static;\">Dost\u0119pne edycje:<\/p>\n<h3 style=\"color: #2c5aa0; font-size: 18px; margin: 30px 0 15px 0; font-weight: bold; clear: both; display: block; width: 100%; float: none; position: static;\">EXPLORE<\/h3>\n<\/div>\n<\/div>\n<\/div>\n<div style=\"clear: both; display: block; margin: 10px 0;\">\n<div style=\"clear: both; display: block; margin: 10px 0;\">\n<div style=\"clear: both; display: block; margin: 10px 0;\">\n<div  style=\"max-width:2000px;max-height:1333px\">\n<div style=\"clear: both; display: block; margin: 10px 0;\">\n<div style=\"clear: both; width: 100%; display: block; margin: 20px 0; padding: 0; float: none; position: static; text-align: center;\"><img decoding=\"async\"  src=\"https:\/\/a.allegroimg.com\/original\/113099\/2eb4a9764fcf863680e7803c1647\/Lekki-Rower-dla-dziecka-Woom-explore-4-blue-20-niebieski-Stopien-zlozenia-wstepnie-zlozony-wyregulowany\" srcset=\"https:\/\/a.allegroimg.com\/original\/113099\/2eb4a9764fcf863680e7803c1647\/Lekki-Rower-dla-dziecka-Woom-explore-4-blue-20-niebieski-Stopien-zlozenia-wstepnie-zlozony-wyregulowany 360w,https:\/\/a.allegroimg.com\/original\/113099\/2eb4a9764fcf863680e7803c1647\/Lekki-Rower-dla-dziecka-Woom-explore-4-blue-20-niebieski-Stopien-zlozenia-wstepnie-zlozony-wyregulowany 720w,https:\/\/a.allegroimg.com\/original\/113099\/2eb4a9764fcf863680e7803c1647\/Lekki-Rower-dla-dziecka-Woom-explore-4-blue-20-niebieski-Stopien-zlozenia-wstepnie-zlozony-wyregulowany 1024w,https:\/\/a.allegroimg.com\/original\/113099\/2eb4a9764fcf863680e7803c1647\/Lekki-Rower-dla-dziecka-Woom-explore-4-blue-20-niebieski-Stopien-zlozenia-wstepnie-zlozony-wyregulowany 1440w,https:\/\/a.allegroimg.com\/original\/113099\/2eb4a9764fcf863680e7803c1647\/Lekki-Rower-dla-dziecka-Woom-explore-4-blue-20-niebieski-Stopien-zlozenia-wstepnie-zlozony-wyregulowany 2000w\" sizes=\"100vw\" width=\"2000px\" alt=\"Lekki Rower dla dziecka Woom explore 4 blue 20'' niebieski Stopie\u0144 z\u0142o\u017cenia wst\u0119pnie z\u0142o\u017cony, wyregulowany\" style=\"max-width: 100%; height: auto; display: block; margin: 0 auto;\"><\/div>\n<\/div>\n<\/div>\n<\/div>\n<\/div>\n<\/div>\n<div style=\"clear: both; display: block; margin: 10px 0;\">\n<div style=\"clear: both; display: block; margin: 10px 0;\">\n<div style=\"clear: both; display: block; margin: 10px 0;\">\n<div  style=\"max-width:1026px;max-height:376px\">\n<div style=\"clear: both; display: block; margin: 10px 0;\">\n<div style=\"clear: both; width: 100%; display: block; margin: 20px 0; padding: 0; float: none; position: static; text-align: center;\"><img decoding=\"async\"  src=\"https:\/\/a.allegroimg.com\/original\/112aed\/8ca92f644e76b0f9aea57f37a977\/Lekki-Rower-dla-dziecka-Woom-explore-4-blue-20-niebieski-Marka-Woom\" srcset=\"https:\/\/a.allegroimg.com\/original\/112aed\/8ca92f644e76b0f9aea57f37a977\/Lekki-Rower-dla-dziecka-Woom-explore-4-blue-20-niebieski-Marka-Woom 360w,https:\/\/a.allegroimg.com\/original\/112aed\/8ca92f644e76b0f9aea57f37a977\/Lekki-Rower-dla-dziecka-Woom-explore-4-blue-20-niebieski-Marka-Woom 720w,https:\/\/a.allegroimg.com\/original\/112aed\/8ca92f644e76b0f9aea57f37a977\/Lekki-Rower-dla-dziecka-Woom-explore-4-blue-20-niebieski-Marka-Woom 1024w,https:\/\/a.allegroimg.com\/original\/112aed\/8ca92f644e76b0f9aea57f37a977\/Lekki-Rower-dla-dziecka-Woom-explore-4-blue-20-niebieski-Marka-Woom 1026w,https:\/\/a.allegroimg.com\/original\/112aed\/8ca92f644e76b0f9aea57f37a977\/Lekki-Rower-dla-dziecka-Woom-explore-4-blue-20-niebieski-Marka-Woom 1026w\" sizes=\"100vw\" width=\"1026px\" alt=\"Lekki Rower dla dziecka Woom explore 4 blue 20'' niebieski Marka Woom\" style=\"max-width: 100%; height: auto; display: block; margin: 0 auto;\"><\/div>\n<\/div>\n<\/div>\n<\/div>\n<\/div>\n<\/div>\n<div style=\"clear: both; display: block; margin: 10px 0;\">\n<div style=\"clear: both; display: block; margin: 10px 0;\">\n<div style=\"clear: both; display: block; margin: 10px 0;\">\n<div  style=\"max-width:1021px;max-height:382px\">\n<div style=\"clear: both; display: block; margin: 10px 0;\">\n<div style=\"clear: both; width: 100%; display: block; margin: 20px 0; padding: 0; float: none; position: static; text-align: center;\"><img decoding=\"async\"  src=\"https:\/\/a.allegroimg.com\/original\/1137ff\/d095b2d542a990a77dfa78dbe8ed\/Lekki-Rower-dla-dziecka-Woom-explore-4-blue-20-niebieski-Model-Explore-4\" srcset=\"https:\/\/a.allegroimg.com\/original\/1137ff\/d095b2d542a990a77dfa78dbe8ed\/Lekki-Rower-dla-dziecka-Woom-explore-4-blue-20-niebieski-Model-Explore-4 360w,https:\/\/a.allegroimg.com\/original\/1137ff\/d095b2d542a990a77dfa78dbe8ed\/Lekki-Rower-dla-dziecka-Woom-explore-4-blue-20-niebieski-Model-Explore-4 720w,https:\/\/a.allegroimg.com\/original\/1137ff\/d095b2d542a990a77dfa78dbe8ed\/Lekki-Rower-dla-dziecka-Woom-explore-4-blue-20-niebieski-Model-Explore-4 1021w,https:\/\/a.allegroimg.com\/original\/1137ff\/d095b2d542a990a77dfa78dbe8ed\/Lekki-Rower-dla-dziecka-Woom-explore-4-blue-20-niebieski-Model-Explore-4 1021w\" sizes=\"100vw\" width=\"1021px\" alt=\"Lekki Rower dla dziecka Woom explore 4 blue 20'' niebieski Model Explore 4\" style=\"max-width: 100%; height: auto; display: block; margin: 0 auto;\"><\/div>\n<\/div>\n<\/div>\n<\/div>\n<\/div>\n<\/div>\n<div style=\"clear: both; display: block; margin: 10px 0;\">\n<div style=\"clear: both; display: block; margin: 10px 0;\">\n<div style=\"clear: both; display: block; margin: 10px 0;\">\n<div  style=\"max-width:1062px;max-height:390px\">\n<div style=\"clear: both; display: block; margin: 10px 0;\">\n<div style=\"clear: both; width: 100%; display: block; margin: 20px 0; padding: 0; float: none; position: static; text-align: center;\"><img decoding=\"async\"  src=\"https:\/\/a.allegroimg.com\/original\/11d949\/d109da984c34a5fed78a32a25064\/Lekki-Rower-dla-dziecka-Woom-explore-4-blue-20-niebieski-Rozmiar-ramy-11-cali\" srcset=\"https:\/\/a.allegroimg.com\/original\/11d949\/d109da984c34a5fed78a32a25064\/Lekki-Rower-dla-dziecka-Woom-explore-4-blue-20-niebieski-Rozmiar-ramy-11-cali 360w,https:\/\/a.allegroimg.com\/original\/11d949\/d109da984c34a5fed78a32a25064\/Lekki-Rower-dla-dziecka-Woom-explore-4-blue-20-niebieski-Rozmiar-ramy-11-cali 720w,https:\/\/a.allegroimg.com\/original\/11d949\/d109da984c34a5fed78a32a25064\/Lekki-Rower-dla-dziecka-Woom-explore-4-blue-20-niebieski-Rozmiar-ramy-11-cali 1024w,https:\/\/a.allegroimg.com\/original\/11d949\/d109da984c34a5fed78a32a25064\/Lekki-Rower-dla-dziecka-Woom-explore-4-blue-20-niebieski-Rozmiar-ramy-11-cali 1062w,https:\/\/a.allegroimg.com\/original\/11d949\/d109da984c34a5fed78a32a25064\/Lekki-Rower-dla-dziecka-Woom-explore-4-blue-20-niebieski-Rozmiar-ramy-11-cali 1062w\" sizes=\"100vw\" width=\"1062px\" alt=\"Lekki Rower dla dziecka Woom explore 4 blue 20'' niebieski Rozmiar ramy 11 cali\" style=\"max-width: 100%; height: auto; display: block; margin: 0 auto;\"><\/div>\n<\/div>\n<\/div>\n<\/div>\n<\/div>\n<\/div>\n<div style=\"clear: both; display: block; margin: 10px 0;\">\n<div style=\"clear: both; display: block; margin: 10px 0;\">\n<div style=\"clear: both; display: block; margin: 10px 0;\">\n<div  style=\"max-width:1012px;max-height:383px\">\n<div style=\"clear: both; display: block; margin: 10px 0;\">\n<div style=\"clear: both; width: 100%; display: block; margin: 20px 0; padding: 0; float: none; position: static; text-align: center;\"><img decoding=\"async\"  src=\"https:\/\/a.allegroimg.com\/original\/112aec\/cba23d4842d3a1f7e6d00bb9e97a\/Lekki-Rower-dla-dziecka-Woom-explore-4-blue-20-niebieski-Rozmiar-kola-20\" srcset=\"https:\/\/a.allegroimg.com\/original\/112aec\/cba23d4842d3a1f7e6d00bb9e97a\/Lekki-Rower-dla-dziecka-Woom-explore-4-blue-20-niebieski-Rozmiar-kola-20 360w,https:\/\/a.allegroimg.com\/original\/112aec\/cba23d4842d3a1f7e6d00bb9e97a\/Lekki-Rower-dla-dziecka-Woom-explore-4-blue-20-niebieski-Rozmiar-kola-20 720w,https:\/\/a.allegroimg.com\/original\/112aec\/cba23d4842d3a1f7e6d00bb9e97a\/Lekki-Rower-dla-dziecka-Woom-explore-4-blue-20-niebieski-Rozmiar-kola-20 1012w,https:\/\/a.allegroimg.com\/original\/112aec\/cba23d4842d3a1f7e6d00bb9e97a\/Lekki-Rower-dla-dziecka-Woom-explore-4-blue-20-niebieski-Rozmiar-kola-20 1012w\" sizes=\"100vw\" width=\"1012px\" alt=\"Lekki Rower dla dziecka Woom explore 4 blue 20'' niebieski Rozmiar ko\u0142a (&quot;) 20\" style=\"max-width: 100%; height: auto; display: block; margin: 0 auto;\"><\/div>\n<\/div>\n<\/div>\n<\/div>\n<\/div>\n<\/div>\n<div style=\"clear: both; display: block; margin: 10px 0;\">\n<div style=\"clear: both; display: block; margin: 10px 0;\">\n<div style=\"clear: both; display: block; margin: 10px 0;\">\n<div  style=\"max-width:1050px;max-height:377px\">\n<div style=\"clear: both; display: block; margin: 10px 0;\">\n<div style=\"clear: both; width: 100%; display: block; margin: 20px 0; padding: 0; float: none; position: static; text-align: center;\"><img decoding=\"async\"  src=\"https:\/\/a.allegroimg.com\/original\/11f3ae\/3cafb1bc4eecb355a7b042ebbd78\/Lekki-Rower-dla-dziecka-Woom-explore-4-blue-20-niebieski-Material-ramy-aluminium\" srcset=\"https:\/\/a.allegroimg.com\/original\/11f3ae\/3cafb1bc4eecb355a7b042ebbd78\/Lekki-Rower-dla-dziecka-Woom-explore-4-blue-20-niebieski-Material-ramy-aluminium 360w,https:\/\/a.allegroimg.com\/original\/11f3ae\/3cafb1bc4eecb355a7b042ebbd78\/Lekki-Rower-dla-dziecka-Woom-explore-4-blue-20-niebieski-Material-ramy-aluminium 720w,https:\/\/a.allegroimg.com\/original\/11f3ae\/3cafb1bc4eecb355a7b042ebbd78\/Lekki-Rower-dla-dziecka-Woom-explore-4-blue-20-niebieski-Material-ramy-aluminium 1024w,https:\/\/a.allegroimg.com\/original\/11f3ae\/3cafb1bc4eecb355a7b042ebbd78\/Lekki-Rower-dla-dziecka-Woom-explore-4-blue-20-niebieski-Material-ramy-aluminium 1050w,https:\/\/a.allegroimg.com\/original\/11f3ae\/3cafb1bc4eecb355a7b042ebbd78\/Lekki-Rower-dla-dziecka-Woom-explore-4-blue-20-niebieski-Material-ramy-aluminium 1050w\" sizes=\"100vw\" width=\"1050px\" alt=\"Lekki Rower dla dziecka Woom explore 4 blue 20'' niebieski Materia\u0142 ramy aluminium\" style=\"max-width: 100%; height: auto; display: block; margin: 0 auto;\"><\/div>\n<\/div>\n<\/div>\n<\/div>\n<\/div>\n<\/div>\n<div style=\"clear: both; display: block; margin: 10px 0;\">\n<div style=\"clear: both; display: block; margin: 10px 0;\">\n<div style=\"clear: both; display: block; margin: 10px 0;\">\n<div  style=\"max-width:1016px;max-height:386px\">\n<div style=\"clear: both; display: block; margin: 10px 0;\">\n<div style=\"clear: both; width: 100%; display: block; margin: 20px 0; padding: 0; float: none; position: static; text-align: center;\"><img decoding=\"async\"  src=\"https:\/\/a.allegroimg.com\/original\/1196e7\/f9febf4c48aea2b6fb35cb26aa69\/Lekki-Rower-dla-dziecka-Woom-explore-4-blue-20-niebieski-Kolor-niebieski\" srcset=\"https:\/\/a.allegroimg.com\/original\/1196e7\/f9febf4c48aea2b6fb35cb26aa69\/Lekki-Rower-dla-dziecka-Woom-explore-4-blue-20-niebieski-Kolor-niebieski 360w,https:\/\/a.allegroimg.com\/original\/1196e7\/f9febf4c48aea2b6fb35cb26aa69\/Lekki-Rower-dla-dziecka-Woom-explore-4-blue-20-niebieski-Kolor-niebieski 720w,https:\/\/a.allegroimg.com\/original\/1196e7\/f9febf4c48aea2b6fb35cb26aa69\/Lekki-Rower-dla-dziecka-Woom-explore-4-blue-20-niebieski-Kolor-niebieski 1016w,https:\/\/a.allegroimg.com\/original\/1196e7\/f9febf4c48aea2b6fb35cb26aa69\/Lekki-Rower-dla-dziecka-Woom-explore-4-blue-20-niebieski-Kolor-niebieski 1016w\" sizes=\"100vw\" width=\"1016px\" alt=\"Lekki Rower dla dziecka Woom explore 4 blue 20'' niebieski Kolor niebieski\" style=\"max-width: 100%; height: auto; display: block; margin: 0 auto;\"><\/div>\n<\/div>\n<\/div>\n<\/div>\n<\/div>\n<\/div>\n<div style=\"clear: both; display: block; margin: 10px 0;\">\n<div style=\"clear: both; display: block; margin: 10px 0;\">\n<div style=\"clear: both; display: block; margin: 10px 0;\">\n<div  style=\"max-width:1019px;max-height:370px\">\n<div style=\"clear: both; display: block; margin: 10px 0;\">\n<div style=\"clear: both; width: 100%; display: block; margin: 20px 0; padding: 0; float: none; position: static; text-align: center;\"><img decoding=\"async\"  src=\"https:\/\/a.allegroimg.com\/original\/11d1d9\/de00d6924b46bca3c697fe8a1b08\/Lekki-Rower-dla-dziecka-Woom-explore-4-blue-20-niebieski-Liczba-biegow-7\" srcset=\"https:\/\/a.allegroimg.com\/original\/11d1d9\/de00d6924b46bca3c697fe8a1b08\/Lekki-Rower-dla-dziecka-Woom-explore-4-blue-20-niebieski-Liczba-biegow-7 360w,https:\/\/a.allegroimg.com\/original\/11d1d9\/de00d6924b46bca3c697fe8a1b08\/Lekki-Rower-dla-dziecka-Woom-explore-4-blue-20-niebieski-Liczba-biegow-7 720w,https:\/\/a.allegroimg.com\/original\/11d1d9\/de00d6924b46bca3c697fe8a1b08\/Lekki-Rower-dla-dziecka-Woom-explore-4-blue-20-niebieski-Liczba-biegow-7 1019w,https:\/\/a.allegroimg.com\/original\/11d1d9\/de00d6924b46bca3c697fe8a1b08\/Lekki-Rower-dla-dziecka-Woom-explore-4-blue-20-niebieski-Liczba-biegow-7 1019w\" sizes=\"100vw\" width=\"1019px\" alt=\"Lekki Rower dla dziecka Woom explore 4 blue 20'' niebieski Liczba bieg\u00f3w 7\" style=\"max-width: 100%; height: auto; display: block; margin: 0 auto;\"><\/div>\n<\/div>\n<\/div>\n<\/div>\n<\/div>\n<\/div>\n<div style=\"clear: both; display: block; margin: 10px 0;\">\n<div style=\"clear: both; display: block; margin: 10px 0;\">\n<div style=\"clear: both; display: block; margin: 10px 0;\">\n<div  style=\"max-width:2000px;max-height:1333px\">\n<div style=\"clear: both; display: block; margin: 10px 0;\">\n<div style=\"clear: both; width: 100%; display: block; margin: 20px 0; padding: 0; float: none; position: static; text-align: center;\"><img decoding=\"async\"  src=\"https:\/\/a.allegroimg.com\/original\/11148e\/636787d44b0ba570b9f3b8e954a5\/Lekki-Rower-dla-dziecka-Woom-explore-4-blue-20-niebieski\" srcset=\"https:\/\/a.allegroimg.com\/original\/11148e\/636787d44b0ba570b9f3b8e954a5\/Lekki-Rower-dla-dziecka-Woom-explore-4-blue-20-niebieski 360w,https:\/\/a.allegroimg.com\/original\/11148e\/636787d44b0ba570b9f3b8e954a5\/Lekki-Rower-dla-dziecka-Woom-explore-4-blue-20-niebieski 720w,https:\/\/a.allegroimg.com\/original\/11148e\/636787d44b0ba570b9f3b8e954a5\/Lekki-Rower-dla-dziecka-Woom-explore-4-blue-20-niebieski 1024w,https:\/\/a.allegroimg.com\/original\/11148e\/636787d44b0ba570b9f3b8e954a5\/Lekki-Rower-dla-dziecka-Woom-explore-4-blue-20-niebieski 1440w,https:\/\/a.allegroimg.com\/original\/11148e\/636787d44b0ba570b9f3b8e954a5\/Lekki-Rower-dla-dziecka-Woom-explore-4-blue-20-niebieski 2000w\" sizes=\"(min-width: 1200px) 560px, (min-width: 992px) 50vw, 100vw\" width=\"2000px\" alt=\"Lekki Rower dla dziecka Woom explore 4 blue 20'' niebieski\" style=\"max-width: 100%; height: auto; display: block; margin: 0 auto;\"><\/div>\n<\/div>\n<\/div>\n<\/div>\n<\/div>\n<div style=\"clear: both; display: block; margin: 10px 0;\">\n<div style=\"clear: both; display: block; margin: 10px 0;\">\n<div  style=\"max-width:2000px;max-height:1333px\">\n<div style=\"clear: both; display: block; margin: 10px 0;\">\n<div style=\"clear: both; width: 100%; display: block; margin: 20px 0; padding: 0; float: none; position: static; text-align: center;\"><img decoding=\"async\"  src=\"https:\/\/a.allegroimg.com\/original\/112ac6\/8a9f2d1e40178248e4983d3097b0\/Lekki-Rower-dla-dziecka-Woom-explore-4-blue-20-niebieski-Kod-producenta-woomexplore4-magneticblue\" srcset=\"https:\/\/a.allegroimg.com\/original\/112ac6\/8a9f2d1e40178248e4983d3097b0\/Lekki-Rower-dla-dziecka-Woom-explore-4-blue-20-niebieski-Kod-producenta-woomexplore4-magneticblue 360w,https:\/\/a.allegroimg.com\/original\/112ac6\/8a9f2d1e40178248e4983d3097b0\/Lekki-Rower-dla-dziecka-Woom-explore-4-blue-20-niebieski-Kod-producenta-woomexplore4-magneticblue 720w,https:\/\/a.allegroimg.com\/original\/112ac6\/8a9f2d1e40178248e4983d3097b0\/Lekki-Rower-dla-dziecka-Woom-explore-4-blue-20-niebieski-Kod-producenta-woomexplore4-magneticblue 1024w,https:\/\/a.allegroimg.com\/original\/112ac6\/8a9f2d1e40178248e4983d3097b0\/Lekki-Rower-dla-dziecka-Woom-explore-4-blue-20-niebieski-Kod-producenta-woomexplore4-magneticblue 1440w,https:\/\/a.allegroimg.com\/original\/112ac6\/8a9f2d1e40178248e4983d3097b0\/Lekki-Rower-dla-dziecka-Woom-explore-4-blue-20-niebieski-Kod-producenta-woomexplore4-magneticblue 2000w\" sizes=\"(min-width: 1200px) 560px, (min-width: 992px) 50vw, 100vw\" width=\"2000px\" alt=\"Lekki Rower dla dziecka Woom explore 4 blue 20'' niebieski Kod producenta woomexplore4\/magneticblue\" style=\"max-width: 100%; height: auto; display: block; margin: 0 auto;\"><\/div>\n<\/div>\n<\/div>\n<\/div>\n<\/div>\n<\/div>\n<\/div>\n<\/div>\n<\/div>\n<div style=\"clear: both; display: block; margin: 10px 0;\">\n","protected":false},"excerpt":{"rendered":"<p>Rower woom EXPLORE 4<\/p>\n<p>Rower dla aktywnego dziecka na ko\u0142ach 20\u201c<\/p>\n<p>Superlekki, wszechstronny rower dzieci\u0119cy o kole 20\u201c dla rowerzyst\u00f3w w wieku od sze\u015bciu lat, wyposa\u017cony w hamulce tarczowe, 7 bieg\u00f3w i terenowe opony.<\/p>\n<p>Rozmiar:&nbsp;20\u201d<\/p>\n<p>Waga:&nbsp;7,8 kg<\/p>\n<p>Wiek:&nbsp;6 &#8211; 8 lat<\/p>\n<p>Wzrost:&nbsp;115 &#8211; 130 cm<\/p>\n<p>Dost\u0119pne edycje:<\/p>\n","protected":false},"featured_media":14563,"template":"","meta":{"_uag_custom_page_level_css":""},"product_brand":[705],"product_cat":[728,688,730,687],"product_tag":[],"class_list":{"0":"post-14562","1":"product","2":"type-product","3":"status-publish","4":"has-post-thumbnail","6":"product_brand-woom","7":"product_cat-mtb-gorskie","8":"product_cat-rowery","9":"product_cat-rowery-dh","10":"product_cat-rowery-i-akcesoria","12":"first","13":"instock","14":"sale","15":"shipping-taxable","16":"purchasable","17":"product-type-simple"},"uagb_featured_image_src":{"full":["https:\/\/twojerowery.shop\/ro64\/wp-content\/uploads\/2026\/02\/allegro-image-14562.jpg",2000,1333,false],"thumbnail":["https:\/\/twojerowery.shop\/ro64\/wp-content\/uploads\/2026\/02\/allegro-image-14562-150x150.jpg",150,150,true],"medium":["https:\/\/twojerowery.shop\/ro64\/wp-content\/uploads\/2026\/02\/allegro-image-14562-300x200.jpg",300,200,true],"medium_large":["https:\/\/twojerowery.shop\/ro64\/wp-content\/uploads\/2026\/02\/allegro-image-14562-768x512.jpg",768,512,true],"large":["https:\/\/twojerowery.shop\/ro64\/wp-content\/uploads\/2026\/02\/allegro-image-14562-1024x682.jpg",1024,682,true],"1536x1536":["https:\/\/twojerowery.shop\/ro64\/wp-content\/uploads\/2026\/02\/allegro-image-14562-1536x1024.jpg",1536,1024,true],"2048x2048":["https:\/\/twojerowery.shop\/ro64\/wp-content\/uploads\/2026\/02\/allegro-image-14562.jpg",2000,1333,false],"woocommerce_thumbnail":["https:\/\/twojerowery.shop\/ro64\/wp-content\/uploads\/2026\/02\/allegro-image-14562-300x300.jpg",300,300,true],"woocommerce_single":["https:\/\/twojerowery.shop\/ro64\/wp-content\/uploads\/2026\/02\/allegro-image-14562-600x400.jpg",600,400,true],"woocommerce_gallery_thumbnail":["https:\/\/twojerowery.shop\/ro64\/wp-content\/uploads\/2026\/02\/allegro-image-14562-100x100.jpg",100,100,true]},"uagb_author_info":{"display_name":"admin","author_link":"https:\/\/twojerowery.shop\/ro64\/author\/"},"uagb_comment_info":0,"uagb_excerpt":"Rower woom EXPLORE 4 Rower dla aktywnego dziecka na ko\u0142ach 20\u201c Superlekki, wszechstronny rower dzieci\u0119cy o kole 20\u201c dla rowerzyst\u00f3w w wieku od sze\u015bciu lat, wyposa\u017cony w hamulce tarczowe, 7 bieg\u00f3w i terenowe opony. Rozmiar:&nbsp;20\u201d Waga:&nbsp;7,8 kg Wiek:&nbsp;6 - 8 lat Wzrost:&nbsp;115 - 130 cm Dost\u0119pne edycje:","_links":{"self":[{"href":"https:\/\/twojerowery.shop\/ro64\/wp-json\/wp\/v2\/product\/14562","targetHints":{"allow":["GET"]}}],"collection":[{"href":"https:\/\/twojerowery.shop\/ro64\/wp-json\/wp\/v2\/product"}],"about":[{"href":"https:\/\/twojerowery.shop\/ro64\/wp-json\/wp\/v2\/types\/product"}],"wp:featuredmedia":[{"embeddable":true,"href":"https:\/\/twojerowery.shop\/ro64\/wp-json\/wp\/v2\/media\/14563"}],"wp:attachment":[{"href":"https:\/\/twojerowery.shop\/ro64\/wp-json\/wp\/v2\/media?parent=14562"}],"wp:term":[{"taxonomy":"product_brand","embeddable":true,"href":"https:\/\/twojerowery.shop\/ro64\/wp-json\/wp\/v2\/product_brand?post=14562"},{"taxonomy":"product_cat","embeddable":true,"href":"https:\/\/twojerowery.shop\/ro64\/wp-json\/wp\/v2\/product_cat?post=14562"},{"taxonomy":"product_tag","embeddable":true,"href":"https:\/\/twojerowery.shop\/ro64\/wp-json\/wp\/v2\/product_tag?post=14562"}],"curies":[{"name":"wp","href":"https:\/\/api.w.org\/{rel}","templated":true}]}}