{"id":14566,"date":"2026-02-26T04:38:09","date_gmt":"2026-02-26T03:38:09","guid":{"rendered":"https:\/\/rowermax.shop\/ro64\/produkt\/rower-mtb-romet-jolene-6-2-rama-15-cali-kolo-26-bialo-fioletowy\/"},"modified":"2026-02-26T04:38:10","modified_gmt":"2026-02-26T03:38:10","slug":"rower-mtb-romet-jolene-6-2-rama-15-cali-kolo-26-bialo-fioletowy","status":"publish","type":"product","link":"https:\/\/twojerowery.shop\/ro64\/produkt\/rower-mtb-romet-jolene-6-2-rama-15-cali-kolo-26-bialo-fioletowy\/","title":{"rendered":"Rower MTB Romet Jolene 6.2 rama 15 cali ko\u0142o 26 &quot; bia\u0142o-fioletowy"},"content":{"rendered":"<div style=\"font-family: Arial, sans-serif; line-height: 1.6; color: #333; padding: 20px; clear: both; display: block; width: 100%; float: none; position: static; overflow: hidden;\">\n<div style=\"clear: both; display: block; margin: 10px 0;\">\n<div style=\"clear: both; display: block; margin: 10px 0;\">\n<div style=\"clear: both; display: block; margin: 10px 0;\">\n<div  style=\"max-width:2000px;max-height:1500px\">\n<div style=\"clear: both; display: block; margin: 10px 0;\">\n<div style=\"clear: both; width: 100%; display: block; margin: 20px 0; padding: 0; float: none; position: static; text-align: center;\"><img decoding=\"async\"  src=\"https:\/\/a.allegroimg.com\/original\/1153b8\/aeec7e8741be8f11543513a7b793\/Rower-MTB-Romet-Jolene-6-2-rama-15-cali-kolo-26-bialo-fioletowy\" srcset=\"https:\/\/a.allegroimg.com\/original\/1153b8\/aeec7e8741be8f11543513a7b793\/Rower-MTB-Romet-Jolene-6-2-rama-15-cali-kolo-26-bialo-fioletowy 360w,https:\/\/a.allegroimg.com\/original\/1153b8\/aeec7e8741be8f11543513a7b793\/Rower-MTB-Romet-Jolene-6-2-rama-15-cali-kolo-26-bialo-fioletowy 720w,https:\/\/a.allegroimg.com\/original\/1153b8\/aeec7e8741be8f11543513a7b793\/Rower-MTB-Romet-Jolene-6-2-rama-15-cali-kolo-26-bialo-fioletowy 1024w,https:\/\/a.allegroimg.com\/original\/1153b8\/aeec7e8741be8f11543513a7b793\/Rower-MTB-Romet-Jolene-6-2-rama-15-cali-kolo-26-bialo-fioletowy 1440w,https:\/\/a.allegroimg.com\/original\/1153b8\/aeec7e8741be8f11543513a7b793\/Rower-MTB-Romet-Jolene-6-2-rama-15-cali-kolo-26-bialo-fioletowy 2000w\" sizes=\"100vw\" width=\"2000px\" alt=\"Rower MTB Romet Jolene 6.2 rama 15 cali ko\u0142o 26 &amp;quot; bia\u0142o-fioletowy\" style=\"max-width: 100%; height: auto; display: block; margin: 0 auto;\"><\/div>\n<\/div>\n<\/div>\n<\/div>\n<\/div>\n<\/div>\n<div style=\"clear: both; display: block; margin: 10px 0;\">\n<div style=\"clear: both; display: block; margin: 10px 0;\">\n<div style=\"clear: both; display: block; margin: 10px 0;\">\n<h3 style=\"color: #2c5aa0; font-size: 18px; margin: 30px 0 15px 0; font-weight: bold; clear: both; display: block; width: 100%; float: none; position: static;\">SPECYFIKACJA:<\/h3>\n<ul style=\"margin: 15px 0; padding-left: 20px; clear: both; display: block; width: 100%; float: none; position: static;\">\n<li style=\"margin: 5px 0; padding: 2px 0; clear: both; display: list-item; float: none; position: static;\"><b>ROZMIAR KO\u0141A <\/b>26<\/li>\n<li style=\"margin: 5px 0; padding: 2px 0; clear: both; display: list-item; float: none; position: static;\"><b>RAMA&nbsp;<\/b>15&#8243; S<\/li>\n<li style=\"margin: 5px 0; padding: 2px 0; clear: both; display: list-item; float: none; position: static;\"><b>WIDELEC<\/b> Amortyzowany<\/li>\n<li style=\"margin: 5px 0; padding: 2px 0; clear: both; display: list-item; float: none; position: static;\"><b>PRZERZUTKA PRZ\u00d3D<\/b> Shimano Tourney FD-TY300<\/li>\n<li style=\"margin: 5px 0; padding: 2px 0; clear: both; display: list-item; float: none; position: static;\"><b>PRZERZUTKA TY\u0141<\/b> Shimano Tourney RD-TY300D<\/li>\n<li style=\"margin: 5px 0; padding: 2px 0; clear: both; display: list-item; float: none; position: static;\"><b>MANETKI PRZ\u00d3D<\/b> Shimano ST-EF41 3 bieg\u00f3w<\/li>\n<li style=\"margin: 5px 0; padding: 2px 0; clear: both; display: list-item; float: none; position: static;\"><b>MANETKI TY\u0141<\/b> Shimano ST-EF41 7 bieg\u00f3w<\/li>\n<li style=\"margin: 5px 0; padding: 2px 0; clear: both; display: list-item; float: none; position: static;\"><b>MECHANIZM KORBOWY<\/b> Cyclone 42\/34\/24z<\/li>\n<li style=\"margin: 5px 0; padding: 2px 0; clear: both; display: list-item; float: none; position: static;\"><b>KASETA\/WOLNOBIEG<\/b> Shimano MF-TZ500 14-28T, 7 bieg\u00f3w MegaRange<\/li>\n<li style=\"margin: 5px 0; padding: 2px 0; clear: both; display: list-item; float: none; position: static;\"><b>NAP\u0118D<\/b> 3&#215;7<\/li>\n<li style=\"margin: 5px 0; padding: 2px 0; clear: both; display: list-item; float: none; position: static;\"><b>HAMULEC PRZ\u00d3D<\/b> Tarczowy mechaniczny<\/li>\n<li style=\"margin: 5px 0; padding: 2px 0; clear: both; display: list-item; float: none; position: static;\"><b>HAMULEC TY\u0141<\/b> Tarczowy mechaniczny<\/li>\n<li style=\"margin: 5px 0; padding: 2px 0; clear: both; display: list-item; float: none; position: static;\"><b>TARCZA HAMULCOWA PRZ\u00d3D<\/b> 160 mm<\/li>\n<li style=\"margin: 5px 0; padding: 2px 0; clear: both; display: list-item; float: none; position: static;\"><b>TARCZA HAMULCOWA TY\u0141<\/b> 160 mm<\/li>\n<li style=\"margin: 5px 0; padding: 2px 0; clear: both; display: list-item; float: none; position: static;\"><b>PIASTA PRZ\u00d3D<\/b> Aluminiowa<\/li>\n<li style=\"margin: 5px 0; padding: 2px 0; clear: both; display: list-item; float: none; position: static;\"><b>PIASTA TY\u0141<\/b> Aluminiowa<\/li>\n<li style=\"margin: 5px 0; padding: 2px 0; clear: both; display: list-item; float: none; position: static;\"><b>MOSTEK KIEROWNICY<\/b> Romet aluminiowy 90mm\/31,8mm<\/li>\n<li style=\"margin: 5px 0; padding: 2px 0; clear: both; display: list-item; float: none; position: static;\"><b>SZTYCA<\/b> Romet Aluminiowa 27,2mm \/ 350mm<\/li>\n<li style=\"margin: 5px 0; padding: 2px 0; clear: both; display: list-item; float: none; position: static;\"><b>SIOD\u0141O<\/b> Romet (bia\u0142o-r\u00f3\u017cowe)<\/li>\n<li style=\"margin: 5px 0; padding: 2px 0; clear: both; display: list-item; float: none; position: static;\"><b>OPONY&nbsp;<\/b>Deestone 26&#215;2.10<\/li>\n<\/ul>\n<\/div>\n<\/div>\n<\/div>\n<div style=\"clear: both; display: block; margin: 10px 0;\">\n<div style=\"clear: both; display: block; margin: 10px 0;\">\n<div style=\"clear: both; display: block; margin: 10px 0;\">\n<p style=\"margin: 15px 0; line-height: 1.8; clear: both; display: block; width: 100%; float: none; position: static;\">Rower jest zmontowany w 90% do przykr\u0119cenia zostaje:<\/p>\n<ul style=\"margin: 15px 0; padding-left: 20px; clear: both; display: block; width: 100%; float: none; position: static;\">\n<li style=\"margin: 5px 0; padding: 2px 0; clear: both; display: list-item; float: none; position: static;\">Kierownica<\/li>\n<li style=\"margin: 5px 0; padding: 2px 0; clear: both; display: list-item; float: none; position: static;\">Siode\u0142ko<\/li>\n<li style=\"margin: 5px 0; padding: 2px 0; clear: both; display: list-item; float: none; position: static;\">Przednie ko\u0142o<\/li>\n<li style=\"margin: 5px 0; padding: 2px 0; clear: both; display: list-item; float: none; position: static;\">Peda\u0142y (zwroci\u0107 uwag\u0119 na prawy\/lewy gwint)<\/li>\n<\/ul>\n<h3 style=\"color: #2c5aa0; font-size: 18px; margin: 30px 0 15px 0; font-weight: bold; clear: both; display: block; width: 100%; float: none; position: static;\">Rower jest fabrycznie regulowany &#8211; mo\u017ce wymaga\u0107 dodatkowej regulacji przerzutek i hamulc\u00f3w.<\/h3>\n<\/div>\n<\/div>\n<\/div>\n<div style=\"clear: both; display: block; margin: 10px 0;\">\n<div style=\"clear: both; display: block; margin: 10px 0;\">\n<div style=\"clear: both; display: block; margin: 10px 0;\">\n<div  style=\"max-width:1013px;max-height:488px\">\n<div style=\"clear: both; display: block; margin: 10px 0;\">\n<div style=\"clear: both; width: 100%; display: block; margin: 20px 0; padding: 0; float: none; position: static; text-align: center;\"><img decoding=\"async\"  src=\"https:\/\/a.allegroimg.com\/original\/1120aa\/d64c9f2d405489d015391b4779e5\/Rower-MTB-Romet-Jolene-6-2-rama-15-cali-kolo-26-bialo-fioletowy-Stan-opakowania-oryginalne\" srcset=\"https:\/\/a.allegroimg.com\/original\/1120aa\/d64c9f2d405489d015391b4779e5\/Rower-MTB-Romet-Jolene-6-2-rama-15-cali-kolo-26-bialo-fioletowy-Stan-opakowania-oryginalne 360w,https:\/\/a.allegroimg.com\/original\/1120aa\/d64c9f2d405489d015391b4779e5\/Rower-MTB-Romet-Jolene-6-2-rama-15-cali-kolo-26-bialo-fioletowy-Stan-opakowania-oryginalne 720w,https:\/\/a.allegroimg.com\/original\/1120aa\/d64c9f2d405489d015391b4779e5\/Rower-MTB-Romet-Jolene-6-2-rama-15-cali-kolo-26-bialo-fioletowy-Stan-opakowania-oryginalne 1013w,https:\/\/a.allegroimg.com\/original\/1120aa\/d64c9f2d405489d015391b4779e5\/Rower-MTB-Romet-Jolene-6-2-rama-15-cali-kolo-26-bialo-fioletowy-Stan-opakowania-oryginalne 1013w\" sizes=\"100vw\" width=\"1013px\" alt=\"Rower MTB Romet Jolene 6.2 rama 15 cali ko\u0142o 26 &amp;quot; bia\u0142o-fioletowy Stan opakowania oryginalne\" style=\"max-width: 100%; height: auto; display: block; margin: 0 auto;\"><\/div>\n<\/div>\n<\/div>\n<\/div>\n<\/div>\n<\/div>\n<\/div>\n<\/div>\n<\/div>\n<div style=\"clear: both; display: block; margin: 10px 0;\">\n","protected":false},"excerpt":{"rendered":"<p>SPECYFIKACJA:<\/p>\n<p>ROZMIAR KO\u0141A 26<\/p>\n<p>RAMA&nbsp;15&quot; S<\/p>\n<p>WIDELEC Amortyzowany<\/p>\n<p>PRZERZUTKA PRZ\u00d3D Shimano Tourney FD-TY300<\/p>\n<p>PRZERZUTKA TY\u0141 Shimano Tourney RD-TY300D<\/p>\n<p>MANETKI PRZ\u00d3D Shimano ST-EF41 3 bieg\u00f3w<\/p>\n<p>MANETKI TY\u0141 Shimano ST-EF41 7 bieg\u00f3w<\/p>\n","protected":false},"featured_media":14567,"template":"","meta":{"_uag_custom_page_level_css":""},"product_brand":[695],"product_cat":[728,688,687,732],"product_tag":[],"class_list":{"0":"post-14566","1":"product","2":"type-product","3":"status-publish","4":"has-post-thumbnail","6":"product_brand-romet","7":"product_cat-mtb-gorskie","8":"product_cat-rowery","9":"product_cat-rowery-i-akcesoria","10":"product_cat-rowery-mtb-gorskie-26-cali","12":"first","13":"instock","14":"sale","15":"shipping-taxable","16":"purchasable","17":"product-type-simple"},"uagb_featured_image_src":{"full":["https:\/\/twojerowery.shop\/ro64\/wp-content\/uploads\/2026\/02\/allegro-image-14566.jpg",2000,1500,false],"thumbnail":["https:\/\/twojerowery.shop\/ro64\/wp-content\/uploads\/2026\/02\/allegro-image-14566-150x150.jpg",150,150,true],"medium":["https:\/\/twojerowery.shop\/ro64\/wp-content\/uploads\/2026\/02\/allegro-image-14566-300x225.jpg",300,225,true],"medium_large":["https:\/\/twojerowery.shop\/ro64\/wp-content\/uploads\/2026\/02\/allegro-image-14566-768x576.jpg",768,576,true],"large":["https:\/\/twojerowery.shop\/ro64\/wp-content\/uploads\/2026\/02\/allegro-image-14566-1024x768.jpg",1024,768,true],"1536x1536":["https:\/\/twojerowery.shop\/ro64\/wp-content\/uploads\/2026\/02\/allegro-image-14566-1536x1152.jpg",1536,1152,true],"2048x2048":["https:\/\/twojerowery.shop\/ro64\/wp-content\/uploads\/2026\/02\/allegro-image-14566.jpg",2000,1500,false],"woocommerce_thumbnail":["https:\/\/twojerowery.shop\/ro64\/wp-content\/uploads\/2026\/02\/allegro-image-14566-300x300.jpg",300,300,true],"woocommerce_single":["https:\/\/twojerowery.shop\/ro64\/wp-content\/uploads\/2026\/02\/allegro-image-14566-600x450.jpg",600,450,true],"woocommerce_gallery_thumbnail":["https:\/\/twojerowery.shop\/ro64\/wp-content\/uploads\/2026\/02\/allegro-image-14566-100x100.jpg",100,100,true]},"uagb_author_info":{"display_name":"admin","author_link":"https:\/\/twojerowery.shop\/ro64\/author\/"},"uagb_comment_info":0,"uagb_excerpt":"SPECYFIKACJA: ROZMIAR KO\u0141A 26 RAMA&nbsp;15&quot; S WIDELEC Amortyzowany PRZERZUTKA PRZ\u00d3D Shimano Tourney FD-TY300 PRZERZUTKA TY\u0141 Shimano Tourney RD-TY300D MANETKI PRZ\u00d3D Shimano ST-EF41 3 bieg\u00f3w MANETKI TY\u0141 Shimano ST-EF41 7 bieg\u00f3w","_links":{"self":[{"href":"https:\/\/twojerowery.shop\/ro64\/wp-json\/wp\/v2\/product\/14566","targetHints":{"allow":["GET"]}}],"collection":[{"href":"https:\/\/twojerowery.shop\/ro64\/wp-json\/wp\/v2\/product"}],"about":[{"href":"https:\/\/twojerowery.shop\/ro64\/wp-json\/wp\/v2\/types\/product"}],"wp:featuredmedia":[{"embeddable":true,"href":"https:\/\/twojerowery.shop\/ro64\/wp-json\/wp\/v2\/media\/14567"}],"wp:attachment":[{"href":"https:\/\/twojerowery.shop\/ro64\/wp-json\/wp\/v2\/media?parent=14566"}],"wp:term":[{"taxonomy":"product_brand","embeddable":true,"href":"https:\/\/twojerowery.shop\/ro64\/wp-json\/wp\/v2\/product_brand?post=14566"},{"taxonomy":"product_cat","embeddable":true,"href":"https:\/\/twojerowery.shop\/ro64\/wp-json\/wp\/v2\/product_cat?post=14566"},{"taxonomy":"product_tag","embeddable":true,"href":"https:\/\/twojerowery.shop\/ro64\/wp-json\/wp\/v2\/product_tag?post=14566"}],"curies":[{"name":"wp","href":"https:\/\/api.w.org\/{rel}","templated":true}]}}