{"id":14602,"date":"2026-02-26T04:38:37","date_gmt":"2026-02-26T03:38:37","guid":{"rendered":"https:\/\/rowermax.shop\/ro64\/produkt\/rower-elektryczny-mtb-totem-carry-silnik-centralny-full-pelne-zawieszenie\/"},"modified":"2026-02-26T04:38:38","modified_gmt":"2026-02-26T03:38:38","slug":"rower-elektryczny-mtb-totem-carry-silnik-centralny-full-pelne-zawieszenie","status":"publish","type":"product","link":"https:\/\/twojerowery.shop\/ro64\/produkt\/rower-elektryczny-mtb-totem-carry-silnik-centralny-full-pelne-zawieszenie\/","title":{"rendered":"Rower elektryczny MTB TOTEM Carry silnik centralny Full pe\u0142ne zawieszenie"},"content":{"rendered":"<div style=\"font-family: Arial, sans-serif; line-height: 1.6; color: #333; padding: 20px; clear: both; display: block; width: 100%; float: none; position: static; overflow: hidden;\">\n<div style=\"clear: both; display: block; margin: 10px 0;\">\n<div style=\"clear: both; display: block; margin: 10px 0;\">\n<div style=\"clear: both; display: block; margin: 10px 0;\">\n<h2>Nowy, elektryczny rower MTB marki TOTEM z serii Carry z pe\u0142nym z dwoma amortyzatorami, produkowany w UE. Rower posiada niezawodny silnik centralny. To niezast\u0105piony sprz\u0119t dla wszystkich entuzjast\u00f3w aktywnego trybu \u017cycia, kt\u00f3rzy ceni\u0105 sobie wygod\u0119, styl i niezawodno\u015b\u0107.<\/h2>\n<h3 style=\"color: #2c5aa0; font-size: 18px; margin: 30px 0 15px 0; font-weight: bold; clear: both; display: block; width: 100%; float: none; position: static;\">Mo\u017cliwo\u015b\u0107 wyboru:<\/h3>\n<ul style=\"margin: 15px 0; padding-left: 20px; clear: both; display: block; width: 100%; float: none; position: static;\">\n<li style=\"margin: 5px 0; padding: 2px 0; clear: both; display: list-item; float: none; position: static;\"><b>koloru: niebieski lub szary<\/b><\/li>\n<li style=\"margin: 5px 0; padding: 2px 0; clear: both; display: list-item; float: none; position: static;\"><b>rozmiaru ramy: M (18&#8243;)&nbsp;<\/b><\/li>\n<li style=\"margin: 5px 0; padding: 2px 0; clear: both; display: list-item; float: none; position: static;\"><b>rozmiaru k\u00f3\u0142: 27,5&#8243;<\/b><\/li>\n<\/ul>\n<h3 style=\"color: #2c5aa0; font-size: 18px; margin: 30px 0 15px 0; font-weight: bold; clear: both; display: block; width: 100%; float: none; position: static;\">Wyb\u00f3r nale\u017cy poda\u0107 w wiadomo\u015bci do sprzedaj\u0105cego ( np. niebieski M 27,5 )<\/h3>\n<p style=\"margin: 15px 0; line-height: 1.8; clear: both; display: block; width: 100%; float: none; position: static;\"><b><\/b><\/p>\n<\/div>\n<\/div>\n<\/div>\n<div style=\"clear: both; display: block; margin: 10px 0;\">\n<div style=\"clear: both; display: block; margin: 10px 0;\">\n<div style=\"clear: both; display: block; margin: 10px 0;\">\n<p style=\"margin: 15px 0; line-height: 1.8; clear: both; display: block; width: 100%; float: none; position: static;\"><b>Rama pe\u0142na amortyzacja:<\/b> Wytrzyma\u0142a rama aluminiowa zaprojektowana z my\u015bl\u0105 o maksymalnej wytrzyma\u0142o\u015bci i stabilno\u015bci, doskonale wsp\u00f3\u0142gra z widelcem SunTour SR SUNTOUR XCM 34 BOOST DS RL 15 LQC o skoku 100 mm i tylnym amortyzatorem powietrznym, kt\u00f3ry zapewnia p\u0142ynn\u0105 i pewn\u0105 jazd\u0119 nawet w trudnym terenie. Te dwa elementy razem tworz\u0105 solidn\u0105 podstaw\u0119, kt\u00f3ra sprosta nawet najbardziej wymagaj\u0105cym wyzwaniom zapewniaj\u0105c komfort u\u017cytkowania.<\/p>\n<\/div>\n<\/div>\n<div style=\"clear: both; display: block; margin: 10px 0;\">\n<div style=\"clear: both; display: block; margin: 10px 0;\">\n<div  style=\"max-width:1604px;max-height:1238px\">\n<div style=\"clear: both; display: block; margin: 10px 0;\">\n<div style=\"clear: both; width: 100%; display: block; margin: 20px 0; padding: 0; float: none; position: static; text-align: center;\"><img decoding=\"async\"  src=\"https:\/\/a.allegroimg.com\/original\/11df49\/0c65f6df45ccb0ccb493a64e7df5\/Rower-elektryczny-MTB-TOTEM-Carry-silnik-centralny-Full-pelne-zawieszenie-Marka-bez-marki\" srcset=\"https:\/\/a.allegroimg.com\/original\/11df49\/0c65f6df45ccb0ccb493a64e7df5\/Rower-elektryczny-MTB-TOTEM-Carry-silnik-centralny-Full-pelne-zawieszenie-Marka-bez-marki 360w,https:\/\/a.allegroimg.com\/original\/11df49\/0c65f6df45ccb0ccb493a64e7df5\/Rower-elektryczny-MTB-TOTEM-Carry-silnik-centralny-Full-pelne-zawieszenie-Marka-bez-marki 720w,https:\/\/a.allegroimg.com\/original\/11df49\/0c65f6df45ccb0ccb493a64e7df5\/Rower-elektryczny-MTB-TOTEM-Carry-silnik-centralny-Full-pelne-zawieszenie-Marka-bez-marki 1024w,https:\/\/a.allegroimg.com\/original\/11df49\/0c65f6df45ccb0ccb493a64e7df5\/Rower-elektryczny-MTB-TOTEM-Carry-silnik-centralny-Full-pelne-zawieszenie-Marka-bez-marki 1440w,https:\/\/a.allegroimg.com\/original\/11df49\/0c65f6df45ccb0ccb493a64e7df5\/Rower-elektryczny-MTB-TOTEM-Carry-silnik-centralny-Full-pelne-zawieszenie-Marka-bez-marki 1604w\" sizes=\"(min-width: 1200px) 560px, (min-width: 992px) 50vw, 100vw\" width=\"1604px\" alt=\"Rower elektryczny MTB TOTEM Carry silnik centralny Full pe\u0142ne zawieszenie Marka bez marki\" style=\"max-width: 100%; height: auto; display: block; margin: 0 auto;\"><\/div>\n<\/div>\n<\/div>\n<\/div>\n<\/div>\n<\/div>\n<div style=\"clear: both; display: block; margin: 10px 0;\">\n<div style=\"clear: both; display: block; margin: 10px 0;\">\n<div style=\"clear: both; display: block; margin: 10px 0;\">\n<div  style=\"max-width:2009px;max-height:1285px\">\n<div style=\"clear: both; display: block; margin: 10px 0;\">\n<div style=\"clear: both; width: 100%; display: block; margin: 20px 0; padding: 0; float: none; position: static; text-align: center;\"><img decoding=\"async\"  src=\"https:\/\/a.allegroimg.com\/original\/115776\/2c8a55ba41028352436e1a0a8b7f\/Rower-elektryczny-MTB-TOTEM-Carry-silnik-centralny-Full-pelne-zawieszenie\" srcset=\"https:\/\/a.allegroimg.com\/original\/115776\/2c8a55ba41028352436e1a0a8b7f\/Rower-elektryczny-MTB-TOTEM-Carry-silnik-centralny-Full-pelne-zawieszenie 360w,https:\/\/a.allegroimg.com\/original\/115776\/2c8a55ba41028352436e1a0a8b7f\/Rower-elektryczny-MTB-TOTEM-Carry-silnik-centralny-Full-pelne-zawieszenie 720w,https:\/\/a.allegroimg.com\/original\/115776\/2c8a55ba41028352436e1a0a8b7f\/Rower-elektryczny-MTB-TOTEM-Carry-silnik-centralny-Full-pelne-zawieszenie 1024w,https:\/\/a.allegroimg.com\/original\/115776\/2c8a55ba41028352436e1a0a8b7f\/Rower-elektryczny-MTB-TOTEM-Carry-silnik-centralny-Full-pelne-zawieszenie 1440w,https:\/\/a.allegroimg.com\/original\/115776\/2c8a55ba41028352436e1a0a8b7f\/Rower-elektryczny-MTB-TOTEM-Carry-silnik-centralny-Full-pelne-zawieszenie 2009w\" sizes=\"(min-width: 1200px) 560px, (min-width: 992px) 50vw, 100vw\" width=\"2009px\" alt=\"Rower elektryczny MTB TOTEM Carry silnik centralny Full pe\u0142ne zawieszenie\" style=\"max-width: 100%; height: auto; display: block; margin: 0 auto;\"><\/div>\n<\/div>\n<\/div>\n<\/div>\n<\/div>\n<div style=\"clear: both; display: block; margin: 10px 0;\">\n<div style=\"clear: both; display: block; margin: 10px 0;\">\n<p style=\"margin: 15px 0; line-height: 1.8; clear: both; display: block; width: 100%; float: none; position: static;\"><b>Silnik:<\/b>&nbsp;250 W 85 NM centralny Vinka E20 &#8211; wytrzyma\u0142y silnik o ma&nbsp;<b>5 tryb\u00f3w wspomagania jazdy i tryb walk<\/b>, zapewniaj\u0105cy mocne wsparcie podczas jazdy, zw\u0142aszcza pod g\u00f3r\u0119 i wtrudnym terenie.<\/p>\n<p style=\"margin: 15px 0; line-height: 1.8; clear: both; display: block; width: 100%; float: none; position: static;\"><b>Bateria:<\/b> 36V 14AH Samsung 504KWH &#8211; gwarantuj\u0105ca d\u0142ug\u0105 \u017cywotno\u015b\u0107 i du\u017c\u0105 wydajno\u015b\u0107, pozwalaj\u0105c na d\u0142u\u017csze trasy&nbsp;<b>nawet do 120 km<\/b>&nbsp;bez konieczno\u015bci cz\u0119stego \u0142adowania.<\/p>\n<\/div>\n<\/div>\n<\/div>\n<div style=\"clear: both; display: block; margin: 10px 0;\">\n<div style=\"clear: both; display: block; margin: 10px 0;\">\n<div style=\"clear: both; display: block; margin: 10px 0;\">\n<p style=\"margin: 15px 0; line-height: 1.8; clear: both; display: block; width: 100%; float: none; position: static;\"><b>Hamulce: Hydrauliczne hamulce tarczowe Shimano<\/b>&nbsp;&#8211; zapewniaj\u0105 skuteczn\u0105 i bezpieczn\u0105 kontrol\u0119 hamowania nawet w ekstremalnych sytuacjach.<\/p>\n<p style=\"margin: 15px 0; line-height: 1.8; clear: both; display: block; width: 100%; float: none; position: static;\"><b>Ko\u0142a:<\/b>&nbsp;Obr\u0119cze ze stopu aluminium Stars&nbsp;<b>z podw\u00f3jnymi \u015bciankami&nbsp;<\/b>i piastami ze stopu JOYTECH &#8211; zapewniaj\u0105ce stabilno\u015b\u0107 i wytrzyma\u0142o\u015b\u0107.&nbsp;<b>Opony:<\/b>&nbsp;CST 27,5&#8243; * 2,40<\/p>\n<\/div>\n<\/div>\n<div style=\"clear: both; display: block; margin: 10px 0;\">\n<div style=\"clear: both; display: block; margin: 10px 0;\">\n<div  style=\"max-width:2300px;max-height:1534px\">\n<div style=\"clear: both; display: block; margin: 10px 0;\">\n<div style=\"clear: both; width: 100%; display: block; margin: 20px 0; padding: 0; float: none; position: static; text-align: center;\"><img decoding=\"async\"  src=\"https:\/\/a.allegroimg.com\/original\/111e26\/d2b64b184a9199ac344e5e0a36f1\/Rower-elektryczny-MTB-TOTEM-Carry-silnik-centralny-Full-pelne-zawieszenie-Kod-producenta-EBKEAC2101C218TB\" srcset=\"https:\/\/a.allegroimg.com\/original\/111e26\/d2b64b184a9199ac344e5e0a36f1\/Rower-elektryczny-MTB-TOTEM-Carry-silnik-centralny-Full-pelne-zawieszenie-Kod-producenta-EBKEAC2101C218TB 360w,https:\/\/a.allegroimg.com\/original\/111e26\/d2b64b184a9199ac344e5e0a36f1\/Rower-elektryczny-MTB-TOTEM-Carry-silnik-centralny-Full-pelne-zawieszenie-Kod-producenta-EBKEAC2101C218TB 720w,https:\/\/a.allegroimg.com\/original\/111e26\/d2b64b184a9199ac344e5e0a36f1\/Rower-elektryczny-MTB-TOTEM-Carry-silnik-centralny-Full-pelne-zawieszenie-Kod-producenta-EBKEAC2101C218TB 1024w,https:\/\/a.allegroimg.com\/original\/111e26\/d2b64b184a9199ac344e5e0a36f1\/Rower-elektryczny-MTB-TOTEM-Carry-silnik-centralny-Full-pelne-zawieszenie-Kod-producenta-EBKEAC2101C218TB 1440w,https:\/\/a.allegroimg.com\/original\/111e26\/d2b64b184a9199ac344e5e0a36f1\/Rower-elektryczny-MTB-TOTEM-Carry-silnik-centralny-Full-pelne-zawieszenie-Kod-producenta-EBKEAC2101C218TB 2300w\" sizes=\"(min-width: 1200px) 560px, (min-width: 992px) 50vw, 100vw\" width=\"2300px\" alt=\"Rower elektryczny MTB TOTEM Carry silnik centralny Full pe\u0142ne zawieszenie Kod producenta EBKEAC2101C218TB\" style=\"max-width: 100%; height: auto; display: block; margin: 0 auto;\"><\/div>\n<\/div>\n<\/div>\n<\/div>\n<\/div>\n<\/div>\n<div style=\"clear: both; display: block; margin: 10px 0;\">\n<div style=\"clear: both; display: block; margin: 10px 0;\">\n<div style=\"clear: both; display: block; margin: 10px 0;\">\n<div  style=\"max-width:2300px;max-height:1534px\">\n<div style=\"clear: both; display: block; margin: 10px 0;\">\n<div style=\"clear: both; width: 100%; display: block; margin: 20px 0; padding: 0; float: none; position: static; text-align: center;\"><img decoding=\"async\"  src=\"https:\/\/a.allegroimg.com\/original\/11e59a\/5a91588e403d99087a1a4a39fad0\/Rower-elektryczny-MTB-TOTEM-Carry-silnik-centralny-Full-pelne-zawieszenie-Model-Carry\" srcset=\"https:\/\/a.allegroimg.com\/original\/11e59a\/5a91588e403d99087a1a4a39fad0\/Rower-elektryczny-MTB-TOTEM-Carry-silnik-centralny-Full-pelne-zawieszenie-Model-Carry 360w,https:\/\/a.allegroimg.com\/original\/11e59a\/5a91588e403d99087a1a4a39fad0\/Rower-elektryczny-MTB-TOTEM-Carry-silnik-centralny-Full-pelne-zawieszenie-Model-Carry 720w,https:\/\/a.allegroimg.com\/original\/11e59a\/5a91588e403d99087a1a4a39fad0\/Rower-elektryczny-MTB-TOTEM-Carry-silnik-centralny-Full-pelne-zawieszenie-Model-Carry 1024w,https:\/\/a.allegroimg.com\/original\/11e59a\/5a91588e403d99087a1a4a39fad0\/Rower-elektryczny-MTB-TOTEM-Carry-silnik-centralny-Full-pelne-zawieszenie-Model-Carry 1440w,https:\/\/a.allegroimg.com\/original\/11e59a\/5a91588e403d99087a1a4a39fad0\/Rower-elektryczny-MTB-TOTEM-Carry-silnik-centralny-Full-pelne-zawieszenie-Model-Carry 2300w\" sizes=\"(min-width: 1200px) 560px, (min-width: 992px) 50vw, 100vw\" width=\"2300px\" alt=\"Rower elektryczny MTB TOTEM Carry silnik centralny Full pe\u0142ne zawieszenie Model Carry\" style=\"max-width: 100%; height: auto; display: block; margin: 0 auto;\"><\/div>\n<\/div>\n<\/div>\n<\/div>\n<\/div>\n<div style=\"clear: both; display: block; margin: 10px 0;\">\n<div style=\"clear: both; display: block; margin: 10px 0;\">\n<h3 style=\"color: #2c5aa0; font-size: 18px; margin: 30px 0 15px 0; font-weight: bold; clear: both; display: block; width: 100%; float: none; position: static;\">Specyfikacja:<\/h3>\n<p style=\"margin: 15px 0; line-height: 1.8; clear: both; display: block; width: 100%; float: none; position: static;\"><b>Model:<\/b> Carry<\/p>\n<p style=\"margin: 15px 0; line-height: 1.8; clear: both; display: block; width: 100%; float: none; position: static;\"><b>Ilo\u015b\u0107 przerzutek:&nbsp;<\/b>10 S<\/p>\n<p style=\"margin: 15px 0; line-height: 1.8; clear: both; display: block; width: 100%; float: none; position: static;\"><b>Rama:&nbsp;<\/b>M<b>&nbsp;<\/b>18-CALOWA ALUMINIOWA EBIKE DUAL SUS BOOST<\/p>\n<p style=\"margin: 15px 0; line-height: 1.8; clear: both; display: block; width: 100%; float: none; position: static;\"><b>Widelec:<\/b>&nbsp;SR SUNTOUR XCM 34 BOOST DS RL 15 LQC<\/p>\n<p style=\"margin: 15px 0; line-height: 1.8; clear: both; display: block; width: 100%; float: none; position: static;\"><b>Dumper:<\/b>&nbsp;Powietrzny EXA A5 RE<\/p>\n<p style=\"margin: 15px 0; line-height: 1.8; clear: both; display: block; width: 100%; float: none; position: static;\"><b>Manetka:<\/b>&nbsp;SHIMANO SL-M6000 DEORE<\/p>\n<p style=\"margin: 15px 0; line-height: 1.8; clear: both; display: block; width: 100%; float: none; position: static;\"><b>Przerzutka:<\/b>&nbsp;SHIMANO RD-M6000 DEORE<\/p>\n<p style=\"margin: 15px 0; line-height: 1.8; clear: both; display: block; width: 100%; float: none; position: static;\"><b>Hamulec:<\/b> HYDRAULICZNY HAMULEC TARCZOWY SHIMANO MT200<\/p>\n<p style=\"margin: 15px 0; line-height: 1.8; clear: both; display: block; width: 100%; float: none; position: static;\"><b>Silnik: <\/b>250 W 85 NM centralny Vinka E20 z ko\u0142em \u0142a\u0144cuchowym 11\/128&#8243;*38T<\/p>\n<p style=\"margin: 15px 0; line-height: 1.8; clear: both; display: block; width: 100%; float: none; position: static;\"><b>Ko\u0142a:<\/b>&nbsp;Obr\u0119cze ze stopu aluminium Stars z podw\u00f3jnymi \u015bciankami i piastami JOYTECH<\/p>\n<p style=\"margin: 15px 0; line-height: 1.8; clear: both; display: block; width: 100%; float: none; position: static;\"><b>Opony:<\/b> CST&nbsp; 27,5&#8243; 2,40<\/p>\n<p style=\"margin: 15px 0; line-height: 1.8; clear: both; display: block; width: 100%; float: none; position: static;\"><b>Siode\u0142ko:<\/b> VADER<\/p>\n<p style=\"margin: 15px 0; line-height: 1.8; clear: both; display: block; width: 100%; float: none; position: static;\"><b>Kierownica:<\/b> ALUMINIUM<\/p>\n<p style=\"margin: 15px 0; line-height: 1.8; clear: both; display: block; width: 100%; float: none; position: static;\"><b>Trzon<\/b>: ALUMINIUM<\/p>\n<p style=\"margin: 15px 0; line-height: 1.8; clear: both; display: block; width: 100%; float: none; position: static;\"><b>Sztyca:<\/b> ALUMINIUM<\/p>\n<p style=\"margin: 15px 0; line-height: 1.8; clear: both; display: block; width: 100%; float: none; position: static;\"><b>Bateria:<\/b>&nbsp; 504 KWH GX14 21700 36V 14AH Samsung<\/p>\n<p style=\"margin: 15px 0; line-height: 1.8; clear: both; display: block; width: 100%; float: none; position: static;\"><b>Wy\u015bwietlacz:<\/b> Vinka DS20<\/p>\n<p style=\"margin: 15px 0; line-height: 1.8; clear: both; display: block; width: 100%; float: none; position: static;\"><b>Maksymalne obci\u0105\u017cenie<\/b>: 125 kg<\/p>\n<p style=\"margin: 15px 0; line-height: 1.8; clear: both; display: block; width: 100%; float: none; position: static;\"><b>Waga roweru z bateri\u0105:&nbsp;<\/b>25 kg<\/p>\n<\/div>\n<\/div>\n<\/div>\n<\/div>\n<\/div>\n<\/div>\n<div style=\"clear: both; display: block; margin: 10px 0;\">\n","protected":false},"excerpt":{"rendered":"<p>Nowy, elektryczny rower MTB marki TOTEM z serii Carry z pe\u0142nym z dwoma amortyzatorami, produkowany w UE. Rower posiada niezawodny silnik centralny. To niezast\u0105piony sprz\u0119t dla wszystkich entuzjast\u00f3w aktywnego trybu \u017cycia, kt\u00f3rzy ceni\u0105 sobie wygod\u0119, styl i niezawodno\u015b\u0107.<\/p>\n<p>Mo\u017cliwo\u015b\u0107 wyboru:<\/p>\n<p>koloru: niebieski lub szary<\/p>\n<p>rozmiaru ramy: M (18&quot;)&nbsp;<\/p>\n<p>rozmiaru k\u00f3\u0142: 27,5&quot;<\/p>\n<p>Wyb\u00f3r nale\u017cy poda\u0107 w wiadomo\u015bci do sprzedaj\u0105cego ( np. niebieski M 27,5 )<\/p>\n","protected":false},"featured_media":14603,"template":"","meta":{"_uag_custom_page_level_css":""},"product_brand":[447],"product_cat":[741,688,749,687],"product_tag":[],"class_list":{"0":"post-14602","1":"product","2":"type-product","3":"status-publish","4":"has-post-thumbnail","6":"product_brand-bez-marki","7":"product_cat-elektryczne","8":"product_cat-rowery","9":"product_cat-rowery-elektryczne-mtb-gorskie","10":"product_cat-rowery-i-akcesoria","12":"first","13":"instock","14":"sale","15":"shipping-taxable","16":"purchasable","17":"product-type-simple"},"uagb_featured_image_src":{"full":["https:\/\/twojerowery.shop\/ro64\/wp-content\/uploads\/2026\/02\/allegro-image-14602.jpg",2009,1285,false],"thumbnail":["https:\/\/twojerowery.shop\/ro64\/wp-content\/uploads\/2026\/02\/allegro-image-14602-150x150.jpg",150,150,true],"medium":["https:\/\/twojerowery.shop\/ro64\/wp-content\/uploads\/2026\/02\/allegro-image-14602-300x192.jpg",300,192,true],"medium_large":["https:\/\/twojerowery.shop\/ro64\/wp-content\/uploads\/2026\/02\/allegro-image-14602-768x491.jpg",768,491,true],"large":["https:\/\/twojerowery.shop\/ro64\/wp-content\/uploads\/2026\/02\/allegro-image-14602-1024x655.jpg",1024,655,true],"1536x1536":["https:\/\/twojerowery.shop\/ro64\/wp-content\/uploads\/2026\/02\/allegro-image-14602-1536x982.jpg",1536,982,true],"2048x2048":["https:\/\/twojerowery.shop\/ro64\/wp-content\/uploads\/2026\/02\/allegro-image-14602.jpg",2009,1285,false],"woocommerce_thumbnail":["https:\/\/twojerowery.shop\/ro64\/wp-content\/uploads\/2026\/02\/allegro-image-14602-300x300.jpg",300,300,true],"woocommerce_single":["https:\/\/twojerowery.shop\/ro64\/wp-content\/uploads\/2026\/02\/allegro-image-14602-600x384.jpg",600,384,true],"woocommerce_gallery_thumbnail":["https:\/\/twojerowery.shop\/ro64\/wp-content\/uploads\/2026\/02\/allegro-image-14602-100x100.jpg",100,100,true]},"uagb_author_info":{"display_name":"admin","author_link":"https:\/\/twojerowery.shop\/ro64\/author\/"},"uagb_comment_info":0,"uagb_excerpt":"Nowy, elektryczny rower MTB marki TOTEM z serii Carry z pe\u0142nym z dwoma amortyzatorami, produkowany w UE. Rower posiada niezawodny silnik centralny. To niezast\u0105piony sprz\u0119t dla wszystkich entuzjast\u00f3w aktywnego trybu \u017cycia, kt\u00f3rzy ceni\u0105 sobie wygod\u0119, styl i niezawodno\u015b\u0107. Mo\u017cliwo\u015b\u0107 wyboru: koloru: niebieski lub szary rozmiaru ramy: M (18&quot;)&nbsp; rozmiaru k\u00f3\u0142: 27,5&quot; Wyb\u00f3r nale\u017cy poda\u0107 w&hellip;","_links":{"self":[{"href":"https:\/\/twojerowery.shop\/ro64\/wp-json\/wp\/v2\/product\/14602","targetHints":{"allow":["GET"]}}],"collection":[{"href":"https:\/\/twojerowery.shop\/ro64\/wp-json\/wp\/v2\/product"}],"about":[{"href":"https:\/\/twojerowery.shop\/ro64\/wp-json\/wp\/v2\/types\/product"}],"wp:featuredmedia":[{"embeddable":true,"href":"https:\/\/twojerowery.shop\/ro64\/wp-json\/wp\/v2\/media\/14603"}],"wp:attachment":[{"href":"https:\/\/twojerowery.shop\/ro64\/wp-json\/wp\/v2\/media?parent=14602"}],"wp:term":[{"taxonomy":"product_brand","embeddable":true,"href":"https:\/\/twojerowery.shop\/ro64\/wp-json\/wp\/v2\/product_brand?post=14602"},{"taxonomy":"product_cat","embeddable":true,"href":"https:\/\/twojerowery.shop\/ro64\/wp-json\/wp\/v2\/product_cat?post=14602"},{"taxonomy":"product_tag","embeddable":true,"href":"https:\/\/twojerowery.shop\/ro64\/wp-json\/wp\/v2\/product_tag?post=14602"}],"curies":[{"name":"wp","href":"https:\/\/api.w.org\/{rel}","templated":true}]}}