{"id":14623,"date":"2026-02-26T04:38:47","date_gmt":"2026-02-26T03:38:47","guid":{"rendered":"https:\/\/rowermax.shop\/ro64\/produkt\/29181148-a-18-m-rower-elektryczny-romet-e-rambler-e9-0-grafitowo-pomaranc\/"},"modified":"2026-02-26T04:38:48","modified_gmt":"2026-02-26T03:38:48","slug":"29181148-a-18-m-rower-elektryczny-romet-e-rambler-e9-0-grafitowo-pomaranc","status":"publish","type":"product","link":"https:\/\/twojerowery.shop\/ro64\/produkt\/29181148-a-18-m-rower-elektryczny-romet-e-rambler-e9-0-grafitowo-pomaranc\/","title":{"rendered":"29181148-A &#8211; 18 M Rower elektryczny ROMET e-Rambler E9.0 grafitowo-pomara\u0144c"},"content":{"rendered":"<div style=\"font-family: Arial, sans-serif; line-height: 1.6; color: #333; padding: 20px; clear: both; display: block; width: 100%; float: none; position: static; overflow: hidden;\">\n<div style=\"clear: both; display: block; margin: 10px 0;\">\n<div style=\"clear: both; display: block; margin: 10px 0;\">\n<div style=\"clear: both; display: block; margin: 10px 0;\">\n<h2>29181148-A &#8211; 18 M Rower elektryczny ROMET e-Rambler E9.0 grafitowo-pomara\u0144c<\/h2>\n<p style=\"margin: 15px 0; line-height: 1.8; clear: both; display: block; width: 100%; float: none; position: static;\">Romet<\/p>\n<p style=\"margin: 15px 0; line-height: 1.8; clear: both; display: block; width: 100%; float: none; position: static;\">Prawdziwy elektryczny &#8222;g\u00f3ral&#8221;, kt\u00f3ry dzi\u0119ki wspomaganiu silnikiem elektrycznym pozwoli Ci na du\u017co wi\u0119cej podczas ka\u017cdej jazdy.<\/p>\n<p style=\"margin: 15px 0; line-height: 1.8; clear: both; display: block; width: 100%; float: none; position: static;\">Sercem E-Ramblera jest zintegrowana z bateri\u0105 rama wykonana z aluminium 6061. Rower nap\u0119dza sprawdzony w boju silnik Bafang M300 o bardzo dobrych parametrach. Moc 250 W w po\u0142\u0105czeniu z 80 Nm momentu obrotowego i bateri\u0105 BMZ Conger 480 Wh pozwol\u0105 na naprawd\u0119 dobr\u0105 zabaw\u0119 w terenie przy zasi\u0119gu do 70 kilometr\u00f3w. <\/p>\n<p style=\"margin: 15px 0; line-height: 1.8; clear: both; display: block; width: 100%; float: none; position: static;\">\u017beby nawet w ci\u0119\u017ckim terenie jazda by\u0142a komfortowa E-Ramblera wyposa\u017cyli\u015bmy w solidny amortyzator przedni Suntour XCT30, kt\u00f3ry skutecznie t\u0142umi wszelkie nier\u00f3wno\u015bci. Z nap\u0119dem elektrycznym wsp\u00f3\u0142pracuje klasyczna grupa nap\u0119dowa Shimano Deore 1&#215;10. Charakteryzuje si\u0119 ona szerokim wachlarzem prze\u0142o\u017ce\u0144, co jest kluczowe podczas terenowej jazdy. Podczas takiej jazdy niezwykle istotnym jest bezpiecze\u0144stwo dlatego E-Rambler otrzyma\u0142 bardzo dobry zestaw hydraulicznych hamulc\u00f3w tarczowych Shimano MT200. Model wyst\u0119puje w 5 wariantach kolorystycznych.<br \/>\nHAMULEC PRZ\u00d3D: Shimano BL-MT200 hydrauliczny<br \/>\nHAMULEC TY\u0141: Shimano BL-MT200 hydrauliczny<br \/>\nKASETA\/WOLNOBIEG: Shimano Deore CS-M4100-10 11-42T 10 bieg\u00f3w<br \/>\nKIEROWNICA: aluminiowa 720 mm<br \/>\nKOLOR: grafitowy<br \/>\nKOLOR SZCZEG\u00d3\u0141OWY: grafitowo-pomara\u0144czowy<br \/>\nKOLORYSTYKA: grafitowy; pomara\u0144czowy<br \/>\nKO\u0141A, RAMA: M \u2013 18<br \/>\nMANETKI TY\u0141: Shimano Deore SL-M4100 10 bieg\u00f3w<br \/>\nMECHANIZM KORBOWY: Bafang 170 mm<br \/>\nMOSTEK KIEROWNICY: aluminiowy 90mm<br \/>\nNAP\u0118D: 10 bieg\u00f3w<br \/>\nOBR\u0118CZE: Aluminiowe dwukomorowe<br \/>\nOPONY: 29&#215;2.1<br \/>\nPEDA\u0141Y: FP-971<br \/>\nPIASTA PRZ\u00d3D: Shimano HB-TX500 9mm \/ 100mm<br \/>\nPIASTA TY\u0141: Shimano FH-TX505 9mm \/ 135mm<br \/>\nPRZERZUTKA TY\u0141: Shimano Deore RD-M5120<br \/>\nROK PRODUKCJI: 2024<br \/>\nROZMIAR: 18<br \/>\nROZMIAR KO\u0141A: 29<br \/>\nSIOD\u0141O: Vader<br \/>\nSZTYCA: Aluminiowa 30,9mm \/ 350mm<br \/>\nTARCZA HAMULCOWA PRZ\u00d3D: Shimano SM-RT10 160 mm<br \/>\nTARCZA HAMULCOWA TY\u0141: Shimano SM-RT10 160 mm<br \/>\nU\u017bYTKOWNIK: Uniwersalny<br \/>\nWAGA: 22,2 kg<br \/>\nWERSJA: Podstawowa<br \/>\nWIDELEC: SR Suntour XCT30-DS-HLO<br \/>\nWZROST: 165-175<br \/>\nWZROST DO: 175<br \/>\nWZROST OD: 165<\/p>\n<\/div>\n<\/div>\n<\/div>\n<div style=\"clear: both; display: block; margin: 10px 0;\">\n<div style=\"clear: both; display: block; margin: 10px 0;\">\n<div style=\"clear: both; display: block; margin: 10px 0;\">\n<div  style=\"max-width:1200px;max-height:718px\">\n<div style=\"clear: both; display: block; margin: 10px 0;\">\n<div style=\"clear: both; width: 100%; display: block; margin: 20px 0; padding: 0; float: none; position: static; text-align: center;\"><img decoding=\"async\"  src=\"https:\/\/a.allegroimg.com\/original\/117f49\/0106499b45358cb31c5188f5eaa1\/29181148-A-18-M-Rower-elektryczny-ROMET-e-Rambler-E9-0-grafitowo-pomaranc\" srcset=\"https:\/\/a.allegroimg.com\/original\/117f49\/0106499b45358cb31c5188f5eaa1\/29181148-A-18-M-Rower-elektryczny-ROMET-e-Rambler-E9-0-grafitowo-pomaranc 360w,https:\/\/a.allegroimg.com\/original\/117f49\/0106499b45358cb31c5188f5eaa1\/29181148-A-18-M-Rower-elektryczny-ROMET-e-Rambler-E9-0-grafitowo-pomaranc 720w,https:\/\/a.allegroimg.com\/original\/117f49\/0106499b45358cb31c5188f5eaa1\/29181148-A-18-M-Rower-elektryczny-ROMET-e-Rambler-E9-0-grafitowo-pomaranc 1024w,https:\/\/a.allegroimg.com\/original\/117f49\/0106499b45358cb31c5188f5eaa1\/29181148-A-18-M-Rower-elektryczny-ROMET-e-Rambler-E9-0-grafitowo-pomaranc 1200w,https:\/\/a.allegroimg.com\/original\/117f49\/0106499b45358cb31c5188f5eaa1\/29181148-A-18-M-Rower-elektryczny-ROMET-e-Rambler-E9-0-grafitowo-pomaranc 1200w\" sizes=\"(min-width: 1200px) 560px, (min-width: 992px) 50vw, 100vw\" width=\"1200px\" alt=\"29181148-A - 18 M Rower elektryczny ROMET e-Rambler E9.0 grafitowo-pomara\u0144c\" style=\"max-width: 100%; height: auto; display: block; margin: 0 auto;\"><\/div>\n<\/div>\n<\/div>\n<\/div>\n<\/div>\n<div style=\"clear: both; display: block; margin: 10px 0;\">\n<div style=\"clear: both; display: block; margin: 10px 0;\">\n<ul style=\"margin: 15px 0; padding-left: 20px; clear: both; display: block; width: 100%; float: none; position: static;\">\n<li style=\"margin: 5px 0; padding: 2px 0; clear: both; display: list-item; float: none; position: static;\"><b>HAMULEC PRZ\u00d3D:<\/b> Shimano BL-MT200 hydrauliczny<\/li>\n<li style=\"margin: 5px 0; padding: 2px 0; clear: both; display: list-item; float: none; position: static;\"><b>HAMULEC TY\u0141:<\/b> Shimano BL-MT200 hydrauliczny<\/li>\n<li style=\"margin: 5px 0; padding: 2px 0; clear: both; display: list-item; float: none; position: static;\"><b>KASETA\/WOLNOBIEG:<\/b> Shimano Deore CS-M4100-10 11-42T 10 bieg\u00f3w<\/li>\n<li style=\"margin: 5px 0; padding: 2px 0; clear: both; display: list-item; float: none; position: static;\"><b>KIEROWNICA:<\/b> aluminiowa 720 mm<\/li>\n<li style=\"margin: 5px 0; padding: 2px 0; clear: both; display: list-item; float: none; position: static;\"><b>KOLOR:<\/b> grafitowy<\/li>\n<li style=\"margin: 5px 0; padding: 2px 0; clear: both; display: list-item; float: none; position: static;\"><b>KOLOR SZCZEG\u00d3\u0141OWY:<\/b> grafitowo-pomara\u0144czowy<\/li>\n<li style=\"margin: 5px 0; padding: 2px 0; clear: both; display: list-item; float: none; position: static;\"><b>KOLORYSTYKA:<\/b> grafitowy; pomara\u0144czowy<\/li>\n<li style=\"margin: 5px 0; padding: 2px 0; clear: both; display: list-item; float: none; position: static;\"><b>KO\u0141A, RAMA:<\/b> M \u2013 18<\/li>\n<li style=\"margin: 5px 0; padding: 2px 0; clear: both; display: list-item; float: none; position: static;\"><b>MANETKI TY\u0141:<\/b> Shimano Deore SL-M4100 10 bieg\u00f3w<\/li>\n<li style=\"margin: 5px 0; padding: 2px 0; clear: both; display: list-item; float: none; position: static;\"><b>MECHANIZM KORBOWY:<\/b> Bafang 170 mm<\/li>\n<li style=\"margin: 5px 0; padding: 2px 0; clear: both; display: list-item; float: none; position: static;\"><b>MOSTEK KIEROWNICY:<\/b> aluminiowy 90mm<\/li>\n<li style=\"margin: 5px 0; padding: 2px 0; clear: both; display: list-item; float: none; position: static;\"><b>NAP\u0118D:<\/b> 10 bieg\u00f3w<\/li>\n<li style=\"margin: 5px 0; padding: 2px 0; clear: both; display: list-item; float: none; position: static;\"><b>OBR\u0118CZE:<\/b> Aluminiowe dwukomorowe<\/li>\n<li style=\"margin: 5px 0; padding: 2px 0; clear: both; display: list-item; float: none; position: static;\"><b>OPONY:<\/b> 29&#215;2.1<\/li>\n<li style=\"margin: 5px 0; padding: 2px 0; clear: both; display: list-item; float: none; position: static;\"><b>PEDA\u0141Y:<\/b> FP-971 <\/li>\n<li style=\"margin: 5px 0; padding: 2px 0; clear: both; display: list-item; float: none; position: static;\"><b>PIASTA PRZ\u00d3D:<\/b> Shimano HB-TX500 9mm \/ 100mm<\/li>\n<li style=\"margin: 5px 0; padding: 2px 0; clear: both; display: list-item; float: none; position: static;\"><b>PIASTA TY\u0141:<\/b> Shimano FH-TX505 9mm \/ 135mm<\/li>\n<li style=\"margin: 5px 0; padding: 2px 0; clear: both; display: list-item; float: none; position: static;\"><b>PRZERZUTKA TY\u0141:<\/b> Shimano Deore RD-M5120<\/li>\n<li style=\"margin: 5px 0; padding: 2px 0; clear: both; display: list-item; float: none; position: static;\"><b>ROK PRODUKCJI:<\/b> 2024<\/li>\n<li style=\"margin: 5px 0; padding: 2px 0; clear: both; display: list-item; float: none; position: static;\"><b>ROZMIAR:<\/b> 18<\/li>\n<li style=\"margin: 5px 0; padding: 2px 0; clear: both; display: list-item; float: none; position: static;\"><b>ROZMIAR KO\u0141A:<\/b> 29<\/li>\n<li style=\"margin: 5px 0; padding: 2px 0; clear: both; display: list-item; float: none; position: static;\"><b>SIOD\u0141O:<\/b> Vader<\/li>\n<li style=\"margin: 5px 0; padding: 2px 0; clear: both; display: list-item; float: none; position: static;\"><b>SZTYCA:<\/b> Aluminiowa 30,9mm \/ 350mm<\/li>\n<li style=\"margin: 5px 0; padding: 2px 0; clear: both; display: list-item; float: none; position: static;\"><b>TARCZA HAMULCOWA PRZ\u00d3D:<\/b> Shimano SM-RT10 160 mm<\/li>\n<li style=\"margin: 5px 0; padding: 2px 0; clear: both; display: list-item; float: none; position: static;\"><b>TARCZA HAMULCOWA TY\u0141:<\/b> Shimano SM-RT10 160 mm<\/li>\n<li style=\"margin: 5px 0; padding: 2px 0; clear: both; display: list-item; float: none; position: static;\"><b>U\u017bYTKOWNIK:<\/b> Uniwersalny<\/li>\n<li style=\"margin: 5px 0; padding: 2px 0; clear: both; display: list-item; float: none; position: static;\"><b>WAGA:<\/b> 22,2 kg<\/li>\n<li style=\"margin: 5px 0; padding: 2px 0; clear: both; display: list-item; float: none; position: static;\"><b>WERSJA:<\/b> Podstawowa<\/li>\n<li style=\"margin: 5px 0; padding: 2px 0; clear: both; display: list-item; float: none; position: static;\"><b>WIDELEC:<\/b> SR Suntour XCT30-DS-HLO<\/li>\n<li style=\"margin: 5px 0; padding: 2px 0; clear: both; display: list-item; float: none; position: static;\"><b>WZROST:<\/b> 165-175<\/li>\n<li style=\"margin: 5px 0; padding: 2px 0; clear: both; display: list-item; float: none; position: static;\"><b>WZROST DO:<\/b> 175<\/li>\n<li style=\"margin: 5px 0; padding: 2px 0; clear: both; display: list-item; float: none; position: static;\"><b>WZROST OD:<\/b> 165<\/li>\n<\/ul>\n<\/div>\n<\/div>\n<\/div>\n<div style=\"clear: both; display: block; margin: 10px 0;\">\n<div style=\"clear: both; display: block; margin: 10px 0;\">\n<div style=\"clear: both; display: block; margin: 10px 0;\">\n<p style=\"margin: 15px 0; line-height: 1.8; clear: both; display: block; width: 100%; float: none; position: static;\">Rower elektryczny ROMET E-RAMBLER E9.0 2024<\/p>\n<\/div>\n<\/div>\n<\/div>\n<\/div>\n<\/div>\n<\/div>\n<div style=\"clear: both; display: block; margin: 10px 0;\">\n","protected":false},"excerpt":{"rendered":"<p>29181148-A &#8211; 18 M Rower elektryczny ROMET e-Rambler E9.0 grafitowo-pomara\u0144c<\/p>\n<p>Romet<\/p>\n<p>Prawdziwy elektryczny &quot;g\u00f3ral&quot;, kt\u00f3ry dzi\u0119ki wspomaganiu silnikiem elektrycznym pozwoli Ci na du\u017co wi\u0119cej podczas ka\u017cdej jazdy.<\/p>\n<p>Sercem E-Ramblera jest zintegrowana z bateri\u0105 rama wykonana z aluminium 6061. Rower nap\u0119dza sprawdzony w boju silnik Bafang M300 o bardzo dobrych parametrach. Moc 250 W w po\u0142\u0105czeniu z 80 Nm momentu obrotowego i bateri\u0105 BMZ Conger 480 Wh pozwol\u0105 na naprawd\u0119 dobr\u0105 zabaw\u0119 w terenie przy zasi\u0119gu do 70 kilometr\u00f3w.<\/p>\n","protected":false},"featured_media":14625,"template":"","meta":{"_uag_custom_page_level_css":""},"product_brand":[695],"product_cat":[741,688,749,687],"product_tag":[],"class_list":{"0":"post-14623","1":"product","2":"type-product","3":"status-publish","4":"has-post-thumbnail","6":"product_brand-romet","7":"product_cat-elektryczne","8":"product_cat-rowery","9":"product_cat-rowery-elektryczne-mtb-gorskie","10":"product_cat-rowery-i-akcesoria","12":"first","13":"instock","14":"sale","15":"shipping-taxable","16":"purchasable","17":"product-type-simple"},"uagb_featured_image_src":{"full":["https:\/\/twojerowery.shop\/ro64\/wp-content\/uploads\/2026\/02\/allegro-image-14623.jpg",1200,718,false],"thumbnail":["https:\/\/twojerowery.shop\/ro64\/wp-content\/uploads\/2026\/02\/allegro-image-14623-150x150.jpg",150,150,true],"medium":["https:\/\/twojerowery.shop\/ro64\/wp-content\/uploads\/2026\/02\/allegro-image-14623-300x180.jpg",300,180,true],"medium_large":["https:\/\/twojerowery.shop\/ro64\/wp-content\/uploads\/2026\/02\/allegro-image-14623-768x460.jpg",768,460,true],"large":["https:\/\/twojerowery.shop\/ro64\/wp-content\/uploads\/2026\/02\/allegro-image-14623-1024x613.jpg",1024,613,true],"1536x1536":["https:\/\/twojerowery.shop\/ro64\/wp-content\/uploads\/2026\/02\/allegro-image-14623.jpg",1200,718,false],"2048x2048":["https:\/\/twojerowery.shop\/ro64\/wp-content\/uploads\/2026\/02\/allegro-image-14623.jpg",1200,718,false],"woocommerce_thumbnail":["https:\/\/twojerowery.shop\/ro64\/wp-content\/uploads\/2026\/02\/allegro-image-14623-300x300.jpg",300,300,true],"woocommerce_single":["https:\/\/twojerowery.shop\/ro64\/wp-content\/uploads\/2026\/02\/allegro-image-14623-600x359.jpg",600,359,true],"woocommerce_gallery_thumbnail":["https:\/\/twojerowery.shop\/ro64\/wp-content\/uploads\/2026\/02\/allegro-image-14623-100x100.jpg",100,100,true]},"uagb_author_info":{"display_name":"admin","author_link":"https:\/\/twojerowery.shop\/ro64\/author\/"},"uagb_comment_info":0,"uagb_excerpt":"29181148-A - 18 M Rower elektryczny ROMET e-Rambler E9.0 grafitowo-pomara\u0144c Romet Prawdziwy elektryczny &quot;g\u00f3ral&quot;, kt\u00f3ry dzi\u0119ki wspomaganiu silnikiem elektrycznym pozwoli Ci na du\u017co wi\u0119cej podczas ka\u017cdej jazdy. Sercem E-Ramblera jest zintegrowana z bateri\u0105 rama wykonana z aluminium 6061. Rower nap\u0119dza sprawdzony w boju silnik Bafang M300 o bardzo dobrych parametrach. Moc 250 W w po\u0142\u0105czeniu&hellip;","_links":{"self":[{"href":"https:\/\/twojerowery.shop\/ro64\/wp-json\/wp\/v2\/product\/14623","targetHints":{"allow":["GET"]}}],"collection":[{"href":"https:\/\/twojerowery.shop\/ro64\/wp-json\/wp\/v2\/product"}],"about":[{"href":"https:\/\/twojerowery.shop\/ro64\/wp-json\/wp\/v2\/types\/product"}],"wp:featuredmedia":[{"embeddable":true,"href":"https:\/\/twojerowery.shop\/ro64\/wp-json\/wp\/v2\/media\/14625"}],"wp:attachment":[{"href":"https:\/\/twojerowery.shop\/ro64\/wp-json\/wp\/v2\/media?parent=14623"}],"wp:term":[{"taxonomy":"product_brand","embeddable":true,"href":"https:\/\/twojerowery.shop\/ro64\/wp-json\/wp\/v2\/product_brand?post=14623"},{"taxonomy":"product_cat","embeddable":true,"href":"https:\/\/twojerowery.shop\/ro64\/wp-json\/wp\/v2\/product_cat?post=14623"},{"taxonomy":"product_tag","embeddable":true,"href":"https:\/\/twojerowery.shop\/ro64\/wp-json\/wp\/v2\/product_tag?post=14623"}],"curies":[{"name":"wp","href":"https:\/\/api.w.org\/{rel}","templated":true}]}}