{"id":14644,"date":"2026-02-26T04:38:55","date_gmt":"2026-02-26T03:38:55","guid":{"rendered":"https:\/\/rowermax.shop\/ro64\/produkt\/polski-rower-elektryczny-ecobike-rx-500-blue-suv-can-20-ah-960wh-rama-19\/"},"modified":"2026-02-26T04:38:56","modified_gmt":"2026-02-26T03:38:56","slug":"polski-rower-elektryczny-ecobike-rx-500-blue-suv-can-20-ah-960wh-rama-19","status":"publish","type":"product","link":"https:\/\/twojerowery.shop\/ro64\/produkt\/polski-rower-elektryczny-ecobike-rx-500-blue-suv-can-20-ah-960wh-rama-19\/","title":{"rendered":"POLSKI ROWER ELEKTRYCZNY ECOBIKE RX 500 BLUE SUV CAN 20 Ah 960Wh rama 19&quot;"},"content":{"rendered":"<div style=\"font-family: Arial, sans-serif; line-height: 1.6; color: #333; padding: 20px; clear: both; display: block; width: 100%; float: none; position: static; overflow: hidden;\">\n<div style=\"clear: both; display: block; margin: 10px 0;\">\n<div style=\"clear: both; display: block; margin: 10px 0;\">\n<div style=\"clear: both; display: block; margin: 10px 0;\">\n<h1>Rower elektryczny Ecobike RX 500 SUV BLUE CAN Bateria 20 Ah (960 Wh)<\/h1>\n<h1>Rama 19&#8243; NEW 2025<\/h1>\n<h3 style=\"color: #2c5aa0; font-size: 18px; margin: 30px 0 15px 0; font-weight: bold; clear: both; display: block; width: 100%; float: none; position: static;\">Ten model jest odpowiedni dla os\u00f3b o wzro\u015bcie 170-180 cm<\/h3>\n<ul style=\"margin: 15px 0; padding-left: 20px; clear: both; display: block; width: 100%; float: none; position: static;\">\n<li style=\"margin: 5px 0; padding: 2px 0; clear: both; display: list-item; float: none; position: static;\"><b>Specyfikacja techniczna<\/b><\/li>\n<li style=\"margin: 5px 0; padding: 2px 0; clear: both; display: list-item; float: none; position: static;\"><b>Rower<\/b><\/li>\n<li style=\"margin: 5px 0; padding: 2px 0; clear: both; display: list-item; float: none; position: static;\"><b>Rama&nbsp;17&#8243; \/ 19&#8243; \/ 21&#8243; hydroformowane aluminium<\/b><\/li>\n<li style=\"margin: 5px 0; padding: 2px 0; clear: both; display: list-item; float: none; position: static;\"><b>Widelec&nbsp;SunTour XCR34 BOOST, powietrzny, skok 120 mm<\/b><\/li>\n<li style=\"margin: 5px 0; padding: 2px 0; clear: both; display: list-item; float: none; position: static;\"><b>Ko\u0142o&nbsp;29&#8243; wzmacniane tr\u00f3jkomorowe, szprychy Sapim<\/b><\/li>\n<li style=\"margin: 5px 0; padding: 2px 0; clear: both; display: list-item; float: none; position: static;\"><b>Opony&nbsp;29&#8243; x 2.6&#8243; Schwalbe Nobby Nic \/ Maxxis Rekon<\/b><\/li>\n<li style=\"margin: 5px 0; padding: 2px 0; clear: both; display: list-item; float: none; position: static;\"><b>Piasta przednia&nbsp;Shimano HB-TC500-15-B, 36H, 110 mm, centerlock<\/b><\/li>\n<li style=\"margin: 5px 0; padding: 2px 0; clear: both; display: list-item; float: none; position: static;\"><b>Piasta tylna&nbsp;Shimano FH-TX505-8 \/ FH-QC300-HM, 135 mm, 36H, Center lock<\/b><\/li>\n<li style=\"margin: 5px 0; padding: 2px 0; clear: both; display: list-item; float: none; position: static;\"><b>Kierownica&nbsp;Zoom MTB-AL-320BT, 760 mm x 31.8 mm, wznios 20 mm<\/b><\/li>\n<li style=\"margin: 5px 0; padding: 2px 0; clear: both; display: list-item; float: none; position: static;\"><b>Mostek&nbsp;Promax TDS-D631-8, 31.8 mm \/ 60 mm<\/b><\/li>\n<li style=\"margin: 5px 0; padding: 2px 0; clear: both; display: list-item; float: none; position: static;\"><b>Chwyty&nbsp;Herrmans Grip Rib single lock<\/b><\/li>\n<li style=\"margin: 5px 0; padding: 2px 0; clear: both; display: list-item; float: none; position: static;\"><b>Hamulce&nbsp;Shimano MT401, tarczowe hydrauliczne<\/b><\/li>\n<li style=\"margin: 5px 0; padding: 2px 0; clear: both; display: list-item; float: none; position: static;\"><b>Przerzutki&nbsp;Shimano Cues, 10 biegowe<\/b><\/li>\n<li style=\"margin: 5px 0; padding: 2px 0; clear: both; display: list-item; float: none; position: static;\"><b>Manetki&nbsp;Shimano Cues, 10 biegowe<\/b><\/li>\n<li style=\"margin: 5px 0; padding: 2px 0; clear: both; display: list-item; float: none; position: static;\"><b>Kaseta\/Wolnobieg&nbsp;Kaseta Shimano Cues, 11-48T, 10 biegowa<\/b><\/li>\n<li style=\"margin: 5px 0; padding: 2px 0; clear: both; display: list-item; float: none; position: static;\"><b>\u0141a\u0144cuch \/ Pasek&nbsp;KMC eGlide Silver, 128L<\/b><\/li>\n<li style=\"margin: 5px 0; padding: 2px 0; clear: both; display: list-item; float: none; position: static;\"><b>Korba&nbsp;Ananda 44T<\/b><\/li>\n<li style=\"margin: 5px 0; padding: 2px 0; clear: both; display: list-item; float: none; position: static;\"><b>Peda\u0142y&nbsp;FP FP-203ZP<\/b><\/li>\n<li style=\"margin: 5px 0; padding: 2px 0; clear: both; display: list-item; float: none; position: static;\"><b>Siod\u0142o&nbsp;Velo VL-3363<\/b><\/li>\n<li style=\"margin: 5px 0; padding: 2px 0; clear: both; display: list-item; float: none; position: static;\"><b>Sztyca siod\u0142a&nbsp;Zoom SP-C255, 30.9 mm x 350 mm<\/b><\/li>\n<li style=\"margin: 5px 0; padding: 2px 0; clear: both; display: list-item; float: none; position: static;\"><b>Przednia lampka&nbsp;Herrmans MR5<\/b><\/li>\n<li style=\"margin: 5px 0; padding: 2px 0; clear: both; display: list-item; float: none; position: static;\"><b>Tylna lampka&nbsp;Spanninga GLOW XE<\/b><\/li>\n<li style=\"margin: 5px 0; padding: 2px 0; clear: both; display: list-item; float: none; position: static;\"><b>Maks. obci\u0105\u017cenie&nbsp;125 kg<\/b><\/li>\n<li style=\"margin: 5px 0; padding: 2px 0; clear: both; display: list-item; float: none; position: static;\"><b>System mocowania sakw&nbsp;MIK<\/b><\/li>\n<li style=\"margin: 5px 0; padding: 2px 0; clear: both; display: list-item; float: none; position: static;\"><b>Waga&nbsp;27.7 (17&#8243;) \/ 28 (19&#8243;) \/ 28.3 (21&#8243;)<\/b><\/li>\n<\/ul>\n<\/div>\n<\/div>\n<div style=\"clear: both; display: block; margin: 10px 0;\">\n<div style=\"clear: both; display: block; margin: 10px 0;\">\n<div  style=\"max-width:1200px;max-height:800px\">\n<div style=\"clear: both; display: block; margin: 10px 0;\">\n<div style=\"clear: both; width: 100%; display: block; margin: 20px 0; padding: 0; float: none; position: static; text-align: center;\"><img decoding=\"async\"  src=\"https:\/\/a.allegroimg.com\/original\/116958\/6042c00e40549ae8e840884c8c08\/POLSKI-ROWER-ELEKTRYCZNY-ECOBIKE-RX-500-BLUE-SUV-CAN-20-Ah-960Wh-rama-19\" srcset=\"https:\/\/a.allegroimg.com\/original\/116958\/6042c00e40549ae8e840884c8c08\/POLSKI-ROWER-ELEKTRYCZNY-ECOBIKE-RX-500-BLUE-SUV-CAN-20-Ah-960Wh-rama-19 360w,https:\/\/a.allegroimg.com\/original\/116958\/6042c00e40549ae8e840884c8c08\/POLSKI-ROWER-ELEKTRYCZNY-ECOBIKE-RX-500-BLUE-SUV-CAN-20-Ah-960Wh-rama-19 720w,https:\/\/a.allegroimg.com\/original\/116958\/6042c00e40549ae8e840884c8c08\/POLSKI-ROWER-ELEKTRYCZNY-ECOBIKE-RX-500-BLUE-SUV-CAN-20-Ah-960Wh-rama-19 1024w,https:\/\/a.allegroimg.com\/original\/116958\/6042c00e40549ae8e840884c8c08\/POLSKI-ROWER-ELEKTRYCZNY-ECOBIKE-RX-500-BLUE-SUV-CAN-20-Ah-960Wh-rama-19 1200w,https:\/\/a.allegroimg.com\/original\/116958\/6042c00e40549ae8e840884c8c08\/POLSKI-ROWER-ELEKTRYCZNY-ECOBIKE-RX-500-BLUE-SUV-CAN-20-Ah-960Wh-rama-19 1200w\" sizes=\"(min-width: 1200px) 560px, (min-width: 992px) 50vw, 100vw\" width=\"1200px\" alt=\"POLSKI ROWER ELEKTRYCZNY ECOBIKE RX 500 BLUE SUV CAN 20 Ah 960Wh rama 19&amp;quot;\" style=\"max-width: 100%; height: auto; display: block; margin: 0 auto;\"><\/div>\n<\/div>\n<\/div>\n<\/div>\n<\/div>\n<\/div>\n<div style=\"clear: both; display: block; margin: 10px 0;\">\n<div style=\"clear: both; display: block; margin: 10px 0;\">\n<div style=\"clear: both; display: block; margin: 10px 0;\">\n<div  style=\"max-width:1200px;max-height:801px\">\n<div style=\"clear: both; display: block; margin: 10px 0;\">\n<div style=\"clear: both; width: 100%; display: block; margin: 20px 0; padding: 0; float: none; position: static; text-align: center;\"><img decoding=\"async\"  src=\"https:\/\/a.allegroimg.com\/original\/11edcf\/7ae832874ce28a3dbc6877d83144\/POLSKI-ROWER-ELEKTRYCZNY-ECOBIKE-RX-500-BLUE-SUV-CAN-20-Ah-960Wh-rama-19-Maksymalna-moc-znamionowa-Rower-elektryczny-ponizej-250-W\" srcset=\"https:\/\/a.allegroimg.com\/original\/11edcf\/7ae832874ce28a3dbc6877d83144\/POLSKI-ROWER-ELEKTRYCZNY-ECOBIKE-RX-500-BLUE-SUV-CAN-20-Ah-960Wh-rama-19-Maksymalna-moc-znamionowa-Rower-elektryczny-ponizej-250-W 360w,https:\/\/a.allegroimg.com\/original\/11edcf\/7ae832874ce28a3dbc6877d83144\/POLSKI-ROWER-ELEKTRYCZNY-ECOBIKE-RX-500-BLUE-SUV-CAN-20-Ah-960Wh-rama-19-Maksymalna-moc-znamionowa-Rower-elektryczny-ponizej-250-W 720w,https:\/\/a.allegroimg.com\/original\/11edcf\/7ae832874ce28a3dbc6877d83144\/POLSKI-ROWER-ELEKTRYCZNY-ECOBIKE-RX-500-BLUE-SUV-CAN-20-Ah-960Wh-rama-19-Maksymalna-moc-znamionowa-Rower-elektryczny-ponizej-250-W 1024w,https:\/\/a.allegroimg.com\/original\/11edcf\/7ae832874ce28a3dbc6877d83144\/POLSKI-ROWER-ELEKTRYCZNY-ECOBIKE-RX-500-BLUE-SUV-CAN-20-Ah-960Wh-rama-19-Maksymalna-moc-znamionowa-Rower-elektryczny-ponizej-250-W 1200w,https:\/\/a.allegroimg.com\/original\/11edcf\/7ae832874ce28a3dbc6877d83144\/POLSKI-ROWER-ELEKTRYCZNY-ECOBIKE-RX-500-BLUE-SUV-CAN-20-Ah-960Wh-rama-19-Maksymalna-moc-znamionowa-Rower-elektryczny-ponizej-250-W 1200w\" sizes=\"(min-width: 1200px) 560px, (min-width: 992px) 50vw, 100vw\" width=\"1200px\" alt=\"POLSKI ROWER ELEKTRYCZNY ECOBIKE RX 500 BLUE SUV CAN 20 Ah 960Wh rama 19&amp;quot; Maksymalna moc znamionowa Rower elektryczny (poni\u017cej 250 W)\" style=\"max-width: 100%; height: auto; display: block; margin: 0 auto;\"><\/div>\n<\/div>\n<\/div>\n<\/div>\n<\/div>\n<div style=\"clear: both; display: block; margin: 10px 0;\">\n<div style=\"clear: both; display: block; margin: 10px 0;\">\n<h1>Parametry Baterii:<\/h1>\n<h3 style=\"color: #2c5aa0; font-size: 18px; margin: 30px 0 15px 0; font-weight: bold; clear: both; display: block; width: 100%; float: none; position: static;\">Bateria<\/h3>\n<ul style=\"margin: 15px 0; padding-left: 20px; clear: both; display: block; width: 100%; float: none; position: static;\">\n<li style=\"margin: 5px 0; padding: 2px 0; clear: both; display: list-item; float: none; position: static;\"><b>Marka ogniw&nbsp;<\/b><b>LG<\/b><\/li>\n<li style=\"margin: 5px 0; padding: 2px 0; clear: both; display: list-item; float: none; position: static;\"><b>Pojemno\u015b\u0107&nbsp;<\/b><b> 960 Wh<\/b><\/li>\n<li style=\"margin: 5px 0; padding: 2px 0; clear: both; display: list-item; float: none; position: static;\"><b>Typ&nbsp;<\/b><b>Li-ion<\/b><\/li>\n<li style=\"margin: 5px 0; padding: 2px 0; clear: both; display: list-item; float: none; position: static;\"><b>Napi\u0119cie&nbsp;<\/b><b>48 V<\/b><\/li>\n<li style=\"margin: 5px 0; padding: 2px 0; clear: both; display: list-item; float: none; position: static;\"><b>Dystans&nbsp;<\/b><b>do 175 km<\/b><\/li>\n<\/ul>\n<\/div>\n<\/div>\n<\/div>\n<div style=\"clear: both; display: block; margin: 10px 0;\">\n<div style=\"clear: both; display: block; margin: 10px 0;\">\n<div style=\"clear: both; display: block; margin: 10px 0;\">\n<h3 style=\"color: #2c5aa0; font-size: 18px; margin: 30px 0 15px 0; font-weight: bold; clear: both; display: block; width: 100%; float: none; position: static;\">System e-bike<\/h3>\n<ul style=\"margin: 15px 0; padding-left: 20px; clear: both; display: block; width: 100%; float: none; position: static;\">\n<li style=\"margin: 5px 0; padding: 2px 0; clear: both; display: list-item; float: none; position: static;\">Marka Ananda<\/li>\n<li style=\"margin: 5px 0; padding: 2px 0; clear: both; display: list-item; float: none; position: static;\">Model&nbsp;M100<\/li>\n<li style=\"margin: 5px 0; padding: 2px 0; clear: both; display: list-item; float: none; position: static;\">Typ&nbsp;Centralny<\/li>\n<li style=\"margin: 5px 0; padding: 2px 0; clear: both; display: list-item; float: none; position: static;\">Napi\u0119cie&nbsp;48 V<\/li>\n<li style=\"margin: 5px 0; padding: 2px 0; clear: both; display: list-item; float: none; position: static;\">Moment obrotowy&nbsp;130 N.m<\/li>\n<li style=\"margin: 5px 0; padding: 2px 0; clear: both; display: list-item; float: none; position: static;\">Moc&nbsp;250 W<\/li>\n<li style=\"margin: 5px 0; padding: 2px 0; clear: both; display: list-item; float: none; position: static;\">Komputer&nbsp;ANANDA<\/li>\n<li style=\"margin: 5px 0; padding: 2px 0; clear: both; display: list-item; float: none; position: static;\">Pr\u0119dko\u015b\u0107&nbsp;25 km\/h<\/li>\n<\/ul>\n<\/div>\n<\/div>\n<div style=\"clear: both; display: block; margin: 10px 0;\">\n<div style=\"clear: both; display: block; margin: 10px 0;\">\n<div  style=\"max-width:1200px;max-height:801px\">\n<div style=\"clear: both; display: block; margin: 10px 0;\">\n<div style=\"clear: both; width: 100%; display: block; margin: 20px 0; padding: 0; float: none; position: static; text-align: center;\"><img decoding=\"async\"  src=\"https:\/\/a.allegroimg.com\/original\/11eb02\/8eb21a174386a8c5a3a3c12600f3\/POLSKI-ROWER-ELEKTRYCZNY-ECOBIKE-RX-500-BLUE-SUV-CAN-20-Ah-960Wh-rama-19-Kolor-niebieski\" srcset=\"https:\/\/a.allegroimg.com\/original\/11eb02\/8eb21a174386a8c5a3a3c12600f3\/POLSKI-ROWER-ELEKTRYCZNY-ECOBIKE-RX-500-BLUE-SUV-CAN-20-Ah-960Wh-rama-19-Kolor-niebieski 360w,https:\/\/a.allegroimg.com\/original\/11eb02\/8eb21a174386a8c5a3a3c12600f3\/POLSKI-ROWER-ELEKTRYCZNY-ECOBIKE-RX-500-BLUE-SUV-CAN-20-Ah-960Wh-rama-19-Kolor-niebieski 720w,https:\/\/a.allegroimg.com\/original\/11eb02\/8eb21a174386a8c5a3a3c12600f3\/POLSKI-ROWER-ELEKTRYCZNY-ECOBIKE-RX-500-BLUE-SUV-CAN-20-Ah-960Wh-rama-19-Kolor-niebieski 1024w,https:\/\/a.allegroimg.com\/original\/11eb02\/8eb21a174386a8c5a3a3c12600f3\/POLSKI-ROWER-ELEKTRYCZNY-ECOBIKE-RX-500-BLUE-SUV-CAN-20-Ah-960Wh-rama-19-Kolor-niebieski 1200w,https:\/\/a.allegroimg.com\/original\/11eb02\/8eb21a174386a8c5a3a3c12600f3\/POLSKI-ROWER-ELEKTRYCZNY-ECOBIKE-RX-500-BLUE-SUV-CAN-20-Ah-960Wh-rama-19-Kolor-niebieski 1200w\" sizes=\"(min-width: 1200px) 560px, (min-width: 992px) 50vw, 100vw\" width=\"1200px\" alt=\"POLSKI ROWER ELEKTRYCZNY ECOBIKE RX 500 BLUE SUV CAN 20 Ah 960Wh rama 19&amp;quot; Kolor niebieski\" style=\"max-width: 100%; height: auto; display: block; margin: 0 auto;\"><\/div>\n<\/div>\n<\/div>\n<\/div>\n<\/div>\n<\/div>\n<div style=\"clear: both; display: block; margin: 10px 0;\">\n<div style=\"clear: both; display: block; margin: 10px 0;\">\n<div style=\"clear: both; display: block; margin: 10px 0;\">\n<div  style=\"max-width:1200px;max-height:801px\">\n<div style=\"clear: both; display: block; margin: 10px 0;\">\n<div style=\"clear: both; width: 100%; display: block; margin: 20px 0; padding: 0; float: none; position: static; text-align: center;\"><img decoding=\"async\"  src=\"https:\/\/a.allegroimg.com\/original\/117055\/89c0e65e459e8993bb9b5b5bf864\/POLSKI-ROWER-ELEKTRYCZNY-ECOBIKE-RX-500-BLUE-SUV-CAN-20-Ah-960Wh-rama-19-Rozmiar-ramy-19-cali\" srcset=\"https:\/\/a.allegroimg.com\/original\/117055\/89c0e65e459e8993bb9b5b5bf864\/POLSKI-ROWER-ELEKTRYCZNY-ECOBIKE-RX-500-BLUE-SUV-CAN-20-Ah-960Wh-rama-19-Rozmiar-ramy-19-cali 360w,https:\/\/a.allegroimg.com\/original\/117055\/89c0e65e459e8993bb9b5b5bf864\/POLSKI-ROWER-ELEKTRYCZNY-ECOBIKE-RX-500-BLUE-SUV-CAN-20-Ah-960Wh-rama-19-Rozmiar-ramy-19-cali 720w,https:\/\/a.allegroimg.com\/original\/117055\/89c0e65e459e8993bb9b5b5bf864\/POLSKI-ROWER-ELEKTRYCZNY-ECOBIKE-RX-500-BLUE-SUV-CAN-20-Ah-960Wh-rama-19-Rozmiar-ramy-19-cali 1024w,https:\/\/a.allegroimg.com\/original\/117055\/89c0e65e459e8993bb9b5b5bf864\/POLSKI-ROWER-ELEKTRYCZNY-ECOBIKE-RX-500-BLUE-SUV-CAN-20-Ah-960Wh-rama-19-Rozmiar-ramy-19-cali 1200w,https:\/\/a.allegroimg.com\/original\/117055\/89c0e65e459e8993bb9b5b5bf864\/POLSKI-ROWER-ELEKTRYCZNY-ECOBIKE-RX-500-BLUE-SUV-CAN-20-Ah-960Wh-rama-19-Rozmiar-ramy-19-cali 1200w\" sizes=\"(min-width: 1200px) 560px, (min-width: 992px) 50vw, 100vw\" width=\"1200px\" alt=\"POLSKI ROWER ELEKTRYCZNY ECOBIKE RX 500 BLUE SUV CAN 20 Ah 960Wh rama 19&amp;quot; Rozmiar ramy 19 cali\" style=\"max-width: 100%; height: auto; display: block; margin: 0 auto;\"><\/div>\n<\/div>\n<\/div>\n<\/div>\n<\/div>\n<div style=\"clear: both; display: block; margin: 10px 0;\">\n<div style=\"clear: both; display: block; margin: 10px 0;\">\n<h3 style=\"color: #2c5aa0; font-size: 18px; margin: 30px 0 15px 0; font-weight: bold; clear: both; display: block; width: 100%; float: none; position: static;\">Wy\u015bwietlacz<\/h3>\n<ul style=\"margin: 15px 0; padding-left: 20px; clear: both; display: block; width: 100%; float: none; position: static;\">\n<li style=\"margin: 5px 0; padding: 2px 0; clear: both; display: list-item; float: none; position: static;\"><b>Model wy\u015bwietlacza<\/b><\/li>\n<li style=\"margin: 5px 0; padding: 2px 0; clear: both; display: list-item; float: none; position: static;\"><b>KD-586<\/b><\/li>\n<li style=\"margin: 5px 0; padding: 2px 0; clear: both; display: list-item; float: none; position: static;\"><b>Marka wy\u015bwietlacza<\/b><\/li>\n<li style=\"margin: 5px 0; padding: 2px 0; clear: both; display: list-item; float: none; position: static;\"><b>Ecobike<\/b><\/li>\n<li style=\"margin: 5px 0; padding: 2px 0; clear: both; display: list-item; float: none; position: static;\"><b>Typ wy\u015bwietlacza<\/b><\/li>\n<li style=\"margin: 5px 0; padding: 2px 0; clear: both; display: list-item; float: none; position: static;\"><b>kolorowy LCD<\/b><\/li>\n<\/ul>\n<\/div>\n<\/div>\n<\/div>\n<div style=\"clear: both; display: block; margin: 10px 0;\">\n<div style=\"clear: both; display: block; margin: 10px 0;\">\n<div style=\"clear: both; display: block; margin: 10px 0;\">\n<h2>Geometria<\/h2>\n<ul style=\"margin: 15px 0; padding-left: 20px; clear: both; display: block; width: 100%; float: none; position: static;\">\n<li style=\"margin: 5px 0; padding: 2px 0; clear: both; display: list-item; float: none; position: static;\"><b>A 595 (17&#8243;) \/ 610 (19&#8243;) \/ 620 (21&#8243;)<\/b><\/li>\n<li style=\"margin: 5px 0; padding: 2px 0; clear: both; display: list-item; float: none; position: static;\"><b>B D\u0142ugo\u015b\u0107 g\u0142\u00f3wki ramy (mm) 145<\/b><\/li>\n<li style=\"margin: 5px 0; padding: 2px 0; clear: both; display: list-item; float: none; position: static;\"><b>C D\u0142ugo\u015bc rury podsiod\u0142owej (mm) 433.5 (17&#8243;) \/ 483.3 (19&#8243;) \/ 533.2 (21&#8243;)<\/b><\/li>\n<li style=\"margin: 5px 0; padding: 2px 0; clear: both; display: list-item; float: none; position: static;\"><b>D Baza k\u00f3\u0142 (mm) 1156.7 (17&#8243;) \/ 1171 (19&#8243;) \/ 1181.7 (21&#8243;)<\/b><\/li>\n<li style=\"margin: 5px 0; padding: 2px 0; clear: both; display: list-item; float: none; position: static;\"><b>E K\u0105t podsiod\u0142owy (stopnie) 72.50<\/b><\/li>\n<li style=\"margin: 5px 0; padding: 2px 0; clear: both; display: list-item; float: none; position: static;\"><b>F K\u0105t g\u0142\u00f3wki ramy (stopnie) 68<\/b><\/li>\n<\/ul>\n<\/div>\n<\/div>\n<div style=\"clear: both; display: block; margin: 10px 0;\">\n<div style=\"clear: both; display: block; margin: 10px 0;\">\n<div  style=\"max-width:600px;max-height:400px\">\n<div style=\"clear: both; display: block; margin: 10px 0;\">\n<div style=\"clear: both; width: 100%; display: block; margin: 20px 0; padding: 0; float: none; position: static; text-align: center;\"><img decoding=\"async\"  src=\"https:\/\/a.allegroimg.com\/original\/116943\/5ce711104171bcc97a477de364ca\/POLSKI-ROWER-ELEKTRYCZNY-ECOBIKE-RX-500-BLUE-SUV-CAN-20-Ah-960Wh-rama-19-Obciazenie-maksymalne-125-kg\" srcset=\"https:\/\/a.allegroimg.com\/original\/116943\/5ce711104171bcc97a477de364ca\/POLSKI-ROWER-ELEKTRYCZNY-ECOBIKE-RX-500-BLUE-SUV-CAN-20-Ah-960Wh-rama-19-Obciazenie-maksymalne-125-kg 360w,https:\/\/a.allegroimg.com\/original\/116943\/5ce711104171bcc97a477de364ca\/POLSKI-ROWER-ELEKTRYCZNY-ECOBIKE-RX-500-BLUE-SUV-CAN-20-Ah-960Wh-rama-19-Obciazenie-maksymalne-125-kg 600w,https:\/\/a.allegroimg.com\/original\/116943\/5ce711104171bcc97a477de364ca\/POLSKI-ROWER-ELEKTRYCZNY-ECOBIKE-RX-500-BLUE-SUV-CAN-20-Ah-960Wh-rama-19-Obciazenie-maksymalne-125-kg 600w\" sizes=\"(min-width: 1200px) 560px, (min-width: 992px) 50vw, 100vw\" width=\"600px\" alt=\"POLSKI ROWER ELEKTRYCZNY ECOBIKE RX 500 BLUE SUV CAN 20 Ah 960Wh rama 19&amp;quot; Obci\u0105\u017cenie maksymalne 125 kg\" style=\"max-width: 100%; height: auto; display: block; margin: 0 auto;\"><\/div>\n<\/div>\n<\/div>\n<\/div>\n<\/div>\n<\/div>\n<div style=\"clear: both; display: block; margin: 10px 0;\">\n<div style=\"clear: both; display: block; margin: 10px 0;\">\n<div style=\"clear: both; display: block; margin: 10px 0;\">\n<div  style=\"max-width:1200px;max-height:879px\">\n<div style=\"clear: both; display: block; margin: 10px 0;\">\n<div style=\"clear: both; width: 100%; display: block; margin: 20px 0; padding: 0; float: none; position: static; text-align: center;\"><img decoding=\"async\"  src=\"https:\/\/a.allegroimg.com\/original\/11b6cc\/91c38ccc4339ace01ccdaac19c7d\/POLSKI-ROWER-ELEKTRYCZNY-ECOBIKE-RX-500-BLUE-SUV-CAN-20-Ah-960Wh-rama-19-Plec-nie-dotyczy\" srcset=\"https:\/\/a.allegroimg.com\/original\/11b6cc\/91c38ccc4339ace01ccdaac19c7d\/POLSKI-ROWER-ELEKTRYCZNY-ECOBIKE-RX-500-BLUE-SUV-CAN-20-Ah-960Wh-rama-19-Plec-nie-dotyczy 360w,https:\/\/a.allegroimg.com\/original\/11b6cc\/91c38ccc4339ace01ccdaac19c7d\/POLSKI-ROWER-ELEKTRYCZNY-ECOBIKE-RX-500-BLUE-SUV-CAN-20-Ah-960Wh-rama-19-Plec-nie-dotyczy 720w,https:\/\/a.allegroimg.com\/original\/11b6cc\/91c38ccc4339ace01ccdaac19c7d\/POLSKI-ROWER-ELEKTRYCZNY-ECOBIKE-RX-500-BLUE-SUV-CAN-20-Ah-960Wh-rama-19-Plec-nie-dotyczy 1024w,https:\/\/a.allegroimg.com\/original\/11b6cc\/91c38ccc4339ace01ccdaac19c7d\/POLSKI-ROWER-ELEKTRYCZNY-ECOBIKE-RX-500-BLUE-SUV-CAN-20-Ah-960Wh-rama-19-Plec-nie-dotyczy 1200w,https:\/\/a.allegroimg.com\/original\/11b6cc\/91c38ccc4339ace01ccdaac19c7d\/POLSKI-ROWER-ELEKTRYCZNY-ECOBIKE-RX-500-BLUE-SUV-CAN-20-Ah-960Wh-rama-19-Plec-nie-dotyczy 1200w\" sizes=\"100vw\" width=\"1200px\" alt=\"POLSKI ROWER ELEKTRYCZNY ECOBIKE RX 500 BLUE SUV CAN 20 Ah 960Wh rama 19&amp;quot; P\u0142e\u0107 nie dotyczy\" style=\"max-width: 100%; height: auto; display: block; margin: 0 auto;\"><\/div>\n<\/div>\n<\/div>\n<\/div>\n<\/div>\n<\/div>\n<div style=\"clear: both; display: block; margin: 10px 0;\">\n<div style=\"clear: both; display: block; margin: 10px 0;\">\n<div style=\"clear: both; display: block; margin: 10px 0;\">\n<div  style=\"max-width:1200px;max-height:909px\">\n<div style=\"clear: both; display: block; margin: 10px 0;\">\n<div style=\"clear: both; width: 100%; display: block; margin: 20px 0; padding: 0; float: none; position: static; text-align: center;\"><img decoding=\"async\"  src=\"https:\/\/a.allegroimg.com\/original\/1132ef\/434d7ffa46d5bfbeeb1e1b137004\/POLSKI-ROWER-ELEKTRYCZNY-ECOBIKE-RX-500-BLUE-SUV-CAN-20-Ah-960Wh-rama-19-Moc-silnika-250-W\" srcset=\"https:\/\/a.allegroimg.com\/original\/1132ef\/434d7ffa46d5bfbeeb1e1b137004\/POLSKI-ROWER-ELEKTRYCZNY-ECOBIKE-RX-500-BLUE-SUV-CAN-20-Ah-960Wh-rama-19-Moc-silnika-250-W 360w,https:\/\/a.allegroimg.com\/original\/1132ef\/434d7ffa46d5bfbeeb1e1b137004\/POLSKI-ROWER-ELEKTRYCZNY-ECOBIKE-RX-500-BLUE-SUV-CAN-20-Ah-960Wh-rama-19-Moc-silnika-250-W 720w,https:\/\/a.allegroimg.com\/original\/1132ef\/434d7ffa46d5bfbeeb1e1b137004\/POLSKI-ROWER-ELEKTRYCZNY-ECOBIKE-RX-500-BLUE-SUV-CAN-20-Ah-960Wh-rama-19-Moc-silnika-250-W 1024w,https:\/\/a.allegroimg.com\/original\/1132ef\/434d7ffa46d5bfbeeb1e1b137004\/POLSKI-ROWER-ELEKTRYCZNY-ECOBIKE-RX-500-BLUE-SUV-CAN-20-Ah-960Wh-rama-19-Moc-silnika-250-W 1200w,https:\/\/a.allegroimg.com\/original\/1132ef\/434d7ffa46d5bfbeeb1e1b137004\/POLSKI-ROWER-ELEKTRYCZNY-ECOBIKE-RX-500-BLUE-SUV-CAN-20-Ah-960Wh-rama-19-Moc-silnika-250-W 1200w\" sizes=\"100vw\" width=\"1200px\" alt=\"POLSKI ROWER ELEKTRYCZNY ECOBIKE RX 500 BLUE SUV CAN 20 Ah 960Wh rama 19&amp;quot; Moc silnika 250 W\" style=\"max-width: 100%; height: auto; display: block; margin: 0 auto;\"><\/div>\n<\/div>\n<\/div>\n<\/div>\n<\/div>\n<\/div>\n<\/div>\n<\/div>\n<\/div>\n<div style=\"clear: both; display: block; margin: 10px 0;\">\n","protected":false},"excerpt":{"rendered":"<p>Rower elektryczny Ecobike RX 500 SUV BLUE CAN Bateria 20 Ah (960 Wh)<\/p>\n<p>Rama 19&quot; NEW 2025<\/p>\n<p>Ten model jest odpowiedni dla os\u00f3b o wzro\u015bcie 170-180 cm<\/p>\n<p>Specyfikacja techniczna<\/p>\n<p>Rower<\/p>\n<p>Rama&nbsp;17&quot; \/ 19&quot; \/ 21&quot; hydroformowane aluminium<\/p>\n<p>Widelec&nbsp;SunTour XCR34 BOOST, powietrzny, skok 120 mm<\/p>\n<p>Ko\u0142o&nbsp;29&quot; wzmacniane tr\u00f3jkomorowe, szprychy Sapim<\/p>\n","protected":false},"featured_media":14646,"template":"","meta":{"_uag_custom_page_level_css":""},"product_brand":[760],"product_cat":[741,688,749,687],"product_tag":[],"class_list":{"0":"post-14644","1":"product","2":"type-product","3":"status-publish","4":"has-post-thumbnail","6":"product_brand-ecobike","7":"product_cat-elektryczne","8":"product_cat-rowery","9":"product_cat-rowery-elektryczne-mtb-gorskie","10":"product_cat-rowery-i-akcesoria","12":"first","13":"instock","14":"sale","15":"shipping-taxable","16":"purchasable","17":"product-type-simple"},"uagb_featured_image_src":{"full":["https:\/\/twojerowery.shop\/ro64\/wp-content\/uploads\/2026\/02\/allegro-image-14644.jpg",1200,800,false],"thumbnail":["https:\/\/twojerowery.shop\/ro64\/wp-content\/uploads\/2026\/02\/allegro-image-14644-150x150.jpg",150,150,true],"medium":["https:\/\/twojerowery.shop\/ro64\/wp-content\/uploads\/2026\/02\/allegro-image-14644-300x200.jpg",300,200,true],"medium_large":["https:\/\/twojerowery.shop\/ro64\/wp-content\/uploads\/2026\/02\/allegro-image-14644-768x512.jpg",768,512,true],"large":["https:\/\/twojerowery.shop\/ro64\/wp-content\/uploads\/2026\/02\/allegro-image-14644-1024x683.jpg",1024,683,true],"1536x1536":["https:\/\/twojerowery.shop\/ro64\/wp-content\/uploads\/2026\/02\/allegro-image-14644.jpg",1200,800,false],"2048x2048":["https:\/\/twojerowery.shop\/ro64\/wp-content\/uploads\/2026\/02\/allegro-image-14644.jpg",1200,800,false],"woocommerce_thumbnail":["https:\/\/twojerowery.shop\/ro64\/wp-content\/uploads\/2026\/02\/allegro-image-14644-300x300.jpg",300,300,true],"woocommerce_single":["https:\/\/twojerowery.shop\/ro64\/wp-content\/uploads\/2026\/02\/allegro-image-14644-600x400.jpg",600,400,true],"woocommerce_gallery_thumbnail":["https:\/\/twojerowery.shop\/ro64\/wp-content\/uploads\/2026\/02\/allegro-image-14644-100x100.jpg",100,100,true]},"uagb_author_info":{"display_name":"admin","author_link":"https:\/\/twojerowery.shop\/ro64\/author\/"},"uagb_comment_info":0,"uagb_excerpt":"Rower elektryczny Ecobike RX 500 SUV BLUE CAN Bateria 20 Ah (960 Wh) Rama 19&quot; NEW 2025 Ten model jest odpowiedni dla os\u00f3b o wzro\u015bcie 170-180 cm Specyfikacja techniczna Rower Rama&nbsp;17&quot; \/ 19&quot; \/ 21&quot; hydroformowane aluminium Widelec&nbsp;SunTour XCR34 BOOST, powietrzny, skok 120 mm Ko\u0142o&nbsp;29&quot; wzmacniane tr\u00f3jkomorowe, szprychy Sapim","_links":{"self":[{"href":"https:\/\/twojerowery.shop\/ro64\/wp-json\/wp\/v2\/product\/14644","targetHints":{"allow":["GET"]}}],"collection":[{"href":"https:\/\/twojerowery.shop\/ro64\/wp-json\/wp\/v2\/product"}],"about":[{"href":"https:\/\/twojerowery.shop\/ro64\/wp-json\/wp\/v2\/types\/product"}],"wp:featuredmedia":[{"embeddable":true,"href":"https:\/\/twojerowery.shop\/ro64\/wp-json\/wp\/v2\/media\/14646"}],"wp:attachment":[{"href":"https:\/\/twojerowery.shop\/ro64\/wp-json\/wp\/v2\/media?parent=14644"}],"wp:term":[{"taxonomy":"product_brand","embeddable":true,"href":"https:\/\/twojerowery.shop\/ro64\/wp-json\/wp\/v2\/product_brand?post=14644"},{"taxonomy":"product_cat","embeddable":true,"href":"https:\/\/twojerowery.shop\/ro64\/wp-json\/wp\/v2\/product_cat?post=14644"},{"taxonomy":"product_tag","embeddable":true,"href":"https:\/\/twojerowery.shop\/ro64\/wp-json\/wp\/v2\/product_tag?post=14644"}],"curies":[{"name":"wp","href":"https:\/\/api.w.org\/{rel}","templated":true}]}}