{"id":14684,"date":"2026-02-26T04:39:13","date_gmt":"2026-02-26T03:39:13","guid":{"rendered":"https:\/\/rowermax.shop\/ro64\/produkt\/rower-gorski-goetze-define-2-1-mtb-29-alu-altus-2xtarcz\/"},"modified":"2026-02-26T04:39:16","modified_gmt":"2026-02-26T03:39:16","slug":"rower-gorski-goetze-define-2-1-mtb-29-alu-altus-2xtarcz","status":"publish","type":"product","link":"https:\/\/twojerowery.shop\/ro64\/produkt\/rower-gorski-goetze-define-2-1-mtb-29-alu-altus-2xtarcz\/","title":{"rendered":"Rower g\u00f3rski GOETZE Define 2.1 MTB 29 alu Altus 2xtarcz"},"content":{"rendered":"<div style=\"font-family: Arial, sans-serif; line-height: 1.6; color: #333; padding: 20px; clear: both; display: block; width: 100%; float: none; position: static; overflow: hidden;\">\n<div style=\"clear: both; display: block; margin: 10px 0;\">\n<div style=\"clear: both; display: block; margin: 10px 0;\">\n<div style=\"clear: both; display: block; margin: 10px 0;\">\n<h1>Goetze Define 2.1<\/h1>\n<p style=\"margin: 15px 0; line-height: 1.8; clear: both; display: block; width: 100%; float: none; position: static;\">Ograniczona liczba sztuk w tej cenie<\/p>\n<\/div>\n<\/div>\n<\/div>\n<div style=\"clear: both; display: block; margin: 10px 0;\">\n<div style=\"clear: both; display: block; margin: 10px 0;\">\n<div style=\"clear: both; display: block; margin: 10px 0;\">\n<div  style=\"max-width:2560px;max-height:2394px\">\n<div style=\"clear: both; display: block; margin: 10px 0;\">\n<div style=\"clear: both; width: 100%; display: block; margin: 20px 0; padding: 0; float: none; position: static; text-align: center;\"><img decoding=\"async\"  src=\"https:\/\/a.allegroimg.com\/original\/11fc4d\/b9d722c04c25bb476da5106bfab3\/Rower-gorski-GOETZE-Define-2-1-MTB-29-alu-Altus-2xtarcz\" srcset=\"https:\/\/a.allegroimg.com\/original\/11fc4d\/b9d722c04c25bb476da5106bfab3\/Rower-gorski-GOETZE-Define-2-1-MTB-29-alu-Altus-2xtarcz 360w,https:\/\/a.allegroimg.com\/original\/11fc4d\/b9d722c04c25bb476da5106bfab3\/Rower-gorski-GOETZE-Define-2-1-MTB-29-alu-Altus-2xtarcz 720w,https:\/\/a.allegroimg.com\/original\/11fc4d\/b9d722c04c25bb476da5106bfab3\/Rower-gorski-GOETZE-Define-2-1-MTB-29-alu-Altus-2xtarcz 1024w,https:\/\/a.allegroimg.com\/original\/11fc4d\/b9d722c04c25bb476da5106bfab3\/Rower-gorski-GOETZE-Define-2-1-MTB-29-alu-Altus-2xtarcz 1440w,https:\/\/a.allegroimg.com\/original\/11fc4d\/b9d722c04c25bb476da5106bfab3\/Rower-gorski-GOETZE-Define-2-1-MTB-29-alu-Altus-2xtarcz 2560w\" sizes=\"100vw\" width=\"2560px\" alt=\"Rower g\u00f3rski GOETZE Define 2.1 MTB 29 alu Altus 2xtarcz\" style=\"max-width: 100%; height: auto; display: block; margin: 0 auto;\"><\/div>\n<\/div>\n<\/div>\n<\/div>\n<\/div>\n<\/div>\n<div style=\"clear: both; display: block; margin: 10px 0;\">\n<div style=\"clear: both; display: block; margin: 10px 0;\">\n<div style=\"clear: both; display: block; margin: 10px 0;\">\n<p style=\"margin: 15px 0; line-height: 1.8; clear: both; display: block; width: 100%; float: none; position: static;\"><b>GOETZE Define 2.1<\/b> to rower g\u00f3rski, kt\u00f3ry doskonale radzi sobie zar\u00f3wno na piaszczystych i le\u015bnych trasach, jak i miejskich \u015bcie\u017ckach rowerowych. Lekka i wytrzyma\u0142a aluminiowa rama, amortyzowany widelec zapewniaj\u0105cy komfort na bardziej wymagaj\u0105cych trasach, przerzutka&nbsp;<b>Shimano Altus<\/b> i hamulce tarczowe to idealne po\u0142\u0105czenie komfortu i efektywno\u015bci. Te starannie dobrane komponenty pozwalaj\u0105 czerpa\u0107 pe\u0142ni\u0119 przyjemno\u015bci z jazdy, przy zachowaniu kompromisu pomi\u0119dzy dobr\u0105 jako\u015bci\u0105 a cen\u0105. Goetze Define to uniwersalny sprz\u0119t o zaci\u0119ciu sportowym, kt\u00f3ry \u015bwietnie poradzi sobie na wybranej przez ciebie trasie.<\/p>\n<\/div>\n<\/div>\n<\/div>\n<div style=\"clear: both; display: block; margin: 10px 0;\">\n<div style=\"clear: both; display: block; margin: 10px 0;\">\n<div style=\"clear: both; display: block; margin: 10px 0;\">\n<h2>Cechy:<\/h2>\n<ul style=\"margin: 15px 0; padding-left: 20px; clear: both; display: block; width: 100%; float: none; position: static;\">\n<li style=\"margin: 5px 0; padding: 2px 0; clear: both; display: list-item; float: none; position: static;\"><b>lekka aluminiowa konstrukcja<\/b><\/li>\n<li style=\"margin: 5px 0; padding: 2px 0; clear: both; display: list-item; float: none; position: static;\"><b>8 rzedowa kaseta Shimano<\/b> jest znacznie l\u017cejsza, zapewnia lepszy rozk\u0142ad si\u0142 i sztywno\u015b\u0107 ni\u017c klasyczny wolnobieg co znacznie przek\u0142ada si\u0119 na efektywno\u015b\u0107 i trwa\u0142o\u015b\u0107 nap\u0119du.<\/li>\n<li style=\"margin: 5px 0; padding: 2px 0; clear: both; display: list-item; float: none; position: static;\"><b>24-biegowy nap\u0119d Shimano<\/b> zapewnia bezproblemow\u0105 i tani\u0105 eksploatacj\u0119<\/li>\n<li style=\"margin: 5px 0; padding: 2px 0; clear: both; display: list-item; float: none; position: static;\"><b>przerzutka Shimano Altus<\/b> zapewnia p\u0142ynn\u0105 i responsywn\u0105 zmian\u0119 bieg\u00f3w<\/li>\n<li style=\"margin: 5px 0; padding: 2px 0; clear: both; display: list-item; float: none; position: static;\"><b>hamulce tarczowe<\/b> zapewniaj\u0105ce pewno\u015b\u0107 hamowania w ka\u017cdych warunkach<\/li>\n<li style=\"margin: 5px 0; padding: 2px 0; clear: both; display: list-item; float: none; position: static;\"><b>amortyzowany widelec<\/b> znacznie podnosz\u0105cy komfort jazdy na nier\u00f3wno\u015bciach<\/li>\n<\/ul>\n<\/div>\n<\/div>\n<\/div>\n<div style=\"clear: both; display: block; margin: 10px 0;\">\n<div style=\"clear: both; display: block; margin: 10px 0;\">\n<div style=\"clear: both; display: block; margin: 10px 0;\">\n<h3 style=\"color: #2c5aa0; font-size: 18px; margin: 30px 0 15px 0; font-weight: bold; clear: both; display: block; width: 100%; float: none; position: static;\">Specyfikacja:<\/h3>\n<ul style=\"margin: 15px 0; padding-left: 20px; clear: both; display: block; width: 100%; float: none; position: static;\">\n<li style=\"margin: 5px 0; padding: 2px 0; clear: both; display: list-item; float: none; position: static;\"><b>Rama:&nbsp; <\/b>rozmiar 19&#8243;<\/li>\n<li style=\"margin: 5px 0; padding: 2px 0; clear: both; display: list-item; float: none; position: static;\"><b>Materia\u0142 ramy:<\/b> Aluminium<\/li>\n<li style=\"margin: 5px 0; padding: 2px 0; clear: both; display: list-item; float: none; position: static;\"><b>Widelec: <\/b>Amortyzowany Goetze<\/li>\n<li style=\"margin: 5px 0; padding: 2px 0; clear: both; display: list-item; float: none; position: static;\"><b>Opony:<\/b> 29\u00d72,10<\/li>\n<li style=\"margin: 5px 0; padding: 2px 0; clear: both; display: list-item; float: none; position: static;\"><b>Obr\u0119cze:<\/b> Disc (aluminium, 29&#8243; podw\u00f3jna scianka)<\/li>\n<li style=\"margin: 5px 0; padding: 2px 0; clear: both; display: list-item; float: none; position: static;\"><b>Przerzutka prz\u00f3d:<\/b> Shimano Tourney FD-TY700<\/li>\n<li style=\"margin: 5px 0; padding: 2px 0; clear: both; display: list-item; float: none; position: static;\"><b>Przerzutka ty\u0142:<\/b> Shimano Altus<\/li>\n<li style=\"margin: 5px 0; padding: 2px 0; clear: both; display: list-item; float: none; position: static;\"><b>Hamulce: <\/b>tarczowe mechaniczne<\/li>\n<li style=\"margin: 5px 0; padding: 2px 0; clear: both; display: list-item; float: none; position: static;\"><b>Biegi:<\/b> 24<\/li>\n<li style=\"margin: 5px 0; padding: 2px 0; clear: both; display: list-item; float: none; position: static;\"><b>Manetki:<\/b> Shimano ST-EF (3&#215;8)<\/li>\n<li style=\"margin: 5px 0; padding: 2px 0; clear: both; display: list-item; float: none; position: static;\"><b>Korby:<\/b> Prowheel aluminiowe (42\/34\/24T)<\/li>\n<li style=\"margin: 5px 0; padding: 2px 0; clear: both; display: list-item; float: none; position: static;\"><b>Suport:<\/b> FP-B902<\/li>\n<li style=\"margin: 5px 0; padding: 2px 0; clear: both; display: list-item; float: none; position: static;\"><b>Kaseta:<\/b> Shimano<\/li>\n<li style=\"margin: 5px 0; padding: 2px 0; clear: both; display: list-item; float: none; position: static;\"><b>Kierownica:<\/b> MTB Aluminium<\/li>\n<li style=\"margin: 5px 0; padding: 2px 0; clear: both; display: list-item; float: none; position: static;\"><b>Wspornik kierownicy:<\/b> Aluminium<\/li>\n<li style=\"margin: 5px 0; padding: 2px 0; clear: both; display: list-item; float: none; position: static;\"><b>Siod\u0142o:<\/b> MTBLine<\/li>\n<\/ul>\n<\/div>\n<\/div>\n<div style=\"clear: both; display: block; margin: 10px 0;\">\n<div style=\"clear: both; display: block; margin: 10px 0;\">\n<div  style=\"max-width:2560px;max-height:2280px\">\n<div style=\"clear: both; display: block; margin: 10px 0;\">\n<div style=\"clear: both; width: 100%; display: block; margin: 20px 0; padding: 0; float: none; position: static; text-align: center;\"><img decoding=\"async\"  src=\"https:\/\/a.allegroimg.com\/original\/110589\/c6f69a134186a543cc55637f0417\/Rower-gorski-GOETZE-Define-2-1-MTB-29-alu-Altus-2xtarcz-Kod-producenta-9188\" srcset=\"https:\/\/a.allegroimg.com\/original\/110589\/c6f69a134186a543cc55637f0417\/Rower-gorski-GOETZE-Define-2-1-MTB-29-alu-Altus-2xtarcz-Kod-producenta-9188 360w,https:\/\/a.allegroimg.com\/original\/110589\/c6f69a134186a543cc55637f0417\/Rower-gorski-GOETZE-Define-2-1-MTB-29-alu-Altus-2xtarcz-Kod-producenta-9188 720w,https:\/\/a.allegroimg.com\/original\/110589\/c6f69a134186a543cc55637f0417\/Rower-gorski-GOETZE-Define-2-1-MTB-29-alu-Altus-2xtarcz-Kod-producenta-9188 1024w,https:\/\/a.allegroimg.com\/original\/110589\/c6f69a134186a543cc55637f0417\/Rower-gorski-GOETZE-Define-2-1-MTB-29-alu-Altus-2xtarcz-Kod-producenta-9188 1440w,https:\/\/a.allegroimg.com\/original\/110589\/c6f69a134186a543cc55637f0417\/Rower-gorski-GOETZE-Define-2-1-MTB-29-alu-Altus-2xtarcz-Kod-producenta-9188 2560w\" sizes=\"(min-width: 1200px) 560px, (min-width: 992px) 50vw, 100vw\" width=\"2560px\" alt=\"Rower g\u00f3rski GOETZE Define 2.1 MTB 29 alu Altus 2xtarcz Kod producenta 9188\" style=\"max-width: 100%; height: auto; display: block; margin: 0 auto;\"><\/div>\n<\/div>\n<\/div>\n<\/div>\n<\/div>\n<\/div>\n<div style=\"clear: both; display: block; margin: 10px 0;\">\n<div style=\"clear: both; display: block; margin: 10px 0;\">\n<div style=\"clear: both; display: block; margin: 10px 0;\">\n<div  style=\"max-width:2560px;max-height:1575px\">\n<div style=\"clear: both; display: block; margin: 10px 0;\">\n<div style=\"clear: both; width: 100%; display: block; margin: 20px 0; padding: 0; float: none; position: static; text-align: center;\"><img decoding=\"async\"  src=\"https:\/\/a.allegroimg.com\/original\/11a4b8\/bbe584f5433880dd4b45159d40ea\/Rower-gorski-GOETZE-Define-2-1-MTB-29-alu-Altus-2xtarcz-EAN-GTIN-5904172522610\" srcset=\"https:\/\/a.allegroimg.com\/original\/11a4b8\/bbe584f5433880dd4b45159d40ea\/Rower-gorski-GOETZE-Define-2-1-MTB-29-alu-Altus-2xtarcz-EAN-GTIN-5904172522610 360w,https:\/\/a.allegroimg.com\/original\/11a4b8\/bbe584f5433880dd4b45159d40ea\/Rower-gorski-GOETZE-Define-2-1-MTB-29-alu-Altus-2xtarcz-EAN-GTIN-5904172522610 720w,https:\/\/a.allegroimg.com\/original\/11a4b8\/bbe584f5433880dd4b45159d40ea\/Rower-gorski-GOETZE-Define-2-1-MTB-29-alu-Altus-2xtarcz-EAN-GTIN-5904172522610 1024w,https:\/\/a.allegroimg.com\/original\/11a4b8\/bbe584f5433880dd4b45159d40ea\/Rower-gorski-GOETZE-Define-2-1-MTB-29-alu-Altus-2xtarcz-EAN-GTIN-5904172522610 1440w,https:\/\/a.allegroimg.com\/original\/11a4b8\/bbe584f5433880dd4b45159d40ea\/Rower-gorski-GOETZE-Define-2-1-MTB-29-alu-Altus-2xtarcz-EAN-GTIN-5904172522610 2560w\" sizes=\"100vw\" width=\"2560px\" alt=\"Rower g\u00f3rski GOETZE Define 2.1 MTB 29 alu Altus 2xtarcz EAN (GTIN) 5904172522610\" style=\"max-width: 100%; height: auto; display: block; margin: 0 auto;\"><\/div>\n<\/div>\n<\/div>\n<\/div>\n<\/div>\n<\/div>\n<div style=\"clear: both; display: block; margin: 10px 0;\">\n<div style=\"clear: both; display: block; margin: 10px 0;\">\n<div style=\"clear: both; display: block; margin: 10px 0;\">\n<h3 style=\"color: #2c5aa0; font-size: 18px; margin: 30px 0 15px 0; font-weight: bold; clear: both; display: block; width: 100%; float: none; position: static;\">Rower z\u0142o\u017cony w 90%, do zamontowania przednie ko\u0142o, kierownica i peda\u0142y.<\/h3>\n<\/div>\n<\/div>\n<\/div>\n<\/div>\n<\/div>\n<\/div>\n<div style=\"clear: both; display: block; margin: 10px 0;\">\n","protected":false},"excerpt":{"rendered":"<p>Goetze Define 2.1<\/p>\n<p>Ograniczona liczba sztuk w tej cenie<\/p>\n","protected":false},"featured_media":14686,"template":"","meta":{"_uag_custom_page_level_css":""},"product_brand":[708],"product_cat":[728,688,687,731],"product_tag":[],"class_list":{"0":"post-14684","1":"product","2":"type-product","3":"status-publish","4":"has-post-thumbnail","6":"product_brand-goetze","7":"product_cat-mtb-gorskie","8":"product_cat-rowery","9":"product_cat-rowery-i-akcesoria","10":"product_cat-rowery-mtb-gorskie-29-cali","12":"first","13":"instock","14":"sale","15":"shipping-taxable","16":"purchasable","17":"product-type-simple"},"uagb_featured_image_src":{"full":["https:\/\/twojerowery.shop\/ro64\/wp-content\/uploads\/2026\/02\/allegro-image-14684.jpg",2560,2394,false],"thumbnail":["https:\/\/twojerowery.shop\/ro64\/wp-content\/uploads\/2026\/02\/allegro-image-14684-150x150.jpg",150,150,true],"medium":["https:\/\/twojerowery.shop\/ro64\/wp-content\/uploads\/2026\/02\/allegro-image-14684-300x281.jpg",300,281,true],"medium_large":["https:\/\/twojerowery.shop\/ro64\/wp-content\/uploads\/2026\/02\/allegro-image-14684-768x718.jpg",768,718,true],"large":["https:\/\/twojerowery.shop\/ro64\/wp-content\/uploads\/2026\/02\/allegro-image-14684-1024x958.jpg",1024,958,true],"1536x1536":["https:\/\/twojerowery.shop\/ro64\/wp-content\/uploads\/2026\/02\/allegro-image-14684-1536x1436.jpg",1536,1436,true],"2048x2048":["https:\/\/twojerowery.shop\/ro64\/wp-content\/uploads\/2026\/02\/allegro-image-14684-2048x1915.jpg",2048,1915,true],"woocommerce_thumbnail":["https:\/\/twojerowery.shop\/ro64\/wp-content\/uploads\/2026\/02\/allegro-image-14684-300x300.jpg",300,300,true],"woocommerce_single":["https:\/\/twojerowery.shop\/ro64\/wp-content\/uploads\/2026\/02\/allegro-image-14684-600x561.jpg",600,561,true],"woocommerce_gallery_thumbnail":["https:\/\/twojerowery.shop\/ro64\/wp-content\/uploads\/2026\/02\/allegro-image-14684-100x100.jpg",100,100,true]},"uagb_author_info":{"display_name":"admin","author_link":"https:\/\/twojerowery.shop\/ro64\/author\/"},"uagb_comment_info":0,"uagb_excerpt":"Goetze Define 2.1 Ograniczona liczba sztuk w tej cenie","_links":{"self":[{"href":"https:\/\/twojerowery.shop\/ro64\/wp-json\/wp\/v2\/product\/14684","targetHints":{"allow":["GET"]}}],"collection":[{"href":"https:\/\/twojerowery.shop\/ro64\/wp-json\/wp\/v2\/product"}],"about":[{"href":"https:\/\/twojerowery.shop\/ro64\/wp-json\/wp\/v2\/types\/product"}],"wp:featuredmedia":[{"embeddable":true,"href":"https:\/\/twojerowery.shop\/ro64\/wp-json\/wp\/v2\/media\/14686"}],"wp:attachment":[{"href":"https:\/\/twojerowery.shop\/ro64\/wp-json\/wp\/v2\/media?parent=14684"}],"wp:term":[{"taxonomy":"product_brand","embeddable":true,"href":"https:\/\/twojerowery.shop\/ro64\/wp-json\/wp\/v2\/product_brand?post=14684"},{"taxonomy":"product_cat","embeddable":true,"href":"https:\/\/twojerowery.shop\/ro64\/wp-json\/wp\/v2\/product_cat?post=14684"},{"taxonomy":"product_tag","embeddable":true,"href":"https:\/\/twojerowery.shop\/ro64\/wp-json\/wp\/v2\/product_tag?post=14684"}],"curies":[{"name":"wp","href":"https:\/\/api.w.org\/{rel}","templated":true}]}}