{"id":14688,"date":"2026-02-26T04:39:16","date_gmt":"2026-02-26T03:39:16","guid":{"rendered":"https:\/\/rowermax.shop\/ro64\/produkt\/rowerek-dzieciecy-16-cali-miravo-rower-aluminiowy-dla-dziewczynki-lekki\/"},"modified":"2026-02-26T04:39:16","modified_gmt":"2026-02-26T03:39:16","slug":"rowerek-dzieciecy-16-cali-miravo-rower-aluminiowy-dla-dziewczynki-lekki","status":"publish","type":"product","link":"https:\/\/twojerowery.shop\/ro64\/produkt\/rowerek-dzieciecy-16-cali-miravo-rower-aluminiowy-dla-dziewczynki-lekki\/","title":{"rendered":"ROWEREK DZIECI\u0118CY 16 CALI MIRAVO ROWER ALUMINIOWY DLA DZIEWCZYNKI LEKKI"},"content":{"rendered":"<div style=\"font-family: Arial, sans-serif; line-height: 1.6; color: #333; padding: 20px; clear: both; display: block; width: 100%; float: none; position: static; overflow: hidden;\">\n<div style=\"clear: both; display: block; margin: 10px 0;\">\n<div style=\"clear: both; display: block; margin: 10px 0;\">\n<div style=\"clear: both; display: block; margin: 10px 0;\">\n<h1>ROWEREK DZIECI\u0118CY 16 CALI ROWER ALUMINIOWY DLA DZIEWCZYNKI PROWADNIK GRATIS<\/h1>\n<h3 style=\"color: #2c5aa0; font-size: 18px; margin: 30px 0 15px 0; font-weight: bold; clear: both; display: block; width: 100%; float: none; position: static;\">MIR-M16 PINK ALU-0522<\/h3>\n<\/div>\n<\/div>\n<\/div>\n<div style=\"clear: both; display: block; margin: 10px 0;\">\n<div style=\"clear: both; display: block; margin: 10px 0;\">\n<div style=\"clear: both; display: block; margin: 10px 0;\">\n<div  style=\"max-width:2560px;max-height:800px\">\n<div style=\"clear: both; display: block; margin: 10px 0;\">\n<div style=\"clear: both; width: 100%; display: block; margin: 20px 0; padding: 0; float: none; position: static; text-align: center;\"><img decoding=\"async\"  src=\"https:\/\/a.allegroimg.com\/original\/11a9c0\/dc99426446d281a0ab9d8260cc43\/ROWEREK-DZIECIECY-16-CALI-MIRAVO-ROWER-ALUMINIOWY-DLA-DZIEWCZYNKI-LEKKI-Rozmiar-kola-16\" srcset=\"https:\/\/a.allegroimg.com\/original\/11a9c0\/dc99426446d281a0ab9d8260cc43\/ROWEREK-DZIECIECY-16-CALI-MIRAVO-ROWER-ALUMINIOWY-DLA-DZIEWCZYNKI-LEKKI-Rozmiar-kola-16 360w,https:\/\/a.allegroimg.com\/original\/11a9c0\/dc99426446d281a0ab9d8260cc43\/ROWEREK-DZIECIECY-16-CALI-MIRAVO-ROWER-ALUMINIOWY-DLA-DZIEWCZYNKI-LEKKI-Rozmiar-kola-16 720w,https:\/\/a.allegroimg.com\/original\/11a9c0\/dc99426446d281a0ab9d8260cc43\/ROWEREK-DZIECIECY-16-CALI-MIRAVO-ROWER-ALUMINIOWY-DLA-DZIEWCZYNKI-LEKKI-Rozmiar-kola-16 1024w,https:\/\/a.allegroimg.com\/original\/11a9c0\/dc99426446d281a0ab9d8260cc43\/ROWEREK-DZIECIECY-16-CALI-MIRAVO-ROWER-ALUMINIOWY-DLA-DZIEWCZYNKI-LEKKI-Rozmiar-kola-16 1440w,https:\/\/a.allegroimg.com\/original\/11a9c0\/dc99426446d281a0ab9d8260cc43\/ROWEREK-DZIECIECY-16-CALI-MIRAVO-ROWER-ALUMINIOWY-DLA-DZIEWCZYNKI-LEKKI-Rozmiar-kola-16 2560w\" sizes=\"100vw\" width=\"2560px\" alt=\"ROWEREK DZIECI\u0118CY 16 CALI MIRAVO ROWER ALUMINIOWY DLA DZIEWCZYNKI LEKKI Rozmiar ko\u0142a (&quot;) 16\" style=\"max-width: 100%; height: auto; display: block; margin: 0 auto;\"><\/div>\n<\/div>\n<\/div>\n<\/div>\n<\/div>\n<\/div>\n<div style=\"clear: both; display: block; margin: 10px 0;\">\n<div style=\"clear: both; display: block; margin: 10px 0;\">\n<div style=\"clear: both; display: block; margin: 10px 0;\">\n<h1>\u2665\ufe0f\u2665\ufe0fROWER DZIECI\u0118CY ALUMINIOWY MIRAVO MISTY 16\u201d CALI R\u00d3\u017bOWO-BIA\u0141Y\u2665\ufe0f\u2665\ufe0f<\/h1>\n<h2>Pierwszy rower Twojej c\u00f3reczki \u2013 z mi\u0142o\u015bci\u0105, trosk\u0105 i bezpiecze\u0144stwem!<\/h2>\n<h2>\u27a1\ufe0f Jednym z najwi\u0119kszych atut\u00f3w roweru jest jego niska waga \u2013 zaledwie 8 kg dzi\u0119ki aluminiowej konstrukcji.<\/h2>\n<p style=\"margin: 15px 0; line-height: 1.8; clear: both; display: block; width: 100%; float: none; position: static;\">Ka\u017cdy rodzic marzy o chwili, gdy jego dziecko zrobi pierwszy samodzielny obr\u00f3t peda\u0142ami \u2013 z u\u015bmiechem, rado\u015bci\u0105 i b\u0142yskiem w oczach.&nbsp;<b>MIRAVO MISTY 16\u201d<\/b>&nbsp;lekki rowerek z aluminiowymi ko\u0142ami, zaprojektowany, by nauka jazdy by\u0142a przyjemno\u015bci\u0105 od pierwszego dnia.<\/p>\n<p style=\"margin: 15px 0; line-height: 1.8; clear: both; display: block; width: 100%; float: none; position: static;\">\u2714\ufe0f&nbsp;<b>Rower zgodny z normami UE 100% bezpieczny dla Twojego dziecka<\/b><\/p>\n<p style=\"margin: 15px 0; line-height: 1.8; clear: both; display: block; width: 100%; float: none; position: static;\">\u2714\ufe0f<b>&nbsp;W tej ofercie kupi\u0105 Pa\u0144stwo rower dzieci\u0119cy POLSKIEJ MARKI MIRAVO o najwy\u017cszej, jako\u015bci komponentach.<\/b><\/p>\n<p style=\"margin: 15px 0; line-height: 1.8; clear: both; display: block; width: 100%; float: none; position: static;\">\u2714\ufe0f&nbsp;<b>Ponad przeci\u0119tny rower dla Waszego Dziecka, pozwoli stawia\u0107 pierwsze i dalsze kroki, a raczej kilometry Waszego Dziecka.<\/b><\/p>\n<\/div>\n<\/div>\n<\/div>\n<div style=\"clear: both; display: block; margin: 10px 0;\">\n<div style=\"clear: both; display: block; margin: 10px 0;\">\n<div style=\"clear: both; display: block; margin: 10px 0;\">\n<div  style=\"max-width:800px;max-height:533px\">\n<div style=\"clear: both; display: block; margin: 10px 0;\">\n<div style=\"clear: both; width: 100%; display: block; margin: 20px 0; padding: 0; float: none; position: static; text-align: center;\"><img decoding=\"async\"  src=\"https:\/\/a.allegroimg.com\/original\/11a963\/15c2d0d24e7e95049ecce02d17e5\/ROWEREK-DZIECIECY-16-CALI-MIRAVO-ROWER-ALUMINIOWY-DLA-DZIEWCZYNKI-LEKKI-Amortyzacja-brak\" srcset=\"https:\/\/a.allegroimg.com\/original\/11a963\/15c2d0d24e7e95049ecce02d17e5\/ROWEREK-DZIECIECY-16-CALI-MIRAVO-ROWER-ALUMINIOWY-DLA-DZIEWCZYNKI-LEKKI-Amortyzacja-brak 360w,https:\/\/a.allegroimg.com\/original\/11a963\/15c2d0d24e7e95049ecce02d17e5\/ROWEREK-DZIECIECY-16-CALI-MIRAVO-ROWER-ALUMINIOWY-DLA-DZIEWCZYNKI-LEKKI-Amortyzacja-brak 720w,https:\/\/a.allegroimg.com\/original\/11a963\/15c2d0d24e7e95049ecce02d17e5\/ROWEREK-DZIECIECY-16-CALI-MIRAVO-ROWER-ALUMINIOWY-DLA-DZIEWCZYNKI-LEKKI-Amortyzacja-brak 800w,https:\/\/a.allegroimg.com\/original\/11a963\/15c2d0d24e7e95049ecce02d17e5\/ROWEREK-DZIECIECY-16-CALI-MIRAVO-ROWER-ALUMINIOWY-DLA-DZIEWCZYNKI-LEKKI-Amortyzacja-brak 800w\" sizes=\"100vw\" width=\"800px\" alt=\"ROWEREK DZIECI\u0118CY 16 CALI MIRAVO ROWER ALUMINIOWY DLA DZIEWCZYNKI LEKKI Amortyzacja brak\" style=\"max-width: 100%; height: auto; display: block; margin: 0 auto;\"><\/div>\n<\/div>\n<\/div>\n<\/div>\n<\/div>\n<\/div>\n<div style=\"clear: both; display: block; margin: 10px 0;\">\n<div style=\"clear: both; display: block; margin: 10px 0;\">\n<div style=\"clear: both; display: block; margin: 10px 0;\">\n<div  style=\"max-width:1792px;max-height:1792px\">\n<div style=\"clear: both; display: block; margin: 10px 0;\">\n<div style=\"clear: both; width: 100%; display: block; margin: 20px 0; padding: 0; float: none; position: static; text-align: center;\"><img decoding=\"async\"  src=\"https:\/\/a.allegroimg.com\/original\/11e9eb\/9a3516874b16b40ada30f9877de4\/ROWEREK-DZIECIECY-16-CALI-MIRAVO-ROWER-ALUMINIOWY-DLA-DZIEWCZYNKI-LEKKI-Material-ramy-aluminium\" srcset=\"https:\/\/a.allegroimg.com\/original\/11e9eb\/9a3516874b16b40ada30f9877de4\/ROWEREK-DZIECIECY-16-CALI-MIRAVO-ROWER-ALUMINIOWY-DLA-DZIEWCZYNKI-LEKKI-Material-ramy-aluminium 360w,https:\/\/a.allegroimg.com\/original\/11e9eb\/9a3516874b16b40ada30f9877de4\/ROWEREK-DZIECIECY-16-CALI-MIRAVO-ROWER-ALUMINIOWY-DLA-DZIEWCZYNKI-LEKKI-Material-ramy-aluminium 720w,https:\/\/a.allegroimg.com\/original\/11e9eb\/9a3516874b16b40ada30f9877de4\/ROWEREK-DZIECIECY-16-CALI-MIRAVO-ROWER-ALUMINIOWY-DLA-DZIEWCZYNKI-LEKKI-Material-ramy-aluminium 1024w,https:\/\/a.allegroimg.com\/original\/11e9eb\/9a3516874b16b40ada30f9877de4\/ROWEREK-DZIECIECY-16-CALI-MIRAVO-ROWER-ALUMINIOWY-DLA-DZIEWCZYNKI-LEKKI-Material-ramy-aluminium 1440w,https:\/\/a.allegroimg.com\/original\/11e9eb\/9a3516874b16b40ada30f9877de4\/ROWEREK-DZIECIECY-16-CALI-MIRAVO-ROWER-ALUMINIOWY-DLA-DZIEWCZYNKI-LEKKI-Material-ramy-aluminium 1792w\" sizes=\"(min-width: 1200px) 560px, (min-width: 992px) 50vw, 100vw\" width=\"1792px\" alt=\"ROWEREK DZIECI\u0118CY 16 CALI MIRAVO ROWER ALUMINIOWY DLA DZIEWCZYNKI LEKKI Materia\u0142 ramy aluminium\" style=\"max-width: 100%; height: auto; display: block; margin: 0 auto;\"><\/div>\n<\/div>\n<\/div>\n<\/div>\n<\/div>\n<div style=\"clear: both; display: block; margin: 10px 0;\">\n<div style=\"clear: both; display: block; margin: 10px 0;\">\n<h1>\u2757\ufe0fODBLASKI&nbsp;GRATIS&nbsp;\u2757\ufe0f<\/h1>\n<p style=\"margin: 15px 0; line-height: 1.8; clear: both; display: block; width: 100%; float: none; position: static;\">\u2714\ufe0f&nbsp;<b>GRATIS<\/b>&nbsp;&#8211; kt\u00f3ry podnosi nasze&nbsp;<b>BEZPIECZE\u0143STWO<\/b>&nbsp;na drogach, dzia\u0142a na nasz\u0105 korzy\u015b\u0107.<\/p>\n<p style=\"margin: 15px 0; line-height: 1.8; clear: both; display: block; width: 100%; float: none; position: static;\">\u2714\ufe0f&nbsp;Przy zakupie roweru otrzymujesz zestaw trzech<b>&nbsp;ODBLASK\u00d3W&nbsp;<\/b><b>GRATIS!!!<\/b><b>&nbsp;w formie naklejki<\/b>, kt\u00f3re mo\u017cesz przyklei\u0107 do roweru w miejscu, kt\u00f3re sam sobie wybierzesz.&nbsp;<\/p>\n<p style=\"margin: 15px 0; line-height: 1.8; clear: both; display: block; width: 100%; float: none; position: static;\">\u2714\ufe0f&nbsp;Pami\u0119tajmy, \u017ce nie jeste\u015bmy sami na drodze.&nbsp;<b>ODBLASKI<\/b>&nbsp;u\u0142atwiaj\u0105 innym uczestnikom ruchu drogowego w por\u0119 zorientowa\u0107 si\u0119 o naszej obecno\u015bci.<\/p>\n<p style=\"margin: 15px 0; line-height: 1.8; clear: both; display: block; width: 100%; float: none; position: static;\">\u2714\ufe0f&nbsp;<b>Z NASZYMI ODBLASKAMI<\/b>&nbsp;zapewniamy widoczno\u015b\u0107, dzi\u0119ki temu inni kierowcy maj\u0105 odpowiedni czas na reakcje a my mamy pewno\u015b\u0107 , \u017ce nasze dziecko b\u0119dzie&nbsp;<b>BEZPIECZNE I WIDOCZNE<\/b>&nbsp;podczas jazdy na swoim rowerze.<\/p>\n<p style=\"margin: 15px 0; line-height: 1.8; clear: both; display: block; width: 100%; float: none; position: static;\">&nbsp;<\/p>\n<\/div>\n<\/div>\n<\/div>\n<div style=\"clear: both; display: block; margin: 10px 0;\">\n<div style=\"clear: both; display: block; margin: 10px 0;\">\n<div style=\"clear: both; display: block; margin: 10px 0;\">\n<div  style=\"max-width:1070px;max-height:1200px\">\n<div style=\"clear: both; display: block; margin: 10px 0;\">\n<div style=\"clear: both; width: 100%; display: block; margin: 20px 0; padding: 0; float: none; position: static; text-align: center;\"><img decoding=\"async\"  src=\"https:\/\/a.allegroimg.com\/original\/116804\/0eac236d47a6b2db495e5423294a\/ROWEREK-DZIECIECY-16-CALI-MIRAVO-ROWER-ALUMINIOWY-DLA-DZIEWCZYNKI-LEKKI-Stan-opakowania-oryginalne\" srcset=\"https:\/\/a.allegroimg.com\/original\/116804\/0eac236d47a6b2db495e5423294a\/ROWEREK-DZIECIECY-16-CALI-MIRAVO-ROWER-ALUMINIOWY-DLA-DZIEWCZYNKI-LEKKI-Stan-opakowania-oryginalne 321w,https:\/\/a.allegroimg.com\/original\/116804\/0eac236d47a6b2db495e5423294a\/ROWEREK-DZIECIECY-16-CALI-MIRAVO-ROWER-ALUMINIOWY-DLA-DZIEWCZYNKI-LEKKI-Stan-opakowania-oryginalne 642w,https:\/\/a.allegroimg.com\/original\/116804\/0eac236d47a6b2db495e5423294a\/ROWEREK-DZIECIECY-16-CALI-MIRAVO-ROWER-ALUMINIOWY-DLA-DZIEWCZYNKI-LEKKI-Stan-opakowania-oryginalne 913w,https:\/\/a.allegroimg.com\/original\/116804\/0eac236d47a6b2db495e5423294a\/ROWEREK-DZIECIECY-16-CALI-MIRAVO-ROWER-ALUMINIOWY-DLA-DZIEWCZYNKI-LEKKI-Stan-opakowania-oryginalne 1070w,https:\/\/a.allegroimg.com\/original\/116804\/0eac236d47a6b2db495e5423294a\/ROWEREK-DZIECIECY-16-CALI-MIRAVO-ROWER-ALUMINIOWY-DLA-DZIEWCZYNKI-LEKKI-Stan-opakowania-oryginalne 1070w\" sizes=\"100vw\" width=\"1070px\" alt=\"ROWEREK DZIECI\u0118CY 16 CALI MIRAVO ROWER ALUMINIOWY DLA DZIEWCZYNKI LEKKI Stan opakowania oryginalne\" style=\"max-width: 100%; height: auto; display: block; margin: 0 auto;\"><\/div>\n<\/div>\n<\/div>\n<\/div>\n<\/div>\n<\/div>\n<div style=\"clear: both; display: block; margin: 10px 0;\">\n<div style=\"clear: both; display: block; margin: 10px 0;\">\n<div style=\"clear: both; display: block; margin: 10px 0;\">\n<h2>\u2b50&nbsp; <\/p>\n","protected":false},"excerpt":{"rendered":"<p>ROWEREK DZIECI\u0118CY 16 CALI ROWER ALUMINIOWY DLA DZIEWCZYNKI PROWADNIK GRATIS<\/p>\n<p>MIR-M16 PINK ALU-0522<\/p>\n<p>\u2665\ufe0f\u2665\ufe0fROWER DZIECI\u0118CY ALUMINIOWY MIRAVO MISTY 16\u201d CALI R\u00d3\u017bOWO-BIA\u0141Y\u2665\ufe0f\u2665\ufe0f<\/p>\n<p>Pierwszy rower Twojej c\u00f3reczki \u2013 z mi\u0142o\u015bci\u0105, trosk\u0105 i bezpiecze\u0144stwem!<\/p>\n<p>\u27a1\ufe0f Jednym z najwi\u0119kszych atut\u00f3w roweru jest jego niska waga \u2013 zaledwie 8 kg dzi\u0119ki aluminiowej konstrukcji.<\/p>\n","protected":false},"featured_media":14690,"template":"","meta":{"_uag_custom_page_level_css":""},"product_brand":[771],"product_cat":[768,688,772,687],"product_tag":[],"class_list":{"0":"post-14688","1":"product","2":"type-product","3":"status-publish","4":"has-post-thumbnail","6":"product_brand-miravo","7":"product_cat-dzieciece","8":"product_cat-rowery","9":"product_cat-rowery-dzieciece-16-cali","10":"product_cat-rowery-i-akcesoria","12":"first","13":"instock","14":"sale","15":"shipping-taxable","16":"purchasable","17":"product-type-simple"},"uagb_featured_image_src":{"full":["https:\/\/twojerowery.shop\/ro64\/wp-content\/uploads\/2026\/02\/allegro-image-14688.jpg",1024,1024,false],"thumbnail":["https:\/\/twojerowery.shop\/ro64\/wp-content\/uploads\/2026\/02\/allegro-image-14688-150x150.jpg",150,150,true],"medium":["https:\/\/twojerowery.shop\/ro64\/wp-content\/uploads\/2026\/02\/allegro-image-14688-300x300.jpg",300,300,true],"medium_large":["https:\/\/twojerowery.shop\/ro64\/wp-content\/uploads\/2026\/02\/allegro-image-14688-768x768.jpg",768,768,true],"large":["https:\/\/twojerowery.shop\/ro64\/wp-content\/uploads\/2026\/02\/allegro-image-14688.jpg",1024,1024,false],"1536x1536":["https:\/\/twojerowery.shop\/ro64\/wp-content\/uploads\/2026\/02\/allegro-image-14688.jpg",1024,1024,false],"2048x2048":["https:\/\/twojerowery.shop\/ro64\/wp-content\/uploads\/2026\/02\/allegro-image-14688.jpg",1024,1024,false],"woocommerce_thumbnail":["https:\/\/twojerowery.shop\/ro64\/wp-content\/uploads\/2026\/02\/allegro-image-14688-300x300.jpg",300,300,true],"woocommerce_single":["https:\/\/twojerowery.shop\/ro64\/wp-content\/uploads\/2026\/02\/allegro-image-14688-600x600.jpg",600,600,true],"woocommerce_gallery_thumbnail":["https:\/\/twojerowery.shop\/ro64\/wp-content\/uploads\/2026\/02\/allegro-image-14688-100x100.jpg",100,100,true]},"uagb_author_info":{"display_name":"admin","author_link":"https:\/\/twojerowery.shop\/ro64\/author\/"},"uagb_comment_info":0,"uagb_excerpt":"ROWEREK DZIECI\u0118CY 16 CALI ROWER ALUMINIOWY DLA DZIEWCZYNKI PROWADNIK GRATIS MIR-M16 PINK ALU-0522 \u2665\ufe0f\u2665\ufe0fROWER DZIECI\u0118CY ALUMINIOWY MIRAVO MISTY 16\u201d CALI R\u00d3\u017bOWO-BIA\u0141Y\u2665\ufe0f\u2665\ufe0f Pierwszy rower Twojej c\u00f3reczki \u2013 z mi\u0142o\u015bci\u0105, trosk\u0105 i bezpiecze\u0144stwem! \u27a1\ufe0f Jednym z najwi\u0119kszych atut\u00f3w roweru jest jego niska waga \u2013 zaledwie 8 kg dzi\u0119ki aluminiowej konstrukcji.","_links":{"self":[{"href":"https:\/\/twojerowery.shop\/ro64\/wp-json\/wp\/v2\/product\/14688","targetHints":{"allow":["GET"]}}],"collection":[{"href":"https:\/\/twojerowery.shop\/ro64\/wp-json\/wp\/v2\/product"}],"about":[{"href":"https:\/\/twojerowery.shop\/ro64\/wp-json\/wp\/v2\/types\/product"}],"wp:featuredmedia":[{"embeddable":true,"href":"https:\/\/twojerowery.shop\/ro64\/wp-json\/wp\/v2\/media\/14690"}],"wp:attachment":[{"href":"https:\/\/twojerowery.shop\/ro64\/wp-json\/wp\/v2\/media?parent=14688"}],"wp:term":[{"taxonomy":"product_brand","embeddable":true,"href":"https:\/\/twojerowery.shop\/ro64\/wp-json\/wp\/v2\/product_brand?post=14688"},{"taxonomy":"product_cat","embeddable":true,"href":"https:\/\/twojerowery.shop\/ro64\/wp-json\/wp\/v2\/product_cat?post=14688"},{"taxonomy":"product_tag","embeddable":true,"href":"https:\/\/twojerowery.shop\/ro64\/wp-json\/wp\/v2\/product_tag?post=14688"}],"curies":[{"name":"wp","href":"https:\/\/api.w.org\/{rel}","templated":true}]}}