{"id":14691,"date":"2026-02-26T04:39:17","date_gmt":"2026-02-26T03:39:17","guid":{"rendered":"https:\/\/rowermax.shop\/ro64\/produkt\/rowerek-dzieciecy-16-cali-miravo-aluminiowy-rower-dla-chlopca-lekki-gratisy\/"},"modified":"2026-02-26T04:39:20","modified_gmt":"2026-02-26T03:39:20","slug":"rowerek-dzieciecy-16-cali-miravo-aluminiowy-rower-dla-chlopca-lekki-gratisy","status":"publish","type":"product","link":"https:\/\/twojerowery.shop\/ro64\/produkt\/rowerek-dzieciecy-16-cali-miravo-aluminiowy-rower-dla-chlopca-lekki-gratisy\/","title":{"rendered":"ROWEREK DZIECI\u0118CY 16 CALI MIRAVO ALUMINIOWY ROWER DLA CH\u0141OPCA LEKKI GRATISY"},"content":{"rendered":"<div style=\"font-family: Arial, sans-serif; line-height: 1.6; color: #333; padding: 20px; clear: both; display: block; width: 100%; float: none; position: static; overflow: hidden;\">\n<div style=\"clear: both; display: block; margin: 10px 0;\">\n<div style=\"clear: both; display: block; margin: 10px 0;\">\n<div style=\"clear: both; display: block; margin: 10px 0;\">\n<h1>ROWEREK DZIECI\u0118CY 16 CALI ROWER ALUMINIOWY DLA CH\u0141OPCA PROWADNIK + GRATIS<\/h1>\n<h3 style=\"color: #2c5aa0; font-size: 18px; margin: 30px 0 15px 0; font-weight: bold; clear: both; display: block; width: 100%; float: none; position: static;\">MIR-S16 CZIEL ALU-0492<\/h3>\n<\/div>\n<\/div>\n<\/div>\n<div style=\"clear: both; display: block; margin: 10px 0;\">\n<div style=\"clear: both; display: block; margin: 10px 0;\">\n<div style=\"clear: both; display: block; margin: 10px 0;\">\n<div  style=\"max-width:2560px;max-height:798px\">\n<div style=\"clear: both; display: block; margin: 10px 0;\">\n<div style=\"clear: both; width: 100%; display: block; margin: 20px 0; padding: 0; float: none; position: static; text-align: center;\"><img decoding=\"async\"  src=\"https:\/\/a.allegroimg.com\/original\/11d9b0\/c5c2fdd440bb93aeefd5d20117f6\/ROWEREK-DZIECIECY-16-CALI-MIRAVO-ALUMINIOWY-ROWER-DLA-CHLOPCA-LEKKI-GRATISY-Rozmiar-kola-16\" srcset=\"https:\/\/a.allegroimg.com\/original\/11d9b0\/c5c2fdd440bb93aeefd5d20117f6\/ROWEREK-DZIECIECY-16-CALI-MIRAVO-ALUMINIOWY-ROWER-DLA-CHLOPCA-LEKKI-GRATISY-Rozmiar-kola-16 360w,https:\/\/a.allegroimg.com\/original\/11d9b0\/c5c2fdd440bb93aeefd5d20117f6\/ROWEREK-DZIECIECY-16-CALI-MIRAVO-ALUMINIOWY-ROWER-DLA-CHLOPCA-LEKKI-GRATISY-Rozmiar-kola-16 720w,https:\/\/a.allegroimg.com\/original\/11d9b0\/c5c2fdd440bb93aeefd5d20117f6\/ROWEREK-DZIECIECY-16-CALI-MIRAVO-ALUMINIOWY-ROWER-DLA-CHLOPCA-LEKKI-GRATISY-Rozmiar-kola-16 1024w,https:\/\/a.allegroimg.com\/original\/11d9b0\/c5c2fdd440bb93aeefd5d20117f6\/ROWEREK-DZIECIECY-16-CALI-MIRAVO-ALUMINIOWY-ROWER-DLA-CHLOPCA-LEKKI-GRATISY-Rozmiar-kola-16 1440w,https:\/\/a.allegroimg.com\/original\/11d9b0\/c5c2fdd440bb93aeefd5d20117f6\/ROWEREK-DZIECIECY-16-CALI-MIRAVO-ALUMINIOWY-ROWER-DLA-CHLOPCA-LEKKI-GRATISY-Rozmiar-kola-16 2560w\" sizes=\"100vw\" width=\"2560px\" alt=\"ROWEREK DZIECI\u0118CY 16 CALI MIRAVO ALUMINIOWY ROWER DLA CH\u0141OPCA LEKKI GRATISY Rozmiar ko\u0142a (&quot;) 16\" style=\"max-width: 100%; height: auto; display: block; margin: 0 auto;\"><\/div>\n<\/div>\n<\/div>\n<\/div>\n<\/div>\n<\/div>\n<div style=\"clear: both; display: block; margin: 10px 0;\">\n<div style=\"clear: both; display: block; margin: 10px 0;\">\n<div style=\"clear: both; display: block; margin: 10px 0;\">\n<h1>\u2b50\ufe0f\u2b50\ufe0f ROWER DZIECI\u0118CY ALUMINIOWY MIRAVO SPARK 16\u201d CALI CZARNO-ZIELONY&nbsp;\u2b50\ufe0f\u2b50\ufe0f<\/h1>\n<h2>Pierwszy rower Twojego synka \u2013 z mi\u0142o\u015bci\u0105, trosk\u0105 i bezpiecze\u0144stwem!<\/h2>\n<h2>\u27a1\ufe0f Jednym z najwi\u0119kszych atut\u00f3w roweru jest jego niska waga \u2013 zaledwie 8 kg dzi\u0119ki aluminiowej konstrukcji.<\/h2>\n<p style=\"margin: 15px 0; line-height: 1.8; clear: both; display: block; width: 100%; float: none; position: static;\">Ka\u017cdy rodzic marzy o chwili, gdy jego dziecko zrobi pierwszy samodzielny obr\u00f3t peda\u0142ami \u2013 z u\u015bmiechem, rado\u015bci\u0105 i b\u0142yskiem w oczach.&nbsp;<b>MIRAVO SPARK 16\u201d<\/b>&nbsp;lekki rowerek z aluminiow\u0105 ram\u0105 oraz ko\u0142ami, zaprojektowany, by nauka jazdy by\u0142a przyjemno\u015bci\u0105 od pierwszego dnia.<\/p>\n<p style=\"margin: 15px 0; line-height: 1.8; clear: both; display: block; width: 100%; float: none; position: static;\">\u2714\ufe0f&nbsp;<b>Rower zgodny z normami UE 100% bezpieczny dla Twojego dziecka<\/b><\/p>\n<p style=\"margin: 15px 0; line-height: 1.8; clear: both; display: block; width: 100%; float: none; position: static;\">\u2714\ufe0f<b>&nbsp;W tej ofercie kupi\u0105 Pa\u0144stwo rower dzieci\u0119cy POLSKIEJ MARKI MIRAVO o najwy\u017cszej, jako\u015bci komponentach.<\/b><\/p>\n<p style=\"margin: 15px 0; line-height: 1.8; clear: both; display: block; width: 100%; float: none; position: static;\">\u2714\ufe0f&nbsp;<b>Ponad przeci\u0119tny rower dla Waszego Dziecka, pozwoli stawia\u0107 pierwsze i dalsze kroki, a raczej kilometry Waszego Dziecka.<\/b><\/p>\n<\/div>\n<\/div>\n<\/div>\n<div style=\"clear: both; display: block; margin: 10px 0;\">\n<div style=\"clear: both; display: block; margin: 10px 0;\">\n<div style=\"clear: both; display: block; margin: 10px 0;\">\n<div  style=\"max-width:1024px;max-height:1024px\">\n<div style=\"clear: both; display: block; margin: 10px 0;\">\n<div style=\"clear: both; width: 100%; display: block; margin: 20px 0; padding: 0; float: none; position: static; text-align: center;\"><img decoding=\"async\"  src=\"https:\/\/a.allegroimg.com\/original\/11bc8f\/d59d421d49bd8b55eb570c90e7ff\/ROWEREK-DZIECIECY-16-CALI-MIRAVO-ALUMINIOWY-ROWER-DLA-CHLOPCA-LEKKI-GRATISY-Plec-produkt-uniseks\" srcset=\"https:\/\/a.allegroimg.com\/original\/11bc8f\/d59d421d49bd8b55eb570c90e7ff\/ROWEREK-DZIECIECY-16-CALI-MIRAVO-ALUMINIOWY-ROWER-DLA-CHLOPCA-LEKKI-GRATISY-Plec-produkt-uniseks 360w,https:\/\/a.allegroimg.com\/original\/11bc8f\/d59d421d49bd8b55eb570c90e7ff\/ROWEREK-DZIECIECY-16-CALI-MIRAVO-ALUMINIOWY-ROWER-DLA-CHLOPCA-LEKKI-GRATISY-Plec-produkt-uniseks 720w,https:\/\/a.allegroimg.com\/original\/11bc8f\/d59d421d49bd8b55eb570c90e7ff\/ROWEREK-DZIECIECY-16-CALI-MIRAVO-ALUMINIOWY-ROWER-DLA-CHLOPCA-LEKKI-GRATISY-Plec-produkt-uniseks 1024w,https:\/\/a.allegroimg.com\/original\/11bc8f\/d59d421d49bd8b55eb570c90e7ff\/ROWEREK-DZIECIECY-16-CALI-MIRAVO-ALUMINIOWY-ROWER-DLA-CHLOPCA-LEKKI-GRATISY-Plec-produkt-uniseks 1024w\" sizes=\"100vw\" width=\"1024px\" alt=\"ROWEREK DZIECI\u0118CY 16 CALI MIRAVO ALUMINIOWY ROWER DLA CH\u0141OPCA LEKKI GRATISY P\u0142e\u0107 produkt uniseks\" style=\"max-width: 100%; height: auto; display: block; margin: 0 auto;\"><\/div>\n<\/div>\n<\/div>\n<\/div>\n<\/div>\n<\/div>\n<div style=\"clear: both; display: block; margin: 10px 0;\">\n<div style=\"clear: both; display: block; margin: 10px 0;\">\n<div style=\"clear: both; display: block; margin: 10px 0;\">\n<div  style=\"max-width:1024px;max-height:1024px\">\n<div style=\"clear: both; display: block; margin: 10px 0;\">\n<div style=\"clear: both; width: 100%; display: block; margin: 20px 0; padding: 0; float: none; position: static; text-align: center;\"><img decoding=\"async\"  src=\"https:\/\/a.allegroimg.com\/original\/114baf\/f50d6cdb4c7b96cf3c92fec70cbc\/ROWEREK-DZIECIECY-16-CALI-MIRAVO-ALUMINIOWY-ROWER-DLA-CHLOPCA-LEKKI-GRATISY-Rodzaj-przerzutki-brak\" srcset=\"https:\/\/a.allegroimg.com\/original\/114baf\/f50d6cdb4c7b96cf3c92fec70cbc\/ROWEREK-DZIECIECY-16-CALI-MIRAVO-ALUMINIOWY-ROWER-DLA-CHLOPCA-LEKKI-GRATISY-Rodzaj-przerzutki-brak 360w,https:\/\/a.allegroimg.com\/original\/114baf\/f50d6cdb4c7b96cf3c92fec70cbc\/ROWEREK-DZIECIECY-16-CALI-MIRAVO-ALUMINIOWY-ROWER-DLA-CHLOPCA-LEKKI-GRATISY-Rodzaj-przerzutki-brak 720w,https:\/\/a.allegroimg.com\/original\/114baf\/f50d6cdb4c7b96cf3c92fec70cbc\/ROWEREK-DZIECIECY-16-CALI-MIRAVO-ALUMINIOWY-ROWER-DLA-CHLOPCA-LEKKI-GRATISY-Rodzaj-przerzutki-brak 1024w,https:\/\/a.allegroimg.com\/original\/114baf\/f50d6cdb4c7b96cf3c92fec70cbc\/ROWEREK-DZIECIECY-16-CALI-MIRAVO-ALUMINIOWY-ROWER-DLA-CHLOPCA-LEKKI-GRATISY-Rodzaj-przerzutki-brak 1024w\" sizes=\"(min-width: 1200px) 560px, (min-width: 992px) 50vw, 100vw\" width=\"1024px\" alt=\"ROWEREK DZIECI\u0118CY 16 CALI MIRAVO ALUMINIOWY ROWER DLA CH\u0141OPCA LEKKI GRATISY Rodzaj przerzutki brak\" style=\"max-width: 100%; height: auto; display: block; margin: 0 auto;\"><\/div>\n<\/div>\n<\/div>\n<\/div>\n<\/div>\n<div style=\"clear: both; display: block; margin: 10px 0;\">\n<div style=\"clear: both; display: block; margin: 10px 0;\">\n<h1>\u2757\ufe0fODBLASKI&nbsp;GRATIS&nbsp;\u2757\ufe0f<\/h1>\n<p style=\"margin: 15px 0; line-height: 1.8; clear: both; display: block; width: 100%; float: none; position: static;\">\u2714\ufe0f&nbsp;<b>GRATIS<\/b>&nbsp;&#8211; kt\u00f3ry podnosi nasze&nbsp;<b>BEZPIECZE\u0143STWO<\/b>&nbsp;na drogach, dzia\u0142a na nasz\u0105 korzy\u015b\u0107.<\/p>\n<p style=\"margin: 15px 0; line-height: 1.8; clear: both; display: block; width: 100%; float: none; position: static;\">\u2714\ufe0f&nbsp;Przy zakupie roweru otrzymujesz zestaw trzech<b>&nbsp;ODBLASK\u00d3W&nbsp;<\/b><b>GRATIS!!!<\/b><b>&nbsp;w formie naklejki<\/b>, kt\u00f3re mo\u017cesz przyklei\u0107 do roweru w miejscu, kt\u00f3re sam sobie wybierzesz.&nbsp;<\/p>\n<p style=\"margin: 15px 0; line-height: 1.8; clear: both; display: block; width: 100%; float: none; position: static;\">\u2714\ufe0f&nbsp;Pami\u0119tajmy, \u017ce nie jeste\u015bmy sami na drodze.&nbsp;<b>ODBLASKI<\/b>&nbsp;u\u0142atwiaj\u0105 innym uczestnikom ruchu drogowego w por\u0119 zorientowa\u0107 si\u0119 o naszej obecno\u015bci.<\/p>\n<p style=\"margin: 15px 0; line-height: 1.8; clear: both; display: block; width: 100%; float: none; position: static;\">\u2714\ufe0f&nbsp;<b>Z NASZYMI ODBLASKAMI<\/b>&nbsp;zapewniamy widoczno\u015b\u0107, dzi\u0119ki temu inni kierowcy maj\u0105 odpowiedni czas na reakcje a my mamy pewno\u015b\u0107 , \u017ce nasze dziecko b\u0119dzie&nbsp;<b>BEZPIECZNE I WIDOCZNE<\/b>&nbsp;podczas jazdy na swoim rowerze.<\/p>\n<\/div>\n<\/div>\n<\/div>\n<div style=\"clear: both; display: block; margin: 10px 0;\">\n<div style=\"clear: both; display: block; margin: 10px 0;\">\n<div style=\"clear: both; display: block; margin: 10px 0;\">\n<div  style=\"max-width:1025px;max-height:1198px\">\n<div style=\"clear: both; display: block; margin: 10px 0;\">\n<div style=\"clear: both; width: 100%; display: block; margin: 20px 0; padding: 0; float: none; position: static; text-align: center;\"><img decoding=\"async\"  src=\"https:\/\/a.allegroimg.com\/original\/119c0e\/702e937145649332ee78328c0ccd\/ROWEREK-DZIECIECY-16-CALI-MIRAVO-ALUMINIOWY-ROWER-DLA-CHLOPCA-LEKKI-GRATISY-Stan-opakowania-oryginalne\" srcset=\"https:\/\/a.allegroimg.com\/original\/119c0e\/702e937145649332ee78328c0ccd\/ROWEREK-DZIECIECY-16-CALI-MIRAVO-ALUMINIOWY-ROWER-DLA-CHLOPCA-LEKKI-GRATISY-Stan-opakowania-oryginalne 308w,https:\/\/a.allegroimg.com\/original\/119c0e\/702e937145649332ee78328c0ccd\/ROWEREK-DZIECIECY-16-CALI-MIRAVO-ALUMINIOWY-ROWER-DLA-CHLOPCA-LEKKI-GRATISY-Stan-opakowania-oryginalne 616w,https:\/\/a.allegroimg.com\/original\/119c0e\/702e937145649332ee78328c0ccd\/ROWEREK-DZIECIECY-16-CALI-MIRAVO-ALUMINIOWY-ROWER-DLA-CHLOPCA-LEKKI-GRATISY-Stan-opakowania-oryginalne 876w,https:\/\/a.allegroimg.com\/original\/119c0e\/702e937145649332ee78328c0ccd\/ROWEREK-DZIECIECY-16-CALI-MIRAVO-ALUMINIOWY-ROWER-DLA-CHLOPCA-LEKKI-GRATISY-Stan-opakowania-oryginalne 1025w,https:\/\/a.allegroimg.com\/original\/119c0e\/702e937145649332ee78328c0ccd\/ROWEREK-DZIECIECY-16-CALI-MIRAVO-ALUMINIOWY-ROWER-DLA-CHLOPCA-LEKKI-GRATISY-Stan-opakowania-oryginalne 1025w\" sizes=\"100vw\" width=\"1025px\" alt=\"ROWEREK DZIECI\u0118CY 16 CALI MIRAVO ALUMINIOWY ROWER DLA CH\u0141OPCA LEKKI GRATISY Stan opakowania oryginalne\" style=\"max-width: 100%; height: auto; display: block; margin: 0 auto;\"><\/div>\n<\/div>\n<\/div>\n<\/div>\n<\/div>\n<\/div>\n<div style=\"clear: both; display: block; margin: 10px 0;\">\n<div style=\"clear: both; display: block; margin: 10px 0;\">\n<div style=\"clear: both; display: block; margin: 10px 0;\">\n<h2>\u2705&nbsp;&nbsp;<\/p>\n","protected":false},"excerpt":{"rendered":"<p>ROWEREK DZIECI\u0118CY 16 CALI ROWER ALUMINIOWY DLA CH\u0141OPCA PROWADNIK + GRATIS<\/p>\n<p>MIR-S16 CZIEL ALU-0492<\/p>\n<p>\u2b50\ufe0f\u2b50\ufe0f ROWER DZIECI\u0118CY ALUMINIOWY MIRAVO SPARK 16\u201d CALI CZARNO-ZIELONY&nbsp;\u2b50\ufe0f\u2b50\ufe0f<\/p>\n<p>Pierwszy rower Twojego synka \u2013 z mi\u0142o\u015bci\u0105, trosk\u0105 i bezpiecze\u0144stwem!<\/p>\n<p>\u27a1\ufe0f Jednym z najwi\u0119kszych atut\u00f3w roweru jest jego niska waga \u2013 zaledwie 8 kg dzi\u0119ki aluminiowej konstrukcji.<\/p>\n","protected":false},"featured_media":14693,"template":"","meta":{"_uag_custom_page_level_css":""},"product_brand":[771],"product_cat":[768,688,772,687],"product_tag":[],"class_list":{"0":"post-14691","1":"product","2":"type-product","3":"status-publish","4":"has-post-thumbnail","6":"product_brand-miravo","7":"product_cat-dzieciece","8":"product_cat-rowery","9":"product_cat-rowery-dzieciece-16-cali","10":"product_cat-rowery-i-akcesoria","12":"first","13":"instock","14":"sale","15":"shipping-taxable","16":"purchasable","17":"product-type-simple"},"uagb_featured_image_src":{"full":["https:\/\/twojerowery.shop\/ro64\/wp-content\/uploads\/2026\/02\/allegro-image-14691.jpg",2560,2560,false],"thumbnail":["https:\/\/twojerowery.shop\/ro64\/wp-content\/uploads\/2026\/02\/allegro-image-14691-150x150.jpg",150,150,true],"medium":["https:\/\/twojerowery.shop\/ro64\/wp-content\/uploads\/2026\/02\/allegro-image-14691-300x300.jpg",300,300,true],"medium_large":["https:\/\/twojerowery.shop\/ro64\/wp-content\/uploads\/2026\/02\/allegro-image-14691-768x768.jpg",768,768,true],"large":["https:\/\/twojerowery.shop\/ro64\/wp-content\/uploads\/2026\/02\/allegro-image-14691-1024x1024.jpg",1024,1024,true],"1536x1536":["https:\/\/twojerowery.shop\/ro64\/wp-content\/uploads\/2026\/02\/allegro-image-14691-1536x1536.jpg",1536,1536,true],"2048x2048":["https:\/\/twojerowery.shop\/ro64\/wp-content\/uploads\/2026\/02\/allegro-image-14691-2048x2048.jpg",2048,2048,true],"woocommerce_thumbnail":["https:\/\/twojerowery.shop\/ro64\/wp-content\/uploads\/2026\/02\/allegro-image-14691-300x300.jpg",300,300,true],"woocommerce_single":["https:\/\/twojerowery.shop\/ro64\/wp-content\/uploads\/2026\/02\/allegro-image-14691-600x600.jpg",600,600,true],"woocommerce_gallery_thumbnail":["https:\/\/twojerowery.shop\/ro64\/wp-content\/uploads\/2026\/02\/allegro-image-14691-100x100.jpg",100,100,true]},"uagb_author_info":{"display_name":"admin","author_link":"https:\/\/twojerowery.shop\/ro64\/author\/"},"uagb_comment_info":0,"uagb_excerpt":"ROWEREK DZIECI\u0118CY 16 CALI ROWER ALUMINIOWY DLA CH\u0141OPCA PROWADNIK + GRATIS MIR-S16 CZIEL ALU-0492 \u2b50\ufe0f\u2b50\ufe0f ROWER DZIECI\u0118CY ALUMINIOWY MIRAVO SPARK 16\u201d CALI CZARNO-ZIELONY&nbsp;\u2b50\ufe0f\u2b50\ufe0f Pierwszy rower Twojego synka \u2013 z mi\u0142o\u015bci\u0105, trosk\u0105 i bezpiecze\u0144stwem! \u27a1\ufe0f Jednym z najwi\u0119kszych atut\u00f3w roweru jest jego niska waga \u2013 zaledwie 8 kg dzi\u0119ki aluminiowej konstrukcji.","_links":{"self":[{"href":"https:\/\/twojerowery.shop\/ro64\/wp-json\/wp\/v2\/product\/14691","targetHints":{"allow":["GET"]}}],"collection":[{"href":"https:\/\/twojerowery.shop\/ro64\/wp-json\/wp\/v2\/product"}],"about":[{"href":"https:\/\/twojerowery.shop\/ro64\/wp-json\/wp\/v2\/types\/product"}],"wp:featuredmedia":[{"embeddable":true,"href":"https:\/\/twojerowery.shop\/ro64\/wp-json\/wp\/v2\/media\/14693"}],"wp:attachment":[{"href":"https:\/\/twojerowery.shop\/ro64\/wp-json\/wp\/v2\/media?parent=14691"}],"wp:term":[{"taxonomy":"product_brand","embeddable":true,"href":"https:\/\/twojerowery.shop\/ro64\/wp-json\/wp\/v2\/product_brand?post=14691"},{"taxonomy":"product_cat","embeddable":true,"href":"https:\/\/twojerowery.shop\/ro64\/wp-json\/wp\/v2\/product_cat?post=14691"},{"taxonomy":"product_tag","embeddable":true,"href":"https:\/\/twojerowery.shop\/ro64\/wp-json\/wp\/v2\/product_tag?post=14691"}],"curies":[{"name":"wp","href":"https:\/\/api.w.org\/{rel}","templated":true}]}}