{"id":14694,"date":"2026-02-26T04:39:18","date_gmt":"2026-02-26T03:39:18","guid":{"rendered":"https:\/\/rowermax.shop\/ro64\/produkt\/rower-mtb-gorski-kross-esprit-2-0-rozmiar-275-rama-m-19-cali-niebieski\/"},"modified":"2026-02-26T04:39:19","modified_gmt":"2026-02-26T03:39:19","slug":"rower-mtb-gorski-kross-esprit-2-0-rozmiar-275-rama-m-19-cali-niebieski","status":"publish","type":"product","link":"https:\/\/twojerowery.shop\/ro64\/produkt\/rower-mtb-gorski-kross-esprit-2-0-rozmiar-275-rama-m-19-cali-niebieski\/","title":{"rendered":"Rower MTB g\u00f3rski Kross Esprit 2.0 Rozmiar 27,5 Rama M 19 cali Niebieski"},"content":{"rendered":"<div style=\"font-family: Arial, sans-serif; line-height: 1.6; color: #333; padding: 20px; clear: both; display: block; width: 100%; float: none; position: static; overflow: hidden;\">\n<div style=\"clear: both; display: block; margin: 10px 0;\">\n<div style=\"clear: both; display: block; margin: 10px 0;\">\n<div style=\"clear: both; display: block; margin: 10px 0;\">\n<h3 style=\"color: #2c5aa0; font-size: 18px; margin: 30px 0 15px 0; font-weight: bold; clear: both; display: block; width: 100%; float: none; position: static;\">Rower g\u00f3rski MTB KROSS ESPRIT 2.0 rozmiar M Niebieski<\/h3>\n<p style=\"margin: 15px 0; line-height: 1.8; clear: both; display: block; width: 100%; float: none; position: static;\">Rowery g\u00f3rskie Kross to doskona\u0142e narz\u0119dzia do podbijania trudnych szlak\u00f3w terenowych, \u0142\u0105cz\u0105ce wytrzyma\u0142e konstrukcje z zaawansowanymi technologiami amortyzacyjnymi. Z solidnymi ramami, precyzyjnymi hamulcami tarczowymi i innowacyjnymi systemami przerzutek modele MTB Kross s\u0105 stworzone, by sprosta\u0107 wyzwaniom bezdro\u017cy i dostarczy\u0107 pasjonatom jazdy terenowej niezapomnianych przyg\u00f3d.<\/p>\n<h3 style=\"color: #2c5aa0; font-size: 18px; margin: 30px 0 15px 0; font-weight: bold; clear: both; display: block; width: 100%; float: none; position: static;\">KROSS ESPRIT 2.0<\/h3>\n<p style=\"margin: 15px 0; line-height: 1.8; clear: both; display: block; width: 100%; float: none; position: static;\">KROSS Esprit 2.0 to rower, na kt\u00f3rym na nowo odkryjesz rado\u015b\u0107 p\u0142yn\u0105c\u0105 z jazdy na rowerze w nieznane. Niezale\u017cnie od tego, czy b\u0119dzie to droga przez las, czy niezbadane zak\u0105tki miasta. To rower posiadaj\u0105cy spokojn\u0105 geometri\u0119 i klasyczny wygl\u0105d.<\/p>\n<h3 style=\"color: #2c5aa0; font-size: 18px; margin: 30px 0 15px 0; font-weight: bold; clear: both; display: block; width: 100%; float: none; position: static;\">Osprz\u0119t do ka\u017cdego terenu<\/h3>\n<p style=\"margin: 15px 0; line-height: 1.8; clear: both; display: block; width: 100%; float: none; position: static;\">KROSS Esprit 2.0 to doskona\u0142y wyb\u00f3r dla ka\u017cdego szukaj\u0105cego roweru uniwersalnego. Sprawdzony nap\u0119d z 21 prze\u0142o\u017ceniami zapewnia bezproblemow\u0105 i tani\u0105 eksploatacj\u0119. Tylna przerzutka z grupy Acera to trwa\u0142a i sprawdzona konstrukcja, kt\u00f3ra zapewnia p\u0142ynn\u0105 i responsywn\u0105 zmian\u0119 prze\u0142o\u017ce\u0144 r\u00f3wnie\u017c w trudniejszym terenie. By hamowanie zawsze by\u0142o przewidywalne, niezale\u017cnie od warunk\u00f3w atmosferycznych czy sytuacji na drodze, zamontowane zosta\u0142y mechaniczne hamulce tarczowe. Zapewniaj\u0105 one wi\u0119ksz\u0105 si\u0142\u0119 hamowania ni\u017c klasyczne hamulce v-brake, a dzi\u0119ki mechanicznym zaciskom hamulc\u00f3w tak\u017ce bezawaryjno\u015b\u0107 i \u0142atwy serwis nawet w trakcie wycieczki rowerowej.<\/p>\n<h3 style=\"color: #2c5aa0; font-size: 18px; margin: 30px 0 15px 0; font-weight: bold; clear: both; display: block; width: 100%; float: none; position: static;\">Technologie wspieraj\u0105ce Ci\u0119 w Twoich podr\u00f3\u017cach rowerowych<\/h3>\n<p style=\"margin: 15px 0; line-height: 1.8; clear: both; display: block; width: 100%; float: none; position: static;\">Rama KROSS Esprit 2.0 zosta\u0142a wykonana z aluminium 6061. Ten specjalny stop aluminium sprawia, \u017ce rower jest sztywny i odporny na z\u0142amania. Jednocze\u015bnie, jest to stosunkowo lekki materia\u0142, kt\u00f3ry mo\u017ce zaskoczy\u0107 niejednego rowerzyst\u0119 swoimi w\u0142a\u015bciwo\u015bciami. Rama jest malowana proszkowo, co przek\u0142ada si\u0119 na trwa\u0142o\u015b\u0107 malowania oraz odporno\u015b\u0107 lakieru na uszkodzenia mechaniczne. Amortyzowany widelec ze skokiem 80 mm zapewnia wysok\u0105 kultur\u0119 pracy oraz doskona\u0142e t\u0142umienie wibracji powstaj\u0105cych podczas jazdy po nier\u00f3wnej i wyboistej nawierzchni.<\/p>\n<h3 style=\"color: #2c5aa0; font-size: 18px; margin: 30px 0 15px 0; font-weight: bold; clear: both; display: block; width: 100%; float: none; position: static;\">Rama i widelec<\/h3>\n<ul style=\"margin: 15px 0; padding-left: 20px; clear: both; display: block; width: 100%; float: none; position: static;\">\n<li style=\"margin: 5px 0; padding: 2px 0; clear: both; display: list-item; float: none; position: static;\"><b>MATERIA\u0141 RAMY<\/b>: ALUMINIUM<\/li>\n<li style=\"margin: 5px 0; padding: 2px 0; clear: both; display: list-item; float: none; position: static;\"><b>WIDELEC<\/b>: KROSS<\/li>\n<li style=\"margin: 5px 0; padding: 2px 0; clear: both; display: list-item; float: none; position: static;\"><b>SKOK WIDELCA<\/b>: 80MM<\/li>\n<li style=\"margin: 5px 0; padding: 2px 0; clear: both; display: list-item; float: none; position: static;\"><b>TYLNY AMORTYZATOR<\/b>: BRAK<\/li>\n<li style=\"margin: 5px 0; padding: 2px 0; clear: both; display: list-item; float: none; position: static;\"><b>SKOK TYLNEGO AMORTYZATORA<\/b>: BRAK<\/li>\n<li style=\"margin: 5px 0; padding: 2px 0; clear: both; display: list-item; float: none; position: static;\"><b>WYKO\u0143CZENIE LAKIERU<\/b>: PO\u0141YSK<\/li>\n<li style=\"margin: 5px 0; padding: 2px 0; clear: both; display: list-item; float: none; position: static;\"><b>KOLOR RAMY<\/b>: NIEBIESKI<\/li>\n<\/ul>\n<h3 style=\"color: #2c5aa0; font-size: 18px; margin: 30px 0 15px 0; font-weight: bold; clear: both; display: block; width: 100%; float: none; position: static;\">Nap\u0119d<\/h3>\n<ul style=\"margin: 15px 0; padding-left: 20px; clear: both; display: block; width: 100%; float: none; position: static;\">\n<li style=\"margin: 5px 0; padding: 2px 0; clear: both; display: list-item; float: none; position: static;\"><b>PRZERZUTKA PRZ\u00d3D<\/b>: SHIMANO TOURNEY TY300<\/li>\n<li style=\"margin: 5px 0; padding: 2px 0; clear: both; display: list-item; float: none; position: static;\"><b>PRZERZUTKA TY\u0141<\/b>: SHIMANO ACERA M3020<\/li>\n<li style=\"margin: 5px 0; padding: 2px 0; clear: both; display: list-item; float: none; position: static;\"><b>MANETKI<\/b>: SHIMANO TOURNEY ST-EF41<\/li>\n<li style=\"margin: 5px 0; padding: 2px 0; clear: both; display: list-item; float: none; position: static;\"><b>KORBA<\/b>: WHEEL TOP<\/li>\n<li style=\"margin: 5px 0; padding: 2px 0; clear: both; display: list-item; float: none; position: static;\"><b>KORONKI<\/b>: 42T-34T-24T\/170MM<\/li>\n<li style=\"margin: 5px 0; padding: 2px 0; clear: both; display: list-item; float: none; position: static;\"><b>KASETA \/ WOLNOBIEG<\/b>: SUNRACE MFM2A<\/li>\n<li style=\"margin: 5px 0; padding: 2px 0; clear: both; display: list-item; float: none; position: static;\"><b>ZAKRES KASETY\/WOLNOBIEGU<\/b>: 14-28T<\/li>\n<li style=\"margin: 5px 0; padding: 2px 0; clear: both; display: list-item; float: none; position: static;\"><b>ILO\u015a\u0106 PRZE\u0141O\u017bE\u0143<\/b>: 21<\/li>\n<li style=\"margin: 5px 0; padding: 2px 0; clear: both; display: list-item; float: none; position: static;\"><b>SUPORT<\/b>: FP-B902<\/li>\n<li style=\"margin: 5px 0; padding: 2px 0; clear: both; display: list-item; float: none; position: static;\"><b>\u0141A\u0143CUCH<\/b>: SHIMANO HG40<\/li>\n<\/ul>\n<h3 style=\"color: #2c5aa0; font-size: 18px; margin: 30px 0 15px 0; font-weight: bold; clear: both; display: block; width: 100%; float: none; position: static;\">Ko\u0142a<\/h3>\n<ul style=\"margin: 15px 0; padding-left: 20px; clear: both; display: block; width: 100%; float: none; position: static;\">\n<li style=\"margin: 5px 0; padding: 2px 0; clear: both; display: list-item; float: none; position: static;\"><b>PIASTA PRZ\u00d3D<\/b>: ALUMINIUM<\/li>\n<li style=\"margin: 5px 0; padding: 2px 0; clear: both; display: list-item; float: none; position: static;\"><b>PIASTA TY\u0141<\/b>: ALUMINIUM<\/li>\n<li style=\"margin: 5px 0; padding: 2px 0; clear: both; display: list-item; float: none; position: static;\"><b>OBR\u0118CZE<\/b>: ALUMINIUM<\/li>\n<\/ul>\n<h3 style=\"color: #2c5aa0; font-size: 18px; margin: 30px 0 15px 0; font-weight: bold; clear: both; display: block; width: 100%; float: none; position: static;\">Hamulce<\/h3>\n<ul style=\"margin: 15px 0; padding-left: 20px; clear: both; display: block; width: 100%; float: none; position: static;\">\n<li style=\"margin: 5px 0; padding: 2px 0; clear: both; display: list-item; float: none; position: static;\"><b>HAMULEC PRZ\u00d3D<\/b>: TARCZOWY MECHANICZNY<\/li>\n<li style=\"margin: 5px 0; padding: 2px 0; clear: both; display: list-item; float: none; position: static;\"><b>HAMULEC TY\u0141<\/b>: TARCZOWY MECHANICZNY<\/li>\n<li style=\"margin: 5px 0; padding: 2px 0; clear: both; display: list-item; float: none; position: static;\"><b>D\u0179WIGNIE HAMULCA<\/b>: SHIMANO TOURNEY ST-EF41<\/li>\n<li style=\"margin: 5px 0; padding: 2px 0; clear: both; display: list-item; float: none; position: static;\"><b>TARCZE HAMULCOWE<\/b>: 160<\/li>\n<li style=\"margin: 5px 0; padding: 2px 0; clear: both; display: list-item; float: none; position: static;\"><b>TARCZE HAMULCOWE TY\u0141<\/b>: 160<\/li>\n<\/ul>\n<h3 style=\"color: #2c5aa0; font-size: 18px; margin: 30px 0 15px 0; font-weight: bold; clear: both; display: block; width: 100%; float: none; position: static;\">Komponenty<\/h3>\n<ul style=\"margin: 15px 0; padding-left: 20px; clear: both; display: block; width: 100%; float: none; position: static;\">\n<li style=\"margin: 5px 0; padding: 2px 0; clear: both; display: list-item; float: none; position: static;\"><b>KIEROWNICA<\/b>: ALUMINIUM 660\/31,8<\/li>\n<li style=\"margin: 5px 0; padding: 2px 0; clear: both; display: list-item; float: none; position: static;\"><b>WSPORNIK KIEROWNICY<\/b>: ALUMINIUM 75MM\/31,8\/7\u00b0<\/li>\n<li style=\"margin: 5px 0; padding: 2px 0; clear: both; display: list-item; float: none; position: static;\"><b>SIOD\u0141O<\/b>: KROSS<\/li>\n<li style=\"margin: 5px 0; padding: 2px 0; clear: both; display: list-item; float: none; position: static;\"><b>WSPORNIK SIOD\u0141A<\/b>: ALUMINIUM 27,2X300MM<\/li>\n<li style=\"margin: 5px 0; padding: 2px 0; clear: both; display: list-item; float: none; position: static;\"><b>STERY<\/b>: 1-1\/8&#8243;<\/li>\n<li style=\"margin: 5px 0; padding: 2px 0; clear: both; display: list-item; float: none; position: static;\"><b>CHWYTY<\/b>: KROSS<\/li>\n<li style=\"margin: 5px 0; padding: 2px 0; clear: both; display: list-item; float: none; position: static;\"><b>PEDA\u0141Y<\/b>: ALUMINIUM\/STAL<\/li>\n<\/ul>\n<\/div>\n<\/div>\n<\/div>\n<\/div>\n<\/div>\n<\/div>\n<div style=\"clear: both; display: block; margin: 10px 0;\">\n","protected":false},"excerpt":{"rendered":"<p>Rower g\u00f3rski MTB KROSS ESPRIT 2.0 rozmiar M Niebieski<\/p>\n<p>Rowery g\u00f3rskie Kross to doskona\u0142e narz\u0119dzia do podbijania trudnych szlak\u00f3w terenowych, \u0142\u0105cz\u0105ce wytrzyma\u0142e konstrukcje z zaawansowanymi technologiami amortyzacyjnymi. Z solidnymi ramami, precyzyjnymi hamulcami tarczowymi i innowacyjnymi systemami przerzutek modele MTB Kross s\u0105 stworzone, by sprosta\u0107 wyzwaniom bezdro\u017cy i dostarczy\u0107 pasjonatom jazdy terenowej niezapomnianych przyg\u00f3d.<\/p>\n<p>KROSS ESPRIT 2.0<\/p>\n","protected":false},"featured_media":14695,"template":"","meta":{"_uag_custom_page_level_css":""},"product_brand":[692],"product_cat":[728,688,687,734],"product_tag":[],"class_list":{"0":"post-14694","1":"product","2":"type-product","3":"status-publish","4":"has-post-thumbnail","6":"product_brand-kross","7":"product_cat-mtb-gorskie","8":"product_cat-rowery","9":"product_cat-rowery-i-akcesoria","10":"product_cat-rowery-mtb-gorskie-275-cali","12":"first","13":"instock","14":"sale","15":"shipping-taxable","16":"purchasable","17":"product-type-simple"},"uagb_featured_image_src":{"full":["https:\/\/twojerowery.shop\/ro64\/wp-content\/uploads\/2026\/02\/allegro-image-14694.jpg",1726,1295,false],"thumbnail":["https:\/\/twojerowery.shop\/ro64\/wp-content\/uploads\/2026\/02\/allegro-image-14694-150x150.jpg",150,150,true],"medium":["https:\/\/twojerowery.shop\/ro64\/wp-content\/uploads\/2026\/02\/allegro-image-14694-300x225.jpg",300,225,true],"medium_large":["https:\/\/twojerowery.shop\/ro64\/wp-content\/uploads\/2026\/02\/allegro-image-14694-768x576.jpg",768,576,true],"large":["https:\/\/twojerowery.shop\/ro64\/wp-content\/uploads\/2026\/02\/allegro-image-14694-1024x768.jpg",1024,768,true],"1536x1536":["https:\/\/twojerowery.shop\/ro64\/wp-content\/uploads\/2026\/02\/allegro-image-14694-1536x1152.jpg",1536,1152,true],"2048x2048":["https:\/\/twojerowery.shop\/ro64\/wp-content\/uploads\/2026\/02\/allegro-image-14694.jpg",1726,1295,false],"woocommerce_thumbnail":["https:\/\/twojerowery.shop\/ro64\/wp-content\/uploads\/2026\/02\/allegro-image-14694-300x300.jpg",300,300,true],"woocommerce_single":["https:\/\/twojerowery.shop\/ro64\/wp-content\/uploads\/2026\/02\/allegro-image-14694-600x450.jpg",600,450,true],"woocommerce_gallery_thumbnail":["https:\/\/twojerowery.shop\/ro64\/wp-content\/uploads\/2026\/02\/allegro-image-14694-100x100.jpg",100,100,true]},"uagb_author_info":{"display_name":"admin","author_link":"https:\/\/twojerowery.shop\/ro64\/author\/"},"uagb_comment_info":0,"uagb_excerpt":"Rower g\u00f3rski MTB KROSS ESPRIT 2.0 rozmiar M Niebieski Rowery g\u00f3rskie Kross to doskona\u0142e narz\u0119dzia do podbijania trudnych szlak\u00f3w terenowych, \u0142\u0105cz\u0105ce wytrzyma\u0142e konstrukcje z zaawansowanymi technologiami amortyzacyjnymi. Z solidnymi ramami, precyzyjnymi hamulcami tarczowymi i innowacyjnymi systemami przerzutek modele MTB Kross s\u0105 stworzone, by sprosta\u0107 wyzwaniom bezdro\u017cy i dostarczy\u0107 pasjonatom jazdy terenowej niezapomnianych przyg\u00f3d. KROSS ESPRIT&hellip;","_links":{"self":[{"href":"https:\/\/twojerowery.shop\/ro64\/wp-json\/wp\/v2\/product\/14694","targetHints":{"allow":["GET"]}}],"collection":[{"href":"https:\/\/twojerowery.shop\/ro64\/wp-json\/wp\/v2\/product"}],"about":[{"href":"https:\/\/twojerowery.shop\/ro64\/wp-json\/wp\/v2\/types\/product"}],"wp:featuredmedia":[{"embeddable":true,"href":"https:\/\/twojerowery.shop\/ro64\/wp-json\/wp\/v2\/media\/14695"}],"wp:attachment":[{"href":"https:\/\/twojerowery.shop\/ro64\/wp-json\/wp\/v2\/media?parent=14694"}],"wp:term":[{"taxonomy":"product_brand","embeddable":true,"href":"https:\/\/twojerowery.shop\/ro64\/wp-json\/wp\/v2\/product_brand?post=14694"},{"taxonomy":"product_cat","embeddable":true,"href":"https:\/\/twojerowery.shop\/ro64\/wp-json\/wp\/v2\/product_cat?post=14694"},{"taxonomy":"product_tag","embeddable":true,"href":"https:\/\/twojerowery.shop\/ro64\/wp-json\/wp\/v2\/product_tag?post=14694"}],"curies":[{"name":"wp","href":"https:\/\/api.w.org\/{rel}","templated":true}]}}